{"id":102,"date":"2025-07-23T03:58:24","date_gmt":"2025-07-23T03:58:24","guid":{"rendered":"https:\/\/uvbjmlkq.sg-members-1.clawcloudrun.com\/?post_type=product&#038;p=102"},"modified":"2025-08-15T07:05:47","modified_gmt":"2025-08-15T07:05:47","slug":"zavodni-pneumatika-do-deste-kingtyre-k01","status":"publish","type":"product","link":"https:\/\/www.chinakingtyre.com\/cs\/product\/zavodni-pneumatika-do-deste-kingtyre-k01\/","title":{"rendered":"Kingtyre K01 Racing Rain Tire | \u0160pi\u010dkov\u00fd v\u00fdkon na mokr\u00e9 trati pro motocykly"},"content":{"rendered":"<p>Mokr\u00e9 po\u010das\u00ed je jednou z nejt\u011b\u017e\u0161\u00edch v\u00fdzev motocyklov\u00fdch z\u00e1vod\u016f. Na str\u00e1nk\u00e1ch . <span class=\"notion-enable-hover\" data-token-index=\"1\">Z\u00e1vodn\u00ed pneumatika Kingtyre K01 do de\u0161t\u011b<\/span> je navr\u017een p\u0159edn\u00edm <span class=\"notion-enable-hover\" data-token-index=\"3\">tov\u00e1rna na motocyklov\u00e9 pneumatiky<\/span> aby na de\u0161t\u011bm zm\u00e1\u010den\u00e9 trati dominovaly s v\u00fdjime\u010dnou p\u0159ilnavost\u00ed, stabilitou a jistotou jezdce. Pneumatika K01 je navr\u017eena pro vytrvalostn\u00ed z\u00e1vody a vysokorychlostn\u00ed sout\u011b\u017ee a nastavuje m\u011b\u0159\u00edtka pro <span class=\"notion-enable-hover\" data-token-index=\"5\">profesion\u00e1ln\u00ed z\u00e1vodn\u00ed pneumatiky do mokr\u00e9ho po\u010das\u00ed<\/span>.<!-- notionvc: 29b4a94d-4e65-4f0a-8c1b-068ced6fd13f --><\/p>\n<hr \/>\n<h2><strong>Inovativn\u00ed design pro maxim\u00e1ln\u00ed rozptyl vody<\/strong><\/h2>\n<p>Na str\u00e1nk\u00e1ch <strong>Z\u00e1vodn\u00ed pneumatika do de\u0161t\u011b K01<\/strong> m\u00e1 precizn\u011b navr\u017een\u00fd dez\u00e9n, kter\u00fd rychle odv\u00e1d\u00ed vodu a udr\u017euje bezpe\u010dnou kontaktn\u00ed plochu i p\u0159i nejsiln\u011bj\u0161\u00edch de\u0161t\u00edch. Jeho pry\u017eov\u00e1 sm\u011bs vyztu\u017een\u00e1 oxidem k\u0159emi\u010dit\u00fdm zaji\u0161\u0165uje nejlep\u0161\u00ed p\u0159ilnavost ve sv\u00e9 t\u0159\u00edd\u011b, co\u017e z n\u011bj \u010din\u00ed jeden z nejpokro\u010dilej\u0161\u00edch model\u016f. <strong>z\u00e1vodn\u00ed pneumatiky do de\u0161t\u011b<\/strong> k dispozici.<\/p>\n<p><strong>Nejd\u016fle\u017eit\u011bj\u0161\u00ed v\u00fdkony:<\/strong><\/p>\n<ul>\n<li><strong>Odolnost proti hydroplaningu:<\/strong> Hlubok\u00e9 \u00fahlov\u00e9 dr\u00e1\u017eky zvy\u0161uj\u00ed rychlost odtoku vody t\u00edm, \u017ee <strong>30%<\/strong> oproti standardn\u00edm sportovn\u00edm pneumatik\u00e1m.<\/li>\n<li><strong>Stabiln\u00ed kontaktn\u00ed n\u00e1plast:<\/strong> Udr\u017euje a\u017e <strong>85% povrchov\u00fd kontakt<\/strong> pro p\u0159edv\u00eddatelnou manipulaci.<\/li>\n<li><strong>Sm\u011bs obohacen\u00e1 o oxid k\u0159emi\u010dit\u00fd:<\/strong> Poskytuje <strong>25% lep\u0161\u00ed trakce za mokra<\/strong>, co\u017e sni\u017euje \u010dasy na kolo za nep\u0159\u00edzniv\u00e9ho po\u010das\u00ed.<\/li>\n<\/ul>\n<p><img loading=\"lazy\" decoding=\"async\" class=\"aligncenter wp-image-276 size-full\" src=\"https:\/\/www.chinakingtyre.com\/wp-content\/uploads\/2025\/07\/kingtyre-k01-rain-tire-tread.jpg\" alt=\"Dez\u00e9n z\u00e1vodn\u00ed pneumatiky Kingtyre K01 Rain s dr\u00e1\u017ekami pro rozptyl vody.\" width=\"800\" height=\"800\" srcset=\"https:\/\/www.chinakingtyre.com\/wp-content\/uploads\/2025\/07\/kingtyre-k01-rain-tire-tread.jpg 800w, https:\/\/www.chinakingtyre.com\/wp-content\/uploads\/2025\/07\/kingtyre-k01-rain-tire-tread-300x300.jpg 300w, https:\/\/www.chinakingtyre.com\/wp-content\/uploads\/2025\/07\/kingtyre-k01-rain-tire-tread-600x600.jpg 600w, https:\/\/www.chinakingtyre.com\/wp-content\/uploads\/2025\/07\/kingtyre-k01-rain-tire-tread-150x150.jpg 150w, https:\/\/www.chinakingtyre.com\/wp-content\/uploads\/2025\/07\/kingtyre-k01-rain-tire-tread-768x768.jpg 768w\" sizes=\"auto, (max-width: 800px) 100vw, 800px\" \/><\/p>\n<hr \/>\n<h2><strong>Dostupn\u00e9 velikosti pro profesion\u00e1ln\u00ed z\u00e1vodn\u00edky<\/strong><\/h2>\n<p>Pneumatika Kingtyre K01 je k dispozici v n\u011bkolika z\u00e1vodn\u00edch proveden\u00edch pro p\u0159edn\u00ed a zadn\u00ed kola, co\u017e zaji\u0161\u0165uje kompatibilitu s lehk\u00fdmi z\u00e1vodn\u00edmi motocykly a v\u00fdkonn\u00fdmi superbiky.<\/p>\n<ul>\n<li><strong>P\u0159edn\u00ed strana:<\/strong> 110\/70R17, 125\/70R17, 125\/80R17<\/li>\n<li><strong>Zadn\u00ed \u010d\u00e1st:<\/strong> 140\/70R17, 190\/55R17<\/li>\n<\/ul>\n<p><img loading=\"lazy\" decoding=\"async\" class=\"aligncenter wp-image-277 size-full\" src=\"https:\/\/www.chinakingtyre.com\/wp-content\/uploads\/2025\/07\/kingtyre-k01-in-action.jpg\" alt=\"Pneumatika Kingtyre K01 do de\u0161t\u011b namontovan\u00e1 na motocyklu z\u00e1vod\u00edc\u00edm na mokr\u00e9 trati.\" width=\"800\" height=\"800\" srcset=\"https:\/\/www.chinakingtyre.com\/wp-content\/uploads\/2025\/07\/kingtyre-k01-in-action.jpg 800w, https:\/\/www.chinakingtyre.com\/wp-content\/uploads\/2025\/07\/kingtyre-k01-in-action-300x300.jpg 300w, https:\/\/www.chinakingtyre.com\/wp-content\/uploads\/2025\/07\/kingtyre-k01-in-action-600x600.jpg 600w, https:\/\/www.chinakingtyre.com\/wp-content\/uploads\/2025\/07\/kingtyre-k01-in-action-150x150.jpg 150w, https:\/\/www.chinakingtyre.com\/wp-content\/uploads\/2025\/07\/kingtyre-k01-in-action-768x768.jpg 768w\" sizes=\"auto, (max-width: 800px) 100vw, 800px\" \/><\/p>\n<hr \/>\n<h2><strong>Navr\u017eeno pro p\u0159ilnavost za mokra a stabilitu v zat\u00e1\u010dk\u00e1ch<\/strong><\/h2>\n<p>Z\u00e1vod\u011bn\u00ed za mokra vy\u017eaduje st\u00e1lou trakci a stabilitu. Na str\u00e1nk\u00e1ch . <strong>K01<\/strong> je navr\u017een tak, aby v t\u011bchto podm\u00ednk\u00e1ch vynikal:<\/p>\n<ul>\n<li>\u2705 <strong>Vylep\u0161en\u00e1 p\u0159ilnavost za mokra:<\/strong> 25% zlep\u0161en\u00e1 trakce d\u00edky pokro\u010dil\u00fdm k\u0159emi\u010dit\u00fdm sm\u011bs\u00edm.<\/li>\n<li>\u2705 <strong>Jistota p\u0159i zat\u00e1\u010den\u00ed:<\/strong> Optimalizovan\u00fd tvar profilu sni\u017euje ohyb pneumatiky p\u0159i vysok\u00fdch \u00fahlech n\u00e1klonu.<\/li>\n<li>\u2705 <strong>\u0160irok\u00fd teplotn\u00ed rozsah:<\/strong> Spolehliv\u011b funguje v <strong>5\u00b0C-40\u00b0C<\/strong> z\u00e1vodn\u00ed podm\u00ednky.<\/li>\n<\/ul>\n<hr \/>\n<h2><strong>Testov\u00e1no na trati p\u0159i vytrvalostn\u00edch z\u00e1vodech<\/strong><\/h2>\n<p>Na str\u00e1nk\u00e1ch <strong>Z\u00e1vodn\u00ed pneumatika Kingtyre K01 do de\u0161t\u011b<\/strong> byl testov\u00e1n v extr\u00e9mn\u00edch podm\u00ednk\u00e1ch, v\u010detn\u011b <strong>Vytrvalostn\u00ed z\u00e1vody motocykl\u016f 24 hodin Le Mans<\/strong>.<\/p>\n<ul>\n<li><strong>20% ni\u017e\u0161\u00ed m\u00edra opot\u0159eben\u00ed<\/strong> ve srovn\u00e1n\u00ed s jin\u00fdmi z\u00e1vodn\u00edmi pneumatikami pro j\u00edzdu na mokru.<\/li>\n<li>Testov\u00e1no na odolnost <strong>a\u017e 5 z\u00e1vod\u016f<\/strong> za siln\u00e9ho de\u0161t\u011b bez ztr\u00e1ty v\u00fdkonu.<\/li>\n<\/ul>\n<p><img loading=\"lazy\" decoding=\"async\" class=\"aligncenter wp-image-278 size-full\" src=\"https:\/\/www.chinakingtyre.com\/wp-content\/uploads\/2025\/07\/kingtyre-k01-performance-wet-1.jpg\" alt=\"Z\u00e1vodn\u00ed motocyklov\u00e1 pneumatika Kingtyre K01 na mokr\u00e9 z\u00e1vodn\u00ed trati.\" width=\"800\" height=\"800\" srcset=\"https:\/\/www.chinakingtyre.com\/wp-content\/uploads\/2025\/07\/kingtyre-k01-performance-wet-1.jpg 800w, https:\/\/www.chinakingtyre.com\/wp-content\/uploads\/2025\/07\/kingtyre-k01-performance-wet-1-300x300.jpg 300w, https:\/\/www.chinakingtyre.com\/wp-content\/uploads\/2025\/07\/kingtyre-k01-performance-wet-1-600x600.jpg 600w, https:\/\/www.chinakingtyre.com\/wp-content\/uploads\/2025\/07\/kingtyre-k01-performance-wet-1-150x150.jpg 150w, https:\/\/www.chinakingtyre.com\/wp-content\/uploads\/2025\/07\/kingtyre-k01-performance-wet-1-768x768.jpg 768w\" sizes=\"auto, (max-width: 800px) 100vw, 800px\" \/><\/p>\n<hr \/>\n<h2><strong>Z\u00e1vazek spole\u010dnosti Kingtyre k inovac\u00edm v oblasti z\u00e1vod\u011bn\u00ed<\/strong><\/h2>\n<p>Jako d\u016fv\u011bryhodn\u00fd <strong>V\u00fdrobce motocyklov\u00fdch pneumatik<\/strong>, Kingtyre integruje do ka\u017ed\u00e9 pneumatiky pokro\u010dil\u00e9 strojn\u00ed vybaven\u00ed, p\u0159\u00edsn\u00e9 kontroly kvality a zp\u011btnou vazbu od z\u00e1vodn\u00edk\u016f. Na str\u00e1nk\u00e1ch <strong>Z\u00e1vodn\u00ed pneumatika do de\u0161t\u011b K01<\/strong> p\u0159edstavuje vrchol technologie z\u00e1vodn\u00edch motocykl\u016f do mokr\u00e9ho po\u010das\u00ed.<\/p>\n<p><img loading=\"lazy\" decoding=\"async\" class=\"aligncenter wp-image-279 size-full\" src=\"https:\/\/www.chinakingtyre.com\/wp-content\/uploads\/2025\/07\/kingtyre-factory-expertise.jpg\" alt=\"Tov\u00e1rna na motocyklov\u00e9 pneumatiky Kingtyre a t\u00fdm in\u017een\u00fdr\u016f p\u0159i pr\u00e1ci.\" width=\"800\" height=\"800\" srcset=\"https:\/\/www.chinakingtyre.com\/wp-content\/uploads\/2025\/07\/kingtyre-factory-expertise.jpg 800w, https:\/\/www.chinakingtyre.com\/wp-content\/uploads\/2025\/07\/kingtyre-factory-expertise-300x300.jpg 300w, https:\/\/www.chinakingtyre.com\/wp-content\/uploads\/2025\/07\/kingtyre-factory-expertise-600x600.jpg 600w, https:\/\/www.chinakingtyre.com\/wp-content\/uploads\/2025\/07\/kingtyre-factory-expertise-150x150.jpg 150w, https:\/\/www.chinakingtyre.com\/wp-content\/uploads\/2025\/07\/kingtyre-factory-expertise-768x768.jpg 768w\" sizes=\"auto, (max-width: 800px) 100vw, 800px\" \/><!-- notionvc: a9839f0c-270e-4ac9-9ef8-ab1aa232c0e0 --><\/p>\n<hr \/>\n<p><a href=\"https:\/\/www.facebook.com\/ChinaKingTyre\">Sledujte n\u00e1s na Facebooku<\/a><\/p>\n<p><!-- notionvc: da3d7028-5973-40b1-9fc1-99008a78214e --><\/p>","protected":false},"excerpt":{"rendered":"<p>Zjist\u011bte, jak z\u00e1vodn\u00ed pneumatika do de\u0161t\u011b Kingtyre K01 p\u0159ekon\u00e1v\u00e1 podm\u00ednky na mokr\u00e9 trati d\u00edky vynikaj\u00edc\u00ed p\u0159ilnavosti, stabilit\u011b a odolnosti. Prozkoumejte jej\u00ed jedine\u010dn\u00e9 vlastnosti a \u00fadaje o v\u00fdkonu je\u0161t\u011b dnes!<!-- notionvc: 04363bd3-9432-4c03-8695-e074694f2453 --><\/p>","protected":false},"featured_media":105,"comment_status":"open","ping_status":"closed","template":"","meta":[],"class_list":{"0":"post-102","1":"product","2":"type-product","3":"status-publish","4":"has-post-thumbnail","6":"product_cat-racing-slicks-motorcycle-tires","7":"product_tag-endurance-racing-tires","8":"product_tag-high-performance-motorcycle-tires","9":"product_tag-kingtyre-k01","10":"product_tag-mc-tires-factory","11":"product_tag-motorcycle-tire-manufacturers","12":"product_tag-motorcycle-tires-factory","13":"product_tag-racing-rain-tires","14":"product_tag-racing-slick-alternatives","15":"product_tag-racing-tires","16":"product_tag-rain-motorcycle-tires","17":"product_tag-wet-track-motorcycle-tires","19":"first","20":"instock","21":"shipping-taxable","22":"product-type-simple"},"yoast_head":"<!-- This site is optimized with the Yoast SEO Premium plugin v25.1 (Yoast SEO v25.1) - https:\/\/yoast.com\/wordpress\/plugins\/seo\/ -->\n<title>Kingtyre K01 Racing Rain Tire | Wet Track Motorcycle Racing Tires<\/title>\n<meta name=\"description\" content=\"The Kingtyre K01 Racing Rain Tire delivers superior grip, hydroplaning resistance, and endurance-tested performance for wet motorcycle racing. Explore sizes and features today.\" \/>\n<meta name=\"robots\" content=\"index, follow, max-snippet:-1, max-image-preview:large, max-video-preview:-1\" \/>\n<link rel=\"canonical\" href=\"https:\/\/www.chinakingtyre.com\/cs\/product\/zavodni-pneumatika-do-deste-kingtyre-k01\/\" \/>\n<meta property=\"og:locale\" content=\"cs_CZ\" \/>\n<meta property=\"og:type\" content=\"article\" \/>\n<meta property=\"og:title\" content=\"Kingtyre K01 Racing Rain Tire | Superior Wet Track Motorcycle Racing Performance\" \/>\n<meta property=\"og:description\" content=\"The Kingtyre K01 Racing Rain Tire delivers superior grip, hydroplaning resistance, and endurance-tested performance for wet motorcycle racing. Explore sizes and features today.\" \/>\n<meta property=\"og:url\" content=\"https:\/\/www.chinakingtyre.com\/cs\/product\/zavodni-pneumatika-do-deste-kingtyre-k01\/\" \/>\n<meta property=\"og:site_name\" content=\"KingTyre Professional motorcycle tire manufacturer\" \/>\n<meta property=\"article:publisher\" content=\"https:\/\/www.facebook.com\/ChinaKingTyre\" \/>\n<meta property=\"article:modified_time\" content=\"2025-08-15T07:05:47+00:00\" \/>\n<meta property=\"og:image\" content=\"https:\/\/www.chinakingtyre.com\/wp-content\/uploads\/2025\/07\/Kingtyre-K01-Racing-Tire.jpg\" \/>\n\t<meta property=\"og:image:width\" content=\"800\" \/>\n\t<meta property=\"og:image:height\" content=\"800\" \/>\n\t<meta property=\"og:image:type\" content=\"image\/jpeg\" \/>\n<meta name=\"twitter:card\" content=\"summary_large_image\" \/>\n<meta name=\"twitter:label1\" content=\"Odhadovan\u00e1 doba \u010dten\u00ed\" \/>\n\t<meta name=\"twitter:data1\" content=\"3 minuty\" \/>\n<script type=\"application\/ld+json\" class=\"yoast-schema-graph\">{\"@context\":\"https:\/\/schema.org\",\"@graph\":[{\"@type\":\"WebPage\",\"@id\":\"https:\/\/www.chinakingtyre.com\/product\/kingtyre-k01-racing-rain-tire\/\",\"url\":\"https:\/\/www.chinakingtyre.com\/product\/kingtyre-k01-racing-rain-tire\/\",\"name\":\"Kingtyre K01 Racing Rain Tire | Wet Track Motorcycle Racing Tires\",\"isPartOf\":{\"@id\":\"https:\/\/www.chinakingtyre.com\/#website\"},\"primaryImageOfPage\":{\"@id\":\"https:\/\/www.chinakingtyre.com\/product\/kingtyre-k01-racing-rain-tire\/#primaryimage\"},\"image\":{\"@id\":\"https:\/\/www.chinakingtyre.com\/product\/kingtyre-k01-racing-rain-tire\/#primaryimage\"},\"thumbnailUrl\":\"https:\/\/www.chinakingtyre.com\/wp-content\/uploads\/2025\/07\/Kingtyre-K01-Racing-Tire.jpg\",\"datePublished\":\"2025-07-23T03:58:24+00:00\",\"dateModified\":\"2025-08-15T07:05:47+00:00\",\"description\":\"The Kingtyre K01 Racing Rain Tire delivers superior grip, hydroplaning resistance, and endurance-tested performance for wet motorcycle racing. Explore sizes and features today.\",\"breadcrumb\":{\"@id\":\"https:\/\/www.chinakingtyre.com\/product\/kingtyre-k01-racing-rain-tire\/#breadcrumb\"},\"inLanguage\":\"cs\",\"potentialAction\":[{\"@type\":\"ReadAction\",\"target\":[\"https:\/\/www.chinakingtyre.com\/product\/kingtyre-k01-racing-rain-tire\/\"]}]},{\"@type\":\"ImageObject\",\"inLanguage\":\"cs\",\"@id\":\"https:\/\/www.chinakingtyre.com\/product\/kingtyre-k01-racing-rain-tire\/#primaryimage\",\"url\":\"https:\/\/www.chinakingtyre.com\/wp-content\/uploads\/2025\/07\/Kingtyre-K01-Racing-Tire.jpg\",\"contentUrl\":\"https:\/\/www.chinakingtyre.com\/wp-content\/uploads\/2025\/07\/Kingtyre-K01-Racing-Tire.jpg\",\"width\":800,\"height\":800,\"caption\":\"Kingtyre K01 Racing Tire\"},{\"@type\":\"BreadcrumbList\",\"@id\":\"https:\/\/www.chinakingtyre.com\/product\/kingtyre-k01-racing-rain-tire\/#breadcrumb\",\"itemListElement\":[{\"@type\":\"ListItem\",\"position\":1,\"name\":\"Home\",\"item\":\"https:\/\/www.chinakingtyre.com\/\"},{\"@type\":\"ListItem\",\"position\":2,\"name\":\"Kingtyre Product List\",\"item\":\"https:\/\/www.chinakingtyre.com\/kingtyre-product-list\/\"},{\"@type\":\"ListItem\",\"position\":3,\"name\":\"Kingtyre K01 Racing Rain Tire | Superior Wet Track Motorcycle Racing Performance\"}]},{\"@type\":\"WebSite\",\"@id\":\"https:\/\/www.chinakingtyre.com\/#website\",\"url\":\"https:\/\/www.chinakingtyre.com\/\",\"name\":\"KingTyre Professional motorcycle tire manufacturer\",\"description\":\"\",\"publisher\":{\"@id\":\"https:\/\/www.chinakingtyre.com\/#organization\"},\"potentialAction\":[{\"@type\":\"SearchAction\",\"target\":{\"@type\":\"EntryPoint\",\"urlTemplate\":\"https:\/\/www.chinakingtyre.com\/?s={search_term_string}\"},\"query-input\":{\"@type\":\"PropertyValueSpecification\",\"valueRequired\":true,\"valueName\":\"search_term_string\"}}],\"inLanguage\":\"cs\"},{\"@type\":\"Organization\",\"@id\":\"https:\/\/www.chinakingtyre.com\/#organization\",\"name\":\"TIANJIN KINGTYRE GROUP CO.,LTD\",\"url\":\"https:\/\/www.chinakingtyre.com\/\",\"logo\":{\"@type\":\"ImageObject\",\"inLanguage\":\"cs\",\"@id\":\"https:\/\/www.chinakingtyre.com\/#\/schema\/logo\/image\/\",\"url\":\"https:\/\/www.chinakingtyre.com\/wp-content\/uploads\/2025\/07\/LOGO.png\",\"contentUrl\":\"https:\/\/www.chinakingtyre.com\/wp-content\/uploads\/2025\/07\/LOGO.png\",\"width\":870,\"height\":212,\"caption\":\"TIANJIN KINGTYRE GROUP CO.,LTD\"},\"image\":{\"@id\":\"https:\/\/www.chinakingtyre.com\/#\/schema\/logo\/image\/\"},\"sameAs\":[\"https:\/\/www.facebook.com\/ChinaKingTyre\"]}]}<\/script>\n<!-- \/ Yoast SEO Premium plugin. -->","yoast_head_json":{"title":"Kingtyre K01 Racing Rain Tire | Z\u00e1vodn\u00ed pneumatiky pro motocykly na mokr\u00e9 trati","description":"Z\u00e1vodn\u00ed pneumatika do de\u0161t\u011b Kingtyre K01 poskytuje vynikaj\u00edc\u00ed p\u0159ilnavost, odolnost proti hydroplaningu a vytrvalostn\u00ed testov\u00e1n\u00ed pro motocyklov\u00e9 z\u00e1vody na mokru. Prozkoumejte velikosti a vlastnosti je\u0161t\u011b dnes.","robots":{"index":"index","follow":"follow","max-snippet":"max-snippet:-1","max-image-preview":"max-image-preview:large","max-video-preview":"max-video-preview:-1"},"canonical":"https:\/\/www.chinakingtyre.com\/cs\/product\/zavodni-pneumatika-do-deste-kingtyre-k01\/","og_locale":"cs_CZ","og_type":"article","og_title":"Kingtyre K01 Racing Rain Tire | Superior Wet Track Motorcycle Racing Performance","og_description":"The Kingtyre K01 Racing Rain Tire delivers superior grip, hydroplaning resistance, and endurance-tested performance for wet motorcycle racing. Explore sizes and features today.","og_url":"https:\/\/www.chinakingtyre.com\/cs\/product\/zavodni-pneumatika-do-deste-kingtyre-k01\/","og_site_name":"KingTyre Professional motorcycle tire manufacturer","article_publisher":"https:\/\/www.facebook.com\/ChinaKingTyre","article_modified_time":"2025-08-15T07:05:47+00:00","og_image":[{"width":800,"height":800,"url":"https:\/\/www.chinakingtyre.com\/wp-content\/uploads\/2025\/07\/Kingtyre-K01-Racing-Tire.jpg","type":"image\/jpeg"}],"twitter_card":"summary_large_image","twitter_misc":{"Odhadovan\u00e1 doba \u010dten\u00ed":"3 minuty"},"schema":{"@context":"https:\/\/schema.org","@graph":[{"@type":"WebPage","@id":"https:\/\/www.chinakingtyre.com\/product\/kingtyre-k01-racing-rain-tire\/","url":"https:\/\/www.chinakingtyre.com\/product\/kingtyre-k01-racing-rain-tire\/","name":"Kingtyre K01 Racing Rain Tire | Z\u00e1vodn\u00ed pneumatiky pro motocykly na mokr\u00e9 trati","isPartOf":{"@id":"https:\/\/www.chinakingtyre.com\/#website"},"primaryImageOfPage":{"@id":"https:\/\/www.chinakingtyre.com\/product\/kingtyre-k01-racing-rain-tire\/#primaryimage"},"image":{"@id":"https:\/\/www.chinakingtyre.com\/product\/kingtyre-k01-racing-rain-tire\/#primaryimage"},"thumbnailUrl":"https:\/\/www.chinakingtyre.com\/wp-content\/uploads\/2025\/07\/Kingtyre-K01-Racing-Tire.jpg","datePublished":"2025-07-23T03:58:24+00:00","dateModified":"2025-08-15T07:05:47+00:00","description":"Z\u00e1vodn\u00ed pneumatika do de\u0161t\u011b Kingtyre K01 poskytuje vynikaj\u00edc\u00ed p\u0159ilnavost, odolnost proti hydroplaningu a vytrvalostn\u00ed testov\u00e1n\u00ed pro motocyklov\u00e9 z\u00e1vody na mokru. Prozkoumejte velikosti a vlastnosti je\u0161t\u011b dnes.","breadcrumb":{"@id":"https:\/\/www.chinakingtyre.com\/product\/kingtyre-k01-racing-rain-tire\/#breadcrumb"},"inLanguage":"cs","potentialAction":[{"@type":"ReadAction","target":["https:\/\/www.chinakingtyre.com\/product\/kingtyre-k01-racing-rain-tire\/"]}]},{"@type":"ImageObject","inLanguage":"cs","@id":"https:\/\/www.chinakingtyre.com\/product\/kingtyre-k01-racing-rain-tire\/#primaryimage","url":"https:\/\/www.chinakingtyre.com\/wp-content\/uploads\/2025\/07\/Kingtyre-K01-Racing-Tire.jpg","contentUrl":"https:\/\/www.chinakingtyre.com\/wp-content\/uploads\/2025\/07\/Kingtyre-K01-Racing-Tire.jpg","width":800,"height":800,"caption":"Kingtyre K01 Racing Tire"},{"@type":"BreadcrumbList","@id":"https:\/\/www.chinakingtyre.com\/product\/kingtyre-k01-racing-rain-tire\/#breadcrumb","itemListElement":[{"@type":"ListItem","position":1,"name":"Home","item":"https:\/\/www.chinakingtyre.com\/"},{"@type":"ListItem","position":2,"name":"Kingtyre Product List","item":"https:\/\/www.chinakingtyre.com\/kingtyre-product-list\/"},{"@type":"ListItem","position":3,"name":"Kingtyre K01 Racing Rain Tire | Superior Wet Track Motorcycle Racing Performance"}]},{"@type":"WebSite","@id":"https:\/\/www.chinakingtyre.com\/#website","url":"https:\/\/www.chinakingtyre.com\/","name":"KingTyre Profesion\u00e1ln\u00ed v\u00fdrobce motocyklov\u00fdch pneumatik","description":"","publisher":{"@id":"https:\/\/www.chinakingtyre.com\/#organization"},"potentialAction":[{"@type":"SearchAction","target":{"@type":"EntryPoint","urlTemplate":"https:\/\/www.chinakingtyre.com\/?s={search_term_string}"},"query-input":{"@type":"PropertyValueSpecification","valueRequired":true,"valueName":"search_term_string"}}],"inLanguage":"cs"},{"@type":"Organization","@id":"https:\/\/www.chinakingtyre.com\/#organization","name":"TIANJIN KINGTYRE GROUP CO., LTD","url":"https:\/\/www.chinakingtyre.com\/","logo":{"@type":"ImageObject","inLanguage":"cs","@id":"https:\/\/www.chinakingtyre.com\/#\/schema\/logo\/image\/","url":"https:\/\/www.chinakingtyre.com\/wp-content\/uploads\/2025\/07\/LOGO.png","contentUrl":"https:\/\/www.chinakingtyre.com\/wp-content\/uploads\/2025\/07\/LOGO.png","width":870,"height":212,"caption":"TIANJIN KINGTYRE GROUP CO.,LTD"},"image":{"@id":"https:\/\/www.chinakingtyre.com\/#\/schema\/logo\/image\/"},"sameAs":["https:\/\/www.facebook.com\/ChinaKingTyre"]}]}},"_links":{"self":[{"href":"https:\/\/www.chinakingtyre.com\/cs\/wp-json\/wp\/v2\/product\/102","targetHints":{"allow":["GET"]}}],"collection":[{"href":"https:\/\/www.chinakingtyre.com\/cs\/wp-json\/wp\/v2\/product"}],"about":[{"href":"https:\/\/www.chinakingtyre.com\/cs\/wp-json\/wp\/v2\/types\/product"}],"replies":[{"embeddable":true,"href":"https:\/\/www.chinakingtyre.com\/cs\/wp-json\/wp\/v2\/comments?post=102"}],"wp:featuredmedia":[{"embeddable":true,"href":"https:\/\/www.chinakingtyre.com\/cs\/wp-json\/wp\/v2\/media\/105"}],"wp:attachment":[{"href":"https:\/\/www.chinakingtyre.com\/cs\/wp-json\/wp\/v2\/media?parent=102"}],"curies":[{"name":"wp","href":"https:\/\/api.w.org\/{rel}","templated":true}]}}