{"id":425,"date":"2025-08-15T02:37:45","date_gmt":"2025-08-15T02:37:45","guid":{"rendered":"https:\/\/www.chinakingtyre.com\/?post_type=product&#038;p=425"},"modified":"2025-08-18T03:31:07","modified_gmt":"2025-08-18T03:31:07","slug":"pneumatiky-kingtyre-k905-semi-slick","status":"publish","type":"product","link":"https:\/\/www.chinakingtyre.com\/cs\/product\/pneumatiky-kingtyre-k905-semi-slick\/","title":{"rendered":"Pneumatiky Kingtyre K905 Semi Slick - leg\u00e1ln\u00ed v\u00fdkon na okruh i na silnici"},"content":{"rendered":"<p>Na str\u00e1nk\u00e1ch <strong>Kingtyre K905<\/strong> je nov\u00e1 generace <strong>semi slick pneumatika<\/strong> navr\u017een\u00e9 pro jezdce, kte\u0159\u00ed vy\u017eaduj\u00ed p\u0159ilnavost na \u00farovni z\u00e1vodn\u00edch trat\u00ed a z\u00e1rove\u0148 leg\u00e1ln\u00ed pou\u017eitelnost na ulici. Navr\u017eeny s precizn\u00edm designem b\u011bhounu a <strong>\u010dty\u0159i r\u016fzn\u00e9 mo\u017enosti slo\u017een\u00ed<\/strong>-Tvrd\u00fd, st\u0159edn\u00ed, m\u011bkk\u00fd a ultra m\u011bkk\u00fd - K905 nab\u00edz\u00ed v\u00fdkon na m\u00edru. <strong>motocyklov\u00e9 z\u00e1vody, dny na okruhu, ka\u017edodenn\u00ed doj\u00ed\u017ed\u011bn\u00ed a kaskad\u00e9rsk\u00e1 j\u00edzda<\/strong>.<\/p>\n<p>S <strong>Certifikace ECE a DOT<\/strong>, K905 <strong>poloslickov\u00e9 pneumatiky<\/strong> p\u0159in\u00e1\u0161\u00ed dokonalou rovnov\u00e1hu mezi <strong>stabilita v zat\u00e1\u010dk\u00e1ch, brzdn\u00fd v\u00fdkon a bezpe\u010dnost za mokra.<\/strong>, co\u017e z nich \u010din\u00ed jeden z nejuniverz\u00e1ln\u011bj\u0161\u00edch <strong>z\u00e1vodn\u00ed pneumatiky semi slick<\/strong> na trhu.<\/p>\n<hr \/>\n<h2><strong>V\u00fdhody pneumatik Kingtyre K905 Semi Slick<\/strong><\/h2>\n<p>Dez\u00e9n b\u011bhounu K905 a pokro\u010dil\u00fd v\u00fdrobn\u00ed proces z n\u011bj d\u011blaj\u00ed v\u00fdjime\u010dnou volbu mezi pneumatikami. <strong>semi slicky<\/strong> a <strong>motocyklov\u00e9 slicky<\/strong>.<\/p>\n<h3><strong>P\u0159esn\u00fd design b\u011bhounu<\/strong><\/h3>\n<p>Dez\u00e9n K905 m\u00e1 jedine\u010dn\u00fd polokluzk\u00fd profil b\u011bhounu, kter\u00fd maximalizuje kontaktn\u00ed plochu a z\u00e1rove\u0148 nab\u00edz\u00ed minimum dr\u00e1\u017eek pro optim\u00e1ln\u00ed rozptyl vody. To zaji\u0161\u0165uje <strong>vynikaj\u00edc\u00ed p\u0159ilnavost za sucha<\/strong> p\u0159i zachov\u00e1n\u00ed bezpe\u010dnosti na mokr\u00e9 vozovce.<\/p>\n<hr \/>\n<p><img loading=\"lazy\" decoding=\"async\" class=\"aligncenter wp-image-427 size-full\" src=\"https:\/\/www.chinakingtyre.com\/wp-content\/uploads\/2025\/08\/kingtyre-k905-semi-slick-tire-performance.jpg\" alt=\"Pneumatika Kingtyre K905 semi slick s vysoce v\u00fdkonn\u00fdm dez\u00e9nem pro dr\u00e1hu i silnici\" width=\"1678\" height=\"794\" srcset=\"https:\/\/www.chinakingtyre.com\/wp-content\/uploads\/2025\/08\/kingtyre-k905-semi-slick-tire-performance.jpg 1678w, https:\/\/www.chinakingtyre.com\/wp-content\/uploads\/2025\/08\/kingtyre-k905-semi-slick-tire-performance-300x142.jpg 300w, https:\/\/www.chinakingtyre.com\/wp-content\/uploads\/2025\/08\/kingtyre-k905-semi-slick-tire-performance-1024x485.jpg 1024w, https:\/\/www.chinakingtyre.com\/wp-content\/uploads\/2025\/08\/kingtyre-k905-semi-slick-tire-performance-768x363.jpg 768w, https:\/\/www.chinakingtyre.com\/wp-content\/uploads\/2025\/08\/kingtyre-k905-semi-slick-tire-performance-1536x727.jpg 1536w, https:\/\/www.chinakingtyre.com\/wp-content\/uploads\/2025\/08\/kingtyre-k905-semi-slick-tire-performance-18x9.jpg 18w, https:\/\/www.chinakingtyre.com\/wp-content\/uploads\/2025\/08\/kingtyre-k905-semi-slick-tire-performance-600x284.jpg 600w\" sizes=\"auto, (max-width: 1678px) 100vw, 1678px\" \/><\/p>\n<hr \/>\n<h3><strong>\u010cty\u0159i mo\u017enosti sm\u011bs\u00ed pro ka\u017ed\u00e9ho jezdce<\/strong><\/h3>\n<ul>\n<li><strong>Tvrd\u00e1 sm\u011bs<\/strong>: Pro dlouhou \u017eivotnost a stopy p\u0159i vysok\u00fdch teplot\u00e1ch.<\/li>\n<li><strong>St\u0159edn\u00ed sm\u011bs<\/strong>: Vyv\u00e1\u017een\u00e1 p\u0159ilnavost a dlouh\u00e1 \u017eivotnost pro sm\u00ed\u0161en\u00e9 pou\u017eit\u00ed.<\/li>\n<li><strong>M\u011bkk\u00e1 sm\u011bs<\/strong>: Maxim\u00e1ln\u00ed p\u0159ilnavost pro z\u00e1vod\u011bn\u00ed.<\/li>\n<li><strong>Ultra m\u011bkk\u00e1 sm\u011bs<\/strong>: Extr\u00e9mn\u00ed v\u00fdkon pro kr\u00e1tk\u00e9 sprinty a kaskad\u00e9rsk\u00e9 kousky.<\/li>\n<\/ul>\n<p>Tato rozmanitost umo\u017e\u0148uje jezdc\u016fm <strong>p\u0159izp\u016fsobit sv\u00e9 semi-slick pneumatiky j\u00edzdn\u00edm podm\u00ednk\u00e1m.<\/strong>K905 je ide\u00e1ln\u00ed pro <strong>z\u00e1vodn\u00ed motocyklov\u00e9 pneumatiky<\/strong> a <strong>pneumatiky pro den na trati motocykl<\/strong> pou\u017eit\u00ed.<\/p>\n<hr \/>\n<h3><strong>Certifikace ECE a DOT<\/strong><\/h3>\n<p>Na rozd\u00edl od motocyklov\u00fdch pneumatik s \u010dist\u011b slickov\u00fdmi pneumatikami je model K905 pln\u011b leg\u00e1ln\u00ed na silnic\u00edch. <strong>ECE a DOT<\/strong> a je tak ide\u00e1ln\u00ed pro jezdce, kte\u0159\u00ed p\u0159ech\u00e1zej\u00ed mezi <strong>ve\u0159ejn\u00e9 silnice a z\u00e1vodn\u00ed okruhy<\/strong> bez nutnosti v\u00fdm\u011bny pneumatik.<\/p>\n<hr \/>\n<h2><strong>Dostupn\u00e9 velikosti pro Kingtyre K905 Semi Slick Tyre<\/strong><\/h2>\n<p><strong>P\u0159edn\u00ed pneumatiky<\/strong>:<\/p>\n<p>100\/80R17 | 110\/70ZR17 | 120\/70ZR17<\/p>\n<p><strong>Zadn\u00ed pneumatiky<\/strong>:<\/p>\n<p>130\/70ZR17 | 140\/60ZR17 | 140\/70ZR17 | 180\/55ZR17 | 190\/50ZR17<\/p>\n<hr \/>\n<p><img loading=\"lazy\" decoding=\"async\" class=\"aligncenter wp-image-428 size-full\" src=\"https:\/\/www.chinakingtyre.com\/wp-content\/uploads\/2025\/08\/kingtyre-k905-semi-slick-tyre-size-chart.jpg\" alt=\"Tabulka rozm\u011br\u016f pneumatik Kingtyre K905 semi slick pro z\u00e1vodn\u00ed a silni\u010dn\u00ed pou\u017eit\u00ed\" width=\"1678\" height=\"794\" srcset=\"https:\/\/www.chinakingtyre.com\/wp-content\/uploads\/2025\/08\/kingtyre-k905-semi-slick-tyre-size-chart.jpg 1678w, https:\/\/www.chinakingtyre.com\/wp-content\/uploads\/2025\/08\/kingtyre-k905-semi-slick-tyre-size-chart-300x142.jpg 300w, https:\/\/www.chinakingtyre.com\/wp-content\/uploads\/2025\/08\/kingtyre-k905-semi-slick-tyre-size-chart-1024x485.jpg 1024w, https:\/\/www.chinakingtyre.com\/wp-content\/uploads\/2025\/08\/kingtyre-k905-semi-slick-tyre-size-chart-768x363.jpg 768w, https:\/\/www.chinakingtyre.com\/wp-content\/uploads\/2025\/08\/kingtyre-k905-semi-slick-tyre-size-chart-1536x727.jpg 1536w, https:\/\/www.chinakingtyre.com\/wp-content\/uploads\/2025\/08\/kingtyre-k905-semi-slick-tyre-size-chart-18x9.jpg 18w, https:\/\/www.chinakingtyre.com\/wp-content\/uploads\/2025\/08\/kingtyre-k905-semi-slick-tyre-size-chart-600x284.jpg 600w\" sizes=\"auto, (max-width: 1678px) 100vw, 1678px\" \/><\/p>\n<hr \/>\n<h2><strong>Kingtyre - Pokro\u010dil\u00e9 pneumatiky Semi Slick Factory<\/strong><\/h2>\n<p>Jako jeden z nejlep\u0161\u00edch <strong>V\u00fdrobci motocyklov\u00fdch pneumatik<\/strong> a <strong>V\u00fdrobci pneumatik MC<\/strong>, Kingtyre provozuje nejmodern\u011bj\u0161\u00ed v\u00fdrobn\u00ed za\u0159\u00edzen\u00ed s <strong>automatizovan\u00e9 hydraulick\u00e9 vulkaniza\u010dn\u00ed stroje, vysoce p\u0159esn\u00e9 lisov\u00e1n\u00ed b\u011bhoun\u016f a pokro\u010dil\u00e9 syst\u00e9my pro testov\u00e1n\u00ed odolnosti.<\/strong>. Na\u0161e <strong>Tov\u00e1rna na pneumatiky semi slick<\/strong> integruje skladov\u00e9 hospod\u00e1\u0159stv\u00ed zalo\u017een\u00e9 na \u010d\u00e1rov\u00fdch k\u00f3dech, \u010d\u00edm\u017e zaji\u0161\u0165uje sledovatelnost v\u00fdrobk\u016f a kontrolu kvality pro ka\u017ed\u00fd produkt. <strong>pneumatiky semi slick<\/strong> vyr\u00e1b\u00edme.<\/p>\n<hr \/>\n<h2><strong>Bolestiv\u00e9 body leg\u00e1ln\u00edch pneumatik Semi Slick<\/strong><\/h2>\n<p>Mnoho jezdc\u016f se p\u0159i v\u00fdb\u011bru pot\u00fdk\u00e1 s t\u011bmito b\u011b\u017en\u00fdmi probl\u00e9my <strong>leg\u00e1ln\u00ed z\u00e1vodn\u00ed pneumatiky semi slick<\/strong>:<\/p>\n<ul>\n<li>Sn\u00ed\u017een\u00e1 p\u0159ilnavost ve srovn\u00e1n\u00ed s \u010dist\u00fdmi slicky<\/li>\n<li>Omezen\u00e9 mo\u017enosti sm\u011bs\u00ed<\/li>\n<li>\u0160patn\u00fd v\u00fdkon za mokra<\/li>\n<li>Rychl\u00e9 opot\u0159eben\u00ed b\u011bhounu<\/li>\n<li>Omezen\u00e1 dostupnost v ur\u010dit\u00fdch velikostech<\/li>\n<\/ul>\n<hr \/>\n<h2><strong>\u0158e\u0161en\u00ed spole\u010dnosti Kingtyre<\/strong><\/h2>\n<p>Na str\u00e1nk\u00e1ch <strong>Z\u00e1vodn\u00ed pneumatiky K905 semi slick<\/strong> \u0159e\u0161it tyto probl\u00e9my kombinac\u00ed:<\/p>\n<ul>\n<li><strong>\u010cty\u0159i slo\u017een\u00e9 v\u00fdb\u011bry<\/strong> aby odpov\u00eddala pot\u0159eb\u00e1m v\u00fdkonu<\/li>\n<li>Optimalizovan\u00e1 konstrukce b\u011bhounu pro <strong>p\u0159ilnavost za mokra a za sucha<\/strong><\/li>\n<li>Certifikace ECE a DOT pro leg\u00e1lnost na silnic\u00edch<\/li>\n<li>Velikosti p\u0159izp\u016fsoben\u00e9 nejobl\u00edben\u011bj\u0161\u00edm sportovn\u00edm a z\u00e1vodn\u00edm motocykl\u016fm<\/li>\n<li>Konkuren\u010dn\u00ed ceny ve srovn\u00e1n\u00ed s ostatn\u00edmi <strong>vysoce v\u00fdkonn\u00e9 motocyklov\u00e9 pneumatiky<\/strong><\/li>\n<\/ul>\n<hr \/>\n<p><img loading=\"lazy\" decoding=\"async\" class=\"aligncenter wp-image-429 size-full\" src=\"https:\/\/www.chinakingtyre.com\/wp-content\/uploads\/2025\/08\/\u56fe\u7247\u540d\u79f0\uff1a-kingtyre-k905-semi-slick-racing-tyres-track.jpg\" alt=\"Z\u00e1vodn\u00ed pneumatiky Kingtyre K905 semi slick se na trati osv\u011bd\u010dily\" width=\"1678\" height=\"794\" srcset=\"https:\/\/www.chinakingtyre.com\/wp-content\/uploads\/2025\/08\/\u56fe\u7247\u540d\u79f0\uff1a-kingtyre-k905-semi-slick-racing-tyres-track.jpg 1678w, https:\/\/www.chinakingtyre.com\/wp-content\/uploads\/2025\/08\/\u56fe\u7247\u540d\u79f0\uff1a-kingtyre-k905-semi-slick-racing-tyres-track-300x142.jpg 300w, https:\/\/www.chinakingtyre.com\/wp-content\/uploads\/2025\/08\/\u56fe\u7247\u540d\u79f0\uff1a-kingtyre-k905-semi-slick-racing-tyres-track-1024x485.jpg 1024w, https:\/\/www.chinakingtyre.com\/wp-content\/uploads\/2025\/08\/\u56fe\u7247\u540d\u79f0\uff1a-kingtyre-k905-semi-slick-racing-tyres-track-768x363.jpg 768w, https:\/\/www.chinakingtyre.com\/wp-content\/uploads\/2025\/08\/\u56fe\u7247\u540d\u79f0\uff1a-kingtyre-k905-semi-slick-racing-tyres-track-1536x727.jpg 1536w, https:\/\/www.chinakingtyre.com\/wp-content\/uploads\/2025\/08\/\u56fe\u7247\u540d\u79f0\uff1a-kingtyre-k905-semi-slick-racing-tyres-track-18x9.jpg 18w, https:\/\/www.chinakingtyre.com\/wp-content\/uploads\/2025\/08\/\u56fe\u7247\u540d\u79f0\uff1a-kingtyre-k905-semi-slick-racing-tyres-track-600x284.jpg 600w\" sizes=\"auto, (max-width: 1678px) 100vw, 1678px\" \/><\/p>\n<hr \/>\n<h2><strong>Technick\u00e9 specifikace - Kingtyre K905 Semi Slick Tire<\/strong><\/h2>\n<table style=\"height: 283px;\" width=\"1130\">\n<thead>\n<tr>\n<th><strong>Funkce<\/strong><\/th>\n<th><strong>Specifikace<\/strong><\/th>\n<\/tr>\n<\/thead>\n<tbody>\n<tr>\n<td>Mo\u017enosti slo\u017een\u00ed:<\/td>\n<td>Tvrd\u00e9 \/ st\u0159edn\u00ed \/ m\u011bkk\u00e9 \/ ultra m\u011bkk\u00e9<\/td>\n<\/tr>\n<tr>\n<td>Certifikace:<\/td>\n<td>ECE, DOT<\/td>\n<\/tr>\n<tr>\n<td>Pou\u017eit\u00ed:<\/td>\n<td>Dny na okruhu, Ulice, Kaskad\u00e9rsk\u00e9 kousky, Z\u00e1vodn\u00ed<\/td>\n<\/tr>\n<tr>\n<td>Konstrukce:<\/td>\n<td>Radi\u00e1ln\u00ed se zes\u00edlenou kostrou<\/td>\n<\/tr>\n<tr>\n<td>Dostupn\u00e9 velikosti:<\/td>\n<td>P\u0159edn\u00ed: 100\/80R17, 110\/70ZR17, 120\/70ZR17 Zadn\u00ed: 130\/70R17, 140\/60ZR17, 140\/70ZR17, 180\/55ZR17, 190\/50ZR17<\/td>\n<\/tr>\n<tr>\n<td>Maxim\u00e1ln\u00ed rychlost:<\/td>\n<td>ZR (240+ km\/h)<\/td>\n<\/tr>\n<tr>\n<td>Index zat\u00ed\u017een\u00ed:<\/td>\n<td>54-75<\/td>\n<\/tr>\n<\/tbody>\n<\/table>\n<hr \/>\n<h2><strong>\u010casto kladen\u00e9 ot\u00e1zky - Nej\u010dast\u011bj\u0161\u00ed ot\u00e1zky o pneumatik\u00e1ch Slick a Semi Slick pro motocykly<\/strong><\/h2>\n<h3><strong>1. Mohu na ve\u0159ejn\u00fdch komunikac\u00edch pou\u017e\u00edvat pneumatiky semi slick?<\/strong><\/h3>\n<p>Ano. K905 je <strong>Schv\u00e1len\u00ed ECE a DOT<\/strong>, tak\u017ee je leg\u00e1ln\u00ed pro silni\u010dn\u00ed pou\u017eit\u00ed.<\/p>\n<h3><strong>2. Jak\u00fd je rozd\u00edl mezi pneumatikami slick a semi slick?<\/strong><\/h3>\n<p>Semi slicky maj\u00ed minim\u00e1ln\u00ed dr\u00e1\u017eky pro rozptyl vody, tak\u017ee jsou na mokr\u00fdch silnic\u00edch bezpe\u010dn\u011bj\u0161\u00ed ne\u017e pln\u00e9 slicky.<\/p>\n<h3><strong>3. Jak vybrat spr\u00e1vnou sm\u011bs?<\/strong><\/h3>\n<p>Vyberte si podle teploty na trati, stylu j\u00edzdy a po\u017eadovan\u00e9 \u017eivotnosti pneumatiky - tvrd\u00e9 pro vytrvalost, ultra m\u011bkk\u00e9 pro maxim\u00e1ln\u00ed p\u0159ilnavost.<\/p>\n<h3><strong>4. Jsou semi-slick pneumatiky vhodn\u00e9 do de\u0161t\u011b?<\/strong><\/h3>\n<p>P\u0159esto\u017ee nejsou tak dobr\u00e9 jako z\u00e1vodn\u00ed pneumatiky pro j\u00edzdu za mokra, jejich konstrukce umo\u017e\u0148uje \u0159\u00edzen\u00e9 ovl\u00e1d\u00e1n\u00ed v m\u00edrn\u00e9m a\u017e st\u0159edn\u011b siln\u00e9m de\u0161ti.<\/p>\n<h3><strong>5. Jak\u00fd tlak v pneumatik\u00e1ch bych m\u011bl pou\u017e\u00edvat p\u0159i j\u00edzd\u011b na okruhu?<\/strong><\/h3>\n<p>Obvykle 28-32 PSI (za tepla), ale \u0159i\u010fte se doporu\u010den\u00edmi v\u00fdrobce motocyklu a trati.<\/p>\n<h3><strong>6. Jak dlouho vydr\u017e\u00ed semi-slick?<\/strong><\/h3>\n<p>V z\u00e1vislosti na sm\u011bsi a zp\u016fsobu pou\u017eit\u00ed 1 000-3 500 km pro sm\u00ed\u0161en\u00e9 pou\u017eit\u00ed na dr\u00e1ze a na silnici.<\/p>\n<h3><strong>7. Mohu m\u00edchat sm\u011bsi vp\u0159edu a vzadu?<\/strong><\/h3>\n<p>Ano. Mnoho jezdc\u016f pou\u017e\u00edv\u00e1 m\u011bk\u010d\u00ed p\u0159edn\u00ed pneumatiky kv\u016fli p\u0159ilnavosti v zat\u00e1\u010dk\u00e1ch a tvrd\u0161\u00ed zadn\u00ed kv\u016fli dlouh\u00e9 \u017eivotnosti.<\/p>\n<h3><strong>8. Jak se maj\u00ed nov\u00e9 pneumatiky semi slick p\u0159ezouvat?<\/strong><\/h3>\n<p>Prvn\u00edch 50-100 km je\u010fte opatrn\u011b, abyste se zbavili uvol\u0148uj\u00edc\u00edho prost\u0159edku.<\/p>\n<h3><strong>9. Jsou vhodn\u00e9 pro kaskad\u00e9rskou j\u00edzdu?<\/strong><\/h3>\n<p>Ano. Sm\u011bs Ultra Soft nab\u00edz\u00ed vynikaj\u00edc\u00ed p\u0159ilnavost pro kaskad\u00e9rsk\u00e9 kousky.<\/p>\n<h3><strong>10. Pot\u0159ebuji pro K905 oh\u0159\u00edva\u010de pneumatik?<\/strong><\/h3>\n<p>Doporu\u010duje se pro maxim\u00e1ln\u00ed v\u00fdkon na trati, zejm\u00e9na u m\u011bk\u010d\u00edch sm\u011bs\u00ed.<\/p>\n<p><!-- notionvc: 004f0f83-ee7b-438f-a988-ee50354b5c2b --><\/p>","protected":false},"excerpt":{"rendered":"<p>Pneumatiky Kingtyre K905 semi slick poskytuj\u00ed v\u00fdkon s certifikac\u00ed ECE a DOT pro okruh i silnici. Vyberte si z n\u011bkolika sm\u011bs\u00ed pro maxim\u00e1ln\u00ed p\u0159ilnavost a kontrolu.<!-- notionvc: 2a81e1f4-2bcf-4a03-8a76-c001d925c43b --><\/p>","protected":false},"featured_media":430,"comment_status":"open","ping_status":"closed","template":"","meta":[],"class_list":{"0":"post-425","1":"product","2":"type-product","3":"status-publish","4":"has-post-thumbnail","6":"product_cat-racing-slicks-motorcycle-tires","7":"product_tag-100-80r17","8":"product_tag-110-70zr17","9":"product_tag-120-70zr17","10":"product_tag-130-70r17","11":"product_tag-140-60zr17","12":"product_tag-140-70zr17","13":"product_tag-180-55zr17","14":"product_tag-190-50zr17","15":"product_tag-high-performance-motorcycle-tires","16":"product_tag-kingtyre-k905","17":"product_tag-kingtyre-motorcycle-tires","18":"product_tag-legal-semi-slick-tires","19":"product_tag-motorcycle-racing-tires","20":"product_tag-motorcycle-slicks","21":"product_tag-motorcycle-track-tires","22":"product_tag-racing-motorcycle-tires","23":"product_tag-racing-tires","24":"product_tag-semi-slick","25":"product_tag-semi-slick-racing-tyres","26":"product_tag-semi-slick-tire","27":"product_tag-semi-slick-tires","28":"product_tag-semi-slick-tyres","29":"product_tag-semi-slicks","30":"product_tag-slick-tires-motorcycle","31":"product_tag-slick-tyres-motorcycle","32":"product_tag-sportbike-semi-slick","33":"product_tag-track-day-tires-motorcycle","34":"product_tag-tyre-semi-slick","36":"first","37":"instock","38":"shipping-taxable","39":"product-type-simple"},"yoast_head":"<!-- This site is optimized with the Yoast SEO Premium plugin v25.1 (Yoast SEO v25.1) - https:\/\/yoast.com\/wordpress\/plugins\/seo\/ -->\n<title>Kingtyre K905 Semi Slick Tires | Legal Racing Tyres<\/title>\n<meta name=\"description\" content=\"Kingtyre K905 semi slick tires deliver ECE &amp; DOT-certified performance for track and street. Choose from multiple compounds for ultimate grip and control.\" \/>\n<meta name=\"robots\" content=\"index, follow, max-snippet:-1, max-image-preview:large, max-video-preview:-1\" \/>\n<link rel=\"canonical\" href=\"https:\/\/www.chinakingtyre.com\/cs\/product\/pneumatiky-kingtyre-k905-semi-slick\/\" \/>\n<meta property=\"og:locale\" content=\"cs_CZ\" \/>\n<meta property=\"og:type\" content=\"article\" \/>\n<meta property=\"og:title\" content=\"Kingtyre K905 Semi Slick Tires \u2013 Legal Performance for Track and Street\" \/>\n<meta property=\"og:description\" content=\"Kingtyre K905 semi slick tires deliver ECE &amp; DOT-certified performance for track and street. Choose from multiple compounds for ultimate grip and control.\" \/>\n<meta property=\"og:url\" content=\"https:\/\/www.chinakingtyre.com\/cs\/product\/pneumatiky-kingtyre-k905-semi-slick\/\" \/>\n<meta property=\"og:site_name\" content=\"KingTyre Professional motorcycle tire manufacturer\" \/>\n<meta property=\"article:publisher\" content=\"https:\/\/www.facebook.com\/ChinaKingTyre\" \/>\n<meta property=\"article:modified_time\" content=\"2025-08-18T03:31:07+00:00\" \/>\n<meta property=\"og:image\" content=\"https:\/\/www.chinakingtyre.com\/wp-content\/uploads\/2025\/08\/Kingtyre-K905-sport.jpg\" \/>\n\t<meta property=\"og:image:width\" content=\"800\" \/>\n\t<meta property=\"og:image:height\" content=\"800\" \/>\n\t<meta property=\"og:image:type\" content=\"image\/jpeg\" \/>\n<meta name=\"twitter:card\" content=\"summary_large_image\" \/>\n<meta name=\"twitter:label1\" content=\"Odhadovan\u00e1 doba \u010dten\u00ed\" \/>\n\t<meta name=\"twitter:data1\" content=\"5 minut\" \/>\n<script type=\"application\/ld+json\" class=\"yoast-schema-graph\">{\"@context\":\"https:\/\/schema.org\",\"@graph\":[{\"@type\":\"WebPage\",\"@id\":\"https:\/\/www.chinakingtyre.com\/product\/kingtyre-k905-semi-slick-tires\/\",\"url\":\"https:\/\/www.chinakingtyre.com\/product\/kingtyre-k905-semi-slick-tires\/\",\"name\":\"Kingtyre K905 Semi Slick Tires | Legal Racing Tyres\",\"isPartOf\":{\"@id\":\"https:\/\/www.chinakingtyre.com\/#website\"},\"primaryImageOfPage\":{\"@id\":\"https:\/\/www.chinakingtyre.com\/product\/kingtyre-k905-semi-slick-tires\/#primaryimage\"},\"image\":{\"@id\":\"https:\/\/www.chinakingtyre.com\/product\/kingtyre-k905-semi-slick-tires\/#primaryimage\"},\"thumbnailUrl\":\"https:\/\/www.chinakingtyre.com\/wp-content\/uploads\/2025\/08\/Kingtyre-K905-sport.jpg\",\"datePublished\":\"2025-08-15T02:37:45+00:00\",\"dateModified\":\"2025-08-18T03:31:07+00:00\",\"description\":\"Kingtyre K905 semi slick tires deliver ECE & DOT-certified performance for track and street. Choose from multiple compounds for ultimate grip and control.\",\"breadcrumb\":{\"@id\":\"https:\/\/www.chinakingtyre.com\/product\/kingtyre-k905-semi-slick-tires\/#breadcrumb\"},\"inLanguage\":\"cs\",\"potentialAction\":[{\"@type\":\"ReadAction\",\"target\":[\"https:\/\/www.chinakingtyre.com\/product\/kingtyre-k905-semi-slick-tires\/\"]}]},{\"@type\":\"ImageObject\",\"inLanguage\":\"cs\",\"@id\":\"https:\/\/www.chinakingtyre.com\/product\/kingtyre-k905-semi-slick-tires\/#primaryimage\",\"url\":\"https:\/\/www.chinakingtyre.com\/wp-content\/uploads\/2025\/08\/Kingtyre-K905-sport.jpg\",\"contentUrl\":\"https:\/\/www.chinakingtyre.com\/wp-content\/uploads\/2025\/08\/Kingtyre-K905-sport.jpg\",\"width\":800,\"height\":800},{\"@type\":\"BreadcrumbList\",\"@id\":\"https:\/\/www.chinakingtyre.com\/product\/kingtyre-k905-semi-slick-tires\/#breadcrumb\",\"itemListElement\":[{\"@type\":\"ListItem\",\"position\":1,\"name\":\"Home\",\"item\":\"https:\/\/www.chinakingtyre.com\/\"},{\"@type\":\"ListItem\",\"position\":2,\"name\":\"Kingtyre Product List\",\"item\":\"https:\/\/www.chinakingtyre.com\/kingtyre-product-list\/\"},{\"@type\":\"ListItem\",\"position\":3,\"name\":\"Kingtyre K905 Semi Slick Tires \u2013 Legal Performance for Track and Street\"}]},{\"@type\":\"WebSite\",\"@id\":\"https:\/\/www.chinakingtyre.com\/#website\",\"url\":\"https:\/\/www.chinakingtyre.com\/\",\"name\":\"KingTyre Professional motorcycle tire manufacturer\",\"description\":\"\",\"publisher\":{\"@id\":\"https:\/\/www.chinakingtyre.com\/#organization\"},\"potentialAction\":[{\"@type\":\"SearchAction\",\"target\":{\"@type\":\"EntryPoint\",\"urlTemplate\":\"https:\/\/www.chinakingtyre.com\/?s={search_term_string}\"},\"query-input\":{\"@type\":\"PropertyValueSpecification\",\"valueRequired\":true,\"valueName\":\"search_term_string\"}}],\"inLanguage\":\"cs\"},{\"@type\":\"Organization\",\"@id\":\"https:\/\/www.chinakingtyre.com\/#organization\",\"name\":\"TIANJIN KINGTYRE GROUP CO.,LTD\",\"url\":\"https:\/\/www.chinakingtyre.com\/\",\"logo\":{\"@type\":\"ImageObject\",\"inLanguage\":\"cs\",\"@id\":\"https:\/\/www.chinakingtyre.com\/#\/schema\/logo\/image\/\",\"url\":\"https:\/\/www.chinakingtyre.com\/wp-content\/uploads\/2025\/07\/LOGO.png\",\"contentUrl\":\"https:\/\/www.chinakingtyre.com\/wp-content\/uploads\/2025\/07\/LOGO.png\",\"width\":870,\"height\":212,\"caption\":\"TIANJIN KINGTYRE GROUP CO.,LTD\"},\"image\":{\"@id\":\"https:\/\/www.chinakingtyre.com\/#\/schema\/logo\/image\/\"},\"sameAs\":[\"https:\/\/www.facebook.com\/ChinaKingTyre\"]}]}<\/script>\n<!-- \/ Yoast SEO Premium plugin. -->","yoast_head_json":{"title":"Kingtyre K905 Semi Slick Tires | Leg\u00e1ln\u00ed z\u00e1vodn\u00ed pneumatiky","description":"Pneumatiky Kingtyre K905 semi slick poskytuj\u00ed v\u00fdkon s certifikac\u00ed ECE a DOT pro okruh i silnici. Vyberte si z n\u011bkolika sm\u011bs\u00ed pro maxim\u00e1ln\u00ed p\u0159ilnavost a kontrolu.","robots":{"index":"index","follow":"follow","max-snippet":"max-snippet:-1","max-image-preview":"max-image-preview:large","max-video-preview":"max-video-preview:-1"},"canonical":"https:\/\/www.chinakingtyre.com\/cs\/product\/pneumatiky-kingtyre-k905-semi-slick\/","og_locale":"cs_CZ","og_type":"article","og_title":"Kingtyre K905 Semi Slick Tires \u2013 Legal Performance for Track and Street","og_description":"Kingtyre K905 semi slick tires deliver ECE & DOT-certified performance for track and street. Choose from multiple compounds for ultimate grip and control.","og_url":"https:\/\/www.chinakingtyre.com\/cs\/product\/pneumatiky-kingtyre-k905-semi-slick\/","og_site_name":"KingTyre Professional motorcycle tire manufacturer","article_publisher":"https:\/\/www.facebook.com\/ChinaKingTyre","article_modified_time":"2025-08-18T03:31:07+00:00","og_image":[{"width":800,"height":800,"url":"https:\/\/www.chinakingtyre.com\/wp-content\/uploads\/2025\/08\/Kingtyre-K905-sport.jpg","type":"image\/jpeg"}],"twitter_card":"summary_large_image","twitter_misc":{"Odhadovan\u00e1 doba \u010dten\u00ed":"5 minut"},"schema":{"@context":"https:\/\/schema.org","@graph":[{"@type":"WebPage","@id":"https:\/\/www.chinakingtyre.com\/product\/kingtyre-k905-semi-slick-tires\/","url":"https:\/\/www.chinakingtyre.com\/product\/kingtyre-k905-semi-slick-tires\/","name":"Kingtyre K905 Semi Slick Tires | Leg\u00e1ln\u00ed z\u00e1vodn\u00ed pneumatiky","isPartOf":{"@id":"https:\/\/www.chinakingtyre.com\/#website"},"primaryImageOfPage":{"@id":"https:\/\/www.chinakingtyre.com\/product\/kingtyre-k905-semi-slick-tires\/#primaryimage"},"image":{"@id":"https:\/\/www.chinakingtyre.com\/product\/kingtyre-k905-semi-slick-tires\/#primaryimage"},"thumbnailUrl":"https:\/\/www.chinakingtyre.com\/wp-content\/uploads\/2025\/08\/Kingtyre-K905-sport.jpg","datePublished":"2025-08-15T02:37:45+00:00","dateModified":"2025-08-18T03:31:07+00:00","description":"Pneumatiky Kingtyre K905 semi slick poskytuj\u00ed v\u00fdkon s certifikac\u00ed ECE a DOT pro okruh i silnici. Vyberte si z n\u011bkolika sm\u011bs\u00ed pro maxim\u00e1ln\u00ed p\u0159ilnavost a kontrolu.","breadcrumb":{"@id":"https:\/\/www.chinakingtyre.com\/product\/kingtyre-k905-semi-slick-tires\/#breadcrumb"},"inLanguage":"cs","potentialAction":[{"@type":"ReadAction","target":["https:\/\/www.chinakingtyre.com\/product\/kingtyre-k905-semi-slick-tires\/"]}]},{"@type":"ImageObject","inLanguage":"cs","@id":"https:\/\/www.chinakingtyre.com\/product\/kingtyre-k905-semi-slick-tires\/#primaryimage","url":"https:\/\/www.chinakingtyre.com\/wp-content\/uploads\/2025\/08\/Kingtyre-K905-sport.jpg","contentUrl":"https:\/\/www.chinakingtyre.com\/wp-content\/uploads\/2025\/08\/Kingtyre-K905-sport.jpg","width":800,"height":800},{"@type":"BreadcrumbList","@id":"https:\/\/www.chinakingtyre.com\/product\/kingtyre-k905-semi-slick-tires\/#breadcrumb","itemListElement":[{"@type":"ListItem","position":1,"name":"Home","item":"https:\/\/www.chinakingtyre.com\/"},{"@type":"ListItem","position":2,"name":"Kingtyre Product List","item":"https:\/\/www.chinakingtyre.com\/kingtyre-product-list\/"},{"@type":"ListItem","position":3,"name":"Kingtyre K905 Semi Slick Tires \u2013 Legal Performance for Track and Street"}]},{"@type":"WebSite","@id":"https:\/\/www.chinakingtyre.com\/#website","url":"https:\/\/www.chinakingtyre.com\/","name":"KingTyre Profesion\u00e1ln\u00ed v\u00fdrobce motocyklov\u00fdch pneumatik","description":"","publisher":{"@id":"https:\/\/www.chinakingtyre.com\/#organization"},"potentialAction":[{"@type":"SearchAction","target":{"@type":"EntryPoint","urlTemplate":"https:\/\/www.chinakingtyre.com\/?s={search_term_string}"},"query-input":{"@type":"PropertyValueSpecification","valueRequired":true,"valueName":"search_term_string"}}],"inLanguage":"cs"},{"@type":"Organization","@id":"https:\/\/www.chinakingtyre.com\/#organization","name":"TIANJIN KINGTYRE GROUP CO., LTD","url":"https:\/\/www.chinakingtyre.com\/","logo":{"@type":"ImageObject","inLanguage":"cs","@id":"https:\/\/www.chinakingtyre.com\/#\/schema\/logo\/image\/","url":"https:\/\/www.chinakingtyre.com\/wp-content\/uploads\/2025\/07\/LOGO.png","contentUrl":"https:\/\/www.chinakingtyre.com\/wp-content\/uploads\/2025\/07\/LOGO.png","width":870,"height":212,"caption":"TIANJIN KINGTYRE GROUP CO.,LTD"},"image":{"@id":"https:\/\/www.chinakingtyre.com\/#\/schema\/logo\/image\/"},"sameAs":["https:\/\/www.facebook.com\/ChinaKingTyre"]}]}},"_links":{"self":[{"href":"https:\/\/www.chinakingtyre.com\/cs\/wp-json\/wp\/v2\/product\/425","targetHints":{"allow":["GET"]}}],"collection":[{"href":"https:\/\/www.chinakingtyre.com\/cs\/wp-json\/wp\/v2\/product"}],"about":[{"href":"https:\/\/www.chinakingtyre.com\/cs\/wp-json\/wp\/v2\/types\/product"}],"replies":[{"embeddable":true,"href":"https:\/\/www.chinakingtyre.com\/cs\/wp-json\/wp\/v2\/comments?post=425"}],"wp:featuredmedia":[{"embeddable":true,"href":"https:\/\/www.chinakingtyre.com\/cs\/wp-json\/wp\/v2\/media\/430"}],"wp:attachment":[{"href":"https:\/\/www.chinakingtyre.com\/cs\/wp-json\/wp\/v2\/media?parent=425"}],"curies":[{"name":"wp","href":"https:\/\/api.w.org\/{rel}","templated":true}]}}