{"id":434,"date":"2025-08-15T03:47:17","date_gmt":"2025-08-15T03:47:17","guid":{"rendered":"https:\/\/www.chinakingtyre.com\/?post_type=product&#038;p=434"},"modified":"2025-08-15T07:03:54","modified_gmt":"2025-08-15T07:03:54","slug":"zavodni-pneumatika-kingtyre-k96-mini-gp","status":"publish","type":"product","link":"https:\/\/www.chinakingtyre.com\/cs\/product\/zavodni-pneumatika-kingtyre-k96-mini-gp\/","title":{"rendered":"Kingtyre K96 - Profesion\u00e1ln\u00ed z\u00e1vodn\u00ed pneumatiky pro mini GP pro nep\u0159ekonatelnou ovladatelnost na trati"},"content":{"rendered":"<h2><strong>Dominujte na trati s Kingtyre K96 pro motocykly Mini GP<\/strong><\/h2>\n<p>P\u0159esn\u011b navr\u017een\u00fd pro z\u00e1vodn\u00ed motocykly s mal\u00fdm objemem. <strong>Kingtyre K96<\/strong> poskytuje p\u0159ilnavost na elitn\u00ed \u00farovni, citlivou ovladatelnost a st\u00e1lou odolnost. Vyvinuto pro <strong>mini GP z\u00e1vody<\/strong> a sout\u011b\u017en\u00edch t\u0159\u00edd\u00e1ch ml\u00e1de\u017ee se v t\u00e9to pneumatice snoub\u00ed inovativn\u00ed konstrukce s osv\u011bd\u010den\u00fdm v\u00fdkonem na trati.<\/p>\n<hr \/>\n<h3><img loading=\"lazy\" decoding=\"async\" class=\"aligncenter wp-image-436 size-full\" src=\"https:\/\/www.chinakingtyre.com\/wp-content\/uploads\/2025\/08\/Why-Mini-GP-Racers-Choose-the-K96-Over-Regular-Scooter-Tires.jpg\" alt=\"Z\u00e1vodn\u00ed pneumatika Kingtyre K96 mini GP se semi-slick dez\u00e9nem pro motocykly s mal\u00fdm zdvihov\u00fdm objemem\" width=\"1678\" height=\"794\" srcset=\"https:\/\/www.chinakingtyre.com\/wp-content\/uploads\/2025\/08\/Why-Mini-GP-Racers-Choose-the-K96-Over-Regular-Scooter-Tires.jpg 1678w, https:\/\/www.chinakingtyre.com\/wp-content\/uploads\/2025\/08\/Why-Mini-GP-Racers-Choose-the-K96-Over-Regular-Scooter-Tires-300x142.jpg 300w, https:\/\/www.chinakingtyre.com\/wp-content\/uploads\/2025\/08\/Why-Mini-GP-Racers-Choose-the-K96-Over-Regular-Scooter-Tires-1024x485.jpg 1024w, https:\/\/www.chinakingtyre.com\/wp-content\/uploads\/2025\/08\/Why-Mini-GP-Racers-Choose-the-K96-Over-Regular-Scooter-Tires-768x363.jpg 768w, https:\/\/www.chinakingtyre.com\/wp-content\/uploads\/2025\/08\/Why-Mini-GP-Racers-Choose-the-K96-Over-Regular-Scooter-Tires-1536x727.jpg 1536w, https:\/\/www.chinakingtyre.com\/wp-content\/uploads\/2025\/08\/Why-Mini-GP-Racers-Choose-the-K96-Over-Regular-Scooter-Tires-18x9.jpg 18w, https:\/\/www.chinakingtyre.com\/wp-content\/uploads\/2025\/08\/Why-Mini-GP-Racers-Choose-the-K96-Over-Regular-Scooter-Tires-600x284.jpg 600w\" sizes=\"auto, (max-width: 1678px) 100vw, 1678px\" \/><\/h3>\n<hr \/>\n<h2><strong>P\u0159esn\u00fd vzorek b\u011bhounu pro z\u00e1vodn\u00ed j\u00edzdu Mini GP<\/strong><\/h2>\n<p>Navr\u017eeno s <strong>rozlo\u017een\u00ed s n\u00edzkou dr\u00e1\u017ekou a polodr\u00e1\u017ekou<\/strong>K96 zaji\u0161\u0165uje maxim\u00e1ln\u00ed kontakt s asfaltem, zlep\u0161uje trakci p\u0159i v\u00fdjezdu ze zat\u00e1\u010dky a stabilitu v polovin\u011b zat\u00e1\u010dky. Kan\u00e1lky b\u011bhounu \u00fa\u010dinn\u011b rozptyluj\u00ed lehkou vlhkost, zat\u00edmco \u0161irok\u00e1 kontaktn\u00ed plocha zlep\u0161uje kontrolu nad plynem p\u0159i agresivn\u00ed akceleraci.<\/p>\n<hr \/>\n<h2><strong>Zes\u00edlen\u00e1 konstrukce pro z\u00e1vodn\u00ed stabilitu<\/strong><\/h2>\n<p>Vyrobeno s <strong>v\u00edcevrstv\u00e1 technologie kostry<\/strong> a zes\u00edlen\u00fdmi bo\u010dnicemi odol\u00e1v\u00e1 pneumatika K96 extr\u00e9mn\u00edm \u00fahl\u016fm n\u00e1klonu a rychl\u00fdm zm\u011bn\u00e1m sm\u011bru j\u00edzdy. . <strong>lehk\u00e1 radi\u00e1ln\u00ed konstrukce<\/strong> sni\u017euje neodpru\u017eenou hmotnost, co\u017e umo\u017e\u0148uje rychlej\u0161\u00ed akceleraci a lep\u0161\u00ed stabilitu p\u0159i brzd\u011bn\u00ed - co\u017e je z\u00e1sadn\u00ed pro dosa\u017een\u00ed konkurenceschopn\u00fdch \u010das\u016f na kolo.<\/p>\n<hr \/>\n<h2><strong>Vysoce v\u00fdkonn\u00e1 pry\u017eov\u00e1 sm\u011bs<\/strong><\/h2>\n<p>K96 vyu\u017e\u00edv\u00e1 <strong>sm\u011bsi syntetick\u00e9ho a p\u0159\u00edrodn\u00edho kau\u010duku z\u00e1vodn\u00ed kvality.<\/strong> kter\u00e9 udr\u017euj\u00ed p\u0159ilnavost p\u0159i r\u016fzn\u00fdch teplot\u00e1ch na trati. Jej\u00ed optimalizovan\u00e9 tepeln\u00e9 vlastnosti zkracuj\u00ed dobu zah\u0159\u00edv\u00e1n\u00ed a zaji\u0161\u0165uj\u00ed p\u0159edv\u00eddatelnou trakci p\u0159i vysok\u00e9m zat\u00ed\u017een\u00ed, tak\u017ee je obl\u00edben\u00e1 pro <strong>12palcov\u00e1 z\u00e1vodn\u00ed kola<\/strong> v minipodnic\u00edch GP.<\/p>\n<hr \/>\n<h2><strong>Dostupn\u00e9 z\u00e1vodn\u00ed velikosti<\/strong><\/h2>\n<ul>\n<li><strong>P\u0159edn\u00ed strana:<\/strong> 100\/90R12<\/li>\n<li><strong>Zadn\u00ed \u010d\u00e1st:<\/strong> 120\/80R12<\/li>\n<\/ul>\n<p>Tyto rozm\u011bry vyhovuj\u00ed profesion\u00e1ln\u00edm mini GP a z\u00e1vodn\u00edm kol\u016fm pro ml\u00e1de\u017e a zaji\u0161\u0165uj\u00ed dokonalou rovnov\u00e1hu mezi p\u0159ilnavost\u00ed a ovladatelnost\u00ed pro v\u00fdkon na uzav\u0159en\u00e9m okruhu.<\/p>\n<hr \/>\n<h2><strong>Vyrobeno v z\u00e1vodn\u00ed tov\u00e1rn\u011b Kingtyre's Advanced Racing Tire Facility<\/strong><\/h2>\n<p>V na\u0161\u00ed spole\u010dnosti s certifikac\u00ed ISO <a href=\"https:\/\/www.chinakingtyre.com\/cs\/\"><strong>z\u00e1vod na v\u00fdrobu motocyklov\u00fdch pneumatik<\/strong><\/a>, ka\u017ed\u00fd K96 proch\u00e1z\u00ed rentgenovou kontrolou, testov\u00e1n\u00edm konzistence sm\u011bsi a vysokorychlostn\u00ed simulac\u00ed. Spole\u010dnost Kingtyre se v\u011bnuje <strong>p\u0159esn\u00e1 v\u00fdroba pneumatik MC<\/strong> zaru\u010duje, \u017ee ka\u017ed\u00fd model K96 spl\u0148uje mezin\u00e1rodn\u00ed z\u00e1vodn\u00ed p\u0159edpisy a poskytuje spolehlivost na \u00farovni \u0161ampion\u00e1tu.<\/p>\n<hr \/>\n<h2><img loading=\"lazy\" decoding=\"async\" class=\"aligncenter wp-image-437 size-full\" src=\"https:\/\/www.chinakingtyre.com\/wp-content\/uploads\/2025\/08\/kingtyre-k96-mini-gp-racing-tires.jpg\" alt=\"Pro\u010d si z\u00e1vodn\u00edci Mini GP vyb\u00edraj\u00ed pneumatiky K96 m\u00edsto b\u011b\u017en\u00fdch pneumatik pro sk\u00fatry\" width=\"1678\" height=\"794\" srcset=\"https:\/\/www.chinakingtyre.com\/wp-content\/uploads\/2025\/08\/kingtyre-k96-mini-gp-racing-tires.jpg 1678w, https:\/\/www.chinakingtyre.com\/wp-content\/uploads\/2025\/08\/kingtyre-k96-mini-gp-racing-tires-300x142.jpg 300w, https:\/\/www.chinakingtyre.com\/wp-content\/uploads\/2025\/08\/kingtyre-k96-mini-gp-racing-tires-1024x485.jpg 1024w, https:\/\/www.chinakingtyre.com\/wp-content\/uploads\/2025\/08\/kingtyre-k96-mini-gp-racing-tires-768x363.jpg 768w, https:\/\/www.chinakingtyre.com\/wp-content\/uploads\/2025\/08\/kingtyre-k96-mini-gp-racing-tires-1536x727.jpg 1536w, https:\/\/www.chinakingtyre.com\/wp-content\/uploads\/2025\/08\/kingtyre-k96-mini-gp-racing-tires-18x9.jpg 18w, https:\/\/www.chinakingtyre.com\/wp-content\/uploads\/2025\/08\/kingtyre-k96-mini-gp-racing-tires-600x284.jpg 600w\" sizes=\"auto, (max-width: 1678px) 100vw, 1678px\" \/><\/h2>\n<h2><strong>Pro\u010d si z\u00e1vodn\u00edci Mini GP vyb\u00edraj\u00ed pneumatiky K96 m\u00edsto b\u011b\u017en\u00fdch pneumatik pro sk\u00fatry<\/strong><\/h2>\n<ul>\n<li><strong>Z\u00e1vodn\u011b optimalizovan\u00e1 jate\u010dn\u011b upraven\u00e1 t\u011bla<\/strong> pro lep\u0161\u00ed stabilitu \u00fahlu n\u00e1klonu<\/li>\n<li><strong>Rychlej\u0161\u00ed zah\u0159\u00edv\u00e1n\u00ed<\/strong> pro okam\u017eit\u00fd v\u00fdkon na kolo<\/li>\n<li><strong>Prodlou\u017een\u00e1 z\u00e1vodn\u00ed \u017eivotnost<\/strong> ve srovn\u00e1n\u00ed s b\u011b\u017en\u00fdmi pneumatikami pro doj\u00ed\u017ed\u011bn\u00ed<\/li>\n<li><strong>Vynikaj\u00edc\u00ed p\u0159ilnavost za sucha<\/strong> pro technick\u00e9 uspo\u0159\u00e1d\u00e1n\u00ed trat\u00ed<\/li>\n<\/ul>\n<hr \/>\n<h2><strong>Osv\u011bd\u010den\u00e9 \u0159e\u0161en\u00ed spole\u010dnosti Kingtyre<\/strong><\/h2>\n<p>Model K96 je p\u0159izp\u016fsoben pro jezdce, kte\u0159\u00ed hledaj\u00ed <strong>z\u00e1vodn\u00ed pneumatiky profesion\u00e1ln\u00ed \u00farovn\u011b 100\/90R12 a 120\/80R12.<\/strong>. Jej\u00ed konstrukce p\u0159\u00edmo reaguje na po\u017eadavky <strong>Z\u00e1vody Super Sport mini GP<\/strong>, od rychl\u00fdch p\u0159echod\u016f a\u017e po maxim\u00e1ln\u00ed stabilitu p\u0159i brzd\u011bn\u00ed.<\/p>\n<hr \/>\n<h2><strong>Technick\u00e9 \u00fadaje<\/strong><\/h2>\n<table style=\"height: 268px;\" width=\"568\">\n<thead>\n<tr>\n<th><strong>Funkce<\/strong><\/th>\n<th><strong>Podrobnosti na<\/strong><\/th>\n<\/tr>\n<\/thead>\n<tbody>\n<tr>\n<td>Velikost p\u0159edn\u00ed \u010d\u00e1sti<\/td>\n<td>100\/90R12<\/td>\n<\/tr>\n<tr>\n<td>Zadn\u00ed velikost<\/td>\n<td>120\/80R12<\/td>\n<\/tr>\n<tr>\n<td>Mo\u017enosti sm\u011bs\u00ed<\/td>\n<td>Soft Race \/ Medium Race<\/td>\n<\/tr>\n<tr>\n<td>Struktura<\/td>\n<td>Radi\u00e1ln\u00ed se zes\u00edlenou bo\u010dnic\u00ed<\/td>\n<\/tr>\n<tr>\n<td>Nejlep\u0161\u00ed aplikace<\/td>\n<td>Z\u00e1vodn\u00ed trat\u011b Mini GP<\/td>\n<\/tr>\n<tr>\n<td>Doba zah\u0159\u00edv\u00e1n\u00ed<\/td>\n<td>P\u0159ibli\u017en\u011b 2-3 kola<\/td>\n<\/tr>\n<\/tbody>\n<\/table>\n<hr \/>\n<h2><strong>\u010casto kladen\u00e9 ot\u00e1zky - Kingtyre K96<\/strong><\/h2>\n<p><strong>Q1:<\/strong> Lze K96 pou\u017e\u00edvat za m\u00edrn\u00e9ho de\u0161t\u011b?<\/p>\n<p><strong>A1:<\/strong> Ano, ale je optimalizov\u00e1n pro pou\u017eit\u00ed na such\u00e9 trati.<\/p>\n<p><strong>Q2:<\/strong> Jak\u00fd je ide\u00e1ln\u00ed tlak v pneumatik\u00e1ch?<\/p>\n<p><strong>A2:<\/strong> 26 psi vp\u0159edu \/ 28 psi vzadu (za tepla).<\/p>\n<p><strong>Q3:<\/strong> Jsou tyto pneumatiky kompatibiln\u00ed se v\u0161emi 12palcov\u00fdmi r\u00e1fky?<\/p>\n<p><strong>A3:<\/strong> Ano, pokud \u0161\u00ed\u0159ka r\u00e1fku odpov\u00edd\u00e1 doporu\u010den\u00fdm specifikac\u00edm.<\/p>\n<p><strong>Q4:<\/strong> Kolik z\u00e1vod\u016f mohu o\u010dek\u00e1vat od jedn\u00e9 sady?<\/p>\n<p><strong>A4:<\/strong> 6-8 z\u00e1vod\u016f, v z\u00e1vislosti na stylu j\u00edzdy a povrchu trati.<\/p>\n<p><strong>Q5:<\/strong> Maj\u00ed schv\u00e1len\u00ed DOT?<\/p>\n<p><strong>A5:<\/strong> Ano<\/p>\n<hr \/>\n<p><a href=\"https:\/\/www.facebook.com\/ChinaKingTyre\">Sledujte n\u00e1s na Facebooku<\/a><\/p>\n<p><!-- notionvc: 4723fbd2-84f8-45a1-825a-5f8219b0c6a6 --><\/p>","protected":false},"excerpt":{"rendered":"<p>Z\u00e1vodn\u00ed pneumatika Kingtyre K96 mini GP poskytuje p\u0159ilnavost, stabilitu a rychl\u00e9 zah\u0159\u00e1t\u00ed na \u00farovni \u0161ampion\u00e1tu pro z\u00e1vodn\u00ed motocykly s mal\u00fdm objemem. Ide\u00e1ln\u00ed pro rozm\u011bry 100\/90R12 a 120\/80R12.<!-- notionvc: ae30be57-0020-4942-982e-84d8968ac45b --><\/p>","protected":false},"featured_media":438,"comment_status":"open","ping_status":"closed","template":"","meta":[],"class_list":{"0":"post-434","1":"product","2":"type-product","3":"status-publish","4":"has-post-thumbnail","6":"product_cat-racing-slicks-motorcycle-tires","7":"product_tag-100-90r12-motorcycle-tire","8":"product_tag-12-inch-racing-motorcycle-tires","9":"product_tag-120-80r12-motorcycle-tire","10":"product_tag-high-grip-track-tires","11":"product_tag-lightweight-racing-tire","12":"product_tag-mini-gp-racing-tires","13":"product_tag-motorcycle-racing-tire-factory","14":"product_tag-professional-mini-gp-tire","15":"product_tag-racing-tires","16":"product_tag-semi-slick-mini-gp-tire","17":"product_tag-youth-racing-motorcycle-tires","19":"first","20":"instock","21":"shipping-taxable","22":"product-type-simple"},"yoast_head":"<!-- This site is optimized with the Yoast SEO Premium plugin v25.1 (Yoast SEO v25.1) - https:\/\/yoast.com\/wordpress\/plugins\/seo\/ -->\n<title>Kingtyre K96 Mini GP Racing Tires | 12-Inch Motorcycle Tyres<\/title>\n<meta name=\"description\" content=\"The Kingtyre K96 mini GP racing tire delivers championship-level grip, stability, and quick warm-up for small-displacement race bikes. Ideal for 100\/90R12 &amp; 120\/80R12.\" \/>\n<meta name=\"robots\" content=\"index, follow, max-snippet:-1, max-image-preview:large, max-video-preview:-1\" \/>\n<link rel=\"canonical\" href=\"https:\/\/www.chinakingtyre.com\/cs\/product\/zavodni-pneumatika-kingtyre-k96-mini-gp\/\" \/>\n<meta property=\"og:locale\" content=\"cs_CZ\" \/>\n<meta property=\"og:type\" content=\"article\" \/>\n<meta property=\"og:title\" content=\"Kingtyre K96 \u2013 Professional Mini GP Racing Tires for Unmatched Track Control\" \/>\n<meta property=\"og:description\" content=\"The Kingtyre K96 mini GP racing tire delivers championship-level grip, stability, and quick warm-up for small-displacement race bikes. Ideal for 100\/90R12 &amp; 120\/80R12.\" \/>\n<meta property=\"og:url\" content=\"https:\/\/www.chinakingtyre.com\/cs\/product\/zavodni-pneumatika-kingtyre-k96-mini-gp\/\" \/>\n<meta property=\"og:site_name\" content=\"KingTyre Professional motorcycle tire manufacturer\" \/>\n<meta property=\"article:publisher\" content=\"https:\/\/www.facebook.com\/ChinaKingTyre\" \/>\n<meta property=\"article:modified_time\" content=\"2025-08-15T07:03:54+00:00\" \/>\n<meta property=\"og:image\" content=\"https:\/\/www.chinakingtyre.com\/wp-content\/uploads\/2025\/08\/kingtyre-k96-mini-semi-slick-tires.jpg\" \/>\n\t<meta property=\"og:image:width\" content=\"800\" \/>\n\t<meta property=\"og:image:height\" content=\"800\" \/>\n\t<meta property=\"og:image:type\" content=\"image\/jpeg\" \/>\n<meta name=\"twitter:card\" content=\"summary_large_image\" \/>\n<meta name=\"twitter:label1\" content=\"Odhadovan\u00e1 doba \u010dten\u00ed\" \/>\n\t<meta name=\"twitter:data1\" content=\"3 minuty\" \/>\n<script type=\"application\/ld+json\" class=\"yoast-schema-graph\">{\"@context\":\"https:\/\/schema.org\",\"@graph\":[{\"@type\":\"WebPage\",\"@id\":\"https:\/\/www.chinakingtyre.com\/product\/kingtyre-k96-mini-gp-racing-tire\/\",\"url\":\"https:\/\/www.chinakingtyre.com\/product\/kingtyre-k96-mini-gp-racing-tire\/\",\"name\":\"Kingtyre K96 Mini GP Racing Tires | 12-Inch Motorcycle Tyres\",\"isPartOf\":{\"@id\":\"https:\/\/www.chinakingtyre.com\/#website\"},\"primaryImageOfPage\":{\"@id\":\"https:\/\/www.chinakingtyre.com\/product\/kingtyre-k96-mini-gp-racing-tire\/#primaryimage\"},\"image\":{\"@id\":\"https:\/\/www.chinakingtyre.com\/product\/kingtyre-k96-mini-gp-racing-tire\/#primaryimage\"},\"thumbnailUrl\":\"https:\/\/www.chinakingtyre.com\/wp-content\/uploads\/2025\/08\/kingtyre-k96-mini-semi-slick-tires.jpg\",\"datePublished\":\"2025-08-15T03:47:17+00:00\",\"dateModified\":\"2025-08-15T07:03:54+00:00\",\"description\":\"The Kingtyre K96 mini GP racing tire delivers championship-level grip, stability, and quick warm-up for small-displacement race bikes. Ideal for 100\/90R12 & 120\/80R12.\",\"breadcrumb\":{\"@id\":\"https:\/\/www.chinakingtyre.com\/product\/kingtyre-k96-mini-gp-racing-tire\/#breadcrumb\"},\"inLanguage\":\"cs\",\"potentialAction\":[{\"@type\":\"ReadAction\",\"target\":[\"https:\/\/www.chinakingtyre.com\/product\/kingtyre-k96-mini-gp-racing-tire\/\"]}]},{\"@type\":\"ImageObject\",\"inLanguage\":\"cs\",\"@id\":\"https:\/\/www.chinakingtyre.com\/product\/kingtyre-k96-mini-gp-racing-tire\/#primaryimage\",\"url\":\"https:\/\/www.chinakingtyre.com\/wp-content\/uploads\/2025\/08\/kingtyre-k96-mini-semi-slick-tires.jpg\",\"contentUrl\":\"https:\/\/www.chinakingtyre.com\/wp-content\/uploads\/2025\/08\/kingtyre-k96-mini-semi-slick-tires.jpg\",\"width\":800,\"height\":800,\"caption\":\"kingtyre-k96-mini-semi-slick-tires\"},{\"@type\":\"BreadcrumbList\",\"@id\":\"https:\/\/www.chinakingtyre.com\/product\/kingtyre-k96-mini-gp-racing-tire\/#breadcrumb\",\"itemListElement\":[{\"@type\":\"ListItem\",\"position\":1,\"name\":\"Home\",\"item\":\"https:\/\/www.chinakingtyre.com\/\"},{\"@type\":\"ListItem\",\"position\":2,\"name\":\"Kingtyre Product List\",\"item\":\"https:\/\/www.chinakingtyre.com\/kingtyre-product-list\/\"},{\"@type\":\"ListItem\",\"position\":3,\"name\":\"Kingtyre K96 \u2013 Professional Mini GP Racing Tires for Unmatched Track Control\"}]},{\"@type\":\"WebSite\",\"@id\":\"https:\/\/www.chinakingtyre.com\/#website\",\"url\":\"https:\/\/www.chinakingtyre.com\/\",\"name\":\"KingTyre Professional motorcycle tire manufacturer\",\"description\":\"\",\"publisher\":{\"@id\":\"https:\/\/www.chinakingtyre.com\/#organization\"},\"potentialAction\":[{\"@type\":\"SearchAction\",\"target\":{\"@type\":\"EntryPoint\",\"urlTemplate\":\"https:\/\/www.chinakingtyre.com\/?s={search_term_string}\"},\"query-input\":{\"@type\":\"PropertyValueSpecification\",\"valueRequired\":true,\"valueName\":\"search_term_string\"}}],\"inLanguage\":\"cs\"},{\"@type\":\"Organization\",\"@id\":\"https:\/\/www.chinakingtyre.com\/#organization\",\"name\":\"TIANJIN KINGTYRE GROUP CO.,LTD\",\"url\":\"https:\/\/www.chinakingtyre.com\/\",\"logo\":{\"@type\":\"ImageObject\",\"inLanguage\":\"cs\",\"@id\":\"https:\/\/www.chinakingtyre.com\/#\/schema\/logo\/image\/\",\"url\":\"https:\/\/www.chinakingtyre.com\/wp-content\/uploads\/2025\/07\/LOGO.png\",\"contentUrl\":\"https:\/\/www.chinakingtyre.com\/wp-content\/uploads\/2025\/07\/LOGO.png\",\"width\":870,\"height\":212,\"caption\":\"TIANJIN KINGTYRE GROUP CO.,LTD\"},\"image\":{\"@id\":\"https:\/\/www.chinakingtyre.com\/#\/schema\/logo\/image\/\"},\"sameAs\":[\"https:\/\/www.facebook.com\/ChinaKingTyre\"]}]}<\/script>\n<!-- \/ Yoast SEO Premium plugin. -->","yoast_head_json":{"title":"Kingtyre K96 Mini GP Z\u00e1vodn\u00ed pneumatiky | 12palcov\u00e9 pneumatiky pro motocykly","description":"Z\u00e1vodn\u00ed pneumatika Kingtyre K96 mini GP poskytuje mistrovskou p\u0159ilnavost, stabilitu a rychl\u00e9 zah\u0159\u00e1t\u00ed pro z\u00e1vodn\u00ed motocykly s mal\u00fdm objemem. Ide\u00e1ln\u00ed pro rozm\u011bry 100\/90R12 a 120\/80R12.","robots":{"index":"index","follow":"follow","max-snippet":"max-snippet:-1","max-image-preview":"max-image-preview:large","max-video-preview":"max-video-preview:-1"},"canonical":"https:\/\/www.chinakingtyre.com\/cs\/product\/zavodni-pneumatika-kingtyre-k96-mini-gp\/","og_locale":"cs_CZ","og_type":"article","og_title":"Kingtyre K96 \u2013 Professional Mini GP Racing Tires for Unmatched Track Control","og_description":"The Kingtyre K96 mini GP racing tire delivers championship-level grip, stability, and quick warm-up for small-displacement race bikes. Ideal for 100\/90R12 & 120\/80R12.","og_url":"https:\/\/www.chinakingtyre.com\/cs\/product\/zavodni-pneumatika-kingtyre-k96-mini-gp\/","og_site_name":"KingTyre Professional motorcycle tire manufacturer","article_publisher":"https:\/\/www.facebook.com\/ChinaKingTyre","article_modified_time":"2025-08-15T07:03:54+00:00","og_image":[{"width":800,"height":800,"url":"https:\/\/www.chinakingtyre.com\/wp-content\/uploads\/2025\/08\/kingtyre-k96-mini-semi-slick-tires.jpg","type":"image\/jpeg"}],"twitter_card":"summary_large_image","twitter_misc":{"Odhadovan\u00e1 doba \u010dten\u00ed":"3 minuty"},"schema":{"@context":"https:\/\/schema.org","@graph":[{"@type":"WebPage","@id":"https:\/\/www.chinakingtyre.com\/product\/kingtyre-k96-mini-gp-racing-tire\/","url":"https:\/\/www.chinakingtyre.com\/product\/kingtyre-k96-mini-gp-racing-tire\/","name":"Kingtyre K96 Mini GP Z\u00e1vodn\u00ed pneumatiky | 12palcov\u00e9 pneumatiky pro motocykly","isPartOf":{"@id":"https:\/\/www.chinakingtyre.com\/#website"},"primaryImageOfPage":{"@id":"https:\/\/www.chinakingtyre.com\/product\/kingtyre-k96-mini-gp-racing-tire\/#primaryimage"},"image":{"@id":"https:\/\/www.chinakingtyre.com\/product\/kingtyre-k96-mini-gp-racing-tire\/#primaryimage"},"thumbnailUrl":"https:\/\/www.chinakingtyre.com\/wp-content\/uploads\/2025\/08\/kingtyre-k96-mini-semi-slick-tires.jpg","datePublished":"2025-08-15T03:47:17+00:00","dateModified":"2025-08-15T07:03:54+00:00","description":"Z\u00e1vodn\u00ed pneumatika Kingtyre K96 mini GP poskytuje mistrovskou p\u0159ilnavost, stabilitu a rychl\u00e9 zah\u0159\u00e1t\u00ed pro z\u00e1vodn\u00ed motocykly s mal\u00fdm objemem. Ide\u00e1ln\u00ed pro rozm\u011bry 100\/90R12 a 120\/80R12.","breadcrumb":{"@id":"https:\/\/www.chinakingtyre.com\/product\/kingtyre-k96-mini-gp-racing-tire\/#breadcrumb"},"inLanguage":"cs","potentialAction":[{"@type":"ReadAction","target":["https:\/\/www.chinakingtyre.com\/product\/kingtyre-k96-mini-gp-racing-tire\/"]}]},{"@type":"ImageObject","inLanguage":"cs","@id":"https:\/\/www.chinakingtyre.com\/product\/kingtyre-k96-mini-gp-racing-tire\/#primaryimage","url":"https:\/\/www.chinakingtyre.com\/wp-content\/uploads\/2025\/08\/kingtyre-k96-mini-semi-slick-tires.jpg","contentUrl":"https:\/\/www.chinakingtyre.com\/wp-content\/uploads\/2025\/08\/kingtyre-k96-mini-semi-slick-tires.jpg","width":800,"height":800,"caption":"kingtyre-k96-mini-semi-slick-tires"},{"@type":"BreadcrumbList","@id":"https:\/\/www.chinakingtyre.com\/product\/kingtyre-k96-mini-gp-racing-tire\/#breadcrumb","itemListElement":[{"@type":"ListItem","position":1,"name":"Home","item":"https:\/\/www.chinakingtyre.com\/"},{"@type":"ListItem","position":2,"name":"Kingtyre Product List","item":"https:\/\/www.chinakingtyre.com\/kingtyre-product-list\/"},{"@type":"ListItem","position":3,"name":"Kingtyre K96 \u2013 Professional Mini GP Racing Tires for Unmatched Track Control"}]},{"@type":"WebSite","@id":"https:\/\/www.chinakingtyre.com\/#website","url":"https:\/\/www.chinakingtyre.com\/","name":"KingTyre Profesion\u00e1ln\u00ed v\u00fdrobce motocyklov\u00fdch pneumatik","description":"","publisher":{"@id":"https:\/\/www.chinakingtyre.com\/#organization"},"potentialAction":[{"@type":"SearchAction","target":{"@type":"EntryPoint","urlTemplate":"https:\/\/www.chinakingtyre.com\/?s={search_term_string}"},"query-input":{"@type":"PropertyValueSpecification","valueRequired":true,"valueName":"search_term_string"}}],"inLanguage":"cs"},{"@type":"Organization","@id":"https:\/\/www.chinakingtyre.com\/#organization","name":"TIANJIN KINGTYRE GROUP CO., LTD","url":"https:\/\/www.chinakingtyre.com\/","logo":{"@type":"ImageObject","inLanguage":"cs","@id":"https:\/\/www.chinakingtyre.com\/#\/schema\/logo\/image\/","url":"https:\/\/www.chinakingtyre.com\/wp-content\/uploads\/2025\/07\/LOGO.png","contentUrl":"https:\/\/www.chinakingtyre.com\/wp-content\/uploads\/2025\/07\/LOGO.png","width":870,"height":212,"caption":"TIANJIN KINGTYRE GROUP CO.,LTD"},"image":{"@id":"https:\/\/www.chinakingtyre.com\/#\/schema\/logo\/image\/"},"sameAs":["https:\/\/www.facebook.com\/ChinaKingTyre"]}]}},"_links":{"self":[{"href":"https:\/\/www.chinakingtyre.com\/cs\/wp-json\/wp\/v2\/product\/434","targetHints":{"allow":["GET"]}}],"collection":[{"href":"https:\/\/www.chinakingtyre.com\/cs\/wp-json\/wp\/v2\/product"}],"about":[{"href":"https:\/\/www.chinakingtyre.com\/cs\/wp-json\/wp\/v2\/types\/product"}],"replies":[{"embeddable":true,"href":"https:\/\/www.chinakingtyre.com\/cs\/wp-json\/wp\/v2\/comments?post=434"}],"wp:featuredmedia":[{"embeddable":true,"href":"https:\/\/www.chinakingtyre.com\/cs\/wp-json\/wp\/v2\/media\/438"}],"wp:attachment":[{"href":"https:\/\/www.chinakingtyre.com\/cs\/wp-json\/wp\/v2\/media?parent=434"}],"curies":[{"name":"wp","href":"https:\/\/api.w.org\/{rel}","templated":true}]}}