{"id":452,"date":"2025-08-18T02:38:19","date_gmt":"2025-08-18T02:38:19","guid":{"rendered":"https:\/\/www.chinakingtyre.com\/?post_type=product&#038;p=452"},"modified":"2025-08-27T00:54:53","modified_gmt":"2025-08-27T00:54:53","slug":"kingtyre-k97-sport-on-road","status":"publish","type":"product","link":"https:\/\/www.chinakingtyre.com\/cs\/product\/kingtyre-k97-sport-on-road\/","title":{"rendered":"Silni\u010dn\u00ed pneumatika Kingtyre K97 Sport: Pneumatiky s vysp\u011blou konstrukc\u00ed pro p\u0159esnost, p\u0159ilnavost a dlouhou \u017eivotnost: Pokro\u010dil\u00e1 konstrukce pro p\u0159esnost, p\u0159ilnavost a dlouhou \u017eivotnost"},"content":{"rendered":"<h2><strong>Nov\u00e1 definice v\u00fdkonnosti na silnici<\/strong><\/h2>\n<p>Motocyklov\u00e9 pneumatiky jsou v\u00edc ne\u017e jen sou\u010d\u00e1stky - jsou to <strong>kritick\u00e9 spojen\u00ed mezi strojem a silnic\u00ed<\/strong>. Podle pr\u016fzkumu spole\u010dnosti 2023 <em>Rada motocyklov\u00e9ho pr\u016fmyslu<\/em>, <strong>72% jezdc\u016f pova\u017euje p\u0159ilnavost pneumatik za nejd\u016fle\u017eit\u011bj\u0161\u00ed faktor<\/strong> ovliv\u0148uje jejich jezdeckou jistotu.<\/p>\n<p>Na str\u00e1nk\u00e1ch <strong><a href=\"https:\/\/www.chinakingtyre.com\/cs\/\">Kingtyre<\/a> Sportovn\u00ed silni\u010dn\u00ed pneumatika K97<\/strong> byl pe\u010dliv\u011b navr\u017een tak, aby uspokojil tuto popt\u00e1vku a spojil v sob\u011b <strong>p\u0159esn\u00e1 manipulace<\/strong>, <strong>vylep\u0161en\u00e1 p\u0159ilnavost<\/strong>a <strong>v\u00fdjime\u010dn\u00e1 \u017eivotnost<\/strong>. A\u0165 u\u017e jezd\u00edte v p\u0159et\u00ed\u017een\u00fdch m\u011bstsk\u00fdch ulic\u00edch, nakl\u00e1n\u00edte se do prudk\u00fdch horsk\u00fdch zat\u00e1\u010dek nebo p\u0159ekon\u00e1v\u00e1te limity p\u0159i v\u00edkendov\u00fdch z\u00e1vodn\u00edch dnech, K97 je navr\u017een tak, aby pod\u00e1val lep\u0161\u00ed v\u00fdkony.<\/p>\n<hr \/>\n<h3><img loading=\"lazy\" decoding=\"async\" class=\"aligncenter wp-image-453 size-full\" src=\"https:\/\/www.chinakingtyre.com\/wp-content\/uploads\/2025\/08\/kingtyre-k97-sport-performance.jpg\" alt=\"Sportovn\u00ed silni\u010dn\u00ed pneumatika Kingtyre K97 s agresivn\u00edm dez\u00e9nem pro sportovn\u00ed motocykly\" width=\"1678\" height=\"794\" srcset=\"https:\/\/www.chinakingtyre.com\/wp-content\/uploads\/2025\/08\/kingtyre-k97-sport-performance.jpg 1678w, https:\/\/www.chinakingtyre.com\/wp-content\/uploads\/2025\/08\/kingtyre-k97-sport-performance-300x142.jpg 300w, https:\/\/www.chinakingtyre.com\/wp-content\/uploads\/2025\/08\/kingtyre-k97-sport-performance-1024x485.jpg 1024w, https:\/\/www.chinakingtyre.com\/wp-content\/uploads\/2025\/08\/kingtyre-k97-sport-performance-768x363.jpg 768w, https:\/\/www.chinakingtyre.com\/wp-content\/uploads\/2025\/08\/kingtyre-k97-sport-performance-1536x727.jpg 1536w, https:\/\/www.chinakingtyre.com\/wp-content\/uploads\/2025\/08\/kingtyre-k97-sport-performance-18x9.jpg 18w, https:\/\/www.chinakingtyre.com\/wp-content\/uploads\/2025\/08\/kingtyre-k97-sport-performance-600x284.jpg 600w\" sizes=\"auto, (max-width: 1678px) 100vw, 1678px\" \/><\/h3>\n<hr \/>\n<h2><strong>V\u00fdkonnostn\u00ed in\u017een\u00fdrstv\u00ed podpo\u0159en\u00e9 daty<\/strong><\/h2>\n<p>Na str\u00e1nk\u00e1ch <strong>Dez\u00e9n b\u011bhounu K97<\/strong> je optimalizov\u00e1n pro maxim\u00e1ln\u00ed trakci. Nez\u00e1visl\u00e9 testy na trati proveden\u00e9 na <strong>Jiangsu Proving Grounds (2024)<\/strong> uk\u00e1zal:<\/p>\n<ul>\n<li><strong>+18% zlep\u0161en\u00ed brzdn\u00e9 dr\u00e1hy na mokru<\/strong> ve srovn\u00e1n\u00ed s b\u011b\u017en\u00fdmi sportovn\u00edmi pneumatikami.<\/li>\n<li><strong>15% vy\u0161\u0161\u00ed stabilita v zat\u00e1\u010dk\u00e1ch<\/strong> p\u0159i \u00fahlech n\u00e1klonu nad 40\u00b0.<\/li>\n<li><strong>Prodlou\u017een\u00e1 \u017eivotnost b\u011bhounu o 20%<\/strong> p\u0159i sm\u00ed\u0161en\u00fdch j\u00edzdn\u00edch podm\u00ednk\u00e1ch (m\u011bsto + d\u00e1lnice).<\/li>\n<\/ul>\n<p>Na str\u00e1nk\u00e1ch <strong>slou\u010denina obohacen\u00e1 oxidem k\u0159emi\u010dit\u00fdm<\/strong> zlep\u0161uje p\u0159ilnavost za mokra, zat\u00edmco <strong>v\u00edcevrstv\u00e1 konstrukce kostry<\/strong> zlep\u0161uje stabilitu p\u0159i vysok\u00fdch rychlostech a\u017e na <strong>270 km\/h<\/strong>.<\/p>\n<hr \/>\n<h3><img loading=\"lazy\" decoding=\"async\" class=\"aligncenter wp-image-454 size-full\" src=\"https:\/\/www.chinakingtyre.com\/wp-content\/uploads\/2025\/08\/kingtyre-k97-tread-closeup.jpg\" alt=\"Detailn\u00ed z\u00e1b\u011br dez\u00e9nu pneumatiky Kingtyre K97 optimalizovan\u00e9ho pro p\u0159ilnavost na mokr\u00e9 a such\u00e9 vozovce\" width=\"1678\" height=\"794\" srcset=\"https:\/\/www.chinakingtyre.com\/wp-content\/uploads\/2025\/08\/kingtyre-k97-tread-closeup.jpg 1678w, https:\/\/www.chinakingtyre.com\/wp-content\/uploads\/2025\/08\/kingtyre-k97-tread-closeup-300x142.jpg 300w, https:\/\/www.chinakingtyre.com\/wp-content\/uploads\/2025\/08\/kingtyre-k97-tread-closeup-1024x485.jpg 1024w, https:\/\/www.chinakingtyre.com\/wp-content\/uploads\/2025\/08\/kingtyre-k97-tread-closeup-768x363.jpg 768w, https:\/\/www.chinakingtyre.com\/wp-content\/uploads\/2025\/08\/kingtyre-k97-tread-closeup-1536x727.jpg 1536w, https:\/\/www.chinakingtyre.com\/wp-content\/uploads\/2025\/08\/kingtyre-k97-tread-closeup-18x9.jpg 18w, https:\/\/www.chinakingtyre.com\/wp-content\/uploads\/2025\/08\/kingtyre-k97-tread-closeup-600x284.jpg 600w\" sizes=\"auto, (max-width: 1678px) 100vw, 1678px\" \/><\/h3>\n<hr \/>\n<h2><strong>Rozs\u00e1hl\u00fd rozsah velikost\u00ed<\/strong><\/h2>\n<p>Na rozd\u00edl od mnoha silni\u010dn\u00edch pneumatik ur\u010den\u00fdch pouze pro sportovn\u00ed motocykly jsou pneumatiky <strong>Kingtyre<\/strong> <strong>Sestava K97<\/strong> pokr\u00fdv\u00e1 \u0161irok\u00e9 spektrum - od <strong>lehk\u00e9 silni\u010dn\u00ed motocykly<\/strong> na <strong>superbiky litrov\u00e9 t\u0159\u00eddy<\/strong>.<\/p>\n<p><strong>Rozm\u011bry p\u0159edn\u00ed \u010d\u00e1sti (8 mo\u017enost\u00ed):<\/strong><\/p>\n<p>90\/80R17, 100\/90ZR21, 110\/70ZR17, 120\/60ZR17, 120\/70ZR17, 120\/70ZR18, 120\/70ZR19, 130\/70R18.<\/p>\n<p><strong>Zadn\u00ed velikosti (14 mo\u017enost\u00ed):<\/strong><\/p>\n<p>130\/70ZR17, 140\/70ZR17, 150\/60ZR17, 160\/60ZR17, 170\/60ZR17, 180\/55ZR17, 180\/60ZR17, 190\/50ZR17, 190\/55ZR17, 200\/50ZR17, 200\/55ZR17, 240\/45ZR17, 240\/40R18, 260\/40R18.<\/p>\n<p><em>D\u00edky tomu je K97 jedn\u00edm z <strong>nejuniverz\u00e1ln\u011bj\u0161\u00ed sportovn\u00ed silni\u010dn\u00ed pneumatiky<\/strong>, kter\u00e9 pokr\u00fdvaj\u00ed v\u00edce ne\u017e 85% sv\u011btov\u00fdch sportovn\u00edch motocykl\u016f.<\/em><\/p>\n<hr \/>\n<h3><img loading=\"lazy\" decoding=\"async\" class=\"aligncenter wp-image-455 size-full\" src=\"https:\/\/www.chinakingtyre.com\/wp-content\/uploads\/2025\/08\/kingtyre-k97-size-chart.jpg\" alt=\"Tabulka zobrazuj\u00edc\u00ed dostupn\u00e9 rozm\u011bry motocyklov\u00fdch pneumatik Kingtyre K97 pro p\u0159edn\u00ed a zadn\u00ed kola\" width=\"1678\" height=\"794\" srcset=\"https:\/\/www.chinakingtyre.com\/wp-content\/uploads\/2025\/08\/kingtyre-k97-size-chart.jpg 1678w, https:\/\/www.chinakingtyre.com\/wp-content\/uploads\/2025\/08\/kingtyre-k97-size-chart-300x142.jpg 300w, https:\/\/www.chinakingtyre.com\/wp-content\/uploads\/2025\/08\/kingtyre-k97-size-chart-1024x485.jpg 1024w, https:\/\/www.chinakingtyre.com\/wp-content\/uploads\/2025\/08\/kingtyre-k97-size-chart-768x363.jpg 768w, https:\/\/www.chinakingtyre.com\/wp-content\/uploads\/2025\/08\/kingtyre-k97-size-chart-1536x727.jpg 1536w, https:\/\/www.chinakingtyre.com\/wp-content\/uploads\/2025\/08\/kingtyre-k97-size-chart-18x9.jpg 18w, https:\/\/www.chinakingtyre.com\/wp-content\/uploads\/2025\/08\/kingtyre-k97-size-chart-600x284.jpg 600w\" sizes=\"auto, (max-width: 1678px) 100vw, 1678px\" \/><\/h3>\n<hr \/>\n<h2><strong>Testov\u00e1no a ov\u011b\u0159eno v re\u00e1ln\u00fdch sc\u00e9n\u00e1\u0159\u00edch<\/strong><\/h2>\n<p>Kingtyre provedl <strong>v\u00edce ne\u017e 500 000 km kombinovan\u00fdch silni\u010dn\u00edch test\u016f<\/strong> v Asii, Evrop\u011b a Severn\u00ed Americe. V\u00fdsledky prok\u00e1zaly:<\/p>\n<ul>\n<li><strong>St\u00e1l\u00e1 p\u0159ilnavost p\u0159i teplot\u00e1ch od 10 \u00b0C do 45 \u00b0C<\/strong>.<\/li>\n<li><strong>Sn\u00ed\u017een\u00ed \u00farovn\u011b vibrac\u00ed o 12%<\/strong>, co\u017e zvy\u0161uje pohodl\u00ed jezdce p\u0159i cestov\u00e1n\u00ed na dlouh\u00e9 vzd\u00e1lenosti.<\/li>\n<li><strong>Stabilita v zat\u00e1\u010dk\u00e1ch hodnocena 9,3\/10<\/strong> mezi profesion\u00e1ln\u00edmi testovac\u00edmi jezdci.<\/li>\n<\/ul>\n<p>Zp\u011btn\u00e1 vazba zd\u016fraznila plynulej\u0161\u00ed p\u0159echody v \u00fahlech n\u00e1klonu a p\u0159edv\u00eddateln\u00e9 obnoven\u00ed trakce p\u0159i agresivn\u00edm se\u0161l\u00e1pnut\u00ed plynu.<\/p>\n<hr \/>\n<h2><strong>Hlavn\u00ed v\u00fdhody Kingtyre K97<\/strong><\/h2>\n<p>\u2714 Agresivn\u00ed konstrukce b\u011bhounu pro <strong>vynikaj\u00edc\u00ed p\u0159ilnavost za sucha i mokra<\/strong><\/p>\n<p>\u2714 Vysokorychlostn\u00ed stabilita prok\u00e1zan\u00e1 a\u017e do <strong>270 km\/h<\/strong><\/p>\n<p>\u2714 Prodlou\u017een\u00fd kilometrov\u00fd prob\u011bh: <strong>\u017eivotnost a\u017e 18 000 km<\/strong> v r\u00e1mci sm\u00ed\u0161en\u00e9ho vyu\u017eit\u00ed<\/p>\n<p>\u2714 \u0160irok\u00e1 kompatibilita: <strong>22 mo\u017enost\u00ed velikosti<\/strong> pro r\u016fzn\u00e9 motocykly<\/p>\n<p>\u2714 Osv\u011bd\u010den\u00e9 v <strong>nez\u00e1visl\u00e9 testy na trati a na silnici<\/strong><\/p>\n<hr \/>\n<h2><strong>Z\u00e1v\u011br<\/strong><\/h2>\n<p>Na str\u00e1nk\u00e1ch <strong>Silni\u010dn\u00ed pneumatika Kingtyre K97 Sport<\/strong> nen\u00ed jen dal\u0161\u00ed motocyklov\u00e1 pneumatika - je to <strong>\u0159e\u0161en\u00ed zalo\u017een\u00e9 na datech a prov\u011b\u0159en\u00e9 jezdci.<\/strong> pro nad\u0161ence do v\u00fdkonu. Se sv\u00fdm <strong>dez\u00e9n b\u011bhounu inspirovan\u00fd z\u00e1vodn\u00edm stylem<\/strong>, <strong>\u0161irok\u00e1 dostupnost velikost\u00ed<\/strong>a <strong>v\u00fdjime\u010dn\u011b vyv\u00e1\u017een\u00e1 p\u0159ilnavost a odolnost<\/strong>, K97 poskytuje jistotu a kontrolu, kterou modern\u00ed jezdci vy\u017eaduj\u00ed.<\/p>\n<p>A\u0165 u\u017e doj\u00ed\u017ed\u00edte do pr\u00e1ce, br\u00e1zd\u00edte horsk\u00e9 silnice nebo m\u011b\u0159\u00edte \u010dasy na kolo, K97 v\u00e1m zajist\u00ed, \u017ee budete m\u00edt n\u00e1skok.<\/p>\n<hr \/>\n<p><a href=\"https:\/\/www.facebook.com\/ChinaKingTyre\">Sledujte n\u00e1s na Facebooku<\/a><\/p>\n<p><!-- notionvc: 1924e58b-8c6e-4f05-b047-dc6296c181b4 --><\/p>","protected":false},"excerpt":{"rendered":"<p>Sportovn\u00ed silni\u010dn\u00ed pneumatika Kingtyre K97 poskytuje elitn\u00ed j\u00edzdn\u00ed vlastnosti, vynikaj\u00edc\u00ed trakci a prodlou\u017een\u00fd kilometrov\u00fd v\u00fdkon. K dispozici v n\u011bkolika velikostech pro sportovn\u00ed motocykly a cestovn\u00ed motocykly.<!-- notionvc: 6e29a8ee-361f-4430-b05e-342cf1767276 --><\/p>","protected":false},"featured_media":443,"comment_status":"open","ping_status":"closed","template":"","meta":[],"class_list":{"0":"post-452","1":"product","2":"type-product","3":"status-publish","4":"has-post-thumbnail","6":"product_cat-commute-motorcycle-tires","7":"product_cat-super-sport-motorcycle-tires","8":"product_tag-100-90zr21","9":"product_tag-110-70zr17","10":"product_tag-120-70-17-motorcycle-tire","11":"product_tag-120-70-17-tire","12":"product_tag-120-70r17-2","13":"product_tag-120-70r17-motorcycle-tire","14":"product_tag-120-70x17-dual-sport-tire","15":"product_tag-120-70x17-motorcycle-tire","16":"product_tag-120-70x17-tire","17":"product_tag-120-70-zr17-motorcycle-tire","18":"product_tag-120-70-zr17","19":"product_tag-120-70zr17-front-tire","20":"product_tag-120-70zr17-tire","21":"product_tag-120-60zr17","22":"product_tag-120-70zr17","23":"product_tag-120-70zr18","24":"product_tag-120-70zr19","25":"product_tag-130-70r17","26":"product_tag-130-70r18","27":"product_tag-140-70zr17","28":"product_tag-150-60zr17","29":"product_tag-160-60zr17","30":"product_tag-170-60zr17","31":"product_tag-180-55zr17","32":"product_tag-180-60zr17","33":"product_tag-190-50zr17","34":"product_tag-190-55zr17","35":"product_tag-200-50zr17","36":"product_tag-200-55zr17","37":"product_tag-240-40r18","38":"product_tag-240-45zr17","39":"product_tag-260-40r18","40":"product_tag-90-80r17","41":"product_tag-aggressive-tread-motorcycle-tires","42":"product_tag-all-weather-motorcycle-tires","43":"product_tag-dry-grip-sport-tires","44":"product_tag-high-speed-motorcycle-tires","45":"product_tag-kingtyre","46":"product_tag-kingtyre-k97","47":"product_tag-kingtyre-motorcycle-tires","48":"product_tag-long-lasting-motorcycle-tires","49":"product_tag-motorcycle-cornering-stability","50":"product_tag-motorcycle-grip-technology","51":"product_tag-motorcycle-performance-testing","52":"product_tag-motorcycle-safety-tires","53":"product_tag-motorcycle-tire-durability","54":"product_tag-motorcycle-tire-size-chart","55":"product_tag-motorcycle-touring-tires","56":"product_tag-motorcycle-track-day-tires","57":"product_tag-motorcycle-tyres-120-70-zr17","58":"product_tag-on-road-motorcycle-tires","59":"product_tag-premium-motorcycle-tires","60":"product_tag-sport-touring-motorcycle-tires","61":"product_tag-super-sport-tires","62":"product_tag-wet-grip-motorcycle-tires","64":"first","65":"instock","66":"shipping-taxable","67":"product-type-simple"},"yoast_head":"<!-- This site is optimized with the Yoast SEO Premium plugin v25.1 (Yoast SEO v25.1) - https:\/\/yoast.com\/wordpress\/plugins\/seo\/ -->\n<title>Kingtyre K97 Sport On-Road Motorcycle Tire | Precision Grip<\/title>\n<meta name=\"description\" content=\"The Kingtyre K97 Sport On-Road Tire delivers elite handling, superior traction, and extended mileage. Available in multiple sizes for sport bikes and touring motorcycles.\" \/>\n<meta name=\"robots\" content=\"index, follow, max-snippet:-1, max-image-preview:large, max-video-preview:-1\" \/>\n<link rel=\"canonical\" href=\"https:\/\/www.chinakingtyre.com\/cs\/product\/kingtyre-k97-sport-on-road\/\" \/>\n<meta property=\"og:locale\" content=\"cs_CZ\" \/>\n<meta property=\"og:type\" content=\"article\" \/>\n<meta property=\"og:title\" content=\"Kingtyre K97 Sport On-Road Tire: Advanced Engineering for Precision, Grip, and Longevity\" \/>\n<meta property=\"og:description\" content=\"The Kingtyre K97 Sport On-Road Tire delivers elite handling, superior traction, and extended mileage. Available in multiple sizes for sport bikes and touring motorcycles.\" \/>\n<meta property=\"og:url\" content=\"https:\/\/www.chinakingtyre.com\/cs\/product\/kingtyre-k97-sport-on-road\/\" \/>\n<meta property=\"og:site_name\" content=\"KingTyre Professional motorcycle tire manufacturer\" \/>\n<meta property=\"article:publisher\" content=\"https:\/\/www.facebook.com\/ChinaKingTyre\" \/>\n<meta property=\"article:modified_time\" content=\"2025-08-27T00:54:53+00:00\" \/>\n<meta property=\"og:image\" content=\"https:\/\/www.chinakingtyre.com\/wp-content\/uploads\/2025\/08\/Kingtyre-K97-Supermoto-Treaded-Racing-Tires.jpg\" \/>\n\t<meta property=\"og:image:width\" content=\"800\" \/>\n\t<meta property=\"og:image:height\" content=\"800\" \/>\n\t<meta property=\"og:image:type\" content=\"image\/jpeg\" \/>\n<meta name=\"twitter:card\" content=\"summary_large_image\" \/>\n<meta name=\"twitter:label1\" content=\"Odhadovan\u00e1 doba \u010dten\u00ed\" \/>\n\t<meta name=\"twitter:data1\" content=\"3 minuty\" \/>\n<script type=\"application\/ld+json\" class=\"yoast-schema-graph\">{\"@context\":\"https:\/\/schema.org\",\"@graph\":[{\"@type\":\"WebPage\",\"@id\":\"https:\/\/www.chinakingtyre.com\/product\/kingtyre-k97-sport-on-road\/\",\"url\":\"https:\/\/www.chinakingtyre.com\/product\/kingtyre-k97-sport-on-road\/\",\"name\":\"Kingtyre K97 Sport On-Road Motorcycle Tire | Precision Grip\",\"isPartOf\":{\"@id\":\"https:\/\/www.chinakingtyre.com\/#website\"},\"primaryImageOfPage\":{\"@id\":\"https:\/\/www.chinakingtyre.com\/product\/kingtyre-k97-sport-on-road\/#primaryimage\"},\"image\":{\"@id\":\"https:\/\/www.chinakingtyre.com\/product\/kingtyre-k97-sport-on-road\/#primaryimage\"},\"thumbnailUrl\":\"https:\/\/www.chinakingtyre.com\/wp-content\/uploads\/2025\/08\/Kingtyre-K97-Supermoto-Treaded-Racing-Tires.jpg\",\"datePublished\":\"2025-08-18T02:38:19+00:00\",\"dateModified\":\"2025-08-27T00:54:53+00:00\",\"description\":\"The Kingtyre K97 Sport On-Road Tire delivers elite handling, superior traction, and extended mileage. Available in multiple sizes for sport bikes and touring motorcycles.\",\"breadcrumb\":{\"@id\":\"https:\/\/www.chinakingtyre.com\/product\/kingtyre-k97-sport-on-road\/#breadcrumb\"},\"inLanguage\":\"cs\",\"potentialAction\":[{\"@type\":\"ReadAction\",\"target\":[\"https:\/\/www.chinakingtyre.com\/product\/kingtyre-k97-sport-on-road\/\"]}]},{\"@type\":\"ImageObject\",\"inLanguage\":\"cs\",\"@id\":\"https:\/\/www.chinakingtyre.com\/product\/kingtyre-k97-sport-on-road\/#primaryimage\",\"url\":\"https:\/\/www.chinakingtyre.com\/wp-content\/uploads\/2025\/08\/Kingtyre-K97-Supermoto-Treaded-Racing-Tires.jpg\",\"contentUrl\":\"https:\/\/www.chinakingtyre.com\/wp-content\/uploads\/2025\/08\/Kingtyre-K97-Supermoto-Treaded-Racing-Tires.jpg\",\"width\":800,\"height\":800,\"caption\":\"Kingtyre-K97-Supermoto-Treaded-Racing-Tires\"},{\"@type\":\"BreadcrumbList\",\"@id\":\"https:\/\/www.chinakingtyre.com\/product\/kingtyre-k97-sport-on-road\/#breadcrumb\",\"itemListElement\":[{\"@type\":\"ListItem\",\"position\":1,\"name\":\"Home\",\"item\":\"https:\/\/www.chinakingtyre.com\/\"},{\"@type\":\"ListItem\",\"position\":2,\"name\":\"Kingtyre Product List\",\"item\":\"https:\/\/www.chinakingtyre.com\/kingtyre-product-list\/\"},{\"@type\":\"ListItem\",\"position\":3,\"name\":\"Kingtyre K97 Sport On-Road Tire: Advanced Engineering for Precision, Grip, and Longevity\"}]},{\"@type\":\"WebSite\",\"@id\":\"https:\/\/www.chinakingtyre.com\/#website\",\"url\":\"https:\/\/www.chinakingtyre.com\/\",\"name\":\"KingTyre Professional motorcycle tire manufacturer\",\"description\":\"\",\"publisher\":{\"@id\":\"https:\/\/www.chinakingtyre.com\/#organization\"},\"potentialAction\":[{\"@type\":\"SearchAction\",\"target\":{\"@type\":\"EntryPoint\",\"urlTemplate\":\"https:\/\/www.chinakingtyre.com\/?s={search_term_string}\"},\"query-input\":{\"@type\":\"PropertyValueSpecification\",\"valueRequired\":true,\"valueName\":\"search_term_string\"}}],\"inLanguage\":\"cs\"},{\"@type\":\"Organization\",\"@id\":\"https:\/\/www.chinakingtyre.com\/#organization\",\"name\":\"TIANJIN KINGTYRE GROUP CO.,LTD\",\"url\":\"https:\/\/www.chinakingtyre.com\/\",\"logo\":{\"@type\":\"ImageObject\",\"inLanguage\":\"cs\",\"@id\":\"https:\/\/www.chinakingtyre.com\/#\/schema\/logo\/image\/\",\"url\":\"https:\/\/www.chinakingtyre.com\/wp-content\/uploads\/2025\/07\/LOGO.png\",\"contentUrl\":\"https:\/\/www.chinakingtyre.com\/wp-content\/uploads\/2025\/07\/LOGO.png\",\"width\":870,\"height\":212,\"caption\":\"TIANJIN KINGTYRE GROUP CO.,LTD\"},\"image\":{\"@id\":\"https:\/\/www.chinakingtyre.com\/#\/schema\/logo\/image\/\"},\"sameAs\":[\"https:\/\/www.facebook.com\/ChinaKingTyre\"]}]}<\/script>\n<!-- \/ Yoast SEO Premium plugin. -->","yoast_head_json":{"title":"Pneumatika Kingtyre K97 Sport pro silni\u010dn\u00ed motocykly | Precision Grip","description":"Sportovn\u00ed silni\u010dn\u00ed pneumatika Kingtyre K97 poskytuje elitn\u00ed j\u00edzdn\u00ed vlastnosti, vynikaj\u00edc\u00ed trakci a prodlou\u017een\u00fd kilometrov\u00fd v\u00fdkon. K dispozici v n\u011bkolika velikostech pro sportovn\u00ed motocykly a cestovn\u00ed motocykly.","robots":{"index":"index","follow":"follow","max-snippet":"max-snippet:-1","max-image-preview":"max-image-preview:large","max-video-preview":"max-video-preview:-1"},"canonical":"https:\/\/www.chinakingtyre.com\/cs\/product\/kingtyre-k97-sport-on-road\/","og_locale":"cs_CZ","og_type":"article","og_title":"Kingtyre K97 Sport On-Road Tire: Advanced Engineering for Precision, Grip, and Longevity","og_description":"The Kingtyre K97 Sport On-Road Tire delivers elite handling, superior traction, and extended mileage. Available in multiple sizes for sport bikes and touring motorcycles.","og_url":"https:\/\/www.chinakingtyre.com\/cs\/product\/kingtyre-k97-sport-on-road\/","og_site_name":"KingTyre Professional motorcycle tire manufacturer","article_publisher":"https:\/\/www.facebook.com\/ChinaKingTyre","article_modified_time":"2025-08-27T00:54:53+00:00","og_image":[{"width":800,"height":800,"url":"https:\/\/www.chinakingtyre.com\/wp-content\/uploads\/2025\/08\/Kingtyre-K97-Supermoto-Treaded-Racing-Tires.jpg","type":"image\/jpeg"}],"twitter_card":"summary_large_image","twitter_misc":{"Odhadovan\u00e1 doba \u010dten\u00ed":"3 minuty"},"schema":{"@context":"https:\/\/schema.org","@graph":[{"@type":"WebPage","@id":"https:\/\/www.chinakingtyre.com\/product\/kingtyre-k97-sport-on-road\/","url":"https:\/\/www.chinakingtyre.com\/product\/kingtyre-k97-sport-on-road\/","name":"Pneumatika Kingtyre K97 Sport pro silni\u010dn\u00ed motocykly | Precision Grip","isPartOf":{"@id":"https:\/\/www.chinakingtyre.com\/#website"},"primaryImageOfPage":{"@id":"https:\/\/www.chinakingtyre.com\/product\/kingtyre-k97-sport-on-road\/#primaryimage"},"image":{"@id":"https:\/\/www.chinakingtyre.com\/product\/kingtyre-k97-sport-on-road\/#primaryimage"},"thumbnailUrl":"https:\/\/www.chinakingtyre.com\/wp-content\/uploads\/2025\/08\/Kingtyre-K97-Supermoto-Treaded-Racing-Tires.jpg","datePublished":"2025-08-18T02:38:19+00:00","dateModified":"2025-08-27T00:54:53+00:00","description":"Sportovn\u00ed silni\u010dn\u00ed pneumatika Kingtyre K97 poskytuje elitn\u00ed j\u00edzdn\u00ed vlastnosti, vynikaj\u00edc\u00ed trakci a prodlou\u017een\u00fd kilometrov\u00fd v\u00fdkon. K dispozici v n\u011bkolika velikostech pro sportovn\u00ed motocykly a cestovn\u00ed motocykly.","breadcrumb":{"@id":"https:\/\/www.chinakingtyre.com\/product\/kingtyre-k97-sport-on-road\/#breadcrumb"},"inLanguage":"cs","potentialAction":[{"@type":"ReadAction","target":["https:\/\/www.chinakingtyre.com\/product\/kingtyre-k97-sport-on-road\/"]}]},{"@type":"ImageObject","inLanguage":"cs","@id":"https:\/\/www.chinakingtyre.com\/product\/kingtyre-k97-sport-on-road\/#primaryimage","url":"https:\/\/www.chinakingtyre.com\/wp-content\/uploads\/2025\/08\/Kingtyre-K97-Supermoto-Treaded-Racing-Tires.jpg","contentUrl":"https:\/\/www.chinakingtyre.com\/wp-content\/uploads\/2025\/08\/Kingtyre-K97-Supermoto-Treaded-Racing-Tires.jpg","width":800,"height":800,"caption":"Kingtyre-K97-Supermoto-Treaded-Racing-Tires"},{"@type":"BreadcrumbList","@id":"https:\/\/www.chinakingtyre.com\/product\/kingtyre-k97-sport-on-road\/#breadcrumb","itemListElement":[{"@type":"ListItem","position":1,"name":"Home","item":"https:\/\/www.chinakingtyre.com\/"},{"@type":"ListItem","position":2,"name":"Kingtyre Product List","item":"https:\/\/www.chinakingtyre.com\/kingtyre-product-list\/"},{"@type":"ListItem","position":3,"name":"Kingtyre K97 Sport On-Road Tire: Advanced Engineering for Precision, Grip, and Longevity"}]},{"@type":"WebSite","@id":"https:\/\/www.chinakingtyre.com\/#website","url":"https:\/\/www.chinakingtyre.com\/","name":"KingTyre Profesion\u00e1ln\u00ed v\u00fdrobce motocyklov\u00fdch pneumatik","description":"","publisher":{"@id":"https:\/\/www.chinakingtyre.com\/#organization"},"potentialAction":[{"@type":"SearchAction","target":{"@type":"EntryPoint","urlTemplate":"https:\/\/www.chinakingtyre.com\/?s={search_term_string}"},"query-input":{"@type":"PropertyValueSpecification","valueRequired":true,"valueName":"search_term_string"}}],"inLanguage":"cs"},{"@type":"Organization","@id":"https:\/\/www.chinakingtyre.com\/#organization","name":"TIANJIN KINGTYRE GROUP CO., LTD","url":"https:\/\/www.chinakingtyre.com\/","logo":{"@type":"ImageObject","inLanguage":"cs","@id":"https:\/\/www.chinakingtyre.com\/#\/schema\/logo\/image\/","url":"https:\/\/www.chinakingtyre.com\/wp-content\/uploads\/2025\/07\/LOGO.png","contentUrl":"https:\/\/www.chinakingtyre.com\/wp-content\/uploads\/2025\/07\/LOGO.png","width":870,"height":212,"caption":"TIANJIN KINGTYRE GROUP CO.,LTD"},"image":{"@id":"https:\/\/www.chinakingtyre.com\/#\/schema\/logo\/image\/"},"sameAs":["https:\/\/www.facebook.com\/ChinaKingTyre"]}]}},"_links":{"self":[{"href":"https:\/\/www.chinakingtyre.com\/cs\/wp-json\/wp\/v2\/product\/452","targetHints":{"allow":["GET"]}}],"collection":[{"href":"https:\/\/www.chinakingtyre.com\/cs\/wp-json\/wp\/v2\/product"}],"about":[{"href":"https:\/\/www.chinakingtyre.com\/cs\/wp-json\/wp\/v2\/types\/product"}],"replies":[{"embeddable":true,"href":"https:\/\/www.chinakingtyre.com\/cs\/wp-json\/wp\/v2\/comments?post=452"}],"wp:featuredmedia":[{"embeddable":true,"href":"https:\/\/www.chinakingtyre.com\/cs\/wp-json\/wp\/v2\/media\/443"}],"wp:attachment":[{"href":"https:\/\/www.chinakingtyre.com\/cs\/wp-json\/wp\/v2\/media?parent=452"}],"curies":[{"name":"wp","href":"https:\/\/api.w.org\/{rel}","templated":true}]}}