{"id":498,"date":"2025-08-22T02:27:29","date_gmt":"2025-08-22T02:27:29","guid":{"rendered":"https:\/\/www.chinakingtyre.com\/?post_type=product&#038;p=498"},"modified":"2025-08-22T02:27:31","modified_gmt":"2025-08-22T02:27:31","slug":"kingtyre-motokrosove-pneumatiky-x85-x86","status":"publish","type":"product","link":"https:\/\/www.chinakingtyre.com\/cs\/product\/kingtyre-motokrosove-pneumatiky-x85-x86\/","title":{"rendered":"Pneumatiky Kingtyre X85 a X86 pro motokrosov\u00e1 kola - pokro\u010dil\u00e9 pneumatiky pro extr\u00e9mn\u00ed j\u00edzdu v ter\u00e9nu"},"content":{"rendered":"<h2><strong>V\u00fdrobn\u00ed proces a v\u00fdhody b\u011bhounu pneumatik Kingtyre X85 a X86 Dirt Bike<\/strong><\/h2>\n<p>Spole\u010dnost Kingtyre investovala do nejmodern\u011bj\u0161\u00edch technologi\u00ed, aby vyvinula <strong>Pneumatiky pro motokrosov\u00e1 kola X85 a X86<\/strong>, navr\u017een\u00e9 pro jezdce, kte\u0159\u00ed vy\u017eaduj\u00ed odolnost, trakci a stabilitu v nejn\u00e1ro\u010dn\u011bj\u0161\u00edm ter\u00e9nu.<\/p>\n<p>Oba vzory jsou vyrobeny pomoc\u00ed <strong>v\u00edcevrstv\u00e1 konstrukce kostry<\/strong>, <strong>pr\u00e9miov\u00e9 pry\u017eov\u00e9 sm\u011bsi<\/strong>a <strong>pokro\u010dil\u00e9 vulkaniza\u010dn\u00ed procesy<\/strong> aby byla zaji\u0161t\u011bna st\u00e1lost v\u00fdkonu a prodlou\u017eena \u017eivotnost pneumatik.<\/p>\n<ul>\n<li><strong>Ter\u00e9nn\u00ed motocyklov\u00e9 pneumatiky Kingtyre X85<\/strong> obsahovat <strong>agresivn\u00ed knobby b\u011bhounu<\/strong>, optimalizovan\u00e9 pro <strong>j\u00edzda lesem, bl\u00e1tiv\u00e9 cesty a voln\u00fd ter\u00e9n.<\/strong>. Jeho \u0161irok\u00fd pom\u011br pr\u00e1zdn\u00fdch m\u00edst zlep\u0161uje samo\u010di\u0161t\u011bn\u00ed a zabra\u0148uje hromad\u011bn\u00ed bl\u00e1ta.<\/li>\n<li><strong>Pneumatiky Kingtyre X86 pro ter\u00e9nn\u00ed kola<\/strong> jsou navr\u017eeny s <strong>t\u011bsn\u011b rozm\u00edst\u011bn\u00e9 zes\u00edlen\u00e9 bloky b\u011bhounu.<\/strong>, kter\u00e1 poskytuje vynikaj\u00edc\u00ed p\u0159ilnavost na <strong>skalnat\u00fd ter\u00e9n a tvrd\u00e1 p\u016fda.<\/strong>. D\u00edky tomu je X86 jedn\u00edm z <strong>nejlep\u0161\u00ed ter\u00e9nn\u00ed pneumatiky pro motocykly v ter\u00e9nu<\/strong> k dispozici pro z\u00e1vodn\u00ed enduro a motokros.<\/li>\n<\/ul>\n<p>Oba vzory integruj\u00ed <strong>zes\u00edlen\u00e9 bo\u010dnice<\/strong>, <strong>zv\u00fd\u0161en\u00e1 odolnost proti prop\u00edchnut\u00ed<\/strong>a <strong>\u017e\u00e1ruvzdorn\u00e9 sm\u011bsi<\/strong>, co\u017e zaji\u0161\u0165uje dlouhodobou spolehlivost v extr\u00e9mn\u00edch podm\u00ednk\u00e1ch.<\/p>\n<p><img loading=\"lazy\" decoding=\"async\" class=\"aligncenter wp-image-499 size-full\" src=\"https:\/\/www.chinakingtyre.com\/wp-content\/uploads\/2025\/08\/Kingtyre-X85-dirt-bike-tires-2.jpg\" alt=\"Pneumatiky Kingtyre X85 pro ter\u00e9nn\u00ed kola s agresivn\u00edm dez\u00e9nem\" width=\"800\" height=\"800\" srcset=\"https:\/\/www.chinakingtyre.com\/wp-content\/uploads\/2025\/08\/Kingtyre-X85-dirt-bike-tires-2.jpg 800w, https:\/\/www.chinakingtyre.com\/wp-content\/uploads\/2025\/08\/Kingtyre-X85-dirt-bike-tires-2-300x300.jpg 300w, https:\/\/www.chinakingtyre.com\/wp-content\/uploads\/2025\/08\/Kingtyre-X85-dirt-bike-tires-2-150x150.jpg 150w, https:\/\/www.chinakingtyre.com\/wp-content\/uploads\/2025\/08\/Kingtyre-X85-dirt-bike-tires-2-768x768.jpg 768w, https:\/\/www.chinakingtyre.com\/wp-content\/uploads\/2025\/08\/Kingtyre-X85-dirt-bike-tires-2-12x12.jpg 12w, https:\/\/www.chinakingtyre.com\/wp-content\/uploads\/2025\/08\/Kingtyre-X85-dirt-bike-tires-2-600x600.jpg 600w\" sizes=\"auto, (max-width: 800px) 100vw, 800px\" \/><\/p>\n<p><img loading=\"lazy\" decoding=\"async\" class=\"aligncenter wp-image-500 size-full\" src=\"https:\/\/www.chinakingtyre.com\/wp-content\/uploads\/2025\/08\/Kingtyre-X86-dirt-bike-tires-2.jpg\" alt=\"Pneumatika Kingtyre X86 pro motokrosov\u00e1 kola pro enduro a kamenit\u00fd ter\u00e9n\" width=\"800\" height=\"800\" srcset=\"https:\/\/www.chinakingtyre.com\/wp-content\/uploads\/2025\/08\/Kingtyre-X86-dirt-bike-tires-2.jpg 800w, https:\/\/www.chinakingtyre.com\/wp-content\/uploads\/2025\/08\/Kingtyre-X86-dirt-bike-tires-2-300x300.jpg 300w, https:\/\/www.chinakingtyre.com\/wp-content\/uploads\/2025\/08\/Kingtyre-X86-dirt-bike-tires-2-150x150.jpg 150w, https:\/\/www.chinakingtyre.com\/wp-content\/uploads\/2025\/08\/Kingtyre-X86-dirt-bike-tires-2-768x768.jpg 768w, https:\/\/www.chinakingtyre.com\/wp-content\/uploads\/2025\/08\/Kingtyre-X86-dirt-bike-tires-2-12x12.jpg 12w, https:\/\/www.chinakingtyre.com\/wp-content\/uploads\/2025\/08\/Kingtyre-X86-dirt-bike-tires-2-600x600.jpg 600w\" sizes=\"auto, (max-width: 800px) 100vw, 800px\" \/><\/p>\n<hr \/>\n<h2><strong>Dostupn\u00e9 velikosti pneumatik Kingtyre X85 &amp; X86 Dirt Bike<\/strong><\/h2>\n<ul>\n<li><strong>P\u0159edn\u00ed strana:<\/strong> 80\/100-21<\/li>\n<li><strong>Zadn\u00ed \u010d\u00e1st:<\/strong> 110\/90-18, 110\/90-19<\/li>\n<\/ul>\n<p>Tyto str\u00e1nky <strong>Velikosti pneumatik Kingtyre pro ter\u00e9nn\u00ed motocykly<\/strong> byly d\u016fkladn\u011b testov\u00e1ny v motokrosov\u00fdch a enduro sout\u011b\u017e\u00edch, co\u017e zaji\u0161\u0165uje ide\u00e1ln\u00ed rovnov\u00e1hu mezi trakc\u00ed, odolnost\u00ed a ovladatelnost\u00ed.<\/p>\n<hr \/>\n<h2><strong>Kingtyre Motokrosov\u00e1 kola Pneumatiky Factory<\/strong><\/h2>\n<p>Jako p\u0159edn\u00ed <a href=\"https:\/\/www.chinakingtyre.com\/cs\/\"><strong>motokrosov\u00e1 kola pneumatiky tov\u00e1rna<\/strong><\/a>, Kingtyre pracuje s modern\u00edmi v\u00fdrobn\u00edmi linkami, automatizovan\u00fdm m\u00edch\u00e1n\u00edm pry\u017ee a technologi\u00ed lisov\u00e1n\u00ed pneumatik \u0159\u00edzenou CNC. Na\u0161e tov\u00e1rna pou\u017e\u00edv\u00e1 p\u0159\u00edsn\u00e9 <strong>Normy kvality ISO\/TS 16949<\/strong>, produkuj\u00edc\u00ed v\u00edce ne\u017e <strong>2 miliony pneumatik MC ro\u010dn\u011b<\/strong> pro mezin\u00e1rodn\u00ed z\u00e1vodn\u00ed a spot\u0159ebitelsk\u00e9 trhy.<\/p>\n<p>Hlavn\u00ed v\u00fdhody m\u011bsta Kingtyre jako <a href=\"https:\/\/www.chinakingtyre.com\/cs\/\"><strong>V\u00fdrobce pneumatik pro ter\u00e9nn\u00ed kola<\/strong><\/a>:<\/p>\n<ul>\n<li><strong>Vysokokapacitn\u00ed v\u00fdroba<\/strong> s p\u0159esn\u00fdm in\u017een\u00fdrstv\u00edm.<\/li>\n<li><strong>Pr\u00e9miov\u00e9 pry\u017eov\u00e9 sm\u011bsi<\/strong> ur\u010den\u00e9 pro <strong>v\u00fdkon ve v\u00edce ter\u00e9nech<\/strong>.<\/li>\n<li><strong>Vlastn\u00ed v\u00fdzkumn\u00e9 a v\u00fdvojov\u00e9 centrum<\/strong> se zam\u011b\u0159en\u00edm na motokrosov\u00e9 a enduro aplikace.<\/li>\n<li>Uzn\u00e1v\u00e1n jako jeden z nejd\u016fv\u011bryhodn\u011bj\u0161\u00edch <strong>V\u00fdrobci pneumatik MC<\/strong> na z\u00e1vodn\u00edch okruz\u00edch.<\/li>\n<\/ul>\n<hr \/>\n<h2><strong>10 nej\u010dast\u011bj\u0161\u00edch bolestiv\u00fdch m\u00edst v motokrosu a j\u00edzd\u011b na ter\u00e9nn\u00edm kole<\/strong><\/h2>\n<ol>\n<li>Rychl\u00e9 opot\u0159eben\u00ed b\u011bhounu v kamenit\u00e9m ter\u00e9nu.<\/li>\n<li>\u0160patn\u00e1 trakce v hlubok\u00e9m bl\u00e1t\u011b a m\u011bkk\u00e9 p\u016fd\u011b.<\/li>\n<li>Prora\u017een\u00ed bo\u010dnic od ostr\u00fdch kamen\u016f.<\/li>\n<li>Ztr\u00e1ta p\u0159ilnavosti na mokr\u00e9m povrchu.<\/li>\n<li>Pot\u00ed\u017ee se samo\u010dist\u00edc\u00edm se b\u011bhounem v bl\u00e1tiv\u00fdch cest\u00e1ch.<\/li>\n<li>Sn\u00ed\u017een\u00fd v\u00fdkon p\u0159i rychl\u00e9m pr\u016fjezdu zat\u00e1\u010dkou.<\/li>\n<li>Omezen\u00e1 odolnost pro z\u00e1vody v extr\u00e9mn\u00edm ter\u00e9nu.<\/li>\n<li>P\u0159eh\u0159\u00edv\u00e1n\u00ed p\u0159i dlouh\u00fdch enduro j\u00edzd\u00e1ch.<\/li>\n<li>Nedostate\u010dn\u00e1 univerz\u00e1lnost mezi m\u011bkk\u00fdm a tvrd\u00fdm ter\u00e9nem.<\/li>\n<li>Pot\u00ed\u017ee s nalezen\u00edm <strong>nejlep\u0161\u00ed pneumatiky pro j\u00edzdu v lese<\/strong> a sm\u00ed\u0161en\u00e9 podm\u00ednky.<\/li>\n<\/ol>\n<hr \/>\n<h2><strong>Kingtyre \u0158e\u0161en\u00ed s pneumatikami pro motokrosov\u00e1 kola X85 a X86<\/strong><\/h2>\n<p>Spole\u010dnost Kingtyre \u0159e\u0161\u00ed tyto probl\u00e9my pomoc\u00ed pokro\u010dil\u00e9ho designu a materi\u00e1l\u016f:<\/p>\n<ul>\n<li><strong>V\u00edcevrstv\u00e1 konstrukce kostry<\/strong> pro vy\u0161\u0161\u00ed odolnost proti n\u00e1razu.<\/li>\n<li><strong>Agresivn\u00ed b\u011bhoun motocyklov\u00fdch ter\u00e9nn\u00edch pneumatik<\/strong> se samo\u010distic\u00ed funkc\u00ed.<\/li>\n<li><strong>Pr\u00e9miov\u00e1 pry\u017eov\u00e1 sm\u011bs<\/strong> pro tepelnou odolnost a del\u0161\u00ed \u017eivotnost b\u011bhounu.<\/li>\n<li><strong>Zes\u00edlen\u00e9 bo\u010dnice<\/strong> pro sn\u00ed\u017een\u00ed po\u010dtu prora\u017een\u00ed a zlep\u0161en\u00ed stability.<\/li>\n<li><strong>Optimalizovan\u00e1 geometrie b\u011bhounu<\/strong> pro p\u0159ilnavost v m\u011bkk\u00e9m i tvrd\u00e9m ter\u00e9nu.<\/li>\n<li>Navr\u017eeno tak, aby bylo <strong>nejlep\u0161\u00ed motocyklov\u00e9 pneumatiky pro j\u00edzdu v kamenit\u00e9m ter\u00e9nu, bl\u00e1t\u011b a lese<\/strong>.<\/li>\n<\/ul>\n<hr \/>\n<h2><strong>Technick\u00e9 specifikace - pneumatiky Kingtyre X85 a X86 pro ter\u00e9nn\u00ed motocykly<\/strong><\/h2>\n<table style=\"height: 168px;\" width=\"1106\">\n<thead>\n<tr>\n<th><strong>Model<\/strong><\/th>\n<th><strong>Vzor<\/strong><\/th>\n<th><strong>Velikost p\u0159edn\u00ed \u010d\u00e1sti<\/strong><\/th>\n<th><strong>Zadn\u00ed velikosti<\/strong><\/th>\n<th><strong>Stavebnictv\u00ed<\/strong><\/th>\n<th><strong>Typ slou\u010deniny<\/strong><\/th>\n<th><strong>Kl\u00ed\u010dov\u00e1 v\u00fdhoda<\/strong><\/th>\n<\/tr>\n<\/thead>\n<tbody>\n<tr>\n<td>Kingtyre X85<\/td>\n<td>Knobby<\/td>\n<td>80\/100-21<\/td>\n<td>110\/90-18, 110\/90-19<\/td>\n<td>V\u00edcevrstv\u00e9<\/td>\n<td>Pr\u00e9miov\u00e1 guma<\/td>\n<td>Nejlep\u0161\u00ed pneumatiky pro ter\u00e9nn\u00ed kola do bl\u00e1ta a m\u011bkk\u00e9ho ter\u00e9nu<\/td>\n<\/tr>\n<tr>\n<td>Kingtyre X86<\/td>\n<td>Hybridn\u00ed<\/td>\n<td>80\/100-21<\/td>\n<td>110\/90-18, 110\/90-19<\/td>\n<td>Zes\u00edlen\u00e9 str\u00e1nky<\/td>\n<td>Odolnost v\u016f\u010di teplu<\/td>\n<td>Nejlep\u0161\u00ed ter\u00e9nn\u00ed pneumatika pro motocykly v ter\u00e9nu<\/td>\n<\/tr>\n<\/tbody>\n<\/table>\n<hr \/>\n<h2><strong>\u010cast\u00e9 dotazy - Pneumatiky pro motokrosov\u00e1 kola \u010cast\u00e9 dotazy<\/strong><\/h2>\n<p><strong>1. Pro\u010d je Kingtyre X85 nejlep\u0161\u00ed pneumatikou pro j\u00edzdu v lese?<\/strong><\/p>\n<p>\u0160irok\u00fd hrbolat\u00fd dez\u00e9n zaji\u0161\u0165uje maxim\u00e1ln\u00ed p\u0159ilnavost a odvod bl\u00e1ta.<\/p>\n<p><strong>2. Jsou pneumatiky X85 a X86 vhodn\u00e9 pro enduro z\u00e1vody?<\/strong><\/p>\n<p>Ano, jsou navr\u017eeny jako <strong>ter\u00e9nn\u00ed motocyklov\u00e9 pneumatiky pro z\u00e1vody enduro<\/strong> se zv\u00fd\u0161enou odolnost\u00ed.<\/p>\n<p><strong>3. Jak dlouho vydr\u017e\u00ed motokrosov\u00e9 a enduro pneumatiky Kingtyre?<\/strong><\/p>\n<p>V z\u00e1vislosti na ter\u00e9nu jezdci obvykle dosahuj\u00ed 50-80 hodin z\u00e1vodn\u00edho pou\u017e\u00edv\u00e1n\u00ed.<\/p>\n<p><strong>4. Maj\u00ed tyto pneumatiky zes\u00edlen\u00e9 bo\u010dnice?<\/strong><\/p>\n<p>Ano, jsou to <strong>pneumatiky pro ter\u00e9nn\u00ed kola se zes\u00edlen\u00fdmi bo\u010dnicemi<\/strong> zvl\u00e1dnout kamenit\u00e9 stezky.<\/p>\n<p><strong>5. Jak\u00fd rozm\u011br pneumatik se doporu\u010duje pro motokrosov\u00e9 z\u00e1vody?<\/strong><\/p>\n<p>Nejb\u011b\u017en\u011bj\u0161\u00ed mont\u00e1\u017e je <strong>80\/100-21 (vp\u0159edu)<\/strong> s <strong>110\/90-19 (zadn\u00ed)<\/strong>.<\/p>\n<p><strong>6. M\u016f\u017ee Kingtyre X86 dob\u0159e fungovat na t\u011b\u017ek\u00fdch trat\u00edch?<\/strong><\/p>\n<p>Ano, d\u00edky rozte\u010di a sm\u011bsi b\u011bhounu je ide\u00e1ln\u00ed pro kamenit\u00e9 a kompaktn\u00ed povrchy.<\/p>\n<p><strong>7. Jsou tyto pneumatiky vhodn\u00e9 pro dobrodru\u017en\u00e9 motocykly?<\/strong><\/p>\n<p>Ano, jsou sou\u010d\u00e1st\u00ed Kingtyre's <strong>dobrodru\u017en\u00e1 j\u00edzda na motocyklu knobby pneumatiky s\u00e9rie<\/strong>.<\/p>\n<p><strong>8. Maj\u00ed pneumatiky Kingtyre samo\u010distic\u00ed b\u011bhoun?<\/strong><\/p>\n<p>Ano, X85 i X86 obsahuj\u00ed <strong>ter\u00e9nn\u00ed pneumatiky se samo\u010dist\u00edc\u00edm b\u011bhounem<\/strong>.<\/p>\n<p><strong>9. Maj\u00ed motokrosov\u00e9 pneumatiky Kingtyre dlouhou \u017eivotnost?<\/strong><\/p>\n<p>Ano, jsou konstruov\u00e1ny jako <strong>z\u00e1vodn\u00ed pneumatiky pro ter\u00e9nn\u00ed kola s dlouhou \u017eivotnost\u00ed<\/strong> s pr\u00e9miov\u00fdmi sm\u011bsmi.<\/p>\n<p><strong>10. Kde se vyr\u00e1b\u011bj\u00ed ter\u00e9nn\u00ed motocyklov\u00e9 pneumatiky Kingtyre?<\/strong><\/p>\n<p>Vyr\u00e1b\u011bj\u00ed se ve vysp\u011bl\u00e9m z\u00e1vod\u011b Kingtyre. <strong>motocyklov\u00e9 pneumatiky tov\u00e1rn\u00ed off-road s\u00e9rie<\/strong> za\u0159\u00edzen\u00ed.<\/p>\n<p><!-- notionvc: 765ec662-4d04-459d-b2ee-fdcefabd8fe5 --><\/p>","protected":false},"excerpt":{"rendered":"<p>Objevte pneumatiky Kingtyre X85 a X86 pro motokrosov\u00e1 kola s agresivn\u00edm dez\u00e9nem pro j\u00edzdu v bl\u00e1t\u011b, na kamenech a v lese. Velikosti 80\/100-21, 110\/90-18, 110\/90-19. Pr\u00e9miov\u00e9 ter\u00e9nn\u00ed motocyklov\u00e9 pneumatiky pro enduro a motokrosov\u00e9 z\u00e1vody.<!-- notionvc: c41089e6-be89-4fa8-b323-e147344afaf1 --><\/p>","protected":false},"featured_media":501,"comment_status":"open","ping_status":"closed","template":"","meta":[],"class_list":{"0":"post-498","1":"product","2":"type-product","3":"status-publish","4":"has-post-thumbnail","6":"product_cat-off-road-motorcycle-tires","7":"product_tag-110-90-18","8":"product_tag-110-90-19","9":"product_tag-80-100-21","10":"product_tag-adventure-motorcycle-off-road-tires-factory","11":"product_tag-aggressive-tread-motorcycle-off-road-tires","12":"product_tag-best-all-terrain-motorcycle-off-road-tire","13":"product_tag-best-dirt-bike-tire-for-woods-riding","14":"product_tag-best-dirt-bike-tires-for-mud-and-rocks","15":"product_tag-dirt-bike-tires","16":"product_tag-durable-knobby-tires-for-motorcycles","17":"product_tag-kingtyre-enduro-and-motocross-off-road-tires","18":"product_tag-kingtyre-x85","19":"product_tag-kingtyre-x85-off-road-motorcycle-tires","20":"product_tag-kingtyre-x86","21":"product_tag-kingtyre-x86-dirt-bike-tires","22":"product_tag-motocross-and-enduro-motorcycle-tires","23":"product_tag-motocross-bikes-tires","24":"product_tag-motorcycle-tires-for-extreme-terrain","25":"product_tag-off-road-motorcycle-tires-for-enduro-racing","26":"product_tag-off-road-tires","27":"product_tag-premium-rubber-compound-off-road-tires","29":"first","30":"instock","31":"shipping-taxable","32":"product-type-simple"},"yoast_head":"<!-- This site is optimized with the Yoast SEO Premium plugin v25.1 (Yoast SEO v25.1) - https:\/\/yoast.com\/wordpress\/plugins\/seo\/ -->\n<title>Kingtyre X85 &amp; X86 Dirt Bike Tires | Motocross Bikes Tires for Extreme Off-Road Performance<\/title>\n<meta name=\"description\" content=\"Discover Kingtyre X85 &amp; X86 motocross bikes tires, engineered with aggressive tread for mud, rocks, and woods riding. Sizes 80\/100-21, 110\/90-18, 110\/90-19. Premium off-road motorcycle tires for enduro and motocross racing.\" \/>\n<meta name=\"robots\" content=\"index, follow, max-snippet:-1, max-image-preview:large, max-video-preview:-1\" \/>\n<link rel=\"canonical\" href=\"https:\/\/www.chinakingtyre.com\/cs\/product\/kingtyre-motokrosove-pneumatiky-x85-x86\/\" \/>\n<meta property=\"og:locale\" content=\"cs_CZ\" \/>\n<meta property=\"og:type\" content=\"article\" \/>\n<meta property=\"og:title\" content=\"Kingtyre X85 and X86 Motocross Bikes Tires \u2013 Advanced Dirt Bike Tires for Extreme Off-Road Riding\" \/>\n<meta property=\"og:description\" content=\"Discover Kingtyre X85 &amp; X86 motocross bikes tires, engineered with aggressive tread for mud, rocks, and woods riding. Sizes 80\/100-21, 110\/90-18, 110\/90-19. Premium off-road motorcycle tires for enduro and motocross racing.\" \/>\n<meta property=\"og:url\" content=\"https:\/\/www.chinakingtyre.com\/cs\/product\/kingtyre-motokrosove-pneumatiky-x85-x86\/\" \/>\n<meta property=\"og:site_name\" content=\"KingTyre Professional motorcycle tire manufacturer\" \/>\n<meta property=\"article:publisher\" content=\"https:\/\/www.facebook.com\/ChinaKingTyre\" \/>\n<meta property=\"article:modified_time\" content=\"2025-08-22T02:27:31+00:00\" \/>\n<meta property=\"og:image\" content=\"https:\/\/www.chinakingtyre.com\/wp-content\/uploads\/2025\/08\/Kingtyre-X85-X86-off-road-tires.jpg\" \/>\n\t<meta property=\"og:image:width\" content=\"800\" \/>\n\t<meta property=\"og:image:height\" content=\"800\" \/>\n\t<meta property=\"og:image:type\" content=\"image\/jpeg\" \/>\n<meta name=\"twitter:card\" content=\"summary_large_image\" \/>\n<meta name=\"twitter:label1\" content=\"Odhadovan\u00e1 doba \u010dten\u00ed\" \/>\n\t<meta name=\"twitter:data1\" content=\"4 minuty\" \/>\n<script type=\"application\/ld+json\" class=\"yoast-schema-graph\">{\"@context\":\"https:\/\/schema.org\",\"@graph\":[{\"@type\":\"WebPage\",\"@id\":\"https:\/\/www.chinakingtyre.com\/product\/kingtyre-motocross-bikes-tires-x85-x86\/\",\"url\":\"https:\/\/www.chinakingtyre.com\/product\/kingtyre-motocross-bikes-tires-x85-x86\/\",\"name\":\"Kingtyre X85 & X86 Dirt Bike Tires | Motocross Bikes Tires for Extreme Off-Road Performance\",\"isPartOf\":{\"@id\":\"https:\/\/www.chinakingtyre.com\/#website\"},\"primaryImageOfPage\":{\"@id\":\"https:\/\/www.chinakingtyre.com\/product\/kingtyre-motocross-bikes-tires-x85-x86\/#primaryimage\"},\"image\":{\"@id\":\"https:\/\/www.chinakingtyre.com\/product\/kingtyre-motocross-bikes-tires-x85-x86\/#primaryimage\"},\"thumbnailUrl\":\"https:\/\/www.chinakingtyre.com\/wp-content\/uploads\/2025\/08\/Kingtyre-X85-X86-off-road-tires.jpg\",\"datePublished\":\"2025-08-22T02:27:29+00:00\",\"dateModified\":\"2025-08-22T02:27:31+00:00\",\"description\":\"Discover Kingtyre X85 & X86 motocross bikes tires, engineered with aggressive tread for mud, rocks, and woods riding. Sizes 80\/100-21, 110\/90-18, 110\/90-19. Premium off-road motorcycle tires for enduro and motocross racing.\",\"breadcrumb\":{\"@id\":\"https:\/\/www.chinakingtyre.com\/product\/kingtyre-motocross-bikes-tires-x85-x86\/#breadcrumb\"},\"inLanguage\":\"cs\",\"potentialAction\":[{\"@type\":\"ReadAction\",\"target\":[\"https:\/\/www.chinakingtyre.com\/product\/kingtyre-motocross-bikes-tires-x85-x86\/\"]}]},{\"@type\":\"ImageObject\",\"inLanguage\":\"cs\",\"@id\":\"https:\/\/www.chinakingtyre.com\/product\/kingtyre-motocross-bikes-tires-x85-x86\/#primaryimage\",\"url\":\"https:\/\/www.chinakingtyre.com\/wp-content\/uploads\/2025\/08\/Kingtyre-X85-X86-off-road-tires.jpg\",\"contentUrl\":\"https:\/\/www.chinakingtyre.com\/wp-content\/uploads\/2025\/08\/Kingtyre-X85-X86-off-road-tires.jpg\",\"width\":800,\"height\":800,\"caption\":\"Kingtyre-X85-X86-off-road-tires\"},{\"@type\":\"BreadcrumbList\",\"@id\":\"https:\/\/www.chinakingtyre.com\/product\/kingtyre-motocross-bikes-tires-x85-x86\/#breadcrumb\",\"itemListElement\":[{\"@type\":\"ListItem\",\"position\":1,\"name\":\"Home\",\"item\":\"https:\/\/www.chinakingtyre.com\/\"},{\"@type\":\"ListItem\",\"position\":2,\"name\":\"Kingtyre Product List\",\"item\":\"https:\/\/www.chinakingtyre.com\/kingtyre-product-list\/\"},{\"@type\":\"ListItem\",\"position\":3,\"name\":\"Kingtyre X85 and X86 Motocross Bikes Tires \u2013 Advanced Dirt Bike Tires for Extreme Off-Road Riding\"}]},{\"@type\":\"WebSite\",\"@id\":\"https:\/\/www.chinakingtyre.com\/#website\",\"url\":\"https:\/\/www.chinakingtyre.com\/\",\"name\":\"KingTyre Professional motorcycle tire manufacturer\",\"description\":\"\",\"publisher\":{\"@id\":\"https:\/\/www.chinakingtyre.com\/#organization\"},\"potentialAction\":[{\"@type\":\"SearchAction\",\"target\":{\"@type\":\"EntryPoint\",\"urlTemplate\":\"https:\/\/www.chinakingtyre.com\/?s={search_term_string}\"},\"query-input\":{\"@type\":\"PropertyValueSpecification\",\"valueRequired\":true,\"valueName\":\"search_term_string\"}}],\"inLanguage\":\"cs\"},{\"@type\":\"Organization\",\"@id\":\"https:\/\/www.chinakingtyre.com\/#organization\",\"name\":\"TIANJIN KINGTYRE GROUP CO.,LTD\",\"url\":\"https:\/\/www.chinakingtyre.com\/\",\"logo\":{\"@type\":\"ImageObject\",\"inLanguage\":\"cs\",\"@id\":\"https:\/\/www.chinakingtyre.com\/#\/schema\/logo\/image\/\",\"url\":\"https:\/\/www.chinakingtyre.com\/wp-content\/uploads\/2025\/07\/LOGO.png\",\"contentUrl\":\"https:\/\/www.chinakingtyre.com\/wp-content\/uploads\/2025\/07\/LOGO.png\",\"width\":870,\"height\":212,\"caption\":\"TIANJIN KINGTYRE GROUP CO.,LTD\"},\"image\":{\"@id\":\"https:\/\/www.chinakingtyre.com\/#\/schema\/logo\/image\/\"},\"sameAs\":[\"https:\/\/www.facebook.com\/ChinaKingTyre\"]}]}<\/script>\n<!-- \/ Yoast SEO Premium plugin. -->","yoast_head_json":{"title":"Pneumatiky Kingtyre X85 a X86 pro ter\u00e9nn\u00ed motocykly | Pneumatiky pro motokrosov\u00e1 kola pro extr\u00e9mn\u00ed v\u00fdkon v ter\u00e9nu","description":"Objevte pneumatiky Kingtyre X85 a X86 pro motokrosov\u00e1 kola s agresivn\u00edm dez\u00e9nem pro j\u00edzdu v bl\u00e1t\u011b, na kamenech a v lese. Velikosti 80\/100-21, 110\/90-18, 110\/90-19. Pr\u00e9miov\u00e9 ter\u00e9nn\u00ed motocyklov\u00e9 pneumatiky pro enduro a motokrosov\u00e9 z\u00e1vody.","robots":{"index":"index","follow":"follow","max-snippet":"max-snippet:-1","max-image-preview":"max-image-preview:large","max-video-preview":"max-video-preview:-1"},"canonical":"https:\/\/www.chinakingtyre.com\/cs\/product\/kingtyre-motokrosove-pneumatiky-x85-x86\/","og_locale":"cs_CZ","og_type":"article","og_title":"Kingtyre X85 and X86 Motocross Bikes Tires \u2013 Advanced Dirt Bike Tires for Extreme Off-Road Riding","og_description":"Discover Kingtyre X85 & X86 motocross bikes tires, engineered with aggressive tread for mud, rocks, and woods riding. Sizes 80\/100-21, 110\/90-18, 110\/90-19. Premium off-road motorcycle tires for enduro and motocross racing.","og_url":"https:\/\/www.chinakingtyre.com\/cs\/product\/kingtyre-motokrosove-pneumatiky-x85-x86\/","og_site_name":"KingTyre Professional motorcycle tire manufacturer","article_publisher":"https:\/\/www.facebook.com\/ChinaKingTyre","article_modified_time":"2025-08-22T02:27:31+00:00","og_image":[{"width":800,"height":800,"url":"https:\/\/www.chinakingtyre.com\/wp-content\/uploads\/2025\/08\/Kingtyre-X85-X86-off-road-tires.jpg","type":"image\/jpeg"}],"twitter_card":"summary_large_image","twitter_misc":{"Odhadovan\u00e1 doba \u010dten\u00ed":"4 minuty"},"schema":{"@context":"https:\/\/schema.org","@graph":[{"@type":"WebPage","@id":"https:\/\/www.chinakingtyre.com\/product\/kingtyre-motocross-bikes-tires-x85-x86\/","url":"https:\/\/www.chinakingtyre.com\/product\/kingtyre-motocross-bikes-tires-x85-x86\/","name":"Pneumatiky Kingtyre X85 a X86 pro ter\u00e9nn\u00ed motocykly | Pneumatiky pro motokrosov\u00e1 kola pro extr\u00e9mn\u00ed v\u00fdkon v ter\u00e9nu","isPartOf":{"@id":"https:\/\/www.chinakingtyre.com\/#website"},"primaryImageOfPage":{"@id":"https:\/\/www.chinakingtyre.com\/product\/kingtyre-motocross-bikes-tires-x85-x86\/#primaryimage"},"image":{"@id":"https:\/\/www.chinakingtyre.com\/product\/kingtyre-motocross-bikes-tires-x85-x86\/#primaryimage"},"thumbnailUrl":"https:\/\/www.chinakingtyre.com\/wp-content\/uploads\/2025\/08\/Kingtyre-X85-X86-off-road-tires.jpg","datePublished":"2025-08-22T02:27:29+00:00","dateModified":"2025-08-22T02:27:31+00:00","description":"Objevte pneumatiky Kingtyre X85 a X86 pro motokrosov\u00e1 kola s agresivn\u00edm dez\u00e9nem pro j\u00edzdu v bl\u00e1t\u011b, na kamenech a v lese. Velikosti 80\/100-21, 110\/90-18, 110\/90-19. Pr\u00e9miov\u00e9 ter\u00e9nn\u00ed motocyklov\u00e9 pneumatiky pro enduro a motokrosov\u00e9 z\u00e1vody.","breadcrumb":{"@id":"https:\/\/www.chinakingtyre.com\/product\/kingtyre-motocross-bikes-tires-x85-x86\/#breadcrumb"},"inLanguage":"cs","potentialAction":[{"@type":"ReadAction","target":["https:\/\/www.chinakingtyre.com\/product\/kingtyre-motocross-bikes-tires-x85-x86\/"]}]},{"@type":"ImageObject","inLanguage":"cs","@id":"https:\/\/www.chinakingtyre.com\/product\/kingtyre-motocross-bikes-tires-x85-x86\/#primaryimage","url":"https:\/\/www.chinakingtyre.com\/wp-content\/uploads\/2025\/08\/Kingtyre-X85-X86-off-road-tires.jpg","contentUrl":"https:\/\/www.chinakingtyre.com\/wp-content\/uploads\/2025\/08\/Kingtyre-X85-X86-off-road-tires.jpg","width":800,"height":800,"caption":"Kingtyre-X85-X86-off-road-tires"},{"@type":"BreadcrumbList","@id":"https:\/\/www.chinakingtyre.com\/product\/kingtyre-motocross-bikes-tires-x85-x86\/#breadcrumb","itemListElement":[{"@type":"ListItem","position":1,"name":"Home","item":"https:\/\/www.chinakingtyre.com\/"},{"@type":"ListItem","position":2,"name":"Kingtyre Product List","item":"https:\/\/www.chinakingtyre.com\/kingtyre-product-list\/"},{"@type":"ListItem","position":3,"name":"Kingtyre X85 and X86 Motocross Bikes Tires \u2013 Advanced Dirt Bike Tires for Extreme Off-Road Riding"}]},{"@type":"WebSite","@id":"https:\/\/www.chinakingtyre.com\/#website","url":"https:\/\/www.chinakingtyre.com\/","name":"KingTyre Profesion\u00e1ln\u00ed v\u00fdrobce motocyklov\u00fdch pneumatik","description":"","publisher":{"@id":"https:\/\/www.chinakingtyre.com\/#organization"},"potentialAction":[{"@type":"SearchAction","target":{"@type":"EntryPoint","urlTemplate":"https:\/\/www.chinakingtyre.com\/?s={search_term_string}"},"query-input":{"@type":"PropertyValueSpecification","valueRequired":true,"valueName":"search_term_string"}}],"inLanguage":"cs"},{"@type":"Organization","@id":"https:\/\/www.chinakingtyre.com\/#organization","name":"TIANJIN KINGTYRE GROUP CO., LTD","url":"https:\/\/www.chinakingtyre.com\/","logo":{"@type":"ImageObject","inLanguage":"cs","@id":"https:\/\/www.chinakingtyre.com\/#\/schema\/logo\/image\/","url":"https:\/\/www.chinakingtyre.com\/wp-content\/uploads\/2025\/07\/LOGO.png","contentUrl":"https:\/\/www.chinakingtyre.com\/wp-content\/uploads\/2025\/07\/LOGO.png","width":870,"height":212,"caption":"TIANJIN KINGTYRE GROUP CO.,LTD"},"image":{"@id":"https:\/\/www.chinakingtyre.com\/#\/schema\/logo\/image\/"},"sameAs":["https:\/\/www.facebook.com\/ChinaKingTyre"]}]}},"_links":{"self":[{"href":"https:\/\/www.chinakingtyre.com\/cs\/wp-json\/wp\/v2\/product\/498","targetHints":{"allow":["GET"]}}],"collection":[{"href":"https:\/\/www.chinakingtyre.com\/cs\/wp-json\/wp\/v2\/product"}],"about":[{"href":"https:\/\/www.chinakingtyre.com\/cs\/wp-json\/wp\/v2\/types\/product"}],"replies":[{"embeddable":true,"href":"https:\/\/www.chinakingtyre.com\/cs\/wp-json\/wp\/v2\/comments?post=498"}],"wp:featuredmedia":[{"embeddable":true,"href":"https:\/\/www.chinakingtyre.com\/cs\/wp-json\/wp\/v2\/media\/501"}],"wp:attachment":[{"href":"https:\/\/www.chinakingtyre.com\/cs\/wp-json\/wp\/v2\/media?parent=498"}],"curies":[{"name":"wp","href":"https:\/\/api.w.org\/{rel}","templated":true}]}}