{"id":520,"date":"2025-08-26T04:09:49","date_gmt":"2025-08-26T04:09:49","guid":{"rendered":"https:\/\/www.chinakingtyre.com\/?post_type=product&#038;p=520"},"modified":"2025-08-26T04:09:51","modified_gmt":"2025-08-26T04:09:51","slug":"harley-davidson-street-glide-tires-k909","status":"publish","type":"product","link":"https:\/\/www.chinakingtyre.com\/cs\/product\/harley-davidson-street-glide-tires-k909\/","title":{"rendered":"Pneumatiky Kingtyre K909 Harley Davidson Street Glide - v\u00fdkon, odolnost a styl"},"content":{"rendered":"<h2><strong>Vynikaj\u00edc\u00ed \u0159emesln\u00e9 zpracov\u00e1n\u00ed vzoru Kingtyre K909<\/strong><\/h2>\n<p>Na str\u00e1nk\u00e1ch <strong>Pneumatiky Kingtyre K909 Harley Davidson Street Glide<\/strong> jsou zkonstruov\u00e1ny pomoc\u00ed nejmodern\u011bj\u0161\u00edch technologi\u00ed lisov\u00e1n\u00ed a vytvrzov\u00e1n\u00ed, kter\u00e9 zaji\u0161\u0165uj\u00ed v\u00fdjime\u010dnou stabilitu, tepelnou odolnost a odolnost proti opot\u0159eben\u00ed. Jedine\u010dn\u00e9 <strong>Konstrukce b\u011bhounu K909<\/strong> zlep\u0161uje p\u0159ilnavost p\u0159i cestov\u00e1n\u00ed na dlouh\u00e9 vzd\u00e1lenosti a z\u00e1rove\u0148 zaji\u0161\u0165uje vynikaj\u00edc\u00ed rozptyl vody na mokr\u00fdch silnic\u00edch.<\/p>\n<ul>\n<li><strong>Pokro\u010dil\u00e1 sm\u011bs s obsahem oxidu k\u0159emi\u010dit\u00e9ho<\/strong> zlep\u0161uje stabilitu v zat\u00e1\u010dk\u00e1ch a prodlu\u017euje \u017eivotnost pneumatik a\u017e o 20% ve srovn\u00e1n\u00ed s b\u011b\u017en\u00fdmi pneumatikami pro cestovn\u00ed motocykly.<\/li>\n<li><strong>Sm\u011brov\u00fd b\u011bhoun K909<\/strong> zaji\u0161\u0165uje \u00fa\u010dinn\u00fd odvod vody, sni\u017euje riziko hydroplaningu a zlep\u0161uje trakci za mokra o 18%.<\/li>\n<li><strong>Zes\u00edlen\u00e9 bo\u010dnice<\/strong> zvy\u0161uje nosnost, tak\u017ee je ide\u00e1ln\u00ed pro cestovn\u00ed motocykly Harley Davidson, jako jsou Street Glide a Road Glide Fat Tire.<\/li>\n<\/ul>\n<p><img loading=\"lazy\" decoding=\"async\" class=\"aligncenter wp-image-522 size-full\" src=\"https:\/\/www.chinakingtyre.com\/wp-content\/uploads\/2025\/08\/kingtyre-k909-harley-davidson-street-glide-front-tire.jpg\" alt=\"Kingtyre K909 Harley Davidson Street Glide p\u0159edn\u00ed pneumatika 130\/60R23\" width=\"1678\" height=\"794\" srcset=\"https:\/\/www.chinakingtyre.com\/wp-content\/uploads\/2025\/08\/kingtyre-k909-harley-davidson-street-glide-front-tire.jpg 1678w, https:\/\/www.chinakingtyre.com\/wp-content\/uploads\/2025\/08\/kingtyre-k909-harley-davidson-street-glide-front-tire-300x142.jpg 300w, https:\/\/www.chinakingtyre.com\/wp-content\/uploads\/2025\/08\/kingtyre-k909-harley-davidson-street-glide-front-tire-1024x485.jpg 1024w, https:\/\/www.chinakingtyre.com\/wp-content\/uploads\/2025\/08\/kingtyre-k909-harley-davidson-street-glide-front-tire-768x363.jpg 768w, https:\/\/www.chinakingtyre.com\/wp-content\/uploads\/2025\/08\/kingtyre-k909-harley-davidson-street-glide-front-tire-1536x727.jpg 1536w, https:\/\/www.chinakingtyre.com\/wp-content\/uploads\/2025\/08\/kingtyre-k909-harley-davidson-street-glide-front-tire-18x9.jpg 18w, https:\/\/www.chinakingtyre.com\/wp-content\/uploads\/2025\/08\/kingtyre-k909-harley-davidson-street-glide-front-tire-600x284.jpg 600w\" sizes=\"auto, (max-width: 1678px) 100vw, 1678px\" \/><\/p>\n<hr \/>\n<h2><strong>Dostupn\u00e9 velikosti pro Harley Davidson V Rod<\/strong><\/h2>\n<ul>\n<li><strong>P\u0159edn\u00ed pneumatika<\/strong>: <strong>130\/60R23<\/strong> - navr\u017een\u00fd pro p\u0159esn\u00e9 ovl\u00e1d\u00e1n\u00ed a plynul\u00e9 \u0159\u00edzen\u00ed p\u0159i j\u00edzd\u011b po m\u011bst\u011b i po d\u00e1lnici.<\/li>\n<li><strong>Zadn\u00ed pneumatika<\/strong>: <strong>260\/35VR21<\/strong> - \u0161irok\u00fd profil pneumatik zaji\u0161\u0165uj\u00edc\u00ed vynikaj\u00edc\u00ed trakci a lep\u0161\u00ed stabilitu p\u0159i j\u00edzd\u011b na dlouh\u00e9 vzd\u00e1lenosti.<\/li>\n<\/ul>\n<p><img loading=\"lazy\" decoding=\"async\" class=\"aligncenter wp-image-523 size-full\" src=\"https:\/\/www.chinakingtyre.com\/wp-content\/uploads\/2025\/08\/kingtyre-k909-harley-street-glide-rear-tire-260-35vr21.jpg\" alt=\"Kingtyre K909 Harley Street Glide zadn\u00ed pneumatika 260\/35VR21 \u0161irok\u00e1 pneumatika\" width=\"1678\" height=\"794\" srcset=\"https:\/\/www.chinakingtyre.com\/wp-content\/uploads\/2025\/08\/kingtyre-k909-harley-street-glide-rear-tire-260-35vr21.jpg 1678w, https:\/\/www.chinakingtyre.com\/wp-content\/uploads\/2025\/08\/kingtyre-k909-harley-street-glide-rear-tire-260-35vr21-300x142.jpg 300w, https:\/\/www.chinakingtyre.com\/wp-content\/uploads\/2025\/08\/kingtyre-k909-harley-street-glide-rear-tire-260-35vr21-1024x485.jpg 1024w, https:\/\/www.chinakingtyre.com\/wp-content\/uploads\/2025\/08\/kingtyre-k909-harley-street-glide-rear-tire-260-35vr21-768x363.jpg 768w, https:\/\/www.chinakingtyre.com\/wp-content\/uploads\/2025\/08\/kingtyre-k909-harley-street-glide-rear-tire-260-35vr21-1536x727.jpg 1536w, https:\/\/www.chinakingtyre.com\/wp-content\/uploads\/2025\/08\/kingtyre-k909-harley-street-glide-rear-tire-260-35vr21-18x9.jpg 18w, https:\/\/www.chinakingtyre.com\/wp-content\/uploads\/2025\/08\/kingtyre-k909-harley-street-glide-rear-tire-260-35vr21-600x284.jpg 600w\" sizes=\"auto, (max-width: 1678px) 100vw, 1678px\" \/><\/p>\n<hr \/>\n<h2><strong>P\u0159ehled tov\u00e1rny Kingtyre<\/strong><\/h2>\n<p>Jako p\u0159edn\u00ed <a href=\"https:\/\/www.chinakingtyre.com\/cs\/\"><strong>Tov\u00e1rna na pneumatiky Harley Davidson<\/strong><\/a> a <strong>V\u00fdrobce pneumatik Harley<\/strong>, Kingtyre m\u00e1 v\u00edce ne\u017e 10 let zku\u0161enost\u00ed s v\u00fdrobou pr\u00e9miov\u00fdch pneumatik pro cestovn\u00ed motocykly.<\/p>\n<ul>\n<li><strong>Ro\u010dn\u00ed kapacita<\/strong>: 2,5 milionu motocyklov\u00fdch pneumatik.<\/li>\n<li><strong>Mezin\u00e1rodn\u00ed certifikace<\/strong>: DOT, ECE, ISO\/TS16949.<\/li>\n<li>Exportov\u00e1no do <strong>V\u00edce ne\u017e 45 zem\u00ed<\/strong>, se siln\u00fdm zastoupen\u00edm v USA, Evrop\u011b a Asii.<\/li>\n<li>Specializuje se na <strong>V\u00fdrobci pneumatik Harley Davidson Street Glide<\/strong> segmentu, co\u017e zaji\u0161\u0165uje p\u0159esnost mont\u00e1\u017ee a v\u00fdkon.<\/li>\n<\/ul>\n<p><img loading=\"lazy\" decoding=\"async\" class=\"aligncenter wp-image-524 size-full\" src=\"https:\/\/www.chinakingtyre.com\/wp-content\/uploads\/2025\/08\/kingtyre-harley-davidson-tires-factory-1.jpg\" alt=\"Tov\u00e1rna na v\u00fdrobu pneumatik Kingtyre Harley Davidson Street Glide\" width=\"1678\" height=\"794\" srcset=\"https:\/\/www.chinakingtyre.com\/wp-content\/uploads\/2025\/08\/kingtyre-harley-davidson-tires-factory-1.jpg 1678w, https:\/\/www.chinakingtyre.com\/wp-content\/uploads\/2025\/08\/kingtyre-harley-davidson-tires-factory-1-300x142.jpg 300w, https:\/\/www.chinakingtyre.com\/wp-content\/uploads\/2025\/08\/kingtyre-harley-davidson-tires-factory-1-1024x485.jpg 1024w, https:\/\/www.chinakingtyre.com\/wp-content\/uploads\/2025\/08\/kingtyre-harley-davidson-tires-factory-1-768x363.jpg 768w, https:\/\/www.chinakingtyre.com\/wp-content\/uploads\/2025\/08\/kingtyre-harley-davidson-tires-factory-1-1536x727.jpg 1536w, https:\/\/www.chinakingtyre.com\/wp-content\/uploads\/2025\/08\/kingtyre-harley-davidson-tires-factory-1-18x9.jpg 18w, https:\/\/www.chinakingtyre.com\/wp-content\/uploads\/2025\/08\/kingtyre-harley-davidson-tires-factory-1-600x284.jpg 600w\" sizes=\"auto, (max-width: 1678px) 100vw, 1678px\" \/><\/p>\n<hr \/>\n<h2><strong>10 bolestiv\u00fdch m\u00edst pneumatik Harley Davidson Street Glide<\/strong><\/h2>\n<ol>\n<li>Rychl\u00e9 opot\u0159eben\u00ed b\u011bhounu p\u0159i dlouh\u00fdch j\u00edzd\u00e1ch po d\u00e1lnici.<\/li>\n<li>\u0160patn\u00e1 p\u0159ilnavost na mokr\u00e9m povrchu.<\/li>\n<li>Prask\u00e1n\u00ed bo\u010dnic p\u0159i velk\u00e9m zat\u00ed\u017een\u00ed.<\/li>\n<li>Hromad\u011bn\u00ed tepla p\u0159i d\u00e1lkov\u00e9 j\u00edzd\u011b.<\/li>\n<li>Pot\u00ed\u017ee p\u0159i pr\u016fjezdu zat\u00e1\u010dkou s nadm\u011brn\u00fdmi pneumatikami pro cestovn\u00ed vozy.<\/li>\n<li>Omezen\u00e9 mo\u017enosti \u0161irok\u00fdch pneumatik pro zak\u00e1zkov\u00e9 modely Harley Davidson.<\/li>\n<li>Sn\u00ed\u017een\u00e1 stabilita p\u0159i p\u0159eprav\u011b cestuj\u00edc\u00edch a zavazadel.<\/li>\n<li>Nestabiln\u00ed \u0159\u00edzen\u00ed na nerovn\u00e9m povrchu vozovky.<\/li>\n<li>Drah\u00e9 n\u00e1klady na v\u00fdm\u011bnu pneumatik OEM.<\/li>\n<li>Nedostatek specializovan\u00fdch <strong>Pneumatiky pro motocykly Harley Davidson<\/strong> pro cestovn\u00ed i zak\u00e1zkov\u00e1 nastaven\u00ed.<\/li>\n<\/ol>\n<hr \/>\n<h2><strong>Kingtyre \u0158e\u0161en\u00ed pro jezdce Street Glide<\/strong><\/h2>\n<ul>\n<li><strong>Prodlou\u017een\u00fd kilometrov\u00fd prob\u011bh<\/strong>: Sm\u011bs b\u011bhounu K909 zvy\u0161uje \u017eivotnost o 20-25%.<\/li>\n<li><strong>Optimalizace \u00fachopu za mokra<\/strong>: Dr\u00e1\u017eky vodn\u00edch kan\u00e1lk\u016f zvy\u0161uj\u00ed v\u00fdkonnost p\u0159i manipulaci za mokra.<\/li>\n<li><strong>P\u0159izp\u016fsoben\u00ed na m\u00edru<\/strong>: K dispozici v <strong>130\/60R23 vp\u0159edu<\/strong> a <strong>260\/35VR21 vzadu<\/strong>, kompatibiln\u00ed s p\u0159estavbami Harley Davidson Street Glide a Road Glide Fat Tire.<\/li>\n<li><strong>Efektivita n\u00e1klad\u016f<\/strong>: Cena 15% je ni\u017e\u0161\u00ed ne\u017e u srovnateln\u00fdch nejl\u00e9pe hodnocen\u00fdch motocyklov\u00fdch pneumatik pro cruisery.<\/li>\n<li><strong>Stabilita p\u0159i j\u00edzd\u011b na kole<\/strong>: Zes\u00edlen\u00e1 kostra zlep\u0161uje rovnov\u00e1hu i p\u0159i velk\u00e9m cestovn\u00edm zat\u00ed\u017een\u00ed.<\/li>\n<\/ul>\n<hr \/>\n<h2><strong>Technick\u00e9 specifikace - Kingtyre K909<\/strong><\/h2>\n<table style=\"height: 347px;\" width=\"853\">\n<thead>\n<tr>\n<th><strong>Specifikace<\/strong><\/th>\n<th><strong>P\u0159edn\u00ed pneumatika 130\/60R23<\/strong><\/th>\n<th><strong>Zadn\u00ed pneumatika 260\/35VR21<\/strong><\/th>\n<\/tr>\n<\/thead>\n<tbody>\n<tr>\n<td>Vzor<\/td>\n<td>K909 Harley Street Glide<\/td>\n<td>K909 Harley Street Glide<\/td>\n<\/tr>\n<tr>\n<td>Index zat\u00ed\u017een\u00ed<\/td>\n<td>65<\/td>\n<td>83<\/td>\n<\/tr>\n<tr>\n<td>Hodnocen\u00ed rychlosti<\/td>\n<td>V (240 km\/h)<\/td>\n<td>V (240 km\/h)<\/td>\n<\/tr>\n<tr>\n<td>Stavebnictv\u00ed<\/td>\n<td>Radi\u00e1ln\u00ed<\/td>\n<td>Radi\u00e1ln\u00ed<\/td>\n<\/tr>\n<tr>\n<td>Doporu\u010den\u00fd tlak v pneumatik\u00e1ch za studena<\/td>\n<td>36 PSI<\/td>\n<td>40 PSI<\/td>\n<\/tr>\n<tr>\n<td>Doporu\u010den\u00fd tlak v hork\u00fdch pneumatik\u00e1ch<\/td>\n<td>39 PSI<\/td>\n<td>43 PSI<\/td>\n<\/tr>\n<tr>\n<td>Hloubka b\u011bhounu<\/td>\n<td>5,5 mm<\/td>\n<td>6,0 mm<\/td>\n<\/tr>\n<tr>\n<td>Slo\u017een\u00e9<\/td>\n<td>K\u0159emelina + saze<\/td>\n<td>K\u0159emelina + saze<\/td>\n<\/tr>\n<\/tbody>\n<\/table>\n<hr \/>\n<h2><strong>\u010cast\u00e9 dotazy - Pneumatiky Harley Davidson Street Glide (Kingtyre K909)<\/strong><\/h2>\n<p><strong>Ot\u00e1zka 1: Jsou pneumatiky Kingtyre K909 kompatibiln\u00ed s modely Harley Davidson Street Glide 2020-2024?<\/strong><\/p>\n<p>A1: Ano, oboj\u00ed <strong>130\/60R23<\/strong> p\u0159edn\u00ed a <strong>260\/35VR21<\/strong> zadn\u00ed \u010d\u00e1st pasuje na modern\u00ed modely Harley Street Glide a sady Road Glide Fat Tire.<\/p>\n<p><strong>Ot\u00e1zka 2: Jak dlouho vydr\u017e\u00ed pneumatiky Kingtyre K909 Harley?<\/strong><\/p>\n<p>A2: A\u017e do <strong>18 000 mil<\/strong>, v z\u00e1vislosti na j\u00edzdn\u00edch podm\u00ednk\u00e1ch a \u00fadr\u017eb\u011b.<\/p>\n<p><strong>Ot\u00e1zka 3: Jsou vhodn\u00e9 do mokr\u00e9ho po\u010das\u00ed?<\/strong><\/p>\n<p>A3: Ano, d\u00edky optimalizovan\u00fdm dr\u00e1\u017ek\u00e1m b\u011bhounu poskytuj\u00ed <strong>18% lep\u0161\u00ed p\u0159ilnavost za mokra<\/strong>.<\/p>\n<p><strong>Ot\u00e1zka 4: Jak\u00e1 je rychlostn\u00ed kategorie pneumatik Kingtyre K909 Street Glide?<\/strong><\/p>\n<p>A4: <strong>V-rated<\/strong> pro rychlosti do 240 km\/h.<\/p>\n<p><strong>Ot\u00e1zka 5: Zlep\u0161uj\u00ed j\u00edzdn\u00ed vlastnosti u p\u0159estaveb Harley Davidson s \u0161irok\u00fdmi pneumatikami?<\/strong><\/p>\n<p>A5: Ano. <strong>260\/35VR21<\/strong> zaji\u0161\u0165uje lep\u0161\u00ed stabilitu a p\u0159ilnavost na \u0161irok\u00fdch pneumatik\u00e1ch.<\/p>\n<p><strong>O6: Jsou testov\u00e1ny na velk\u00e9 zat\u00ed\u017een\u00ed?<\/strong><\/p>\n<p>A6: Ano, zes\u00edlen\u00e9 bo\u010dnice unesou zavazadla a cestovn\u00ed n\u00e1klad cestuj\u00edc\u00edch.<\/p>\n<p><strong>Ot\u00e1zka 7: Jsou pneumatiky Kingtyre K909 Harley schv\u00e1leny DOT?<\/strong><\/p>\n<p>A7: Ano, jsou <strong>Certifikace DOT a ECE<\/strong>.<\/p>\n<p><strong>Ot\u00e1zka 8: Jak\u00fd je doporu\u010den\u00fd tlak v pneumatik\u00e1ch Harley Davidson Street Glide?<\/strong><\/p>\n<p>A8: <strong>36 PSI (p\u0159edn\u00ed studen\u00e1), 40 PSI (zadn\u00ed studen\u00e1)<\/strong>.<\/p>\n<p><strong>Q9: Lze je pou\u017e\u00edt pro cestovn\u00ed i zak\u00e1zkov\u00e9 stavby Harley Davidson?<\/strong><\/p>\n<p>A9: Rozhodn\u011b, ur\u010deno pro <strong>pneumatiky pro motocykly cruiser<\/strong> a vlastn\u00ed nastaven\u00ed.<\/p>\n<p><strong>Q10: Kde se vyr\u00e1b\u011bj\u00ed pneumatiky Kingtyre Harley?<\/strong><\/p>\n<p>A10: Vyrobeno v nejmodern\u011bj\u0161\u00edm za\u0159\u00edzen\u00ed v Kingtyre <strong>tov\u00e1rna na motocyklov\u00e9 pneumatiky<\/strong> s procesy certifikovan\u00fdmi podle ISO.<\/p>\n<p><!-- notionvc: 2271d882-da11-408f-9f5d-bf2bed7a451d --><\/p>","protected":false},"excerpt":{"rendered":"<p>Explore Kingtyre K909 Harley Davidson Street Glide tires. Premium cruiser motorcycle tires in 130\/60R23 and 260\/35VR21 sizes. DOT &amp; ECE certified.<!-- notionvc: 2d7c3bb4-bab6-4136-aaee-f5f61dfa1ded --><\/p>","protected":false},"featured_media":525,"comment_status":"open","ping_status":"closed","template":"","meta":[],"product_brand":[],"product_cat":[21],"product_tag":[421,422,425,427,428,398,426,397,430,431,404,418,413,400,412,420,423,419,424,429],"class_list":{"0":"post-520","1":"product","2":"type-product","3":"status-publish","4":"has-post-thumbnail","6":"product_cat-cruiser-motorcycle-tires","7":"product_tag-130-60r23","8":"product_tag-260-35vr21","9":"product_tag-best-cruiser-tires","10":"product_tag-best-motorcycle-tires-for-cruisers","11":"product_tag-best-tires-for-a-cruiser-motorcycle","12":"product_tag-cruiser-motorcycle-tires","13":"product_tag-cruiser-motorcycle-tyres","14":"product_tag-cruiser-tires","15":"product_tag-dot-certified-motorcycle-tires","16":"product_tag-ece-motorcycle-tires","17":"product_tag-harley-davidson-motorcycle-tyres","18":"product_tag-harley-davidson-street-glide-tires","19":"product_tag-harley-davidson-tires-factory","20":"product_tag-harley-tires","21":"product_tag-harley-touring-tires","22":"product_tag-kingtyre-k909","23":"product_tag-road-glide-fat-tire","24":"product_tag-street-glide-tires","25":"product_tag-top-rated-motorcycle-tires-for-cruisers","26":"product_tag-wide-tire-harley-davidson","28":"first","29":"instock","30":"shipping-taxable","31":"product-type-simple"},"yoast_head":"<!-- This site is optimized with the Yoast SEO Premium plugin v25.1 (Yoast SEO v25.1) - https:\/\/yoast.com\/wordpress\/plugins\/seo\/ -->\n<title>Kingtyre K909 Harley Davidson Street Glide Tires \u2013 130\/60R23 &amp; 260\/35VR21 Wide Tires for Cruisers<\/title>\n<meta name=\"description\" content=\"Explore Kingtyre K909 Harley Davidson Street Glide tires. Premium cruiser motorcycle tires in 130\/60R23 and 260\/35VR21 sizes. DOT &amp; ECE certified.\" \/>\n<meta name=\"robots\" content=\"index, follow, max-snippet:-1, max-image-preview:large, max-video-preview:-1\" \/>\n<link rel=\"canonical\" href=\"https:\/\/www.chinakingtyre.com\/cs\/product\/harley-davidson-street-glide-tires-k909\/\" \/>\n<meta property=\"og:locale\" content=\"cs_CZ\" \/>\n<meta property=\"og:type\" content=\"article\" \/>\n<meta property=\"og:title\" content=\"Kingtyre K909 Harley Davidson Street Glide Tires \u2013 Performance, Durability &amp; Style\" \/>\n<meta property=\"og:description\" content=\"Explore Kingtyre K909 Harley Davidson Street Glide tires. Premium cruiser motorcycle tires in 130\/60R23 and 260\/35VR21 sizes. DOT &amp; ECE certified.\" \/>\n<meta property=\"og:url\" content=\"https:\/\/www.chinakingtyre.com\/cs\/product\/harley-davidson-street-glide-tires-k909\/\" \/>\n<meta property=\"og:site_name\" content=\"KingTyre Professional motorcycle tire manufacturer\" \/>\n<meta property=\"article:publisher\" content=\"https:\/\/www.facebook.com\/ChinaKingTyre\" \/>\n<meta property=\"article:modified_time\" content=\"2025-08-26T04:09:51+00:00\" \/>\n<meta property=\"og:image\" content=\"https:\/\/www.chinakingtyre.com\/wp-content\/uploads\/2025\/08\/Kingtyre-K909-Harley-Davidson-Street-Glide-Tires.jpg\" \/>\n\t<meta property=\"og:image:width\" content=\"800\" \/>\n\t<meta property=\"og:image:height\" content=\"800\" \/>\n\t<meta property=\"og:image:type\" content=\"image\/jpeg\" \/>\n<meta name=\"twitter:card\" content=\"summary_large_image\" \/>\n<meta name=\"twitter:label1\" content=\"Odhadovan\u00e1 doba \u010dten\u00ed\" \/>\n\t<meta name=\"twitter:data1\" content=\"4 minuty\" \/>\n<script type=\"application\/ld+json\" class=\"yoast-schema-graph\">{\"@context\":\"https:\/\/schema.org\",\"@graph\":[{\"@type\":\"WebPage\",\"@id\":\"https:\/\/www.chinakingtyre.com\/product\/harley-davidson-street-glide-tires-k909\/\",\"url\":\"https:\/\/www.chinakingtyre.com\/product\/harley-davidson-street-glide-tires-k909\/\",\"name\":\"Kingtyre K909 Harley Davidson Street Glide Tires \u2013 130\/60R23 & 260\/35VR21 Wide Tires for Cruisers\",\"isPartOf\":{\"@id\":\"https:\/\/www.chinakingtyre.com\/#website\"},\"primaryImageOfPage\":{\"@id\":\"https:\/\/www.chinakingtyre.com\/product\/harley-davidson-street-glide-tires-k909\/#primaryimage\"},\"image\":{\"@id\":\"https:\/\/www.chinakingtyre.com\/product\/harley-davidson-street-glide-tires-k909\/#primaryimage\"},\"thumbnailUrl\":\"https:\/\/www.chinakingtyre.com\/wp-content\/uploads\/2025\/08\/Kingtyre-K909-Harley-Davidson-Street-Glide-Tires.jpg\",\"datePublished\":\"2025-08-26T04:09:49+00:00\",\"dateModified\":\"2025-08-26T04:09:51+00:00\",\"description\":\"Explore Kingtyre K909 Harley Davidson Street Glide tires. Premium cruiser motorcycle tires in 130\/60R23 and 260\/35VR21 sizes. DOT & ECE certified.\",\"breadcrumb\":{\"@id\":\"https:\/\/www.chinakingtyre.com\/product\/harley-davidson-street-glide-tires-k909\/#breadcrumb\"},\"inLanguage\":\"cs\",\"potentialAction\":[{\"@type\":\"ReadAction\",\"target\":[\"https:\/\/www.chinakingtyre.com\/product\/harley-davidson-street-glide-tires-k909\/\"]}]},{\"@type\":\"ImageObject\",\"inLanguage\":\"cs\",\"@id\":\"https:\/\/www.chinakingtyre.com\/product\/harley-davidson-street-glide-tires-k909\/#primaryimage\",\"url\":\"https:\/\/www.chinakingtyre.com\/wp-content\/uploads\/2025\/08\/Kingtyre-K909-Harley-Davidson-Street-Glide-Tires.jpg\",\"contentUrl\":\"https:\/\/www.chinakingtyre.com\/wp-content\/uploads\/2025\/08\/Kingtyre-K909-Harley-Davidson-Street-Glide-Tires.jpg\",\"width\":800,\"height\":800},{\"@type\":\"BreadcrumbList\",\"@id\":\"https:\/\/www.chinakingtyre.com\/product\/harley-davidson-street-glide-tires-k909\/#breadcrumb\",\"itemListElement\":[{\"@type\":\"ListItem\",\"position\":1,\"name\":\"Home\",\"item\":\"https:\/\/www.chinakingtyre.com\/\"},{\"@type\":\"ListItem\",\"position\":2,\"name\":\"Kingtyre Product List\",\"item\":\"https:\/\/www.chinakingtyre.com\/kingtyre-product-list\/\"},{\"@type\":\"ListItem\",\"position\":3,\"name\":\"Kingtyre K909 Harley Davidson Street Glide Tires \u2013 Performance, Durability &#038; Style\"}]},{\"@type\":\"WebSite\",\"@id\":\"https:\/\/www.chinakingtyre.com\/#website\",\"url\":\"https:\/\/www.chinakingtyre.com\/\",\"name\":\"KingTyre Professional motorcycle tire manufacturer\",\"description\":\"\",\"publisher\":{\"@id\":\"https:\/\/www.chinakingtyre.com\/#organization\"},\"potentialAction\":[{\"@type\":\"SearchAction\",\"target\":{\"@type\":\"EntryPoint\",\"urlTemplate\":\"https:\/\/www.chinakingtyre.com\/?s={search_term_string}\"},\"query-input\":{\"@type\":\"PropertyValueSpecification\",\"valueRequired\":true,\"valueName\":\"search_term_string\"}}],\"inLanguage\":\"cs\"},{\"@type\":\"Organization\",\"@id\":\"https:\/\/www.chinakingtyre.com\/#organization\",\"name\":\"TIANJIN KINGTYRE GROUP CO.,LTD\",\"url\":\"https:\/\/www.chinakingtyre.com\/\",\"logo\":{\"@type\":\"ImageObject\",\"inLanguage\":\"cs\",\"@id\":\"https:\/\/www.chinakingtyre.com\/#\/schema\/logo\/image\/\",\"url\":\"https:\/\/www.chinakingtyre.com\/wp-content\/uploads\/2025\/07\/LOGO.png\",\"contentUrl\":\"https:\/\/www.chinakingtyre.com\/wp-content\/uploads\/2025\/07\/LOGO.png\",\"width\":870,\"height\":212,\"caption\":\"TIANJIN KINGTYRE GROUP CO.,LTD\"},\"image\":{\"@id\":\"https:\/\/www.chinakingtyre.com\/#\/schema\/logo\/image\/\"},\"sameAs\":[\"https:\/\/www.facebook.com\/ChinaKingTyre\"]}]}<\/script>\n<!-- \/ Yoast SEO Premium plugin. -->","yoast_head_json":{"title":"Kingtyre K909 Harley Davidson Street Glide Tires \u2013 130\/60R23 & 260\/35VR21 Wide Tires for Cruisers","description":"Explore Kingtyre K909 Harley Davidson Street Glide tires. Premium cruiser motorcycle tires in 130\/60R23 and 260\/35VR21 sizes. DOT & ECE certified.","robots":{"index":"index","follow":"follow","max-snippet":"max-snippet:-1","max-image-preview":"max-image-preview:large","max-video-preview":"max-video-preview:-1"},"canonical":"https:\/\/www.chinakingtyre.com\/cs\/product\/harley-davidson-street-glide-tires-k909\/","og_locale":"cs_CZ","og_type":"article","og_title":"Kingtyre K909 Harley Davidson Street Glide Tires \u2013 Performance, Durability & Style","og_description":"Explore Kingtyre K909 Harley Davidson Street Glide tires. Premium cruiser motorcycle tires in 130\/60R23 and 260\/35VR21 sizes. DOT & ECE certified.","og_url":"https:\/\/www.chinakingtyre.com\/cs\/product\/harley-davidson-street-glide-tires-k909\/","og_site_name":"KingTyre Professional motorcycle tire manufacturer","article_publisher":"https:\/\/www.facebook.com\/ChinaKingTyre","article_modified_time":"2025-08-26T04:09:51+00:00","og_image":[{"width":800,"height":800,"url":"https:\/\/www.chinakingtyre.com\/wp-content\/uploads\/2025\/08\/Kingtyre-K909-Harley-Davidson-Street-Glide-Tires.jpg","type":"image\/jpeg"}],"twitter_card":"summary_large_image","twitter_misc":{"Odhadovan\u00e1 doba \u010dten\u00ed":"4 minuty"},"schema":{"@context":"https:\/\/schema.org","@graph":[{"@type":"WebPage","@id":"https:\/\/www.chinakingtyre.com\/product\/harley-davidson-street-glide-tires-k909\/","url":"https:\/\/www.chinakingtyre.com\/product\/harley-davidson-street-glide-tires-k909\/","name":"Kingtyre K909 Harley Davidson Street Glide Tires \u2013 130\/60R23 & 260\/35VR21 Wide Tires for Cruisers","isPartOf":{"@id":"https:\/\/www.chinakingtyre.com\/#website"},"primaryImageOfPage":{"@id":"https:\/\/www.chinakingtyre.com\/product\/harley-davidson-street-glide-tires-k909\/#primaryimage"},"image":{"@id":"https:\/\/www.chinakingtyre.com\/product\/harley-davidson-street-glide-tires-k909\/#primaryimage"},"thumbnailUrl":"https:\/\/www.chinakingtyre.com\/wp-content\/uploads\/2025\/08\/Kingtyre-K909-Harley-Davidson-Street-Glide-Tires.jpg","datePublished":"2025-08-26T04:09:49+00:00","dateModified":"2025-08-26T04:09:51+00:00","description":"Explore Kingtyre K909 Harley Davidson Street Glide tires. Premium cruiser motorcycle tires in 130\/60R23 and 260\/35VR21 sizes. DOT & ECE certified.","breadcrumb":{"@id":"https:\/\/www.chinakingtyre.com\/product\/harley-davidson-street-glide-tires-k909\/#breadcrumb"},"inLanguage":"cs","potentialAction":[{"@type":"ReadAction","target":["https:\/\/www.chinakingtyre.com\/product\/harley-davidson-street-glide-tires-k909\/"]}]},{"@type":"ImageObject","inLanguage":"cs","@id":"https:\/\/www.chinakingtyre.com\/product\/harley-davidson-street-glide-tires-k909\/#primaryimage","url":"https:\/\/www.chinakingtyre.com\/wp-content\/uploads\/2025\/08\/Kingtyre-K909-Harley-Davidson-Street-Glide-Tires.jpg","contentUrl":"https:\/\/www.chinakingtyre.com\/wp-content\/uploads\/2025\/08\/Kingtyre-K909-Harley-Davidson-Street-Glide-Tires.jpg","width":800,"height":800},{"@type":"BreadcrumbList","@id":"https:\/\/www.chinakingtyre.com\/product\/harley-davidson-street-glide-tires-k909\/#breadcrumb","itemListElement":[{"@type":"ListItem","position":1,"name":"Home","item":"https:\/\/www.chinakingtyre.com\/"},{"@type":"ListItem","position":2,"name":"Kingtyre Product List","item":"https:\/\/www.chinakingtyre.com\/kingtyre-product-list\/"},{"@type":"ListItem","position":3,"name":"Kingtyre K909 Harley Davidson Street Glide Tires \u2013 Performance, Durability &#038; Style"}]},{"@type":"WebSite","@id":"https:\/\/www.chinakingtyre.com\/#website","url":"https:\/\/www.chinakingtyre.com\/","name":"KingTyre Profesion\u00e1ln\u00ed v\u00fdrobce motocyklov\u00fdch pneumatik","description":"","publisher":{"@id":"https:\/\/www.chinakingtyre.com\/#organization"},"potentialAction":[{"@type":"SearchAction","target":{"@type":"EntryPoint","urlTemplate":"https:\/\/www.chinakingtyre.com\/?s={search_term_string}"},"query-input":{"@type":"PropertyValueSpecification","valueRequired":true,"valueName":"search_term_string"}}],"inLanguage":"cs"},{"@type":"Organization","@id":"https:\/\/www.chinakingtyre.com\/#organization","name":"TIANJIN KINGTYRE GROUP CO., LTD","url":"https:\/\/www.chinakingtyre.com\/","logo":{"@type":"ImageObject","inLanguage":"cs","@id":"https:\/\/www.chinakingtyre.com\/#\/schema\/logo\/image\/","url":"https:\/\/www.chinakingtyre.com\/wp-content\/uploads\/2025\/07\/LOGO.png","contentUrl":"https:\/\/www.chinakingtyre.com\/wp-content\/uploads\/2025\/07\/LOGO.png","width":870,"height":212,"caption":"TIANJIN KINGTYRE GROUP CO.,LTD"},"image":{"@id":"https:\/\/www.chinakingtyre.com\/#\/schema\/logo\/image\/"},"sameAs":["https:\/\/www.facebook.com\/ChinaKingTyre"]}]}},"_links":{"self":[{"href":"https:\/\/www.chinakingtyre.com\/cs\/wp-json\/wp\/v2\/product\/520","targetHints":{"allow":["GET"]}}],"collection":[{"href":"https:\/\/www.chinakingtyre.com\/cs\/wp-json\/wp\/v2\/product"}],"about":[{"href":"https:\/\/www.chinakingtyre.com\/cs\/wp-json\/wp\/v2\/types\/product"}],"replies":[{"embeddable":true,"href":"https:\/\/www.chinakingtyre.com\/cs\/wp-json\/wp\/v2\/comments?post=520"}],"wp:featuredmedia":[{"embeddable":true,"href":"https:\/\/www.chinakingtyre.com\/cs\/wp-json\/wp\/v2\/media\/525"}],"wp:attachment":[{"href":"https:\/\/www.chinakingtyre.com\/cs\/wp-json\/wp\/v2\/media?parent=520"}],"wp:term":[{"taxonomy":"product_brand","embeddable":true,"href":"https:\/\/www.chinakingtyre.com\/cs\/wp-json\/wp\/v2\/product_brand?post=520"},{"taxonomy":"product_cat","embeddable":true,"href":"https:\/\/www.chinakingtyre.com\/cs\/wp-json\/wp\/v2\/product_cat?post=520"},{"taxonomy":"product_tag","embeddable":true,"href":"https:\/\/www.chinakingtyre.com\/cs\/wp-json\/wp\/v2\/product_tag?post=520"}],"curies":[{"name":"wp","href":"https:\/\/api.w.org\/{rel}","templated":true}]}}