{"id":532,"date":"2025-08-26T07:04:39","date_gmt":"2025-08-26T07:04:39","guid":{"rendered":"https:\/\/www.chinakingtyre.com\/?post_type=product&#038;p=532"},"modified":"2025-08-26T07:04:41","modified_gmt":"2025-08-26T07:04:41","slug":"pneumatiky-kingtyre-k70-bagger-bike","status":"publish","type":"product","link":"https:\/\/www.chinakingtyre.com\/cs\/product\/pneumatiky-kingtyre-k70-bagger-bike\/","title":{"rendered":"Pneumatiky Kingtyre K70 Bagger Bike - p\u0159esnost, stabilita a cestovn\u00ed v\u00fdkony"},"content":{"rendered":"<h2><strong>V\u00fdhody pneumatik Kingtyre K70 Bagger Bike<\/strong><\/h2>\n<p>Na str\u00e1nk\u00e1ch <strong>Pneumatiky Kingtyre K70 bagger bike<\/strong> jsou navr\u017eeny pro t\u011b\u017ek\u00e9 cestovn\u00ed motocykly, poskytuj\u00ed stabilitu, p\u0159ilnavost a prodlou\u017eenou \u017eivotnost b\u011bhounu. Vyrobeno s <strong>zes\u00edlen\u00e1 konstrukce kostry<\/strong>, K70 zaji\u0161\u0165uje konzistentn\u00ed v\u00fdkon p\u0159i velk\u00e9m zat\u00ed\u017een\u00ed motocykl\u016f typu bagger a touring.<\/p>\n<p>Kl\u00ed\u010d <strong>v\u00fdhody dez\u00e9nu b\u011bhounu<\/strong>:<\/p>\n<ul>\n<li><strong>Sm\u011brov\u00e9 dr\u00e1\u017eky<\/strong>: Optimalizujte odtok vody a sni\u017ete riziko hydroplaningu t\u00edm, \u017ee <strong>40% ve srovn\u00e1n\u00ed s b\u011b\u017en\u00fdmi cestovn\u00edmi pneumatikami<\/strong>.<\/li>\n<li><strong>Bloky b\u011bhounu s prom\u011bnliv\u00fdm sklonem<\/strong>: Minimalizuje hluk na silnici a zvy\u0161uje pohodl\u00ed p\u0159i j\u00edzd\u00e1ch na dlouh\u00e9 vzd\u00e1lenosti.<\/li>\n<li><strong>Technologie du\u00e1ln\u00ed sm\u011bsi<\/strong>: Tvrd\u00e1 st\u0159edov\u00e1 sm\u011bs pro del\u0161\u00ed kilometrov\u00fd prob\u011bh (testov\u00e1no a\u017e do <strong>22 000 km<\/strong>) s m\u011bk\u010d\u00edmi rameny pro lep\u0161\u00ed p\u0159ilnavost v zat\u00e1\u010dk\u00e1ch.<\/li>\n<li><strong>\u017e\u00e1ruvzdorn\u00e9 slo\u017een\u00ed pry\u017ee<\/strong>: Zlep\u0161uje stabilitu pneumatik p\u0159i del\u0161\u00edch rychlostech na d\u00e1lnici (jmenovit\u00e1 hodnota je <strong>240 km\/h \/ VR-rated<\/strong>).<\/li>\n<li><strong>Optimalizovan\u00fd tvar stopy<\/strong>: Poskytuje <strong>8% v\u011bt\u0161\u00ed kontaktn\u00ed pol\u00ed\u010dko<\/strong> ne\u017e standardn\u00ed sportovn\u00ed cestovn\u00ed pneumatiky, co\u017e zaji\u0161\u0165uje stabilitu na motocyklech typu bagger.<\/li>\n<\/ul>\n<p><img loading=\"lazy\" decoding=\"async\" class=\"aligncenter wp-image-535 size-full\" src=\"https:\/\/www.chinakingtyre.com\/wp-content\/uploads\/2025\/08\/kingtyre-k70-bagger-bike-tires-pattern.jpg\" alt=\"Vzorek b\u011bhounu pneumatik Kingtyre K70 Bagger Bike zbl\u00edzka\" width=\"1678\" height=\"794\" srcset=\"https:\/\/www.chinakingtyre.com\/wp-content\/uploads\/2025\/08\/kingtyre-k70-bagger-bike-tires-pattern.jpg 1678w, https:\/\/www.chinakingtyre.com\/wp-content\/uploads\/2025\/08\/kingtyre-k70-bagger-bike-tires-pattern-300x142.jpg 300w, https:\/\/www.chinakingtyre.com\/wp-content\/uploads\/2025\/08\/kingtyre-k70-bagger-bike-tires-pattern-1024x485.jpg 1024w, https:\/\/www.chinakingtyre.com\/wp-content\/uploads\/2025\/08\/kingtyre-k70-bagger-bike-tires-pattern-768x363.jpg 768w, https:\/\/www.chinakingtyre.com\/wp-content\/uploads\/2025\/08\/kingtyre-k70-bagger-bike-tires-pattern-1536x727.jpg 1536w, https:\/\/www.chinakingtyre.com\/wp-content\/uploads\/2025\/08\/kingtyre-k70-bagger-bike-tires-pattern-18x9.jpg 18w, https:\/\/www.chinakingtyre.com\/wp-content\/uploads\/2025\/08\/kingtyre-k70-bagger-bike-tires-pattern-600x284.jpg 600w\" sizes=\"auto, (max-width: 1678px) 100vw, 1678px\" \/><\/p>\n<hr \/>\n<h2><strong>Dostupn\u00e9 velikosti<\/strong><\/h2>\n<p><strong>P\u0159edn\u00ed strana:<\/strong><\/p>\n<ul>\n<li>100\/90R19<\/li>\n<li>130\/90R16<\/li>\n<li>130\/70R18<\/li>\n<li>130\/90B16<\/li>\n<\/ul>\n<p><strong>Zadn\u00ed \u010d\u00e1st:<\/strong><\/p>\n<ul>\n<li>130\/90R16<\/li>\n<li>150\/80R16<\/li>\n<li>170\/80R15<\/li>\n<li>180\/60R16<\/li>\n<li>200\/55R16<\/li>\n<\/ul>\n<p><img loading=\"lazy\" decoding=\"async\" class=\"aligncenter wp-image-536 size-full\" src=\"https:\/\/www.chinakingtyre.com\/wp-content\/uploads\/2025\/08\/kingtyre-k70-bagger-bike-tires-sizes.jpg\" alt=\"Kingtyre K70 Bagger bike tires dostupn\u00e1 tabulka velikost\u00ed\" width=\"1678\" height=\"794\" srcset=\"https:\/\/www.chinakingtyre.com\/wp-content\/uploads\/2025\/08\/kingtyre-k70-bagger-bike-tires-sizes.jpg 1678w, https:\/\/www.chinakingtyre.com\/wp-content\/uploads\/2025\/08\/kingtyre-k70-bagger-bike-tires-sizes-300x142.jpg 300w, https:\/\/www.chinakingtyre.com\/wp-content\/uploads\/2025\/08\/kingtyre-k70-bagger-bike-tires-sizes-1024x485.jpg 1024w, https:\/\/www.chinakingtyre.com\/wp-content\/uploads\/2025\/08\/kingtyre-k70-bagger-bike-tires-sizes-768x363.jpg 768w, https:\/\/www.chinakingtyre.com\/wp-content\/uploads\/2025\/08\/kingtyre-k70-bagger-bike-tires-sizes-1536x727.jpg 1536w, https:\/\/www.chinakingtyre.com\/wp-content\/uploads\/2025\/08\/kingtyre-k70-bagger-bike-tires-sizes-18x9.jpg 18w, https:\/\/www.chinakingtyre.com\/wp-content\/uploads\/2025\/08\/kingtyre-k70-bagger-bike-tires-sizes-600x284.jpg 600w\" sizes=\"auto, (max-width: 1678px) 100vw, 1678px\" \/><\/p>\n<hr \/>\n<h2><strong>Tov\u00e1rn\u00ed p\u0159edstaven\u00ed pneumatik Kingtyre Bagger Bike<\/strong><\/h2>\n<p>Spole\u010dnost Kingtyre je uzn\u00e1v\u00e1na jako profesion\u00e1ln\u00ed <a href=\"https:\/\/www.chinakingtyre.com\/cs\/\"><strong>tov\u00e1rna na pneumatiky bagger<\/strong><\/a>, kter\u00e1 dod\u00e1v\u00e1 na sv\u011btov\u00e9 trhy vysp\u011bl\u00e9 <strong>Pneumatiky Harley<\/strong> a <strong>sportovn\u00ed cestovn\u00ed pneumatiky<\/strong>. S <strong>Za\u0159\u00edzen\u00ed s certifik\u00e1tem ISO\/TS16949<\/strong>, Kingtyre integruje <strong>robotick\u00e9 stroje na v\u00fdrobu pneumatik, automatick\u00e9 vytvrzovac\u00ed lisy a rentgenov\u00e9 kontroln\u00ed technologie.<\/strong> aby byla zaji\u0161t\u011bna p\u0159esnost.<\/p>\n<p>Jako jeden z p\u0159edn\u00edch <a href=\"https:\/\/www.chinakingtyre.com\/cs\/\"><strong>v\u00fdrobci sportovn\u00edch cestovn\u00edch pneumatik<\/strong><\/a>, Kingtyre vyv\u00e1\u017e\u00ed do <strong>v\u00edce ne\u017e 45 zem\u00ed<\/strong>, v\u010detn\u011b USA, N\u011bmecka a Japonska. Ka\u017ed\u00fd <strong>Pneumatiky Kingtyre K70 bagger bike<\/strong> podl\u00e9h\u00e1 <strong>p\u0159\u00edsn\u00e9 testov\u00e1n\u00ed vytrvalosti, rovnov\u00e1hy a p\u0159ilnavosti za mokra.<\/strong> p\u0159ed dod\u00e1n\u00edm.<\/p>\n<p><img loading=\"lazy\" decoding=\"async\" class=\"aligncenter wp-image-537 size-full\" src=\"https:\/\/www.chinakingtyre.com\/wp-content\/uploads\/2025\/08\/kingtyre-k70-bagger-bike-tires-factory.jpg\" alt=\"Tov\u00e1rna Kingtyre vyr\u00e1b\u00ed pneumatiky K70 pro kola bagger\" width=\"1678\" height=\"794\" srcset=\"https:\/\/www.chinakingtyre.com\/wp-content\/uploads\/2025\/08\/kingtyre-k70-bagger-bike-tires-factory.jpg 1678w, https:\/\/www.chinakingtyre.com\/wp-content\/uploads\/2025\/08\/kingtyre-k70-bagger-bike-tires-factory-300x142.jpg 300w, https:\/\/www.chinakingtyre.com\/wp-content\/uploads\/2025\/08\/kingtyre-k70-bagger-bike-tires-factory-1024x485.jpg 1024w, https:\/\/www.chinakingtyre.com\/wp-content\/uploads\/2025\/08\/kingtyre-k70-bagger-bike-tires-factory-768x363.jpg 768w, https:\/\/www.chinakingtyre.com\/wp-content\/uploads\/2025\/08\/kingtyre-k70-bagger-bike-tires-factory-1536x727.jpg 1536w, https:\/\/www.chinakingtyre.com\/wp-content\/uploads\/2025\/08\/kingtyre-k70-bagger-bike-tires-factory-18x9.jpg 18w, https:\/\/www.chinakingtyre.com\/wp-content\/uploads\/2025\/08\/kingtyre-k70-bagger-bike-tires-factory-600x284.jpg 600w\" sizes=\"auto, (max-width: 1678px) 100vw, 1678px\" \/><\/p>\n<hr \/>\n<h2><strong>10 nej\u010dast\u011bj\u0161\u00edch bolest\u00ed pneumatik Bagger Bike<\/strong><\/h2>\n<ol>\n<li>Rychl\u00e9 opot\u0159eben\u00ed b\u011bhounu p\u0159i velk\u00e9m zat\u00ed\u017een\u00ed.<\/li>\n<li>\u0160patn\u00e1 p\u0159ilnavost na mokru p\u0159i d\u00e1lni\u010dn\u00edch rychlostech.<\/li>\n<li>Nestabiln\u00ed j\u00edzdn\u00ed vlastnosti v zat\u00e1\u010dk\u00e1ch s pln\u00fdmi zavazadly.<\/li>\n<li>Vysok\u00e1 hlu\u010dnost p\u0159i j\u00edzd\u011b na dlouh\u00e9 vzd\u00e1lenosti.<\/li>\n<li>Hromad\u011bn\u00ed tepla p\u0159i del\u0161\u00edch letn\u00edch j\u00edzd\u00e1ch.<\/li>\n<li>Obt\u00ed\u017en\u00e9 ovl\u00e1d\u00e1n\u00ed brzd na mokr\u00e9m asfaltu.<\/li>\n<li>Probl\u00e9my s vibracemi na nerovn\u00e9m povrchu.<\/li>\n<li>Nedostate\u010dn\u00e1 stabilita s cestuj\u00edc\u00edmi a n\u00e1kladem.<\/li>\n<li>Omezen\u00e1 \u017eivotnost pneumatik u cestovn\u00edch kol.<\/li>\n<li>Sn\u00ed\u017een\u00e1 trakce na sm\u00ed\u0161en\u00fdch vozovk\u00e1ch.<\/li>\n<\/ol>\n<hr \/>\n<h2><strong>Kingtyre K70 \u0158e\u0161en\u00ed<\/strong><\/h2>\n<ul>\n<li><strong>Roz\u0161\u00ed\u0159en\u00e1 sm\u011bs kilometr\u016f<\/strong>: 20% del\u0161\u00ed \u017eivotnost b\u011bhounu ne\u017e standardn\u00ed pneumatiky pro bagry.<\/li>\n<li><strong>Pokro\u010dil\u00fd b\u011bhoun z oxidu k\u0159emi\u010dit\u00e9ho<\/strong>: Zlep\u0161uje p\u0159ilnavost za mokra o 35%.<\/li>\n<li><strong>Tuh\u00e9 vyztu\u017een\u00ed bo\u010dnic<\/strong>: Zlep\u0161uje j\u00edzdn\u00ed stabilitu pln\u011b nalo\u017een\u00fdch cestovn\u00edch motocykl\u016f.<\/li>\n<li><strong>Bloky b\u011bhounu s optimalizovan\u00fdm hlukem<\/strong>: 25% ti\u0161\u0161\u00ed p\u0159i j\u00edzd\u011b po d\u00e1lnici rychlost\u00ed 120 km\/h.<\/li>\n<li><strong>Jate\u010dn\u011b upraven\u00e1 t\u011bla rozptyluj\u00edc\u00ed teplo<\/strong>: Udr\u017euje stabiln\u00ed v\u00fdkon b\u011bhem dlouh\u00fdch letn\u00edch j\u00edzd.<\/li>\n<li><strong>Konstrukce brzdn\u00e9 z\u00f3ny s vysokou p\u0159ilnavost\u00ed<\/strong>: Krat\u0161\u00ed brzdn\u00e1 dr\u00e1ha na mokru o 15%.<\/li>\n<li><strong>Dynamick\u00e9 vyva\u017eov\u00e1n\u00ed<\/strong>: Minimalizuje vibrace pro hladk\u00fd cestovn\u00ed v\u00fdkon.<\/li>\n<li><strong>Optimalizace vyt\u00ed\u017een\u00ed cestuj\u00edc\u00edch<\/strong>: Testov\u00e1no pro zat\u00ed\u017een\u00ed a\u017e do <strong>480 kg na sadu<\/strong>.<\/li>\n<li><strong>Vytrvalost na dlouh\u00e9 vzd\u00e1lenosti<\/strong>: Osv\u011bd\u010den\u00e9 v <strong>10 000 km nep\u0159etr\u017eit\u00fdch simula\u010dn\u00edch test\u016f na silnici<\/strong>.<\/li>\n<li><strong>P\u0159izp\u016fsobivost na v\u0161echny silnice<\/strong>: Ur\u010deno pro d\u00e1lnice, m\u011bstsk\u00e9 silnice a lehk\u00e9 \u0161otolinov\u00e9 cesty.<\/li>\n<\/ul>\n<hr \/>\n<h2><strong>Technick\u00e9 specifikace<\/strong><\/h2>\n<table style=\"height: 373px;\" width=\"765\">\n<thead>\n<tr>\n<th><strong>Funkce<\/strong><\/th>\n<th><strong>Pneumatiky Kingtyre K70 Bagger Bike<\/strong><\/th>\n<\/tr>\n<\/thead>\n<tbody>\n<tr>\n<td>Kategorie pneumatik<\/td>\n<td>J\u00edzdn\u00ed kolo Bagger \/ Sport Touring<\/td>\n<\/tr>\n<tr>\n<td>Stavebnictv\u00ed<\/td>\n<td>Radi\u00e1ln\u00ed \/ s p\u0159edsazen\u00fdmi p\u00e1sy<\/td>\n<\/tr>\n<tr>\n<td>Hodnocen\u00ed rychlosti<\/td>\n<td>V \/ VR (do 240 km\/h)<\/td>\n<\/tr>\n<tr>\n<td>Nosnost (na pneumatiku)<\/td>\n<td>250-480 kg<\/td>\n<\/tr>\n<tr>\n<td>Sm\u011bs b\u011bhounu<\/td>\n<td>Dvojit\u00e1 sm\u011bs oxid k\u0159emi\u010dit\u00fd + uhl\u00edk<\/td>\n<\/tr>\n<tr>\n<td>Testovan\u00fd po\u010det ujet\u00fdch kilometr\u016f<\/td>\n<td>A\u017e 22 000 km<\/td>\n<\/tr>\n<tr>\n<td>Index p\u0159ilnavosti za mokra<\/td>\n<td>Hodnocen\u00ed A<\/td>\n<\/tr>\n<tr>\n<td>Sn\u00ed\u017een\u00ed hluku<\/td>\n<td>-25% dB<\/td>\n<\/tr>\n<tr>\n<td>Z\u00e1ruka<\/td>\n<td>24 m\u011bs\u00edc\u016f glob\u00e1ln\u00ed z\u00e1ruky<\/td>\n<\/tr>\n<\/tbody>\n<\/table>\n<hr \/>\n<h2><strong>\u010cast\u00e9 dotazy - B\u011b\u017en\u00e9 dotazy k pneumatik\u00e1m Bagger Bike Tire<\/strong><\/h2>\n<p><strong>1. Jak dlouho vydr\u017e\u00ed pneumatiky pro kola bagger?<\/strong><\/p>\n<p>Na str\u00e1nk\u00e1ch <strong>Kingtyre K70<\/strong> nab\u00edz\u00ed a\u017e <strong>22 000 km<\/strong> \u017eivotnost za standardn\u00edch cestovn\u00edch podm\u00ednek.<\/p>\n<p><strong>2. Jsou pneumatiky Kingtyre K70 vhodn\u00e9 pro motocykly Harley-Davidson Touring?<\/strong><\/p>\n<p>Ano, K70 je navr\u017een jako <strong>nejlep\u0161\u00ed pneumatiky pro cestovn\u00ed motocykly Harley-Davidson<\/strong>kompatibiln\u00ed s modely Road Glide, Street Glide a Electra Glide.<\/p>\n<p><strong>3. Maj\u00ed tyto pneumatiky dobr\u00e9 vlastnosti v de\u0161ti?<\/strong><\/p>\n<p>Ano, d\u00edky <strong>slou\u010denina bohat\u00e1 na oxid k\u0159emi\u010dit\u00fd<\/strong> a <strong>sm\u011brov\u00e9 dr\u00e1\u017eky<\/strong>, p\u0159ilnavost za mokra se v\u00fdrazn\u011b zlep\u0161ila.<\/p>\n<p><strong>4. Jak\u00fd tlak m\u00e1m pou\u017e\u00edt?<\/strong><\/p>\n<p>Doporu\u010dujeme: <strong>P\u0159edn\u00ed 36 PSI (za studena) \/ zadn\u00ed 42 PSI (za studena)<\/strong>. Nastaven\u00ed \u00b12 PSI pro prohl\u00eddky s velk\u00fdm zat\u00ed\u017een\u00edm.<\/p>\n<p><strong>5. Jsou tyto pneumatiky bezdu\u0161ov\u00e9?<\/strong><\/p>\n<p>Ano, \u0159ada K70 je pln\u011b bezdu\u0161ov\u00e1.<\/p>\n<p><strong>6. Mohu m\u00edchat r\u016fzn\u00e9 velikosti K70?<\/strong><\/p>\n<p>Ano, pokud dodr\u017e\u00edte mont\u00e1\u017en\u00ed pokyny v\u00fdrobce.<\/p>\n<p><strong>7. Sni\u017euj\u00ed tyto pneumatiky hluk na silnici?<\/strong><\/p>\n<p>Ano, b\u011bhoun s prom\u011bnliv\u00fdm sklonem sni\u017euje hlu\u010dnost o <strong>25%<\/strong> ve srovn\u00e1n\u00ed se standardn\u00edmi cestovn\u00edmi pneumatikami.<\/p>\n<p><strong>8. Jak zvl\u00e1dnou horko p\u0159i dlouh\u00fdch letn\u00edch j\u00edzd\u00e1ch?<\/strong><\/p>\n<p>\u017d\u00e1ruvzdorn\u00e1 kostra zaji\u0161\u0165uje <strong>konzistentn\u00ed v\u00fdkon a\u017e do 240 km\/h<\/strong>.<\/p>\n<p><strong>9. S jak\u00fdmi motocykly jsou kompatibiln\u00ed?<\/strong><\/p>\n<p>Ide\u00e1ln\u00ed pro <strong>Cestovn\u00ed motocykly Harley-Davidson, motocykly Indian Bagger a velk\u00e9 modely cruiser\u016f<\/strong>.<\/p>\n<p><strong>10. Kde se vyr\u00e1b\u011bj\u00ed pneumatiky Kingtyre K70?<\/strong><\/p>\n<p>Vyrobeno v <strong>Tov\u00e1rna na motocyklov\u00e9 pneumatiky Kingtyre.<\/strong><\/p>\n<p><!-- notionvc: dc26000a-2032-4d9d-ad0a-27abc1adc072 --><\/p>","protected":false},"excerpt":{"rendered":"<p>Objevte pneumatiky Kingtyre K70 Bagger Bike - ur\u010den\u00e9 pro motocykly Harley a cestovn\u00ed motocykly. Nab\u00edzej\u00ed stabilitu, p\u0159ilnavost, prodlou\u017een\u00fd kilometrov\u00fd v\u00fdkon a pokro\u010dil\u00fd dez\u00e9n.<!-- notionvc: 97f5d76b-20e9-4143-a29d-52e3e46ff5fe --><\/p>","protected":false},"featured_media":534,"comment_status":"open","ping_status":"closed","template":"","meta":[],"class_list":{"0":"post-532","1":"product","2":"type-product","3":"status-publish","4":"has-post-thumbnail","6":"product_cat-cruiser-motorcycle-tires","7":"product_tag-bagger-bike-tires","8":"product_tag-bagger-bike-tires-factory","9":"product_tag-best-motorcycle-tires-for-touring-bikes","10":"product_tag-best-sport-touring-motorcycle-tires","11":"product_tag-best-sport-touring-motorcycle-tyres","12":"product_tag-best-sport-touring-tires","13":"product_tag-best-sport-touring-tyres","14":"product_tag-best-tires-for-harley-davidson-touring-bikes","15":"product_tag-best-touring-motorcycle-tires","16":"product_tag-best-touring-tyres-motorcycle","17":"product_tag-cruiser-motorcycle-tires","18":"product_tag-cruiser-touring-tires","19":"product_tag-harley-tires-manufacturers","20":"product_tag-harley-touring-tires","21":"product_tag-kingtyre-k70","22":"product_tag-motorcycle-touring-tires-factory","23":"product_tag-sport-touring-motorcycle-tires","24":"product_tag-sport-touring-motorcycle-tyres","25":"product_tag-sport-touring-tires","26":"product_tag-sport-touring-tyres","27":"product_tag-touring-motorcycle-tires","29":"first","30":"instock","31":"shipping-taxable","32":"product-type-simple"},"yoast_head":"<!-- This site is optimized with the Yoast SEO Premium plugin v25.1 (Yoast SEO v25.1) - https:\/\/yoast.com\/wordpress\/plugins\/seo\/ -->\n<title>Kingtyre K70 Bagger Bike Tires | Best Sport Touring Tires for Harley &amp; Touring Motorcycles<\/title>\n<meta name=\"description\" content=\"Discover Kingtyre K70 Bagger Bike Tires \u2013 engineered for Harley and touring motorcycles. Offering stability, grip, extended mileage, and advanced tread design.\" \/>\n<meta name=\"robots\" content=\"index, follow, max-snippet:-1, max-image-preview:large, max-video-preview:-1\" \/>\n<link rel=\"canonical\" href=\"https:\/\/www.chinakingtyre.com\/cs\/product\/pneumatiky-kingtyre-k70-bagger-bike\/\" \/>\n<meta property=\"og:locale\" content=\"cs_CZ\" \/>\n<meta property=\"og:type\" content=\"article\" \/>\n<meta property=\"og:title\" content=\"Kingtyre K70 Bagger Bike Tires \u2013 Precision, Stability, and Touring Performance\" \/>\n<meta property=\"og:description\" content=\"Discover Kingtyre K70 Bagger Bike Tires \u2013 engineered for Harley and touring motorcycles. Offering stability, grip, extended mileage, and advanced tread design.\" \/>\n<meta property=\"og:url\" content=\"https:\/\/www.chinakingtyre.com\/cs\/product\/pneumatiky-kingtyre-k70-bagger-bike\/\" \/>\n<meta property=\"og:site_name\" content=\"KingTyre Professional motorcycle tire manufacturer\" \/>\n<meta property=\"article:publisher\" content=\"https:\/\/www.facebook.com\/ChinaKingTyre\" \/>\n<meta property=\"article:modified_time\" content=\"2025-08-26T07:04:41+00:00\" \/>\n<meta property=\"og:image\" content=\"https:\/\/www.chinakingtyre.com\/wp-content\/uploads\/2025\/08\/Kingtyre-K70-bagger-bike-tires.jpg\" \/>\n\t<meta property=\"og:image:width\" content=\"800\" \/>\n\t<meta property=\"og:image:height\" content=\"800\" \/>\n\t<meta property=\"og:image:type\" content=\"image\/jpeg\" \/>\n<meta name=\"twitter:card\" content=\"summary_large_image\" \/>\n<meta name=\"twitter:label1\" content=\"Odhadovan\u00e1 doba \u010dten\u00ed\" \/>\n\t<meta name=\"twitter:data1\" content=\"4 minuty\" \/>\n<script type=\"application\/ld+json\" class=\"yoast-schema-graph\">{\"@context\":\"https:\/\/schema.org\",\"@graph\":[{\"@type\":\"WebPage\",\"@id\":\"https:\/\/www.chinakingtyre.com\/product\/kingtyre-k70-bagger-bike-tires\/\",\"url\":\"https:\/\/www.chinakingtyre.com\/product\/kingtyre-k70-bagger-bike-tires\/\",\"name\":\"Kingtyre K70 Bagger Bike Tires | Best Sport Touring Tires for Harley & Touring Motorcycles\",\"isPartOf\":{\"@id\":\"https:\/\/www.chinakingtyre.com\/#website\"},\"primaryImageOfPage\":{\"@id\":\"https:\/\/www.chinakingtyre.com\/product\/kingtyre-k70-bagger-bike-tires\/#primaryimage\"},\"image\":{\"@id\":\"https:\/\/www.chinakingtyre.com\/product\/kingtyre-k70-bagger-bike-tires\/#primaryimage\"},\"thumbnailUrl\":\"https:\/\/www.chinakingtyre.com\/wp-content\/uploads\/2025\/08\/Kingtyre-K70-bagger-bike-tires.jpg\",\"datePublished\":\"2025-08-26T07:04:39+00:00\",\"dateModified\":\"2025-08-26T07:04:41+00:00\",\"description\":\"Discover Kingtyre K70 Bagger Bike Tires \u2013 engineered for Harley and touring motorcycles. Offering stability, grip, extended mileage, and advanced tread design.\",\"breadcrumb\":{\"@id\":\"https:\/\/www.chinakingtyre.com\/product\/kingtyre-k70-bagger-bike-tires\/#breadcrumb\"},\"inLanguage\":\"cs\",\"potentialAction\":[{\"@type\":\"ReadAction\",\"target\":[\"https:\/\/www.chinakingtyre.com\/product\/kingtyre-k70-bagger-bike-tires\/\"]}]},{\"@type\":\"ImageObject\",\"inLanguage\":\"cs\",\"@id\":\"https:\/\/www.chinakingtyre.com\/product\/kingtyre-k70-bagger-bike-tires\/#primaryimage\",\"url\":\"https:\/\/www.chinakingtyre.com\/wp-content\/uploads\/2025\/08\/Kingtyre-K70-bagger-bike-tires.jpg\",\"contentUrl\":\"https:\/\/www.chinakingtyre.com\/wp-content\/uploads\/2025\/08\/Kingtyre-K70-bagger-bike-tires.jpg\",\"width\":800,\"height\":800,\"caption\":\"Kingtyre-K70-bagger-bike-tires\"},{\"@type\":\"BreadcrumbList\",\"@id\":\"https:\/\/www.chinakingtyre.com\/product\/kingtyre-k70-bagger-bike-tires\/#breadcrumb\",\"itemListElement\":[{\"@type\":\"ListItem\",\"position\":1,\"name\":\"Home\",\"item\":\"https:\/\/www.chinakingtyre.com\/\"},{\"@type\":\"ListItem\",\"position\":2,\"name\":\"Kingtyre Product List\",\"item\":\"https:\/\/www.chinakingtyre.com\/kingtyre-product-list\/\"},{\"@type\":\"ListItem\",\"position\":3,\"name\":\"Kingtyre K70 Bagger Bike Tires \u2013 Precision, Stability, and Touring Performance\"}]},{\"@type\":\"WebSite\",\"@id\":\"https:\/\/www.chinakingtyre.com\/#website\",\"url\":\"https:\/\/www.chinakingtyre.com\/\",\"name\":\"KingTyre Professional motorcycle tire manufacturer\",\"description\":\"\",\"publisher\":{\"@id\":\"https:\/\/www.chinakingtyre.com\/#organization\"},\"potentialAction\":[{\"@type\":\"SearchAction\",\"target\":{\"@type\":\"EntryPoint\",\"urlTemplate\":\"https:\/\/www.chinakingtyre.com\/?s={search_term_string}\"},\"query-input\":{\"@type\":\"PropertyValueSpecification\",\"valueRequired\":true,\"valueName\":\"search_term_string\"}}],\"inLanguage\":\"cs\"},{\"@type\":\"Organization\",\"@id\":\"https:\/\/www.chinakingtyre.com\/#organization\",\"name\":\"TIANJIN KINGTYRE GROUP CO.,LTD\",\"url\":\"https:\/\/www.chinakingtyre.com\/\",\"logo\":{\"@type\":\"ImageObject\",\"inLanguage\":\"cs\",\"@id\":\"https:\/\/www.chinakingtyre.com\/#\/schema\/logo\/image\/\",\"url\":\"https:\/\/www.chinakingtyre.com\/wp-content\/uploads\/2025\/07\/LOGO.png\",\"contentUrl\":\"https:\/\/www.chinakingtyre.com\/wp-content\/uploads\/2025\/07\/LOGO.png\",\"width\":870,\"height\":212,\"caption\":\"TIANJIN KINGTYRE GROUP CO.,LTD\"},\"image\":{\"@id\":\"https:\/\/www.chinakingtyre.com\/#\/schema\/logo\/image\/\"},\"sameAs\":[\"https:\/\/www.facebook.com\/ChinaKingTyre\"]}]}<\/script>\n<!-- \/ Yoast SEO Premium plugin. -->","yoast_head_json":{"title":"Pneumatiky Kingtyre K70 Bagger Bike | Nejlep\u0161\u00ed sportovn\u00ed cestovn\u00ed pneumatiky pro Harley a cestovn\u00ed motocykly","description":"Objevte pneumatiky Kingtyre K70 Bagger Bike - ur\u010den\u00e9 pro motocykly Harley a cestovn\u00ed motocykly. Nab\u00edzej\u00ed stabilitu, p\u0159ilnavost, prodlou\u017een\u00fd kilometrov\u00fd v\u00fdkon a pokro\u010dil\u00fd dez\u00e9n.","robots":{"index":"index","follow":"follow","max-snippet":"max-snippet:-1","max-image-preview":"max-image-preview:large","max-video-preview":"max-video-preview:-1"},"canonical":"https:\/\/www.chinakingtyre.com\/cs\/product\/pneumatiky-kingtyre-k70-bagger-bike\/","og_locale":"cs_CZ","og_type":"article","og_title":"Kingtyre K70 Bagger Bike Tires \u2013 Precision, Stability, and Touring Performance","og_description":"Discover Kingtyre K70 Bagger Bike Tires \u2013 engineered for Harley and touring motorcycles. Offering stability, grip, extended mileage, and advanced tread design.","og_url":"https:\/\/www.chinakingtyre.com\/cs\/product\/pneumatiky-kingtyre-k70-bagger-bike\/","og_site_name":"KingTyre Professional motorcycle tire manufacturer","article_publisher":"https:\/\/www.facebook.com\/ChinaKingTyre","article_modified_time":"2025-08-26T07:04:41+00:00","og_image":[{"width":800,"height":800,"url":"https:\/\/www.chinakingtyre.com\/wp-content\/uploads\/2025\/08\/Kingtyre-K70-bagger-bike-tires.jpg","type":"image\/jpeg"}],"twitter_card":"summary_large_image","twitter_misc":{"Odhadovan\u00e1 doba \u010dten\u00ed":"4 minuty"},"schema":{"@context":"https:\/\/schema.org","@graph":[{"@type":"WebPage","@id":"https:\/\/www.chinakingtyre.com\/product\/kingtyre-k70-bagger-bike-tires\/","url":"https:\/\/www.chinakingtyre.com\/product\/kingtyre-k70-bagger-bike-tires\/","name":"Pneumatiky Kingtyre K70 Bagger Bike | Nejlep\u0161\u00ed sportovn\u00ed cestovn\u00ed pneumatiky pro Harley a cestovn\u00ed motocykly","isPartOf":{"@id":"https:\/\/www.chinakingtyre.com\/#website"},"primaryImageOfPage":{"@id":"https:\/\/www.chinakingtyre.com\/product\/kingtyre-k70-bagger-bike-tires\/#primaryimage"},"image":{"@id":"https:\/\/www.chinakingtyre.com\/product\/kingtyre-k70-bagger-bike-tires\/#primaryimage"},"thumbnailUrl":"https:\/\/www.chinakingtyre.com\/wp-content\/uploads\/2025\/08\/Kingtyre-K70-bagger-bike-tires.jpg","datePublished":"2025-08-26T07:04:39+00:00","dateModified":"2025-08-26T07:04:41+00:00","description":"Objevte pneumatiky Kingtyre K70 Bagger Bike - ur\u010den\u00e9 pro motocykly Harley a cestovn\u00ed motocykly. Nab\u00edzej\u00ed stabilitu, p\u0159ilnavost, prodlou\u017een\u00fd kilometrov\u00fd v\u00fdkon a pokro\u010dil\u00fd dez\u00e9n.","breadcrumb":{"@id":"https:\/\/www.chinakingtyre.com\/product\/kingtyre-k70-bagger-bike-tires\/#breadcrumb"},"inLanguage":"cs","potentialAction":[{"@type":"ReadAction","target":["https:\/\/www.chinakingtyre.com\/product\/kingtyre-k70-bagger-bike-tires\/"]}]},{"@type":"ImageObject","inLanguage":"cs","@id":"https:\/\/www.chinakingtyre.com\/product\/kingtyre-k70-bagger-bike-tires\/#primaryimage","url":"https:\/\/www.chinakingtyre.com\/wp-content\/uploads\/2025\/08\/Kingtyre-K70-bagger-bike-tires.jpg","contentUrl":"https:\/\/www.chinakingtyre.com\/wp-content\/uploads\/2025\/08\/Kingtyre-K70-bagger-bike-tires.jpg","width":800,"height":800,"caption":"Kingtyre-K70-bagger-bike-tires"},{"@type":"BreadcrumbList","@id":"https:\/\/www.chinakingtyre.com\/product\/kingtyre-k70-bagger-bike-tires\/#breadcrumb","itemListElement":[{"@type":"ListItem","position":1,"name":"Home","item":"https:\/\/www.chinakingtyre.com\/"},{"@type":"ListItem","position":2,"name":"Kingtyre Product List","item":"https:\/\/www.chinakingtyre.com\/kingtyre-product-list\/"},{"@type":"ListItem","position":3,"name":"Kingtyre K70 Bagger Bike Tires \u2013 Precision, Stability, and Touring Performance"}]},{"@type":"WebSite","@id":"https:\/\/www.chinakingtyre.com\/#website","url":"https:\/\/www.chinakingtyre.com\/","name":"KingTyre Profesion\u00e1ln\u00ed v\u00fdrobce motocyklov\u00fdch pneumatik","description":"","publisher":{"@id":"https:\/\/www.chinakingtyre.com\/#organization"},"potentialAction":[{"@type":"SearchAction","target":{"@type":"EntryPoint","urlTemplate":"https:\/\/www.chinakingtyre.com\/?s={search_term_string}"},"query-input":{"@type":"PropertyValueSpecification","valueRequired":true,"valueName":"search_term_string"}}],"inLanguage":"cs"},{"@type":"Organization","@id":"https:\/\/www.chinakingtyre.com\/#organization","name":"TIANJIN KINGTYRE GROUP CO., LTD","url":"https:\/\/www.chinakingtyre.com\/","logo":{"@type":"ImageObject","inLanguage":"cs","@id":"https:\/\/www.chinakingtyre.com\/#\/schema\/logo\/image\/","url":"https:\/\/www.chinakingtyre.com\/wp-content\/uploads\/2025\/07\/LOGO.png","contentUrl":"https:\/\/www.chinakingtyre.com\/wp-content\/uploads\/2025\/07\/LOGO.png","width":870,"height":212,"caption":"TIANJIN KINGTYRE GROUP CO.,LTD"},"image":{"@id":"https:\/\/www.chinakingtyre.com\/#\/schema\/logo\/image\/"},"sameAs":["https:\/\/www.facebook.com\/ChinaKingTyre"]}]}},"_links":{"self":[{"href":"https:\/\/www.chinakingtyre.com\/cs\/wp-json\/wp\/v2\/product\/532","targetHints":{"allow":["GET"]}}],"collection":[{"href":"https:\/\/www.chinakingtyre.com\/cs\/wp-json\/wp\/v2\/product"}],"about":[{"href":"https:\/\/www.chinakingtyre.com\/cs\/wp-json\/wp\/v2\/types\/product"}],"replies":[{"embeddable":true,"href":"https:\/\/www.chinakingtyre.com\/cs\/wp-json\/wp\/v2\/comments?post=532"}],"wp:featuredmedia":[{"embeddable":true,"href":"https:\/\/www.chinakingtyre.com\/cs\/wp-json\/wp\/v2\/media\/534"}],"wp:attachment":[{"href":"https:\/\/www.chinakingtyre.com\/cs\/wp-json\/wp\/v2\/media?parent=532"}],"curies":[{"name":"wp","href":"https:\/\/api.w.org\/{rel}","templated":true}]}}