{"id":538,"date":"2025-08-26T07:57:49","date_gmt":"2025-08-26T07:57:49","guid":{"rendered":"https:\/\/www.chinakingtyre.com\/?post_type=product&#038;p=538"},"modified":"2025-08-26T07:57:51","modified_gmt":"2025-08-26T07:57:51","slug":"pneumatiky-kingtyre-k91-cruiser","status":"publish","type":"product","link":"https:\/\/www.chinakingtyre.com\/cs\/product\/pneumatiky-kingtyre-k91-cruiser\/","title":{"rendered":"Pneumatiky Kingtyre K91 Cruiser - nejlep\u0161\u00ed volba pro motocykly Cruiser, Touring a Bagger"},"content":{"rendered":"<h2><strong>Pokro\u010dil\u00fd v\u00fdrobn\u00ed proces a v\u00fdkonnostn\u00ed v\u00fdhody pneumatik Kingtyre K91 Cruiser<\/strong><\/h2>\n<p>Na str\u00e1nk\u00e1ch <strong>Pneumatiky Kingtyre K91 Cruiser<\/strong> jsou konstruov\u00e1ny s vyu\u017eit\u00edm nejmodern\u011bj\u0161\u00ed technologie pneumatik, speci\u00e1ln\u011b vyvinut\u00e9 pro <strong>Motocykly Cruiser, Touring a Bagger<\/strong>. Pou\u017eit\u00ed pokro\u010dil\u00fdch <strong>p\u00e1skov\u00e1 konstrukce (B)<\/strong>K91 zaji\u0161\u0165uje vynikaj\u00edc\u00ed nosnost, del\u0161\u00ed kilometrov\u00fd v\u00fdkon a bezkonkuren\u010dn\u00ed stabilitu na dlouh\u00fdch cest\u00e1ch.<\/p>\n<ul>\n<li><strong>Pro jezdce na k\u0159i\u017en\u00edku:<\/strong> Dez\u00e9n K91 poskytuje vynikaj\u00edc\u00ed p\u0159ilnavost na such\u00e9 i mokr\u00e9 vozovce a zvy\u0161uje jistotu p\u0159i j\u00edzd\u011b po m\u011bst\u011b i na d\u00e1lnici.<\/li>\n<li><strong>Pro cestovn\u00ed jezdce:<\/strong> D\u00edky optimalizovan\u00fdm dr\u00e1\u017ek\u00e1m b\u011bhounu sni\u017euje pneumatika K91 zah\u0159\u00edv\u00e1n\u00ed p\u0159i j\u00edzd\u011b na dlouh\u00e9 vzd\u00e1lenosti, \u010d\u00edm\u017e prodlu\u017euje \u017eivotnost a\u017e o 10 let. <strong>15% ve srovn\u00e1n\u00ed se standardn\u00edmi cestovn\u00edmi pneumatikami<\/strong>.<\/li>\n<li><strong>Pro motocykly Bagger:<\/strong> Zes\u00edlen\u00e1 konstrukce kostry zaji\u0161\u0165uje stabilitu p\u0159i velk\u00e9m zat\u00ed\u017een\u00ed, tak\u017ee je ide\u00e1ln\u00ed pro d\u00e1lkov\u00e9 cestov\u00e1n\u00ed se sedlov\u00fdmi bra\u0161nami a cestuj\u00edc\u00edmi.<\/li>\n<\/ul>\n<hr \/>\n<h2><strong>Dostupn\u00e9 velikosti pneumatik Kingtyre K91 Cruiser<\/strong><\/h2>\n<h3><strong>P\u0159edn\u00ed strana -<\/strong><strong>130\/80B17<\/strong><\/h3>\n<ul>\n<li>B\u011b\u017en\u011b se pou\u017e\u00edv\u00e1 jako p\u0159edn\u00ed pneumatika pro <strong>Motocykly Cruiser \/ Touring \/ Bagger<\/strong>.<\/li>\n<li>Vhodn\u00e9 modely:\n<ul>\n<li>Harley-Davidson Road King<\/li>\n<li>Honda Gold Wing (vybran\u00e9 modely)<\/li>\n<li>Yamaha XV1700 Road Star<\/li>\n<li>Indi\u00e1nsk\u00fd n\u00e1\u010deln\u00edk<\/li>\n<\/ul>\n<\/li>\n<\/ul>\n<h3><strong>Zadn\u00ed \u010d\u00e1st -<\/strong><strong>180\/65B16<\/strong><\/h3>\n<ul>\n<li>Ur\u010deno pro velk\u00e9 <strong>Cestovn\u00ed motocykly a motocykly typu bagger<\/strong>.<\/li>\n<li>Vhodn\u00e9 modely:\n<ul>\n<li>Harley-Davidson Electra Glide \/ Ultra Limited<\/li>\n<li>Harley-Davidson Street Glide<\/li>\n<li>Honda Valkyrie<\/li>\n<li>Indian Roadmaster<\/li>\n<li>Cestovn\u00ed motocykly typu bagger<\/li>\n<\/ul>\n<\/li>\n<\/ul>\n<p><img loading=\"lazy\" decoding=\"async\" class=\"aligncenter wp-image-541 size-full\" src=\"https:\/\/www.chinakingtyre.com\/wp-content\/uploads\/2025\/08\/kingtyre-k91-rear-bagger-tires.jpg\" alt=\"Zadn\u00ed cruiserov\u00e1 pneumatika Kingtyre K91 pro motocykly Harley-Davidson Touring a bagger\" width=\"1678\" height=\"794\" srcset=\"https:\/\/www.chinakingtyre.com\/wp-content\/uploads\/2025\/08\/kingtyre-k91-rear-bagger-tires.jpg 1678w, https:\/\/www.chinakingtyre.com\/wp-content\/uploads\/2025\/08\/kingtyre-k91-rear-bagger-tires-300x142.jpg 300w, https:\/\/www.chinakingtyre.com\/wp-content\/uploads\/2025\/08\/kingtyre-k91-rear-bagger-tires-1024x485.jpg 1024w, https:\/\/www.chinakingtyre.com\/wp-content\/uploads\/2025\/08\/kingtyre-k91-rear-bagger-tires-768x363.jpg 768w, https:\/\/www.chinakingtyre.com\/wp-content\/uploads\/2025\/08\/kingtyre-k91-rear-bagger-tires-1536x727.jpg 1536w, https:\/\/www.chinakingtyre.com\/wp-content\/uploads\/2025\/08\/kingtyre-k91-rear-bagger-tires-18x9.jpg 18w, https:\/\/www.chinakingtyre.com\/wp-content\/uploads\/2025\/08\/kingtyre-k91-rear-bagger-tires-600x284.jpg 600w\" sizes=\"auto, (max-width: 1678px) 100vw, 1678px\" \/><\/p>\n<hr \/>\n<h2><strong>Kingtyre Factory - p\u0159edn\u00ed v\u00fdrobce pneumatik pro cestovn\u00ed vozy a cestovn\u00ed pneumatiky<\/strong><\/h2>\n<p>Kingtyre funguje jako prvot\u0159\u00eddn\u00ed <a href=\"https:\/\/www.chinakingtyre.com\/cs\/\"><strong>Pneumatiky Cruiser z v\u00fdroby<\/strong><\/a>, specializuj\u00edc\u00ed se na <strong>cestovn\u00ed pneumatiky<\/strong> a <a href=\"https:\/\/www.chinakingtyre.com\/cs\/\"><strong>pneumatiky bagger<\/strong> v\u00fdroba<\/a>. Na\u0161e tov\u00e1rna integruje:<\/p>\n<ul>\n<li><strong>V\u00fdrobn\u00ed linky certifikovan\u00e9 podle ISO<\/strong> zaji\u0161\u0165uje p\u0159esnost a kvalitu.<\/li>\n<li><strong>Robotick\u00e1 automatizace<\/strong> pro d\u016fsledn\u00e9 m\u00edch\u00e1n\u00ed sm\u011bsi a \u0159ez\u00e1n\u00ed b\u011bhounu.<\/li>\n<li><strong>Testov\u00e1n\u00ed dynamick\u00e9 rovnov\u00e1hy<\/strong> simuluj\u00edc\u00ed rychlosti a\u017e <strong>200 km\/h<\/strong>.<\/li>\n<li><strong>Testov\u00e1n\u00ed vytrvalosti<\/strong> prokazuj\u00edc\u00ed \u017eivotnost v\u00edce ne\u017e <strong>20 000 mil<\/strong> na d\u00e1lnic\u00edch.<\/li>\n<\/ul>\n<p>D\u00edky des\u00edtk\u00e1m let zku\u0161enost\u00ed je spole\u010dnost Kingtyre uzn\u00e1v\u00e1na mezi p\u0159edn\u00edmi <strong>V\u00fdrobci cestovn\u00edch pneumatik<\/strong> a <strong>V\u00fdrobci pneumatik Bagger<\/strong> po cel\u00e9m sv\u011bt\u011b.<\/p>\n<p><img loading=\"lazy\" decoding=\"async\" class=\"aligncenter wp-image-540 size-full\" src=\"https:\/\/www.chinakingtyre.com\/wp-content\/uploads\/2025\/08\/Kingtyre-K91-Touring-Bagger-tires.jpg\" alt=\"Pneumatiky Kingtyre K91 Cruiser s p\u0159edn\u00edm dez\u00e9nem pro motocykly Harley-Davidson a Touring\" width=\"800\" height=\"800\" srcset=\"https:\/\/www.chinakingtyre.com\/wp-content\/uploads\/2025\/08\/Kingtyre-K91-Touring-Bagger-tires.jpg 800w, https:\/\/www.chinakingtyre.com\/wp-content\/uploads\/2025\/08\/Kingtyre-K91-Touring-Bagger-tires-300x300.jpg 300w, https:\/\/www.chinakingtyre.com\/wp-content\/uploads\/2025\/08\/Kingtyre-K91-Touring-Bagger-tires-150x150.jpg 150w, https:\/\/www.chinakingtyre.com\/wp-content\/uploads\/2025\/08\/Kingtyre-K91-Touring-Bagger-tires-768x768.jpg 768w, https:\/\/www.chinakingtyre.com\/wp-content\/uploads\/2025\/08\/Kingtyre-K91-Touring-Bagger-tires-12x12.jpg 12w, https:\/\/www.chinakingtyre.com\/wp-content\/uploads\/2025\/08\/Kingtyre-K91-Touring-Bagger-tires-600x600.jpg 600w\" sizes=\"auto, (max-width: 800px) 100vw, 800px\" \/><\/p>\n<hr \/>\n<h2><strong>10 nej\u010dast\u011bj\u0161\u00edch bolestiv\u00fdch m\u00edst pneumatik Cruiser<\/strong><\/h2>\n<ol>\n<li>Nerovnom\u011brn\u00e9 opot\u0159eben\u00ed b\u011bhounu u t\u011b\u017ek\u00fdch cestovn\u00edch kol<\/li>\n<li>Sn\u00ed\u017een\u00e1 p\u0159ilnavost za mokra<\/li>\n<li>Vibrace p\u0159i d\u00e1lni\u010dn\u00edch rychlostech<\/li>\n<li>\u0160patn\u00e1 stabilita v zat\u00e1\u010dk\u00e1ch<\/li>\n<li>Nadm\u011brn\u00e9 zah\u0159\u00edv\u00e1n\u00ed p\u0159i dlouh\u00fdch j\u00edzd\u00e1ch<\/li>\n<li>Omezen\u00fd kilometrov\u00fd prob\u011bh pro d\u00e1lkov\u00e9 cestov\u00e1n\u00ed<\/li>\n<li>Nestabilita p\u0159i p\u0159eprav\u011b cestuj\u00edc\u00edch a zavazadel<\/li>\n<li>Obt\u00ed\u017en\u00e9 vyhled\u00e1v\u00e1n\u00ed <strong>nejlep\u0161\u00ed pneumatiky pro motocykly Harley-Davidson Touring<\/strong><\/li>\n<li>Praskliny bo\u010dn\u00edch st\u011bn v d\u016fsledku velk\u00e9ho zat\u00ed\u017een\u00ed<\/li>\n<li>Hluk a nepohodl\u00ed p\u0159i j\u00edzd\u011b vysokou rychlost\u00ed<\/li>\n<\/ol>\n<hr \/>\n<h2><strong>Kingtyre K91 \u0158e\u0161en\u00ed pro jezdce<\/strong><\/h2>\n<ul>\n<li><strong>Zes\u00edlen\u00e1 kostra:<\/strong> Zvl\u00e1dne t\u011b\u017ek\u00e9 bra\u0161n\u00e1\u0159sk\u00e9 zat\u00ed\u017een\u00ed bez deformace.<\/li>\n<li><strong>Optimalizovan\u00e1 sm\u011bs b\u011bhounu:<\/strong> Poskytuje <strong>20% lep\u0161\u00ed p\u0159ilnavost za mokra<\/strong> ve srovn\u00e1n\u00ed s b\u011b\u017en\u00fdmi pneumatikami pro cestovn\u00ed vozy.<\/li>\n<li><strong>Sm\u011bs pry\u017ee s prodlou\u017een\u00fdm kilometrov\u00fdm prob\u011bhem:<\/strong> Dosahuje <strong>\u017eivotnost a\u017e 25 000 km<\/strong> na cestovn\u00edch motocyklech.<\/li>\n<li><strong>Technologie stability:<\/strong> Udr\u017euje rovnov\u00e1hu a pohodl\u00ed p\u0159i j\u00edzd\u00e1ch na dlouh\u00e9 vzd\u00e1lenosti.<\/li>\n<li><strong>V\u00fdkon za ka\u017ed\u00e9ho po\u010das\u00ed:<\/strong> Hlubok\u00e9 dr\u00e1\u017eky b\u011bhounu zaji\u0161\u0165uj\u00ed trakci za sucha i za mokra.<\/li>\n<\/ul>\n<hr \/>\n<h2><strong>Aplikace pro motocykl Kingtyre K91<\/strong><\/h2>\n<p>Kingtyre K91 je speci\u00e1ln\u011b navr\u017een pro:<\/p>\n<ul>\n<li><strong>Cestovn\u00ed motocykly<\/strong> - Harley-Davidson Road King, Yamaha Road Star<\/li>\n<li><strong>Turistick\u00e9 motocykly<\/strong> - Honda Gold Wing, Harley-Davidson Electra Glide<\/li>\n<li><strong>Motocykly Bagger<\/strong> - Indian Roadmaster, Harley-Davidson Street Glide<\/li>\n<\/ul>\n<hr \/>\n<h2><strong>\u010cast\u00e9 dotazy - Pneumatiky pro cestovn\u00ed vozy a pneumatiky pro cestovn\u00ed vozy \u010cast\u00e9 dotazy<\/strong><\/h2>\n<p><strong>Ot\u00e1zka 1: Jak dlouho vydr\u017e\u00ed pneumatiky Kingtyre K91 Cruiser?<\/strong><\/p>\n<p>A1: A\u017e do <strong>25 000 km<\/strong>, v z\u00e1vislosti na stylu j\u00edzdy a zat\u00ed\u017een\u00ed.<\/p>\n<p><strong>Ot\u00e1zka 2: Jsou pneumatiky K91 vhodn\u00e9 do mokr\u00e9ho po\u010das\u00ed?<\/strong><\/p>\n<p>A2: Ano, pokro\u010dil\u00e9 dr\u00e1\u017eky b\u011bhounu zaji\u0161\u0165uj\u00ed vynikaj\u00edc\u00ed odvod vody.<\/p>\n<p><strong>Ot\u00e1zka 3: Mohu K91 pou\u017e\u00edt na motocyklech Harley-Davidson Touring?<\/strong><\/p>\n<p>A3: Rozhodn\u011b. Na <strong>180\/65B16 vzadu<\/strong> je p\u0159\u00edmo vhodn\u00fd pro vozy Electra Glide, Street Glide a Ultra Limited.<\/p>\n<p><strong>Ot\u00e1zka 4: Jsou tyto pneumatiky vhodn\u00e9 pro j\u00edzdu ve dvou se zavazadly?<\/strong><\/p>\n<p>A4: Ano, zes\u00edlen\u00e1 kostra je konstruov\u00e1na pro maxim\u00e1ln\u00ed stabilitu p\u0159i zat\u00ed\u017een\u00ed.<\/p>\n<p><strong>Ot\u00e1zka 5: Sni\u017euj\u00ed pneumatiky Kingtyre K91 vibrace p\u0159i vysok\u00fdch rychlostech?<\/strong><\/p>\n<p>A5: Ano, podstupuj\u00ed <strong>dynamick\u00e9 vyva\u017eov\u00e1n\u00ed<\/strong> testy plynul\u00e9 j\u00edzdy a\u017e do <strong>200 km\/h<\/strong>.<\/p>\n<p><strong>Ot\u00e1zka 6: Jsou bezdu\u0161ov\u00e9 nebo du\u0161ov\u00e9?<\/strong><\/p>\n<p>A6: Pneumatiky K91 Cruiser jsou <strong>bezdu\u0161ov\u00e9<\/strong> se zes\u00edlen\u00fdm designem kor\u00e1lk\u016f.<\/p>\n<p><strong>Ot\u00e1zka 7: Jak si K91 stoj\u00ed v porovn\u00e1n\u00ed s nejlep\u0161\u00edmi cestovn\u00edmi motocyklov\u00fdmi pneumatikami?<\/strong><\/p>\n<p>A7: K91 odpov\u00edd\u00e1 pr\u00e9miov\u00fdm sv\u011btov\u00fdm zna\u010dk\u00e1m s <strong>lep\u0161\u00ed hodnota a prodlou\u017een\u00fd kilometrov\u00fd prob\u011bh<\/strong>.<\/p>\n<p><strong>Ot\u00e1zka 8: Jsou vhodn\u00e9 pro sportovn\u00ed cestovn\u00ed motocykly?<\/strong><\/p>\n<p>A8: A\u010dkoli jsou optimalizov\u00e1ny pro cestovn\u00ed vozy a bagry, dob\u0159e funguj\u00ed i na. <strong>sportovn\u00ed cestovn\u00ed motocykly<\/strong>.<\/p>\n<p><strong>Ot\u00e1zka 9: Jak m\u00e1m udr\u017eovat pneumatiky sv\u00e9ho k\u0159i\u017en\u00edku?<\/strong><\/p>\n<p>A9: Pravideln\u011b kontrolujte tlak vzduchu, se\u0159\u00edzen\u00ed a nosnost.<\/p>\n<p><strong>Q10: Je na pneumatiky Kingtyre K91 poskytov\u00e1na z\u00e1ruka?<\/strong><\/p>\n<p>A10: Ano, Kingtyre nab\u00edz\u00ed <strong>2let\u00e1 v\u00fdrobn\u00ed z\u00e1ruka<\/strong>.<\/p>\n<p><!-- notionvc: 7794c874-7cba-4993-90de-4c1909cbbe80 --><\/p>","protected":false},"excerpt":{"rendered":"<p>Objevte pneumatiky Kingtyre K91 Cruiser - ur\u010den\u00e9 pro motocykly Harley-Davidson, Honda Gold Wing a Indian. Perfektn\u00ed cestovn\u00ed pneumatiky a pneumatiky pro bagry s prodlou\u017een\u00fdm kilometrov\u00fdm v\u00fdkonem a vynikaj\u00edc\u00edm v\u00fdkonem.<!-- notionvc: f2cbe72b-e5e8-4428-a4b6-9961613d3382 --><\/p>","protected":false},"featured_media":540,"comment_status":"open","ping_status":"closed","template":"","meta":[],"class_list":{"0":"post-538","1":"product","2":"type-product","3":"status-publish","4":"has-post-thumbnail","6":"product_cat-cruiser-motorcycle-tires","7":"product_tag-130-80b17","8":"product_tag-180-65b16","9":"product_tag-bagger-tires","10":"product_tag-bagger-tires-manufacturers","11":"product_tag-best-motorcycle-tires-for-touring-bikes","12":"product_tag-best-sport-touring-motorcycle-tires","13":"product_tag-best-sport-touring-motorcycle-tyres","14":"product_tag-best-sport-touring-tires","15":"product_tag-best-sport-touring-tyres","16":"product_tag-best-tires-for-harley-davidson-touring-bikes","17":"product_tag-best-touring-motorcycle-tires","18":"product_tag-best-touring-tyres-motorcycle","19":"product_tag-cruiser-motorcycle-tires","20":"product_tag-cruiser-tires","21":"product_tag-cruiser-tires-factory","22":"product_tag-kingtyre-k91","23":"product_tag-motorcycle-tires-factory","24":"product_tag-sport-touring-motorcycle-tires","25":"product_tag-sport-touring-motorcycle-tyres","26":"product_tag-sport-touring-tyres","27":"product_tag-touring-motorcycle-tires","28":"product_tag-touring-tires","29":"product_tag-touring-tires-manufacturers","31":"first","32":"instock","33":"shipping-taxable","34":"product-type-simple"},"yoast_head":"<!-- This site is optimized with the Yoast SEO Premium plugin v25.1 (Yoast SEO v25.1) - https:\/\/yoast.com\/wordpress\/plugins\/seo\/ -->\n<title>Kingtyre K91 Cruiser Tires | Best Touring and Bagger Motorcycle Tires<\/title>\n<meta name=\"description\" content=\"Discover the Kingtyre K91 Cruiser Tires \u2013 designed for Harley-Davidson, Honda Gold Wing, and Indian motorcycles. Perfect touring tires and bagger tires with extended mileage and superior performance.\" \/>\n<meta name=\"robots\" content=\"index, follow, max-snippet:-1, max-image-preview:large, max-video-preview:-1\" \/>\n<link rel=\"canonical\" href=\"https:\/\/www.chinakingtyre.com\/cs\/product\/pneumatiky-kingtyre-k91-cruiser\/\" \/>\n<meta property=\"og:locale\" content=\"cs_CZ\" \/>\n<meta property=\"og:type\" content=\"article\" \/>\n<meta property=\"og:title\" content=\"Kingtyre K91 Cruiser Tires \u2013 The Ultimate Choice for Cruiser, Touring, and Bagger Motorcycles\" \/>\n<meta property=\"og:description\" content=\"Discover the Kingtyre K91 Cruiser Tires \u2013 designed for Harley-Davidson, Honda Gold Wing, and Indian motorcycles. Perfect touring tires and bagger tires with extended mileage and superior performance.\" \/>\n<meta property=\"og:url\" content=\"https:\/\/www.chinakingtyre.com\/cs\/product\/pneumatiky-kingtyre-k91-cruiser\/\" \/>\n<meta property=\"og:site_name\" content=\"KingTyre Professional motorcycle tire manufacturer\" \/>\n<meta property=\"article:publisher\" content=\"https:\/\/www.facebook.com\/ChinaKingTyre\" \/>\n<meta property=\"article:modified_time\" content=\"2025-08-26T07:57:51+00:00\" \/>\n<meta property=\"og:image\" content=\"https:\/\/www.chinakingtyre.com\/wp-content\/uploads\/2025\/08\/Kingtyre-K91-Touring-Bagger-tires.jpg\" \/>\n\t<meta property=\"og:image:width\" content=\"800\" \/>\n\t<meta property=\"og:image:height\" content=\"800\" \/>\n\t<meta property=\"og:image:type\" content=\"image\/jpeg\" \/>\n<meta name=\"twitter:card\" content=\"summary_large_image\" \/>\n<meta name=\"twitter:label1\" content=\"Odhadovan\u00e1 doba \u010dten\u00ed\" \/>\n\t<meta name=\"twitter:data1\" content=\"4 minuty\" \/>\n<script type=\"application\/ld+json\" class=\"yoast-schema-graph\">{\"@context\":\"https:\/\/schema.org\",\"@graph\":[{\"@type\":\"WebPage\",\"@id\":\"https:\/\/www.chinakingtyre.com\/product\/kingtyre-k91-cruiser-tires\/\",\"url\":\"https:\/\/www.chinakingtyre.com\/product\/kingtyre-k91-cruiser-tires\/\",\"name\":\"Kingtyre K91 Cruiser Tires | Best Touring and Bagger Motorcycle Tires\",\"isPartOf\":{\"@id\":\"https:\/\/www.chinakingtyre.com\/#website\"},\"primaryImageOfPage\":{\"@id\":\"https:\/\/www.chinakingtyre.com\/product\/kingtyre-k91-cruiser-tires\/#primaryimage\"},\"image\":{\"@id\":\"https:\/\/www.chinakingtyre.com\/product\/kingtyre-k91-cruiser-tires\/#primaryimage\"},\"thumbnailUrl\":\"https:\/\/www.chinakingtyre.com\/wp-content\/uploads\/2025\/08\/Kingtyre-K91-Touring-Bagger-tires.jpg\",\"datePublished\":\"2025-08-26T07:57:49+00:00\",\"dateModified\":\"2025-08-26T07:57:51+00:00\",\"description\":\"Discover the Kingtyre K91 Cruiser Tires \u2013 designed for Harley-Davidson, Honda Gold Wing, and Indian motorcycles. Perfect touring tires and bagger tires with extended mileage and superior performance.\",\"breadcrumb\":{\"@id\":\"https:\/\/www.chinakingtyre.com\/product\/kingtyre-k91-cruiser-tires\/#breadcrumb\"},\"inLanguage\":\"cs\",\"potentialAction\":[{\"@type\":\"ReadAction\",\"target\":[\"https:\/\/www.chinakingtyre.com\/product\/kingtyre-k91-cruiser-tires\/\"]}]},{\"@type\":\"ImageObject\",\"inLanguage\":\"cs\",\"@id\":\"https:\/\/www.chinakingtyre.com\/product\/kingtyre-k91-cruiser-tires\/#primaryimage\",\"url\":\"https:\/\/www.chinakingtyre.com\/wp-content\/uploads\/2025\/08\/Kingtyre-K91-Touring-Bagger-tires.jpg\",\"contentUrl\":\"https:\/\/www.chinakingtyre.com\/wp-content\/uploads\/2025\/08\/Kingtyre-K91-Touring-Bagger-tires.jpg\",\"width\":800,\"height\":800,\"caption\":\"Kingtyre K91 Cruiser Tires front tread design for Harley-Davidson and Touring motorcycles\"},{\"@type\":\"BreadcrumbList\",\"@id\":\"https:\/\/www.chinakingtyre.com\/product\/kingtyre-k91-cruiser-tires\/#breadcrumb\",\"itemListElement\":[{\"@type\":\"ListItem\",\"position\":1,\"name\":\"Home\",\"item\":\"https:\/\/www.chinakingtyre.com\/\"},{\"@type\":\"ListItem\",\"position\":2,\"name\":\"Kingtyre Product List\",\"item\":\"https:\/\/www.chinakingtyre.com\/kingtyre-product-list\/\"},{\"@type\":\"ListItem\",\"position\":3,\"name\":\"Kingtyre K91 Cruiser Tires \u2013 The Ultimate Choice for Cruiser, Touring, and Bagger Motorcycles\"}]},{\"@type\":\"WebSite\",\"@id\":\"https:\/\/www.chinakingtyre.com\/#website\",\"url\":\"https:\/\/www.chinakingtyre.com\/\",\"name\":\"KingTyre Professional motorcycle tire manufacturer\",\"description\":\"\",\"publisher\":{\"@id\":\"https:\/\/www.chinakingtyre.com\/#organization\"},\"potentialAction\":[{\"@type\":\"SearchAction\",\"target\":{\"@type\":\"EntryPoint\",\"urlTemplate\":\"https:\/\/www.chinakingtyre.com\/?s={search_term_string}\"},\"query-input\":{\"@type\":\"PropertyValueSpecification\",\"valueRequired\":true,\"valueName\":\"search_term_string\"}}],\"inLanguage\":\"cs\"},{\"@type\":\"Organization\",\"@id\":\"https:\/\/www.chinakingtyre.com\/#organization\",\"name\":\"TIANJIN KINGTYRE GROUP CO.,LTD\",\"url\":\"https:\/\/www.chinakingtyre.com\/\",\"logo\":{\"@type\":\"ImageObject\",\"inLanguage\":\"cs\",\"@id\":\"https:\/\/www.chinakingtyre.com\/#\/schema\/logo\/image\/\",\"url\":\"https:\/\/www.chinakingtyre.com\/wp-content\/uploads\/2025\/07\/LOGO.png\",\"contentUrl\":\"https:\/\/www.chinakingtyre.com\/wp-content\/uploads\/2025\/07\/LOGO.png\",\"width\":870,\"height\":212,\"caption\":\"TIANJIN KINGTYRE GROUP CO.,LTD\"},\"image\":{\"@id\":\"https:\/\/www.chinakingtyre.com\/#\/schema\/logo\/image\/\"},\"sameAs\":[\"https:\/\/www.facebook.com\/ChinaKingTyre\"]}]}<\/script>\n<!-- \/ Yoast SEO Premium plugin. -->","yoast_head_json":{"title":"Pneumatiky Kingtyre K91 Cruiser | Nejlep\u0161\u00ed cestovn\u00ed pneumatiky a pneumatiky pro motocykly Bagger","description":"Objevte pneumatiky Kingtyre K91 Cruiser - ur\u010den\u00e9 pro motocykly Harley-Davidson, Honda Gold Wing a Indian. Perfektn\u00ed cestovn\u00ed pneumatiky a pneumatiky pro bagry s prodlou\u017een\u00fdm kilometrov\u00fdm v\u00fdkonem a vynikaj\u00edc\u00edm v\u00fdkonem.","robots":{"index":"index","follow":"follow","max-snippet":"max-snippet:-1","max-image-preview":"max-image-preview:large","max-video-preview":"max-video-preview:-1"},"canonical":"https:\/\/www.chinakingtyre.com\/cs\/product\/pneumatiky-kingtyre-k91-cruiser\/","og_locale":"cs_CZ","og_type":"article","og_title":"Kingtyre K91 Cruiser Tires \u2013 The Ultimate Choice for Cruiser, Touring, and Bagger Motorcycles","og_description":"Discover the Kingtyre K91 Cruiser Tires \u2013 designed for Harley-Davidson, Honda Gold Wing, and Indian motorcycles. Perfect touring tires and bagger tires with extended mileage and superior performance.","og_url":"https:\/\/www.chinakingtyre.com\/cs\/product\/pneumatiky-kingtyre-k91-cruiser\/","og_site_name":"KingTyre Professional motorcycle tire manufacturer","article_publisher":"https:\/\/www.facebook.com\/ChinaKingTyre","article_modified_time":"2025-08-26T07:57:51+00:00","og_image":[{"width":800,"height":800,"url":"https:\/\/www.chinakingtyre.com\/wp-content\/uploads\/2025\/08\/Kingtyre-K91-Touring-Bagger-tires.jpg","type":"image\/jpeg"}],"twitter_card":"summary_large_image","twitter_misc":{"Odhadovan\u00e1 doba \u010dten\u00ed":"4 minuty"},"schema":{"@context":"https:\/\/schema.org","@graph":[{"@type":"WebPage","@id":"https:\/\/www.chinakingtyre.com\/product\/kingtyre-k91-cruiser-tires\/","url":"https:\/\/www.chinakingtyre.com\/product\/kingtyre-k91-cruiser-tires\/","name":"Pneumatiky Kingtyre K91 Cruiser | Nejlep\u0161\u00ed cestovn\u00ed pneumatiky a pneumatiky pro motocykly Bagger","isPartOf":{"@id":"https:\/\/www.chinakingtyre.com\/#website"},"primaryImageOfPage":{"@id":"https:\/\/www.chinakingtyre.com\/product\/kingtyre-k91-cruiser-tires\/#primaryimage"},"image":{"@id":"https:\/\/www.chinakingtyre.com\/product\/kingtyre-k91-cruiser-tires\/#primaryimage"},"thumbnailUrl":"https:\/\/www.chinakingtyre.com\/wp-content\/uploads\/2025\/08\/Kingtyre-K91-Touring-Bagger-tires.jpg","datePublished":"2025-08-26T07:57:49+00:00","dateModified":"2025-08-26T07:57:51+00:00","description":"Objevte pneumatiky Kingtyre K91 Cruiser - ur\u010den\u00e9 pro motocykly Harley-Davidson, Honda Gold Wing a Indian. Perfektn\u00ed cestovn\u00ed pneumatiky a pneumatiky pro bagry s prodlou\u017een\u00fdm kilometrov\u00fdm v\u00fdkonem a vynikaj\u00edc\u00edm v\u00fdkonem.","breadcrumb":{"@id":"https:\/\/www.chinakingtyre.com\/product\/kingtyre-k91-cruiser-tires\/#breadcrumb"},"inLanguage":"cs","potentialAction":[{"@type":"ReadAction","target":["https:\/\/www.chinakingtyre.com\/product\/kingtyre-k91-cruiser-tires\/"]}]},{"@type":"ImageObject","inLanguage":"cs","@id":"https:\/\/www.chinakingtyre.com\/product\/kingtyre-k91-cruiser-tires\/#primaryimage","url":"https:\/\/www.chinakingtyre.com\/wp-content\/uploads\/2025\/08\/Kingtyre-K91-Touring-Bagger-tires.jpg","contentUrl":"https:\/\/www.chinakingtyre.com\/wp-content\/uploads\/2025\/08\/Kingtyre-K91-Touring-Bagger-tires.jpg","width":800,"height":800,"caption":"Kingtyre K91 Cruiser Tires front tread design for Harley-Davidson and Touring motorcycles"},{"@type":"BreadcrumbList","@id":"https:\/\/www.chinakingtyre.com\/product\/kingtyre-k91-cruiser-tires\/#breadcrumb","itemListElement":[{"@type":"ListItem","position":1,"name":"Home","item":"https:\/\/www.chinakingtyre.com\/"},{"@type":"ListItem","position":2,"name":"Kingtyre Product List","item":"https:\/\/www.chinakingtyre.com\/kingtyre-product-list\/"},{"@type":"ListItem","position":3,"name":"Kingtyre K91 Cruiser Tires \u2013 The Ultimate Choice for Cruiser, Touring, and Bagger Motorcycles"}]},{"@type":"WebSite","@id":"https:\/\/www.chinakingtyre.com\/#website","url":"https:\/\/www.chinakingtyre.com\/","name":"KingTyre Profesion\u00e1ln\u00ed v\u00fdrobce motocyklov\u00fdch pneumatik","description":"","publisher":{"@id":"https:\/\/www.chinakingtyre.com\/#organization"},"potentialAction":[{"@type":"SearchAction","target":{"@type":"EntryPoint","urlTemplate":"https:\/\/www.chinakingtyre.com\/?s={search_term_string}"},"query-input":{"@type":"PropertyValueSpecification","valueRequired":true,"valueName":"search_term_string"}}],"inLanguage":"cs"},{"@type":"Organization","@id":"https:\/\/www.chinakingtyre.com\/#organization","name":"TIANJIN KINGTYRE GROUP CO., LTD","url":"https:\/\/www.chinakingtyre.com\/","logo":{"@type":"ImageObject","inLanguage":"cs","@id":"https:\/\/www.chinakingtyre.com\/#\/schema\/logo\/image\/","url":"https:\/\/www.chinakingtyre.com\/wp-content\/uploads\/2025\/07\/LOGO.png","contentUrl":"https:\/\/www.chinakingtyre.com\/wp-content\/uploads\/2025\/07\/LOGO.png","width":870,"height":212,"caption":"TIANJIN KINGTYRE GROUP CO.,LTD"},"image":{"@id":"https:\/\/www.chinakingtyre.com\/#\/schema\/logo\/image\/"},"sameAs":["https:\/\/www.facebook.com\/ChinaKingTyre"]}]}},"_links":{"self":[{"href":"https:\/\/www.chinakingtyre.com\/cs\/wp-json\/wp\/v2\/product\/538","targetHints":{"allow":["GET"]}}],"collection":[{"href":"https:\/\/www.chinakingtyre.com\/cs\/wp-json\/wp\/v2\/product"}],"about":[{"href":"https:\/\/www.chinakingtyre.com\/cs\/wp-json\/wp\/v2\/types\/product"}],"replies":[{"embeddable":true,"href":"https:\/\/www.chinakingtyre.com\/cs\/wp-json\/wp\/v2\/comments?post=538"}],"wp:featuredmedia":[{"embeddable":true,"href":"https:\/\/www.chinakingtyre.com\/cs\/wp-json\/wp\/v2\/media\/540"}],"wp:attachment":[{"href":"https:\/\/www.chinakingtyre.com\/cs\/wp-json\/wp\/v2\/media?parent=538"}],"curies":[{"name":"wp","href":"https:\/\/api.w.org\/{rel}","templated":true}]}}