{"id":439,"date":"2025-08-15T06:28:55","date_gmt":"2025-08-15T06:28:55","guid":{"rendered":"https:\/\/www.chinakingtyre.com\/?post_type=product&#038;p=439"},"modified":"2025-08-15T07:03:31","modified_gmt":"2025-08-15T07:03:31","slug":"kingtyre-k97-super-motard-daek-road-legal-trackday","status":"publish","type":"product","link":"https:\/\/www.chinakingtyre.com\/da\/product\/kingtyre-k97-super-motard-daek-road-legal-trackday\/","title":{"rendered":"Kingtyre K97 Super Motard-d\u00e6k - Pr\u00e6cisionsm\u00f8nster til trackday- og gadebrug"},"content":{"rendered":"<p>Den <strong>Kingtyre K97 supermotardd\u00e6k<\/strong> er udviklet til ryttere, der kr\u00e6ver pr\u00e6cis h\u00e5ndtering, maksimalt greb og alsidig performance p\u00e5 b\u00e5de racerbane og offentlig vej. Med en avanceret <strong>trampet<\/strong> design med fire forskellige sammens\u00e6tninger, kombinerer K97 <strong>supermoto-d\u00e6k<\/strong> smidighed med holdbarhed, hvilket g\u00f8r det til et f\u00f8rende valg for <strong>Trackday-d\u00e6k<\/strong> entusiaster, konkurrenceracere og almindelige motardk\u00f8rere.<\/p>\n<hr \/>\n<h2><strong>Avanceret produktionsteknologi bag Kingtyre K97 Super Motard-d\u00e6k<\/strong><\/h2>\n<p>Den <strong>K97<\/strong> er produceret i Kingtyres topmoderne <a href=\"https:\/\/www.chinakingtyre.com\/da\/\"><strong>Fabrik for supermotardd\u00e6k<\/strong><\/a>Det sker ved hj\u00e6lp af CNC-styrede h\u00e6rdepresser, lasersk\u00e6ring af slidbaner og h\u00f8jpr\u00e6cisionsst\u00e5lb\u00e6ltekonstruktion. Dette resulterer i:<\/p>\n<ul>\n<li><strong>Optimeret slidbanegeometri:<\/strong> Den retningsbestemte <strong>Trampet<\/strong> M\u00f8nsteret sikrer en enest\u00e5ende vandafledning for bedre greb i v\u00e5dt f\u00f8re, samtidig med at der bevares en stor kontaktflade til brug i t\u00f8rt f\u00f8re.<\/li>\n<li><strong>Fire sammensatte muligheder:<\/strong> H\u00e5rd, medium, bl\u00f8d og ultrabl\u00f8d - s\u00e5 ryttere kan matche <strong>supermoto-d\u00e6k<\/strong> ydeevne til baneforhold, temperatur og k\u00f8restil.<\/li>\n<li><strong>ECE-, DOT- og CCC-certificering:<\/strong> Fuldt lovlig til brug p\u00e5 vejene i Europa, Nordamerika og Asien.<\/li>\n<li><strong>Forst\u00e6rket kropskonstruktion:<\/strong> Giver overlegen stabilitet ved h\u00f8je h\u00e6ldningsvinkler og aggressive sving.<\/li>\n<\/ul>\n<p><img loading=\"lazy\" decoding=\"async\" class=\"aligncenter wp-image-440 size-full\" src=\"https:\/\/www.chinakingtyre.com\/wp-content\/uploads\/2025\/08\/kingtyre-k97-super-motard-tires-factory.jpg\" alt=\"Kingtyre K97 supermotardd\u00e6k fremstillingsproces p\u00e5 motorcykeld\u00e6kfabrik\" width=\"1678\" height=\"794\" srcset=\"https:\/\/www.chinakingtyre.com\/wp-content\/uploads\/2025\/08\/kingtyre-k97-super-motard-tires-factory.jpg 1678w, https:\/\/www.chinakingtyre.com\/wp-content\/uploads\/2025\/08\/kingtyre-k97-super-motard-tires-factory-300x142.jpg 300w, https:\/\/www.chinakingtyre.com\/wp-content\/uploads\/2025\/08\/kingtyre-k97-super-motard-tires-factory-1024x485.jpg 1024w, https:\/\/www.chinakingtyre.com\/wp-content\/uploads\/2025\/08\/kingtyre-k97-super-motard-tires-factory-768x363.jpg 768w, https:\/\/www.chinakingtyre.com\/wp-content\/uploads\/2025\/08\/kingtyre-k97-super-motard-tires-factory-1536x727.jpg 1536w, https:\/\/www.chinakingtyre.com\/wp-content\/uploads\/2025\/08\/kingtyre-k97-super-motard-tires-factory-18x9.jpg 18w, https:\/\/www.chinakingtyre.com\/wp-content\/uploads\/2025\/08\/kingtyre-k97-super-motard-tires-factory-600x284.jpg 600w\" sizes=\"auto, (max-width: 1678px) 100vw, 1678px\" \/><\/p>\n<hr \/>\n<h2><strong>Tr\u00e6de fordele p\u00e5 banen<\/strong><\/h2>\n<p><strong>Overlegen stabilitet i svingene<\/strong><\/p>\n<p>Den <strong>Kingtyre K97<\/strong> giver en progressiv f\u00f8lelse af h\u00e6ldning og sikrer, at k\u00f8rerne kan holde h\u00f8jere svinghastigheder uden at miste vejgreb. Den <strong>Trampet<\/strong> Rillerne er strategisk placeret for at opretholde et ensartet kontakttryk.<\/p>\n<p><strong>Exceptionelt greb i v\u00e5dt og t\u00f8rt vejr<\/strong><\/p>\n<p>P\u00e5 v\u00e5de kredsl\u00f8b er <strong>supermoto racerd\u00e6k med slidbane<\/strong> evakuerer vand effektivt, mens det gennemg\u00e5ende skuldergummi forbedrer grebet p\u00e5 t\u00f8rre overflader. <strong>D\u00e6k til motorcykelbaner<\/strong>.<\/p>\n<p><strong>Forl\u00e6nget levetid for d\u00e6k<\/strong><\/p>\n<p>Sammenlignet med konventionelle <strong>Semi-slick-d\u00e6k<\/strong>K97 giver op til 12% l\u00e6ngere levetid p\u00e5 slidbanen p\u00e5 grund af dens forst\u00e6rkede gummiblandinger, hvilket g\u00f8r den ideel til ryttere, der kombinerer <strong>Trackday-d\u00e6k<\/strong> med lejlighedsvis brug p\u00e5 gaden.<\/p>\n<p><img loading=\"lazy\" decoding=\"async\" class=\"aligncenter wp-image-441 size-full\" src=\"https:\/\/www.chinakingtyre.com\/wp-content\/uploads\/2025\/08\/kingtyre-k97-supermoto-treaded-racing-tires-2.jpg\" alt=\"Kingtyre K97 supermoto racerd\u00e6k med m\u00f8nster p\u00e5 en racercykel\" width=\"1678\" height=\"794\" srcset=\"https:\/\/www.chinakingtyre.com\/wp-content\/uploads\/2025\/08\/kingtyre-k97-supermoto-treaded-racing-tires-2.jpg 1678w, https:\/\/www.chinakingtyre.com\/wp-content\/uploads\/2025\/08\/kingtyre-k97-supermoto-treaded-racing-tires-2-300x142.jpg 300w, https:\/\/www.chinakingtyre.com\/wp-content\/uploads\/2025\/08\/kingtyre-k97-supermoto-treaded-racing-tires-2-1024x485.jpg 1024w, https:\/\/www.chinakingtyre.com\/wp-content\/uploads\/2025\/08\/kingtyre-k97-supermoto-treaded-racing-tires-2-768x363.jpg 768w, https:\/\/www.chinakingtyre.com\/wp-content\/uploads\/2025\/08\/kingtyre-k97-supermoto-treaded-racing-tires-2-1536x727.jpg 1536w, https:\/\/www.chinakingtyre.com\/wp-content\/uploads\/2025\/08\/kingtyre-k97-supermoto-treaded-racing-tires-2-18x9.jpg 18w, https:\/\/www.chinakingtyre.com\/wp-content\/uploads\/2025\/08\/kingtyre-k97-supermoto-treaded-racing-tires-2-600x284.jpg 600w\" sizes=\"auto, (max-width: 1678px) 100vw, 1678px\" \/><\/p>\n<hr \/>\n<h2><strong>Tilg\u00e6ngelige st\u00f8rrelser for Kingtyre K97 Super Motard-d\u00e6k<\/strong><\/h2>\n<p><strong>D\u00e6k foran:<\/strong><\/p>\n<ul>\n<li>100\/50R10<\/li>\n<li>100\/60R10<\/li>\n<li>100\/90ZR18<\/li>\n<li>110\/80ZR18<\/li>\n<\/ul>\n<p><strong>D\u00e6k bagp\u00e5:<\/strong><\/p>\n<ul>\n<li>130\/60R10<\/li>\n<li>110\/80ZR18<\/li>\n<li>120\/70ZR18<\/li>\n<li>130\/70ZR18<\/li>\n<\/ul>\n<hr \/>\n<h2><strong>Kingtyre - f\u00f8rende producent af motorcykeld\u00e6k<\/strong><\/h2>\n<p>Kingtyre er en global leder blandt <strong>Producenter af motorcykeld\u00e6k<\/strong> og <strong>Producenter af MC-d\u00e6k<\/strong>og producerer h\u00f8jtydende <strong>Motardd\u00e6k<\/strong> til professionelle ryttere og entusiaster. Med \u00e5rtiers investeringer i forskning og udvikling fokuserer virksomheden p\u00e5 at kombinere ydeevne i racerklassen med sikkerhedsstandarder, der er lovlige p\u00e5 vejene.<\/p>\n<p><img loading=\"lazy\" decoding=\"async\" class=\"aligncenter wp-image-442 size-full\" src=\"https:\/\/www.chinakingtyre.com\/wp-content\/uploads\/2025\/08\/kingtyre-super-motard-tires-manufacturers.jpg\" alt=\"Kingtyre supermotardd\u00e6kfabrik, der producerer h\u00f8jtydende motorcykeld\u00e6k\" width=\"1678\" height=\"794\" srcset=\"https:\/\/www.chinakingtyre.com\/wp-content\/uploads\/2025\/08\/kingtyre-super-motard-tires-manufacturers.jpg 1678w, https:\/\/www.chinakingtyre.com\/wp-content\/uploads\/2025\/08\/kingtyre-super-motard-tires-manufacturers-300x142.jpg 300w, https:\/\/www.chinakingtyre.com\/wp-content\/uploads\/2025\/08\/kingtyre-super-motard-tires-manufacturers-1024x485.jpg 1024w, https:\/\/www.chinakingtyre.com\/wp-content\/uploads\/2025\/08\/kingtyre-super-motard-tires-manufacturers-768x363.jpg 768w, https:\/\/www.chinakingtyre.com\/wp-content\/uploads\/2025\/08\/kingtyre-super-motard-tires-manufacturers-1536x727.jpg 1536w, https:\/\/www.chinakingtyre.com\/wp-content\/uploads\/2025\/08\/kingtyre-super-motard-tires-manufacturers-18x9.jpg 18w, https:\/\/www.chinakingtyre.com\/wp-content\/uploads\/2025\/08\/kingtyre-super-motard-tires-manufacturers-600x284.jpg 600w\" sizes=\"auto, (max-width: 1678px) 100vw, 1678px\" \/><\/p>\n<hr \/>\n<h2><strong>Almindelige problemer med supermoto-racerd\u00e6k med slidbane<\/strong><\/h2>\n<p>Mange ryttere st\u00e5r over for f\u00f8lgende problemer:<\/p>\n<ol>\n<li><strong>Begr\u00e6nsede sammens\u00e6tningsmuligheder<\/strong> - De fleste m\u00e6rker tilbyder kun en eller to h\u00e5rdhedsgrader.<\/li>\n<li><strong>D\u00e5rlig ydeevne i v\u00e5d tilstand<\/strong> - Nogle <strong>track day-d\u00e6k til motorcykel<\/strong> mister vejgreb under v\u00e5de forhold.<\/li>\n<li><strong>Kort levetid<\/strong> - H\u00f8jtydende d\u00e6k slides for hurtigt til blandet brug.<\/li>\n<li><strong>Inkonsekvent feedback<\/strong> - Manglende stabilitet i sving ved ekstreme h\u00e6ldningsvinkler.<\/li>\n<li><strong>Begr\u00e6nsninger for certificering<\/strong> - Ikke alle <strong>Trackday-d\u00e6k, der er lovlige p\u00e5 vejen<\/strong> opfylde global compliance.<\/li>\n<\/ol>\n<hr \/>\n<h2><strong>Kingtyres l\u00f8sning til trackday-k\u00f8rere<\/strong><\/h2>\n<p>Den <strong>Kingtyre K97<\/strong> l\u00f8ser disse problemer ved:<\/p>\n<ul>\n<li>Tilbud <strong>fire forskellige forbindelser<\/strong> til forskellige k\u00f8rebehov.<\/li>\n<li>Leverer <strong>afbalanceret greb p\u00e5 v\u00e5dt og t\u00f8rt underlag<\/strong> via optimerede slidbanekanaler.<\/li>\n<li>Tilvejebringelse af <strong>op til 12% l\u00e6ngere levetid<\/strong> gennem forst\u00e6rkede gummiblandinger.<\/li>\n<li>M\u00f8de <strong>ECE-, DOT- og CCC-standarder<\/strong> for lovlighed p\u00e5 vejene i hele verden.<\/li>\n<li>Sikring af <strong>konsekvent pr\u00e6station<\/strong> selv ved h\u00f8je l\u00e6nevinkler.<\/li>\n<\/ul>\n<hr \/>\n<h2><strong>Tekniske specifikationer - Kingtyre K97 Super Motard-d\u00e6k<\/strong><\/h2>\n<table style=\"height: 331px;\" width=\"574\">\n<thead>\n<tr>\n<th><strong>Specifikation<\/strong><\/th>\n<th><strong>Detaljer<\/strong><\/th>\n<\/tr>\n<\/thead>\n<tbody>\n<tr>\n<td>M\u00f8nsterkode \uff1a.<\/td>\n<td>K97<\/td>\n<\/tr>\n<tr>\n<td>Type:.<\/td>\n<td>Supermoto-racerd\u00e6k med slidbane<\/td>\n<\/tr>\n<tr>\n<td>Sammensatte muligheder\uff1a.<\/td>\n<td>H\u00e5rd \/ Medium \/ Bl\u00f8d \/ Ultrabl\u00f8d<\/td>\n<\/tr>\n<tr>\n<td>Certificering\uff1a.<\/td>\n<td>ECE \/ DOT \/ CCC<\/td>\n<\/tr>\n<tr>\n<td>Anvendelse:.<\/td>\n<td>Racerl\u00f8b, trackdays, landevejsk\u00f8rsel, stuntk\u00f8rsel<\/td>\n<\/tr>\n<tr>\n<td>St\u00f8rrelser\uff1a.<\/td>\n<td>Se afsnittet om tilg\u00e6ngelige st\u00f8rrelser<\/td>\n<\/tr>\n<tr>\n<td>Maks. hastighed \uff1a.<\/td>\n<td>ZR-klassificeret<\/td>\n<\/tr>\n<tr>\n<td>Konstruktion af slagtekroppe\uff1a.<\/td>\n<td>St\u00e5lb\u00e6lte Radial<\/td>\n<\/tr>\n<tr>\n<td>Fremstillingsland \uff1a.<\/td>\n<td>Kina<\/td>\n<\/tr>\n<\/tbody>\n<\/table>\n<hr \/>\n<h2><strong>FAQ - Almindelige sp\u00f8rgsm\u00e5l om motorcykeld\u00e6k med slidbane og m\u00f8nster<\/strong><\/h2>\n<p><strong>Q1:<\/strong> Er <strong>Semi-slick-d\u00e6k<\/strong> bedre end slicks til v\u00e5de baneforhold?<\/p>\n<p><strong>A1:<\/strong> Ja, semislicks med slidbanem\u00f8nstre som K97 giver bedre vandafledning og greb p\u00e5 v\u00e5de overflader.<\/p>\n<p><strong>Q2:<\/strong> Kan jeg bruge <strong>super motard-d\u00e6k<\/strong> p\u00e5 offentlige veje?<\/p>\n<p><strong>A2:<\/strong> K97 er certificeret i henhold til ECE, DOT og CCC, hvilket g\u00f8r den fuldt lovlig p\u00e5 vejene.<\/p>\n<p><strong>Q3:<\/strong> Hvordan v\u00e6lger jeg mellem h\u00e5rd, medium, bl\u00f8d og ultrabl\u00f8d blanding?<\/p>\n<p><strong>A3:<\/strong> Hard til udholdenhed, Medium til blandede forhold, Soft til sprintl\u00f8b, Ultra Soft til korte kvalifikationsomgange.<\/p>\n<p><strong>Q4:<\/strong> Hvad er det optimale d\u00e6ktryk for <strong>track day-d\u00e6k til motorcykel<\/strong>?<\/p>\n<p><strong>A4:<\/strong> Typisk 26-30 PSI varmt, afh\u00e6ngigt af bane og vejr.<\/p>\n<p><strong>Q5:<\/strong> Hvor lang tid tager <strong>D\u00e6k til motorcykelracing<\/strong> sidste?<\/p>\n<p><strong>A5:<\/strong> K97 holder ca. 15% l\u00e6ngere end almindelige supermoto-d\u00e6k under lignende forhold.<\/p>\n<p><strong>Q6:<\/strong> Har jeg brug for d\u00e6kvarmere til K97?<\/p>\n<p><strong>A6:<\/strong> Anbefales til Soft- og Ultra Soft-blandinger for optimal ydelse.<\/p>\n<p><strong>Q7:<\/strong> Er K97 <strong>Trackday-d\u00e6k, der er lovlige p\u00e5 vejen<\/strong> St\u00f8j p\u00e5 gaden?<\/p>\n<p><strong>A7:<\/strong> Minimal vejst\u00f8j p\u00e5 grund af optimeret slidbaneafstand.<\/p>\n<p><strong>Q8:<\/strong> Kan jeg blande forskellige blandinger for og bag?<\/p>\n<p><strong>A8:<\/strong> Ja, mange ryttere bruger bl\u00f8dere gummiblandinger foran for at f\u00e5 bedre greb i svingene.<\/p>\n<p><strong>Q9:<\/strong> Hvad er opvarmningstiden for K97-d\u00e6k?<\/p>\n<p><strong>A9:<\/strong> Ca. 1 omgang i moderat tempo.<\/p>\n<p><strong>Q10:<\/strong> Er K97 egnet til stuntk\u00f8rsel?<\/p>\n<p><strong>A10:<\/strong> Ja, dens forst\u00e6rkede karkasse og grebsniveauer g\u00f8r den ideel til stuntperformance.<\/p>\n<p><!-- notionvc: 84c00012-c94b-4cb9-a4bd-d0f6fadc6ff8 --><\/p>","protected":false},"excerpt":{"rendered":"<p>Oplev Kingtyre K97 supermotardd\u00e6k med avanceret slidbanedesign, fire forskellige gummiblandinger og ECE\/DOT\/CCC-certificering. Perfekt til trackdays, racing og landevejsbrug.<!-- notionvc: c28e99c2-d58d-49f8-b2f1-d5109d2cc9dd --><\/p>","protected":false},"featured_media":443,"comment_status":"open","ping_status":"closed","template":"","meta":[],"class_list":{"0":"post-439","1":"product","2":"type-product","3":"status-publish","4":"has-post-thumbnail","6":"product_cat-racing-slicks-motorcycle-tires","7":"product_tag-100-50r10","8":"product_tag-100-60r10","9":"product_tag-100-90zr18","10":"product_tag-110-80zr18","11":"product_tag-120-70zr18","12":"product_tag-130-60r10","13":"product_tag-130-70zr18","14":"product_tag-ccc-motorcycle-tires","15":"product_tag-dot-approved-motorcycle-tires","16":"product_tag-ece-certified-motorcycle-tires","17":"product_tag-high-performance-motorcycle-tires","18":"product_tag-kingtyre-k97","19":"product_tag-kingtyre-motorcycle-tires","20":"product_tag-motard-tyres","21":"product_tag-motorcycle-racing-tires","22":"product_tag-motorcycle-tire-manufacturers","23":"product_tag-motorcycle-track-tires","24":"product_tag-racing-tires","25":"product_tag-road-legal-trackday-tires","26":"product_tag-semi-slick-tires","27":"product_tag-stunt-motorcycle-tires","28":"product_tag-super-motard-tires","29":"product_tag-supermoto-tires","30":"product_tag-supermoto-treaded-racing-tires","31":"product_tag-track-day-tires-motorcycle","32":"product_tag-trackday-tires","33":"product_tag-treaded","34":"product_tag-wet-grip-motorcycle-tires","36":"first","37":"instock","38":"shipping-taxable","39":"product-type-simple"},"yoast_head":"<!-- This site is optimized with the Yoast SEO Premium plugin v25.1 (Yoast SEO v25.1) - https:\/\/yoast.com\/wordpress\/plugins\/seo\/ -->\n<title>Kingtyre K97 Super Motard Tires \u2013 Road Legal Trackday &amp; Racing Performance<\/title>\n<meta name=\"description\" content=\"Discover Kingtyre K97 super motard tires with advanced tread design, four compound options, and ECE\/DOT\/CCC certification. Perfect for trackdays, racing, and road use.\" \/>\n<meta name=\"robots\" content=\"index, follow, max-snippet:-1, max-image-preview:large, max-video-preview:-1\" \/>\n<link rel=\"canonical\" href=\"https:\/\/www.chinakingtyre.com\/da\/product\/kingtyre-k97-super-motard-daek-road-legal-trackday\/\" \/>\n<meta property=\"og:locale\" content=\"da_DK\" \/>\n<meta property=\"og:type\" content=\"article\" \/>\n<meta property=\"og:title\" content=\"Kingtyre K97 Super Motard Tires \u2013 Precision Treaded Performance for Trackday &amp; Street Use\" \/>\n<meta property=\"og:description\" content=\"Discover Kingtyre K97 super motard tires with advanced tread design, four compound options, and ECE\/DOT\/CCC certification. Perfect for trackdays, racing, and road use.\" \/>\n<meta property=\"og:url\" content=\"https:\/\/www.chinakingtyre.com\/da\/product\/kingtyre-k97-super-motard-daek-road-legal-trackday\/\" \/>\n<meta property=\"og:site_name\" content=\"KingTyre Professional motorcycle tire manufacturer\" \/>\n<meta property=\"article:publisher\" content=\"https:\/\/www.facebook.com\/ChinaKingTyre\" \/>\n<meta property=\"article:modified_time\" content=\"2025-08-15T07:03:31+00:00\" \/>\n<meta property=\"og:image\" content=\"https:\/\/www.chinakingtyre.com\/wp-content\/uploads\/2025\/08\/Kingtyre-K97-Supermoto-Treaded-Racing-Tires.jpg\" \/>\n\t<meta property=\"og:image:width\" content=\"800\" \/>\n\t<meta property=\"og:image:height\" content=\"800\" \/>\n\t<meta property=\"og:image:type\" content=\"image\/jpeg\" \/>\n<meta name=\"twitter:card\" content=\"summary_large_image\" \/>\n<meta name=\"twitter:label1\" content=\"Estimeret l\u00e6setid\" \/>\n\t<meta name=\"twitter:data1\" content=\"5 minutter\" \/>\n<script type=\"application\/ld+json\" class=\"yoast-schema-graph\">{\"@context\":\"https:\/\/schema.org\",\"@graph\":[{\"@type\":\"WebPage\",\"@id\":\"https:\/\/www.chinakingtyre.com\/product\/kingtyre-k97-super-motard-tires-road-legal-trackday\/\",\"url\":\"https:\/\/www.chinakingtyre.com\/product\/kingtyre-k97-super-motard-tires-road-legal-trackday\/\",\"name\":\"Kingtyre K97 Super Motard Tires \u2013 Road Legal Trackday & Racing Performance\",\"isPartOf\":{\"@id\":\"https:\/\/www.chinakingtyre.com\/#website\"},\"primaryImageOfPage\":{\"@id\":\"https:\/\/www.chinakingtyre.com\/product\/kingtyre-k97-super-motard-tires-road-legal-trackday\/#primaryimage\"},\"image\":{\"@id\":\"https:\/\/www.chinakingtyre.com\/product\/kingtyre-k97-super-motard-tires-road-legal-trackday\/#primaryimage\"},\"thumbnailUrl\":\"https:\/\/www.chinakingtyre.com\/wp-content\/uploads\/2025\/08\/Kingtyre-K97-Supermoto-Treaded-Racing-Tires.jpg\",\"datePublished\":\"2025-08-15T06:28:55+00:00\",\"dateModified\":\"2025-08-15T07:03:31+00:00\",\"description\":\"Discover Kingtyre K97 super motard tires with advanced tread design, four compound options, and ECE\/DOT\/CCC certification. Perfect for trackdays, racing, and road use.\",\"breadcrumb\":{\"@id\":\"https:\/\/www.chinakingtyre.com\/product\/kingtyre-k97-super-motard-tires-road-legal-trackday\/#breadcrumb\"},\"inLanguage\":\"da-DK\",\"potentialAction\":[{\"@type\":\"ReadAction\",\"target\":[\"https:\/\/www.chinakingtyre.com\/product\/kingtyre-k97-super-motard-tires-road-legal-trackday\/\"]}]},{\"@type\":\"ImageObject\",\"inLanguage\":\"da-DK\",\"@id\":\"https:\/\/www.chinakingtyre.com\/product\/kingtyre-k97-super-motard-tires-road-legal-trackday\/#primaryimage\",\"url\":\"https:\/\/www.chinakingtyre.com\/wp-content\/uploads\/2025\/08\/Kingtyre-K97-Supermoto-Treaded-Racing-Tires.jpg\",\"contentUrl\":\"https:\/\/www.chinakingtyre.com\/wp-content\/uploads\/2025\/08\/Kingtyre-K97-Supermoto-Treaded-Racing-Tires.jpg\",\"width\":800,\"height\":800,\"caption\":\"Kingtyre-K97-Supermoto-Treaded-Racing-Tires\"},{\"@type\":\"BreadcrumbList\",\"@id\":\"https:\/\/www.chinakingtyre.com\/product\/kingtyre-k97-super-motard-tires-road-legal-trackday\/#breadcrumb\",\"itemListElement\":[{\"@type\":\"ListItem\",\"position\":1,\"name\":\"Home\",\"item\":\"https:\/\/www.chinakingtyre.com\/\"},{\"@type\":\"ListItem\",\"position\":2,\"name\":\"Kingtyre Product List\",\"item\":\"https:\/\/www.chinakingtyre.com\/kingtyre-product-list\/\"},{\"@type\":\"ListItem\",\"position\":3,\"name\":\"Kingtyre K97 Super Motard Tires \u2013 Precision Treaded Performance for Trackday &#038; Street Use\"}]},{\"@type\":\"WebSite\",\"@id\":\"https:\/\/www.chinakingtyre.com\/#website\",\"url\":\"https:\/\/www.chinakingtyre.com\/\",\"name\":\"KingTyre Professional motorcycle tire manufacturer\",\"description\":\"\",\"publisher\":{\"@id\":\"https:\/\/www.chinakingtyre.com\/#organization\"},\"potentialAction\":[{\"@type\":\"SearchAction\",\"target\":{\"@type\":\"EntryPoint\",\"urlTemplate\":\"https:\/\/www.chinakingtyre.com\/?s={search_term_string}\"},\"query-input\":{\"@type\":\"PropertyValueSpecification\",\"valueRequired\":true,\"valueName\":\"search_term_string\"}}],\"inLanguage\":\"da-DK\"},{\"@type\":\"Organization\",\"@id\":\"https:\/\/www.chinakingtyre.com\/#organization\",\"name\":\"TIANJIN KINGTYRE GROUP CO.,LTD\",\"url\":\"https:\/\/www.chinakingtyre.com\/\",\"logo\":{\"@type\":\"ImageObject\",\"inLanguage\":\"da-DK\",\"@id\":\"https:\/\/www.chinakingtyre.com\/#\/schema\/logo\/image\/\",\"url\":\"https:\/\/www.chinakingtyre.com\/wp-content\/uploads\/2025\/07\/LOGO.png\",\"contentUrl\":\"https:\/\/www.chinakingtyre.com\/wp-content\/uploads\/2025\/07\/LOGO.png\",\"width\":870,\"height\":212,\"caption\":\"TIANJIN KINGTYRE GROUP CO.,LTD\"},\"image\":{\"@id\":\"https:\/\/www.chinakingtyre.com\/#\/schema\/logo\/image\/\"},\"sameAs\":[\"https:\/\/www.facebook.com\/ChinaKingTyre\"]}]}<\/script>\n<!-- \/ Yoast SEO Premium plugin. -->","yoast_head_json":{"title":"Kingtyre K97 Super Motard-d\u00e6k - vejgodkendt trackday- og racerpr\u00e6station","description":"Oplev Kingtyre K97 supermotardd\u00e6k med avanceret slidbanedesign, fire forskellige gummiblandinger og ECE\/DOT\/CCC-certificering. Perfekt til trackdays, racing og landevejsbrug.","robots":{"index":"index","follow":"follow","max-snippet":"max-snippet:-1","max-image-preview":"max-image-preview:large","max-video-preview":"max-video-preview:-1"},"canonical":"https:\/\/www.chinakingtyre.com\/da\/product\/kingtyre-k97-super-motard-daek-road-legal-trackday\/","og_locale":"da_DK","og_type":"article","og_title":"Kingtyre K97 Super Motard Tires \u2013 Precision Treaded Performance for Trackday & Street Use","og_description":"Discover Kingtyre K97 super motard tires with advanced tread design, four compound options, and ECE\/DOT\/CCC certification. Perfect for trackdays, racing, and road use.","og_url":"https:\/\/www.chinakingtyre.com\/da\/product\/kingtyre-k97-super-motard-daek-road-legal-trackday\/","og_site_name":"KingTyre Professional motorcycle tire manufacturer","article_publisher":"https:\/\/www.facebook.com\/ChinaKingTyre","article_modified_time":"2025-08-15T07:03:31+00:00","og_image":[{"width":800,"height":800,"url":"https:\/\/www.chinakingtyre.com\/wp-content\/uploads\/2025\/08\/Kingtyre-K97-Supermoto-Treaded-Racing-Tires.jpg","type":"image\/jpeg"}],"twitter_card":"summary_large_image","twitter_misc":{"Estimeret l\u00e6setid":"5 minutter"},"schema":{"@context":"https:\/\/schema.org","@graph":[{"@type":"WebPage","@id":"https:\/\/www.chinakingtyre.com\/product\/kingtyre-k97-super-motard-tires-road-legal-trackday\/","url":"https:\/\/www.chinakingtyre.com\/product\/kingtyre-k97-super-motard-tires-road-legal-trackday\/","name":"Kingtyre K97 Super Motard-d\u00e6k - vejgodkendt trackday- og racerpr\u00e6station","isPartOf":{"@id":"https:\/\/www.chinakingtyre.com\/#website"},"primaryImageOfPage":{"@id":"https:\/\/www.chinakingtyre.com\/product\/kingtyre-k97-super-motard-tires-road-legal-trackday\/#primaryimage"},"image":{"@id":"https:\/\/www.chinakingtyre.com\/product\/kingtyre-k97-super-motard-tires-road-legal-trackday\/#primaryimage"},"thumbnailUrl":"https:\/\/www.chinakingtyre.com\/wp-content\/uploads\/2025\/08\/Kingtyre-K97-Supermoto-Treaded-Racing-Tires.jpg","datePublished":"2025-08-15T06:28:55+00:00","dateModified":"2025-08-15T07:03:31+00:00","description":"Oplev Kingtyre K97 supermotardd\u00e6k med avanceret slidbanedesign, fire forskellige gummiblandinger og ECE\/DOT\/CCC-certificering. Perfekt til trackdays, racing og landevejsbrug.","breadcrumb":{"@id":"https:\/\/www.chinakingtyre.com\/product\/kingtyre-k97-super-motard-tires-road-legal-trackday\/#breadcrumb"},"inLanguage":"da-DK","potentialAction":[{"@type":"ReadAction","target":["https:\/\/www.chinakingtyre.com\/product\/kingtyre-k97-super-motard-tires-road-legal-trackday\/"]}]},{"@type":"ImageObject","inLanguage":"da-DK","@id":"https:\/\/www.chinakingtyre.com\/product\/kingtyre-k97-super-motard-tires-road-legal-trackday\/#primaryimage","url":"https:\/\/www.chinakingtyre.com\/wp-content\/uploads\/2025\/08\/Kingtyre-K97-Supermoto-Treaded-Racing-Tires.jpg","contentUrl":"https:\/\/www.chinakingtyre.com\/wp-content\/uploads\/2025\/08\/Kingtyre-K97-Supermoto-Treaded-Racing-Tires.jpg","width":800,"height":800,"caption":"Kingtyre-K97-Supermoto-Treaded-Racing-Tires"},{"@type":"BreadcrumbList","@id":"https:\/\/www.chinakingtyre.com\/product\/kingtyre-k97-super-motard-tires-road-legal-trackday\/#breadcrumb","itemListElement":[{"@type":"ListItem","position":1,"name":"Home","item":"https:\/\/www.chinakingtyre.com\/"},{"@type":"ListItem","position":2,"name":"Kingtyre Product List","item":"https:\/\/www.chinakingtyre.com\/kingtyre-product-list\/"},{"@type":"ListItem","position":3,"name":"Kingtyre K97 Super Motard Tires \u2013 Precision Treaded Performance for Trackday &#038; Street Use"}]},{"@type":"WebSite","@id":"https:\/\/www.chinakingtyre.com\/#website","url":"https:\/\/www.chinakingtyre.com\/","name":"KingTyre Professionel producent af motorcykeld\u00e6k","description":"","publisher":{"@id":"https:\/\/www.chinakingtyre.com\/#organization"},"potentialAction":[{"@type":"SearchAction","target":{"@type":"EntryPoint","urlTemplate":"https:\/\/www.chinakingtyre.com\/?s={search_term_string}"},"query-input":{"@type":"PropertyValueSpecification","valueRequired":true,"valueName":"search_term_string"}}],"inLanguage":"da-DK"},{"@type":"Organization","@id":"https:\/\/www.chinakingtyre.com\/#organization","name":"TIANJIN KINGTYRE GROUP CO.,LTD","url":"https:\/\/www.chinakingtyre.com\/","logo":{"@type":"ImageObject","inLanguage":"da-DK","@id":"https:\/\/www.chinakingtyre.com\/#\/schema\/logo\/image\/","url":"https:\/\/www.chinakingtyre.com\/wp-content\/uploads\/2025\/07\/LOGO.png","contentUrl":"https:\/\/www.chinakingtyre.com\/wp-content\/uploads\/2025\/07\/LOGO.png","width":870,"height":212,"caption":"TIANJIN KINGTYRE GROUP CO.,LTD"},"image":{"@id":"https:\/\/www.chinakingtyre.com\/#\/schema\/logo\/image\/"},"sameAs":["https:\/\/www.facebook.com\/ChinaKingTyre"]}]}},"_links":{"self":[{"href":"https:\/\/www.chinakingtyre.com\/da\/wp-json\/wp\/v2\/product\/439","targetHints":{"allow":["GET"]}}],"collection":[{"href":"https:\/\/www.chinakingtyre.com\/da\/wp-json\/wp\/v2\/product"}],"about":[{"href":"https:\/\/www.chinakingtyre.com\/da\/wp-json\/wp\/v2\/types\/product"}],"replies":[{"embeddable":true,"href":"https:\/\/www.chinakingtyre.com\/da\/wp-json\/wp\/v2\/comments?post=439"}],"wp:featuredmedia":[{"embeddable":true,"href":"https:\/\/www.chinakingtyre.com\/da\/wp-json\/wp\/v2\/media\/443"}],"wp:attachment":[{"href":"https:\/\/www.chinakingtyre.com\/da\/wp-json\/wp\/v2\/media?parent=439"}],"curies":[{"name":"wp","href":"https:\/\/api.w.org\/{rel}","templated":true}]}}