{"id":491,"date":"2025-08-21T08:58:44","date_gmt":"2025-08-21T08:58:44","guid":{"rendered":"https:\/\/www.chinakingtyre.com\/?post_type=product&#038;p=491"},"modified":"2025-08-21T08:58:47","modified_gmt":"2025-08-21T08:58:47","slug":"gelandegangige-motorradreifen-k81-k83-kingtyre","status":"publish","type":"product","link":"https:\/\/www.chinakingtyre.com\/de\/product\/gelandegangige-motorradreifen-k81-k83-kingtyre\/","title":{"rendered":"Kingtyre K81 &amp; K83 Off-Road-Motorrad-Reifen: Gebaut f\u00fcr extreme Abenteuer"},"content":{"rendered":"<p><strong>\u00a0<img loading=\"lazy\" decoding=\"async\" class=\"aligncenter wp-image-493 size-full\" src=\"https:\/\/www.chinakingtyre.com\/wp-content\/uploads\/2025\/08\/kingtyre-k81-k83-offroad-motorcycle-tires.jpg\" alt=\"Kingtyre K81 &amp; K83 Off-Road Motorradreifen f\u00fcr Abenteuerfahrten\" width=\"1678\" height=\"794\" srcset=\"https:\/\/www.chinakingtyre.com\/wp-content\/uploads\/2025\/08\/kingtyre-k81-k83-offroad-motorcycle-tires.jpg 1678w, https:\/\/www.chinakingtyre.com\/wp-content\/uploads\/2025\/08\/kingtyre-k81-k83-offroad-motorcycle-tires-300x142.jpg 300w, https:\/\/www.chinakingtyre.com\/wp-content\/uploads\/2025\/08\/kingtyre-k81-k83-offroad-motorcycle-tires-1024x485.jpg 1024w, https:\/\/www.chinakingtyre.com\/wp-content\/uploads\/2025\/08\/kingtyre-k81-k83-offroad-motorcycle-tires-768x363.jpg 768w, https:\/\/www.chinakingtyre.com\/wp-content\/uploads\/2025\/08\/kingtyre-k81-k83-offroad-motorcycle-tires-1536x727.jpg 1536w, https:\/\/www.chinakingtyre.com\/wp-content\/uploads\/2025\/08\/kingtyre-k81-k83-offroad-motorcycle-tires-18x9.jpg 18w, https:\/\/www.chinakingtyre.com\/wp-content\/uploads\/2025\/08\/kingtyre-k81-k83-offroad-motorcycle-tires-600x284.jpg 600w\" sizes=\"auto, (max-width: 1678px) 100vw, 1678px\" \/>]<\/strong><\/p>\n<hr \/>\n<h2><strong>K81 und K83 Motorradreifen f\u00fcr den Gel\u00e4ndeeinsatz - Innovative Tread Engineering<\/strong><\/h2>\n<p>Die <strong><a href=\"https:\/\/www.chinakingtyre.com\/de\/\">Kingtyre<\/a> K81- und K83-Gel\u00e4ndereifen f\u00fcr Motorr\u00e4der<\/strong> wurden speziell f\u00fcr Fahrer entwickelt, die unter extremen Bedingungen \u00fcberragende Leistung verlangen. Ausgestattet mit <strong>tiefe, knorrige Profilbl\u00f6cke<\/strong>bieten diese Reifen <strong>au\u00dfergew\u00f6hnliche Traktion<\/strong> auf Schlamm, Schotter, loser Erde, felsigen Wegen und Waldb\u00f6den. Ihre einzigartige Lauffl\u00e4chengeometrie unterst\u00fctzt <strong>effiziente Selbstreinigung<\/strong>Dadurch wird verhindert, dass sich Schlamm oder Steine in den Rillen festsetzen, so dass auch unter h\u00e4rtesten Bedingungen ein ununterbrochener Grip gew\u00e4hrleistet ist.<\/p>\n<hr \/>\n<h2><strong>Verst\u00e4rkte Reifenstruktur<\/strong><\/h2>\n<p>Gefertigt mit <strong>mehrlagige Karkassenkonstruktion<\/strong>bieten diese Reifen <strong>verbesserte Stabilit\u00e4t und Widerstandsf\u00e4higkeit<\/strong>. Die <strong>verst\u00e4rkte Seitenw\u00e4nde<\/strong> bieten \u00fcberragenden Schutz vor Durchstichen, Rissen und Schnitten - ein wesentliches Merkmal f\u00fcr aggressive Trail- und Enduro-Fahrer. Die verst\u00e4rkte Karkasse tr\u00e4gt auch dazu bei <strong>Sto\u00dfabsorption<\/strong>Dadurch wird die Erm\u00fcdung des Fahrers beim Befahren von felsigem oder unebenem Gel\u00e4nde verringert.<\/p>\n<hr \/>\n<h2><strong>Fortschrittliche Gummimischungstechnologie<\/strong><\/h2>\n<p>In der <strong>Kingtyre Motorrad-Reifenfabrik<\/strong>wird eine exklusive Gummimischung verwendet, die Folgendes kombiniert <strong>Abriebfestigkeit<\/strong> mit <strong>Flexibilit\u00e4t unter Druck<\/strong>. Die K81- und K83-Mischungen sind angereichert mit <strong>hitzebest\u00e4ndige Polymere<\/strong>die eine gleichbleibende Griffigkeit und <strong>l\u00e4ngere Lebensdauer des Profils<\/strong> bei Langstreckenfahrten oder Fahrten mit hoher Intensit\u00e4t. Dies stellt sicher, dass die Fahrer von beidem profitieren <strong>Langlebigkeit und hohe Anpassungsf\u00e4higkeit<\/strong> unter variablen Offroad-Bedingungen.<\/p>\n<hr \/>\n<h2><strong>K81 und K83 Off-Road-Motorradreifen Verf\u00fcgbare Gr\u00f6\u00dfen<\/strong><\/h2>\n<ul>\n<li><strong>Vorderseite:<\/strong> 90\/90R21<\/li>\n<li><strong>R\u00fcckseite:<\/strong> 100\/90R18, 110\/90R19<\/li>\n<\/ul>\n<hr \/>\n<h2><strong>Kingtyre Fabrik: Pr\u00e4zision in der Fertigung<\/strong><\/h2>\n<p>Alle <strong>Kingtyre Gel\u00e4ndereifen f\u00fcr Motorr\u00e4der<\/strong> wird hergestellt in einem <strong>Hightech-Anlage<\/strong> ausgestattet mit <strong>computergesteuerte Aush\u00e4rtungssysteme, Pr\u00e4zisionsformen und automatisierte Pr\u00fcfger\u00e4te<\/strong>. Jeder Reifen wird folgenden Bedingungen unterworfen <strong>strenge Qualit\u00e4tskontrolle<\/strong>Damit wird sichergestellt, dass es sowohl den Anspr\u00fcchen von professionellen Fahrern als auch von allt\u00e4glichen Offroad-Enthusiasten gerecht wird. Dieser sorgf\u00e4ltige Produktionsprozess garantiert, dass <strong>nur die hochwertigsten Adventure-Reifen<\/strong> den Markt zu erreichen.<\/p>\n<hr \/>\n<h2><strong>Offroad-Reiten Herausforderungen<\/strong><\/h2>\n<p>Trail- und Dirt-Fahrer treffen h\u00e4ufig auf unvorhersehbare Bedingungen: schroffe Felsen, rutschige Schlammpisten, pl\u00f6tzliche Wasserdurchfahrten oder sandige Anstiege. Ohne die richtige Bereifung k\u00f6nnen diese Hindernisse zu Instabilit\u00e4t, Erm\u00fcdung des Fahrers oder sogar zu schweren Unf\u00e4llen f\u00fchren.<\/p>\n<hr \/>\n<h2><strong>Warum Kingtyre die Antwort ist<\/strong><\/h2>\n<p>Die <strong>K81 &amp; K83 Motorradreifen f\u00fcr den Gel\u00e4ndeeinsatz<\/strong> geben den Fahrern das n\u00f6tige Vertrauen. Mit ihrem <strong>stabile Kurvenfahrt<\/strong>, <strong>starker Grip auf losem Untergrund<\/strong>und <strong>Schnittfeste Seitenw\u00e4nde<\/strong>verwandeln sie extremes Terrain in <strong>\u00fcberschaubare Reiterlebnisse<\/strong>. Egal, ob Sie auf Entdeckungsreise gehen <strong>Waldwege, W\u00fcstend\u00fcnen oder Gebirgsp\u00e4sse<\/strong>Diese Reifen sind f\u00fcr alles ger\u00fcstet.<\/p>\n<hr \/>\n<h2><strong>Technische Daten<\/strong><\/h2>\n<ul>\n<li><strong>Profiltiefe:<\/strong> Tiefe Stollen f\u00fcr Selbstreinigung und maximale Traktion<\/li>\n<li><strong>Karkasse:<\/strong> Mehrlagig verst\u00e4rkt f\u00fcr Langlebigkeit<\/li>\n<li><strong>Gummimischung:<\/strong> Hitzebest\u00e4ndige, abriebfeste Mischung<\/li>\n<li><strong>Anwendungsbereich:<\/strong> 100% Gel\u00e4ndewagen, Motocross und Enduro<\/li>\n<\/ul>\n<p><img loading=\"lazy\" decoding=\"async\" class=\"aligncenter wp-image-494 size-full\" src=\"https:\/\/www.chinakingtyre.com\/wp-content\/uploads\/2025\/08\/kingtyre-offroad-technical-deta.jpg\" alt=\"Technische Daten des Kingtyre K81 K83 Gel\u00e4ndereifens f\u00fcr Motorr\u00e4der\" width=\"1678\" height=\"794\" srcset=\"https:\/\/www.chinakingtyre.com\/wp-content\/uploads\/2025\/08\/kingtyre-offroad-technical-deta.jpg 1678w, https:\/\/www.chinakingtyre.com\/wp-content\/uploads\/2025\/08\/kingtyre-offroad-technical-deta-300x142.jpg 300w, https:\/\/www.chinakingtyre.com\/wp-content\/uploads\/2025\/08\/kingtyre-offroad-technical-deta-1024x485.jpg 1024w, https:\/\/www.chinakingtyre.com\/wp-content\/uploads\/2025\/08\/kingtyre-offroad-technical-deta-768x363.jpg 768w, https:\/\/www.chinakingtyre.com\/wp-content\/uploads\/2025\/08\/kingtyre-offroad-technical-deta-1536x727.jpg 1536w, https:\/\/www.chinakingtyre.com\/wp-content\/uploads\/2025\/08\/kingtyre-offroad-technical-deta-18x9.jpg 18w, https:\/\/www.chinakingtyre.com\/wp-content\/uploads\/2025\/08\/kingtyre-offroad-technical-deta-600x284.jpg 600w\" sizes=\"auto, (max-width: 1678px) 100vw, 1678px\" \/><\/p>\n<hr \/>\n<h2><strong>FAQ - Motorradreifen f\u00fcr den Gel\u00e4ndeeinsatz<\/strong><\/h2>\n<p><strong>F1: Was sind die besten Offroad-Motorradreifen f\u00fcr Schlamm und unbefestigte Wege?<\/strong><\/p>\n<p>Die <strong>Kingtyre K81 &amp; K83<\/strong> haben ein aggressives Noppenprofil, das sie ideal f\u00fcr schlammige und schmutzige Bedingungen macht.<\/p>\n<p><strong>F2: Wie lange halten Motorradreifen f\u00fcr den Einsatz im Gel\u00e4nde normalerweise?<\/strong><\/p>\n<p>Die Lebensdauer variiert je nach Fahrstil und Terrain, aber Kingtyre-Reifen bieten <strong>h\u00f6here Laufleistung<\/strong> aufgrund ihrer fortschrittlichen Gummimischungen.<\/p>\n<p><strong>F3: Sind Gel\u00e4ndereifen f\u00fcr Motorr\u00e4der auf dem Asphalt gut?<\/strong><\/p>\n<p>Sie k\u00f6nnen kurzzeitig auf Stra\u00dfen eingesetzt werden, sind aber <strong>optimiert f\u00fcr den Einsatz des 100% im Gel\u00e4nde<\/strong>. F\u00fcr den gemischten Einsatz werden Dual-Sport-Reifen empfohlen.<\/p>\n<p><strong>F4: Brauche ich unterschiedliche Reifen f\u00fcr Motocross und Enduro?<\/strong><\/p>\n<p>Die <strong>Modelle K81 und K83<\/strong> sind vielseitig genug f\u00fcr beides, aber Motocross-Fahrer bevorzugen vielleicht leichtere Reifenprofile, w\u00e4hrend Enduro-Fahrer Wert auf Haltbarkeit legen.<\/p>\n<p><strong>F5: Wie w\u00e4hle ich die richtige Gr\u00f6\u00dfe f\u00fcr Gel\u00e4ndemotorradreifen aus?<\/strong><\/p>\n<p>Beziehen Sie sich immer auf Ihre <strong>Spezifikationen des Motorradherstellers<\/strong>Kingtyre bietet die Gr\u00f6\u00dfen 90\/90R21 (vorne) und 100\/90R18, 110\/90R19 (hinten).<\/p>\n<p><strong>F6: Sind schlauchlose Off-Road-Motorradreifen besser als Schlauchreifen?<\/strong><\/p>\n<p>Beide haben Vor- und Nachteile. Tubeless erm\u00f6glicht einfachere Reparaturen und ein besseres W\u00e4rmemanagement, w\u00e4hrend der Schlauch <strong>zus\u00e4tzliche Haltbarkeit<\/strong> f\u00fcr unwegsames Gel\u00e4nde.<\/p>\n<p><strong>F7: Welchen Reifendruck sollte ich bei Gel\u00e4ndemotorradreifen verwenden?<\/strong><\/p>\n<p>Die meisten Radfahrer laufen <strong>12-15 PSI<\/strong> f\u00fcr unbefestigte Wege, aber felsige Bedingungen k\u00f6nnen einen etwas h\u00f6heren Druck zum Schutz der Seitenw\u00e4nde erfordern.<\/p>\n<p><strong>F8: K\u00f6nnen Gel\u00e4ndereifen f\u00fcr Motorr\u00e4der auch im Sand gefahren werden?<\/strong><\/p>\n<p>Ja, breite Noppenprofile wie der K83 sind im Sand sehr effektiv und bieten hervorragenden Auftrieb und Traktion.<\/p>\n<p><strong>F9: Woher wei\u00df ich, wann ich die Reifen von Gel\u00e4ndemotorr\u00e4dern ersetzen muss?<\/strong><\/p>\n<p>Pr\u00fcfung auf <strong>abgerundete Noppen, sichtbare Risse oder verminderte Traktion<\/strong>. Bei besch\u00e4digten Seitenw\u00e4nden sofort austauschen.<\/p>\n<p><strong>Q10: Sind die Kingtyre K81 und K83 f\u00fcr Offroad-Rennen geeignet?<\/strong><\/p>\n<p>Ganz genau. Sie sind entwickelt worden mit <strong>rennerprobte Verbindungen und Karkassenst\u00e4rke<\/strong>Das macht sie zu einer guten Wahl f\u00fcr Motocross- und Enduro-Rennen.<\/p>\n<hr \/>\n<p><a href=\"https:\/\/www.facebook.com\/ChinaKingTyre\">Folgen Sie uns auf Facebook<\/a><\/p>\n<p><!-- notionvc: 4531e53c-bd45-4dfd-a5a5-d3ddc618db60 --><\/p>","protected":false},"excerpt":{"rendered":"<p>Entdecken Sie die Kingtyre K81 &amp; K83 Off-Road-Motorradreifen, die f\u00fcr Schmutz, Schlamm und felsiges Gel\u00e4nde entwickelt wurden. Mit aggressivem Profil, verst\u00e4rkter Karkasse und hochwertigen Mischungen bieten diese Dirt-Bike-Reifen un\u00fcbertroffene Traktion, Haltbarkeit und abenteuerliche Leistung.<!-- notionvc: 63e69242-bf7b-411f-b4bd-6246dcee3ec8 --><\/p>","protected":false},"featured_media":495,"comment_status":"open","ping_status":"closed","template":"","meta":[],"class_list":{"0":"post-491","1":"product","2":"type-product","3":"status-publish","4":"has-post-thumbnail","6":"product_cat-off-road-motorcycle-tires","7":"product_tag-adventure-motorcycle-off-road-tires-factory","8":"product_tag-adventure-riding-motorcycle-knobby-tires","9":"product_tag-aggressive-tread-motorcycle-off-road-tires","10":"product_tag-best-dirt-bike-tires-for-mud-and-rocks","11":"product_tag-best-motorcycle-tires-for-rocky-terrain","12":"product_tag-dirt-bike-tires-with-reinforced-sidewalls","13":"product_tag-durable-knobby-tires-for-motorcycles","14":"product_tag-high-performance-enduro-bike-tires","15":"product_tag-kingtyre-enduro-and-motocross-off-road-tires","16":"product_tag-kingtyre-k81-off-road-motorcycle-tires","17":"product_tag-kingtyre-k83-dirt-bike-tires","18":"product_tag-kingtyre-motorcycle-tires-factory-off-road-series","19":"product_tag-kingtyre-off-road-motorcycle-tire-sizes","20":"product_tag-long-lasting-dirt-bike-racing-tires","21":"product_tag-motocross-and-enduro-motorcycle-tires","22":"product_tag-motorcycle-tires-for-extreme-terrain","23":"product_tag-multi-ply-carcass-motorcycle-off-road-tires","24":"product_tag-off-road-motorcycle-tires-for-enduro-racing","25":"product_tag-off-road-tires","26":"product_tag-off-road-tires-with-self-cleaning-tread","27":"product_tag-premium-rubber-compound-off-road-tires","29":"first","30":"instock","31":"shipping-taxable","32":"product-type-simple"},"yoast_head":"<!-- This site is optimized with the Yoast SEO Premium plugin v25.1 (Yoast SEO v25.1) - https:\/\/yoast.com\/wordpress\/plugins\/seo\/ -->\n<title>Kingtyre K81 &amp; K83 Off-road Motorcycle Tires | Extreme Enduro Performance<\/title>\n<meta name=\"description\" content=\"Discover the Kingtyre K81 &amp; K83 off-road motorcycle tires engineered for dirt, mud, and rocky terrains. Built with aggressive tread, reinforced carcass, and premium compounds, these dirt bike tires deliver unmatched traction, durability, and adventure-ready performance.\" \/>\n<meta name=\"robots\" content=\"index, follow, max-snippet:-1, max-image-preview:large, max-video-preview:-1\" \/>\n<link rel=\"canonical\" href=\"https:\/\/www.chinakingtyre.com\/de\/product\/gelandegangige-motorradreifen-k81-k83-kingtyre\/\" \/>\n<meta property=\"og:locale\" content=\"de_DE\" \/>\n<meta property=\"og:type\" content=\"article\" \/>\n<meta property=\"og:title\" content=\"Kingtyre K81 &amp; K83 Off-road Motorcycle Tires: Built for Extreme Adventure\" \/>\n<meta property=\"og:description\" content=\"Discover the Kingtyre K81 &amp; K83 off-road motorcycle tires engineered for dirt, mud, and rocky terrains. Built with aggressive tread, reinforced carcass, and premium compounds, these dirt bike tires deliver unmatched traction, durability, and adventure-ready performance.\" \/>\n<meta property=\"og:url\" content=\"https:\/\/www.chinakingtyre.com\/de\/product\/gelandegangige-motorradreifen-k81-k83-kingtyre\/\" \/>\n<meta property=\"og:site_name\" content=\"KingTyre Professional motorcycle tire manufacturer\" \/>\n<meta property=\"article:publisher\" content=\"https:\/\/www.facebook.com\/ChinaKingTyre\" \/>\n<meta property=\"article:modified_time\" content=\"2025-08-21T08:58:47+00:00\" \/>\n<meta property=\"og:image\" content=\"https:\/\/www.chinakingtyre.com\/wp-content\/uploads\/2025\/08\/kingtyre-k81-k83-dirt-bike-tires.jpg\" \/>\n\t<meta property=\"og:image:width\" content=\"800\" \/>\n\t<meta property=\"og:image:height\" content=\"800\" \/>\n\t<meta property=\"og:image:type\" content=\"image\/jpeg\" \/>\n<meta name=\"twitter:card\" content=\"summary_large_image\" \/>\n<meta name=\"twitter:label1\" content=\"Gesch\u00e4tzte Lesezeit\" \/>\n\t<meta name=\"twitter:data1\" content=\"4\u00a0Minuten\" \/>\n<script type=\"application\/ld+json\" class=\"yoast-schema-graph\">{\"@context\":\"https:\/\/schema.org\",\"@graph\":[{\"@type\":\"WebPage\",\"@id\":\"https:\/\/www.chinakingtyre.com\/product\/off-road-motorcycle-tires-k81-k83-kingtyre\/\",\"url\":\"https:\/\/www.chinakingtyre.com\/product\/off-road-motorcycle-tires-k81-k83-kingtyre\/\",\"name\":\"Kingtyre K81 & K83 Off-road Motorcycle Tires | Extreme Enduro Performance\",\"isPartOf\":{\"@id\":\"https:\/\/www.chinakingtyre.com\/#website\"},\"primaryImageOfPage\":{\"@id\":\"https:\/\/www.chinakingtyre.com\/product\/off-road-motorcycle-tires-k81-k83-kingtyre\/#primaryimage\"},\"image\":{\"@id\":\"https:\/\/www.chinakingtyre.com\/product\/off-road-motorcycle-tires-k81-k83-kingtyre\/#primaryimage\"},\"thumbnailUrl\":\"https:\/\/www.chinakingtyre.com\/wp-content\/uploads\/2025\/08\/kingtyre-k81-k83-dirt-bike-tires.jpg\",\"datePublished\":\"2025-08-21T08:58:44+00:00\",\"dateModified\":\"2025-08-21T08:58:47+00:00\",\"description\":\"Discover the Kingtyre K81 & K83 off-road motorcycle tires engineered for dirt, mud, and rocky terrains. Built with aggressive tread, reinforced carcass, and premium compounds, these dirt bike tires deliver unmatched traction, durability, and adventure-ready performance.\",\"breadcrumb\":{\"@id\":\"https:\/\/www.chinakingtyre.com\/product\/off-road-motorcycle-tires-k81-k83-kingtyre\/#breadcrumb\"},\"inLanguage\":\"de\",\"potentialAction\":[{\"@type\":\"ReadAction\",\"target\":[\"https:\/\/www.chinakingtyre.com\/product\/off-road-motorcycle-tires-k81-k83-kingtyre\/\"]}]},{\"@type\":\"ImageObject\",\"inLanguage\":\"de\",\"@id\":\"https:\/\/www.chinakingtyre.com\/product\/off-road-motorcycle-tires-k81-k83-kingtyre\/#primaryimage\",\"url\":\"https:\/\/www.chinakingtyre.com\/wp-content\/uploads\/2025\/08\/kingtyre-k81-k83-dirt-bike-tires.jpg\",\"contentUrl\":\"https:\/\/www.chinakingtyre.com\/wp-content\/uploads\/2025\/08\/kingtyre-k81-k83-dirt-bike-tires.jpg\",\"width\":800,\"height\":800,\"caption\":\"kingtyre-k81-k83-dirt-bike-tires\"},{\"@type\":\"BreadcrumbList\",\"@id\":\"https:\/\/www.chinakingtyre.com\/product\/off-road-motorcycle-tires-k81-k83-kingtyre\/#breadcrumb\",\"itemListElement\":[{\"@type\":\"ListItem\",\"position\":1,\"name\":\"Home\",\"item\":\"https:\/\/www.chinakingtyre.com\/\"},{\"@type\":\"ListItem\",\"position\":2,\"name\":\"Kingtyre Product List\",\"item\":\"https:\/\/www.chinakingtyre.com\/kingtyre-product-list\/\"},{\"@type\":\"ListItem\",\"position\":3,\"name\":\"Kingtyre K81 &#038; K83 Off-road Motorcycle Tires: Built for Extreme Adventure\"}]},{\"@type\":\"WebSite\",\"@id\":\"https:\/\/www.chinakingtyre.com\/#website\",\"url\":\"https:\/\/www.chinakingtyre.com\/\",\"name\":\"KingTyre Professional motorcycle tire manufacturer\",\"description\":\"\",\"publisher\":{\"@id\":\"https:\/\/www.chinakingtyre.com\/#organization\"},\"potentialAction\":[{\"@type\":\"SearchAction\",\"target\":{\"@type\":\"EntryPoint\",\"urlTemplate\":\"https:\/\/www.chinakingtyre.com\/?s={search_term_string}\"},\"query-input\":{\"@type\":\"PropertyValueSpecification\",\"valueRequired\":true,\"valueName\":\"search_term_string\"}}],\"inLanguage\":\"de\"},{\"@type\":\"Organization\",\"@id\":\"https:\/\/www.chinakingtyre.com\/#organization\",\"name\":\"TIANJIN KINGTYRE GROUP CO.,LTD\",\"url\":\"https:\/\/www.chinakingtyre.com\/\",\"logo\":{\"@type\":\"ImageObject\",\"inLanguage\":\"de\",\"@id\":\"https:\/\/www.chinakingtyre.com\/#\/schema\/logo\/image\/\",\"url\":\"https:\/\/www.chinakingtyre.com\/wp-content\/uploads\/2025\/07\/LOGO.png\",\"contentUrl\":\"https:\/\/www.chinakingtyre.com\/wp-content\/uploads\/2025\/07\/LOGO.png\",\"width\":870,\"height\":212,\"caption\":\"TIANJIN KINGTYRE GROUP CO.,LTD\"},\"image\":{\"@id\":\"https:\/\/www.chinakingtyre.com\/#\/schema\/logo\/image\/\"},\"sameAs\":[\"https:\/\/www.facebook.com\/ChinaKingTyre\"]}]}<\/script>\n<!-- \/ Yoast SEO Premium plugin. -->","yoast_head_json":{"title":"Kingtyre K81 &amp; K83 Off-Road-Motorradreifen | Extreme Enduro-Performance","description":"Entdecken Sie die Kingtyre K81 &amp; K83 Off-Road-Motorradreifen, die f\u00fcr Schmutz, Schlamm und felsiges Gel\u00e4nde entwickelt wurden. Mit aggressivem Profil, verst\u00e4rkter Karkasse und hochwertigen Mischungen bieten diese Dirt-Bike-Reifen un\u00fcbertroffene Traktion, Haltbarkeit und abenteuerliche Leistung.","robots":{"index":"index","follow":"follow","max-snippet":"max-snippet:-1","max-image-preview":"max-image-preview:large","max-video-preview":"max-video-preview:-1"},"canonical":"https:\/\/www.chinakingtyre.com\/de\/product\/gelandegangige-motorradreifen-k81-k83-kingtyre\/","og_locale":"de_DE","og_type":"article","og_title":"Kingtyre K81 & K83 Off-road Motorcycle Tires: Built for Extreme Adventure","og_description":"Discover the Kingtyre K81 & K83 off-road motorcycle tires engineered for dirt, mud, and rocky terrains. Built with aggressive tread, reinforced carcass, and premium compounds, these dirt bike tires deliver unmatched traction, durability, and adventure-ready performance.","og_url":"https:\/\/www.chinakingtyre.com\/de\/product\/gelandegangige-motorradreifen-k81-k83-kingtyre\/","og_site_name":"KingTyre Professional motorcycle tire manufacturer","article_publisher":"https:\/\/www.facebook.com\/ChinaKingTyre","article_modified_time":"2025-08-21T08:58:47+00:00","og_image":[{"width":800,"height":800,"url":"https:\/\/www.chinakingtyre.com\/wp-content\/uploads\/2025\/08\/kingtyre-k81-k83-dirt-bike-tires.jpg","type":"image\/jpeg"}],"twitter_card":"summary_large_image","twitter_misc":{"Gesch\u00e4tzte Lesezeit":"4\u00a0Minuten"},"schema":{"@context":"https:\/\/schema.org","@graph":[{"@type":"WebPage","@id":"https:\/\/www.chinakingtyre.com\/product\/off-road-motorcycle-tires-k81-k83-kingtyre\/","url":"https:\/\/www.chinakingtyre.com\/product\/off-road-motorcycle-tires-k81-k83-kingtyre\/","name":"Kingtyre K81 &amp; K83 Off-Road-Motorradreifen | Extreme Enduro-Performance","isPartOf":{"@id":"https:\/\/www.chinakingtyre.com\/#website"},"primaryImageOfPage":{"@id":"https:\/\/www.chinakingtyre.com\/product\/off-road-motorcycle-tires-k81-k83-kingtyre\/#primaryimage"},"image":{"@id":"https:\/\/www.chinakingtyre.com\/product\/off-road-motorcycle-tires-k81-k83-kingtyre\/#primaryimage"},"thumbnailUrl":"https:\/\/www.chinakingtyre.com\/wp-content\/uploads\/2025\/08\/kingtyre-k81-k83-dirt-bike-tires.jpg","datePublished":"2025-08-21T08:58:44+00:00","dateModified":"2025-08-21T08:58:47+00:00","description":"Entdecken Sie die Kingtyre K81 &amp; K83 Off-Road-Motorradreifen, die f\u00fcr Schmutz, Schlamm und felsiges Gel\u00e4nde entwickelt wurden. Mit aggressivem Profil, verst\u00e4rkter Karkasse und hochwertigen Mischungen bieten diese Dirt-Bike-Reifen un\u00fcbertroffene Traktion, Haltbarkeit und abenteuerliche Leistung.","breadcrumb":{"@id":"https:\/\/www.chinakingtyre.com\/product\/off-road-motorcycle-tires-k81-k83-kingtyre\/#breadcrumb"},"inLanguage":"de","potentialAction":[{"@type":"ReadAction","target":["https:\/\/www.chinakingtyre.com\/product\/off-road-motorcycle-tires-k81-k83-kingtyre\/"]}]},{"@type":"ImageObject","inLanguage":"de","@id":"https:\/\/www.chinakingtyre.com\/product\/off-road-motorcycle-tires-k81-k83-kingtyre\/#primaryimage","url":"https:\/\/www.chinakingtyre.com\/wp-content\/uploads\/2025\/08\/kingtyre-k81-k83-dirt-bike-tires.jpg","contentUrl":"https:\/\/www.chinakingtyre.com\/wp-content\/uploads\/2025\/08\/kingtyre-k81-k83-dirt-bike-tires.jpg","width":800,"height":800,"caption":"kingtyre-k81-k83-dirt-bike-tires"},{"@type":"BreadcrumbList","@id":"https:\/\/www.chinakingtyre.com\/product\/off-road-motorcycle-tires-k81-k83-kingtyre\/#breadcrumb","itemListElement":[{"@type":"ListItem","position":1,"name":"Home","item":"https:\/\/www.chinakingtyre.com\/"},{"@type":"ListItem","position":2,"name":"Kingtyre Product List","item":"https:\/\/www.chinakingtyre.com\/kingtyre-product-list\/"},{"@type":"ListItem","position":3,"name":"Kingtyre K81 &#038; K83 Off-road Motorcycle Tires: Built for Extreme Adventure"}]},{"@type":"WebSite","@id":"https:\/\/www.chinakingtyre.com\/#website","url":"https:\/\/www.chinakingtyre.com\/","name":"KingTyre Professioneller Hersteller von Motorradreifen","description":"","publisher":{"@id":"https:\/\/www.chinakingtyre.com\/#organization"},"potentialAction":[{"@type":"SearchAction","target":{"@type":"EntryPoint","urlTemplate":"https:\/\/www.chinakingtyre.com\/?s={search_term_string}"},"query-input":{"@type":"PropertyValueSpecification","valueRequired":true,"valueName":"search_term_string"}}],"inLanguage":"de"},{"@type":"Organization","@id":"https:\/\/www.chinakingtyre.com\/#organization","name":"TIANJIN KINGTYRE GROUP CO.,LTD","url":"https:\/\/www.chinakingtyre.com\/","logo":{"@type":"ImageObject","inLanguage":"de","@id":"https:\/\/www.chinakingtyre.com\/#\/schema\/logo\/image\/","url":"https:\/\/www.chinakingtyre.com\/wp-content\/uploads\/2025\/07\/LOGO.png","contentUrl":"https:\/\/www.chinakingtyre.com\/wp-content\/uploads\/2025\/07\/LOGO.png","width":870,"height":212,"caption":"TIANJIN KINGTYRE GROUP CO.,LTD"},"image":{"@id":"https:\/\/www.chinakingtyre.com\/#\/schema\/logo\/image\/"},"sameAs":["https:\/\/www.facebook.com\/ChinaKingTyre"]}]}},"_links":{"self":[{"href":"https:\/\/www.chinakingtyre.com\/de\/wp-json\/wp\/v2\/product\/491","targetHints":{"allow":["GET"]}}],"collection":[{"href":"https:\/\/www.chinakingtyre.com\/de\/wp-json\/wp\/v2\/product"}],"about":[{"href":"https:\/\/www.chinakingtyre.com\/de\/wp-json\/wp\/v2\/types\/product"}],"replies":[{"embeddable":true,"href":"https:\/\/www.chinakingtyre.com\/de\/wp-json\/wp\/v2\/comments?post=491"}],"wp:featuredmedia":[{"embeddable":true,"href":"https:\/\/www.chinakingtyre.com\/de\/wp-json\/wp\/v2\/media\/495"}],"wp:attachment":[{"href":"https:\/\/www.chinakingtyre.com\/de\/wp-json\/wp\/v2\/media?parent=491"}],"curies":[{"name":"wp","href":"https:\/\/api.w.org\/{rel}","templated":true}]}}