{"id":498,"date":"2025-08-22T02:27:29","date_gmt":"2025-08-22T02:27:29","guid":{"rendered":"https:\/\/www.chinakingtyre.com\/?post_type=product&#038;p=498"},"modified":"2025-08-22T02:27:31","modified_gmt":"2025-08-22T02:27:31","slug":"kingtyre-motocross-fahrrader-reifen-x85-x86","status":"publish","type":"product","link":"https:\/\/www.chinakingtyre.com\/de\/product\/kingtyre-motocross-fahrrader-reifen-x85-x86\/","title":{"rendered":"Kingtyre X85 und X86 Motocross Bikes Reifen - Fortschrittliche Dirt Bike Reifen f\u00fcr extremes Off-Road Fahren"},"content":{"rendered":"<h2><strong>Produktionsprozess und Profilvorteile von Kingtyre X85 &amp; X86 Dirt Bike Reifen<\/strong><\/h2>\n<p>Kingtyre hat in Spitzentechnologie investiert, um die <strong>X85 und X86 Motocross-Reifen<\/strong>Er wurde f\u00fcr Fahrer entwickelt, die auf h\u00e4rtestem Terrain Haltbarkeit, Traktion und Stabilit\u00e4t verlangen.<\/p>\n<p>Beide Muster werden hergestellt unter Verwendung von <strong>mehrlagige Karkassenkonstruktion<\/strong>, <strong>hochwertige Gummimischungen<\/strong>und <strong>fortschrittliche Vulkanisierungsverfahren<\/strong> um eine gleichbleibende Leistung und eine l\u00e4ngere Lebensdauer der Reifen zu gew\u00e4hrleisten.<\/p>\n<ul>\n<li><strong>Kingtyre X85 Gel\u00e4ndemotorrad-Reifen<\/strong> verf\u00fcgen \u00fcber ein <strong>Aggressives Profil mit Noppenstruktur<\/strong>, optimiert f\u00fcr <strong>Reiten im Wald, schlammige Wege und loses Terrain<\/strong>. Der gro\u00dfe Hohlraumanteil f\u00f6rdert die Selbstreinigung und verhindert Schlammansammlungen.<\/li>\n<li><strong>Kingtyre X86 Dirtbike-Reifen<\/strong> sind konzipiert mit <strong>eng beieinander liegende, verst\u00e4rkte Trittstufenbl\u00f6cke<\/strong>und bietet hervorragenden Halt auf <strong>felsiges Gel\u00e4nde und hart gepackter Boden<\/strong>. Dies macht den X86 zu einem der <strong>beste gel\u00e4ndeg\u00e4ngige Motorrad-Offroad-Reifen<\/strong> verf\u00fcgbar f\u00fcr Enduro- und Motocross-Wettk\u00e4mpfe.<\/li>\n<\/ul>\n<p>Beide Muster integrieren <strong>verst\u00e4rkte Seitenw\u00e4nde<\/strong>, <strong>verbesserte Durchsto\u00dffestigkeit<\/strong>und <strong>hitzebest\u00e4ndige Verbindungen<\/strong>Sie gew\u00e4hrleisten dauerhafte Zuverl\u00e4ssigkeit unter extremen Bedingungen.<\/p>\n<p><img loading=\"lazy\" decoding=\"async\" class=\"aligncenter wp-image-499 size-full\" src=\"https:\/\/www.chinakingtyre.com\/wp-content\/uploads\/2025\/08\/Kingtyre-X85-dirt-bike-tires-2.jpg\" alt=\"Kingtyre X85 Dirtbike-Reifen mit aggressivem Lauffl\u00e4chenprofil\" width=\"800\" height=\"800\" srcset=\"https:\/\/www.chinakingtyre.com\/wp-content\/uploads\/2025\/08\/Kingtyre-X85-dirt-bike-tires-2.jpg 800w, https:\/\/www.chinakingtyre.com\/wp-content\/uploads\/2025\/08\/Kingtyre-X85-dirt-bike-tires-2-300x300.jpg 300w, https:\/\/www.chinakingtyre.com\/wp-content\/uploads\/2025\/08\/Kingtyre-X85-dirt-bike-tires-2-150x150.jpg 150w, https:\/\/www.chinakingtyre.com\/wp-content\/uploads\/2025\/08\/Kingtyre-X85-dirt-bike-tires-2-768x768.jpg 768w, https:\/\/www.chinakingtyre.com\/wp-content\/uploads\/2025\/08\/Kingtyre-X85-dirt-bike-tires-2-12x12.jpg 12w, https:\/\/www.chinakingtyre.com\/wp-content\/uploads\/2025\/08\/Kingtyre-X85-dirt-bike-tires-2-600x600.jpg 600w\" sizes=\"auto, (max-width: 800px) 100vw, 800px\" \/><\/p>\n<p><img loading=\"lazy\" decoding=\"async\" class=\"aligncenter wp-image-500 size-full\" src=\"https:\/\/www.chinakingtyre.com\/wp-content\/uploads\/2025\/08\/Kingtyre-X86-dirt-bike-tires-2.jpg\" alt=\"Kingtyre X86 Motocross-Reifen f\u00fcr Enduro und felsiges Terrain\" width=\"800\" height=\"800\" srcset=\"https:\/\/www.chinakingtyre.com\/wp-content\/uploads\/2025\/08\/Kingtyre-X86-dirt-bike-tires-2.jpg 800w, https:\/\/www.chinakingtyre.com\/wp-content\/uploads\/2025\/08\/Kingtyre-X86-dirt-bike-tires-2-300x300.jpg 300w, https:\/\/www.chinakingtyre.com\/wp-content\/uploads\/2025\/08\/Kingtyre-X86-dirt-bike-tires-2-150x150.jpg 150w, https:\/\/www.chinakingtyre.com\/wp-content\/uploads\/2025\/08\/Kingtyre-X86-dirt-bike-tires-2-768x768.jpg 768w, https:\/\/www.chinakingtyre.com\/wp-content\/uploads\/2025\/08\/Kingtyre-X86-dirt-bike-tires-2-12x12.jpg 12w, https:\/\/www.chinakingtyre.com\/wp-content\/uploads\/2025\/08\/Kingtyre-X86-dirt-bike-tires-2-600x600.jpg 600w\" sizes=\"auto, (max-width: 800px) 100vw, 800px\" \/><\/p>\n<hr \/>\n<h2><strong>Verf\u00fcgbare Gr\u00f6\u00dfen von Kingtyre X85 &amp; X86 Dirt Bike Reifen<\/strong><\/h2>\n<ul>\n<li><strong>Vorderseite:<\/strong> 80\/100-21<\/li>\n<li><strong>R\u00fcckseite:<\/strong> 110\/90-18, 110\/90-19<\/li>\n<\/ul>\n<p>Diese <strong>Kingtyre Off-Road Motorradreifen Gr\u00f6\u00dfen<\/strong> wurden in Motocross- und Enduro-Wettbewerben ausgiebig getestet und bieten ein ideales Gleichgewicht zwischen Traktion, Haltbarkeit und Handling.<\/p>\n<hr \/>\n<h2><strong>Kingtyre Motocross Bikes Reifen Fabrik<\/strong><\/h2>\n<p>Als ein f\u00fchrendes <a href=\"https:\/\/www.chinakingtyre.com\/de\/\"><strong>motocross-r\u00e4der reifen fabrik<\/strong><\/a>Kingtyre arbeitet mit fortschrittlichen Produktionslinien, automatischer Gummimischung und CNC-gesteuerter Reifenformtechnik. Unsere Fabrik besch\u00e4ftigt strenge <strong>Qualit\u00e4tsnormen ISO\/TS 16949<\/strong>und produziert \u00fcber <strong>2 Millionen MC-Reifen j\u00e4hrlich<\/strong> f\u00fcr internationale Rennsport- und Verbraucherm\u00e4rkte.<\/p>\n<p>Die wichtigsten Vorteile von Kingtyre als Standort <a href=\"https:\/\/www.chinakingtyre.com\/de\/\"><strong>Hersteller von Dirt-Bike-Reifen<\/strong><\/a>:<\/p>\n<ul>\n<li><strong>Produktion mit hoher Kapazit\u00e4t<\/strong> mit Feinmechanik.<\/li>\n<li><strong>Hochwertige Gummimischungen<\/strong> konzipiert f\u00fcr <strong>Gel\u00e4ndetauglichkeit<\/strong>.<\/li>\n<li><strong>Internes F&amp;E-Zentrum<\/strong> mit Schwerpunkt auf Motocross- und Enduro-Anwendungen.<\/li>\n<li>Anerkannt als einer der vertrauensw\u00fcrdigsten <strong>MC-Reifenhersteller<\/strong> in wettbewerbsf\u00e4higen Rennstrecken.<\/li>\n<\/ul>\n<hr \/>\n<h2><strong>Top 10 Schmerzpunkte beim Motocross- und Dirtbike-Fahren<\/strong><\/h2>\n<ol>\n<li>Schneller Profilabrieb auf felsigem Gel\u00e4nde.<\/li>\n<li>Schlechte Traktion in tiefem Schlamm und weichem Boden.<\/li>\n<li>Einstiche in der Seitenwand durch scharfe Felsen.<\/li>\n<li>Verlust der Griffigkeit auf nassen Oberfl\u00e4chen.<\/li>\n<li>Schwierigkeiten mit der selbstreinigenden Lauffl\u00e4che auf schlammigen Wegen.<\/li>\n<li>Geringere Leistung bei hohen Kurvengeschwindigkeiten.<\/li>\n<li>Begrenzte Haltbarkeit f\u00fcr extreme Gel\u00e4nderennen.<\/li>\n<li>\u00dcberhitzung bei langen Enduro-Fahrten.<\/li>\n<li>Mangelnde Vielseitigkeit zwischen weichem und hartem Terrain.<\/li>\n<li>Schwierigkeiten bei der Suche nach dem <strong>beste Dirt-Bike-Reifen f\u00fcr Waldfahrten<\/strong> und gemischte Bedingungen.<\/li>\n<\/ol>\n<hr \/>\n<h2><strong>Kingtyre L\u00f6sungen mit X85 &amp; X86 Motocross Bikes Reifen<\/strong><\/h2>\n<p>Kingtyre begegnet diesen Herausforderungen mit fortschrittlichem Design und Materialien:<\/p>\n<ul>\n<li><strong>Mehrschichtige Karkassenkonstruktion<\/strong> f\u00fcr hervorragende Sto\u00dffestigkeit.<\/li>\n<li><strong>Motorrad-Gel\u00e4ndereifen mit aggressivem Profil<\/strong> mit Selbstreinigungsfunktion.<\/li>\n<li><strong>Hochwertige Gummimischung<\/strong> f\u00fcr Hitzebest\u00e4ndigkeit und l\u00e4ngere Lebensdauer des Profils.<\/li>\n<li><strong>Verst\u00e4rkte Seitenw\u00e4nde<\/strong> um Pannen zu vermeiden und die Stabilit\u00e4t zu verbessern.<\/li>\n<li><strong>Optimierte Lauffl\u00e4chengeometrie<\/strong> f\u00fcr Grip auf weichem und hartem Terrain.<\/li>\n<li>Konzipiert als das <strong>die besten Motorradreifen f\u00fcr felsiges Gel\u00e4nde, Schlamm und Waldfahrten<\/strong>.<\/li>\n<\/ul>\n<hr \/>\n<h2><strong>Technische Daten - Kingtyre X85 &amp; X86 Dirt Bike-Reifen<\/strong><\/h2>\n<table style=\"height: 168px;\" width=\"1106\">\n<thead>\n<tr>\n<th><strong>Modell<\/strong><\/th>\n<th><strong>Muster<\/strong><\/th>\n<th><strong>Vorderseite Gr\u00f6\u00dfe<\/strong><\/th>\n<th><strong>Hintere Gr\u00f6\u00dfen<\/strong><\/th>\n<th><strong>Bauwesen<\/strong><\/th>\n<th><strong>Verbindungstyp<\/strong><\/th>\n<th><strong>Hauptvorteil<\/strong><\/th>\n<\/tr>\n<\/thead>\n<tbody>\n<tr>\n<td>Kingtyre X85<\/td>\n<td>Knobby<\/td>\n<td>80\/100-21<\/td>\n<td>110\/90-18, 110\/90-19<\/td>\n<td>Mehrlagig<\/td>\n<td>Premium-Kautschuk<\/td>\n<td>Beste Dirt-Bike-Reifen f\u00fcr Schlamm und weiches Terrain<\/td>\n<\/tr>\n<tr>\n<td>Kingtyre X86<\/td>\n<td>Hybride<\/td>\n<td>80\/100-21<\/td>\n<td>110\/90-18, 110\/90-19<\/td>\n<td>Verst\u00e4rkte<\/td>\n<td>Hitzebest\u00e4ndig<\/td>\n<td>Bester Gel\u00e4ndereifen f\u00fcr Motorr\u00e4der im Gel\u00e4nde<\/td>\n<\/tr>\n<\/tbody>\n<\/table>\n<hr \/>\n<h2><strong>FAQs - Motocross Bikes Reifen Allgemeine Fragen<\/strong><\/h2>\n<p><strong>1. Was macht den Kingtyre X85 zum besten Dirtbike-Reifen f\u00fcr den Wald?<\/strong><\/p>\n<p>Das breite Noppenprofil bietet maximalen Grip und leitet den Schlamm ab.<\/p>\n<p><strong>2. Sind die X85- und X86-Reifen f\u00fcr Enduro-Rennen geeignet?<\/strong><\/p>\n<p>Ja, sie sind konzipiert als <strong>Off-Road-Motorradreifen f\u00fcr Enduro-Rennen<\/strong> mit verbesserter Haltbarkeit.<\/p>\n<p><strong>3. Wie lange halten Motocross- und Enduro-Motorradreifen von Kingtyre?<\/strong><\/p>\n<p>Je nach Gel\u00e4nde erreichen die Fahrer in der Regel 50-80 Stunden Wettkampfeinsatz.<\/p>\n<p><strong>4. Verf\u00fcgen diese Reifen \u00fcber verst\u00e4rkte Seitenw\u00e4nde?<\/strong><\/p>\n<p>Ja, sie sind <strong>Dirtbike-Reifen mit verst\u00e4rkten Seitenw\u00e4nden<\/strong> felsige Pfade zu bew\u00e4ltigen.<\/p>\n<p><strong>5. Welche Reifengr\u00f6\u00dfe wird f\u00fcr Motocross-Wettbewerbe empfohlen?<\/strong><\/p>\n<p>Die h\u00e4ufigste Anpassung ist <strong>80\/100-21 (Vorderseite)<\/strong> mit <strong>110\/90-19 (hinten)<\/strong>.<\/p>\n<p><strong>6. Kann der Kingtyre X86 auch auf unbefestigten Wegen gut abschneiden?<\/strong><\/p>\n<p>Ja, der Profilabstand und die Mischung machen ihn ideal f\u00fcr felsige und kompakte Oberfl\u00e4chen.<\/p>\n<p><strong>7. Sind diese Reifen f\u00fcr Adventure-Motorr\u00e4der geeignet?<\/strong><\/p>\n<p>Ja, sie sind Teil von Kingtyre's <strong>Abenteuer Motorradfahren Stollenreifen Serie<\/strong>.<\/p>\n<p><strong>8. Verf\u00fcgen Kingtyre-Reifen \u00fcber ein selbstreinigendes Profil?<\/strong><\/p>\n<p>Ja, sowohl X85 als auch X86 enthalten <strong>Gel\u00e4ndereifen mit selbstreinigender Lauffl\u00e4che<\/strong>.<\/p>\n<p><strong>9. Sind Kingtyre-Motocross-Reifen langlebig?<\/strong><\/p>\n<p>Ja, sie sind so konstruiert <strong>Langlebige Dirt-Bike-Rennreifen<\/strong> mit hochwertigen Mischungen.<\/p>\n<p><strong>10. Wo werden Kingtyre-Gel\u00e4ndereifen f\u00fcr Motorr\u00e4der hergestellt?<\/strong><\/p>\n<p>Sie werden in Kingtyre's fortschrittlicher Produktionsst\u00e4tte hergestellt. <strong>Motorradreifen Fabrik Off-Road-Serie<\/strong> Einrichtung.<\/p>\n<p><!-- notionvc: 765ec662-4d04-459d-b2ee-fdcefabd8fe5 --><\/p>","protected":false},"excerpt":{"rendered":"<p>Entdecken Sie die Kingtyre X85 &amp; X86 Motocross-Reifen, die mit aggressivem Profil f\u00fcr Schlamm, Felsen und Waldfahrten entwickelt wurden. Gr\u00f6\u00dfen 80\/100-21, 110\/90-18, 110\/90-19. Premium Off-Road-Motorradreifen f\u00fcr Enduro- und Motocross-Rennen.<!-- notionvc: c41089e6-be89-4fa8-b323-e147344afaf1 --><\/p>","protected":false},"featured_media":501,"comment_status":"open","ping_status":"closed","template":"","meta":[],"class_list":{"0":"post-498","1":"product","2":"type-product","3":"status-publish","4":"has-post-thumbnail","6":"product_cat-off-road-motorcycle-tires","7":"product_tag-110-90-18","8":"product_tag-110-90-19","9":"product_tag-80-100-21","10":"product_tag-adventure-motorcycle-off-road-tires-factory","11":"product_tag-aggressive-tread-motorcycle-off-road-tires","12":"product_tag-best-all-terrain-motorcycle-off-road-tire","13":"product_tag-best-dirt-bike-tire-for-woods-riding","14":"product_tag-best-dirt-bike-tires-for-mud-and-rocks","15":"product_tag-dirt-bike-tires","16":"product_tag-durable-knobby-tires-for-motorcycles","17":"product_tag-kingtyre-enduro-and-motocross-off-road-tires","18":"product_tag-kingtyre-x85","19":"product_tag-kingtyre-x85-off-road-motorcycle-tires","20":"product_tag-kingtyre-x86","21":"product_tag-kingtyre-x86-dirt-bike-tires","22":"product_tag-motocross-and-enduro-motorcycle-tires","23":"product_tag-motocross-bikes-tires","24":"product_tag-motorcycle-tires-for-extreme-terrain","25":"product_tag-off-road-motorcycle-tires-for-enduro-racing","26":"product_tag-off-road-tires","27":"product_tag-premium-rubber-compound-off-road-tires","29":"first","30":"instock","31":"shipping-taxable","32":"product-type-simple"},"yoast_head":"<!-- This site is optimized with the Yoast SEO Premium plugin v25.1 (Yoast SEO v25.1) - https:\/\/yoast.com\/wordpress\/plugins\/seo\/ -->\n<title>Kingtyre X85 &amp; X86 Dirt Bike Tires | Motocross Bikes Tires for Extreme Off-Road Performance<\/title>\n<meta name=\"description\" content=\"Discover Kingtyre X85 &amp; X86 motocross bikes tires, engineered with aggressive tread for mud, rocks, and woods riding. Sizes 80\/100-21, 110\/90-18, 110\/90-19. Premium off-road motorcycle tires for enduro and motocross racing.\" \/>\n<meta name=\"robots\" content=\"index, follow, max-snippet:-1, max-image-preview:large, max-video-preview:-1\" \/>\n<link rel=\"canonical\" href=\"https:\/\/www.chinakingtyre.com\/de\/product\/kingtyre-motocross-fahrrader-reifen-x85-x86\/\" \/>\n<meta property=\"og:locale\" content=\"de_DE\" \/>\n<meta property=\"og:type\" content=\"article\" \/>\n<meta property=\"og:title\" content=\"Kingtyre X85 and X86 Motocross Bikes Tires \u2013 Advanced Dirt Bike Tires for Extreme Off-Road Riding\" \/>\n<meta property=\"og:description\" content=\"Discover Kingtyre X85 &amp; X86 motocross bikes tires, engineered with aggressive tread for mud, rocks, and woods riding. Sizes 80\/100-21, 110\/90-18, 110\/90-19. Premium off-road motorcycle tires for enduro and motocross racing.\" \/>\n<meta property=\"og:url\" content=\"https:\/\/www.chinakingtyre.com\/de\/product\/kingtyre-motocross-fahrrader-reifen-x85-x86\/\" \/>\n<meta property=\"og:site_name\" content=\"KingTyre Professional motorcycle tire manufacturer\" \/>\n<meta property=\"article:publisher\" content=\"https:\/\/www.facebook.com\/ChinaKingTyre\" \/>\n<meta property=\"article:modified_time\" content=\"2025-08-22T02:27:31+00:00\" \/>\n<meta property=\"og:image\" content=\"https:\/\/www.chinakingtyre.com\/wp-content\/uploads\/2025\/08\/Kingtyre-X85-X86-off-road-tires.jpg\" \/>\n\t<meta property=\"og:image:width\" content=\"800\" \/>\n\t<meta property=\"og:image:height\" content=\"800\" \/>\n\t<meta property=\"og:image:type\" content=\"image\/jpeg\" \/>\n<meta name=\"twitter:card\" content=\"summary_large_image\" \/>\n<meta name=\"twitter:label1\" content=\"Gesch\u00e4tzte Lesezeit\" \/>\n\t<meta name=\"twitter:data1\" content=\"4\u00a0Minuten\" \/>\n<script type=\"application\/ld+json\" class=\"yoast-schema-graph\">{\"@context\":\"https:\/\/schema.org\",\"@graph\":[{\"@type\":\"WebPage\",\"@id\":\"https:\/\/www.chinakingtyre.com\/product\/kingtyre-motocross-bikes-tires-x85-x86\/\",\"url\":\"https:\/\/www.chinakingtyre.com\/product\/kingtyre-motocross-bikes-tires-x85-x86\/\",\"name\":\"Kingtyre X85 & X86 Dirt Bike Tires | Motocross Bikes Tires for Extreme Off-Road Performance\",\"isPartOf\":{\"@id\":\"https:\/\/www.chinakingtyre.com\/#website\"},\"primaryImageOfPage\":{\"@id\":\"https:\/\/www.chinakingtyre.com\/product\/kingtyre-motocross-bikes-tires-x85-x86\/#primaryimage\"},\"image\":{\"@id\":\"https:\/\/www.chinakingtyre.com\/product\/kingtyre-motocross-bikes-tires-x85-x86\/#primaryimage\"},\"thumbnailUrl\":\"https:\/\/www.chinakingtyre.com\/wp-content\/uploads\/2025\/08\/Kingtyre-X85-X86-off-road-tires.jpg\",\"datePublished\":\"2025-08-22T02:27:29+00:00\",\"dateModified\":\"2025-08-22T02:27:31+00:00\",\"description\":\"Discover Kingtyre X85 & X86 motocross bikes tires, engineered with aggressive tread for mud, rocks, and woods riding. Sizes 80\/100-21, 110\/90-18, 110\/90-19. Premium off-road motorcycle tires for enduro and motocross racing.\",\"breadcrumb\":{\"@id\":\"https:\/\/www.chinakingtyre.com\/product\/kingtyre-motocross-bikes-tires-x85-x86\/#breadcrumb\"},\"inLanguage\":\"de\",\"potentialAction\":[{\"@type\":\"ReadAction\",\"target\":[\"https:\/\/www.chinakingtyre.com\/product\/kingtyre-motocross-bikes-tires-x85-x86\/\"]}]},{\"@type\":\"ImageObject\",\"inLanguage\":\"de\",\"@id\":\"https:\/\/www.chinakingtyre.com\/product\/kingtyre-motocross-bikes-tires-x85-x86\/#primaryimage\",\"url\":\"https:\/\/www.chinakingtyre.com\/wp-content\/uploads\/2025\/08\/Kingtyre-X85-X86-off-road-tires.jpg\",\"contentUrl\":\"https:\/\/www.chinakingtyre.com\/wp-content\/uploads\/2025\/08\/Kingtyre-X85-X86-off-road-tires.jpg\",\"width\":800,\"height\":800,\"caption\":\"Kingtyre-X85-X86-off-road-tires\"},{\"@type\":\"BreadcrumbList\",\"@id\":\"https:\/\/www.chinakingtyre.com\/product\/kingtyre-motocross-bikes-tires-x85-x86\/#breadcrumb\",\"itemListElement\":[{\"@type\":\"ListItem\",\"position\":1,\"name\":\"Home\",\"item\":\"https:\/\/www.chinakingtyre.com\/\"},{\"@type\":\"ListItem\",\"position\":2,\"name\":\"Kingtyre Product List\",\"item\":\"https:\/\/www.chinakingtyre.com\/kingtyre-product-list\/\"},{\"@type\":\"ListItem\",\"position\":3,\"name\":\"Kingtyre X85 and X86 Motocross Bikes Tires \u2013 Advanced Dirt Bike Tires for Extreme Off-Road Riding\"}]},{\"@type\":\"WebSite\",\"@id\":\"https:\/\/www.chinakingtyre.com\/#website\",\"url\":\"https:\/\/www.chinakingtyre.com\/\",\"name\":\"KingTyre Professional motorcycle tire manufacturer\",\"description\":\"\",\"publisher\":{\"@id\":\"https:\/\/www.chinakingtyre.com\/#organization\"},\"potentialAction\":[{\"@type\":\"SearchAction\",\"target\":{\"@type\":\"EntryPoint\",\"urlTemplate\":\"https:\/\/www.chinakingtyre.com\/?s={search_term_string}\"},\"query-input\":{\"@type\":\"PropertyValueSpecification\",\"valueRequired\":true,\"valueName\":\"search_term_string\"}}],\"inLanguage\":\"de\"},{\"@type\":\"Organization\",\"@id\":\"https:\/\/www.chinakingtyre.com\/#organization\",\"name\":\"TIANJIN KINGTYRE GROUP CO.,LTD\",\"url\":\"https:\/\/www.chinakingtyre.com\/\",\"logo\":{\"@type\":\"ImageObject\",\"inLanguage\":\"de\",\"@id\":\"https:\/\/www.chinakingtyre.com\/#\/schema\/logo\/image\/\",\"url\":\"https:\/\/www.chinakingtyre.com\/wp-content\/uploads\/2025\/07\/LOGO.png\",\"contentUrl\":\"https:\/\/www.chinakingtyre.com\/wp-content\/uploads\/2025\/07\/LOGO.png\",\"width\":870,\"height\":212,\"caption\":\"TIANJIN KINGTYRE GROUP CO.,LTD\"},\"image\":{\"@id\":\"https:\/\/www.chinakingtyre.com\/#\/schema\/logo\/image\/\"},\"sameAs\":[\"https:\/\/www.facebook.com\/ChinaKingTyre\"]}]}<\/script>\n<!-- \/ Yoast SEO Premium plugin. -->","yoast_head_json":{"title":"Kingtyre X85 &amp; X86 Dirt Bike Reifen | Motocross Bikes Reifen f\u00fcr extreme Off-Road Performance","description":"Entdecken Sie die Kingtyre X85 &amp; X86 Motocross-Reifen, die mit aggressivem Profil f\u00fcr Schlamm, Felsen und Waldfahrten entwickelt wurden. Gr\u00f6\u00dfen 80\/100-21, 110\/90-18, 110\/90-19. Premium Off-Road-Motorradreifen f\u00fcr Enduro- und Motocross-Rennen.","robots":{"index":"index","follow":"follow","max-snippet":"max-snippet:-1","max-image-preview":"max-image-preview:large","max-video-preview":"max-video-preview:-1"},"canonical":"https:\/\/www.chinakingtyre.com\/de\/product\/kingtyre-motocross-fahrrader-reifen-x85-x86\/","og_locale":"de_DE","og_type":"article","og_title":"Kingtyre X85 and X86 Motocross Bikes Tires \u2013 Advanced Dirt Bike Tires for Extreme Off-Road Riding","og_description":"Discover Kingtyre X85 & X86 motocross bikes tires, engineered with aggressive tread for mud, rocks, and woods riding. Sizes 80\/100-21, 110\/90-18, 110\/90-19. Premium off-road motorcycle tires for enduro and motocross racing.","og_url":"https:\/\/www.chinakingtyre.com\/de\/product\/kingtyre-motocross-fahrrader-reifen-x85-x86\/","og_site_name":"KingTyre Professional motorcycle tire manufacturer","article_publisher":"https:\/\/www.facebook.com\/ChinaKingTyre","article_modified_time":"2025-08-22T02:27:31+00:00","og_image":[{"width":800,"height":800,"url":"https:\/\/www.chinakingtyre.com\/wp-content\/uploads\/2025\/08\/Kingtyre-X85-X86-off-road-tires.jpg","type":"image\/jpeg"}],"twitter_card":"summary_large_image","twitter_misc":{"Gesch\u00e4tzte Lesezeit":"4\u00a0Minuten"},"schema":{"@context":"https:\/\/schema.org","@graph":[{"@type":"WebPage","@id":"https:\/\/www.chinakingtyre.com\/product\/kingtyre-motocross-bikes-tires-x85-x86\/","url":"https:\/\/www.chinakingtyre.com\/product\/kingtyre-motocross-bikes-tires-x85-x86\/","name":"Kingtyre X85 &amp; X86 Dirt Bike Reifen | Motocross Bikes Reifen f\u00fcr extreme Off-Road Performance","isPartOf":{"@id":"https:\/\/www.chinakingtyre.com\/#website"},"primaryImageOfPage":{"@id":"https:\/\/www.chinakingtyre.com\/product\/kingtyre-motocross-bikes-tires-x85-x86\/#primaryimage"},"image":{"@id":"https:\/\/www.chinakingtyre.com\/product\/kingtyre-motocross-bikes-tires-x85-x86\/#primaryimage"},"thumbnailUrl":"https:\/\/www.chinakingtyre.com\/wp-content\/uploads\/2025\/08\/Kingtyre-X85-X86-off-road-tires.jpg","datePublished":"2025-08-22T02:27:29+00:00","dateModified":"2025-08-22T02:27:31+00:00","description":"Entdecken Sie die Kingtyre X85 &amp; X86 Motocross-Reifen, die mit aggressivem Profil f\u00fcr Schlamm, Felsen und Waldfahrten entwickelt wurden. Gr\u00f6\u00dfen 80\/100-21, 110\/90-18, 110\/90-19. Premium Off-Road-Motorradreifen f\u00fcr Enduro- und Motocross-Rennen.","breadcrumb":{"@id":"https:\/\/www.chinakingtyre.com\/product\/kingtyre-motocross-bikes-tires-x85-x86\/#breadcrumb"},"inLanguage":"de","potentialAction":[{"@type":"ReadAction","target":["https:\/\/www.chinakingtyre.com\/product\/kingtyre-motocross-bikes-tires-x85-x86\/"]}]},{"@type":"ImageObject","inLanguage":"de","@id":"https:\/\/www.chinakingtyre.com\/product\/kingtyre-motocross-bikes-tires-x85-x86\/#primaryimage","url":"https:\/\/www.chinakingtyre.com\/wp-content\/uploads\/2025\/08\/Kingtyre-X85-X86-off-road-tires.jpg","contentUrl":"https:\/\/www.chinakingtyre.com\/wp-content\/uploads\/2025\/08\/Kingtyre-X85-X86-off-road-tires.jpg","width":800,"height":800,"caption":"Kingtyre-X85-X86-off-road-tires"},{"@type":"BreadcrumbList","@id":"https:\/\/www.chinakingtyre.com\/product\/kingtyre-motocross-bikes-tires-x85-x86\/#breadcrumb","itemListElement":[{"@type":"ListItem","position":1,"name":"Home","item":"https:\/\/www.chinakingtyre.com\/"},{"@type":"ListItem","position":2,"name":"Kingtyre Product List","item":"https:\/\/www.chinakingtyre.com\/kingtyre-product-list\/"},{"@type":"ListItem","position":3,"name":"Kingtyre X85 and X86 Motocross Bikes Tires \u2013 Advanced Dirt Bike Tires for Extreme Off-Road Riding"}]},{"@type":"WebSite","@id":"https:\/\/www.chinakingtyre.com\/#website","url":"https:\/\/www.chinakingtyre.com\/","name":"KingTyre Professioneller Hersteller von Motorradreifen","description":"","publisher":{"@id":"https:\/\/www.chinakingtyre.com\/#organization"},"potentialAction":[{"@type":"SearchAction","target":{"@type":"EntryPoint","urlTemplate":"https:\/\/www.chinakingtyre.com\/?s={search_term_string}"},"query-input":{"@type":"PropertyValueSpecification","valueRequired":true,"valueName":"search_term_string"}}],"inLanguage":"de"},{"@type":"Organization","@id":"https:\/\/www.chinakingtyre.com\/#organization","name":"TIANJIN KINGTYRE GROUP CO.,LTD","url":"https:\/\/www.chinakingtyre.com\/","logo":{"@type":"ImageObject","inLanguage":"de","@id":"https:\/\/www.chinakingtyre.com\/#\/schema\/logo\/image\/","url":"https:\/\/www.chinakingtyre.com\/wp-content\/uploads\/2025\/07\/LOGO.png","contentUrl":"https:\/\/www.chinakingtyre.com\/wp-content\/uploads\/2025\/07\/LOGO.png","width":870,"height":212,"caption":"TIANJIN KINGTYRE GROUP CO.,LTD"},"image":{"@id":"https:\/\/www.chinakingtyre.com\/#\/schema\/logo\/image\/"},"sameAs":["https:\/\/www.facebook.com\/ChinaKingTyre"]}]}},"_links":{"self":[{"href":"https:\/\/www.chinakingtyre.com\/de\/wp-json\/wp\/v2\/product\/498","targetHints":{"allow":["GET"]}}],"collection":[{"href":"https:\/\/www.chinakingtyre.com\/de\/wp-json\/wp\/v2\/product"}],"about":[{"href":"https:\/\/www.chinakingtyre.com\/de\/wp-json\/wp\/v2\/types\/product"}],"replies":[{"embeddable":true,"href":"https:\/\/www.chinakingtyre.com\/de\/wp-json\/wp\/v2\/comments?post=498"}],"wp:featuredmedia":[{"embeddable":true,"href":"https:\/\/www.chinakingtyre.com\/de\/wp-json\/wp\/v2\/media\/501"}],"wp:attachment":[{"href":"https:\/\/www.chinakingtyre.com\/de\/wp-json\/wp\/v2\/media?parent=498"}],"curies":[{"name":"wp","href":"https:\/\/api.w.org\/{rel}","templated":true}]}}