{"id":463,"date":"2025-08-19T01:20:30","date_gmt":"2025-08-19T01:20:30","guid":{"rendered":"https:\/\/www.chinakingtyre.com\/?post_type=product&#038;p=463"},"modified":"2025-08-21T07:52:24","modified_gmt":"2025-08-21T07:52:24","slug":"neumaticos-adv-kingtyre-k66","status":"publish","type":"product","link":"https:\/\/www.chinakingtyre.com\/es\/producto\/neumaticos-adv-kingtyre-k66\/","title":{"rendered":"Neum\u00e1ticos Kingtyre K66 ADV - Lo \u00faltimo en neum\u00e1ticos 80\/20 Dual Sport para pilotos de aventura"},"content":{"rendered":"<h2><strong>Avanzado dise\u00f1o de la banda de rodadura de los neum\u00e1ticos Kingtyre K66 Dual Sport<\/strong><\/h2>\n<p>En <strong><a href=\"https:\/\/www.chinakingtyre.com\/es\/\">Kingtyre<\/a> Neum\u00e1ticos K66 adv<\/strong> est\u00e1n dise\u00f1ados espec\u00edficamente para pilotos que exigen tanto estabilidad en carretera como confianza fuera de ella. <strong>Neum\u00e1ticos 80\/20 dual sport<\/strong>El patr\u00f3n de la banda de rodadura enfatiza el agarre a alta velocidad en asfalto (80%) al tiempo que mantiene una tracci\u00f3n fiable en grava, tierra y senderos ligeros (20%).<\/p>\n<p>Principales ventajas de la banda de rodadura <strong>Neum\u00e1ticos de moto Kingtyre K66 dual sport<\/strong> incluyen:<\/p>\n<ul>\n<li><strong>Tacos optimizados<\/strong>: Los bloques centrales m\u00e1s grandes garantizan la estabilidad a velocidades de autopista, reduciendo las vibraciones y el desgaste.<\/li>\n<li><strong>Tacos laterales agresivos<\/strong>: Proporcionan un mayor agarre en curvas en terrenos no asfaltados, ideal para pilotos que exploran m\u00e1s all\u00e1 del asfalto.<\/li>\n<li><strong>Compuesto rico en s\u00edlice<\/strong>: Mejora las prestaciones de frenado en mojado hasta en 15% en comparaci\u00f3n con los neum\u00e1ticos dual sport convencionales.<\/li>\n<li><strong>Ranuras de disipaci\u00f3n del calor<\/strong>: Prolongan la vida \u00fatil de la banda de rodadura. <strong>8% mayor kilometraje<\/strong> frente a la media <strong>los mejores neum\u00e1ticos para motos dual sport<\/strong>.<\/li>\n<\/ul>\n<p><img loading=\"lazy\" decoding=\"async\" class=\"aligncenter wp-image-465 size-full\" src=\"https:\/\/www.chinakingtyre.com\/wp-content\/uploads\/2025\/08\/kingtyre-k66-front-tread.jpg\" alt=\"Neum\u00e1ticos Kingtyre K66 adv dise\u00f1o de la banda de rodadura delantera para un rendimiento deportivo dual 80 20\" width=\"1678\" height=\"794\" srcset=\"https:\/\/www.chinakingtyre.com\/wp-content\/uploads\/2025\/08\/kingtyre-k66-front-tread.jpg 1678w, https:\/\/www.chinakingtyre.com\/wp-content\/uploads\/2025\/08\/kingtyre-k66-front-tread-300x142.jpg 300w, https:\/\/www.chinakingtyre.com\/wp-content\/uploads\/2025\/08\/kingtyre-k66-front-tread-1024x485.jpg 1024w, https:\/\/www.chinakingtyre.com\/wp-content\/uploads\/2025\/08\/kingtyre-k66-front-tread-768x363.jpg 768w, https:\/\/www.chinakingtyre.com\/wp-content\/uploads\/2025\/08\/kingtyre-k66-front-tread-1536x727.jpg 1536w, https:\/\/www.chinakingtyre.com\/wp-content\/uploads\/2025\/08\/kingtyre-k66-front-tread-18x9.jpg 18w, https:\/\/www.chinakingtyre.com\/wp-content\/uploads\/2025\/08\/kingtyre-k66-front-tread-600x284.jpg 600w\" sizes=\"auto, (max-width: 1678px) 100vw, 1678px\" \/><\/p>\n<hr \/>\n<h2><strong>Medidas disponibles de los neum\u00e1ticos Kingtyre K66 Dual Sport<\/strong><\/h2>\n<h3><strong>Tama\u00f1os de neum\u00e1ticos delanteros<\/strong><\/h3>\n<ul>\n<li>90\/90R21<\/li>\n<li>100\/90R21<\/li>\n<li>100\/80R17<\/li>\n<li>110\/80R19<\/li>\n<li>120\/70R17<\/li>\n<li>120\/70R19<\/li>\n<\/ul>\n<h3><strong>Tama\u00f1os de neum\u00e1ticos traseros<\/strong><\/h3>\n<ul>\n<li>130\/70R17<\/li>\n<li>130\/80R17<\/li>\n<li>140\/70R18<\/li>\n<li>150\/70R17<\/li>\n<li>150\/70R18<\/li>\n<li>160\/60R17<\/li>\n<li>170\/60R17<\/li>\n<\/ul>\n<p><img loading=\"lazy\" decoding=\"async\" class=\"aligncenter wp-image-466 size-full\" src=\"https:\/\/www.chinakingtyre.com\/wp-content\/uploads\/2025\/08\/kingtyre-k66-dual-sport-tire-sizes.jpg\" alt=\"Neum\u00e1ticos Kingtyre K66 adv disponibles en tama\u00f1o deportivo doble delantero y trasero\" width=\"1678\" height=\"794\" srcset=\"https:\/\/www.chinakingtyre.com\/wp-content\/uploads\/2025\/08\/kingtyre-k66-dual-sport-tire-sizes.jpg 1678w, https:\/\/www.chinakingtyre.com\/wp-content\/uploads\/2025\/08\/kingtyre-k66-dual-sport-tire-sizes-300x142.jpg 300w, https:\/\/www.chinakingtyre.com\/wp-content\/uploads\/2025\/08\/kingtyre-k66-dual-sport-tire-sizes-1024x485.jpg 1024w, https:\/\/www.chinakingtyre.com\/wp-content\/uploads\/2025\/08\/kingtyre-k66-dual-sport-tire-sizes-768x363.jpg 768w, https:\/\/www.chinakingtyre.com\/wp-content\/uploads\/2025\/08\/kingtyre-k66-dual-sport-tire-sizes-1536x727.jpg 1536w, https:\/\/www.chinakingtyre.com\/wp-content\/uploads\/2025\/08\/kingtyre-k66-dual-sport-tire-sizes-18x9.jpg 18w, https:\/\/www.chinakingtyre.com\/wp-content\/uploads\/2025\/08\/kingtyre-k66-dual-sport-tire-sizes-600x284.jpg 600w\" sizes=\"auto, (max-width: 1678px) 100vw, 1678px\" \/><\/p>\n<hr \/>\n<h2><strong>Kingtyre - F\u00e1brica de neum\u00e1ticos profesionales Dual Sport<\/strong><\/h2>\n<p>Como uno de los principales <strong>fabricantes de neum\u00e1ticos para motocicletas<\/strong> y <strong>Fabricantes de neum\u00e1ticos MC<\/strong>Kingtyre se especializa en la fabricaci\u00f3n de neum\u00e1ticos avanzados para motocicletas destinados a pilotos de todo el mundo. <strong>Instalaciones con certificaci\u00f3n ISO9001<\/strong> y capacidad anual superior a <strong>2,5 millones de neum\u00e1ticos<\/strong>, la f\u00e1brica integra prensas de curado alemanas y mezcladoras de caucho japonesas para garantizar una calidad de primera clase.<\/p>\n<p>Kingtyre es reconocida como <strong>neum\u00e1ticos dual sport de f\u00e1brica<\/strong> en los que conf\u00edan marcas OEM y pilotos profesionales de todo el mundo. Cada <strong>neum\u00e1tico moto dual sport<\/strong> se somete a <strong>Inspecci\u00f3n por rayos X, pruebas de uniformidad y validaci\u00f3n de resistencia<\/strong> antes de salir de la f\u00e1brica.<\/p>\n<p><img loading=\"lazy\" decoding=\"async\" class=\"aligncenter wp-image-467 size-full\" src=\"https:\/\/www.chinakingtyre.com\/wp-content\/uploads\/2025\/08\/kingtyre-dual-sport-tires-factory.jpg\" alt=\"Kingtyre l\u00ednea de producci\u00f3n de f\u00e1brica de neum\u00e1ticos deportivos dobles para neum\u00e1ticos adv y motard\" width=\"1678\" height=\"794\" srcset=\"https:\/\/www.chinakingtyre.com\/wp-content\/uploads\/2025\/08\/kingtyre-dual-sport-tires-factory.jpg 1678w, https:\/\/www.chinakingtyre.com\/wp-content\/uploads\/2025\/08\/kingtyre-dual-sport-tires-factory-300x142.jpg 300w, https:\/\/www.chinakingtyre.com\/wp-content\/uploads\/2025\/08\/kingtyre-dual-sport-tires-factory-1024x485.jpg 1024w, https:\/\/www.chinakingtyre.com\/wp-content\/uploads\/2025\/08\/kingtyre-dual-sport-tires-factory-768x363.jpg 768w, https:\/\/www.chinakingtyre.com\/wp-content\/uploads\/2025\/08\/kingtyre-dual-sport-tires-factory-1536x727.jpg 1536w, https:\/\/www.chinakingtyre.com\/wp-content\/uploads\/2025\/08\/kingtyre-dual-sport-tires-factory-18x9.jpg 18w, https:\/\/www.chinakingtyre.com\/wp-content\/uploads\/2025\/08\/kingtyre-dual-sport-tires-factory-600x284.jpg 600w\" sizes=\"auto, (max-width: 1678px) 100vw, 1678px\" \/><\/p>\n<hr \/>\n<h2><strong>Puntos d\u00e9biles de los neum\u00e1ticos Dual Sport<\/strong><\/h2>\n<p>Aventureros que utilizan <strong>neum\u00e1ticos para motos dual sport<\/strong> encuentran a menudo:<\/p>\n<ul>\n<li>Desgaste r\u00e1pido de la banda de rodadura en autopistas (especialmente para <strong>Neum\u00e1ticos para motos dual sport de 17 pulgadas<\/strong>).<\/li>\n<li>Escasa adherencia en mojado en la transici\u00f3n entre asfalto y tierra.<\/li>\n<li>Estabilidad limitada en las curvas con <strong>neum\u00e1ticos motard<\/strong>.<\/li>\n<li>Dificultad para encontrar duraderos <strong>neum\u00e1ticos traseros 110\/80-19 dual sport<\/strong> con un rendimiento equilibrado.<\/li>\n<\/ul>\n<hr \/>\n<h2><strong>Kingtyre K66 - La soluci\u00f3n 80\/20 para neum\u00e1ticos deportivos dobles<\/strong><\/h2>\n<p>En <strong>Neum\u00e1ticos Kingtyre K66 adv<\/strong> resolver estos problemas:<\/p>\n<ul>\n<li><strong>Banda de rodadura h\u00edbrida carretera-carretera<\/strong> proporcionando una estabilidad de asfalto de 80% y un control de senderos de 20%.<\/li>\n<li><strong>Carcasa de alta resistencia<\/strong> reduciendo el riesgo de pinchazos en terrenos accidentados.<\/li>\n<li><strong>Compuestos optimizados<\/strong> alargando el kilometraje en 10-12% en comparaci\u00f3n con la mayor\u00eda de los <strong>los mejores neum\u00e1ticos dual sport<\/strong>.<\/li>\n<li><strong>Construcci\u00f3n equilibrada de precisi\u00f3n<\/strong> garantizando un rendimiento suave tanto en motos de turismo deportivo como de aventura.<\/li>\n<\/ul>\n<hr \/>\n<h2><strong>Especificaciones t\u00e9cnicas de los neum\u00e1ticos Kingtyre K66 ADV<\/strong><\/h2>\n<table style=\"height: 331px;\" width=\"732\">\n<thead>\n<tr>\n<th><strong>Par\u00e1metro<\/strong><\/th>\n<th><strong>Especificaci\u00f3n<\/strong><\/th>\n<\/tr>\n<\/thead>\n<tbody>\n<tr>\n<td>Tipo de neum\u00e1tico<\/td>\n<td>Neum\u00e1ticos para motocicletas ADV \/ Dual Sport (80\/20)<\/td>\n<\/tr>\n<tr>\n<td>Tama\u00f1os disponibles<\/td>\n<td>17\" - 21\" Delanteros \/ 17\" - 18\" Traseros<\/td>\n<\/tr>\n<tr>\n<td>Compuesto<\/td>\n<td>Caucho de alta s\u00edlice, resistente al desgaste y de doble uso deportivo<\/td>\n<\/tr>\n<tr>\n<td>Profundidad de la banda de rodadura<\/td>\n<td>7,2 - 8,5 mm (dependiendo del tama\u00f1o)<\/td>\n<\/tr>\n<tr>\n<td>\u00cdndice de carga<\/td>\n<td>58-75 (carga m\u00e1xima 190-387 kg por neum\u00e1tico)<\/td>\n<\/tr>\n<tr>\n<td>Velocidad<\/td>\n<td>H, V (hasta 240 km\/h seg\u00fan el tama\u00f1o)<\/td>\n<\/tr>\n<tr>\n<td>Compatibilidad de llantas<\/td>\n<td>17\", 18\", 19\", 21\"<\/td>\n<\/tr>\n<tr>\n<td>Aplicaci\u00f3n de destino<\/td>\n<td>Aventura, Touring, Dual Sport, Off-road ligero<\/td>\n<\/tr>\n<\/tbody>\n<\/table>\n<hr \/>\n<h2><strong>FAQs - Preguntas frecuentes sobre neum\u00e1ticos ADV y Dual Sport<\/strong><\/h2>\n<p><strong>1. \u00bfPara qu\u00e9 son m\u00e1s adecuados los neum\u00e1ticos Adv?<\/strong><\/p>\n<p>Los neum\u00e1ticos ADV como el Kingtyre K66 est\u00e1n dise\u00f1ados para recorridos de larga distancia con uso ocasional fuera de carretera (80% carretera, 20% fuera de carretera).<\/p>\n<p><strong>2. \u00bfSon buenos los neum\u00e1ticos 80\/20 dual sport para los desplazamientos diarios?<\/strong><\/p>\n<p>S\u00ed, proporcionan un excelente confort en carretera, al tiempo que permiten circular ocasionalmente por grava y senderos.<\/p>\n<p><strong>3. \u00bfCon qu\u00e9 frecuencia debo comprobar la presi\u00f3n de los neum\u00e1ticos de una motocicleta dual sport?<\/strong><\/p>\n<p>Comprobar cada 500 km o antes de viajes largos. Presiones recomendadas: <strong>Delantero 30-32 psi, Trasero 32-36 psi<\/strong>.<\/p>\n<p><strong>4. \u00bfSe puede utilizar Kingtyre K66 para motos de aventura pesadas?<\/strong><\/p>\n<p>S\u00ed, tallas hasta <strong>170\/60R17<\/strong> admiten motocicletas ADV de mayor cilindrada.<\/p>\n<p><strong>5. \u00bfC\u00f3mo se comporta el Kingtyre K66 en condiciones h\u00famedas?<\/strong><\/p>\n<p>El compuesto de s\u00edlice mejora el frenado sobre mojado en 12-15% en comparaci\u00f3n con los neum\u00e1ticos adv convencionales.<\/p>\n<p><strong>6. \u00bfCu\u00e1l es la vida \u00fatil de los neum\u00e1ticos Kingtyre K66 dual sport?<\/strong><\/p>\n<p>De media, entre 15.000 y 18.000 km en funci\u00f3n del estilo de conducci\u00f3n.<\/p>\n<p><strong>7. \u00bfSon ruidosos los neum\u00e1ticos dual sport en carretera?<\/strong><\/p>\n<p>Kingtyre K66 incorpora bloques de banda de rodadura silenciosos que reducen el ruido de la carretera en 8%.<\/p>\n<p><strong>8. \u00bfNecesito neum\u00e1ticos diferentes para los viajes fuera de carretera?<\/strong><\/p>\n<p>No, a menos que conduzca en condiciones extremas de barro o arena. Kingtyre K66 equilibra ambas condiciones con eficacia.<\/p>\n<p><strong>9. \u00bfSon las Kingtyre K66 adecuadas para motos de motard?<\/strong><\/p>\n<p>S\u00ed, especialmente el <strong>Neum\u00e1ticos para motos dual sport de 17 pulgadas<\/strong> que ofrecen agarre y maniobrabilidad a los ciclistas urbanos.<\/p>\n<p><strong>10. \u00bfD\u00f3nde se fabrican los neum\u00e1ticos Kingtyre dual sport?<\/strong><\/p>\n<p>Se fabrican en las modernas instalaciones de Kingtyre. <strong>neum\u00e1ticos dual sport de f\u00e1brica<\/strong> con automatizaci\u00f3n avanzada.<\/p>\n<p><!-- notionvc: eca5f14c-6748-461e-81ad-63ce7dfb8c52 --><\/p>","protected":false},"excerpt":{"rendered":"<p>Descubra los neum\u00e1ticos Kingtyre K66 ADV: neum\u00e1ticos deportivos duales 80\/20 de primera calidad dise\u00f1ados para ofrecer estabilidad, kilometraje y control todoterreno. Explora los tama\u00f1os de 17-21 pulgadas de una f\u00e1brica de neum\u00e1ticos deportivos dual de confianza.<!-- notionvc: f257af7a-5087-45ff-9951-33f2f916b192 --><\/p>","protected":false},"featured_media":468,"comment_status":"open","ping_status":"closed","template":"","meta":[],"class_list":{"0":"post-463","1":"product","2":"type-product","3":"status-publish","4":"has-post-thumbnail","6":"product_cat-adventure-motorcycle-tires","7":"product_tag-100-80r-17-motorcycle-tires","8":"product_tag-100-90r-21-motorcycle-tires","9":"product_tag-110-80r-19-motorcycle-tires","10":"product_tag-120-70-17-motorcycle-tire","11":"product_tag-120-70-17-tire","12":"product_tag-120-70r17-2","13":"product_tag-120-70r17-motorcycle-tire","14":"product_tag-120-70x17-dual-sport-tire","15":"product_tag-120-70x17-motorcycle-tire","16":"product_tag-120-70x17-tire","17":"product_tag-120-70-zr17-motorcycle-tire","18":"product_tag-120-70-zr17","19":"product_tag-120-70zr17-front-tire","20":"product_tag-120-70zr17-tire","21":"product_tag-120-70r-17-motorcycle-tires","22":"product_tag-120-70r-19-motorcycle-tires","23":"product_tag-130-70r-17-motorcycle-tires","24":"product_tag-130-80r-17-motorcycle-tires","25":"product_tag-140-70r-18-motorcycle-tires","26":"product_tag-150-70r-17-motorcycle-tires","27":"product_tag-150-70r-18-motorcycle-tires","28":"product_tag-160-60r-17-motorcycle-tires","29":"product_tag-17-inch-dual-sport-motorcycle-tyres","30":"product_tag-170-60r-17-motorcycle-tires","31":"product_tag-80-20-dual-sport-tires","32":"product_tag-90-90r-21-motorcycle-tires","33":"product_tag-adv-tires","34":"product_tag-adventure-motorcycle-tires","35":"product_tag-adventure-tires","36":"product_tag-best-dual-sport-motorcycle-tyres","37":"product_tag-best-dual-sport-tires","38":"product_tag-dual-sport-adventure-tires","39":"product_tag-dual-sport-moto-tires","40":"product_tag-dual-sport-motorcycle-tyres","41":"product_tag-dual-sport-tires","42":"product_tag-dual-sport-tires-factory","43":"product_tag-dual-sport-tyres","44":"product_tag-kingtyre-dual-sport-tyres","45":"product_tag-kingtyre-k66","46":"product_tag-mc-tires-manufacturers","47":"product_tag-motard-tyres","48":"product_tag-motorcycle-tire-manufacturers","49":"product_tag-motorcycle-tyres-120-70-zr17","50":"product_tag-off-road-adv-tires","51":"product_tag-rear-110-80-19-dual-sport-tires","52":"product_tag-sport-touring-dual-sport-tires","54":"first","55":"instock","56":"shipping-taxable","57":"product-type-simple"},"yoast_head":"<!-- This site is optimized with the Yoast SEO Premium plugin v25.1 (Yoast SEO v25.1) - https:\/\/yoast.com\/wordpress\/plugins\/seo\/ -->\n<title>Kingtyre K66 ADV Tires \u2013 80\/20 Dual Sport Motorcycle Tyres for Adventure Riding<\/title>\n<meta name=\"description\" content=\"Discover Kingtyre K66 ADV tires \u2013 premium 80\/20 dual sport tyres engineered for stability, mileage, and off-road control. Explore sizes 17\u201321 inches from a trusted dual sport tires factory.\" \/>\n<meta name=\"robots\" content=\"index, follow, max-snippet:-1, max-image-preview:large, max-video-preview:-1\" \/>\n<link rel=\"canonical\" href=\"https:\/\/www.chinakingtyre.com\/es\/producto\/neumaticos-adv-kingtyre-k66\/\" \/>\n<meta property=\"og:locale\" content=\"es_ES\" \/>\n<meta property=\"og:type\" content=\"article\" \/>\n<meta property=\"og:title\" content=\"Kingtyre K66 ADV Tires \u2013 The Ultimate 80\/20 Dual Sport Tires for Adventure Riders\" \/>\n<meta property=\"og:description\" content=\"Discover Kingtyre K66 ADV tires \u2013 premium 80\/20 dual sport tyres engineered for stability, mileage, and off-road control. Explore sizes 17\u201321 inches from a trusted dual sport tires factory.\" \/>\n<meta property=\"og:url\" content=\"https:\/\/www.chinakingtyre.com\/es\/producto\/neumaticos-adv-kingtyre-k66\/\" \/>\n<meta property=\"og:site_name\" content=\"KingTyre Professional motorcycle tire manufacturer\" \/>\n<meta property=\"article:publisher\" content=\"https:\/\/www.facebook.com\/ChinaKingTyre\" \/>\n<meta property=\"article:modified_time\" content=\"2025-08-21T07:52:24+00:00\" \/>\n<meta property=\"og:image\" content=\"https:\/\/www.chinakingtyre.com\/wp-content\/uploads\/2025\/08\/Kingtyre-K66-ADV-Tires.png\" \/>\n\t<meta property=\"og:image:width\" content=\"800\" \/>\n\t<meta property=\"og:image:height\" content=\"800\" \/>\n\t<meta property=\"og:image:type\" content=\"image\/png\" \/>\n<meta name=\"twitter:card\" content=\"summary_large_image\" \/>\n<meta name=\"twitter:label1\" content=\"Tiempo de lectura\" \/>\n\t<meta name=\"twitter:data1\" content=\"4 minutos\" \/>\n<script type=\"application\/ld+json\" class=\"yoast-schema-graph\">{\"@context\":\"https:\/\/schema.org\",\"@graph\":[{\"@type\":\"WebPage\",\"@id\":\"https:\/\/www.chinakingtyre.com\/product\/adv-tires-kingtyre-k66\/\",\"url\":\"https:\/\/www.chinakingtyre.com\/product\/adv-tires-kingtyre-k66\/\",\"name\":\"Kingtyre K66 ADV Tires \u2013 80\/20 Dual Sport Motorcycle Tyres for Adventure Riding\",\"isPartOf\":{\"@id\":\"https:\/\/www.chinakingtyre.com\/#website\"},\"primaryImageOfPage\":{\"@id\":\"https:\/\/www.chinakingtyre.com\/product\/adv-tires-kingtyre-k66\/#primaryimage\"},\"image\":{\"@id\":\"https:\/\/www.chinakingtyre.com\/product\/adv-tires-kingtyre-k66\/#primaryimage\"},\"thumbnailUrl\":\"https:\/\/www.chinakingtyre.com\/wp-content\/uploads\/2025\/08\/Kingtyre-K66-ADV-Tires.png\",\"datePublished\":\"2025-08-19T01:20:30+00:00\",\"dateModified\":\"2025-08-21T07:52:24+00:00\",\"description\":\"Discover Kingtyre K66 ADV tires \u2013 premium 80\/20 dual sport tyres engineered for stability, mileage, and off-road control. Explore sizes 17\u201321 inches from a trusted dual sport tires factory.\",\"breadcrumb\":{\"@id\":\"https:\/\/www.chinakingtyre.com\/product\/adv-tires-kingtyre-k66\/#breadcrumb\"},\"inLanguage\":\"es\",\"potentialAction\":[{\"@type\":\"ReadAction\",\"target\":[\"https:\/\/www.chinakingtyre.com\/product\/adv-tires-kingtyre-k66\/\"]}]},{\"@type\":\"ImageObject\",\"inLanguage\":\"es\",\"@id\":\"https:\/\/www.chinakingtyre.com\/product\/adv-tires-kingtyre-k66\/#primaryimage\",\"url\":\"https:\/\/www.chinakingtyre.com\/wp-content\/uploads\/2025\/08\/Kingtyre-K66-ADV-Tires.png\",\"contentUrl\":\"https:\/\/www.chinakingtyre.com\/wp-content\/uploads\/2025\/08\/Kingtyre-K66-ADV-Tires.png\",\"width\":800,\"height\":800,\"caption\":\"Kingtyre-K66-ADV-Tires\"},{\"@type\":\"BreadcrumbList\",\"@id\":\"https:\/\/www.chinakingtyre.com\/product\/adv-tires-kingtyre-k66\/#breadcrumb\",\"itemListElement\":[{\"@type\":\"ListItem\",\"position\":1,\"name\":\"Home\",\"item\":\"https:\/\/www.chinakingtyre.com\/\"},{\"@type\":\"ListItem\",\"position\":2,\"name\":\"Kingtyre Product List\",\"item\":\"https:\/\/www.chinakingtyre.com\/kingtyre-product-list\/\"},{\"@type\":\"ListItem\",\"position\":3,\"name\":\"Kingtyre K66 ADV Tires \u2013 The Ultimate 80\/20 Dual Sport Tires for Adventure Riders\"}]},{\"@type\":\"WebSite\",\"@id\":\"https:\/\/www.chinakingtyre.com\/#website\",\"url\":\"https:\/\/www.chinakingtyre.com\/\",\"name\":\"KingTyre Professional motorcycle tire manufacturer\",\"description\":\"\",\"publisher\":{\"@id\":\"https:\/\/www.chinakingtyre.com\/#organization\"},\"potentialAction\":[{\"@type\":\"SearchAction\",\"target\":{\"@type\":\"EntryPoint\",\"urlTemplate\":\"https:\/\/www.chinakingtyre.com\/?s={search_term_string}\"},\"query-input\":{\"@type\":\"PropertyValueSpecification\",\"valueRequired\":true,\"valueName\":\"search_term_string\"}}],\"inLanguage\":\"es\"},{\"@type\":\"Organization\",\"@id\":\"https:\/\/www.chinakingtyre.com\/#organization\",\"name\":\"TIANJIN KINGTYRE GROUP CO.,LTD\",\"url\":\"https:\/\/www.chinakingtyre.com\/\",\"logo\":{\"@type\":\"ImageObject\",\"inLanguage\":\"es\",\"@id\":\"https:\/\/www.chinakingtyre.com\/#\/schema\/logo\/image\/\",\"url\":\"https:\/\/www.chinakingtyre.com\/wp-content\/uploads\/2025\/07\/LOGO.png\",\"contentUrl\":\"https:\/\/www.chinakingtyre.com\/wp-content\/uploads\/2025\/07\/LOGO.png\",\"width\":870,\"height\":212,\"caption\":\"TIANJIN KINGTYRE GROUP CO.,LTD\"},\"image\":{\"@id\":\"https:\/\/www.chinakingtyre.com\/#\/schema\/logo\/image\/\"},\"sameAs\":[\"https:\/\/www.facebook.com\/ChinaKingTyre\"]}]}<\/script>\n<!-- \/ Yoast SEO Premium plugin. -->","yoast_head_json":{"title":"Neum\u00e1ticos Kingtyre K66 ADV - Neum\u00e1ticos 80\/20 Dual Sport para motocicletas de aventura","description":"Descubra los neum\u00e1ticos Kingtyre K66 ADV: neum\u00e1ticos deportivos duales 80\/20 de primera calidad dise\u00f1ados para ofrecer estabilidad, kilometraje y control todoterreno. Explora los tama\u00f1os de 17-21 pulgadas de una f\u00e1brica de neum\u00e1ticos deportivos dual de confianza.","robots":{"index":"index","follow":"follow","max-snippet":"max-snippet:-1","max-image-preview":"max-image-preview:large","max-video-preview":"max-video-preview:-1"},"canonical":"https:\/\/www.chinakingtyre.com\/es\/producto\/neumaticos-adv-kingtyre-k66\/","og_locale":"es_ES","og_type":"article","og_title":"Kingtyre K66 ADV Tires \u2013 The Ultimate 80\/20 Dual Sport Tires for Adventure Riders","og_description":"Discover Kingtyre K66 ADV tires \u2013 premium 80\/20 dual sport tyres engineered for stability, mileage, and off-road control. Explore sizes 17\u201321 inches from a trusted dual sport tires factory.","og_url":"https:\/\/www.chinakingtyre.com\/es\/producto\/neumaticos-adv-kingtyre-k66\/","og_site_name":"KingTyre Professional motorcycle tire manufacturer","article_publisher":"https:\/\/www.facebook.com\/ChinaKingTyre","article_modified_time":"2025-08-21T07:52:24+00:00","og_image":[{"width":800,"height":800,"url":"https:\/\/www.chinakingtyre.com\/wp-content\/uploads\/2025\/08\/Kingtyre-K66-ADV-Tires.png","type":"image\/png"}],"twitter_card":"summary_large_image","twitter_misc":{"Tiempo de lectura":"4 minutos"},"schema":{"@context":"https:\/\/schema.org","@graph":[{"@type":"WebPage","@id":"https:\/\/www.chinakingtyre.com\/product\/adv-tires-kingtyre-k66\/","url":"https:\/\/www.chinakingtyre.com\/product\/adv-tires-kingtyre-k66\/","name":"Neum\u00e1ticos Kingtyre K66 ADV - Neum\u00e1ticos 80\/20 Dual Sport para motocicletas de aventura","isPartOf":{"@id":"https:\/\/www.chinakingtyre.com\/#website"},"primaryImageOfPage":{"@id":"https:\/\/www.chinakingtyre.com\/product\/adv-tires-kingtyre-k66\/#primaryimage"},"image":{"@id":"https:\/\/www.chinakingtyre.com\/product\/adv-tires-kingtyre-k66\/#primaryimage"},"thumbnailUrl":"https:\/\/www.chinakingtyre.com\/wp-content\/uploads\/2025\/08\/Kingtyre-K66-ADV-Tires.png","datePublished":"2025-08-19T01:20:30+00:00","dateModified":"2025-08-21T07:52:24+00:00","description":"Descubra los neum\u00e1ticos Kingtyre K66 ADV: neum\u00e1ticos deportivos duales 80\/20 de primera calidad dise\u00f1ados para ofrecer estabilidad, kilometraje y control todoterreno. Explora los tama\u00f1os de 17-21 pulgadas de una f\u00e1brica de neum\u00e1ticos deportivos dual de confianza.","breadcrumb":{"@id":"https:\/\/www.chinakingtyre.com\/product\/adv-tires-kingtyre-k66\/#breadcrumb"},"inLanguage":"es","potentialAction":[{"@type":"ReadAction","target":["https:\/\/www.chinakingtyre.com\/product\/adv-tires-kingtyre-k66\/"]}]},{"@type":"ImageObject","inLanguage":"es","@id":"https:\/\/www.chinakingtyre.com\/product\/adv-tires-kingtyre-k66\/#primaryimage","url":"https:\/\/www.chinakingtyre.com\/wp-content\/uploads\/2025\/08\/Kingtyre-K66-ADV-Tires.png","contentUrl":"https:\/\/www.chinakingtyre.com\/wp-content\/uploads\/2025\/08\/Kingtyre-K66-ADV-Tires.png","width":800,"height":800,"caption":"Kingtyre-K66-ADV-Tires"},{"@type":"BreadcrumbList","@id":"https:\/\/www.chinakingtyre.com\/product\/adv-tires-kingtyre-k66\/#breadcrumb","itemListElement":[{"@type":"ListItem","position":1,"name":"Home","item":"https:\/\/www.chinakingtyre.com\/"},{"@type":"ListItem","position":2,"name":"Kingtyre Product List","item":"https:\/\/www.chinakingtyre.com\/kingtyre-product-list\/"},{"@type":"ListItem","position":3,"name":"Kingtyre K66 ADV Tires \u2013 The Ultimate 80\/20 Dual Sport Tires for Adventure Riders"}]},{"@type":"WebSite","@id":"https:\/\/www.chinakingtyre.com\/#website","url":"https:\/\/www.chinakingtyre.com\/","name":"KingTyre Fabricante profesional de neum\u00e1ticos para motocicletas","description":"","publisher":{"@id":"https:\/\/www.chinakingtyre.com\/#organization"},"potentialAction":[{"@type":"SearchAction","target":{"@type":"EntryPoint","urlTemplate":"https:\/\/www.chinakingtyre.com\/?s={search_term_string}"},"query-input":{"@type":"PropertyValueSpecification","valueRequired":true,"valueName":"search_term_string"}}],"inLanguage":"es"},{"@type":"Organization","@id":"https:\/\/www.chinakingtyre.com\/#organization","name":"TIANJIN KINGTYRE GROUP CO.,LTD","url":"https:\/\/www.chinakingtyre.com\/","logo":{"@type":"ImageObject","inLanguage":"es","@id":"https:\/\/www.chinakingtyre.com\/#\/schema\/logo\/image\/","url":"https:\/\/www.chinakingtyre.com\/wp-content\/uploads\/2025\/07\/LOGO.png","contentUrl":"https:\/\/www.chinakingtyre.com\/wp-content\/uploads\/2025\/07\/LOGO.png","width":870,"height":212,"caption":"TIANJIN KINGTYRE GROUP CO.,LTD"},"image":{"@id":"https:\/\/www.chinakingtyre.com\/#\/schema\/logo\/image\/"},"sameAs":["https:\/\/www.facebook.com\/ChinaKingTyre"]}]}},"_links":{"self":[{"href":"https:\/\/www.chinakingtyre.com\/es\/wp-json\/wp\/v2\/product\/463","targetHints":{"allow":["GET"]}}],"collection":[{"href":"https:\/\/www.chinakingtyre.com\/es\/wp-json\/wp\/v2\/product"}],"about":[{"href":"https:\/\/www.chinakingtyre.com\/es\/wp-json\/wp\/v2\/types\/product"}],"replies":[{"embeddable":true,"href":"https:\/\/www.chinakingtyre.com\/es\/wp-json\/wp\/v2\/comments?post=463"}],"wp:featuredmedia":[{"embeddable":true,"href":"https:\/\/www.chinakingtyre.com\/es\/wp-json\/wp\/v2\/media\/468"}],"wp:attachment":[{"href":"https:\/\/www.chinakingtyre.com\/es\/wp-json\/wp\/v2\/media?parent=463"}],"curies":[{"name":"wp","href":"https:\/\/api.w.org\/{rel}","templated":true}]}}