{"id":486,"date":"2025-08-21T03:11:17","date_gmt":"2025-08-21T03:11:17","guid":{"rendered":"https:\/\/www.chinakingtyre.com\/?post_type=product&#038;p=486"},"modified":"2025-08-21T06:14:06","modified_gmt":"2025-08-21T06:14:06","slug":"neumaticos-dirt-bike-kingtyre-k82","status":"publish","type":"product","link":"https:\/\/www.chinakingtyre.com\/es\/producto\/neumaticos-dirt-bike-kingtyre-k82\/","title":{"rendered":"Neum\u00e1ticos Kingtyre K82 Dirt Bike - La mejor elecci\u00f3n para un rendimiento todoterreno extremo"},"content":{"rendered":"<h2><strong>Ventajas de los neum\u00e1ticos de moto todoterreno Kingtyre K82<\/strong><\/h2>\n<p>En <strong><a href=\"https:\/\/www.chinakingtyre.com\/es\/\">Kingtyre<\/a> Neum\u00e1ticos de moto de cross K82<\/strong> est\u00e1n dise\u00f1adas para pilotos que exigen el m\u00e1ximo agarre, durabilidad y estabilidad en los terrenos m\u00e1s dif\u00edciles. Con su <strong>dibujo de la banda de rodadura K82 de bloque profundo<\/strong>Este neum\u00e1tico ofrece una tracci\u00f3n superior en tierra suelta, barro, rocas y arena, lo que lo convierte en uno de los mejores neum\u00e1ticos del mercado. <strong>los mejores neum\u00e1ticos para el bosque<\/strong> y senderos t\u00e9cnicos.<\/p>\n<p>A diferencia de los <strong>neum\u00e1ticos para motocicletas todoterreno<\/strong>El modelo K82 incorpora tacos laterales reforzados para mejorar la estabilidad en las curvas y tecnolog\u00eda antideslizamiento que mejora la tracci\u00f3n al <strong>12% en comparaci\u00f3n con los neum\u00e1ticos de trail est\u00e1ndar para motos de cross<\/strong>. Adem\u00e1s, los surcos autolimpiantes de la banda de rodadura evitan la acumulaci\u00f3n de barro, garantizando un agarre constante incluso en condiciones h\u00famedas o arcillosas.<\/p>\n<p>El compuesto de caucho optimizado mejora la durabilidad, proporcionando a los pilotos <strong>20% mayor vida \u00fatil<\/strong> que muchos competidores <strong>neum\u00e1ticos de moto de cross con m\u00e1s agarre<\/strong>al tiempo que mantiene una excelente flexibilidad para los giros cerrados. Esta combinaci\u00f3n convierte al K82 en uno de los <strong>los mejores neum\u00e1ticos de moto de cross para trail<\/strong> y carreras mixtas todoterreno.<\/p>\n<p><img loading=\"lazy\" decoding=\"async\" class=\"aligncenter wp-image-487 size-full\" src=\"https:\/\/www.chinakingtyre.com\/wp-content\/uploads\/2025\/08\/kingtyre-k82-dirt-bike-tires-tread.jpg\" alt=\"Neum\u00e1ticos Kingtyre K82 para motos de cross con dibujo agresivo para conducci\u00f3n todoterreno\" width=\"1678\" height=\"794\" srcset=\"https:\/\/www.chinakingtyre.com\/wp-content\/uploads\/2025\/08\/kingtyre-k82-dirt-bike-tires-tread.jpg 1678w, https:\/\/www.chinakingtyre.com\/wp-content\/uploads\/2025\/08\/kingtyre-k82-dirt-bike-tires-tread-300x142.jpg 300w, https:\/\/www.chinakingtyre.com\/wp-content\/uploads\/2025\/08\/kingtyre-k82-dirt-bike-tires-tread-1024x485.jpg 1024w, https:\/\/www.chinakingtyre.com\/wp-content\/uploads\/2025\/08\/kingtyre-k82-dirt-bike-tires-tread-768x363.jpg 768w, https:\/\/www.chinakingtyre.com\/wp-content\/uploads\/2025\/08\/kingtyre-k82-dirt-bike-tires-tread-1536x727.jpg 1536w, https:\/\/www.chinakingtyre.com\/wp-content\/uploads\/2025\/08\/kingtyre-k82-dirt-bike-tires-tread-18x9.jpg 18w, https:\/\/www.chinakingtyre.com\/wp-content\/uploads\/2025\/08\/kingtyre-k82-dirt-bike-tires-tread-600x284.jpg 600w\" sizes=\"auto, (max-width: 1678px) 100vw, 1678px\" \/><\/p>\n<hr class=\"yoast-text-mark\" \/>\n<h2><strong>Tama\u00f1os disponibles de neum\u00e1ticos Kingtyre K82 Dirt Bike<\/strong><\/h2>\n<p>La gama K82 est\u00e1 disponible en m\u00faltiples configuraciones para adaptarse tanto a las ruedas delanteras como a las traseras, lo que ofrece una amplia compatibilidad con las modernas motos de cross y enduro:<\/p>\n<ul>\n<li><strong>Delante:<\/strong> 90\/90R21 | 120\/70R19<\/li>\n<li><strong>Atr\u00e1s:<\/strong> 140\/80R18 | 150\/70R17 | 150\/70R18 | 170\/60R17<\/li>\n<\/ul>\n<p>Esta amplia selecci\u00f3n garantiza que los motoristas puedan encontrar el <strong>mejor neum\u00e1tico todoterreno para motocicletas<\/strong> que se adapte a la configuraci\u00f3n de su moto, desde los modelos ligeros de enduro hasta las m\u00e1quinas de competici\u00f3n de alta resistencia para el desierto.<\/p>\n<p><img loading=\"lazy\" decoding=\"async\" class=\"aligncenter wp-image-488 size-full\" src=\"https:\/\/www.chinakingtyre.com\/wp-content\/uploads\/2025\/08\/kingtyre-k82-off-road-motorcycle-tires-mounted.jpg\" alt=\"Neum\u00e1ticos Kingtyre K82 montados en moto todoterreno\" width=\"1678\" height=\"794\" srcset=\"https:\/\/www.chinakingtyre.com\/wp-content\/uploads\/2025\/08\/kingtyre-k82-off-road-motorcycle-tires-mounted.jpg 1678w, https:\/\/www.chinakingtyre.com\/wp-content\/uploads\/2025\/08\/kingtyre-k82-off-road-motorcycle-tires-mounted-300x142.jpg 300w, https:\/\/www.chinakingtyre.com\/wp-content\/uploads\/2025\/08\/kingtyre-k82-off-road-motorcycle-tires-mounted-1024x485.jpg 1024w, https:\/\/www.chinakingtyre.com\/wp-content\/uploads\/2025\/08\/kingtyre-k82-off-road-motorcycle-tires-mounted-768x363.jpg 768w, https:\/\/www.chinakingtyre.com\/wp-content\/uploads\/2025\/08\/kingtyre-k82-off-road-motorcycle-tires-mounted-1536x727.jpg 1536w, https:\/\/www.chinakingtyre.com\/wp-content\/uploads\/2025\/08\/kingtyre-k82-off-road-motorcycle-tires-mounted-18x9.jpg 18w, https:\/\/www.chinakingtyre.com\/wp-content\/uploads\/2025\/08\/kingtyre-k82-off-road-motorcycle-tires-mounted-600x284.jpg 600w\" sizes=\"auto, (max-width: 1678px) 100vw, 1678px\" \/><\/p>\n<hr \/>\n<h2>F\u00e1brica de neum\u00e1ticos Kingtyre para motocicletas todoterreno<\/h2>\n<p>Kingtyre es uno de los principales <strong>neum\u00e1ticos para motocicletas todoterreno<\/strong> f\u00e1brica y una de las m\u00e1s avanzadas <strong>fabricantes de neum\u00e1ticos para motos de cross<\/strong> en Asia. Nuestra f\u00e1brica integra maquinaria europea de vanguardia con l\u00edneas de producci\u00f3n con certificaci\u00f3n ISO para garantizar una calidad de primera clase.<\/p>\n<p>De confianza <strong>Fabricantes de neum\u00e1ticos MC<\/strong>Kingtyre ha invertido en un centro de I+D de \u00faltima generaci\u00f3n donde los ingenieros prueban los compuestos en condiciones extremas. El K82 es un producto de esta innovaci\u00f3n, dise\u00f1ado espec\u00edficamente para satisfacer las necesidades de los pilotos profesionales de motocross, trail y enduro de todo el mundo.<\/p>\n<hr \/>\n<h2><strong>10 puntos d\u00e9biles en los neum\u00e1ticos de dirt bike y c\u00f3mo Kingtyre los resuelve<\/strong><\/h2>\n<ol>\n<li><strong>Desgaste r\u00e1pido en senderos rocosos<\/strong> \u2192 El compuesto reforzado del K82 prolonga la vida \u00fatil del neum\u00e1tico en 20%.<\/li>\n<li><strong>Poco agarre en el barro<\/strong> \u2192 Los profundos canales autolimpiantes de la banda de rodadura maximizan la evacuaci\u00f3n del barro.<\/li>\n<li><strong>P\u00e9rdida de tracci\u00f3n en la arena<\/strong> \u2192 La huella m\u00e1s ancha proporciona una flotaci\u00f3n superior.<\/li>\n<li><strong>Pinchazos en los flancos<\/strong> \u2192 El refuerzo extra protege contra los cortes.<\/li>\n<li><strong>Sobrecalentamiento durante la conducci\u00f3n en el desierto<\/strong> \u2192 El compuesto resistente al calor mantiene la estabilidad.<\/li>\n<li><strong>Dificultad en las curvas<\/strong> \u2192 Los agresivos tacos laterales mejoran el agarre en curva en 15%.<\/li>\n<li><strong>Frenado inestable en superficies mojadas<\/strong> \u2192 La separaci\u00f3n optimizada entre bloques mejora el frenado sobre mojado.<\/li>\n<li><strong>Manipulaci\u00f3n pesada en bosques<\/strong> \u2192 La carcasa ligera mejora la maniobrabilidad.<\/li>\n<li><strong>Agarre impredecible en terrenos mixtos<\/strong> \u2192 K82 est\u00e1 dise\u00f1ado como el <strong>los mejores neum\u00e1ticos de moto todoterreno para circular fuera de la carretera<\/strong>.<\/li>\n<li><strong>Disponibilidad limitada de tallas<\/strong> \u2192 Kingtyre K82 ofrece amplias opciones de tama\u00f1o delantero y trasero.<\/li>\n<\/ol>\n<p><img loading=\"lazy\" decoding=\"async\" class=\"aligncenter wp-image-489 size-full\" src=\"https:\/\/www.chinakingtyre.com\/wp-content\/uploads\/2025\/08\/kingtyre-dirt-bike-tires-factory.jpg\" alt=\"Proceso de inspecci\u00f3n en f\u00e1brica de los neum\u00e1ticos Kingtyre para motocicletas todoterreno\" width=\"1678\" height=\"794\" srcset=\"https:\/\/www.chinakingtyre.com\/wp-content\/uploads\/2025\/08\/kingtyre-dirt-bike-tires-factory.jpg 1678w, https:\/\/www.chinakingtyre.com\/wp-content\/uploads\/2025\/08\/kingtyre-dirt-bike-tires-factory-300x142.jpg 300w, https:\/\/www.chinakingtyre.com\/wp-content\/uploads\/2025\/08\/kingtyre-dirt-bike-tires-factory-1024x485.jpg 1024w, https:\/\/www.chinakingtyre.com\/wp-content\/uploads\/2025\/08\/kingtyre-dirt-bike-tires-factory-768x363.jpg 768w, https:\/\/www.chinakingtyre.com\/wp-content\/uploads\/2025\/08\/kingtyre-dirt-bike-tires-factory-1536x727.jpg 1536w, https:\/\/www.chinakingtyre.com\/wp-content\/uploads\/2025\/08\/kingtyre-dirt-bike-tires-factory-18x9.jpg 18w, https:\/\/www.chinakingtyre.com\/wp-content\/uploads\/2025\/08\/kingtyre-dirt-bike-tires-factory-600x284.jpg 600w\" sizes=\"auto, (max-width: 1678px) 100vw, 1678px\" \/><\/p>\n<hr \/>\n<h2><strong>La soluci\u00f3n de Kingtyre para los motoristas todoterreno<\/strong><\/h2>\n<p>Mediante la combinaci\u00f3n de una innovadora ingenier\u00eda de la banda de rodadura, compuestos de caucho avanzados y una fabricaci\u00f3n de precisi\u00f3n, Kingtyre K82 se erige como uno de los <strong>los mejores neum\u00e1ticos de moto de cross para trail<\/strong> y carreras en el desierto. Tanto si los pilotos se enfrentan a bosques embarrados, senderos rocosos o dunas arenosas, el K82 garantiza una durabilidad, agarre y estabilidad inigualables.<\/p>\n<h2><!-- notionvc: be0e3a35-5cae-400f-9467-f878ca50bb75 --><\/h2>\n<hr \/>\n<h2><\/h2>\n<h2><strong>Especificaciones t\u00e9cnicas de los neum\u00e1ticos Kingtyre K82 Dirt Bike<\/strong><\/h2>\n<table style=\"height: 256px;\" width=\"841\">\n<thead>\n<tr>\n<th><strong>Caracter\u00edstica<\/strong><\/th>\n<th><strong>Especificaci\u00f3n<\/strong><\/th>\n<\/tr>\n<\/thead>\n<tbody>\n<tr>\n<td>Dibujo de la banda de rodadura<\/td>\n<td>K82 Off-road bloque profundo<\/td>\n<\/tr>\n<tr>\n<td>Tama\u00f1os disponibles<\/td>\n<td>Delanteros: 90\/90R21, 120\/70R19 \/ Traseros: 140\/80R18, 150\/70R17, 150\/70R18, 170\/60R17<\/td>\n<\/tr>\n<tr>\n<td>Compuesto<\/td>\n<td>Mezcla de caucho todoterreno de alta resistencia<\/td>\n<\/tr>\n<tr>\n<td>Construcci\u00f3n<\/td>\n<td>Carcasa reforzada de varias capas<\/td>\n<\/tr>\n<tr>\n<td>Rendimiento<\/td>\n<td>Tracci\u00f3n mejorada, mayor durabilidad, antideslizamiento en curvas<\/td>\n<\/tr>\n<tr>\n<td>Mejor uso<\/td>\n<td>Paseos por el bosque, carreras en el desierto, trail, competiciones de enduro<\/td>\n<\/tr>\n<\/tbody>\n<\/table>\n<hr \/>\n<h2><strong>FAQs - Preguntas frecuentes sobre neum\u00e1ticos de dirt bike<\/strong><\/h2>\n<p><strong>P1: \u00bfCu\u00e1l es el mejor neum\u00e1tico de moto de cross para circular por bosques?<\/strong><\/p>\n<p>A1: La Kingtyre K82 est\u00e1 optimizada para circular por bosques y senderos con un excelente agarre y distancia al barro.<\/p>\n<p><strong>P2: \u00bfCon qu\u00e9 frecuencia debo cambiar el neum\u00e1tico de la moto de cross?<\/strong><\/p>\n<p>A2: Dependiendo del terreno, el K82 dura hasta <strong>3.500-5.000 km<\/strong>...unos 20% m\u00e1s larga que la media.<\/p>\n<p><strong>P3: \u00bfSon diferentes los neum\u00e1ticos de dirt bike de los de calle?<\/strong><\/p>\n<p>A3: S\u00ed, los neum\u00e1ticos de moto de cross como el K82 utilizan una banda de rodadura m\u00e1s profunda y compuestos m\u00e1s blandos para la tracci\u00f3n fuera de carretera.<\/p>\n<p><strong>P4: \u00bfQu\u00e9 neum\u00e1ticos de moto de cross funcionan mejor en el barro?<\/strong><\/p>\n<p>A4: La amplia separaci\u00f3n entre bloques del K82 evita la acumulaci\u00f3n de barro, por lo que resulta ideal.<\/p>\n<p><strong>P5: \u00bfSe pueden utilizar neum\u00e1ticos de motocross en carretera?<\/strong><\/p>\n<p>A5: Son principalmente off-road pero los tramos cortos de carretera son manejables.<\/p>\n<p><strong>P6: \u00bfQu\u00e9 tama\u00f1o de neum\u00e1tico de moto de cross se adapta a una moto trail de 250 cc?<\/strong><\/p>\n<p>A6: Com\u00fanmente 90\/90R21 delante y 140\/80R18 detr\u00e1s en la gama K82.<\/p>\n<p><strong>P7: \u00bfLos neum\u00e1ticos de moto de cross con m\u00e1s agarre se desgastan m\u00e1s r\u00e1pido?<\/strong><\/p>\n<p>A7: Normalmente s\u00ed, pero K82 equilibra el agarre y el desgaste con un compuesto reforzado.<\/p>\n<p><strong>P8: \u00bfCu\u00e1l es la mejor opci\u00f3n de neum\u00e1tico para pit bike?<\/strong><\/p>\n<p>A8: Kingtyre ofrece varios modelos de neum\u00e1ticos para pit bike, y el K82 se adapta a algunos cuadros peque\u00f1os.<\/p>\n<p><strong>P9: \u00bfSon buenos los neum\u00e1ticos K82 para las carreras en el desierto?<\/strong><\/p>\n<p>A9: S\u00ed, son una de las <strong>los mejores neum\u00e1ticos de moto todoterreno para la conducci\u00f3n off-road en el desierto<\/strong>.<\/p>\n<p><strong>P10: \u00bfC\u00f3mo elegir el mejor neum\u00e1tico de moto de cross para trail?<\/strong><\/p>\n<p>A10: Centrarse en el dise\u00f1o de la banda de rodadura, el compuesto y la durabilidad. K82 satisface todas estas necesidades.<\/p>\n<p><!-- notionvc: aa10aae8-eecf-4170-908a-6122a4d0eb59 --><\/p>\n<hr \/>\n<p><a href=\"https:\/\/www.facebook.com\/ChinaKingTyre\">S\u00edguenos en Facebook<\/a><\/p>\n<p><!-- notionvc: 8b30d33d-c5a2-407d-b1b9-6e138ecbee72 --><\/p>","protected":false},"excerpt":{"rendered":"<p>Descubra los neum\u00e1ticos de moto de cross Kingtyre K82. Dise\u00f1ados para ofrecer el m\u00e1ximo agarre, durabilidad y estabilidad en bosques, senderos y desierto. Disponible en m\u00faltiples tama\u00f1os.<!-- notionvc: fdcfd373-0e58-4c3b-8075-7a6c6f0d04d9 --><\/p>","protected":false},"featured_media":490,"comment_status":"open","ping_status":"closed","template":"","meta":[],"class_list":{"0":"post-486","1":"product","2":"type-product","3":"status-publish","4":"has-post-thumbnail","6":"product_cat-off-road-motorcycle-tires","7":"product_tag-120-70r19-motorcycle-tires","8":"product_tag-140-80r18-motorcycle-tires","9":"product_tag-150-70r17-motorcycle-tires","10":"product_tag-150-70r18-motorcycle-tires","11":"product_tag-170-60r17-motorcycle-tires","12":"product_tag-90-90r21-motorcycle-tires","13":"product_tag-all-terrain-dirt-bike-tires","14":"product_tag-best-all-terrain-motorcycle-off-road-tire","15":"product_tag-best-all-terrain-motorcycle-tires-for-off-road-desert-riding","16":"product_tag-best-dirt-bike-tire-for-trail-riding","17":"product_tag-best-dirt-bike-tire-for-woods-riding","18":"product_tag-best-pit-bike-tires","19":"product_tag-desert-racing-motorcycle-tires","20":"product_tag-dirt-bike-tires","21":"product_tag-dirt-bike-tires-manufacturers","22":"product_tag-dirt-bike-tires-with-more-grip","23":"product_tag-dirt-bike-trail-tires","24":"product_tag-dual-sport-dirt-bike-tires","25":"product_tag-enduro-dirt-bike-tires","26":"product_tag-kingtyre-k82","27":"product_tag-mc-tires-manufacturers","28":"product_tag-motocross-dirt-bike-tires","29":"product_tag-mud-terrain-motorcycle-tires","30":"product_tag-off-road-motorcycle-tires","31":"product_tag-off-road-motorcycle-tires-factory","32":"product_tag-off-road-tires","33":"product_tag-woods-riding-dirt-bike-tires","35":"first","36":"instock","37":"shipping-taxable","38":"product-type-simple"},"yoast_head":"<!-- This site is optimized with the Yoast SEO Premium plugin v25.1 (Yoast SEO v25.1) - https:\/\/yoast.com\/wordpress\/plugins\/seo\/ -->\n<title>Kingtyre K82 Dirt Bike Tires \u2013 Best Off-road Motorcycle Tires for Trail &amp; Desert Riding<\/title>\n<meta name=\"description\" content=\"Discover the Kingtyre K82 dirt bike tires. Engineered for maximum grip, durability, and stability in woods, trails, and desert riding. Available in multiple sizes.\" \/>\n<meta name=\"robots\" content=\"index, follow, max-snippet:-1, max-image-preview:large, max-video-preview:-1\" \/>\n<link rel=\"canonical\" href=\"https:\/\/www.chinakingtyre.com\/es\/producto\/neumaticos-dirt-bike-kingtyre-k82\/\" \/>\n<meta property=\"og:locale\" content=\"es_ES\" \/>\n<meta property=\"og:type\" content=\"article\" \/>\n<meta property=\"og:title\" content=\"Kingtyre K82 Dirt Bike Tires \u2013 The Best Choice for Extreme Off-Road Performance\" \/>\n<meta property=\"og:description\" content=\"Discover the Kingtyre K82 dirt bike tires. Engineered for maximum grip, durability, and stability in woods, trails, and desert riding. Available in multiple sizes.\" \/>\n<meta property=\"og:url\" content=\"https:\/\/www.chinakingtyre.com\/es\/producto\/neumaticos-dirt-bike-kingtyre-k82\/\" \/>\n<meta property=\"og:site_name\" content=\"KingTyre Professional motorcycle tire manufacturer\" \/>\n<meta property=\"article:publisher\" content=\"https:\/\/www.facebook.com\/ChinaKingTyre\" \/>\n<meta property=\"article:modified_time\" content=\"2025-08-21T06:14:06+00:00\" \/>\n<meta property=\"og:image\" content=\"https:\/\/www.chinakingtyre.com\/wp-content\/uploads\/2025\/08\/Kingtyre-K82-dirt-bike-tires.jpg\" \/>\n\t<meta property=\"og:image:width\" content=\"800\" \/>\n\t<meta property=\"og:image:height\" content=\"800\" \/>\n\t<meta property=\"og:image:type\" content=\"image\/jpeg\" \/>\n<meta name=\"twitter:card\" content=\"summary_large_image\" \/>\n<meta name=\"twitter:label1\" content=\"Tiempo de lectura\" \/>\n\t<meta name=\"twitter:data1\" content=\"5 minutos\" \/>\n<script type=\"application\/ld+json\" class=\"yoast-schema-graph\">{\"@context\":\"https:\/\/schema.org\",\"@graph\":[{\"@type\":\"WebPage\",\"@id\":\"https:\/\/www.chinakingtyre.com\/product\/dirt-bike-tires-kingtyre-k82\/\",\"url\":\"https:\/\/www.chinakingtyre.com\/product\/dirt-bike-tires-kingtyre-k82\/\",\"name\":\"Kingtyre K82 Dirt Bike Tires \u2013 Best Off-road Motorcycle Tires for Trail & Desert Riding\",\"isPartOf\":{\"@id\":\"https:\/\/www.chinakingtyre.com\/#website\"},\"primaryImageOfPage\":{\"@id\":\"https:\/\/www.chinakingtyre.com\/product\/dirt-bike-tires-kingtyre-k82\/#primaryimage\"},\"image\":{\"@id\":\"https:\/\/www.chinakingtyre.com\/product\/dirt-bike-tires-kingtyre-k82\/#primaryimage\"},\"thumbnailUrl\":\"https:\/\/www.chinakingtyre.com\/wp-content\/uploads\/2025\/08\/Kingtyre-K82-dirt-bike-tires.jpg\",\"datePublished\":\"2025-08-21T03:11:17+00:00\",\"dateModified\":\"2025-08-21T06:14:06+00:00\",\"description\":\"Discover the Kingtyre K82 dirt bike tires. Engineered for maximum grip, durability, and stability in woods, trails, and desert riding. Available in multiple sizes.\",\"breadcrumb\":{\"@id\":\"https:\/\/www.chinakingtyre.com\/product\/dirt-bike-tires-kingtyre-k82\/#breadcrumb\"},\"inLanguage\":\"es\",\"potentialAction\":[{\"@type\":\"ReadAction\",\"target\":[\"https:\/\/www.chinakingtyre.com\/product\/dirt-bike-tires-kingtyre-k82\/\"]}]},{\"@type\":\"ImageObject\",\"inLanguage\":\"es\",\"@id\":\"https:\/\/www.chinakingtyre.com\/product\/dirt-bike-tires-kingtyre-k82\/#primaryimage\",\"url\":\"https:\/\/www.chinakingtyre.com\/wp-content\/uploads\/2025\/08\/Kingtyre-K82-dirt-bike-tires.jpg\",\"contentUrl\":\"https:\/\/www.chinakingtyre.com\/wp-content\/uploads\/2025\/08\/Kingtyre-K82-dirt-bike-tires.jpg\",\"width\":800,\"height\":800},{\"@type\":\"BreadcrumbList\",\"@id\":\"https:\/\/www.chinakingtyre.com\/product\/dirt-bike-tires-kingtyre-k82\/#breadcrumb\",\"itemListElement\":[{\"@type\":\"ListItem\",\"position\":1,\"name\":\"Home\",\"item\":\"https:\/\/www.chinakingtyre.com\/\"},{\"@type\":\"ListItem\",\"position\":2,\"name\":\"Kingtyre Product List\",\"item\":\"https:\/\/www.chinakingtyre.com\/kingtyre-product-list\/\"},{\"@type\":\"ListItem\",\"position\":3,\"name\":\"Kingtyre K82 Dirt Bike Tires \u2013 The Best Choice for Extreme Off-Road Performance\"}]},{\"@type\":\"WebSite\",\"@id\":\"https:\/\/www.chinakingtyre.com\/#website\",\"url\":\"https:\/\/www.chinakingtyre.com\/\",\"name\":\"KingTyre Professional motorcycle tire manufacturer\",\"description\":\"\",\"publisher\":{\"@id\":\"https:\/\/www.chinakingtyre.com\/#organization\"},\"potentialAction\":[{\"@type\":\"SearchAction\",\"target\":{\"@type\":\"EntryPoint\",\"urlTemplate\":\"https:\/\/www.chinakingtyre.com\/?s={search_term_string}\"},\"query-input\":{\"@type\":\"PropertyValueSpecification\",\"valueRequired\":true,\"valueName\":\"search_term_string\"}}],\"inLanguage\":\"es\"},{\"@type\":\"Organization\",\"@id\":\"https:\/\/www.chinakingtyre.com\/#organization\",\"name\":\"TIANJIN KINGTYRE GROUP CO.,LTD\",\"url\":\"https:\/\/www.chinakingtyre.com\/\",\"logo\":{\"@type\":\"ImageObject\",\"inLanguage\":\"es\",\"@id\":\"https:\/\/www.chinakingtyre.com\/#\/schema\/logo\/image\/\",\"url\":\"https:\/\/www.chinakingtyre.com\/wp-content\/uploads\/2025\/07\/LOGO.png\",\"contentUrl\":\"https:\/\/www.chinakingtyre.com\/wp-content\/uploads\/2025\/07\/LOGO.png\",\"width\":870,\"height\":212,\"caption\":\"TIANJIN KINGTYRE GROUP CO.,LTD\"},\"image\":{\"@id\":\"https:\/\/www.chinakingtyre.com\/#\/schema\/logo\/image\/\"},\"sameAs\":[\"https:\/\/www.facebook.com\/ChinaKingTyre\"]}]}<\/script>\n<!-- \/ Yoast SEO Premium plugin. -->","yoast_head_json":{"title":"Neum\u00e1ticos Kingtyre K82 Dirt Bike - Los mejores neum\u00e1ticos todoterreno para Trail y Desierto","description":"Descubra los neum\u00e1ticos de moto de cross Kingtyre K82. Dise\u00f1ados para ofrecer el m\u00e1ximo agarre, durabilidad y estabilidad en bosques, senderos y desierto. Disponible en m\u00faltiples tama\u00f1os.","robots":{"index":"index","follow":"follow","max-snippet":"max-snippet:-1","max-image-preview":"max-image-preview:large","max-video-preview":"max-video-preview:-1"},"canonical":"https:\/\/www.chinakingtyre.com\/es\/producto\/neumaticos-dirt-bike-kingtyre-k82\/","og_locale":"es_ES","og_type":"article","og_title":"Kingtyre K82 Dirt Bike Tires \u2013 The Best Choice for Extreme Off-Road Performance","og_description":"Discover the Kingtyre K82 dirt bike tires. Engineered for maximum grip, durability, and stability in woods, trails, and desert riding. Available in multiple sizes.","og_url":"https:\/\/www.chinakingtyre.com\/es\/producto\/neumaticos-dirt-bike-kingtyre-k82\/","og_site_name":"KingTyre Professional motorcycle tire manufacturer","article_publisher":"https:\/\/www.facebook.com\/ChinaKingTyre","article_modified_time":"2025-08-21T06:14:06+00:00","og_image":[{"width":800,"height":800,"url":"https:\/\/www.chinakingtyre.com\/wp-content\/uploads\/2025\/08\/Kingtyre-K82-dirt-bike-tires.jpg","type":"image\/jpeg"}],"twitter_card":"summary_large_image","twitter_misc":{"Tiempo de lectura":"5 minutos"},"schema":{"@context":"https:\/\/schema.org","@graph":[{"@type":"WebPage","@id":"https:\/\/www.chinakingtyre.com\/product\/dirt-bike-tires-kingtyre-k82\/","url":"https:\/\/www.chinakingtyre.com\/product\/dirt-bike-tires-kingtyre-k82\/","name":"Neum\u00e1ticos Kingtyre K82 Dirt Bike - Los mejores neum\u00e1ticos todoterreno para Trail y Desierto","isPartOf":{"@id":"https:\/\/www.chinakingtyre.com\/#website"},"primaryImageOfPage":{"@id":"https:\/\/www.chinakingtyre.com\/product\/dirt-bike-tires-kingtyre-k82\/#primaryimage"},"image":{"@id":"https:\/\/www.chinakingtyre.com\/product\/dirt-bike-tires-kingtyre-k82\/#primaryimage"},"thumbnailUrl":"https:\/\/www.chinakingtyre.com\/wp-content\/uploads\/2025\/08\/Kingtyre-K82-dirt-bike-tires.jpg","datePublished":"2025-08-21T03:11:17+00:00","dateModified":"2025-08-21T06:14:06+00:00","description":"Descubra los neum\u00e1ticos de moto de cross Kingtyre K82. Dise\u00f1ados para ofrecer el m\u00e1ximo agarre, durabilidad y estabilidad en bosques, senderos y desierto. Disponible en m\u00faltiples tama\u00f1os.","breadcrumb":{"@id":"https:\/\/www.chinakingtyre.com\/product\/dirt-bike-tires-kingtyre-k82\/#breadcrumb"},"inLanguage":"es","potentialAction":[{"@type":"ReadAction","target":["https:\/\/www.chinakingtyre.com\/product\/dirt-bike-tires-kingtyre-k82\/"]}]},{"@type":"ImageObject","inLanguage":"es","@id":"https:\/\/www.chinakingtyre.com\/product\/dirt-bike-tires-kingtyre-k82\/#primaryimage","url":"https:\/\/www.chinakingtyre.com\/wp-content\/uploads\/2025\/08\/Kingtyre-K82-dirt-bike-tires.jpg","contentUrl":"https:\/\/www.chinakingtyre.com\/wp-content\/uploads\/2025\/08\/Kingtyre-K82-dirt-bike-tires.jpg","width":800,"height":800},{"@type":"BreadcrumbList","@id":"https:\/\/www.chinakingtyre.com\/product\/dirt-bike-tires-kingtyre-k82\/#breadcrumb","itemListElement":[{"@type":"ListItem","position":1,"name":"Home","item":"https:\/\/www.chinakingtyre.com\/"},{"@type":"ListItem","position":2,"name":"Kingtyre Product List","item":"https:\/\/www.chinakingtyre.com\/kingtyre-product-list\/"},{"@type":"ListItem","position":3,"name":"Kingtyre K82 Dirt Bike Tires \u2013 The Best Choice for Extreme Off-Road Performance"}]},{"@type":"WebSite","@id":"https:\/\/www.chinakingtyre.com\/#website","url":"https:\/\/www.chinakingtyre.com\/","name":"KingTyre Fabricante profesional de neum\u00e1ticos para motocicletas","description":"","publisher":{"@id":"https:\/\/www.chinakingtyre.com\/#organization"},"potentialAction":[{"@type":"SearchAction","target":{"@type":"EntryPoint","urlTemplate":"https:\/\/www.chinakingtyre.com\/?s={search_term_string}"},"query-input":{"@type":"PropertyValueSpecification","valueRequired":true,"valueName":"search_term_string"}}],"inLanguage":"es"},{"@type":"Organization","@id":"https:\/\/www.chinakingtyre.com\/#organization","name":"TIANJIN KINGTYRE GROUP CO.,LTD","url":"https:\/\/www.chinakingtyre.com\/","logo":{"@type":"ImageObject","inLanguage":"es","@id":"https:\/\/www.chinakingtyre.com\/#\/schema\/logo\/image\/","url":"https:\/\/www.chinakingtyre.com\/wp-content\/uploads\/2025\/07\/LOGO.png","contentUrl":"https:\/\/www.chinakingtyre.com\/wp-content\/uploads\/2025\/07\/LOGO.png","width":870,"height":212,"caption":"TIANJIN KINGTYRE GROUP CO.,LTD"},"image":{"@id":"https:\/\/www.chinakingtyre.com\/#\/schema\/logo\/image\/"},"sameAs":["https:\/\/www.facebook.com\/ChinaKingTyre"]}]}},"_links":{"self":[{"href":"https:\/\/www.chinakingtyre.com\/es\/wp-json\/wp\/v2\/product\/486","targetHints":{"allow":["GET"]}}],"collection":[{"href":"https:\/\/www.chinakingtyre.com\/es\/wp-json\/wp\/v2\/product"}],"about":[{"href":"https:\/\/www.chinakingtyre.com\/es\/wp-json\/wp\/v2\/types\/product"}],"replies":[{"embeddable":true,"href":"https:\/\/www.chinakingtyre.com\/es\/wp-json\/wp\/v2\/comments?post=486"}],"wp:featuredmedia":[{"embeddable":true,"href":"https:\/\/www.chinakingtyre.com\/es\/wp-json\/wp\/v2\/media\/490"}],"wp:attachment":[{"href":"https:\/\/www.chinakingtyre.com\/es\/wp-json\/wp\/v2\/media?parent=486"}],"curies":[{"name":"wp","href":"https:\/\/api.w.org\/{rel}","templated":true}]}}