{"id":491,"date":"2025-08-21T08:58:44","date_gmt":"2025-08-21T08:58:44","guid":{"rendered":"https:\/\/www.chinakingtyre.com\/?post_type=product&#038;p=491"},"modified":"2025-08-21T08:58:47","modified_gmt":"2025-08-21T08:58:47","slug":"neumaticos-moto-off-road-k81-k83-kingtyre","status":"publish","type":"product","link":"https:\/\/www.chinakingtyre.com\/es\/producto\/neumaticos-moto-off-road-k81-k83-kingtyre\/","title":{"rendered":"Neum\u00e1ticos Kingtyre K81 y K83 para motocicletas todoterreno: Construidos para la aventura extrema"},"content":{"rendered":"<p><strong>\u00a0<img loading=\"lazy\" decoding=\"async\" class=\"aligncenter wp-image-493 size-full\" src=\"https:\/\/www.chinakingtyre.com\/wp-content\/uploads\/2025\/08\/kingtyre-k81-k83-offroad-motorcycle-tires.jpg\" alt=\"Neum\u00e1ticos Kingtyre K81 y K83 para motocicletas todoterreno de aventura\" width=\"1678\" height=\"794\" srcset=\"https:\/\/www.chinakingtyre.com\/wp-content\/uploads\/2025\/08\/kingtyre-k81-k83-offroad-motorcycle-tires.jpg 1678w, https:\/\/www.chinakingtyre.com\/wp-content\/uploads\/2025\/08\/kingtyre-k81-k83-offroad-motorcycle-tires-300x142.jpg 300w, https:\/\/www.chinakingtyre.com\/wp-content\/uploads\/2025\/08\/kingtyre-k81-k83-offroad-motorcycle-tires-1024x485.jpg 1024w, https:\/\/www.chinakingtyre.com\/wp-content\/uploads\/2025\/08\/kingtyre-k81-k83-offroad-motorcycle-tires-768x363.jpg 768w, https:\/\/www.chinakingtyre.com\/wp-content\/uploads\/2025\/08\/kingtyre-k81-k83-offroad-motorcycle-tires-1536x727.jpg 1536w, https:\/\/www.chinakingtyre.com\/wp-content\/uploads\/2025\/08\/kingtyre-k81-k83-offroad-motorcycle-tires-18x9.jpg 18w, https:\/\/www.chinakingtyre.com\/wp-content\/uploads\/2025\/08\/kingtyre-k81-k83-offroad-motorcycle-tires-600x284.jpg 600w\" sizes=\"auto, (max-width: 1678px) 100vw, 1678px\" \/>]<\/strong><\/p>\n<hr \/>\n<h2><strong>Neum\u00e1ticos para motocicletas todoterreno K81 y K83 - Innovative Tread Engineering<\/strong><\/h2>\n<p>En <strong><a href=\"https:\/\/www.chinakingtyre.com\/es\/\">Kingtyre<\/a> Neum\u00e1ticos para motocicletas todoterreno K81 y K83<\/strong> se han dise\u00f1ado espec\u00edficamente para pilotos que exigen un rendimiento superior en condiciones extremas. Con <strong>tacos de tacos profundos<\/strong>estos neum\u00e1ticos ofrecen <strong>tracci\u00f3n excepcional<\/strong> en barro, grava, tierra suelta, senderos rocosos y terrenos forestales. Su exclusiva geometr\u00eda de la banda de rodadura soporta <strong>autolimpieza eficaz<\/strong>Las ranuras est\u00e1n dise\u00f1adas para evitar que el barro o las piedras obstruyan los surcos, garantizando un agarre ininterrumpido incluso en los entornos de conducci\u00f3n m\u00e1s duros.<\/p>\n<hr \/>\n<h2><strong>Estructura reforzada del neum\u00e1tico<\/strong><\/h2>\n<p>Fabricado con <strong>construcci\u00f3n de carcasa multicapa<\/strong>estos neum\u00e1ticos proporcionan <strong>mayor estabilidad y resistencia<\/strong>. En <strong>paredes laterales reforzadas<\/strong> ofrecen una protecci\u00f3n superior contra pinchazos, desgarros y cortes, una caracter\u00edstica esencial para los pilotos de trail agresivos y los corredores de enduro. La carcasa reforzada tambi\u00e9n contribuye a <strong>absorci\u00f3n de impactos<\/strong>Reduciendo la fatiga del conductor al circular por terrenos rocosos o irregulares.<\/p>\n<hr \/>\n<h2><strong>Tecnolog\u00eda avanzada de compuestos de caucho<\/strong><\/h2>\n<p>En el <strong>F\u00e1brica de neum\u00e1ticos para motocicletas Kingtyre<\/strong>se utiliza una formulaci\u00f3n exclusiva de caucho para combinar <strong>resistencia a la abrasi\u00f3n<\/strong> con <strong>flexibilidad bajo presi\u00f3n<\/strong>. Los compuestos K81 y K83 se infunden con <strong>pol\u00edmeros resistentes al calor<\/strong>que permite un agarre consistente y <strong>mayor vida \u00fatil de la banda de rodadura<\/strong> durante recorridos de larga distancia o de alta intensidad. Esto garantiza que los ciclistas se beneficien tanto de <strong>longevidad y adaptabilidad de alto rendimiento<\/strong> en condiciones todoterreno variables.<\/p>\n<hr \/>\n<h2><strong>Neum\u00e1ticos de moto todoterreno K81 y K83 Tama\u00f1os disponibles<\/strong><\/h2>\n<ul>\n<li><strong>Delante:<\/strong> 90\/90R21<\/li>\n<li><strong>Atr\u00e1s:<\/strong> 100\/90R18, 110\/90R19<\/li>\n<\/ul>\n<hr \/>\n<h2><strong>F\u00e1brica de Kingtyre: Precisi\u00f3n en la fabricaci\u00f3n<\/strong><\/h2>\n<p>Cada <strong>Neum\u00e1tico Kingtyre para motocicletas todoterreno<\/strong> se fabrica en un <strong>instalaci\u00f3n de alta tecnolog\u00eda<\/strong> equipado con <strong>sistemas de curado informatizados, moldes de precisi\u00f3n y equipos de ensayo automatizados<\/strong>. Cada neum\u00e1tico se somete a <strong>estricto control de calidad<\/strong>Este meticuloso proceso de producci\u00f3n garantiza que la moto satisfaga las exigencias tanto de los pilotos profesionales como de los entusiastas del off-road. Este meticuloso proceso de producci\u00f3n garantiza que <strong>s\u00f3lo los neum\u00e1ticos de aventura de mayor calidad<\/strong> llegar al mercado.<\/p>\n<hr \/>\n<h2><strong>Desaf\u00edos de la conducci\u00f3n todoterreno<\/strong><\/h2>\n<p>Los pilotos de trail y dirt se encuentran a menudo con condiciones impredecibles: rocas irregulares, pistas de barro resbaladizo, cruces de agua repentinos o subidas arenosas. Sin los neum\u00e1ticos adecuados, estos obst\u00e1culos pueden provocar inestabilidad, fatiga del piloto o incluso accidentes graves.<\/p>\n<hr \/>\n<h2><strong>Por qu\u00e9 Kingtyre es la respuesta<\/strong><\/h2>\n<p>En <strong>Neum\u00e1ticos para motocicletas todoterreno K81 y K83<\/strong> ofrecen la confianza que los pilotos necesitan. Con sus <strong>estabilidad en curvas<\/strong>, <strong>agarre potente en terrenos sueltos<\/strong>y <strong>paredes laterales resistentes a los cortes<\/strong>transforman terrenos extremos en <strong>experiencias de conducci\u00f3n manejables<\/strong>. Tanto si explora <strong>pistas forestales, dunas des\u00e9rticas o puertos de monta\u00f1a<\/strong>Estos neum\u00e1ticos est\u00e1n dise\u00f1ados para soportarlo todo.<\/p>\n<hr \/>\n<h2><strong>Especificaciones t\u00e9cnicas<\/strong><\/h2>\n<ul>\n<li><strong>Profundidad de la banda de rodadura:<\/strong> Tacos profundos para autolimpieza y m\u00e1xima tracci\u00f3n<\/li>\n<li><strong>Carcasa:<\/strong> M\u00faltiples capas reforzadas para mayor durabilidad<\/li>\n<li><strong>Compuesto de caucho:<\/strong> Mezcla resistente al calor y a la abrasi\u00f3n<\/li>\n<li><strong>\u00c1mbito de aplicaci\u00f3n:<\/strong> 100% todoterreno, motocross y enduro<\/li>\n<\/ul>\n<p><img loading=\"lazy\" decoding=\"async\" class=\"aligncenter wp-image-494 size-full\" src=\"https:\/\/www.chinakingtyre.com\/wp-content\/uploads\/2025\/08\/kingtyre-offroad-technical-deta.jpg\" alt=\"Especificaciones t\u00e9cnicas de los neum\u00e1ticos de moto todoterreno Kingtyre K81 K83\" width=\"1678\" height=\"794\" srcset=\"https:\/\/www.chinakingtyre.com\/wp-content\/uploads\/2025\/08\/kingtyre-offroad-technical-deta.jpg 1678w, https:\/\/www.chinakingtyre.com\/wp-content\/uploads\/2025\/08\/kingtyre-offroad-technical-deta-300x142.jpg 300w, https:\/\/www.chinakingtyre.com\/wp-content\/uploads\/2025\/08\/kingtyre-offroad-technical-deta-1024x485.jpg 1024w, https:\/\/www.chinakingtyre.com\/wp-content\/uploads\/2025\/08\/kingtyre-offroad-technical-deta-768x363.jpg 768w, https:\/\/www.chinakingtyre.com\/wp-content\/uploads\/2025\/08\/kingtyre-offroad-technical-deta-1536x727.jpg 1536w, https:\/\/www.chinakingtyre.com\/wp-content\/uploads\/2025\/08\/kingtyre-offroad-technical-deta-18x9.jpg 18w, https:\/\/www.chinakingtyre.com\/wp-content\/uploads\/2025\/08\/kingtyre-offroad-technical-deta-600x284.jpg 600w\" sizes=\"auto, (max-width: 1678px) 100vw, 1678px\" \/><\/p>\n<hr \/>\n<h2><strong>FAQ - Neum\u00e1ticos para motocicletas todoterreno<\/strong><\/h2>\n<p><strong>P1: \u00bfCu\u00e1les son los mejores neum\u00e1ticos de moto todoterreno para barro y caminos de tierra?<\/strong><\/p>\n<p>En <strong>Kingtyre K81 y K83<\/strong> est\u00e1n dise\u00f1adas con una agresiva banda de rodadura de tacos, lo que las hace ideales para condiciones de barro y suciedad.<\/p>\n<p><strong>P2: \u00bfCu\u00e1nto suelen durar los neum\u00e1ticos para motocicletas todoterreno?<\/strong><\/p>\n<p>La vida \u00fatil var\u00eda seg\u00fan el estilo de conducci\u00f3n y el terreno, pero los neum\u00e1ticos Kingtyre ofrecen <strong>kilometraje ampliado<\/strong> gracias a sus avanzados compuestos de caucho.<\/p>\n<p><strong>P3: \u00bfSon buenos los neum\u00e1ticos de moto todoterreno sobre asfalto?<\/strong><\/p>\n<p>Pueden utilizarse brevemente en carreteras, pero son <strong>optimizado para uso todoterreno 100%<\/strong>. Para un uso mixto, se recomiendan neum\u00e1ticos dual-sport.<\/p>\n<p><strong>P4: \u00bfNecesito neum\u00e1ticos diferentes para motocross y enduro?<\/strong><\/p>\n<p>En <strong>Modelos K81 y K83<\/strong> son lo suficientemente vers\u00e1tiles para ambos, pero los pilotos de motocross pueden preferir patrones de banda de rodadura m\u00e1s ligeros, mientras que los pilotos de enduro valoran la durabilidad.<\/p>\n<p><strong>P5: \u00bfC\u00f3mo puedo elegir el tama\u00f1o adecuado de los neum\u00e1ticos para motocicletas todoterreno?<\/strong><\/p>\n<p>Consulte siempre su <strong>especificaciones del fabricante de la motocicleta<\/strong>; Kingtyre ofrece tama\u00f1os 90\/90R21 (delantero) y 100\/90R18, 110\/90R19 (trasero).<\/p>\n<p><strong>P6: \u00bfSon mejores los neum\u00e1ticos sin c\u00e1mara para motocicletas todoterreno que los neum\u00e1ticos con c\u00e1mara?<\/strong><\/p>\n<p>Ambos tienen pros y contras. El tubeless permite reparaciones m\u00e1s f\u00e1ciles y una mejor gesti\u00f3n del calor, mientras que el tubeless proporciona <strong>mayor durabilidad<\/strong> para terrenos abruptos.<\/p>\n<p><strong>P7: \u00bfQu\u00e9 presi\u00f3n debo aplicar a los neum\u00e1ticos de una motocicleta todoterreno?<\/strong><\/p>\n<p>La mayor\u00eda de los ciclistas corren <strong>12-15 PSI<\/strong> para caminos de tierra, pero las condiciones rocosas pueden requerir una presi\u00f3n ligeramente superior para la protecci\u00f3n de los flancos.<\/p>\n<p><strong>P8: \u00bfSe pueden utilizar neum\u00e1ticos de motocicleta todoterreno para circular por la arena?<\/strong><\/p>\n<p>S\u00ed, los modelos de tacos anchos como el K83 son eficaces en arena, ya que ofrecen una excelente flotaci\u00f3n y tracci\u00f3n.<\/p>\n<p><strong>P9: \u00bfC\u00f3mo s\u00e9 cu\u00e1ndo debo sustituir los neum\u00e1ticos de una motocicleta todoterreno?<\/strong><\/p>\n<p>Compruebe si <strong>pomos redondeados, grietas visibles o tracci\u00f3n reducida<\/strong>. Sustituir inmediatamente si las paredes laterales est\u00e1n da\u00f1adas.<\/p>\n<p><strong>Q10: \u00bfSon las Kingtyre K81 y K83 adecuadas para carreras off-road de competici\u00f3n?<\/strong><\/p>\n<p>Absolutamente. Est\u00e1n dise\u00f1ados con <strong>compuestos probados en competici\u00f3n y resistencia de la carcasa<\/strong>lo que los convierte en una buena elecci\u00f3n para las carreras de motocross y enduro.<\/p>\n<hr \/>\n<p><a href=\"https:\/\/www.facebook.com\/ChinaKingTyre\">S\u00edguenos en Facebook<\/a><\/p>\n<p><!-- notionvc: 4531e53c-bd45-4dfd-a5a5-d3ddc618db60 --><\/p>","protected":false},"excerpt":{"rendered":"<p>Descubra los neum\u00e1ticos Kingtyre K81 y K83 para motocicletas todoterreno dise\u00f1ados para la suciedad, el barro y los terrenos rocosos. Fabricados con una banda de rodadura agresiva, carcasa reforzada y compuestos de primera calidad, estos neum\u00e1ticos de moto de cross ofrecen una tracci\u00f3n, durabilidad y rendimiento listos para la aventura sin igual.<!-- notionvc: 63e69242-bf7b-411f-b4bd-6246dcee3ec8 --><\/p>","protected":false},"featured_media":495,"comment_status":"open","ping_status":"closed","template":"","meta":[],"class_list":{"0":"post-491","1":"product","2":"type-product","3":"status-publish","4":"has-post-thumbnail","6":"product_cat-off-road-motorcycle-tires","7":"product_tag-adventure-motorcycle-off-road-tires-factory","8":"product_tag-adventure-riding-motorcycle-knobby-tires","9":"product_tag-aggressive-tread-motorcycle-off-road-tires","10":"product_tag-best-dirt-bike-tires-for-mud-and-rocks","11":"product_tag-best-motorcycle-tires-for-rocky-terrain","12":"product_tag-dirt-bike-tires-with-reinforced-sidewalls","13":"product_tag-durable-knobby-tires-for-motorcycles","14":"product_tag-high-performance-enduro-bike-tires","15":"product_tag-kingtyre-enduro-and-motocross-off-road-tires","16":"product_tag-kingtyre-k81-off-road-motorcycle-tires","17":"product_tag-kingtyre-k83-dirt-bike-tires","18":"product_tag-kingtyre-motorcycle-tires-factory-off-road-series","19":"product_tag-kingtyre-off-road-motorcycle-tire-sizes","20":"product_tag-long-lasting-dirt-bike-racing-tires","21":"product_tag-motocross-and-enduro-motorcycle-tires","22":"product_tag-motorcycle-tires-for-extreme-terrain","23":"product_tag-multi-ply-carcass-motorcycle-off-road-tires","24":"product_tag-off-road-motorcycle-tires-for-enduro-racing","25":"product_tag-off-road-tires","26":"product_tag-off-road-tires-with-self-cleaning-tread","27":"product_tag-premium-rubber-compound-off-road-tires","29":"first","30":"instock","31":"shipping-taxable","32":"product-type-simple"},"yoast_head":"<!-- This site is optimized with the Yoast SEO Premium plugin v25.1 (Yoast SEO v25.1) - https:\/\/yoast.com\/wordpress\/plugins\/seo\/ -->\n<title>Kingtyre K81 &amp; K83 Off-road Motorcycle Tires | Extreme Enduro Performance<\/title>\n<meta name=\"description\" content=\"Discover the Kingtyre K81 &amp; K83 off-road motorcycle tires engineered for dirt, mud, and rocky terrains. Built with aggressive tread, reinforced carcass, and premium compounds, these dirt bike tires deliver unmatched traction, durability, and adventure-ready performance.\" \/>\n<meta name=\"robots\" content=\"index, follow, max-snippet:-1, max-image-preview:large, max-video-preview:-1\" \/>\n<link rel=\"canonical\" href=\"https:\/\/www.chinakingtyre.com\/es\/producto\/neumaticos-moto-off-road-k81-k83-kingtyre\/\" \/>\n<meta property=\"og:locale\" content=\"es_ES\" \/>\n<meta property=\"og:type\" content=\"article\" \/>\n<meta property=\"og:title\" content=\"Kingtyre K81 &amp; K83 Off-road Motorcycle Tires: Built for Extreme Adventure\" \/>\n<meta property=\"og:description\" content=\"Discover the Kingtyre K81 &amp; K83 off-road motorcycle tires engineered for dirt, mud, and rocky terrains. Built with aggressive tread, reinforced carcass, and premium compounds, these dirt bike tires deliver unmatched traction, durability, and adventure-ready performance.\" \/>\n<meta property=\"og:url\" content=\"https:\/\/www.chinakingtyre.com\/es\/producto\/neumaticos-moto-off-road-k81-k83-kingtyre\/\" \/>\n<meta property=\"og:site_name\" content=\"KingTyre Professional motorcycle tire manufacturer\" \/>\n<meta property=\"article:publisher\" content=\"https:\/\/www.facebook.com\/ChinaKingTyre\" \/>\n<meta property=\"article:modified_time\" content=\"2025-08-21T08:58:47+00:00\" \/>\n<meta property=\"og:image\" content=\"https:\/\/www.chinakingtyre.com\/wp-content\/uploads\/2025\/08\/kingtyre-k81-k83-dirt-bike-tires.jpg\" \/>\n\t<meta property=\"og:image:width\" content=\"800\" \/>\n\t<meta property=\"og:image:height\" content=\"800\" \/>\n\t<meta property=\"og:image:type\" content=\"image\/jpeg\" \/>\n<meta name=\"twitter:card\" content=\"summary_large_image\" \/>\n<meta name=\"twitter:label1\" content=\"Tiempo de lectura\" \/>\n\t<meta name=\"twitter:data1\" content=\"4 minutos\" \/>\n<script type=\"application\/ld+json\" class=\"yoast-schema-graph\">{\"@context\":\"https:\/\/schema.org\",\"@graph\":[{\"@type\":\"WebPage\",\"@id\":\"https:\/\/www.chinakingtyre.com\/product\/off-road-motorcycle-tires-k81-k83-kingtyre\/\",\"url\":\"https:\/\/www.chinakingtyre.com\/product\/off-road-motorcycle-tires-k81-k83-kingtyre\/\",\"name\":\"Kingtyre K81 & K83 Off-road Motorcycle Tires | Extreme Enduro Performance\",\"isPartOf\":{\"@id\":\"https:\/\/www.chinakingtyre.com\/#website\"},\"primaryImageOfPage\":{\"@id\":\"https:\/\/www.chinakingtyre.com\/product\/off-road-motorcycle-tires-k81-k83-kingtyre\/#primaryimage\"},\"image\":{\"@id\":\"https:\/\/www.chinakingtyre.com\/product\/off-road-motorcycle-tires-k81-k83-kingtyre\/#primaryimage\"},\"thumbnailUrl\":\"https:\/\/www.chinakingtyre.com\/wp-content\/uploads\/2025\/08\/kingtyre-k81-k83-dirt-bike-tires.jpg\",\"datePublished\":\"2025-08-21T08:58:44+00:00\",\"dateModified\":\"2025-08-21T08:58:47+00:00\",\"description\":\"Discover the Kingtyre K81 & K83 off-road motorcycle tires engineered for dirt, mud, and rocky terrains. Built with aggressive tread, reinforced carcass, and premium compounds, these dirt bike tires deliver unmatched traction, durability, and adventure-ready performance.\",\"breadcrumb\":{\"@id\":\"https:\/\/www.chinakingtyre.com\/product\/off-road-motorcycle-tires-k81-k83-kingtyre\/#breadcrumb\"},\"inLanguage\":\"es\",\"potentialAction\":[{\"@type\":\"ReadAction\",\"target\":[\"https:\/\/www.chinakingtyre.com\/product\/off-road-motorcycle-tires-k81-k83-kingtyre\/\"]}]},{\"@type\":\"ImageObject\",\"inLanguage\":\"es\",\"@id\":\"https:\/\/www.chinakingtyre.com\/product\/off-road-motorcycle-tires-k81-k83-kingtyre\/#primaryimage\",\"url\":\"https:\/\/www.chinakingtyre.com\/wp-content\/uploads\/2025\/08\/kingtyre-k81-k83-dirt-bike-tires.jpg\",\"contentUrl\":\"https:\/\/www.chinakingtyre.com\/wp-content\/uploads\/2025\/08\/kingtyre-k81-k83-dirt-bike-tires.jpg\",\"width\":800,\"height\":800,\"caption\":\"kingtyre-k81-k83-dirt-bike-tires\"},{\"@type\":\"BreadcrumbList\",\"@id\":\"https:\/\/www.chinakingtyre.com\/product\/off-road-motorcycle-tires-k81-k83-kingtyre\/#breadcrumb\",\"itemListElement\":[{\"@type\":\"ListItem\",\"position\":1,\"name\":\"Home\",\"item\":\"https:\/\/www.chinakingtyre.com\/\"},{\"@type\":\"ListItem\",\"position\":2,\"name\":\"Kingtyre Product List\",\"item\":\"https:\/\/www.chinakingtyre.com\/kingtyre-product-list\/\"},{\"@type\":\"ListItem\",\"position\":3,\"name\":\"Kingtyre K81 &#038; K83 Off-road Motorcycle Tires: Built for Extreme Adventure\"}]},{\"@type\":\"WebSite\",\"@id\":\"https:\/\/www.chinakingtyre.com\/#website\",\"url\":\"https:\/\/www.chinakingtyre.com\/\",\"name\":\"KingTyre Professional motorcycle tire manufacturer\",\"description\":\"\",\"publisher\":{\"@id\":\"https:\/\/www.chinakingtyre.com\/#organization\"},\"potentialAction\":[{\"@type\":\"SearchAction\",\"target\":{\"@type\":\"EntryPoint\",\"urlTemplate\":\"https:\/\/www.chinakingtyre.com\/?s={search_term_string}\"},\"query-input\":{\"@type\":\"PropertyValueSpecification\",\"valueRequired\":true,\"valueName\":\"search_term_string\"}}],\"inLanguage\":\"es\"},{\"@type\":\"Organization\",\"@id\":\"https:\/\/www.chinakingtyre.com\/#organization\",\"name\":\"TIANJIN KINGTYRE GROUP CO.,LTD\",\"url\":\"https:\/\/www.chinakingtyre.com\/\",\"logo\":{\"@type\":\"ImageObject\",\"inLanguage\":\"es\",\"@id\":\"https:\/\/www.chinakingtyre.com\/#\/schema\/logo\/image\/\",\"url\":\"https:\/\/www.chinakingtyre.com\/wp-content\/uploads\/2025\/07\/LOGO.png\",\"contentUrl\":\"https:\/\/www.chinakingtyre.com\/wp-content\/uploads\/2025\/07\/LOGO.png\",\"width\":870,\"height\":212,\"caption\":\"TIANJIN KINGTYRE GROUP CO.,LTD\"},\"image\":{\"@id\":\"https:\/\/www.chinakingtyre.com\/#\/schema\/logo\/image\/\"},\"sameAs\":[\"https:\/\/www.facebook.com\/ChinaKingTyre\"]}]}<\/script>\n<!-- \/ Yoast SEO Premium plugin. -->","yoast_head_json":{"title":"Neum\u00e1ticos Kingtyre K81 y K83 para motocicletas todoterreno | Rendimiento extremo en enduro","description":"Descubra los neum\u00e1ticos Kingtyre K81 y K83 para motocicletas todoterreno dise\u00f1ados para la suciedad, el barro y los terrenos rocosos. Fabricados con una banda de rodadura agresiva, carcasa reforzada y compuestos de primera calidad, estos neum\u00e1ticos de moto de cross ofrecen una tracci\u00f3n, durabilidad y rendimiento listos para la aventura sin igual.","robots":{"index":"index","follow":"follow","max-snippet":"max-snippet:-1","max-image-preview":"max-image-preview:large","max-video-preview":"max-video-preview:-1"},"canonical":"https:\/\/www.chinakingtyre.com\/es\/producto\/neumaticos-moto-off-road-k81-k83-kingtyre\/","og_locale":"es_ES","og_type":"article","og_title":"Kingtyre K81 & K83 Off-road Motorcycle Tires: Built for Extreme Adventure","og_description":"Discover the Kingtyre K81 & K83 off-road motorcycle tires engineered for dirt, mud, and rocky terrains. Built with aggressive tread, reinforced carcass, and premium compounds, these dirt bike tires deliver unmatched traction, durability, and adventure-ready performance.","og_url":"https:\/\/www.chinakingtyre.com\/es\/producto\/neumaticos-moto-off-road-k81-k83-kingtyre\/","og_site_name":"KingTyre Professional motorcycle tire manufacturer","article_publisher":"https:\/\/www.facebook.com\/ChinaKingTyre","article_modified_time":"2025-08-21T08:58:47+00:00","og_image":[{"width":800,"height":800,"url":"https:\/\/www.chinakingtyre.com\/wp-content\/uploads\/2025\/08\/kingtyre-k81-k83-dirt-bike-tires.jpg","type":"image\/jpeg"}],"twitter_card":"summary_large_image","twitter_misc":{"Tiempo de lectura":"4 minutos"},"schema":{"@context":"https:\/\/schema.org","@graph":[{"@type":"WebPage","@id":"https:\/\/www.chinakingtyre.com\/product\/off-road-motorcycle-tires-k81-k83-kingtyre\/","url":"https:\/\/www.chinakingtyre.com\/product\/off-road-motorcycle-tires-k81-k83-kingtyre\/","name":"Neum\u00e1ticos Kingtyre K81 y K83 para motocicletas todoterreno | Rendimiento extremo en enduro","isPartOf":{"@id":"https:\/\/www.chinakingtyre.com\/#website"},"primaryImageOfPage":{"@id":"https:\/\/www.chinakingtyre.com\/product\/off-road-motorcycle-tires-k81-k83-kingtyre\/#primaryimage"},"image":{"@id":"https:\/\/www.chinakingtyre.com\/product\/off-road-motorcycle-tires-k81-k83-kingtyre\/#primaryimage"},"thumbnailUrl":"https:\/\/www.chinakingtyre.com\/wp-content\/uploads\/2025\/08\/kingtyre-k81-k83-dirt-bike-tires.jpg","datePublished":"2025-08-21T08:58:44+00:00","dateModified":"2025-08-21T08:58:47+00:00","description":"Descubra los neum\u00e1ticos Kingtyre K81 y K83 para motocicletas todoterreno dise\u00f1ados para la suciedad, el barro y los terrenos rocosos. Fabricados con una banda de rodadura agresiva, carcasa reforzada y compuestos de primera calidad, estos neum\u00e1ticos de moto de cross ofrecen una tracci\u00f3n, durabilidad y rendimiento listos para la aventura sin igual.","breadcrumb":{"@id":"https:\/\/www.chinakingtyre.com\/product\/off-road-motorcycle-tires-k81-k83-kingtyre\/#breadcrumb"},"inLanguage":"es","potentialAction":[{"@type":"ReadAction","target":["https:\/\/www.chinakingtyre.com\/product\/off-road-motorcycle-tires-k81-k83-kingtyre\/"]}]},{"@type":"ImageObject","inLanguage":"es","@id":"https:\/\/www.chinakingtyre.com\/product\/off-road-motorcycle-tires-k81-k83-kingtyre\/#primaryimage","url":"https:\/\/www.chinakingtyre.com\/wp-content\/uploads\/2025\/08\/kingtyre-k81-k83-dirt-bike-tires.jpg","contentUrl":"https:\/\/www.chinakingtyre.com\/wp-content\/uploads\/2025\/08\/kingtyre-k81-k83-dirt-bike-tires.jpg","width":800,"height":800,"caption":"kingtyre-k81-k83-dirt-bike-tires"},{"@type":"BreadcrumbList","@id":"https:\/\/www.chinakingtyre.com\/product\/off-road-motorcycle-tires-k81-k83-kingtyre\/#breadcrumb","itemListElement":[{"@type":"ListItem","position":1,"name":"Home","item":"https:\/\/www.chinakingtyre.com\/"},{"@type":"ListItem","position":2,"name":"Kingtyre Product List","item":"https:\/\/www.chinakingtyre.com\/kingtyre-product-list\/"},{"@type":"ListItem","position":3,"name":"Kingtyre K81 &#038; K83 Off-road Motorcycle Tires: Built for Extreme Adventure"}]},{"@type":"WebSite","@id":"https:\/\/www.chinakingtyre.com\/#website","url":"https:\/\/www.chinakingtyre.com\/","name":"KingTyre Fabricante profesional de neum\u00e1ticos para motocicletas","description":"","publisher":{"@id":"https:\/\/www.chinakingtyre.com\/#organization"},"potentialAction":[{"@type":"SearchAction","target":{"@type":"EntryPoint","urlTemplate":"https:\/\/www.chinakingtyre.com\/?s={search_term_string}"},"query-input":{"@type":"PropertyValueSpecification","valueRequired":true,"valueName":"search_term_string"}}],"inLanguage":"es"},{"@type":"Organization","@id":"https:\/\/www.chinakingtyre.com\/#organization","name":"TIANJIN KINGTYRE GROUP CO.,LTD","url":"https:\/\/www.chinakingtyre.com\/","logo":{"@type":"ImageObject","inLanguage":"es","@id":"https:\/\/www.chinakingtyre.com\/#\/schema\/logo\/image\/","url":"https:\/\/www.chinakingtyre.com\/wp-content\/uploads\/2025\/07\/LOGO.png","contentUrl":"https:\/\/www.chinakingtyre.com\/wp-content\/uploads\/2025\/07\/LOGO.png","width":870,"height":212,"caption":"TIANJIN KINGTYRE GROUP CO.,LTD"},"image":{"@id":"https:\/\/www.chinakingtyre.com\/#\/schema\/logo\/image\/"},"sameAs":["https:\/\/www.facebook.com\/ChinaKingTyre"]}]}},"_links":{"self":[{"href":"https:\/\/www.chinakingtyre.com\/es\/wp-json\/wp\/v2\/product\/491","targetHints":{"allow":["GET"]}}],"collection":[{"href":"https:\/\/www.chinakingtyre.com\/es\/wp-json\/wp\/v2\/product"}],"about":[{"href":"https:\/\/www.chinakingtyre.com\/es\/wp-json\/wp\/v2\/types\/product"}],"replies":[{"embeddable":true,"href":"https:\/\/www.chinakingtyre.com\/es\/wp-json\/wp\/v2\/comments?post=491"}],"wp:featuredmedia":[{"embeddable":true,"href":"https:\/\/www.chinakingtyre.com\/es\/wp-json\/wp\/v2\/media\/495"}],"wp:attachment":[{"href":"https:\/\/www.chinakingtyre.com\/es\/wp-json\/wp\/v2\/media?parent=491"}],"curies":[{"name":"wp","href":"https:\/\/api.w.org\/{rel}","templated":true}]}}