{"id":452,"date":"2025-08-18T02:38:19","date_gmt":"2025-08-18T02:38:19","guid":{"rendered":"https:\/\/www.chinakingtyre.com\/?post_type=product&#038;p=452"},"modified":"2025-08-27T00:54:53","modified_gmt":"2025-08-27T00:54:53","slug":"kingtyre-k97-sport-on-road","status":"publish","type":"product","link":"https:\/\/www.chinakingtyre.com\/fr\/product\/kingtyre-k97-sport-on-road\/","title":{"rendered":"Pneu Kingtyre K97 Sport On-Road : Ing\u00e9nierie avanc\u00e9e pour la pr\u00e9cision, l'adh\u00e9rence et la long\u00e9vit\u00e9"},"content":{"rendered":"<h2><strong>Red\u00e9finir les performances sur route<\/strong><\/h2>\n<p>Les pneus de moto sont plus que des composants - ils sont la <strong>lien critique entre la machine et la route<\/strong>. Selon une enqu\u00eate r\u00e9alis\u00e9e en 2023 par <em>Conseil de l'industrie du motocycle<\/em>, <strong>72% des conducteurs consid\u00e8rent l'adh\u00e9rence des pneus comme le facteur le plus important<\/strong> influencer leur confiance en eux.<\/p>\n<p>Les <strong><a href=\"https:\/\/www.chinakingtyre.com\/fr\/\">Kingtyre<\/a> Pneu K97 Sport On-Road<\/strong> a \u00e9t\u00e9 m\u00e9ticuleusement con\u00e7u pour r\u00e9pondre \u00e0 cette demande. <strong>Manipulation de pr\u00e9cision<\/strong>, <strong>meilleure prise en main<\/strong>et <strong>une long\u00e9vit\u00e9 exceptionnelle<\/strong>. Que vous rouliez dans les rues encombr\u00e9es de la ville, que vous vous penchiez dans les courbes de montagne ou que vous repoussiez les limites lors de vos sorties sur circuit, la K97 est con\u00e7ue pour \u00eatre plus performante.<\/p>\n<hr \/>\n<h3><img loading=\"lazy\" decoding=\"async\" class=\"aligncenter wp-image-453 size-full\" src=\"https:\/\/www.chinakingtyre.com\/wp-content\/uploads\/2025\/08\/kingtyre-k97-sport-performance.jpg\" alt=\"Le pneu Kingtyre K97 Sport On-Road pr\u00e9sente une bande de roulement agressive pour les motos sportives.\" width=\"1678\" height=\"794\" srcset=\"https:\/\/www.chinakingtyre.com\/wp-content\/uploads\/2025\/08\/kingtyre-k97-sport-performance.jpg 1678w, https:\/\/www.chinakingtyre.com\/wp-content\/uploads\/2025\/08\/kingtyre-k97-sport-performance-300x142.jpg 300w, https:\/\/www.chinakingtyre.com\/wp-content\/uploads\/2025\/08\/kingtyre-k97-sport-performance-1024x485.jpg 1024w, https:\/\/www.chinakingtyre.com\/wp-content\/uploads\/2025\/08\/kingtyre-k97-sport-performance-768x363.jpg 768w, https:\/\/www.chinakingtyre.com\/wp-content\/uploads\/2025\/08\/kingtyre-k97-sport-performance-1536x727.jpg 1536w, https:\/\/www.chinakingtyre.com\/wp-content\/uploads\/2025\/08\/kingtyre-k97-sport-performance-18x9.jpg 18w, https:\/\/www.chinakingtyre.com\/wp-content\/uploads\/2025\/08\/kingtyre-k97-sport-performance-600x284.jpg 600w\" sizes=\"auto, (max-width: 1678px) 100vw, 1678px\" \/><\/h3>\n<hr \/>\n<h2><strong>Une ing\u00e9nierie de la performance \u00e9tay\u00e9e par des donn\u00e9es<\/strong><\/h2>\n<p>Les <strong>La bande de roulement de la K97<\/strong> est optimis\u00e9 pour une traction maximale. Des essais ind\u00e9pendants sur piste ont \u00e9t\u00e9 men\u00e9s \u00e0 <strong>Terrain d'essai de Jiangsu (2024)<\/strong> a montr\u00e9 :<\/p>\n<ul>\n<li><strong>Am\u00e9lioration de la distance de freinage sur sol mouill\u00e9 de +18%<\/strong> par rapport aux pneus sport conventionnels.<\/li>\n<li><strong>15% plus grande stabilit\u00e9 en virage<\/strong> \u00e0 des angles d'inclinaison sup\u00e9rieurs \u00e0 40\u00b0.<\/li>\n<li><strong>Dur\u00e9e de vie de la bande de roulement prolong\u00e9e de 20%<\/strong> dans des conditions de conduite mixtes (ville + autoroute).<\/li>\n<\/ul>\n<p>Les <strong>compos\u00e9 enrichi en silice<\/strong> am\u00e9liore l'adh\u00e9rence sur sol mouill\u00e9, tandis que le <strong>construction de la carcasse en plusieurs couches<\/strong> am\u00e9liore la stabilit\u00e9 \u00e0 grande vitesse jusqu'\u00e0 <strong>270 km\/h<\/strong>.<\/p>\n<hr \/>\n<h3><img loading=\"lazy\" decoding=\"async\" class=\"aligncenter wp-image-454 size-full\" src=\"https:\/\/www.chinakingtyre.com\/wp-content\/uploads\/2025\/08\/kingtyre-k97-tread-closeup.jpg\" alt=\"Gros plan sur la bande de roulement du Kingtyre K97, optimis\u00e9e pour l&#039;adh\u00e9rence sur route s\u00e8che et mouill\u00e9e.\" width=\"1678\" height=\"794\" srcset=\"https:\/\/www.chinakingtyre.com\/wp-content\/uploads\/2025\/08\/kingtyre-k97-tread-closeup.jpg 1678w, https:\/\/www.chinakingtyre.com\/wp-content\/uploads\/2025\/08\/kingtyre-k97-tread-closeup-300x142.jpg 300w, https:\/\/www.chinakingtyre.com\/wp-content\/uploads\/2025\/08\/kingtyre-k97-tread-closeup-1024x485.jpg 1024w, https:\/\/www.chinakingtyre.com\/wp-content\/uploads\/2025\/08\/kingtyre-k97-tread-closeup-768x363.jpg 768w, https:\/\/www.chinakingtyre.com\/wp-content\/uploads\/2025\/08\/kingtyre-k97-tread-closeup-1536x727.jpg 1536w, https:\/\/www.chinakingtyre.com\/wp-content\/uploads\/2025\/08\/kingtyre-k97-tread-closeup-18x9.jpg 18w, https:\/\/www.chinakingtyre.com\/wp-content\/uploads\/2025\/08\/kingtyre-k97-tread-closeup-600x284.jpg 600w\" sizes=\"auto, (max-width: 1678px) 100vw, 1678px\" \/><\/h3>\n<hr \/>\n<h2><strong>Gamme compl\u00e8te de tailles<\/strong><\/h2>\n<p>Contrairement \u00e0 de nombreux pneus routiers r\u00e9serv\u00e9s aux motos sportives, le <strong>Kingtyre<\/strong> <strong>K97 lineup<\/strong> couvre un large spectre - de <strong>motos de route l\u00e9g\u00e8res<\/strong> \u00e0 <strong>superbikes de classe litre<\/strong>.<\/p>\n<p><strong>Tailles frontales (8 options) :<\/strong><\/p>\n<p>90\/80R17, 100\/90ZR21, 110\/70ZR17, 120\/60ZR17, 120\/70ZR17, 120\/70ZR18, 120\/70ZR19, 130\/70R18<\/p>\n<p><strong>Tailles arri\u00e8re (14 options) :<\/strong><\/p>\n<p>130\/70R17, 140\/70ZR17, 150\/60ZR17, 160\/60ZR17, 170\/60ZR17, 180\/55ZR17, 180\/60ZR17, 190\/50ZR17, 190\/55ZR17, 200\/50ZR17, 200\/55ZR17, 240\/45ZR17, 240\/40R18, 260\/40R18<\/p>\n<p><em>Cela fait du K97 l'un des <strong>les pneus sport sur route les plus polyvalents<\/strong>couvrant plus de 85% d'\u00e9quipements de motos de sport dans le monde.<\/em><\/p>\n<hr \/>\n<h3><img loading=\"lazy\" decoding=\"async\" class=\"aligncenter wp-image-455 size-full\" src=\"https:\/\/www.chinakingtyre.com\/wp-content\/uploads\/2025\/08\/kingtyre-k97-size-chart.jpg\" alt=\"Tableau des tailles de pneus moto Kingtyre K97 disponibles pour les roues avant et arri\u00e8re\" width=\"1678\" height=\"794\" srcset=\"https:\/\/www.chinakingtyre.com\/wp-content\/uploads\/2025\/08\/kingtyre-k97-size-chart.jpg 1678w, https:\/\/www.chinakingtyre.com\/wp-content\/uploads\/2025\/08\/kingtyre-k97-size-chart-300x142.jpg 300w, https:\/\/www.chinakingtyre.com\/wp-content\/uploads\/2025\/08\/kingtyre-k97-size-chart-1024x485.jpg 1024w, https:\/\/www.chinakingtyre.com\/wp-content\/uploads\/2025\/08\/kingtyre-k97-size-chart-768x363.jpg 768w, https:\/\/www.chinakingtyre.com\/wp-content\/uploads\/2025\/08\/kingtyre-k97-size-chart-1536x727.jpg 1536w, https:\/\/www.chinakingtyre.com\/wp-content\/uploads\/2025\/08\/kingtyre-k97-size-chart-18x9.jpg 18w, https:\/\/www.chinakingtyre.com\/wp-content\/uploads\/2025\/08\/kingtyre-k97-size-chart-600x284.jpg 600w\" sizes=\"auto, (max-width: 1678px) 100vw, 1678px\" \/><\/h3>\n<hr \/>\n<h2><strong>Test\u00e9 et \u00e9prouv\u00e9 dans des sc\u00e9narios r\u00e9els<\/strong><\/h2>\n<p>Kingtyre conduit <strong>plus de 500 000 km d'essais routiers combin\u00e9s<\/strong> en Asie, en Europe et en Am\u00e9rique du Nord. Les r\u00e9sultats ont \u00e9t\u00e9 d\u00e9montr\u00e9s :<\/p>\n<ul>\n<li><strong>Adh\u00e9rence constante \u00e0 des temp\u00e9ratures allant de 10\u00b0C \u00e0 45\u00b0C<\/strong>.<\/li>\n<li><strong>R\u00e9duction des niveaux de vibration par 12%<\/strong>Le syst\u00e8me d'entra\u00eenement \u00e0 la conduite est plus facile \u00e0 utiliser, ce qui am\u00e9liore le confort du conducteur sur les longs trajets.<\/li>\n<li><strong>Stabilit\u00e9 en virage : 9,3\/10<\/strong> parmi les pilotes d'essai professionnels.<\/li>\n<\/ul>\n<p>Le retour d'information a mis en \u00e9vidence des transitions plus douces aux angles d'inclinaison et une r\u00e9cup\u00e9ration pr\u00e9visible de la traction lors des sorties agressives de l'acc\u00e9l\u00e9rateur.<\/p>\n<hr \/>\n<h2><strong>Principaux avantages du Kingtyre K97<\/strong><\/h2>\n<p>\u2714 Conception agressive de la bande de roulement pour <strong>Adh\u00e9rence sup\u00e9rieure sur sol sec et mouill\u00e9<\/strong><\/p>\n<p>\u2714 Stabilit\u00e9 \u00e0 haute vitesse prouv\u00e9e jusqu'\u00e0 <strong>270 km\/h<\/strong><\/p>\n<p>\u2714 Kilom\u00e9trage \u00e9tendu : <strong>dur\u00e9e de vie jusqu'\u00e0 18 000 km<\/strong> dans le cadre d'une utilisation mixte<\/p>\n<p>\u2714 Large compatibilit\u00e9 : <strong>22 options de taille<\/strong> pour diverses motos<\/p>\n<p>\u2714 \u00c9prouv\u00e9 en <strong>essais ind\u00e9pendants sur piste et sur route<\/strong><\/p>\n<hr \/>\n<h2><strong>Conclusion<\/strong><\/h2>\n<p>Les <strong>Pneu Kingtyre K97 Sport On-Road<\/strong> n'est pas un simple pneu de moto - c'est une <strong>une solution fond\u00e9e sur des donn\u00e9es et test\u00e9e par les conducteurs<\/strong> pour les amateurs de performances. Avec ses <strong>Bande de roulement inspir\u00e9e de la course<\/strong>, <strong>large gamme de tailles disponibles<\/strong>et <strong>\u00e9quilibre exceptionnel entre adh\u00e9rence et durabilit\u00e9<\/strong>La K97 offre la confiance et le contr\u00f4le que les pilotes modernes exigent.<\/p>\n<p>Que vous fassiez la navette, que vous rouliez sur des routes de montagne ou que vous r\u00e9alisiez des chronos, la K97 vous permet de rester \u00e0 la pointe de la technologie.<\/p>\n<hr \/>\n<p><a href=\"https:\/\/www.facebook.com\/ChinaKingTyre\">Suivez-nous sur Facebook<\/a><\/p>\n<p><!-- notionvc: 1924e58b-8c6e-4f05-b047-dc6296c181b4 --><\/p>","protected":false},"excerpt":{"rendered":"<p>Le pneu Kingtyre K97 Sport On-Road offre une maniabilit\u00e9 d'\u00e9lite, une traction sup\u00e9rieure et une long\u00e9vit\u00e9 accrue. Disponible en plusieurs tailles pour les motos sportives et les motos de tourisme.<!-- notionvc: 6e29a8ee-361f-4430-b05e-342cf1767276 --><\/p>","protected":false},"featured_media":443,"comment_status":"open","ping_status":"closed","template":"","meta":[],"class_list":{"0":"post-452","1":"product","2":"type-product","3":"status-publish","4":"has-post-thumbnail","6":"product_cat-commute-motorcycle-tires","7":"product_cat-super-sport-motorcycle-tires","8":"product_tag-100-90zr21","9":"product_tag-110-70zr17","10":"product_tag-120-70-17-motorcycle-tire","11":"product_tag-120-70-17-tire","12":"product_tag-120-70r17-2","13":"product_tag-120-70r17-motorcycle-tire","14":"product_tag-120-70x17-dual-sport-tire","15":"product_tag-120-70x17-motorcycle-tire","16":"product_tag-120-70x17-tire","17":"product_tag-120-70-zr17-motorcycle-tire","18":"product_tag-120-70-zr17","19":"product_tag-120-70zr17-front-tire","20":"product_tag-120-70zr17-tire","21":"product_tag-120-60zr17","22":"product_tag-120-70zr17","23":"product_tag-120-70zr18","24":"product_tag-120-70zr19","25":"product_tag-130-70r17","26":"product_tag-130-70r18","27":"product_tag-140-70zr17","28":"product_tag-150-60zr17","29":"product_tag-160-60zr17","30":"product_tag-170-60zr17","31":"product_tag-180-55zr17","32":"product_tag-180-60zr17","33":"product_tag-190-50zr17","34":"product_tag-190-55zr17","35":"product_tag-200-50zr17","36":"product_tag-200-55zr17","37":"product_tag-240-40r18","38":"product_tag-240-45zr17","39":"product_tag-260-40r18","40":"product_tag-90-80r17","41":"product_tag-aggressive-tread-motorcycle-tires","42":"product_tag-all-weather-motorcycle-tires","43":"product_tag-dry-grip-sport-tires","44":"product_tag-high-speed-motorcycle-tires","45":"product_tag-kingtyre","46":"product_tag-kingtyre-k97","47":"product_tag-kingtyre-motorcycle-tires","48":"product_tag-long-lasting-motorcycle-tires","49":"product_tag-motorcycle-cornering-stability","50":"product_tag-motorcycle-grip-technology","51":"product_tag-motorcycle-performance-testing","52":"product_tag-motorcycle-safety-tires","53":"product_tag-motorcycle-tire-durability","54":"product_tag-motorcycle-tire-size-chart","55":"product_tag-motorcycle-touring-tires","56":"product_tag-motorcycle-track-day-tires","57":"product_tag-motorcycle-tyres-120-70-zr17","58":"product_tag-on-road-motorcycle-tires","59":"product_tag-premium-motorcycle-tires","60":"product_tag-sport-touring-motorcycle-tires","61":"product_tag-super-sport-tires","62":"product_tag-wet-grip-motorcycle-tires","64":"first","65":"instock","66":"shipping-taxable","67":"product-type-simple"},"yoast_head":"<!-- This site is optimized with the Yoast SEO Premium plugin v25.1 (Yoast SEO v25.1) - https:\/\/yoast.com\/wordpress\/plugins\/seo\/ -->\n<title>Kingtyre K97 Sport On-Road Motorcycle Tire | Precision Grip<\/title>\n<meta name=\"description\" content=\"The Kingtyre K97 Sport On-Road Tire delivers elite handling, superior traction, and extended mileage. Available in multiple sizes for sport bikes and touring motorcycles.\" \/>\n<meta name=\"robots\" content=\"index, follow, max-snippet:-1, max-image-preview:large, max-video-preview:-1\" \/>\n<link rel=\"canonical\" href=\"https:\/\/www.chinakingtyre.com\/fr\/product\/kingtyre-k97-sport-on-road\/\" \/>\n<meta property=\"og:locale\" content=\"fr_FR\" \/>\n<meta property=\"og:type\" content=\"article\" \/>\n<meta property=\"og:title\" content=\"Kingtyre K97 Sport On-Road Tire: Advanced Engineering for Precision, Grip, and Longevity\" \/>\n<meta property=\"og:description\" content=\"The Kingtyre K97 Sport On-Road Tire delivers elite handling, superior traction, and extended mileage. Available in multiple sizes for sport bikes and touring motorcycles.\" \/>\n<meta property=\"og:url\" content=\"https:\/\/www.chinakingtyre.com\/fr\/product\/kingtyre-k97-sport-on-road\/\" \/>\n<meta property=\"og:site_name\" content=\"KingTyre Professional motorcycle tire manufacturer\" \/>\n<meta property=\"article:publisher\" content=\"https:\/\/www.facebook.com\/ChinaKingTyre\" \/>\n<meta property=\"article:modified_time\" content=\"2025-08-27T00:54:53+00:00\" \/>\n<meta property=\"og:image\" content=\"https:\/\/www.chinakingtyre.com\/wp-content\/uploads\/2025\/08\/Kingtyre-K97-Supermoto-Treaded-Racing-Tires.jpg\" \/>\n\t<meta property=\"og:image:width\" content=\"800\" \/>\n\t<meta property=\"og:image:height\" content=\"800\" \/>\n\t<meta property=\"og:image:type\" content=\"image\/jpeg\" \/>\n<meta name=\"twitter:card\" content=\"summary_large_image\" \/>\n<meta name=\"twitter:label1\" content=\"Dur\u00e9e de lecture estim\u00e9e\" \/>\n\t<meta name=\"twitter:data1\" content=\"3 minutes\" \/>\n<script type=\"application\/ld+json\" class=\"yoast-schema-graph\">{\"@context\":\"https:\/\/schema.org\",\"@graph\":[{\"@type\":\"WebPage\",\"@id\":\"https:\/\/www.chinakingtyre.com\/product\/kingtyre-k97-sport-on-road\/\",\"url\":\"https:\/\/www.chinakingtyre.com\/product\/kingtyre-k97-sport-on-road\/\",\"name\":\"Kingtyre K97 Sport On-Road Motorcycle Tire | Precision Grip\",\"isPartOf\":{\"@id\":\"https:\/\/www.chinakingtyre.com\/#website\"},\"primaryImageOfPage\":{\"@id\":\"https:\/\/www.chinakingtyre.com\/product\/kingtyre-k97-sport-on-road\/#primaryimage\"},\"image\":{\"@id\":\"https:\/\/www.chinakingtyre.com\/product\/kingtyre-k97-sport-on-road\/#primaryimage\"},\"thumbnailUrl\":\"https:\/\/www.chinakingtyre.com\/wp-content\/uploads\/2025\/08\/Kingtyre-K97-Supermoto-Treaded-Racing-Tires.jpg\",\"datePublished\":\"2025-08-18T02:38:19+00:00\",\"dateModified\":\"2025-08-27T00:54:53+00:00\",\"description\":\"The Kingtyre K97 Sport On-Road Tire delivers elite handling, superior traction, and extended mileage. Available in multiple sizes for sport bikes and touring motorcycles.\",\"breadcrumb\":{\"@id\":\"https:\/\/www.chinakingtyre.com\/product\/kingtyre-k97-sport-on-road\/#breadcrumb\"},\"inLanguage\":\"fr-FR\",\"potentialAction\":[{\"@type\":\"ReadAction\",\"target\":[\"https:\/\/www.chinakingtyre.com\/product\/kingtyre-k97-sport-on-road\/\"]}]},{\"@type\":\"ImageObject\",\"inLanguage\":\"fr-FR\",\"@id\":\"https:\/\/www.chinakingtyre.com\/product\/kingtyre-k97-sport-on-road\/#primaryimage\",\"url\":\"https:\/\/www.chinakingtyre.com\/wp-content\/uploads\/2025\/08\/Kingtyre-K97-Supermoto-Treaded-Racing-Tires.jpg\",\"contentUrl\":\"https:\/\/www.chinakingtyre.com\/wp-content\/uploads\/2025\/08\/Kingtyre-K97-Supermoto-Treaded-Racing-Tires.jpg\",\"width\":800,\"height\":800,\"caption\":\"Kingtyre-K97-Supermoto-Treaded-Racing-Tires\"},{\"@type\":\"BreadcrumbList\",\"@id\":\"https:\/\/www.chinakingtyre.com\/product\/kingtyre-k97-sport-on-road\/#breadcrumb\",\"itemListElement\":[{\"@type\":\"ListItem\",\"position\":1,\"name\":\"Home\",\"item\":\"https:\/\/www.chinakingtyre.com\/\"},{\"@type\":\"ListItem\",\"position\":2,\"name\":\"Kingtyre Product List\",\"item\":\"https:\/\/www.chinakingtyre.com\/kingtyre-product-list\/\"},{\"@type\":\"ListItem\",\"position\":3,\"name\":\"Kingtyre K97 Sport On-Road Tire: Advanced Engineering for Precision, Grip, and Longevity\"}]},{\"@type\":\"WebSite\",\"@id\":\"https:\/\/www.chinakingtyre.com\/#website\",\"url\":\"https:\/\/www.chinakingtyre.com\/\",\"name\":\"KingTyre Professional motorcycle tire manufacturer\",\"description\":\"\",\"publisher\":{\"@id\":\"https:\/\/www.chinakingtyre.com\/#organization\"},\"potentialAction\":[{\"@type\":\"SearchAction\",\"target\":{\"@type\":\"EntryPoint\",\"urlTemplate\":\"https:\/\/www.chinakingtyre.com\/?s={search_term_string}\"},\"query-input\":{\"@type\":\"PropertyValueSpecification\",\"valueRequired\":true,\"valueName\":\"search_term_string\"}}],\"inLanguage\":\"fr-FR\"},{\"@type\":\"Organization\",\"@id\":\"https:\/\/www.chinakingtyre.com\/#organization\",\"name\":\"TIANJIN KINGTYRE GROUP CO.,LTD\",\"url\":\"https:\/\/www.chinakingtyre.com\/\",\"logo\":{\"@type\":\"ImageObject\",\"inLanguage\":\"fr-FR\",\"@id\":\"https:\/\/www.chinakingtyre.com\/#\/schema\/logo\/image\/\",\"url\":\"https:\/\/www.chinakingtyre.com\/wp-content\/uploads\/2025\/07\/LOGO.png\",\"contentUrl\":\"https:\/\/www.chinakingtyre.com\/wp-content\/uploads\/2025\/07\/LOGO.png\",\"width\":870,\"height\":212,\"caption\":\"TIANJIN KINGTYRE GROUP CO.,LTD\"},\"image\":{\"@id\":\"https:\/\/www.chinakingtyre.com\/#\/schema\/logo\/image\/\"},\"sameAs\":[\"https:\/\/www.facebook.com\/ChinaKingTyre\"]}]}<\/script>\n<!-- \/ Yoast SEO Premium plugin. -->","yoast_head_json":{"title":"Kingtyre K97 Sport On-Road Motorcycle Tire | Precision Grip","description":"Le pneu Kingtyre K97 Sport On-Road offre une maniabilit\u00e9 d'\u00e9lite, une traction sup\u00e9rieure et une long\u00e9vit\u00e9 accrue. Disponible en plusieurs tailles pour les motos sportives et les motos de tourisme.","robots":{"index":"index","follow":"follow","max-snippet":"max-snippet:-1","max-image-preview":"max-image-preview:large","max-video-preview":"max-video-preview:-1"},"canonical":"https:\/\/www.chinakingtyre.com\/fr\/product\/kingtyre-k97-sport-on-road\/","og_locale":"fr_FR","og_type":"article","og_title":"Kingtyre K97 Sport On-Road Tire: Advanced Engineering for Precision, Grip, and Longevity","og_description":"The Kingtyre K97 Sport On-Road Tire delivers elite handling, superior traction, and extended mileage. Available in multiple sizes for sport bikes and touring motorcycles.","og_url":"https:\/\/www.chinakingtyre.com\/fr\/product\/kingtyre-k97-sport-on-road\/","og_site_name":"KingTyre Professional motorcycle tire manufacturer","article_publisher":"https:\/\/www.facebook.com\/ChinaKingTyre","article_modified_time":"2025-08-27T00:54:53+00:00","og_image":[{"width":800,"height":800,"url":"https:\/\/www.chinakingtyre.com\/wp-content\/uploads\/2025\/08\/Kingtyre-K97-Supermoto-Treaded-Racing-Tires.jpg","type":"image\/jpeg"}],"twitter_card":"summary_large_image","twitter_misc":{"Dur\u00e9e de lecture estim\u00e9e":"3 minutes"},"schema":{"@context":"https:\/\/schema.org","@graph":[{"@type":"WebPage","@id":"https:\/\/www.chinakingtyre.com\/product\/kingtyre-k97-sport-on-road\/","url":"https:\/\/www.chinakingtyre.com\/product\/kingtyre-k97-sport-on-road\/","name":"Kingtyre K97 Sport On-Road Motorcycle Tire | Precision Grip","isPartOf":{"@id":"https:\/\/www.chinakingtyre.com\/#website"},"primaryImageOfPage":{"@id":"https:\/\/www.chinakingtyre.com\/product\/kingtyre-k97-sport-on-road\/#primaryimage"},"image":{"@id":"https:\/\/www.chinakingtyre.com\/product\/kingtyre-k97-sport-on-road\/#primaryimage"},"thumbnailUrl":"https:\/\/www.chinakingtyre.com\/wp-content\/uploads\/2025\/08\/Kingtyre-K97-Supermoto-Treaded-Racing-Tires.jpg","datePublished":"2025-08-18T02:38:19+00:00","dateModified":"2025-08-27T00:54:53+00:00","description":"Le pneu Kingtyre K97 Sport On-Road offre une maniabilit\u00e9 d'\u00e9lite, une traction sup\u00e9rieure et une long\u00e9vit\u00e9 accrue. Disponible en plusieurs tailles pour les motos sportives et les motos de tourisme.","breadcrumb":{"@id":"https:\/\/www.chinakingtyre.com\/product\/kingtyre-k97-sport-on-road\/#breadcrumb"},"inLanguage":"fr-FR","potentialAction":[{"@type":"ReadAction","target":["https:\/\/www.chinakingtyre.com\/product\/kingtyre-k97-sport-on-road\/"]}]},{"@type":"ImageObject","inLanguage":"fr-FR","@id":"https:\/\/www.chinakingtyre.com\/product\/kingtyre-k97-sport-on-road\/#primaryimage","url":"https:\/\/www.chinakingtyre.com\/wp-content\/uploads\/2025\/08\/Kingtyre-K97-Supermoto-Treaded-Racing-Tires.jpg","contentUrl":"https:\/\/www.chinakingtyre.com\/wp-content\/uploads\/2025\/08\/Kingtyre-K97-Supermoto-Treaded-Racing-Tires.jpg","width":800,"height":800,"caption":"Kingtyre-K97-Supermoto-Treaded-Racing-Tires"},{"@type":"BreadcrumbList","@id":"https:\/\/www.chinakingtyre.com\/product\/kingtyre-k97-sport-on-road\/#breadcrumb","itemListElement":[{"@type":"ListItem","position":1,"name":"Home","item":"https:\/\/www.chinakingtyre.com\/"},{"@type":"ListItem","position":2,"name":"Kingtyre Product List","item":"https:\/\/www.chinakingtyre.com\/kingtyre-product-list\/"},{"@type":"ListItem","position":3,"name":"Kingtyre K97 Sport On-Road Tire: Advanced Engineering for Precision, Grip, and Longevity"}]},{"@type":"WebSite","@id":"https:\/\/www.chinakingtyre.com\/#website","url":"https:\/\/www.chinakingtyre.com\/","name":"KingTyre Fabricant professionnel de pneus de moto","description":"","publisher":{"@id":"https:\/\/www.chinakingtyre.com\/#organization"},"potentialAction":[{"@type":"SearchAction","target":{"@type":"EntryPoint","urlTemplate":"https:\/\/www.chinakingtyre.com\/?s={search_term_string}"},"query-input":{"@type":"PropertyValueSpecification","valueRequired":true,"valueName":"search_term_string"}}],"inLanguage":"fr-FR"},{"@type":"Organization","@id":"https:\/\/www.chinakingtyre.com\/#organization","name":"TIANJIN KINGTYRE GROUP CO.,LTD","url":"https:\/\/www.chinakingtyre.com\/","logo":{"@type":"ImageObject","inLanguage":"fr-FR","@id":"https:\/\/www.chinakingtyre.com\/#\/schema\/logo\/image\/","url":"https:\/\/www.chinakingtyre.com\/wp-content\/uploads\/2025\/07\/LOGO.png","contentUrl":"https:\/\/www.chinakingtyre.com\/wp-content\/uploads\/2025\/07\/LOGO.png","width":870,"height":212,"caption":"TIANJIN KINGTYRE GROUP CO.,LTD"},"image":{"@id":"https:\/\/www.chinakingtyre.com\/#\/schema\/logo\/image\/"},"sameAs":["https:\/\/www.facebook.com\/ChinaKingTyre"]}]}},"_links":{"self":[{"href":"https:\/\/www.chinakingtyre.com\/fr\/wp-json\/wp\/v2\/product\/452","targetHints":{"allow":["GET"]}}],"collection":[{"href":"https:\/\/www.chinakingtyre.com\/fr\/wp-json\/wp\/v2\/product"}],"about":[{"href":"https:\/\/www.chinakingtyre.com\/fr\/wp-json\/wp\/v2\/types\/product"}],"replies":[{"embeddable":true,"href":"https:\/\/www.chinakingtyre.com\/fr\/wp-json\/wp\/v2\/comments?post=452"}],"wp:featuredmedia":[{"embeddable":true,"href":"https:\/\/www.chinakingtyre.com\/fr\/wp-json\/wp\/v2\/media\/443"}],"wp:attachment":[{"href":"https:\/\/www.chinakingtyre.com\/fr\/wp-json\/wp\/v2\/media?parent=452"}],"curies":[{"name":"wp","href":"https:\/\/api.w.org\/{rel}","templated":true}]}}