{"id":498,"date":"2025-08-22T02:27:29","date_gmt":"2025-08-22T02:27:29","guid":{"rendered":"https:\/\/www.chinakingtyre.com\/?post_type=product&#038;p=498"},"modified":"2025-08-22T02:27:31","modified_gmt":"2025-08-22T02:27:31","slug":"pneus-motocross-kingtyre-x85-x86","status":"publish","type":"product","link":"https:\/\/www.chinakingtyre.com\/fr\/product\/pneus-motocross-kingtyre-x85-x86\/","title":{"rendered":"Kingtyre X85 and X86 Motocross Bikes Tires - Pneus Dirt Bike avanc\u00e9s pour la conduite tout-terrain extr\u00eame"},"content":{"rendered":"<h2><strong>Processus de production et avantages de la bande de roulement des pneus Dirt Bike Kingtyre X85 et X86<\/strong><\/h2>\n<p>Kingtyre a investi dans une technologie de pointe pour mettre au point le syst\u00e8me de gestion des d\u00e9chets de l'entreprise. <strong>Pneus pour motocross X85 et X86<\/strong>La nouvelle g\u00e9n\u00e9ration de chaussures de sport est con\u00e7ue pour les cyclistes qui exigent durabilit\u00e9, traction et stabilit\u00e9 sur les terrains les plus difficiles.<\/p>\n<p>Les deux mod\u00e8les sont fabriqu\u00e9s \u00e0 l'aide de <strong>construction de la carcasse en plusieurs couches<\/strong>, <strong>compos\u00e9s de caoutchouc de premi\u00e8re qualit\u00e9<\/strong>et <strong>proc\u00e9d\u00e9s de vulcanisation avanc\u00e9s<\/strong> pour assurer la constance des performances et prolonger la dur\u00e9e de vie des pneus.<\/p>\n<ul>\n<li><strong>Pneus moto tout-terrain Kingtyre X85<\/strong> comporter un <strong>bande de roulement agressive et molet\u00e9e<\/strong>optimis\u00e9 pour <strong>les randonn\u00e9es en for\u00eat, les pistes boueuses et les terrains meubles<\/strong>. Son large taux de vide am\u00e9liore l'auto-nettoyage, emp\u00eachant l'accumulation de boue.<\/li>\n<li><strong>Pneus Kingtyre X86 pour v\u00e9lo tout-terrain<\/strong> sont con\u00e7ues avec <strong>blocs de marche renforc\u00e9s et \u00e9troitement espac\u00e9s<\/strong>Le syst\u00e8me d'entra\u00eenement de l'utilisateur permet d'obtenir une excellente adh\u00e9rence sur les routes et les chemins. <strong>les terrains rocailleux et les sols durs<\/strong>. Cela fait du X86 l'un des <strong>meilleurs pneus tout-terrain pour motos<\/strong> disponible pour les courses d'enduro et de motocross.<\/li>\n<\/ul>\n<p>Les deux mod\u00e8les int\u00e8grent <strong>parois lat\u00e9rales renforc\u00e9es<\/strong>, <strong>meilleure r\u00e9sistance \u00e0 la perforation<\/strong>et <strong>compos\u00e9s r\u00e9sistants \u00e0 la chaleur<\/strong>Le syst\u00e8me de contr\u00f4le de la qualit\u00e9 de l'eau de mer, qui garantit une fiabilit\u00e9 \u00e0 long terme dans des conditions extr\u00eames, a \u00e9t\u00e9 mis en place.<\/p>\n<p><img loading=\"lazy\" decoding=\"async\" class=\"aligncenter wp-image-499 size-full\" src=\"https:\/\/www.chinakingtyre.com\/wp-content\/uploads\/2025\/08\/Kingtyre-X85-dirt-bike-tires-2.jpg\" alt=\"Kingtyre X85, pneu dirt bike, bande de roulement agressive\" width=\"800\" height=\"800\" srcset=\"https:\/\/www.chinakingtyre.com\/wp-content\/uploads\/2025\/08\/Kingtyre-X85-dirt-bike-tires-2.jpg 800w, https:\/\/www.chinakingtyre.com\/wp-content\/uploads\/2025\/08\/Kingtyre-X85-dirt-bike-tires-2-300x300.jpg 300w, https:\/\/www.chinakingtyre.com\/wp-content\/uploads\/2025\/08\/Kingtyre-X85-dirt-bike-tires-2-150x150.jpg 150w, https:\/\/www.chinakingtyre.com\/wp-content\/uploads\/2025\/08\/Kingtyre-X85-dirt-bike-tires-2-768x768.jpg 768w, https:\/\/www.chinakingtyre.com\/wp-content\/uploads\/2025\/08\/Kingtyre-X85-dirt-bike-tires-2-12x12.jpg 12w, https:\/\/www.chinakingtyre.com\/wp-content\/uploads\/2025\/08\/Kingtyre-X85-dirt-bike-tires-2-600x600.jpg 600w\" sizes=\"auto, (max-width: 800px) 100vw, 800px\" \/><\/p>\n<p><img loading=\"lazy\" decoding=\"async\" class=\"aligncenter wp-image-500 size-full\" src=\"https:\/\/www.chinakingtyre.com\/wp-content\/uploads\/2025\/08\/Kingtyre-X86-dirt-bike-tires-2.jpg\" alt=\"Pneu Kingtyre X86 pour motocross, enduro et terrains rocailleux\" width=\"800\" height=\"800\" srcset=\"https:\/\/www.chinakingtyre.com\/wp-content\/uploads\/2025\/08\/Kingtyre-X86-dirt-bike-tires-2.jpg 800w, https:\/\/www.chinakingtyre.com\/wp-content\/uploads\/2025\/08\/Kingtyre-X86-dirt-bike-tires-2-300x300.jpg 300w, https:\/\/www.chinakingtyre.com\/wp-content\/uploads\/2025\/08\/Kingtyre-X86-dirt-bike-tires-2-150x150.jpg 150w, https:\/\/www.chinakingtyre.com\/wp-content\/uploads\/2025\/08\/Kingtyre-X86-dirt-bike-tires-2-768x768.jpg 768w, https:\/\/www.chinakingtyre.com\/wp-content\/uploads\/2025\/08\/Kingtyre-X86-dirt-bike-tires-2-12x12.jpg 12w, https:\/\/www.chinakingtyre.com\/wp-content\/uploads\/2025\/08\/Kingtyre-X86-dirt-bike-tires-2-600x600.jpg 600w\" sizes=\"auto, (max-width: 800px) 100vw, 800px\" \/><\/p>\n<hr \/>\n<h2><strong>Tailles disponibles des pneus Kingtyre X85 &amp; X86 Dirt Bike<\/strong><\/h2>\n<ul>\n<li><strong>Devant :<\/strong> 80\/100-21<\/li>\n<li><strong>Arri\u00e8re :<\/strong> 110\/90-18, 110\/90-19<\/li>\n<\/ul>\n<p>Ces <strong>Dimensions des pneus moto tout-terrain Kingtyre<\/strong> ont \u00e9t\u00e9 largement test\u00e9s lors de comp\u00e9titions de motocross et d'enduro, garantissant un \u00e9quilibre id\u00e9al entre traction, durabilit\u00e9 et maniabilit\u00e9.<\/p>\n<hr \/>\n<h2><strong>Kingtyre Motocross Motos Pneus Usine<\/strong><\/h2>\n<p>En tant que leader <a href=\"https:\/\/www.chinakingtyre.com\/fr\/\"><strong>motocross v\u00e9los pneus usine<\/strong><\/a>Kingtyre dispose de lignes de production avanc\u00e9es, d'un m\u00e9langeur de caoutchouc automatis\u00e9 et d'une technologie de moulage de pneus \u00e0 commande num\u00e9rique. Notre usine applique des r\u00e8gles strictes en mati\u00e8re de <strong>Normes de qualit\u00e9 ISO\/TS 16949<\/strong>, produisant plus de <strong>2 millions de pneus MC par an<\/strong> pour les courses internationales et les march\u00e9s de consommation.<\/p>\n<p>Principaux avantages de Kingtyre en tant que <a href=\"https:\/\/www.chinakingtyre.com\/fr\/\"><strong>Fabricant de pneus pour v\u00e9los tout-terrain<\/strong><\/a>:<\/p>\n<ul>\n<li><strong>Production \u00e0 haute capacit\u00e9<\/strong> avec une ing\u00e9nierie de pr\u00e9cision.<\/li>\n<li><strong>Compos\u00e9s de caoutchouc de premi\u00e8re qualit\u00e9<\/strong> con\u00e7u pour <strong>performance multi-terrain<\/strong>.<\/li>\n<li><strong>Centre de R&amp;D interne<\/strong> qui se concentre sur les applications de motocross et d'enduro.<\/li>\n<li>Reconnu comme l'un des organismes les plus fiables <strong>Fabricants de pneus MC<\/strong> dans les circuits de comp\u00e9tition.<\/li>\n<\/ul>\n<hr \/>\n<h2><strong>Les 10 points les plus douloureux du motocross et de la moto tout-terrain<\/strong><\/h2>\n<ol>\n<li>Usure rapide de la bande de roulement sur les terrains rocailleux.<\/li>\n<li>Traction m\u00e9diocre dans la boue profonde et les sols mous.<\/li>\n<li>Perforation des flancs par des rochers pointus.<\/li>\n<li>Perte d'adh\u00e9rence sur les surfaces mouill\u00e9es.<\/li>\n<li>Difficult\u00e9 avec la bande de roulement autonettoyante dans les pistes boueuses.<\/li>\n<li>R\u00e9duction des performances dans les virages \u00e0 grande vitesse.<\/li>\n<li>Durabilit\u00e9 limit\u00e9e pour les courses en terrain extr\u00eame.<\/li>\n<li>Surchauffe lors des longues sorties enduro.<\/li>\n<li>Manque de polyvalence entre les terrains souples et les terrains durs.<\/li>\n<li>Difficult\u00e9 \u00e0 trouver le <strong>les meilleurs pneus de dirt bike pour rouler dans les bois<\/strong> et des conditions mixtes.<\/li>\n<\/ol>\n<hr \/>\n<h2><strong>Solutions Kingtyre pour les pneus de motocross X85 et X86<\/strong><\/h2>\n<p>Kingtyre rel\u00e8ve ces d\u00e9fis gr\u00e2ce \u00e0 une conception et des mat\u00e9riaux avanc\u00e9s :<\/p>\n<ul>\n<li><strong>Construction de la carcasse en plusieurs couches<\/strong> pour une meilleure r\u00e9sistance aux chocs.<\/li>\n<li><strong>Pneus moto tout-terrain \u00e0 bande de roulement agressive<\/strong> avec capacit\u00e9 d'auto-nettoyage.<\/li>\n<li><strong>Compos\u00e9 de caoutchouc de premi\u00e8re qualit\u00e9<\/strong> pour une meilleure r\u00e9sistance \u00e0 la chaleur et une plus longue dur\u00e9e de vie de la bande de roulement.<\/li>\n<li><strong>Parois lat\u00e9rales renforc\u00e9es<\/strong> pour r\u00e9duire les crevaisons et am\u00e9liorer la stabilit\u00e9.<\/li>\n<li><strong>G\u00e9om\u00e9trie optimis\u00e9e de la bande de roulement<\/strong> pour une meilleure adh\u00e9rence sur les terrains souples et durs.<\/li>\n<li>Con\u00e7u pour \u00eatre le <strong>les meilleurs pneus moto pour les terrains rocailleux, la boue et la for\u00eat<\/strong>.<\/li>\n<\/ul>\n<hr \/>\n<h2><strong>Caract\u00e9ristiques techniques - Pneus Kingtyre X85 &amp; X86 Dirt Bike<\/strong><\/h2>\n<table style=\"height: 168px;\" width=\"1106\">\n<thead>\n<tr>\n<th><strong>Mod\u00e8le<\/strong><\/th>\n<th><strong>Mod\u00e8le<\/strong><\/th>\n<th><strong>Taille du front<\/strong><\/th>\n<th><strong>Dimensions de l'arri\u00e8re<\/strong><\/th>\n<th><strong>La construction<\/strong><\/th>\n<th><strong>Type de compos\u00e9<\/strong><\/th>\n<th><strong>Avantage cl\u00e9<\/strong><\/th>\n<\/tr>\n<\/thead>\n<tbody>\n<tr>\n<td>Kingtyre X85<\/td>\n<td>Knobby<\/td>\n<td>80\/100-21<\/td>\n<td>110\/90-18, 110\/90-19<\/td>\n<td>Multi-plis<\/td>\n<td>Caoutchouc de premi\u00e8re qualit\u00e9<\/td>\n<td>Les meilleurs pneus de moto tout-terrain pour la boue et les terrains meubles<\/td>\n<\/tr>\n<tr>\n<td>Kingtyre X86<\/td>\n<td>Hybride<\/td>\n<td>80\/100-21<\/td>\n<td>110\/90-18, 110\/90-19<\/td>\n<td>Renforc\u00e9<\/td>\n<td>R\u00e9sistant \u00e0 la chaleur<\/td>\n<td>Meilleur pneu tout terrain pour moto<\/td>\n<\/tr>\n<\/tbody>\n<\/table>\n<hr \/>\n<h2><strong>FAQs - Motocross Motos Pneus Questions courantes<\/strong><\/h2>\n<p><strong>1. Qu'est-ce qui fait du Kingtyre X85 le meilleur pneu de dirt bike pour la conduite en for\u00eat ?<\/strong><\/p>\n<p>Sa large bande de roulement stri\u00e9e offre une adh\u00e9rence et une \u00e9vacuation de la boue maximales.<\/p>\n<p><strong>2. Les pneus X85 et X86 sont-ils adapt\u00e9s aux courses d'enduro ?<\/strong><\/p>\n<p>Oui, ils sont con\u00e7us comme <strong>pneus de moto tout-terrain pour les courses d'enduro<\/strong> avec une durabilit\u00e9 accrue.<\/p>\n<p><strong>3. Quelle est la dur\u00e9e de vie des pneus Kingtyre pour motocross et enduro ?<\/strong><\/p>\n<p>En fonction du terrain, les coureurs atteignent g\u00e9n\u00e9ralement 50 \u00e0 80 heures d'utilisation en comp\u00e9tition.<\/p>\n<p><strong>4. Ces pneus ont-ils des flancs renforc\u00e9s ?<\/strong><\/p>\n<p>Oui, ils le sont <strong>pneus de v\u00e9lo tout-terrain avec flancs renforc\u00e9s<\/strong> pour affronter les sentiers rocailleux.<\/p>\n<p><strong>5. Quelle est la taille de pneu recommand\u00e9e pour les comp\u00e9titions de motocross ?<\/strong><\/p>\n<p>L'adaptation la plus courante est <strong>80\/100-21 (avant)<\/strong> avec <strong>110\/90-19 (arri\u00e8re)<\/strong>.<\/p>\n<p><strong>6. Le Kingtyre X86 peut-il \u00eatre performant sur des pistes \u00e0 rev\u00eatement dur ?<\/strong><\/p>\n<p>Oui, l'espacement des bandes de roulement et le m\u00e9lange de gomme le rendent id\u00e9al pour les surfaces rocailleuses et compactes.<\/p>\n<p><strong>7. Ces pneus conviennent-ils aux motos d'aventure ?<\/strong><\/p>\n<p>Oui, ils font partie de l'\u00e9quipe de Kingtyre. <strong>s\u00e9rie de pneus \u00e0 crampons pour motos d'aventure<\/strong>.<\/p>\n<p><strong>8. Les pneus Kingtyre sont-ils dot\u00e9s d'une bande de roulement autonettoyante ?<\/strong><\/p>\n<p>Oui, les X85 et les X86 int\u00e8grent <strong>pneus tout-terrain avec bande de roulement autonettoyante<\/strong>.<\/p>\n<p><strong>9. Les pneus de motocross Kingtyre sont-ils durables ?<\/strong><\/p>\n<p>Oui, ils sont con\u00e7us comme <strong>pneus de course de v\u00e9lo tout-terrain longue dur\u00e9e<\/strong> avec des compos\u00e9s de premi\u00e8re qualit\u00e9.<\/p>\n<p><strong>10. O\u00f9 sont fabriqu\u00e9s les pneus de moto tout-terrain Kingtyre ?<\/strong><\/p>\n<p>Ils sont produits dans l'usine de pointe de Kingtyre. <strong>pneus moto usine s\u00e9rie off-road<\/strong> l'installation.<\/p>\n<p><!-- notionvc: 765ec662-4d04-459d-b2ee-fdcefabd8fe5 --><\/p>","protected":false},"excerpt":{"rendered":"<p>D\u00e9couvrez les pneus motocross Kingtyre X85 &amp; X86, con\u00e7us avec une bande de roulement agressive pour la boue, les rochers et les bois. Tailles 80\/100-21, 110\/90-18, 110\/90-19. Pneus de moto tout-terrain de premi\u00e8re qualit\u00e9 pour les courses d'enduro et de motocross.<!-- notionvc: c41089e6-be89-4fa8-b323-e147344afaf1 --><\/p>","protected":false},"featured_media":501,"comment_status":"open","ping_status":"closed","template":"","meta":[],"class_list":{"0":"post-498","1":"product","2":"type-product","3":"status-publish","4":"has-post-thumbnail","6":"product_cat-off-road-motorcycle-tires","7":"product_tag-110-90-18","8":"product_tag-110-90-19","9":"product_tag-80-100-21","10":"product_tag-adventure-motorcycle-off-road-tires-factory","11":"product_tag-aggressive-tread-motorcycle-off-road-tires","12":"product_tag-best-all-terrain-motorcycle-off-road-tire","13":"product_tag-best-dirt-bike-tire-for-woods-riding","14":"product_tag-best-dirt-bike-tires-for-mud-and-rocks","15":"product_tag-dirt-bike-tires","16":"product_tag-durable-knobby-tires-for-motorcycles","17":"product_tag-kingtyre-enduro-and-motocross-off-road-tires","18":"product_tag-kingtyre-x85","19":"product_tag-kingtyre-x85-off-road-motorcycle-tires","20":"product_tag-kingtyre-x86","21":"product_tag-kingtyre-x86-dirt-bike-tires","22":"product_tag-motocross-and-enduro-motorcycle-tires","23":"product_tag-motocross-bikes-tires","24":"product_tag-motorcycle-tires-for-extreme-terrain","25":"product_tag-off-road-motorcycle-tires-for-enduro-racing","26":"product_tag-off-road-tires","27":"product_tag-premium-rubber-compound-off-road-tires","29":"first","30":"instock","31":"shipping-taxable","32":"product-type-simple"},"yoast_head":"<!-- This site is optimized with the Yoast SEO Premium plugin v25.1 (Yoast SEO v25.1) - https:\/\/yoast.com\/wordpress\/plugins\/seo\/ -->\n<title>Kingtyre X85 &amp; X86 Dirt Bike Tires | Motocross Bikes Tires for Extreme Off-Road Performance<\/title>\n<meta name=\"description\" content=\"Discover Kingtyre X85 &amp; X86 motocross bikes tires, engineered with aggressive tread for mud, rocks, and woods riding. Sizes 80\/100-21, 110\/90-18, 110\/90-19. Premium off-road motorcycle tires for enduro and motocross racing.\" \/>\n<meta name=\"robots\" content=\"index, follow, max-snippet:-1, max-image-preview:large, max-video-preview:-1\" \/>\n<link rel=\"canonical\" href=\"https:\/\/www.chinakingtyre.com\/fr\/product\/pneus-motocross-kingtyre-x85-x86\/\" \/>\n<meta property=\"og:locale\" content=\"fr_FR\" \/>\n<meta property=\"og:type\" content=\"article\" \/>\n<meta property=\"og:title\" content=\"Kingtyre X85 and X86 Motocross Bikes Tires \u2013 Advanced Dirt Bike Tires for Extreme Off-Road Riding\" \/>\n<meta property=\"og:description\" content=\"Discover Kingtyre X85 &amp; X86 motocross bikes tires, engineered with aggressive tread for mud, rocks, and woods riding. Sizes 80\/100-21, 110\/90-18, 110\/90-19. Premium off-road motorcycle tires for enduro and motocross racing.\" \/>\n<meta property=\"og:url\" content=\"https:\/\/www.chinakingtyre.com\/fr\/product\/pneus-motocross-kingtyre-x85-x86\/\" \/>\n<meta property=\"og:site_name\" content=\"KingTyre Professional motorcycle tire manufacturer\" \/>\n<meta property=\"article:publisher\" content=\"https:\/\/www.facebook.com\/ChinaKingTyre\" \/>\n<meta property=\"article:modified_time\" content=\"2025-08-22T02:27:31+00:00\" \/>\n<meta property=\"og:image\" content=\"https:\/\/www.chinakingtyre.com\/wp-content\/uploads\/2025\/08\/Kingtyre-X85-X86-off-road-tires.jpg\" \/>\n\t<meta property=\"og:image:width\" content=\"800\" \/>\n\t<meta property=\"og:image:height\" content=\"800\" \/>\n\t<meta property=\"og:image:type\" content=\"image\/jpeg\" \/>\n<meta name=\"twitter:card\" content=\"summary_large_image\" \/>\n<meta name=\"twitter:label1\" content=\"Dur\u00e9e de lecture estim\u00e9e\" \/>\n\t<meta name=\"twitter:data1\" content=\"4 minutes\" \/>\n<script type=\"application\/ld+json\" class=\"yoast-schema-graph\">{\"@context\":\"https:\/\/schema.org\",\"@graph\":[{\"@type\":\"WebPage\",\"@id\":\"https:\/\/www.chinakingtyre.com\/product\/kingtyre-motocross-bikes-tires-x85-x86\/\",\"url\":\"https:\/\/www.chinakingtyre.com\/product\/kingtyre-motocross-bikes-tires-x85-x86\/\",\"name\":\"Kingtyre X85 & X86 Dirt Bike Tires | Motocross Bikes Tires for Extreme Off-Road Performance\",\"isPartOf\":{\"@id\":\"https:\/\/www.chinakingtyre.com\/#website\"},\"primaryImageOfPage\":{\"@id\":\"https:\/\/www.chinakingtyre.com\/product\/kingtyre-motocross-bikes-tires-x85-x86\/#primaryimage\"},\"image\":{\"@id\":\"https:\/\/www.chinakingtyre.com\/product\/kingtyre-motocross-bikes-tires-x85-x86\/#primaryimage\"},\"thumbnailUrl\":\"https:\/\/www.chinakingtyre.com\/wp-content\/uploads\/2025\/08\/Kingtyre-X85-X86-off-road-tires.jpg\",\"datePublished\":\"2025-08-22T02:27:29+00:00\",\"dateModified\":\"2025-08-22T02:27:31+00:00\",\"description\":\"Discover Kingtyre X85 & X86 motocross bikes tires, engineered with aggressive tread for mud, rocks, and woods riding. Sizes 80\/100-21, 110\/90-18, 110\/90-19. Premium off-road motorcycle tires for enduro and motocross racing.\",\"breadcrumb\":{\"@id\":\"https:\/\/www.chinakingtyre.com\/product\/kingtyre-motocross-bikes-tires-x85-x86\/#breadcrumb\"},\"inLanguage\":\"fr-FR\",\"potentialAction\":[{\"@type\":\"ReadAction\",\"target\":[\"https:\/\/www.chinakingtyre.com\/product\/kingtyre-motocross-bikes-tires-x85-x86\/\"]}]},{\"@type\":\"ImageObject\",\"inLanguage\":\"fr-FR\",\"@id\":\"https:\/\/www.chinakingtyre.com\/product\/kingtyre-motocross-bikes-tires-x85-x86\/#primaryimage\",\"url\":\"https:\/\/www.chinakingtyre.com\/wp-content\/uploads\/2025\/08\/Kingtyre-X85-X86-off-road-tires.jpg\",\"contentUrl\":\"https:\/\/www.chinakingtyre.com\/wp-content\/uploads\/2025\/08\/Kingtyre-X85-X86-off-road-tires.jpg\",\"width\":800,\"height\":800,\"caption\":\"Kingtyre-X85-X86-off-road-tires\"},{\"@type\":\"BreadcrumbList\",\"@id\":\"https:\/\/www.chinakingtyre.com\/product\/kingtyre-motocross-bikes-tires-x85-x86\/#breadcrumb\",\"itemListElement\":[{\"@type\":\"ListItem\",\"position\":1,\"name\":\"Home\",\"item\":\"https:\/\/www.chinakingtyre.com\/\"},{\"@type\":\"ListItem\",\"position\":2,\"name\":\"Kingtyre Product List\",\"item\":\"https:\/\/www.chinakingtyre.com\/kingtyre-product-list\/\"},{\"@type\":\"ListItem\",\"position\":3,\"name\":\"Kingtyre X85 and X86 Motocross Bikes Tires \u2013 Advanced Dirt Bike Tires for Extreme Off-Road Riding\"}]},{\"@type\":\"WebSite\",\"@id\":\"https:\/\/www.chinakingtyre.com\/#website\",\"url\":\"https:\/\/www.chinakingtyre.com\/\",\"name\":\"KingTyre Professional motorcycle tire manufacturer\",\"description\":\"\",\"publisher\":{\"@id\":\"https:\/\/www.chinakingtyre.com\/#organization\"},\"potentialAction\":[{\"@type\":\"SearchAction\",\"target\":{\"@type\":\"EntryPoint\",\"urlTemplate\":\"https:\/\/www.chinakingtyre.com\/?s={search_term_string}\"},\"query-input\":{\"@type\":\"PropertyValueSpecification\",\"valueRequired\":true,\"valueName\":\"search_term_string\"}}],\"inLanguage\":\"fr-FR\"},{\"@type\":\"Organization\",\"@id\":\"https:\/\/www.chinakingtyre.com\/#organization\",\"name\":\"TIANJIN KINGTYRE GROUP CO.,LTD\",\"url\":\"https:\/\/www.chinakingtyre.com\/\",\"logo\":{\"@type\":\"ImageObject\",\"inLanguage\":\"fr-FR\",\"@id\":\"https:\/\/www.chinakingtyre.com\/#\/schema\/logo\/image\/\",\"url\":\"https:\/\/www.chinakingtyre.com\/wp-content\/uploads\/2025\/07\/LOGO.png\",\"contentUrl\":\"https:\/\/www.chinakingtyre.com\/wp-content\/uploads\/2025\/07\/LOGO.png\",\"width\":870,\"height\":212,\"caption\":\"TIANJIN KINGTYRE GROUP CO.,LTD\"},\"image\":{\"@id\":\"https:\/\/www.chinakingtyre.com\/#\/schema\/logo\/image\/\"},\"sameAs\":[\"https:\/\/www.facebook.com\/ChinaKingTyre\"]}]}<\/script>\n<!-- \/ Yoast SEO Premium plugin. -->","yoast_head_json":{"title":"Kingtyre X85 &amp; X86 Dirt Bike Tires | Motocross Tires for Extreme Off-Road Performance","description":"D\u00e9couvrez les pneus motocross Kingtyre X85 &amp; X86, con\u00e7us avec une bande de roulement agressive pour la boue, les rochers et les bois. Tailles 80\/100-21, 110\/90-18, 110\/90-19. Pneus de moto tout-terrain de premi\u00e8re qualit\u00e9 pour les courses d'enduro et de motocross.","robots":{"index":"index","follow":"follow","max-snippet":"max-snippet:-1","max-image-preview":"max-image-preview:large","max-video-preview":"max-video-preview:-1"},"canonical":"https:\/\/www.chinakingtyre.com\/fr\/product\/pneus-motocross-kingtyre-x85-x86\/","og_locale":"fr_FR","og_type":"article","og_title":"Kingtyre X85 and X86 Motocross Bikes Tires \u2013 Advanced Dirt Bike Tires for Extreme Off-Road Riding","og_description":"Discover Kingtyre X85 & X86 motocross bikes tires, engineered with aggressive tread for mud, rocks, and woods riding. Sizes 80\/100-21, 110\/90-18, 110\/90-19. Premium off-road motorcycle tires for enduro and motocross racing.","og_url":"https:\/\/www.chinakingtyre.com\/fr\/product\/pneus-motocross-kingtyre-x85-x86\/","og_site_name":"KingTyre Professional motorcycle tire manufacturer","article_publisher":"https:\/\/www.facebook.com\/ChinaKingTyre","article_modified_time":"2025-08-22T02:27:31+00:00","og_image":[{"width":800,"height":800,"url":"https:\/\/www.chinakingtyre.com\/wp-content\/uploads\/2025\/08\/Kingtyre-X85-X86-off-road-tires.jpg","type":"image\/jpeg"}],"twitter_card":"summary_large_image","twitter_misc":{"Dur\u00e9e de lecture estim\u00e9e":"4 minutes"},"schema":{"@context":"https:\/\/schema.org","@graph":[{"@type":"WebPage","@id":"https:\/\/www.chinakingtyre.com\/product\/kingtyre-motocross-bikes-tires-x85-x86\/","url":"https:\/\/www.chinakingtyre.com\/product\/kingtyre-motocross-bikes-tires-x85-x86\/","name":"Kingtyre X85 &amp; X86 Dirt Bike Tires | Motocross Tires for Extreme Off-Road Performance","isPartOf":{"@id":"https:\/\/www.chinakingtyre.com\/#website"},"primaryImageOfPage":{"@id":"https:\/\/www.chinakingtyre.com\/product\/kingtyre-motocross-bikes-tires-x85-x86\/#primaryimage"},"image":{"@id":"https:\/\/www.chinakingtyre.com\/product\/kingtyre-motocross-bikes-tires-x85-x86\/#primaryimage"},"thumbnailUrl":"https:\/\/www.chinakingtyre.com\/wp-content\/uploads\/2025\/08\/Kingtyre-X85-X86-off-road-tires.jpg","datePublished":"2025-08-22T02:27:29+00:00","dateModified":"2025-08-22T02:27:31+00:00","description":"D\u00e9couvrez les pneus motocross Kingtyre X85 &amp; X86, con\u00e7us avec une bande de roulement agressive pour la boue, les rochers et les bois. Tailles 80\/100-21, 110\/90-18, 110\/90-19. Pneus de moto tout-terrain de premi\u00e8re qualit\u00e9 pour les courses d'enduro et de motocross.","breadcrumb":{"@id":"https:\/\/www.chinakingtyre.com\/product\/kingtyre-motocross-bikes-tires-x85-x86\/#breadcrumb"},"inLanguage":"fr-FR","potentialAction":[{"@type":"ReadAction","target":["https:\/\/www.chinakingtyre.com\/product\/kingtyre-motocross-bikes-tires-x85-x86\/"]}]},{"@type":"ImageObject","inLanguage":"fr-FR","@id":"https:\/\/www.chinakingtyre.com\/product\/kingtyre-motocross-bikes-tires-x85-x86\/#primaryimage","url":"https:\/\/www.chinakingtyre.com\/wp-content\/uploads\/2025\/08\/Kingtyre-X85-X86-off-road-tires.jpg","contentUrl":"https:\/\/www.chinakingtyre.com\/wp-content\/uploads\/2025\/08\/Kingtyre-X85-X86-off-road-tires.jpg","width":800,"height":800,"caption":"Kingtyre-X85-X86-off-road-tires"},{"@type":"BreadcrumbList","@id":"https:\/\/www.chinakingtyre.com\/product\/kingtyre-motocross-bikes-tires-x85-x86\/#breadcrumb","itemListElement":[{"@type":"ListItem","position":1,"name":"Home","item":"https:\/\/www.chinakingtyre.com\/"},{"@type":"ListItem","position":2,"name":"Kingtyre Product List","item":"https:\/\/www.chinakingtyre.com\/kingtyre-product-list\/"},{"@type":"ListItem","position":3,"name":"Kingtyre X85 and X86 Motocross Bikes Tires \u2013 Advanced Dirt Bike Tires for Extreme Off-Road Riding"}]},{"@type":"WebSite","@id":"https:\/\/www.chinakingtyre.com\/#website","url":"https:\/\/www.chinakingtyre.com\/","name":"KingTyre Fabricant professionnel de pneus de moto","description":"","publisher":{"@id":"https:\/\/www.chinakingtyre.com\/#organization"},"potentialAction":[{"@type":"SearchAction","target":{"@type":"EntryPoint","urlTemplate":"https:\/\/www.chinakingtyre.com\/?s={search_term_string}"},"query-input":{"@type":"PropertyValueSpecification","valueRequired":true,"valueName":"search_term_string"}}],"inLanguage":"fr-FR"},{"@type":"Organization","@id":"https:\/\/www.chinakingtyre.com\/#organization","name":"TIANJIN KINGTYRE GROUP CO.,LTD","url":"https:\/\/www.chinakingtyre.com\/","logo":{"@type":"ImageObject","inLanguage":"fr-FR","@id":"https:\/\/www.chinakingtyre.com\/#\/schema\/logo\/image\/","url":"https:\/\/www.chinakingtyre.com\/wp-content\/uploads\/2025\/07\/LOGO.png","contentUrl":"https:\/\/www.chinakingtyre.com\/wp-content\/uploads\/2025\/07\/LOGO.png","width":870,"height":212,"caption":"TIANJIN KINGTYRE GROUP CO.,LTD"},"image":{"@id":"https:\/\/www.chinakingtyre.com\/#\/schema\/logo\/image\/"},"sameAs":["https:\/\/www.facebook.com\/ChinaKingTyre"]}]}},"_links":{"self":[{"href":"https:\/\/www.chinakingtyre.com\/fr\/wp-json\/wp\/v2\/product\/498","targetHints":{"allow":["GET"]}}],"collection":[{"href":"https:\/\/www.chinakingtyre.com\/fr\/wp-json\/wp\/v2\/product"}],"about":[{"href":"https:\/\/www.chinakingtyre.com\/fr\/wp-json\/wp\/v2\/types\/product"}],"replies":[{"embeddable":true,"href":"https:\/\/www.chinakingtyre.com\/fr\/wp-json\/wp\/v2\/comments?post=498"}],"wp:featuredmedia":[{"embeddable":true,"href":"https:\/\/www.chinakingtyre.com\/fr\/wp-json\/wp\/v2\/media\/501"}],"wp:attachment":[{"href":"https:\/\/www.chinakingtyre.com\/fr\/wp-json\/wp\/v2\/media?parent=498"}],"curies":[{"name":"wp","href":"https:\/\/api.w.org\/{rel}","templated":true}]}}