{"id":532,"date":"2025-08-26T07:04:39","date_gmt":"2025-08-26T07:04:39","guid":{"rendered":"https:\/\/www.chinakingtyre.com\/?post_type=product&#038;p=532"},"modified":"2025-08-26T07:04:41","modified_gmt":"2025-08-26T07:04:41","slug":"pneus-velo-kingtyre-k70-bagger","status":"publish","type":"product","link":"https:\/\/www.chinakingtyre.com\/fr\/product\/pneus-velo-kingtyre-k70-bagger\/","title":{"rendered":"Kingtyre K70 Bagger Bike Tires - Pr\u00e9cision, stabilit\u00e9 et performance de tourisme"},"content":{"rendered":"<h2><strong>Avantages des pneus de v\u00e9lo Kingtyre K70 Bagger<\/strong><\/h2>\n<p>Les <strong>Pneus Kingtyre K70 pour v\u00e9lo bagger<\/strong> sont con\u00e7us pour les motos de tourisme lourdes, offrant stabilit\u00e9, adh\u00e9rence et dur\u00e9e de vie prolong\u00e9e de la bande de roulement. Construit avec <strong>construction renforc\u00e9e de la carcasse<\/strong>Le K70 garantit des performances constantes sous les lourdes charges des motos de tourisme et des baggers.<\/p>\n<p>Cl\u00e9 <strong>avantages de la bande de roulement<\/strong>:<\/p>\n<ul>\n<li><strong>Rainures directionnelles<\/strong>: Optimiser l'\u00e9vacuation de l'eau, en r\u00e9duisant le risque d'aquaplanage en <strong>40% par rapport aux pneus tourisme conventionnels<\/strong>.<\/li>\n<li><strong>Blocs de bande de roulement \u00e0 pas variable<\/strong>: Minimise les bruits de la route et am\u00e9liore le confort sur les longs trajets.<\/li>\n<li><strong>Technologie du double compos\u00e9<\/strong>: Compos\u00e9 \u00e0 centre dur pour un kilom\u00e9trage prolong\u00e9 (test\u00e9 jusqu'\u00e0 <strong>22 000 km<\/strong>), avec des \u00e9paules plus souples pour une meilleure adh\u00e9rence dans les virages.<\/li>\n<li><strong>Formule de caoutchouc r\u00e9sistant \u00e0 la chaleur<\/strong>: Am\u00e9liore la stabilit\u00e9 des pneus \u00e0 des vitesses \u00e9lev\u00e9es sur l'autoroute (\u00e9valu\u00e9e \u00e0 <strong>240 km\/h \/ class\u00e9 VR<\/strong>).<\/li>\n<li><strong>Forme optimis\u00e9e de l'empreinte<\/strong>: Fournitures <strong>8% plus grand patch de contact<\/strong> que les pneus sport touring standard, ce qui garantit la stabilit\u00e9 des motos bagger.<\/li>\n<\/ul>\n<p><img loading=\"lazy\" decoding=\"async\" class=\"aligncenter wp-image-535 size-full\" src=\"https:\/\/www.chinakingtyre.com\/wp-content\/uploads\/2025\/08\/kingtyre-k70-bagger-bike-tires-pattern.jpg\" alt=\"Kingtyre K70 Bagger Bike Tire tread pattern close-up\" width=\"1678\" height=\"794\" srcset=\"https:\/\/www.chinakingtyre.com\/wp-content\/uploads\/2025\/08\/kingtyre-k70-bagger-bike-tires-pattern.jpg 1678w, https:\/\/www.chinakingtyre.com\/wp-content\/uploads\/2025\/08\/kingtyre-k70-bagger-bike-tires-pattern-300x142.jpg 300w, https:\/\/www.chinakingtyre.com\/wp-content\/uploads\/2025\/08\/kingtyre-k70-bagger-bike-tires-pattern-1024x485.jpg 1024w, https:\/\/www.chinakingtyre.com\/wp-content\/uploads\/2025\/08\/kingtyre-k70-bagger-bike-tires-pattern-768x363.jpg 768w, https:\/\/www.chinakingtyre.com\/wp-content\/uploads\/2025\/08\/kingtyre-k70-bagger-bike-tires-pattern-1536x727.jpg 1536w, https:\/\/www.chinakingtyre.com\/wp-content\/uploads\/2025\/08\/kingtyre-k70-bagger-bike-tires-pattern-18x9.jpg 18w, https:\/\/www.chinakingtyre.com\/wp-content\/uploads\/2025\/08\/kingtyre-k70-bagger-bike-tires-pattern-600x284.jpg 600w\" sizes=\"auto, (max-width: 1678px) 100vw, 1678px\" \/><\/p>\n<hr \/>\n<h2><strong>Tailles disponibles<\/strong><\/h2>\n<p><strong>Devant :<\/strong><\/p>\n<ul>\n<li>100\/90R19<\/li>\n<li>130\/90R16<\/li>\n<li>130\/70R18<\/li>\n<li>130\/90B16<\/li>\n<\/ul>\n<p><strong>Arri\u00e8re :<\/strong><\/p>\n<ul>\n<li>130\/90R16<\/li>\n<li>150\/80R16<\/li>\n<li>170\/80R15<\/li>\n<li>180\/60R16<\/li>\n<li>200\/55R16<\/li>\n<\/ul>\n<p><img loading=\"lazy\" decoding=\"async\" class=\"aligncenter wp-image-536 size-full\" src=\"https:\/\/www.chinakingtyre.com\/wp-content\/uploads\/2025\/08\/kingtyre-k70-bagger-bike-tires-sizes.jpg\" alt=\"Kingtyre K70 Bagger pneus v\u00e9lo tableau des tailles disponibles\" width=\"1678\" height=\"794\" srcset=\"https:\/\/www.chinakingtyre.com\/wp-content\/uploads\/2025\/08\/kingtyre-k70-bagger-bike-tires-sizes.jpg 1678w, https:\/\/www.chinakingtyre.com\/wp-content\/uploads\/2025\/08\/kingtyre-k70-bagger-bike-tires-sizes-300x142.jpg 300w, https:\/\/www.chinakingtyre.com\/wp-content\/uploads\/2025\/08\/kingtyre-k70-bagger-bike-tires-sizes-1024x485.jpg 1024w, https:\/\/www.chinakingtyre.com\/wp-content\/uploads\/2025\/08\/kingtyre-k70-bagger-bike-tires-sizes-768x363.jpg 768w, https:\/\/www.chinakingtyre.com\/wp-content\/uploads\/2025\/08\/kingtyre-k70-bagger-bike-tires-sizes-1536x727.jpg 1536w, https:\/\/www.chinakingtyre.com\/wp-content\/uploads\/2025\/08\/kingtyre-k70-bagger-bike-tires-sizes-18x9.jpg 18w, https:\/\/www.chinakingtyre.com\/wp-content\/uploads\/2025\/08\/kingtyre-k70-bagger-bike-tires-sizes-600x284.jpg 600w\" sizes=\"auto, (max-width: 1678px) 100vw, 1678px\" \/><\/p>\n<hr \/>\n<h2><strong>Kingtyre Bagger Bike Tires Factory Introduction<\/strong><\/h2>\n<p>Kingtyre est reconnu comme un professionnel <a href=\"https:\/\/www.chinakingtyre.com\/fr\/\"><strong>pneus v\u00e9lo bagger usine<\/strong><\/a>La Commission europ\u00e9enne, qui approvisionne les march\u00e9s mondiaux en produits de pointe, a mis en place un programme de formation \u00e0 l'intention des entreprises. <strong>Pneus Harley<\/strong> et <strong>pneus sport touring<\/strong>. Avec <strong>Installations certifi\u00e9es ISO\/TS16949<\/strong>Kingtyre int\u00e8gre <strong>les machines robotis\u00e9es de fabrication de pneus, les presses de vulcanisation automatis\u00e9es et la technologie d'inspection par rayons X<\/strong> pour garantir la pr\u00e9cision.<\/p>\n<p>En tant que l'un des principaux <a href=\"https:\/\/www.chinakingtyre.com\/fr\/\"><strong>fabricants de pneus tourisme sport<\/strong><\/a>, Kingtyre exporte vers <strong>plus de 45 pays<\/strong>Les \u00c9tats membres de l'Union europ\u00e9enne, y compris les \u00c9tats-Unis, l'Allemagne et le Japon, sont les principaux b\u00e9n\u00e9ficiaires de l'aide. Chaque <strong>Pneu v\u00e9lo Kingtyre K70 bagger<\/strong> est soumis \u00e0 <strong>tests stricts d'endurance, d'\u00e9quilibre et d'adh\u00e9rence sur sol mouill\u00e9<\/strong> avant la livraison.<\/p>\n<p><img loading=\"lazy\" decoding=\"async\" class=\"aligncenter wp-image-537 size-full\" src=\"https:\/\/www.chinakingtyre.com\/wp-content\/uploads\/2025\/08\/kingtyre-k70-bagger-bike-tires-factory.jpg\" alt=\"L&#039;usine de Kingtyre produit des pneus de v\u00e9lo \u00e0 sac K70\" width=\"1678\" height=\"794\" srcset=\"https:\/\/www.chinakingtyre.com\/wp-content\/uploads\/2025\/08\/kingtyre-k70-bagger-bike-tires-factory.jpg 1678w, https:\/\/www.chinakingtyre.com\/wp-content\/uploads\/2025\/08\/kingtyre-k70-bagger-bike-tires-factory-300x142.jpg 300w, https:\/\/www.chinakingtyre.com\/wp-content\/uploads\/2025\/08\/kingtyre-k70-bagger-bike-tires-factory-1024x485.jpg 1024w, https:\/\/www.chinakingtyre.com\/wp-content\/uploads\/2025\/08\/kingtyre-k70-bagger-bike-tires-factory-768x363.jpg 768w, https:\/\/www.chinakingtyre.com\/wp-content\/uploads\/2025\/08\/kingtyre-k70-bagger-bike-tires-factory-1536x727.jpg 1536w, https:\/\/www.chinakingtyre.com\/wp-content\/uploads\/2025\/08\/kingtyre-k70-bagger-bike-tires-factory-18x9.jpg 18w, https:\/\/www.chinakingtyre.com\/wp-content\/uploads\/2025\/08\/kingtyre-k70-bagger-bike-tires-factory-600x284.jpg 600w\" sizes=\"auto, (max-width: 1678px) 100vw, 1678px\" \/><\/p>\n<hr \/>\n<h2><strong>10 points douloureux communs aux pneus de v\u00e9lo \u00e0 sac<\/strong><\/h2>\n<ol>\n<li>Usure rapide de la bande de roulement en cas de fortes charges.<\/li>\n<li>Mauvaise adh\u00e9rence sur sol mouill\u00e9 \u00e0 vitesse d'autoroute.<\/li>\n<li>Man\u0153uvre instable dans les virages avec des bagages pleins.<\/li>\n<li>Bruit de roulement \u00e9lev\u00e9 sur les longs trajets.<\/li>\n<li>Accumulation de chaleur lors de longs trajets en \u00e9t\u00e9.<\/li>\n<li>Contr\u00f4le difficile du freinage sur l'asphalte mouill\u00e9.<\/li>\n<li>Probl\u00e8mes de vibration sur les chauss\u00e9es irr\u00e9guli\u00e8res.<\/li>\n<li>Manque de stabilit\u00e9 avec un passager et une cargaison.<\/li>\n<li>Dur\u00e9e de vie limit\u00e9e des pneus sur les v\u00e9los de tourisme.<\/li>\n<li>Traction r\u00e9duite sur route mixte.<\/li>\n<\/ol>\n<hr \/>\n<h2><strong>Solutions Kingtyre K70<\/strong><\/h2>\n<ul>\n<li><strong>Compos\u00e9 \u00e0 kilom\u00e9trage \u00e9tendu<\/strong>Pneus \u00e0 bande de roulement : 20% dur\u00e9e de vie plus longue que les pneus de v\u00e9lo bagger standard.<\/li>\n<li><strong>Bande de roulement en silice avanc\u00e9e<\/strong>: Am\u00e9liore l'adh\u00e9rence sur sol mouill\u00e9 de 35%.<\/li>\n<li><strong>Renforcement rigide des flancs<\/strong>: Am\u00e9liore la stabilit\u00e9 de la maniabilit\u00e9 sur les motos de tourisme enti\u00e8rement charg\u00e9es.<\/li>\n<li><strong>Blocs de bande de roulement optimis\u00e9s pour le bruit<\/strong>Le bruit de la 25% est plus silencieux \u00e0 120 km\/h sur l'autoroute.<\/li>\n<li><strong>Carcasse dissipant la chaleur<\/strong>: Maintient des performances stables pendant les longues randonn\u00e9es d'\u00e9t\u00e9.<\/li>\n<li><strong>Conception de la zone de freinage \u00e0 forte adh\u00e9rence<\/strong>: Distance de freinage sur sol mouill\u00e9 r\u00e9duite par 15%.<\/li>\n<li><strong>\u00c9quilibre dynamique<\/strong>: Minimise les vibrations pour une conduite en douceur.<\/li>\n<li><strong>Optimisation du nombre de passagers<\/strong>: Test\u00e9 pour des charges allant jusqu'\u00e0 <strong>480 kg par jeu<\/strong>.<\/li>\n<li><strong>Endurance sur longue distance<\/strong>: Prouv\u00e9 en <strong>10 000 km d'essais de simulation routi\u00e8re en continu<\/strong>.<\/li>\n<li><strong>Adaptabilit\u00e9 \u00e0 toutes les routes<\/strong>: Con\u00e7u pour les autoroutes, les routes urbaines et les itin\u00e9raires de tourisme l\u00e9ger sur gravier.<\/li>\n<\/ul>\n<hr \/>\n<h2><strong>Sp\u00e9cifications techniques<\/strong><\/h2>\n<table style=\"height: 373px;\" width=\"765\">\n<thead>\n<tr>\n<th><strong>Fonctionnalit\u00e9<\/strong><\/th>\n<th><strong>Kingtyre K70 Bagger Bike Tires<\/strong><\/th>\n<\/tr>\n<\/thead>\n<tbody>\n<tr>\n<td>Cat\u00e9gorie de pneus<\/td>\n<td>Bagger Bike \/ Sport Touring<\/td>\n<\/tr>\n<tr>\n<td>La construction<\/td>\n<td>Radial \/ Bias-Belted<\/td>\n<\/tr>\n<tr>\n<td>Indice de vitesse<\/td>\n<td>V \/ VR (jusqu'\u00e0 240 km\/h)<\/td>\n<\/tr>\n<tr>\n<td>Capacit\u00e9 de charge (par pneu)<\/td>\n<td>250-480 kg<\/td>\n<\/tr>\n<tr>\n<td>Compos\u00e9 pour bande de roulement<\/td>\n<td>Double compos\u00e9 Silice + Carbone<\/td>\n<\/tr>\n<tr>\n<td>Kilom\u00e9trage test\u00e9<\/td>\n<td>Jusqu'\u00e0 22 000 km<\/td>\n<\/tr>\n<tr>\n<td>Indice d'adh\u00e9rence sur sol mouill\u00e9<\/td>\n<td>Not\u00e9 A<\/td>\n<\/tr>\n<tr>\n<td>R\u00e9duction du bruit<\/td>\n<td>-25% dB<\/td>\n<\/tr>\n<tr>\n<td>Garantie<\/td>\n<td>Garantie mondiale de 24 mois<\/td>\n<\/tr>\n<\/tbody>\n<\/table>\n<hr \/>\n<h2><strong>FAQs - Questions courantes sur les pneus de v\u00e9lo \u00e0 sac<\/strong><\/h2>\n<p><strong>1. Quelle est la dur\u00e9e de vie des pneus de v\u00e9lo bagger ?<\/strong><\/p>\n<p>Les <strong>Kingtyre K70<\/strong> offre jusqu'\u00e0 <strong>22 000 km<\/strong> de dur\u00e9e de vie dans des conditions normales d'utilisation.<\/p>\n<p><strong>2. Les Kingtyre K70 conviennent-ils aux motos Harley-Davidson Touring ?<\/strong><\/p>\n<p>Oui, le K70 est con\u00e7u comme <strong>les meilleurs pneus pour les motos de tourisme Harley-Davidson<\/strong>Compatible avec les mod\u00e8les Road Glide, Street Glide et Electra Glide.<\/p>\n<p><strong>3. Ces pneus sont-ils performants sous la pluie ?<\/strong><\/p>\n<p>Oui, gr\u00e2ce \u00e0 la <strong>compos\u00e9 riche en silice<\/strong> et <strong>rainures directionnelles<\/strong>L'adh\u00e9rence sur sol mouill\u00e9 est nettement am\u00e9lior\u00e9e.<\/p>\n<p><strong>4. Quelle pression dois-je utiliser ?<\/strong><\/p>\n<p>Recommand\u00e9 : <strong>Avant 36 PSI (\u00e0 froid) \/ Arri\u00e8re 42 PSI (\u00e0 froid)<\/strong>. Ajuster \u00b12 PSI pour les tourn\u00e9es \u00e0 forte charge.<\/p>\n<p><strong>5. Ces pneus sont-ils sans chambre \u00e0 air ?<\/strong><\/p>\n<p>Oui, la gamme K70 est enti\u00e8rement tubeless.<\/p>\n<p><strong>6. Puis-je m\u00e9langer diff\u00e9rentes tailles de K70 ?<\/strong><\/p>\n<p>Oui, \u00e0 condition de respecter les recommandations du fabricant.<\/p>\n<p><strong>7. Ces pneus r\u00e9duisent-ils le bruit de la route ?<\/strong><\/p>\n<p>Oui, la bande de roulement \u00e0 pas variable r\u00e9duit le bruit de <strong>25%<\/strong> par rapport \u00e0 des pneus tourisme standard.<\/p>\n<p><strong>8. Comment g\u00e8rent-ils la chaleur lors des longs trajets d'\u00e9t\u00e9 ?<\/strong><\/p>\n<p>La carcasse r\u00e9sistante \u00e0 la chaleur garantit <strong>des performances constantes jusqu'\u00e0 240 km\/h<\/strong>.<\/p>\n<p><strong>9. Avec quelles motos sont-ils compatibles ?<\/strong><\/p>\n<p>Parfait pour <strong>Motos de tourisme Harley-Davidson, baggers Indian et grands mod\u00e8les de cruisers<\/strong>.<\/p>\n<p><strong>10. O\u00f9 sont fabriqu\u00e9s les pneus Kingtyre K70 ?<\/strong><\/p>\n<p>Produit au <strong>Usine de pneus de moto Kingtyre.<\/strong><\/p>\n<p><!-- notionvc: dc26000a-2032-4d9d-ad0a-27abc1adc072 --><\/p>","protected":false},"excerpt":{"rendered":"<p>D\u00e9couvrez les pneus Kingtyre K70 Bagger Bike - con\u00e7us pour les motos Harley et de tourisme. Ils offrent stabilit\u00e9, adh\u00e9rence, kilom\u00e9trage accru et une bande de roulement de conception avanc\u00e9e.<!-- notionvc: 97f5d76b-20e9-4143-a29d-52e3e46ff5fe --><\/p>","protected":false},"featured_media":534,"comment_status":"open","ping_status":"closed","template":"","meta":[],"class_list":{"0":"post-532","1":"product","2":"type-product","3":"status-publish","4":"has-post-thumbnail","6":"product_cat-cruiser-motorcycle-tires","7":"product_tag-bagger-bike-tires","8":"product_tag-bagger-bike-tires-factory","9":"product_tag-best-motorcycle-tires-for-touring-bikes","10":"product_tag-best-sport-touring-motorcycle-tires","11":"product_tag-best-sport-touring-motorcycle-tyres","12":"product_tag-best-sport-touring-tires","13":"product_tag-best-sport-touring-tyres","14":"product_tag-best-tires-for-harley-davidson-touring-bikes","15":"product_tag-best-touring-motorcycle-tires","16":"product_tag-best-touring-tyres-motorcycle","17":"product_tag-cruiser-motorcycle-tires","18":"product_tag-cruiser-touring-tires","19":"product_tag-harley-tires-manufacturers","20":"product_tag-harley-touring-tires","21":"product_tag-kingtyre-k70","22":"product_tag-motorcycle-touring-tires-factory","23":"product_tag-sport-touring-motorcycle-tires","24":"product_tag-sport-touring-motorcycle-tyres","25":"product_tag-sport-touring-tires","26":"product_tag-sport-touring-tyres","27":"product_tag-touring-motorcycle-tires","29":"first","30":"instock","31":"shipping-taxable","32":"product-type-simple"},"yoast_head":"<!-- This site is optimized with the Yoast SEO Premium plugin v25.1 (Yoast SEO v25.1) - https:\/\/yoast.com\/wordpress\/plugins\/seo\/ -->\n<title>Kingtyre K70 Bagger Bike Tires | Best Sport Touring Tires for Harley &amp; Touring Motorcycles<\/title>\n<meta name=\"description\" content=\"Discover Kingtyre K70 Bagger Bike Tires \u2013 engineered for Harley and touring motorcycles. Offering stability, grip, extended mileage, and advanced tread design.\" \/>\n<meta name=\"robots\" content=\"index, follow, max-snippet:-1, max-image-preview:large, max-video-preview:-1\" \/>\n<link rel=\"canonical\" href=\"https:\/\/www.chinakingtyre.com\/fr\/product\/pneus-velo-kingtyre-k70-bagger\/\" \/>\n<meta property=\"og:locale\" content=\"fr_FR\" \/>\n<meta property=\"og:type\" content=\"article\" \/>\n<meta property=\"og:title\" content=\"Kingtyre K70 Bagger Bike Tires \u2013 Precision, Stability, and Touring Performance\" \/>\n<meta property=\"og:description\" content=\"Discover Kingtyre K70 Bagger Bike Tires \u2013 engineered for Harley and touring motorcycles. Offering stability, grip, extended mileage, and advanced tread design.\" \/>\n<meta property=\"og:url\" content=\"https:\/\/www.chinakingtyre.com\/fr\/product\/pneus-velo-kingtyre-k70-bagger\/\" \/>\n<meta property=\"og:site_name\" content=\"KingTyre Professional motorcycle tire manufacturer\" \/>\n<meta property=\"article:publisher\" content=\"https:\/\/www.facebook.com\/ChinaKingTyre\" \/>\n<meta property=\"article:modified_time\" content=\"2025-08-26T07:04:41+00:00\" \/>\n<meta property=\"og:image\" content=\"https:\/\/www.chinakingtyre.com\/wp-content\/uploads\/2025\/08\/Kingtyre-K70-bagger-bike-tires.jpg\" \/>\n\t<meta property=\"og:image:width\" content=\"800\" \/>\n\t<meta property=\"og:image:height\" content=\"800\" \/>\n\t<meta property=\"og:image:type\" content=\"image\/jpeg\" \/>\n<meta name=\"twitter:card\" content=\"summary_large_image\" \/>\n<meta name=\"twitter:label1\" content=\"Dur\u00e9e de lecture estim\u00e9e\" \/>\n\t<meta name=\"twitter:data1\" content=\"4 minutes\" \/>\n<script type=\"application\/ld+json\" class=\"yoast-schema-graph\">{\"@context\":\"https:\/\/schema.org\",\"@graph\":[{\"@type\":\"WebPage\",\"@id\":\"https:\/\/www.chinakingtyre.com\/product\/kingtyre-k70-bagger-bike-tires\/\",\"url\":\"https:\/\/www.chinakingtyre.com\/product\/kingtyre-k70-bagger-bike-tires\/\",\"name\":\"Kingtyre K70 Bagger Bike Tires | Best Sport Touring Tires for Harley & Touring Motorcycles\",\"isPartOf\":{\"@id\":\"https:\/\/www.chinakingtyre.com\/#website\"},\"primaryImageOfPage\":{\"@id\":\"https:\/\/www.chinakingtyre.com\/product\/kingtyre-k70-bagger-bike-tires\/#primaryimage\"},\"image\":{\"@id\":\"https:\/\/www.chinakingtyre.com\/product\/kingtyre-k70-bagger-bike-tires\/#primaryimage\"},\"thumbnailUrl\":\"https:\/\/www.chinakingtyre.com\/wp-content\/uploads\/2025\/08\/Kingtyre-K70-bagger-bike-tires.jpg\",\"datePublished\":\"2025-08-26T07:04:39+00:00\",\"dateModified\":\"2025-08-26T07:04:41+00:00\",\"description\":\"Discover Kingtyre K70 Bagger Bike Tires \u2013 engineered for Harley and touring motorcycles. Offering stability, grip, extended mileage, and advanced tread design.\",\"breadcrumb\":{\"@id\":\"https:\/\/www.chinakingtyre.com\/product\/kingtyre-k70-bagger-bike-tires\/#breadcrumb\"},\"inLanguage\":\"fr-FR\",\"potentialAction\":[{\"@type\":\"ReadAction\",\"target\":[\"https:\/\/www.chinakingtyre.com\/product\/kingtyre-k70-bagger-bike-tires\/\"]}]},{\"@type\":\"ImageObject\",\"inLanguage\":\"fr-FR\",\"@id\":\"https:\/\/www.chinakingtyre.com\/product\/kingtyre-k70-bagger-bike-tires\/#primaryimage\",\"url\":\"https:\/\/www.chinakingtyre.com\/wp-content\/uploads\/2025\/08\/Kingtyre-K70-bagger-bike-tires.jpg\",\"contentUrl\":\"https:\/\/www.chinakingtyre.com\/wp-content\/uploads\/2025\/08\/Kingtyre-K70-bagger-bike-tires.jpg\",\"width\":800,\"height\":800,\"caption\":\"Kingtyre-K70-bagger-bike-tires\"},{\"@type\":\"BreadcrumbList\",\"@id\":\"https:\/\/www.chinakingtyre.com\/product\/kingtyre-k70-bagger-bike-tires\/#breadcrumb\",\"itemListElement\":[{\"@type\":\"ListItem\",\"position\":1,\"name\":\"Home\",\"item\":\"https:\/\/www.chinakingtyre.com\/\"},{\"@type\":\"ListItem\",\"position\":2,\"name\":\"Kingtyre Product List\",\"item\":\"https:\/\/www.chinakingtyre.com\/kingtyre-product-list\/\"},{\"@type\":\"ListItem\",\"position\":3,\"name\":\"Kingtyre K70 Bagger Bike Tires \u2013 Precision, Stability, and Touring Performance\"}]},{\"@type\":\"WebSite\",\"@id\":\"https:\/\/www.chinakingtyre.com\/#website\",\"url\":\"https:\/\/www.chinakingtyre.com\/\",\"name\":\"KingTyre Professional motorcycle tire manufacturer\",\"description\":\"\",\"publisher\":{\"@id\":\"https:\/\/www.chinakingtyre.com\/#organization\"},\"potentialAction\":[{\"@type\":\"SearchAction\",\"target\":{\"@type\":\"EntryPoint\",\"urlTemplate\":\"https:\/\/www.chinakingtyre.com\/?s={search_term_string}\"},\"query-input\":{\"@type\":\"PropertyValueSpecification\",\"valueRequired\":true,\"valueName\":\"search_term_string\"}}],\"inLanguage\":\"fr-FR\"},{\"@type\":\"Organization\",\"@id\":\"https:\/\/www.chinakingtyre.com\/#organization\",\"name\":\"TIANJIN KINGTYRE GROUP CO.,LTD\",\"url\":\"https:\/\/www.chinakingtyre.com\/\",\"logo\":{\"@type\":\"ImageObject\",\"inLanguage\":\"fr-FR\",\"@id\":\"https:\/\/www.chinakingtyre.com\/#\/schema\/logo\/image\/\",\"url\":\"https:\/\/www.chinakingtyre.com\/wp-content\/uploads\/2025\/07\/LOGO.png\",\"contentUrl\":\"https:\/\/www.chinakingtyre.com\/wp-content\/uploads\/2025\/07\/LOGO.png\",\"width\":870,\"height\":212,\"caption\":\"TIANJIN KINGTYRE GROUP CO.,LTD\"},\"image\":{\"@id\":\"https:\/\/www.chinakingtyre.com\/#\/schema\/logo\/image\/\"},\"sameAs\":[\"https:\/\/www.facebook.com\/ChinaKingTyre\"]}]}<\/script>\n<!-- \/ Yoast SEO Premium plugin. -->","yoast_head_json":{"title":"Kingtyre K70 Bagger Bike Tires | Best Sport Touring Tires for Harley &amp; Touring Motorcycles","description":"D\u00e9couvrez les pneus Kingtyre K70 Bagger Bike - con\u00e7us pour les motos Harley et de tourisme. Ils offrent stabilit\u00e9, adh\u00e9rence, kilom\u00e9trage accru et une bande de roulement de conception avanc\u00e9e.","robots":{"index":"index","follow":"follow","max-snippet":"max-snippet:-1","max-image-preview":"max-image-preview:large","max-video-preview":"max-video-preview:-1"},"canonical":"https:\/\/www.chinakingtyre.com\/fr\/product\/pneus-velo-kingtyre-k70-bagger\/","og_locale":"fr_FR","og_type":"article","og_title":"Kingtyre K70 Bagger Bike Tires \u2013 Precision, Stability, and Touring Performance","og_description":"Discover Kingtyre K70 Bagger Bike Tires \u2013 engineered for Harley and touring motorcycles. Offering stability, grip, extended mileage, and advanced tread design.","og_url":"https:\/\/www.chinakingtyre.com\/fr\/product\/pneus-velo-kingtyre-k70-bagger\/","og_site_name":"KingTyre Professional motorcycle tire manufacturer","article_publisher":"https:\/\/www.facebook.com\/ChinaKingTyre","article_modified_time":"2025-08-26T07:04:41+00:00","og_image":[{"width":800,"height":800,"url":"https:\/\/www.chinakingtyre.com\/wp-content\/uploads\/2025\/08\/Kingtyre-K70-bagger-bike-tires.jpg","type":"image\/jpeg"}],"twitter_card":"summary_large_image","twitter_misc":{"Dur\u00e9e de lecture estim\u00e9e":"4 minutes"},"schema":{"@context":"https:\/\/schema.org","@graph":[{"@type":"WebPage","@id":"https:\/\/www.chinakingtyre.com\/product\/kingtyre-k70-bagger-bike-tires\/","url":"https:\/\/www.chinakingtyre.com\/product\/kingtyre-k70-bagger-bike-tires\/","name":"Kingtyre K70 Bagger Bike Tires | Best Sport Touring Tires for Harley &amp; Touring Motorcycles","isPartOf":{"@id":"https:\/\/www.chinakingtyre.com\/#website"},"primaryImageOfPage":{"@id":"https:\/\/www.chinakingtyre.com\/product\/kingtyre-k70-bagger-bike-tires\/#primaryimage"},"image":{"@id":"https:\/\/www.chinakingtyre.com\/product\/kingtyre-k70-bagger-bike-tires\/#primaryimage"},"thumbnailUrl":"https:\/\/www.chinakingtyre.com\/wp-content\/uploads\/2025\/08\/Kingtyre-K70-bagger-bike-tires.jpg","datePublished":"2025-08-26T07:04:39+00:00","dateModified":"2025-08-26T07:04:41+00:00","description":"D\u00e9couvrez les pneus Kingtyre K70 Bagger Bike - con\u00e7us pour les motos Harley et de tourisme. Ils offrent stabilit\u00e9, adh\u00e9rence, kilom\u00e9trage accru et une bande de roulement de conception avanc\u00e9e.","breadcrumb":{"@id":"https:\/\/www.chinakingtyre.com\/product\/kingtyre-k70-bagger-bike-tires\/#breadcrumb"},"inLanguage":"fr-FR","potentialAction":[{"@type":"ReadAction","target":["https:\/\/www.chinakingtyre.com\/product\/kingtyre-k70-bagger-bike-tires\/"]}]},{"@type":"ImageObject","inLanguage":"fr-FR","@id":"https:\/\/www.chinakingtyre.com\/product\/kingtyre-k70-bagger-bike-tires\/#primaryimage","url":"https:\/\/www.chinakingtyre.com\/wp-content\/uploads\/2025\/08\/Kingtyre-K70-bagger-bike-tires.jpg","contentUrl":"https:\/\/www.chinakingtyre.com\/wp-content\/uploads\/2025\/08\/Kingtyre-K70-bagger-bike-tires.jpg","width":800,"height":800,"caption":"Kingtyre-K70-bagger-bike-tires"},{"@type":"BreadcrumbList","@id":"https:\/\/www.chinakingtyre.com\/product\/kingtyre-k70-bagger-bike-tires\/#breadcrumb","itemListElement":[{"@type":"ListItem","position":1,"name":"Home","item":"https:\/\/www.chinakingtyre.com\/"},{"@type":"ListItem","position":2,"name":"Kingtyre Product List","item":"https:\/\/www.chinakingtyre.com\/kingtyre-product-list\/"},{"@type":"ListItem","position":3,"name":"Kingtyre K70 Bagger Bike Tires \u2013 Precision, Stability, and Touring Performance"}]},{"@type":"WebSite","@id":"https:\/\/www.chinakingtyre.com\/#website","url":"https:\/\/www.chinakingtyre.com\/","name":"KingTyre Fabricant professionnel de pneus de moto","description":"","publisher":{"@id":"https:\/\/www.chinakingtyre.com\/#organization"},"potentialAction":[{"@type":"SearchAction","target":{"@type":"EntryPoint","urlTemplate":"https:\/\/www.chinakingtyre.com\/?s={search_term_string}"},"query-input":{"@type":"PropertyValueSpecification","valueRequired":true,"valueName":"search_term_string"}}],"inLanguage":"fr-FR"},{"@type":"Organization","@id":"https:\/\/www.chinakingtyre.com\/#organization","name":"TIANJIN KINGTYRE GROUP CO.,LTD","url":"https:\/\/www.chinakingtyre.com\/","logo":{"@type":"ImageObject","inLanguage":"fr-FR","@id":"https:\/\/www.chinakingtyre.com\/#\/schema\/logo\/image\/","url":"https:\/\/www.chinakingtyre.com\/wp-content\/uploads\/2025\/07\/LOGO.png","contentUrl":"https:\/\/www.chinakingtyre.com\/wp-content\/uploads\/2025\/07\/LOGO.png","width":870,"height":212,"caption":"TIANJIN KINGTYRE GROUP CO.,LTD"},"image":{"@id":"https:\/\/www.chinakingtyre.com\/#\/schema\/logo\/image\/"},"sameAs":["https:\/\/www.facebook.com\/ChinaKingTyre"]}]}},"_links":{"self":[{"href":"https:\/\/www.chinakingtyre.com\/fr\/wp-json\/wp\/v2\/product\/532","targetHints":{"allow":["GET"]}}],"collection":[{"href":"https:\/\/www.chinakingtyre.com\/fr\/wp-json\/wp\/v2\/product"}],"about":[{"href":"https:\/\/www.chinakingtyre.com\/fr\/wp-json\/wp\/v2\/types\/product"}],"replies":[{"embeddable":true,"href":"https:\/\/www.chinakingtyre.com\/fr\/wp-json\/wp\/v2\/comments?post=532"}],"wp:featuredmedia":[{"embeddable":true,"href":"https:\/\/www.chinakingtyre.com\/fr\/wp-json\/wp\/v2\/media\/534"}],"wp:attachment":[{"href":"https:\/\/www.chinakingtyre.com\/fr\/wp-json\/wp\/v2\/media?parent=532"}],"curies":[{"name":"wp","href":"https:\/\/api.w.org\/{rel}","templated":true}]}}