{"id":538,"date":"2025-08-26T07:57:49","date_gmt":"2025-08-26T07:57:49","guid":{"rendered":"https:\/\/www.chinakingtyre.com\/?post_type=product&#038;p=538"},"modified":"2025-08-26T07:57:51","modified_gmt":"2025-08-26T07:57:51","slug":"pneus-kingtyre-k91-cruiser","status":"publish","type":"product","link":"https:\/\/www.chinakingtyre.com\/fr\/product\/pneus-kingtyre-k91-cruiser\/","title":{"rendered":"Kingtyre K91 Cruiser Tires - Le choix ultime pour les motos Cruiser, Touring et Bagger"},"content":{"rendered":"<h2><strong>Processus de fabrication avanc\u00e9 et avantages en termes de performances des pneus Kingtyre K91 Cruiser<\/strong><\/h2>\n<p>Les <strong>Pneus Kingtyre K91 Cruiser<\/strong> sont dot\u00e9s d'une technologie de pointe en mati\u00e8re de pneumatiques, sp\u00e9cialement con\u00e7ue pour les v\u00e9hicules de la cat\u00e9gorie \"B\". <strong>Motos Cruiser, Touring et Bagger<\/strong>. Utilisation des fonctions avanc\u00e9es <strong>construction en biais ceintur\u00e9e (B)<\/strong>Le K91 garantit une capacit\u00e9 de charge sup\u00e9rieure, un kilom\u00e9trage plus important et une stabilit\u00e9 in\u00e9gal\u00e9e sur les longs trajets.<\/p>\n<ul>\n<li><strong>Pour les cruisers :<\/strong> Le motif K91 offre une excellente adh\u00e9rence sur les routes s\u00e8ches et mouill\u00e9es, ce qui renforce la confiance lors des trajets en ville et sur autoroute.<\/li>\n<li><strong>Pour les cyclotouristes :<\/strong> Gr\u00e2ce aux rainures optimis\u00e9es de la bande de roulement, le K91 r\u00e9duit l'accumulation de chaleur lors des d\u00e9placements sur de longues distances, prolongeant ainsi la dur\u00e9e de vie du pneu jusqu'\u00e0 <strong>15% compar\u00e9 aux pneus tourisme standard<\/strong>.<\/li>\n<li><strong>Pour les motos Bagger :<\/strong> La structure renforc\u00e9e de la carcasse assure la stabilit\u00e9 sous de lourdes charges, ce qui le rend id\u00e9al pour les voyages au long cours avec sacoches et passagers.<\/li>\n<\/ul>\n<hr \/>\n<h2><strong>Tailles disponibles des pneus Kingtyre K91 Cruiser<\/strong><\/h2>\n<h3><strong>Avant -<\/strong><strong>130\/80B17<\/strong><\/h3>\n<ul>\n<li>Couramment utilis\u00e9 comme pneu avant pour <strong>Motos Cruiser \/ Touring \/ Bagger<\/strong>.<\/li>\n<li>Mod\u00e8les adapt\u00e9s :\n<ul>\n<li>Harley-Davidson Road King<\/li>\n<li>Honda Gold Wing (certains mod\u00e8les)<\/li>\n<li>Yamaha XV1700 Road Star<\/li>\n<li>Chef indien<\/li>\n<\/ul>\n<\/li>\n<\/ul>\n<h3><strong>Arri\u00e8re -<\/strong><strong>180\/65B16<\/strong><\/h3>\n<ul>\n<li>Con\u00e7u pour les grandes <strong>Motos de tourisme et bagger bikes<\/strong>.<\/li>\n<li>Mod\u00e8les adapt\u00e9s :\n<ul>\n<li>Harley-Davidson Electra Glide \/ Ultra Limited<\/li>\n<li>Harley-Davidson Street Glide<\/li>\n<li>Honda Valkyrie<\/li>\n<li>Indian Roadmaster<\/li>\n<li>Motos bagger de type tourisme<\/li>\n<\/ul>\n<\/li>\n<\/ul>\n<p><img loading=\"lazy\" decoding=\"async\" class=\"aligncenter wp-image-541 size-full\" src=\"https:\/\/www.chinakingtyre.com\/wp-content\/uploads\/2025\/08\/kingtyre-k91-rear-bagger-tires.jpg\" alt=\"Pneu cruiser arri\u00e8re Kingtyre K91 pour Harley-Davidson Touring et bagger\" width=\"1678\" height=\"794\" srcset=\"https:\/\/www.chinakingtyre.com\/wp-content\/uploads\/2025\/08\/kingtyre-k91-rear-bagger-tires.jpg 1678w, https:\/\/www.chinakingtyre.com\/wp-content\/uploads\/2025\/08\/kingtyre-k91-rear-bagger-tires-300x142.jpg 300w, https:\/\/www.chinakingtyre.com\/wp-content\/uploads\/2025\/08\/kingtyre-k91-rear-bagger-tires-1024x485.jpg 1024w, https:\/\/www.chinakingtyre.com\/wp-content\/uploads\/2025\/08\/kingtyre-k91-rear-bagger-tires-768x363.jpg 768w, https:\/\/www.chinakingtyre.com\/wp-content\/uploads\/2025\/08\/kingtyre-k91-rear-bagger-tires-1536x727.jpg 1536w, https:\/\/www.chinakingtyre.com\/wp-content\/uploads\/2025\/08\/kingtyre-k91-rear-bagger-tires-18x9.jpg 18w, https:\/\/www.chinakingtyre.com\/wp-content\/uploads\/2025\/08\/kingtyre-k91-rear-bagger-tires-600x284.jpg 600w\" sizes=\"auto, (max-width: 1678px) 100vw, 1678px\" \/><\/p>\n<hr \/>\n<h2><strong>Kingtyre Factory - Fabricant leader de pneus de croisi\u00e8re et de pneus de tourisme<\/strong><\/h2>\n<p>Kingtyre fonctionne comme un <a href=\"https:\/\/www.chinakingtyre.com\/fr\/\"><strong>Usine de pneus Cruiser<\/strong><\/a>sp\u00e9cialis\u00e9e dans <strong>pneus tourisme<\/strong> et <a href=\"https:\/\/www.chinakingtyre.com\/fr\/\"><strong>pneus d'ensacheuse<\/strong> fabrication<\/a>. Notre usine int\u00e8gre :<\/p>\n<ul>\n<li><strong>Lignes de production certifi\u00e9es ISO<\/strong> garantissant la pr\u00e9cision et la qualit\u00e9.<\/li>\n<li><strong>Automatisation robotique<\/strong> pour un m\u00e9lange homog\u00e8ne des m\u00e9langes et la d\u00e9coupe de la bande de roulement.<\/li>\n<li><strong>Test d'\u00e9quilibre dynamique<\/strong> simulant des vitesses allant jusqu'\u00e0 <strong>200 km\/h<\/strong>.<\/li>\n<li><strong>Tests d'endurance<\/strong> qui a une dur\u00e9e de vie de plus de <strong>20 000 miles<\/strong> sur l'autoroute.<\/li>\n<\/ul>\n<p>Fort d'une exp\u00e9rience de plusieurs d\u00e9cennies, Kingtyre est reconnu comme l'un des principaux acteurs du secteur de la sant\u00e9. <strong>Fabricants de pneus tourisme<\/strong> et <strong>Fabricants de pneus d'ensacheuses<\/strong> dans le monde entier.<\/p>\n<p><img loading=\"lazy\" decoding=\"async\" class=\"aligncenter wp-image-540 size-full\" src=\"https:\/\/www.chinakingtyre.com\/wp-content\/uploads\/2025\/08\/Kingtyre-K91-Touring-Bagger-tires.jpg\" alt=\"Kingtyre K91 Cruiser Tires front tread design for Harley-Davidson and Touring motorcycles\" width=\"800\" height=\"800\" srcset=\"https:\/\/www.chinakingtyre.com\/wp-content\/uploads\/2025\/08\/Kingtyre-K91-Touring-Bagger-tires.jpg 800w, https:\/\/www.chinakingtyre.com\/wp-content\/uploads\/2025\/08\/Kingtyre-K91-Touring-Bagger-tires-300x300.jpg 300w, https:\/\/www.chinakingtyre.com\/wp-content\/uploads\/2025\/08\/Kingtyre-K91-Touring-Bagger-tires-150x150.jpg 150w, https:\/\/www.chinakingtyre.com\/wp-content\/uploads\/2025\/08\/Kingtyre-K91-Touring-Bagger-tires-768x768.jpg 768w, https:\/\/www.chinakingtyre.com\/wp-content\/uploads\/2025\/08\/Kingtyre-K91-Touring-Bagger-tires-12x12.jpg 12w, https:\/\/www.chinakingtyre.com\/wp-content\/uploads\/2025\/08\/Kingtyre-K91-Touring-Bagger-tires-600x600.jpg 600w\" sizes=\"auto, (max-width: 800px) 100vw, 800px\" \/><\/p>\n<hr \/>\n<h2><strong>10 points douloureux communs aux pneus de voiture de croisi\u00e8re<\/strong><\/h2>\n<ol>\n<li>Usure in\u00e9gale de la bande de roulement sur les v\u00e9los de tourisme lourds<\/li>\n<li>Adh\u00e9rence r\u00e9duite par temps humide<\/li>\n<li>Vibrations \u00e0 vitesse \u00e9lev\u00e9e<\/li>\n<li>Mauvaise stabilit\u00e9 en virage<\/li>\n<li>Accumulation excessive de chaleur pendant les longs trajets<\/li>\n<li>Kilom\u00e9trage limit\u00e9 pour les voyages de longue dur\u00e9e<\/li>\n<li>Instabilit\u00e9 lors du transport de passagers et de bagages<\/li>\n<li>Difficult\u00e9 \u00e0 trouver <strong>les meilleurs pneus pour les motos Harley-Davidson Touring<\/strong><\/li>\n<li>Fissures des parois lat\u00e9rales dues \u00e0 de lourdes charges<\/li>\n<li>Bruit et inconfort pendant la croisi\u00e8re \u00e0 grande vitesse<\/li>\n<\/ol>\n<hr \/>\n<h2><strong>Kingtyre K91 Solutions pour les cavaliers<\/strong><\/h2>\n<ul>\n<li><strong>Carcasse renforc\u00e9e :<\/strong> Supporte les charges lourdes des ensacheurs sans d\u00e9formation.<\/li>\n<li><strong>Compos\u00e9 optimis\u00e9 pour la bande de roulement :<\/strong> Fournit <strong>20% meilleure adh\u00e9rence sur sol mouill\u00e9<\/strong> par rapport aux pneus g\u00e9n\u00e9riques de cruiser.<\/li>\n<li><strong>Compos\u00e9 de caoutchouc \u00e0 kilom\u00e9trage \u00e9tendu :<\/strong> R\u00e9alise <strong>dur\u00e9e de vie jusqu'\u00e0 25 000 km<\/strong> sur les motos de tourisme.<\/li>\n<li><strong>Technologie de stabilit\u00e9 :<\/strong> Maintient l'\u00e9quilibre et le confort pendant les trajets de longue dur\u00e9e.<\/li>\n<li><strong>Performance tout temps :<\/strong> Les rainures profondes de la bande de roulement assurent la traction sur sol sec et mouill\u00e9.<\/li>\n<\/ul>\n<hr \/>\n<h2><strong>Applications moto pour Kingtyre K91<\/strong><\/h2>\n<p>Le Kingtyre K91 est sp\u00e9cialement con\u00e7u pour :<\/p>\n<ul>\n<li><strong>Motos de croisi\u00e8re<\/strong> - Harley-Davidson Road King, Yamaha Road Star<\/li>\n<li><strong>Motos de tourisme<\/strong> - Honda Gold Wing, Harley-Davidson Electra Glide<\/li>\n<li><strong>Motos Bagger<\/strong> - Indian Roadmaster, Harley-Davidson Street Glide<\/li>\n<\/ul>\n<hr \/>\n<h2><strong>FAQ - Questions courantes sur les pneus Cruiser et les pneus Touring<\/strong><\/h2>\n<p><strong>Q1 : Quelle est la dur\u00e9e de vie des pneus Kingtyre K91 Cruiser ?<\/strong><\/p>\n<p>A1 : Jusqu'\u00e0 <strong>25 000 km<\/strong>en fonction du style de conduite et de la charge.<\/p>\n<p><strong>Q2 : Les pneus K91 sont-ils adapt\u00e9s au temps pluvieux ?<\/strong><\/p>\n<p>R2 : Oui, les rainures de la bande de roulement permettent une meilleure \u00e9vacuation de l'eau.<\/p>\n<p><strong>Q3 : Puis-je utiliser le K91 sur les motos Harley-Davidson Touring ?<\/strong><\/p>\n<p>A3 : Absolument. Les <strong>180\/65B16 \u00e0 l'arri\u00e8re<\/strong> est une adaptation directe pour Electra Glide, Street Glide et Ultra Limited.<\/p>\n<p><strong>Q4 : Ces pneus conviennent-ils pour rouler \u00e0 deux avec des bagages ?<\/strong><\/p>\n<p>A4 : Oui, la carcasse renforc\u00e9e est con\u00e7ue pour une stabilit\u00e9 maximale de la charge.<\/p>\n<p><strong>Q5 : Les pneus Kingtyre K91 r\u00e9duisent-ils les vibrations \u00e0 grande vitesse ?<\/strong><\/p>\n<p>A5 : Oui, ils subissent <strong>l'\u00e9quilibrage dynamique<\/strong> tests pour des d\u00e9placements en douceur jusqu'\u00e0 <strong>200 km\/h<\/strong>.<\/p>\n<p><strong>Q6 : S'agit-il de pneus sans chambre \u00e0 air ou de pneus avec chambre \u00e0 air ?<\/strong><\/p>\n<p>A6 : Les pneus K91 Cruiser sont <strong>sans chambre \u00e0 air<\/strong> avec des perles renforc\u00e9es.<\/p>\n<p><strong>Q7 : Comment le K91 se compare-t-il aux meilleurs pneus de moto de tourisme ?<\/strong><\/p>\n<p>A7 : Le K91 associe des marques mondiales de premier plan \u00e0 des produits de qualit\u00e9. <strong>meilleur rapport qualit\u00e9\/prix et kilom\u00e9trage plus \u00e9lev\u00e9<\/strong>.<\/p>\n<p><strong>Q8 : Convient-il aux motos de tourisme sportif ?<\/strong><\/p>\n<p>A8 : Bien qu'optimis\u00e9s pour les cruisers et les baggers, ils sont \u00e9galement tr\u00e8s performants sur les routes. <strong>motos de tourisme sportif<\/strong>.<\/p>\n<p><strong>Q9 : Comment entretenir les pneus de mon cruiser ?<\/strong><\/p>\n<p>A9 : V\u00e9rifier r\u00e9guli\u00e8rement la pression d'air, l'alignement et la capacit\u00e9 de charge.<\/p>\n<p><strong>Q10 : Les pneus Kingtyre K91 sont-ils assortis d'une garantie ?<\/strong><\/p>\n<p>R10 : Oui, Kingtyre propose une <strong>Garantie de fabrication de 2 ans<\/strong>.<\/p>\n<p><!-- notionvc: 7794c874-7cba-4993-90de-4c1909cbbe80 --><\/p>","protected":false},"excerpt":{"rendered":"<p>D\u00e9couvrez les pneus Kingtyre K91 Cruiser - con\u00e7us pour les motos Harley-Davidson, Honda Gold Wing et Indian. Des pneus de tourisme et de bagger parfaits avec un kilom\u00e9trage \u00e9tendu et des performances sup\u00e9rieures.<!-- notionvc: f2cbe72b-e5e8-4428-a4b6-9961613d3382 --><\/p>","protected":false},"featured_media":540,"comment_status":"open","ping_status":"closed","template":"","meta":[],"class_list":{"0":"post-538","1":"product","2":"type-product","3":"status-publish","4":"has-post-thumbnail","6":"product_cat-cruiser-motorcycle-tires","7":"product_tag-130-80b17","8":"product_tag-180-65b16","9":"product_tag-bagger-tires","10":"product_tag-bagger-tires-manufacturers","11":"product_tag-best-motorcycle-tires-for-touring-bikes","12":"product_tag-best-sport-touring-motorcycle-tires","13":"product_tag-best-sport-touring-motorcycle-tyres","14":"product_tag-best-sport-touring-tires","15":"product_tag-best-sport-touring-tyres","16":"product_tag-best-tires-for-harley-davidson-touring-bikes","17":"product_tag-best-touring-motorcycle-tires","18":"product_tag-best-touring-tyres-motorcycle","19":"product_tag-cruiser-motorcycle-tires","20":"product_tag-cruiser-tires","21":"product_tag-cruiser-tires-factory","22":"product_tag-kingtyre-k91","23":"product_tag-motorcycle-tires-factory","24":"product_tag-sport-touring-motorcycle-tires","25":"product_tag-sport-touring-motorcycle-tyres","26":"product_tag-sport-touring-tyres","27":"product_tag-touring-motorcycle-tires","28":"product_tag-touring-tires","29":"product_tag-touring-tires-manufacturers","31":"first","32":"instock","33":"shipping-taxable","34":"product-type-simple"},"yoast_head":"<!-- This site is optimized with the Yoast SEO Premium plugin v25.1 (Yoast SEO v25.1) - https:\/\/yoast.com\/wordpress\/plugins\/seo\/ -->\n<title>Kingtyre K91 Cruiser Tires | Best Touring and Bagger Motorcycle Tires<\/title>\n<meta name=\"description\" content=\"Discover the Kingtyre K91 Cruiser Tires \u2013 designed for Harley-Davidson, Honda Gold Wing, and Indian motorcycles. Perfect touring tires and bagger tires with extended mileage and superior performance.\" \/>\n<meta name=\"robots\" content=\"index, follow, max-snippet:-1, max-image-preview:large, max-video-preview:-1\" \/>\n<link rel=\"canonical\" href=\"https:\/\/www.chinakingtyre.com\/fr\/product\/pneus-kingtyre-k91-cruiser\/\" \/>\n<meta property=\"og:locale\" content=\"fr_FR\" \/>\n<meta property=\"og:type\" content=\"article\" \/>\n<meta property=\"og:title\" content=\"Kingtyre K91 Cruiser Tires \u2013 The Ultimate Choice for Cruiser, Touring, and Bagger Motorcycles\" \/>\n<meta property=\"og:description\" content=\"Discover the Kingtyre K91 Cruiser Tires \u2013 designed for Harley-Davidson, Honda Gold Wing, and Indian motorcycles. Perfect touring tires and bagger tires with extended mileage and superior performance.\" \/>\n<meta property=\"og:url\" content=\"https:\/\/www.chinakingtyre.com\/fr\/product\/pneus-kingtyre-k91-cruiser\/\" \/>\n<meta property=\"og:site_name\" content=\"KingTyre Professional motorcycle tire manufacturer\" \/>\n<meta property=\"article:publisher\" content=\"https:\/\/www.facebook.com\/ChinaKingTyre\" \/>\n<meta property=\"article:modified_time\" content=\"2025-08-26T07:57:51+00:00\" \/>\n<meta property=\"og:image\" content=\"https:\/\/www.chinakingtyre.com\/wp-content\/uploads\/2025\/08\/Kingtyre-K91-Touring-Bagger-tires.jpg\" \/>\n\t<meta property=\"og:image:width\" content=\"800\" \/>\n\t<meta property=\"og:image:height\" content=\"800\" \/>\n\t<meta property=\"og:image:type\" content=\"image\/jpeg\" \/>\n<meta name=\"twitter:card\" content=\"summary_large_image\" \/>\n<meta name=\"twitter:label1\" content=\"Dur\u00e9e de lecture estim\u00e9e\" \/>\n\t<meta name=\"twitter:data1\" content=\"4 minutes\" \/>\n<script type=\"application\/ld+json\" class=\"yoast-schema-graph\">{\"@context\":\"https:\/\/schema.org\",\"@graph\":[{\"@type\":\"WebPage\",\"@id\":\"https:\/\/www.chinakingtyre.com\/product\/kingtyre-k91-cruiser-tires\/\",\"url\":\"https:\/\/www.chinakingtyre.com\/product\/kingtyre-k91-cruiser-tires\/\",\"name\":\"Kingtyre K91 Cruiser Tires | Best Touring and Bagger Motorcycle Tires\",\"isPartOf\":{\"@id\":\"https:\/\/www.chinakingtyre.com\/#website\"},\"primaryImageOfPage\":{\"@id\":\"https:\/\/www.chinakingtyre.com\/product\/kingtyre-k91-cruiser-tires\/#primaryimage\"},\"image\":{\"@id\":\"https:\/\/www.chinakingtyre.com\/product\/kingtyre-k91-cruiser-tires\/#primaryimage\"},\"thumbnailUrl\":\"https:\/\/www.chinakingtyre.com\/wp-content\/uploads\/2025\/08\/Kingtyre-K91-Touring-Bagger-tires.jpg\",\"datePublished\":\"2025-08-26T07:57:49+00:00\",\"dateModified\":\"2025-08-26T07:57:51+00:00\",\"description\":\"Discover the Kingtyre K91 Cruiser Tires \u2013 designed for Harley-Davidson, Honda Gold Wing, and Indian motorcycles. Perfect touring tires and bagger tires with extended mileage and superior performance.\",\"breadcrumb\":{\"@id\":\"https:\/\/www.chinakingtyre.com\/product\/kingtyre-k91-cruiser-tires\/#breadcrumb\"},\"inLanguage\":\"fr-FR\",\"potentialAction\":[{\"@type\":\"ReadAction\",\"target\":[\"https:\/\/www.chinakingtyre.com\/product\/kingtyre-k91-cruiser-tires\/\"]}]},{\"@type\":\"ImageObject\",\"inLanguage\":\"fr-FR\",\"@id\":\"https:\/\/www.chinakingtyre.com\/product\/kingtyre-k91-cruiser-tires\/#primaryimage\",\"url\":\"https:\/\/www.chinakingtyre.com\/wp-content\/uploads\/2025\/08\/Kingtyre-K91-Touring-Bagger-tires.jpg\",\"contentUrl\":\"https:\/\/www.chinakingtyre.com\/wp-content\/uploads\/2025\/08\/Kingtyre-K91-Touring-Bagger-tires.jpg\",\"width\":800,\"height\":800,\"caption\":\"Kingtyre K91 Cruiser Tires front tread design for Harley-Davidson and Touring motorcycles\"},{\"@type\":\"BreadcrumbList\",\"@id\":\"https:\/\/www.chinakingtyre.com\/product\/kingtyre-k91-cruiser-tires\/#breadcrumb\",\"itemListElement\":[{\"@type\":\"ListItem\",\"position\":1,\"name\":\"Home\",\"item\":\"https:\/\/www.chinakingtyre.com\/\"},{\"@type\":\"ListItem\",\"position\":2,\"name\":\"Kingtyre Product List\",\"item\":\"https:\/\/www.chinakingtyre.com\/kingtyre-product-list\/\"},{\"@type\":\"ListItem\",\"position\":3,\"name\":\"Kingtyre K91 Cruiser Tires \u2013 The Ultimate Choice for Cruiser, Touring, and Bagger Motorcycles\"}]},{\"@type\":\"WebSite\",\"@id\":\"https:\/\/www.chinakingtyre.com\/#website\",\"url\":\"https:\/\/www.chinakingtyre.com\/\",\"name\":\"KingTyre Professional motorcycle tire manufacturer\",\"description\":\"\",\"publisher\":{\"@id\":\"https:\/\/www.chinakingtyre.com\/#organization\"},\"potentialAction\":[{\"@type\":\"SearchAction\",\"target\":{\"@type\":\"EntryPoint\",\"urlTemplate\":\"https:\/\/www.chinakingtyre.com\/?s={search_term_string}\"},\"query-input\":{\"@type\":\"PropertyValueSpecification\",\"valueRequired\":true,\"valueName\":\"search_term_string\"}}],\"inLanguage\":\"fr-FR\"},{\"@type\":\"Organization\",\"@id\":\"https:\/\/www.chinakingtyre.com\/#organization\",\"name\":\"TIANJIN KINGTYRE GROUP CO.,LTD\",\"url\":\"https:\/\/www.chinakingtyre.com\/\",\"logo\":{\"@type\":\"ImageObject\",\"inLanguage\":\"fr-FR\",\"@id\":\"https:\/\/www.chinakingtyre.com\/#\/schema\/logo\/image\/\",\"url\":\"https:\/\/www.chinakingtyre.com\/wp-content\/uploads\/2025\/07\/LOGO.png\",\"contentUrl\":\"https:\/\/www.chinakingtyre.com\/wp-content\/uploads\/2025\/07\/LOGO.png\",\"width\":870,\"height\":212,\"caption\":\"TIANJIN KINGTYRE GROUP CO.,LTD\"},\"image\":{\"@id\":\"https:\/\/www.chinakingtyre.com\/#\/schema\/logo\/image\/\"},\"sameAs\":[\"https:\/\/www.facebook.com\/ChinaKingTyre\"]}]}<\/script>\n<!-- \/ Yoast SEO Premium plugin. -->","yoast_head_json":{"title":"Kingtyre K91 Cruiser Tires | Best Touring and Bagger Motorcycle Tires","description":"D\u00e9couvrez les pneus Kingtyre K91 Cruiser - con\u00e7us pour les motos Harley-Davidson, Honda Gold Wing et Indian. Des pneus de tourisme et de bagger parfaits avec un kilom\u00e9trage \u00e9tendu et des performances sup\u00e9rieures.","robots":{"index":"index","follow":"follow","max-snippet":"max-snippet:-1","max-image-preview":"max-image-preview:large","max-video-preview":"max-video-preview:-1"},"canonical":"https:\/\/www.chinakingtyre.com\/fr\/product\/pneus-kingtyre-k91-cruiser\/","og_locale":"fr_FR","og_type":"article","og_title":"Kingtyre K91 Cruiser Tires \u2013 The Ultimate Choice for Cruiser, Touring, and Bagger Motorcycles","og_description":"Discover the Kingtyre K91 Cruiser Tires \u2013 designed for Harley-Davidson, Honda Gold Wing, and Indian motorcycles. Perfect touring tires and bagger tires with extended mileage and superior performance.","og_url":"https:\/\/www.chinakingtyre.com\/fr\/product\/pneus-kingtyre-k91-cruiser\/","og_site_name":"KingTyre Professional motorcycle tire manufacturer","article_publisher":"https:\/\/www.facebook.com\/ChinaKingTyre","article_modified_time":"2025-08-26T07:57:51+00:00","og_image":[{"width":800,"height":800,"url":"https:\/\/www.chinakingtyre.com\/wp-content\/uploads\/2025\/08\/Kingtyre-K91-Touring-Bagger-tires.jpg","type":"image\/jpeg"}],"twitter_card":"summary_large_image","twitter_misc":{"Dur\u00e9e de lecture estim\u00e9e":"4 minutes"},"schema":{"@context":"https:\/\/schema.org","@graph":[{"@type":"WebPage","@id":"https:\/\/www.chinakingtyre.com\/product\/kingtyre-k91-cruiser-tires\/","url":"https:\/\/www.chinakingtyre.com\/product\/kingtyre-k91-cruiser-tires\/","name":"Kingtyre K91 Cruiser Tires | Best Touring and Bagger Motorcycle Tires","isPartOf":{"@id":"https:\/\/www.chinakingtyre.com\/#website"},"primaryImageOfPage":{"@id":"https:\/\/www.chinakingtyre.com\/product\/kingtyre-k91-cruiser-tires\/#primaryimage"},"image":{"@id":"https:\/\/www.chinakingtyre.com\/product\/kingtyre-k91-cruiser-tires\/#primaryimage"},"thumbnailUrl":"https:\/\/www.chinakingtyre.com\/wp-content\/uploads\/2025\/08\/Kingtyre-K91-Touring-Bagger-tires.jpg","datePublished":"2025-08-26T07:57:49+00:00","dateModified":"2025-08-26T07:57:51+00:00","description":"D\u00e9couvrez les pneus Kingtyre K91 Cruiser - con\u00e7us pour les motos Harley-Davidson, Honda Gold Wing et Indian. Des pneus de tourisme et de bagger parfaits avec un kilom\u00e9trage \u00e9tendu et des performances sup\u00e9rieures.","breadcrumb":{"@id":"https:\/\/www.chinakingtyre.com\/product\/kingtyre-k91-cruiser-tires\/#breadcrumb"},"inLanguage":"fr-FR","potentialAction":[{"@type":"ReadAction","target":["https:\/\/www.chinakingtyre.com\/product\/kingtyre-k91-cruiser-tires\/"]}]},{"@type":"ImageObject","inLanguage":"fr-FR","@id":"https:\/\/www.chinakingtyre.com\/product\/kingtyre-k91-cruiser-tires\/#primaryimage","url":"https:\/\/www.chinakingtyre.com\/wp-content\/uploads\/2025\/08\/Kingtyre-K91-Touring-Bagger-tires.jpg","contentUrl":"https:\/\/www.chinakingtyre.com\/wp-content\/uploads\/2025\/08\/Kingtyre-K91-Touring-Bagger-tires.jpg","width":800,"height":800,"caption":"Kingtyre K91 Cruiser Tires front tread design for Harley-Davidson and Touring motorcycles"},{"@type":"BreadcrumbList","@id":"https:\/\/www.chinakingtyre.com\/product\/kingtyre-k91-cruiser-tires\/#breadcrumb","itemListElement":[{"@type":"ListItem","position":1,"name":"Home","item":"https:\/\/www.chinakingtyre.com\/"},{"@type":"ListItem","position":2,"name":"Kingtyre Product List","item":"https:\/\/www.chinakingtyre.com\/kingtyre-product-list\/"},{"@type":"ListItem","position":3,"name":"Kingtyre K91 Cruiser Tires \u2013 The Ultimate Choice for Cruiser, Touring, and Bagger Motorcycles"}]},{"@type":"WebSite","@id":"https:\/\/www.chinakingtyre.com\/#website","url":"https:\/\/www.chinakingtyre.com\/","name":"KingTyre Fabricant professionnel de pneus de moto","description":"","publisher":{"@id":"https:\/\/www.chinakingtyre.com\/#organization"},"potentialAction":[{"@type":"SearchAction","target":{"@type":"EntryPoint","urlTemplate":"https:\/\/www.chinakingtyre.com\/?s={search_term_string}"},"query-input":{"@type":"PropertyValueSpecification","valueRequired":true,"valueName":"search_term_string"}}],"inLanguage":"fr-FR"},{"@type":"Organization","@id":"https:\/\/www.chinakingtyre.com\/#organization","name":"TIANJIN KINGTYRE GROUP CO.,LTD","url":"https:\/\/www.chinakingtyre.com\/","logo":{"@type":"ImageObject","inLanguage":"fr-FR","@id":"https:\/\/www.chinakingtyre.com\/#\/schema\/logo\/image\/","url":"https:\/\/www.chinakingtyre.com\/wp-content\/uploads\/2025\/07\/LOGO.png","contentUrl":"https:\/\/www.chinakingtyre.com\/wp-content\/uploads\/2025\/07\/LOGO.png","width":870,"height":212,"caption":"TIANJIN KINGTYRE GROUP CO.,LTD"},"image":{"@id":"https:\/\/www.chinakingtyre.com\/#\/schema\/logo\/image\/"},"sameAs":["https:\/\/www.facebook.com\/ChinaKingTyre"]}]}},"_links":{"self":[{"href":"https:\/\/www.chinakingtyre.com\/fr\/wp-json\/wp\/v2\/product\/538","targetHints":{"allow":["GET"]}}],"collection":[{"href":"https:\/\/www.chinakingtyre.com\/fr\/wp-json\/wp\/v2\/product"}],"about":[{"href":"https:\/\/www.chinakingtyre.com\/fr\/wp-json\/wp\/v2\/types\/product"}],"replies":[{"embeddable":true,"href":"https:\/\/www.chinakingtyre.com\/fr\/wp-json\/wp\/v2\/comments?post=538"}],"wp:featuredmedia":[{"embeddable":true,"href":"https:\/\/www.chinakingtyre.com\/fr\/wp-json\/wp\/v2\/media\/540"}],"wp:attachment":[{"href":"https:\/\/www.chinakingtyre.com\/fr\/wp-json\/wp\/v2\/media?parent=538"}],"curies":[{"name":"wp","href":"https:\/\/api.w.org\/{rel}","templated":true}]}}