{"id":463,"date":"2025-08-19T01:20:30","date_gmt":"2025-08-19T01:20:30","guid":{"rendered":"https:\/\/www.chinakingtyre.com\/?post_type=product&#038;p=463"},"modified":"2025-08-21T07:52:24","modified_gmt":"2025-08-21T07:52:24","slug":"pneumatici-adv-kingtyre-k66","status":"publish","type":"product","link":"https:\/\/www.chinakingtyre.com\/it\/product\/pneumatici-adv-kingtyre-k66\/","title":{"rendered":"Pneumatici Kingtyre K66 ADV - I migliori pneumatici Dual Sport 80\/20 per i piloti d'avventura"},"content":{"rendered":"<h2><strong>Il design avanzato del battistrada degli pneumatici Kingtyre K66 Dual Sport<\/strong><\/h2>\n<p>Il <strong><a href=\"https:\/\/www.chinakingtyre.com\/it\/\">Kingtyre<\/a> Pneumatici K66 adv<\/strong> sono stati progettati specificamente per i motociclisti che richiedono stabilit\u00e0 su strada e sicurezza in fuoristrada. <strong>Pneumatici 80\/20 dual sport<\/strong>Il disegno del battistrada enfatizza l'aderenza ad alta velocit\u00e0 sull'asfalto (80%) pur mantenendo una trazione affidabile su ghiaia, sterrato e sentieri leggeri (20%).<\/p>\n<p>I principali vantaggi del battistrada <strong>Pneumatici Kingtyre K66 per moto dual sport<\/strong> includono:<\/p>\n<ul>\n<li><strong>Blocchi del battistrada ottimizzati<\/strong>: I blocchi centrali pi\u00f9 grandi garantiscono la stabilit\u00e0 a velocit\u00e0 autostradali, riducendo le vibrazioni e l'usura.<\/li>\n<li><strong>Anse laterali aggressive<\/strong>: Forniscono una maggiore aderenza in curva su terreni non asfaltati, ideali per i motociclisti che si spingono oltre l'asfalto.<\/li>\n<li><strong>Composto ricco di silice<\/strong>: Migliora le prestazioni di frenata sul bagnato fino a 15% rispetto ai pneumatici dual sport convenzionali.<\/li>\n<li><strong>Scanalature per la dissipazione del calore<\/strong>: Prolungano la durata del battistrada, come dimostrano i dati dei test. <strong>8% chilometraggio pi\u00f9 lungo<\/strong> rispetto alla media <strong>i migliori pneumatici per moto dual sport<\/strong>.<\/li>\n<\/ul>\n<p><img loading=\"lazy\" decoding=\"async\" class=\"aligncenter wp-image-465 size-full\" src=\"https:\/\/www.chinakingtyre.com\/wp-content\/uploads\/2025\/08\/kingtyre-k66-front-tread.jpg\" alt=\"Pneumatici Kingtyre K66 adv con disegno del battistrada anteriore per prestazioni dual sport 80 20\" width=\"1678\" height=\"794\" srcset=\"https:\/\/www.chinakingtyre.com\/wp-content\/uploads\/2025\/08\/kingtyre-k66-front-tread.jpg 1678w, https:\/\/www.chinakingtyre.com\/wp-content\/uploads\/2025\/08\/kingtyre-k66-front-tread-300x142.jpg 300w, https:\/\/www.chinakingtyre.com\/wp-content\/uploads\/2025\/08\/kingtyre-k66-front-tread-1024x485.jpg 1024w, https:\/\/www.chinakingtyre.com\/wp-content\/uploads\/2025\/08\/kingtyre-k66-front-tread-768x363.jpg 768w, https:\/\/www.chinakingtyre.com\/wp-content\/uploads\/2025\/08\/kingtyre-k66-front-tread-1536x727.jpg 1536w, https:\/\/www.chinakingtyre.com\/wp-content\/uploads\/2025\/08\/kingtyre-k66-front-tread-18x9.jpg 18w, https:\/\/www.chinakingtyre.com\/wp-content\/uploads\/2025\/08\/kingtyre-k66-front-tread-600x284.jpg 600w\" sizes=\"auto, (max-width: 1678px) 100vw, 1678px\" \/><\/p>\n<hr \/>\n<h2><strong>Misure disponibili degli pneumatici Kingtyre K66 Dual Sport<\/strong><\/h2>\n<h3><strong>Dimensioni degli pneumatici anteriori<\/strong><\/h3>\n<ul>\n<li>90\/90R21<\/li>\n<li>100\/90R21<\/li>\n<li>100\/80R17<\/li>\n<li>110\/80R19<\/li>\n<li>120\/70R17<\/li>\n<li>120\/70R19<\/li>\n<\/ul>\n<h3><strong>Dimensioni degli pneumatici posteriori<\/strong><\/h3>\n<ul>\n<li>130\/70R17<\/li>\n<li>130\/80R17<\/li>\n<li>140\/70R18<\/li>\n<li>150\/70R17<\/li>\n<li>150\/70R18<\/li>\n<li>160\/60R17<\/li>\n<li>170\/60R17<\/li>\n<\/ul>\n<p><img loading=\"lazy\" decoding=\"async\" class=\"aligncenter wp-image-466 size-full\" src=\"https:\/\/www.chinakingtyre.com\/wp-content\/uploads\/2025\/08\/kingtyre-k66-dual-sport-tire-sizes.jpg\" alt=\"I pneumatici Kingtyre K66 adv sono disponibili nelle misure per pneumatici sportivi anteriori e posteriori.\" width=\"1678\" height=\"794\" srcset=\"https:\/\/www.chinakingtyre.com\/wp-content\/uploads\/2025\/08\/kingtyre-k66-dual-sport-tire-sizes.jpg 1678w, https:\/\/www.chinakingtyre.com\/wp-content\/uploads\/2025\/08\/kingtyre-k66-dual-sport-tire-sizes-300x142.jpg 300w, https:\/\/www.chinakingtyre.com\/wp-content\/uploads\/2025\/08\/kingtyre-k66-dual-sport-tire-sizes-1024x485.jpg 1024w, https:\/\/www.chinakingtyre.com\/wp-content\/uploads\/2025\/08\/kingtyre-k66-dual-sport-tire-sizes-768x363.jpg 768w, https:\/\/www.chinakingtyre.com\/wp-content\/uploads\/2025\/08\/kingtyre-k66-dual-sport-tire-sizes-1536x727.jpg 1536w, https:\/\/www.chinakingtyre.com\/wp-content\/uploads\/2025\/08\/kingtyre-k66-dual-sport-tire-sizes-18x9.jpg 18w, https:\/\/www.chinakingtyre.com\/wp-content\/uploads\/2025\/08\/kingtyre-k66-dual-sport-tire-sizes-600x284.jpg 600w\" sizes=\"auto, (max-width: 1678px) 100vw, 1678px\" \/><\/p>\n<hr \/>\n<h2><strong>Kingtyre - Fabbrica di pneumatici Dual Sport professionali<\/strong><\/h2>\n<p>Come uno dei principali <strong>produttori di pneumatici per moto<\/strong> e <strong>Produttori di pneumatici MC<\/strong>Kingtyre \u00e8 specializzata nella produzione di pneumatici per moto all'avanguardia per i motociclisti di tutto il mondo. <strong>Strutture certificate ISO9001<\/strong> e capacit\u00e0 annuale superiore a <strong>2,5 milioni di pneumatici<\/strong>La fabbrica integra presse di polimerizzazione tedesche e miscelatori di gomma giapponesi per garantire una qualit\u00e0 di livello mondiale.<\/p>\n<p>Kingtyre \u00e8 riconosciuto come un <strong>pneumatici dual sport di fabbrica<\/strong> fidata dai marchi OEM e dai motociclisti professionisti di tutto il mondo. Ogni <strong>pneumatico moto dual sport<\/strong> subisce <strong>Ispezione a raggi X, test di uniformit\u00e0 e convalida della resistenza<\/strong> prima di lasciare lo stabilimento.<\/p>\n<p><img loading=\"lazy\" decoding=\"async\" class=\"aligncenter wp-image-467 size-full\" src=\"https:\/\/www.chinakingtyre.com\/wp-content\/uploads\/2025\/08\/kingtyre-dual-sport-tires-factory.jpg\" alt=\"Linea di produzione di pneumatici dual sport Kingtyre per adv e motard\" width=\"1678\" height=\"794\" srcset=\"https:\/\/www.chinakingtyre.com\/wp-content\/uploads\/2025\/08\/kingtyre-dual-sport-tires-factory.jpg 1678w, https:\/\/www.chinakingtyre.com\/wp-content\/uploads\/2025\/08\/kingtyre-dual-sport-tires-factory-300x142.jpg 300w, https:\/\/www.chinakingtyre.com\/wp-content\/uploads\/2025\/08\/kingtyre-dual-sport-tires-factory-1024x485.jpg 1024w, https:\/\/www.chinakingtyre.com\/wp-content\/uploads\/2025\/08\/kingtyre-dual-sport-tires-factory-768x363.jpg 768w, https:\/\/www.chinakingtyre.com\/wp-content\/uploads\/2025\/08\/kingtyre-dual-sport-tires-factory-1536x727.jpg 1536w, https:\/\/www.chinakingtyre.com\/wp-content\/uploads\/2025\/08\/kingtyre-dual-sport-tires-factory-18x9.jpg 18w, https:\/\/www.chinakingtyre.com\/wp-content\/uploads\/2025\/08\/kingtyre-dual-sport-tires-factory-600x284.jpg 600w\" sizes=\"auto, (max-width: 1678px) 100vw, 1678px\" \/><\/p>\n<hr \/>\n<h2><strong>I punti dolenti della guida con i pneumatici Dual Sport<\/strong><\/h2>\n<p>I motociclisti avventurosi che utilizzano <strong>pneumatici per moto dual sport<\/strong> spesso si incontrano:<\/p>\n<ul>\n<li>Rapida usura del battistrada in autostrada (in particolare per <strong>Pneumatici per moto dual sport da 17 pollici<\/strong>).<\/li>\n<li>Scarsa aderenza sul bagnato nel passaggio dall'asfalto allo sterrato.<\/li>\n<li>Stabilit\u00e0 in curva limitata con il sistema tradizionale <strong>pneumatici motard<\/strong>.<\/li>\n<li>Difficolt\u00e0 a trovare un prodotto durevole <strong>pneumatici posteriori 110\/80-19 dual sport<\/strong> con prestazioni equilibrate.<\/li>\n<\/ul>\n<hr \/>\n<h2><strong>Kingtyre K66 - La soluzione 80\/20 per pneumatici Dual Sport<\/strong><\/h2>\n<p>Il <strong>Pneumatici Kingtyre K66 adv<\/strong> risolvere questi problemi:<\/p>\n<ul>\n<li><strong>Battistrada ibrido strada-fuoristrada<\/strong> che garantisce una stabilit\u00e0 dell'asfalto di 80% e un controllo delle tracce di 20%.<\/li>\n<li><strong>Carcassa ad alta resistenza<\/strong> riducendo i rischi di foratura su terreni accidentati.<\/li>\n<li><strong>Composti ottimizzati<\/strong> di 10-12% rispetto alla maggior parte degli altri prodotti. <strong>I migliori pneumatici dual sport<\/strong>.<\/li>\n<li><strong>Costruzione bilanciata di precisione<\/strong> assicurando prestazioni fluide sia sulle moto sportive che su quelle d'avventura.<\/li>\n<\/ul>\n<hr \/>\n<h2><strong>Specifiche tecniche degli pneumatici Kingtyre K66 ADV<\/strong><\/h2>\n<table style=\"height: 331px;\" width=\"732\">\n<thead>\n<tr>\n<th><strong>Parametro<\/strong><\/th>\n<th><strong>Specifiche<\/strong><\/th>\n<\/tr>\n<\/thead>\n<tbody>\n<tr>\n<td>Tipo di pneumatico<\/td>\n<td>Pneumatici per moto ADV \/ Dual Sport (80\/20)<\/td>\n<\/tr>\n<tr>\n<td>Taglie disponibili<\/td>\n<td>17\" - 21\" anteriore \/ 17\" - 18\" posteriore<\/td>\n<\/tr>\n<tr>\n<td>Composto<\/td>\n<td>Gomma dual-sport ad alta silice e resistente all'usura<\/td>\n<\/tr>\n<tr>\n<td>Profondit\u00e0 del battistrada<\/td>\n<td>7,2 - 8,5 mm (a seconda delle dimensioni)<\/td>\n<\/tr>\n<tr>\n<td>Indice di carico<\/td>\n<td>58-75 (carico massimo 190-387 kg per pneumatico)<\/td>\n<\/tr>\n<tr>\n<td>Valutazione della velocit\u00e0<\/td>\n<td>H, V (fino a 240 km\/h a seconda delle dimensioni)<\/td>\n<\/tr>\n<tr>\n<td>Compatibilit\u00e0 dei cerchi<\/td>\n<td>17\", 18\", 19\", 21\"<\/td>\n<\/tr>\n<tr>\n<td>Applicazione target<\/td>\n<td>Avventura, Touring, Dual Sport, Fuoristrada leggero<\/td>\n<\/tr>\n<\/tbody>\n<\/table>\n<hr \/>\n<h2><strong>FAQ - Domande comuni sui pneumatici ADV e Dual Sport<\/strong><\/h2>\n<p><strong>1. Per cosa sono pi\u00f9 adatti gli pneumatici adv?<\/strong><\/p>\n<p>I pneumatici ADV come il Kingtyre K66 sono progettati per il turismo a lungo raggio con un uso occasionale in fuoristrada (80% su strada, 20% in fuoristrada).<\/p>\n<p><strong>2. I pneumatici dual sport 80\/20 sono adatti per il pendolarismo quotidiano?<\/strong><\/p>\n<p>S\u00ec, offrono un eccellente comfort in autostrada, pur consentendo una guida occasionale su sterrato e su sentiero.<\/p>\n<p><strong>3. Con quale frequenza devo controllare la pressione dei pneumatici delle moto dual sport?<\/strong><\/p>\n<p>Controllare ogni 500 km o prima di lunghi viaggi. Pressioni consigliate: <strong>Anteriore 30-32 psi, posteriore 32-36 psi<\/strong>.<\/p>\n<p><strong>4. Le Kingtyre K66 possono essere utilizzate per moto d'avventura pesanti?<\/strong><\/p>\n<p>S\u00ec, taglie fino a <strong>170\/60R17<\/strong> supportano le moto ADV pi\u00f9 grandi.<\/p>\n<p><strong>5. Come si comporta il Kingtyre K66 sul bagnato?<\/strong><\/p>\n<p>La mescola di silice migliora la frenata sul bagnato di 12-15% rispetto ai pneumatici adv tradizionali.<\/p>\n<p><strong>6. Qual \u00e8 la durata degli pneumatici Kingtyre K66 dual sport?<\/strong><\/p>\n<p>In media, 15.000-18.000 km a seconda dello stile di guida.<\/p>\n<p><strong>7. I pneumatici dual sport sono rumorosi in autostrada?<\/strong><\/p>\n<p>Kingtyre K66 \u00e8 dotato di blocchi di battistrada a bassa rumorosit\u00e0, che riducono il rumore della strada di 8%.<\/p>\n<p><strong>8. Ho bisogno di pneumatici diversi per i viaggi in fuoristrada?<\/strong><\/p>\n<p>No, a meno che non si corra su fango o sabbia estremi. Kingtyre K66 bilancia efficacemente entrambe le condizioni.<\/p>\n<p><strong>9. Le Kingtyre K66 sono adatte alle moto da cross?<\/strong><\/p>\n<p>S\u00ec, soprattutto il <strong>Pneumatici per moto dual sport da 17 pollici<\/strong> che offrono aderenza e maneggevolezza per i ciclisti urbani.<\/p>\n<p><strong>10. Dove vengono prodotti i pneumatici Kingtyre dual sport?<\/strong><\/p>\n<p>Sono prodotti nello stabilimento all'avanguardia di Kingtyre. <strong>pneumatici dual sport di fabbrica<\/strong> con un'automazione avanzata.<\/p>\n<p><!-- notionvc: eca5f14c-6748-461e-81ad-63ce7dfb8c52 --><\/p>","protected":false},"excerpt":{"rendered":"<p>Scoprite i pneumatici Kingtyre K66 ADV - pneumatici premium 80\/20 dual sport progettati per garantire stabilit\u00e0, chilometraggio e controllo in fuoristrada. Scoprite le misure da 17 a 21 pollici da una fabbrica di pneumatici dual sport di fiducia.<!-- notionvc: f257af7a-5087-45ff-9951-33f2f916b192 --><\/p>","protected":false},"featured_media":468,"comment_status":"open","ping_status":"closed","template":"","meta":[],"class_list":{"0":"post-463","1":"product","2":"type-product","3":"status-publish","4":"has-post-thumbnail","6":"product_cat-adventure-motorcycle-tires","7":"product_tag-100-80r-17-motorcycle-tires","8":"product_tag-100-90r-21-motorcycle-tires","9":"product_tag-110-80r-19-motorcycle-tires","10":"product_tag-120-70-17-motorcycle-tire","11":"product_tag-120-70-17-tire","12":"product_tag-120-70r17-2","13":"product_tag-120-70r17-motorcycle-tire","14":"product_tag-120-70x17-dual-sport-tire","15":"product_tag-120-70x17-motorcycle-tire","16":"product_tag-120-70x17-tire","17":"product_tag-120-70-zr17-motorcycle-tire","18":"product_tag-120-70-zr17","19":"product_tag-120-70zr17-front-tire","20":"product_tag-120-70zr17-tire","21":"product_tag-120-70r-17-motorcycle-tires","22":"product_tag-120-70r-19-motorcycle-tires","23":"product_tag-130-70r-17-motorcycle-tires","24":"product_tag-130-80r-17-motorcycle-tires","25":"product_tag-140-70r-18-motorcycle-tires","26":"product_tag-150-70r-17-motorcycle-tires","27":"product_tag-150-70r-18-motorcycle-tires","28":"product_tag-160-60r-17-motorcycle-tires","29":"product_tag-17-inch-dual-sport-motorcycle-tyres","30":"product_tag-170-60r-17-motorcycle-tires","31":"product_tag-80-20-dual-sport-tires","32":"product_tag-90-90r-21-motorcycle-tires","33":"product_tag-adv-tires","34":"product_tag-adventure-motorcycle-tires","35":"product_tag-adventure-tires","36":"product_tag-best-dual-sport-motorcycle-tyres","37":"product_tag-best-dual-sport-tires","38":"product_tag-dual-sport-adventure-tires","39":"product_tag-dual-sport-moto-tires","40":"product_tag-dual-sport-motorcycle-tyres","41":"product_tag-dual-sport-tires","42":"product_tag-dual-sport-tires-factory","43":"product_tag-dual-sport-tyres","44":"product_tag-kingtyre-dual-sport-tyres","45":"product_tag-kingtyre-k66","46":"product_tag-mc-tires-manufacturers","47":"product_tag-motard-tyres","48":"product_tag-motorcycle-tire-manufacturers","49":"product_tag-motorcycle-tyres-120-70-zr17","50":"product_tag-off-road-adv-tires","51":"product_tag-rear-110-80-19-dual-sport-tires","52":"product_tag-sport-touring-dual-sport-tires","54":"first","55":"instock","56":"shipping-taxable","57":"product-type-simple"},"yoast_head":"<!-- This site is optimized with the Yoast SEO Premium plugin v25.1 (Yoast SEO v25.1) - https:\/\/yoast.com\/wordpress\/plugins\/seo\/ -->\n<title>Kingtyre K66 ADV Tires \u2013 80\/20 Dual Sport Motorcycle Tyres for Adventure Riding<\/title>\n<meta name=\"description\" content=\"Discover Kingtyre K66 ADV tires \u2013 premium 80\/20 dual sport tyres engineered for stability, mileage, and off-road control. Explore sizes 17\u201321 inches from a trusted dual sport tires factory.\" \/>\n<meta name=\"robots\" content=\"index, follow, max-snippet:-1, max-image-preview:large, max-video-preview:-1\" \/>\n<link rel=\"canonical\" href=\"https:\/\/www.chinakingtyre.com\/it\/product\/pneumatici-adv-kingtyre-k66\/\" \/>\n<meta property=\"og:locale\" content=\"it_IT\" \/>\n<meta property=\"og:type\" content=\"article\" \/>\n<meta property=\"og:title\" content=\"Kingtyre K66 ADV Tires \u2013 The Ultimate 80\/20 Dual Sport Tires for Adventure Riders\" \/>\n<meta property=\"og:description\" content=\"Discover Kingtyre K66 ADV tires \u2013 premium 80\/20 dual sport tyres engineered for stability, mileage, and off-road control. Explore sizes 17\u201321 inches from a trusted dual sport tires factory.\" \/>\n<meta property=\"og:url\" content=\"https:\/\/www.chinakingtyre.com\/it\/product\/pneumatici-adv-kingtyre-k66\/\" \/>\n<meta property=\"og:site_name\" content=\"KingTyre Professional motorcycle tire manufacturer\" \/>\n<meta property=\"article:publisher\" content=\"https:\/\/www.facebook.com\/ChinaKingTyre\" \/>\n<meta property=\"article:modified_time\" content=\"2025-08-21T07:52:24+00:00\" \/>\n<meta property=\"og:image\" content=\"https:\/\/www.chinakingtyre.com\/wp-content\/uploads\/2025\/08\/Kingtyre-K66-ADV-Tires.png\" \/>\n\t<meta property=\"og:image:width\" content=\"800\" \/>\n\t<meta property=\"og:image:height\" content=\"800\" \/>\n\t<meta property=\"og:image:type\" content=\"image\/png\" \/>\n<meta name=\"twitter:card\" content=\"summary_large_image\" \/>\n<meta name=\"twitter:label1\" content=\"Tempo di lettura stimato\" \/>\n\t<meta name=\"twitter:data1\" content=\"4 minuti\" \/>\n<script type=\"application\/ld+json\" class=\"yoast-schema-graph\">{\"@context\":\"https:\/\/schema.org\",\"@graph\":[{\"@type\":\"WebPage\",\"@id\":\"https:\/\/www.chinakingtyre.com\/product\/adv-tires-kingtyre-k66\/\",\"url\":\"https:\/\/www.chinakingtyre.com\/product\/adv-tires-kingtyre-k66\/\",\"name\":\"Kingtyre K66 ADV Tires \u2013 80\/20 Dual Sport Motorcycle Tyres for Adventure Riding\",\"isPartOf\":{\"@id\":\"https:\/\/www.chinakingtyre.com\/#website\"},\"primaryImageOfPage\":{\"@id\":\"https:\/\/www.chinakingtyre.com\/product\/adv-tires-kingtyre-k66\/#primaryimage\"},\"image\":{\"@id\":\"https:\/\/www.chinakingtyre.com\/product\/adv-tires-kingtyre-k66\/#primaryimage\"},\"thumbnailUrl\":\"https:\/\/www.chinakingtyre.com\/wp-content\/uploads\/2025\/08\/Kingtyre-K66-ADV-Tires.png\",\"datePublished\":\"2025-08-19T01:20:30+00:00\",\"dateModified\":\"2025-08-21T07:52:24+00:00\",\"description\":\"Discover Kingtyre K66 ADV tires \u2013 premium 80\/20 dual sport tyres engineered for stability, mileage, and off-road control. Explore sizes 17\u201321 inches from a trusted dual sport tires factory.\",\"breadcrumb\":{\"@id\":\"https:\/\/www.chinakingtyre.com\/product\/adv-tires-kingtyre-k66\/#breadcrumb\"},\"inLanguage\":\"it-IT\",\"potentialAction\":[{\"@type\":\"ReadAction\",\"target\":[\"https:\/\/www.chinakingtyre.com\/product\/adv-tires-kingtyre-k66\/\"]}]},{\"@type\":\"ImageObject\",\"inLanguage\":\"it-IT\",\"@id\":\"https:\/\/www.chinakingtyre.com\/product\/adv-tires-kingtyre-k66\/#primaryimage\",\"url\":\"https:\/\/www.chinakingtyre.com\/wp-content\/uploads\/2025\/08\/Kingtyre-K66-ADV-Tires.png\",\"contentUrl\":\"https:\/\/www.chinakingtyre.com\/wp-content\/uploads\/2025\/08\/Kingtyre-K66-ADV-Tires.png\",\"width\":800,\"height\":800,\"caption\":\"Kingtyre-K66-ADV-Tires\"},{\"@type\":\"BreadcrumbList\",\"@id\":\"https:\/\/www.chinakingtyre.com\/product\/adv-tires-kingtyre-k66\/#breadcrumb\",\"itemListElement\":[{\"@type\":\"ListItem\",\"position\":1,\"name\":\"Home\",\"item\":\"https:\/\/www.chinakingtyre.com\/\"},{\"@type\":\"ListItem\",\"position\":2,\"name\":\"Kingtyre Product List\",\"item\":\"https:\/\/www.chinakingtyre.com\/kingtyre-product-list\/\"},{\"@type\":\"ListItem\",\"position\":3,\"name\":\"Kingtyre K66 ADV Tires \u2013 The Ultimate 80\/20 Dual Sport Tires for Adventure Riders\"}]},{\"@type\":\"WebSite\",\"@id\":\"https:\/\/www.chinakingtyre.com\/#website\",\"url\":\"https:\/\/www.chinakingtyre.com\/\",\"name\":\"KingTyre Professional motorcycle tire manufacturer\",\"description\":\"\",\"publisher\":{\"@id\":\"https:\/\/www.chinakingtyre.com\/#organization\"},\"potentialAction\":[{\"@type\":\"SearchAction\",\"target\":{\"@type\":\"EntryPoint\",\"urlTemplate\":\"https:\/\/www.chinakingtyre.com\/?s={search_term_string}\"},\"query-input\":{\"@type\":\"PropertyValueSpecification\",\"valueRequired\":true,\"valueName\":\"search_term_string\"}}],\"inLanguage\":\"it-IT\"},{\"@type\":\"Organization\",\"@id\":\"https:\/\/www.chinakingtyre.com\/#organization\",\"name\":\"TIANJIN KINGTYRE GROUP CO.,LTD\",\"url\":\"https:\/\/www.chinakingtyre.com\/\",\"logo\":{\"@type\":\"ImageObject\",\"inLanguage\":\"it-IT\",\"@id\":\"https:\/\/www.chinakingtyre.com\/#\/schema\/logo\/image\/\",\"url\":\"https:\/\/www.chinakingtyre.com\/wp-content\/uploads\/2025\/07\/LOGO.png\",\"contentUrl\":\"https:\/\/www.chinakingtyre.com\/wp-content\/uploads\/2025\/07\/LOGO.png\",\"width\":870,\"height\":212,\"caption\":\"TIANJIN KINGTYRE GROUP CO.,LTD\"},\"image\":{\"@id\":\"https:\/\/www.chinakingtyre.com\/#\/schema\/logo\/image\/\"},\"sameAs\":[\"https:\/\/www.facebook.com\/ChinaKingTyre\"]}]}<\/script>\n<!-- \/ Yoast SEO Premium plugin. -->","yoast_head_json":{"title":"Pneumatici Kingtyre K66 ADV - Pneumatici Dual Sport 80\/20 per moto d'avventura","description":"Scoprite i pneumatici Kingtyre K66 ADV - pneumatici premium 80\/20 dual sport progettati per garantire stabilit\u00e0, chilometraggio e controllo in fuoristrada. Scoprite le misure da 17 a 21 pollici da una fabbrica di pneumatici dual sport di fiducia.","robots":{"index":"index","follow":"follow","max-snippet":"max-snippet:-1","max-image-preview":"max-image-preview:large","max-video-preview":"max-video-preview:-1"},"canonical":"https:\/\/www.chinakingtyre.com\/it\/product\/pneumatici-adv-kingtyre-k66\/","og_locale":"it_IT","og_type":"article","og_title":"Kingtyre K66 ADV Tires \u2013 The Ultimate 80\/20 Dual Sport Tires for Adventure Riders","og_description":"Discover Kingtyre K66 ADV tires \u2013 premium 80\/20 dual sport tyres engineered for stability, mileage, and off-road control. Explore sizes 17\u201321 inches from a trusted dual sport tires factory.","og_url":"https:\/\/www.chinakingtyre.com\/it\/product\/pneumatici-adv-kingtyre-k66\/","og_site_name":"KingTyre Professional motorcycle tire manufacturer","article_publisher":"https:\/\/www.facebook.com\/ChinaKingTyre","article_modified_time":"2025-08-21T07:52:24+00:00","og_image":[{"width":800,"height":800,"url":"https:\/\/www.chinakingtyre.com\/wp-content\/uploads\/2025\/08\/Kingtyre-K66-ADV-Tires.png","type":"image\/png"}],"twitter_card":"summary_large_image","twitter_misc":{"Tempo di lettura stimato":"4 minuti"},"schema":{"@context":"https:\/\/schema.org","@graph":[{"@type":"WebPage","@id":"https:\/\/www.chinakingtyre.com\/product\/adv-tires-kingtyre-k66\/","url":"https:\/\/www.chinakingtyre.com\/product\/adv-tires-kingtyre-k66\/","name":"Pneumatici Kingtyre K66 ADV - Pneumatici Dual Sport 80\/20 per moto d'avventura","isPartOf":{"@id":"https:\/\/www.chinakingtyre.com\/#website"},"primaryImageOfPage":{"@id":"https:\/\/www.chinakingtyre.com\/product\/adv-tires-kingtyre-k66\/#primaryimage"},"image":{"@id":"https:\/\/www.chinakingtyre.com\/product\/adv-tires-kingtyre-k66\/#primaryimage"},"thumbnailUrl":"https:\/\/www.chinakingtyre.com\/wp-content\/uploads\/2025\/08\/Kingtyre-K66-ADV-Tires.png","datePublished":"2025-08-19T01:20:30+00:00","dateModified":"2025-08-21T07:52:24+00:00","description":"Scoprite i pneumatici Kingtyre K66 ADV - pneumatici premium 80\/20 dual sport progettati per garantire stabilit\u00e0, chilometraggio e controllo in fuoristrada. Scoprite le misure da 17 a 21 pollici da una fabbrica di pneumatici dual sport di fiducia.","breadcrumb":{"@id":"https:\/\/www.chinakingtyre.com\/product\/adv-tires-kingtyre-k66\/#breadcrumb"},"inLanguage":"it-IT","potentialAction":[{"@type":"ReadAction","target":["https:\/\/www.chinakingtyre.com\/product\/adv-tires-kingtyre-k66\/"]}]},{"@type":"ImageObject","inLanguage":"it-IT","@id":"https:\/\/www.chinakingtyre.com\/product\/adv-tires-kingtyre-k66\/#primaryimage","url":"https:\/\/www.chinakingtyre.com\/wp-content\/uploads\/2025\/08\/Kingtyre-K66-ADV-Tires.png","contentUrl":"https:\/\/www.chinakingtyre.com\/wp-content\/uploads\/2025\/08\/Kingtyre-K66-ADV-Tires.png","width":800,"height":800,"caption":"Kingtyre-K66-ADV-Tires"},{"@type":"BreadcrumbList","@id":"https:\/\/www.chinakingtyre.com\/product\/adv-tires-kingtyre-k66\/#breadcrumb","itemListElement":[{"@type":"ListItem","position":1,"name":"Home","item":"https:\/\/www.chinakingtyre.com\/"},{"@type":"ListItem","position":2,"name":"Kingtyre Product List","item":"https:\/\/www.chinakingtyre.com\/kingtyre-product-list\/"},{"@type":"ListItem","position":3,"name":"Kingtyre K66 ADV Tires \u2013 The Ultimate 80\/20 Dual Sport Tires for Adventure Riders"}]},{"@type":"WebSite","@id":"https:\/\/www.chinakingtyre.com\/#website","url":"https:\/\/www.chinakingtyre.com\/","name":"KingTyre Produttore professionale di pneumatici per moto","description":"","publisher":{"@id":"https:\/\/www.chinakingtyre.com\/#organization"},"potentialAction":[{"@type":"SearchAction","target":{"@type":"EntryPoint","urlTemplate":"https:\/\/www.chinakingtyre.com\/?s={search_term_string}"},"query-input":{"@type":"PropertyValueSpecification","valueRequired":true,"valueName":"search_term_string"}}],"inLanguage":"it-IT"},{"@type":"Organization","@id":"https:\/\/www.chinakingtyre.com\/#organization","name":"TIANJIN KINGTYRE GROUP CO.,LTD","url":"https:\/\/www.chinakingtyre.com\/","logo":{"@type":"ImageObject","inLanguage":"it-IT","@id":"https:\/\/www.chinakingtyre.com\/#\/schema\/logo\/image\/","url":"https:\/\/www.chinakingtyre.com\/wp-content\/uploads\/2025\/07\/LOGO.png","contentUrl":"https:\/\/www.chinakingtyre.com\/wp-content\/uploads\/2025\/07\/LOGO.png","width":870,"height":212,"caption":"TIANJIN KINGTYRE GROUP CO.,LTD"},"image":{"@id":"https:\/\/www.chinakingtyre.com\/#\/schema\/logo\/image\/"},"sameAs":["https:\/\/www.facebook.com\/ChinaKingTyre"]}]}},"_links":{"self":[{"href":"https:\/\/www.chinakingtyre.com\/it\/wp-json\/wp\/v2\/product\/463","targetHints":{"allow":["GET"]}}],"collection":[{"href":"https:\/\/www.chinakingtyre.com\/it\/wp-json\/wp\/v2\/product"}],"about":[{"href":"https:\/\/www.chinakingtyre.com\/it\/wp-json\/wp\/v2\/types\/product"}],"replies":[{"embeddable":true,"href":"https:\/\/www.chinakingtyre.com\/it\/wp-json\/wp\/v2\/comments?post=463"}],"wp:featuredmedia":[{"embeddable":true,"href":"https:\/\/www.chinakingtyre.com\/it\/wp-json\/wp\/v2\/media\/468"}],"wp:attachment":[{"href":"https:\/\/www.chinakingtyre.com\/it\/wp-json\/wp\/v2\/media?parent=463"}],"curies":[{"name":"wp","href":"https:\/\/api.w.org\/{rel}","templated":true}]}}