{"id":486,"date":"2025-08-21T03:11:17","date_gmt":"2025-08-21T03:11:17","guid":{"rendered":"https:\/\/www.chinakingtyre.com\/?post_type=product&#038;p=486"},"modified":"2025-08-21T06:14:06","modified_gmt":"2025-08-21T06:14:06","slug":"pneumatici-per-moto-da-cross-kingtyre-k82","status":"publish","type":"product","link":"https:\/\/www.chinakingtyre.com\/it\/product\/pneumatici-per-moto-da-cross-kingtyre-k82\/","title":{"rendered":"Pneumatici Kingtyre K82 per moto da cross - La scelta migliore per prestazioni estreme in fuoristrada"},"content":{"rendered":"<h2><strong>Vantaggi degli pneumatici Kingtyre K82 per moto fuoristrada<\/strong><\/h2>\n<p>Il <strong><a href=\"https:\/\/www.chinakingtyre.com\/it\/\">Kingtyre<\/a> Pneumatici per moto da cross K82<\/strong> sono progettati per i motociclisti che richiedono la massima aderenza, durata e stabilit\u00e0 sui terreni pi\u00f9 difficili. Con il suo <strong>Disegno del battistrada K82 a blocco profondo<\/strong>Questo pneumatico offre una trazione superiore su terreni sciolti, fango, rocce e sabbia, rendendolo uno dei migliori pneumatici per la circolazione. <strong>I migliori pneumatici da cross per i boschi<\/strong> e percorsi tecnici.<\/p>\n<p>A differenza di quelli convenzionali <strong>pneumatici per moto fuoristrada<\/strong>Il modello K82 \u00e8 dotato di alette laterali rinforzate per una maggiore stabilit\u00e0 in curva e di una tecnologia anti-slittamento che migliora la trazione. <strong>12% rispetto agli pneumatici da trail per bici da corsa standard<\/strong>. Inoltre, le scanalature autopulenti del battistrada impediscono l'accumulo di fango, garantendo un'aderenza costante anche in condizioni di bagnato o argilla.<\/p>\n<p>La mescola di gomma ottimizzata migliora la durata, offrendo ai motociclisti <strong>20% durata maggiore<\/strong> di molti concorrenti <strong>pneumatici per moto da cross con maggiore aderenza<\/strong>mantenendo al contempo un'eccellente flessibilit\u00e0 per le curve strette. Questa combinazione rende il K82 uno dei <strong>I migliori pneumatici per bici da cross per il trail<\/strong> e le gare miste di fuoristrada.<\/p>\n<p><img loading=\"lazy\" decoding=\"async\" class=\"aligncenter wp-image-487 size-full\" src=\"https:\/\/www.chinakingtyre.com\/wp-content\/uploads\/2025\/08\/kingtyre-k82-dirt-bike-tires-tread.jpg\" alt=\"Pneumatici Kingtyre K82 per moto da cross con disegno del battistrada aggressivo per la guida fuoristrada\" width=\"1678\" height=\"794\" srcset=\"https:\/\/www.chinakingtyre.com\/wp-content\/uploads\/2025\/08\/kingtyre-k82-dirt-bike-tires-tread.jpg 1678w, https:\/\/www.chinakingtyre.com\/wp-content\/uploads\/2025\/08\/kingtyre-k82-dirt-bike-tires-tread-300x142.jpg 300w, https:\/\/www.chinakingtyre.com\/wp-content\/uploads\/2025\/08\/kingtyre-k82-dirt-bike-tires-tread-1024x485.jpg 1024w, https:\/\/www.chinakingtyre.com\/wp-content\/uploads\/2025\/08\/kingtyre-k82-dirt-bike-tires-tread-768x363.jpg 768w, https:\/\/www.chinakingtyre.com\/wp-content\/uploads\/2025\/08\/kingtyre-k82-dirt-bike-tires-tread-1536x727.jpg 1536w, https:\/\/www.chinakingtyre.com\/wp-content\/uploads\/2025\/08\/kingtyre-k82-dirt-bike-tires-tread-18x9.jpg 18w, https:\/\/www.chinakingtyre.com\/wp-content\/uploads\/2025\/08\/kingtyre-k82-dirt-bike-tires-tread-600x284.jpg 600w\" sizes=\"auto, (max-width: 1678px) 100vw, 1678px\" \/><\/p>\n<hr class=\"yoast-text-mark\" \/>\n<h2><strong>Misure disponibili dei pneumatici Kingtyre K82 per moto da strada<\/strong><\/h2>\n<p>La gamma K82 \u00e8 disponibile in diverse configurazioni per adattarsi alle ruote anteriori e posteriori, offrendo un'ampia compatibilit\u00e0 con le moderne moto da cross e da enduro:<\/p>\n<ul>\n<li><strong>Anteriore:<\/strong> 90\/90R21 | 120\/70R19<\/li>\n<li><strong>Posteriore:<\/strong> 140\/80R18 | 150\/70R17 | 150\/70R18 | 170\/60R17<\/li>\n<\/ul>\n<p>Questa ampia scelta garantisce ai motociclisti di trovare il <strong>miglior pneumatico fuoristrada per moto all-terrain<\/strong> che si adatta alla loro configurazione di moto, dai modelli leggeri da enduro alle pesanti macchine da corsa nel deserto.<\/p>\n<p><img loading=\"lazy\" decoding=\"async\" class=\"aligncenter wp-image-488 size-full\" src=\"https:\/\/www.chinakingtyre.com\/wp-content\/uploads\/2025\/08\/kingtyre-k82-off-road-motorcycle-tires-mounted.jpg\" alt=\"Pneumatici Kingtyre K82 per moto da cross montati su una moto fuoristrada\" width=\"1678\" height=\"794\" srcset=\"https:\/\/www.chinakingtyre.com\/wp-content\/uploads\/2025\/08\/kingtyre-k82-off-road-motorcycle-tires-mounted.jpg 1678w, https:\/\/www.chinakingtyre.com\/wp-content\/uploads\/2025\/08\/kingtyre-k82-off-road-motorcycle-tires-mounted-300x142.jpg 300w, https:\/\/www.chinakingtyre.com\/wp-content\/uploads\/2025\/08\/kingtyre-k82-off-road-motorcycle-tires-mounted-1024x485.jpg 1024w, https:\/\/www.chinakingtyre.com\/wp-content\/uploads\/2025\/08\/kingtyre-k82-off-road-motorcycle-tires-mounted-768x363.jpg 768w, https:\/\/www.chinakingtyre.com\/wp-content\/uploads\/2025\/08\/kingtyre-k82-off-road-motorcycle-tires-mounted-1536x727.jpg 1536w, https:\/\/www.chinakingtyre.com\/wp-content\/uploads\/2025\/08\/kingtyre-k82-off-road-motorcycle-tires-mounted-18x9.jpg 18w, https:\/\/www.chinakingtyre.com\/wp-content\/uploads\/2025\/08\/kingtyre-k82-off-road-motorcycle-tires-mounted-600x284.jpg 600w\" sizes=\"auto, (max-width: 1678px) 100vw, 1678px\" \/><\/p>\n<hr \/>\n<h2>Kingtyre Pneumatici per moto fuoristrada fabbrica<\/h2>\n<p>Kingtyre \u00e8 un'azienda leader <strong>pneumatici per moto fuoristrada<\/strong> fabbrica e uno dei pi\u00f9 avanzati <strong>produttori di pneumatici per bici da corsa<\/strong> in Asia. Il nostro stabilimento integra macchinari europei all'avanguardia con linee di produzione certificate ISO per garantire una qualit\u00e0 di livello mondiale.<\/p>\n<p>Come fidato <strong>Produttori di pneumatici MC<\/strong>Kingtyre ha investito in un centro di ricerca e sviluppo all'avanguardia dove gli ingegneri testano le mescole in condizioni estreme. Il K82 \u00e8 il prodotto di questa innovazione, specificamente progettato per soddisfare le esigenze dei piloti professionisti di motocross, trail ed enduro di tutto il mondo.<\/p>\n<hr \/>\n<h2><strong>10 punti dolenti nei pneumatici per moto da cross e come Kingtyre li risolve<\/strong><\/h2>\n<ol>\n<li><strong>Usura rapida su sentieri rocciosi<\/strong> \u2192 La mescola rinforzata del K82 allunga la vita del pneumatico di 20%.<\/li>\n<li><strong>Scarsa aderenza nel fango<\/strong> \u2192 I profondi canali autopulenti del battistrada massimizzano l'evacuazione del fango.<\/li>\n<li><strong>Perdita di trazione sulla sabbia<\/strong> \u2192 L'impronta pi\u00f9 ampia garantisce un galleggiamento superiore.<\/li>\n<li><strong>Forature del fianco<\/strong> \u2192 Il rinforzo extra protegge dai tagli.<\/li>\n<li><strong>Surriscaldamento durante la guida nel deserto<\/strong> \u2192 La mescola resistente al calore mantiene la stabilit\u00e0.<\/li>\n<li><strong>Difficolt\u00e0 in curva<\/strong> \u2192 I denti laterali aggressivi migliorano l'aderenza in curva di 15%.<\/li>\n<li><strong>Frenata instabile su superfici bagnate<\/strong> \u2192 La spaziatura ottimizzata dei blocchi migliora la frenata sul bagnato.<\/li>\n<li><strong>Manipolazione pesante nei boschi<\/strong> \u2192 La carcassa leggera migliora la manovrabilit\u00e0.<\/li>\n<li><strong>Aderenza imprevedibile su terreni misti<\/strong> \u2192 K82 \u00e8 stato progettato come il <strong>I migliori pneumatici per moto all-terrain per la guida in fuoristrada<\/strong>.<\/li>\n<li><strong>Disponibilit\u00e0 limitata di dimensioni<\/strong> \u2192 Kingtyre K82 offre un'ampia scelta di misure anteriori e posteriori.<\/li>\n<\/ol>\n<p><img loading=\"lazy\" decoding=\"async\" class=\"aligncenter wp-image-489 size-full\" src=\"https:\/\/www.chinakingtyre.com\/wp-content\/uploads\/2025\/08\/kingtyre-dirt-bike-tires-factory.jpg\" alt=\"Processo di ispezione in fabbrica dei pneumatici per moto fuoristrada Kingtyre\" width=\"1678\" height=\"794\" srcset=\"https:\/\/www.chinakingtyre.com\/wp-content\/uploads\/2025\/08\/kingtyre-dirt-bike-tires-factory.jpg 1678w, https:\/\/www.chinakingtyre.com\/wp-content\/uploads\/2025\/08\/kingtyre-dirt-bike-tires-factory-300x142.jpg 300w, https:\/\/www.chinakingtyre.com\/wp-content\/uploads\/2025\/08\/kingtyre-dirt-bike-tires-factory-1024x485.jpg 1024w, https:\/\/www.chinakingtyre.com\/wp-content\/uploads\/2025\/08\/kingtyre-dirt-bike-tires-factory-768x363.jpg 768w, https:\/\/www.chinakingtyre.com\/wp-content\/uploads\/2025\/08\/kingtyre-dirt-bike-tires-factory-1536x727.jpg 1536w, https:\/\/www.chinakingtyre.com\/wp-content\/uploads\/2025\/08\/kingtyre-dirt-bike-tires-factory-18x9.jpg 18w, https:\/\/www.chinakingtyre.com\/wp-content\/uploads\/2025\/08\/kingtyre-dirt-bike-tires-factory-600x284.jpg 600w\" sizes=\"auto, (max-width: 1678px) 100vw, 1678px\" \/><\/p>\n<hr \/>\n<h2><strong>La soluzione di Kingtyre per i motociclisti fuoristrada<\/strong><\/h2>\n<p>Grazie alla combinazione di un'innovativa ingegneria del battistrada, di mescole di gomma avanzate e di una produzione di precisione, Kingtyre K82 si distingue come uno dei prodotti pi\u00f9 innovativi del mondo. <strong>I migliori pneumatici per bici da cross per il trail<\/strong> e le corse nel deserto. Che si tratti di affrontare boschi fangosi, sentieri rocciosi o dune sabbiose, il K82 garantisce durata, aderenza e stabilit\u00e0 senza pari.<\/p>\n<h2><!-- notionvc: be0e3a35-5cae-400f-9467-f878ca50bb75 --><\/h2>\n<hr \/>\n<h2><\/h2>\n<h2><strong>Specifiche tecniche degli pneumatici Kingtyre K82 per moto da strada<\/strong><\/h2>\n<table style=\"height: 256px;\" width=\"841\">\n<thead>\n<tr>\n<th><strong>Caratteristica<\/strong><\/th>\n<th><strong>Specifiche<\/strong><\/th>\n<\/tr>\n<\/thead>\n<tbody>\n<tr>\n<td>Disegno del battistrada<\/td>\n<td>K82 Blocco profondo per fuoristrada<\/td>\n<\/tr>\n<tr>\n<td>Taglie disponibili<\/td>\n<td>Anteriore: 90\/90R21, 120\/70R19 \/ Posteriore: 140\/80R18, 150\/70R17, 150\/70R18, 170\/60R17<\/td>\n<\/tr>\n<tr>\n<td>Composto<\/td>\n<td>Mescola di gomma per fuoristrada ad alta resistenza<\/td>\n<\/tr>\n<tr>\n<td>Costruzione<\/td>\n<td>Carcassa rinforzata a pi\u00f9 strati<\/td>\n<\/tr>\n<tr>\n<td>Prestazioni<\/td>\n<td>Trazione migliorata, durata prolungata, curva antisdrucciolo<\/td>\n<\/tr>\n<tr>\n<td>Miglior utilizzo<\/td>\n<td>Cavalcare i boschi, gare nel deserto, trail riding, gare di enduro<\/td>\n<\/tr>\n<\/tbody>\n<\/table>\n<hr \/>\n<h2><strong>Domande frequenti - Domande comuni sui pneumatici per biciclette da cross<\/strong><\/h2>\n<p><strong>Q1: Qual \u00e8 il miglior pneumatico per moto da cross per i boschi?<\/strong><\/p>\n<p>A1: Il Kingtyre K82 \u00e8 ottimizzato per la guida nei boschi e sui sentieri, con un'eccellente distanza dal fango e un'ottima aderenza.<\/p>\n<p><strong>D2: Ogni quanto tempo devo cambiare il pneumatico della moto da cross?<\/strong><\/p>\n<p>A2: A seconda del terreno, la K82 dura fino a <strong>3.500-5.000 km<\/strong>, circa 20% pi\u00f9 lungo della media.<\/p>\n<p><strong>D3: I pneumatici da cross sono diversi da quelli da strada?<\/strong><\/p>\n<p>A3: S\u00ec, i pneumatici per moto da cross come il K82 utilizzano un battistrada pi\u00f9 profondo e mescole pi\u00f9 morbide per la trazione in fuoristrada.<\/p>\n<p><strong>D4: Quali sono gli pneumatici per moto da cross che funzionano meglio nel fango?<\/strong><\/p>\n<p>A4: L'ampia spaziatura dei blocchi di K82 impedisce l'accumulo di fango, rendendolo ideale.<\/p>\n<p><strong>D5: I pneumatici da trail per bici da corsa possono essere utilizzati in autostrada?<\/strong><\/p>\n<p>A5: Sono prevalentemente fuoristrada, ma brevi tratti su strada sono percorribili.<\/p>\n<p><strong>D6: Quale misura di pneumatico per moto da cross \u00e8 adatta a una moto da trail da 250 cc?<\/strong><\/p>\n<p>A6: comunemente 90\/90R21 anteriore e 140\/80R18 posteriore nella linea K82.<\/p>\n<p><strong>D7: I pneumatici da cross con maggiore aderenza si consumano pi\u00f9 velocemente?<\/strong><\/p>\n<p>A7: Normalmente s\u00ec, ma K82 bilancia grip e usura con una mescola rinforzata.<\/p>\n<p><strong>D8: Qual \u00e8 il miglior pneumatico per pit bike?<\/strong><\/p>\n<p>A8: Kingtyre offre diversi modelli di pneumatici per pit bike, con il K82 che si adatta ad alcuni telai di piccole dimensioni.<\/p>\n<p><strong>D9: I pneumatici K82 sono adatti alle gare nel deserto?<\/strong><\/p>\n<p>A9: S\u00ec, sono una delle <strong>I migliori pneumatici per moto fuoristrada per la guida nel deserto<\/strong>.<\/p>\n<p><strong>D10: Come scegliere il miglior pneumatico per moto da cross per il trail?<\/strong><\/p>\n<p>A10: Concentrarsi sul disegno del battistrada, sulla mescola e sulla durata. Il K82 soddisfa tutte queste esigenze.<\/p>\n<p><!-- notionvc: aa10aae8-eecf-4170-908a-6122a4d0eb59 --><\/p>\n<hr \/>\n<p><a href=\"https:\/\/www.facebook.com\/ChinaKingTyre\">Seguici su Facebook<\/a><\/p>\n<p><!-- notionvc: 8b30d33d-c5a2-407d-b1b9-6e138ecbee72 --><\/p>","protected":false},"excerpt":{"rendered":"<p>Scoprite i pneumatici Kingtyre K82 per moto da cross. Progettati per garantire la massima aderenza, durata e stabilit\u00e0 nei boschi, sui sentieri e nel deserto. Disponibile in pi\u00f9 misure.<!-- notionvc: fdcfd373-0e58-4c3b-8075-7a6c6f0d04d9 --><\/p>","protected":false},"featured_media":490,"comment_status":"open","ping_status":"closed","template":"","meta":[],"class_list":{"0":"post-486","1":"product","2":"type-product","3":"status-publish","4":"has-post-thumbnail","6":"product_cat-off-road-motorcycle-tires","7":"product_tag-120-70r19-motorcycle-tires","8":"product_tag-140-80r18-motorcycle-tires","9":"product_tag-150-70r17-motorcycle-tires","10":"product_tag-150-70r18-motorcycle-tires","11":"product_tag-170-60r17-motorcycle-tires","12":"product_tag-90-90r21-motorcycle-tires","13":"product_tag-all-terrain-dirt-bike-tires","14":"product_tag-best-all-terrain-motorcycle-off-road-tire","15":"product_tag-best-all-terrain-motorcycle-tires-for-off-road-desert-riding","16":"product_tag-best-dirt-bike-tire-for-trail-riding","17":"product_tag-best-dirt-bike-tire-for-woods-riding","18":"product_tag-best-pit-bike-tires","19":"product_tag-desert-racing-motorcycle-tires","20":"product_tag-dirt-bike-tires","21":"product_tag-dirt-bike-tires-manufacturers","22":"product_tag-dirt-bike-tires-with-more-grip","23":"product_tag-dirt-bike-trail-tires","24":"product_tag-dual-sport-dirt-bike-tires","25":"product_tag-enduro-dirt-bike-tires","26":"product_tag-kingtyre-k82","27":"product_tag-mc-tires-manufacturers","28":"product_tag-motocross-dirt-bike-tires","29":"product_tag-mud-terrain-motorcycle-tires","30":"product_tag-off-road-motorcycle-tires","31":"product_tag-off-road-motorcycle-tires-factory","32":"product_tag-off-road-tires","33":"product_tag-woods-riding-dirt-bike-tires","35":"first","36":"instock","37":"shipping-taxable","38":"product-type-simple"},"yoast_head":"<!-- This site is optimized with the Yoast SEO Premium plugin v25.1 (Yoast SEO v25.1) - https:\/\/yoast.com\/wordpress\/plugins\/seo\/ -->\n<title>Kingtyre K82 Dirt Bike Tires \u2013 Best Off-road Motorcycle Tires for Trail &amp; Desert Riding<\/title>\n<meta name=\"description\" content=\"Discover the Kingtyre K82 dirt bike tires. Engineered for maximum grip, durability, and stability in woods, trails, and desert riding. Available in multiple sizes.\" \/>\n<meta name=\"robots\" content=\"index, follow, max-snippet:-1, max-image-preview:large, max-video-preview:-1\" \/>\n<link rel=\"canonical\" href=\"https:\/\/www.chinakingtyre.com\/it\/product\/pneumatici-per-moto-da-cross-kingtyre-k82\/\" \/>\n<meta property=\"og:locale\" content=\"it_IT\" \/>\n<meta property=\"og:type\" content=\"article\" \/>\n<meta property=\"og:title\" content=\"Kingtyre K82 Dirt Bike Tires \u2013 The Best Choice for Extreme Off-Road Performance\" \/>\n<meta property=\"og:description\" content=\"Discover the Kingtyre K82 dirt bike tires. Engineered for maximum grip, durability, and stability in woods, trails, and desert riding. Available in multiple sizes.\" \/>\n<meta property=\"og:url\" content=\"https:\/\/www.chinakingtyre.com\/it\/product\/pneumatici-per-moto-da-cross-kingtyre-k82\/\" \/>\n<meta property=\"og:site_name\" content=\"KingTyre Professional motorcycle tire manufacturer\" \/>\n<meta property=\"article:publisher\" content=\"https:\/\/www.facebook.com\/ChinaKingTyre\" \/>\n<meta property=\"article:modified_time\" content=\"2025-08-21T06:14:06+00:00\" \/>\n<meta property=\"og:image\" content=\"https:\/\/www.chinakingtyre.com\/wp-content\/uploads\/2025\/08\/Kingtyre-K82-dirt-bike-tires.jpg\" \/>\n\t<meta property=\"og:image:width\" content=\"800\" \/>\n\t<meta property=\"og:image:height\" content=\"800\" \/>\n\t<meta property=\"og:image:type\" content=\"image\/jpeg\" \/>\n<meta name=\"twitter:card\" content=\"summary_large_image\" \/>\n<meta name=\"twitter:label1\" content=\"Tempo di lettura stimato\" \/>\n\t<meta name=\"twitter:data1\" content=\"5 minuti\" \/>\n<script type=\"application\/ld+json\" class=\"yoast-schema-graph\">{\"@context\":\"https:\/\/schema.org\",\"@graph\":[{\"@type\":\"WebPage\",\"@id\":\"https:\/\/www.chinakingtyre.com\/product\/dirt-bike-tires-kingtyre-k82\/\",\"url\":\"https:\/\/www.chinakingtyre.com\/product\/dirt-bike-tires-kingtyre-k82\/\",\"name\":\"Kingtyre K82 Dirt Bike Tires \u2013 Best Off-road Motorcycle Tires for Trail & Desert Riding\",\"isPartOf\":{\"@id\":\"https:\/\/www.chinakingtyre.com\/#website\"},\"primaryImageOfPage\":{\"@id\":\"https:\/\/www.chinakingtyre.com\/product\/dirt-bike-tires-kingtyre-k82\/#primaryimage\"},\"image\":{\"@id\":\"https:\/\/www.chinakingtyre.com\/product\/dirt-bike-tires-kingtyre-k82\/#primaryimage\"},\"thumbnailUrl\":\"https:\/\/www.chinakingtyre.com\/wp-content\/uploads\/2025\/08\/Kingtyre-K82-dirt-bike-tires.jpg\",\"datePublished\":\"2025-08-21T03:11:17+00:00\",\"dateModified\":\"2025-08-21T06:14:06+00:00\",\"description\":\"Discover the Kingtyre K82 dirt bike tires. Engineered for maximum grip, durability, and stability in woods, trails, and desert riding. Available in multiple sizes.\",\"breadcrumb\":{\"@id\":\"https:\/\/www.chinakingtyre.com\/product\/dirt-bike-tires-kingtyre-k82\/#breadcrumb\"},\"inLanguage\":\"it-IT\",\"potentialAction\":[{\"@type\":\"ReadAction\",\"target\":[\"https:\/\/www.chinakingtyre.com\/product\/dirt-bike-tires-kingtyre-k82\/\"]}]},{\"@type\":\"ImageObject\",\"inLanguage\":\"it-IT\",\"@id\":\"https:\/\/www.chinakingtyre.com\/product\/dirt-bike-tires-kingtyre-k82\/#primaryimage\",\"url\":\"https:\/\/www.chinakingtyre.com\/wp-content\/uploads\/2025\/08\/Kingtyre-K82-dirt-bike-tires.jpg\",\"contentUrl\":\"https:\/\/www.chinakingtyre.com\/wp-content\/uploads\/2025\/08\/Kingtyre-K82-dirt-bike-tires.jpg\",\"width\":800,\"height\":800},{\"@type\":\"BreadcrumbList\",\"@id\":\"https:\/\/www.chinakingtyre.com\/product\/dirt-bike-tires-kingtyre-k82\/#breadcrumb\",\"itemListElement\":[{\"@type\":\"ListItem\",\"position\":1,\"name\":\"Home\",\"item\":\"https:\/\/www.chinakingtyre.com\/\"},{\"@type\":\"ListItem\",\"position\":2,\"name\":\"Kingtyre Product List\",\"item\":\"https:\/\/www.chinakingtyre.com\/kingtyre-product-list\/\"},{\"@type\":\"ListItem\",\"position\":3,\"name\":\"Kingtyre K82 Dirt Bike Tires \u2013 The Best Choice for Extreme Off-Road Performance\"}]},{\"@type\":\"WebSite\",\"@id\":\"https:\/\/www.chinakingtyre.com\/#website\",\"url\":\"https:\/\/www.chinakingtyre.com\/\",\"name\":\"KingTyre Professional motorcycle tire manufacturer\",\"description\":\"\",\"publisher\":{\"@id\":\"https:\/\/www.chinakingtyre.com\/#organization\"},\"potentialAction\":[{\"@type\":\"SearchAction\",\"target\":{\"@type\":\"EntryPoint\",\"urlTemplate\":\"https:\/\/www.chinakingtyre.com\/?s={search_term_string}\"},\"query-input\":{\"@type\":\"PropertyValueSpecification\",\"valueRequired\":true,\"valueName\":\"search_term_string\"}}],\"inLanguage\":\"it-IT\"},{\"@type\":\"Organization\",\"@id\":\"https:\/\/www.chinakingtyre.com\/#organization\",\"name\":\"TIANJIN KINGTYRE GROUP CO.,LTD\",\"url\":\"https:\/\/www.chinakingtyre.com\/\",\"logo\":{\"@type\":\"ImageObject\",\"inLanguage\":\"it-IT\",\"@id\":\"https:\/\/www.chinakingtyre.com\/#\/schema\/logo\/image\/\",\"url\":\"https:\/\/www.chinakingtyre.com\/wp-content\/uploads\/2025\/07\/LOGO.png\",\"contentUrl\":\"https:\/\/www.chinakingtyre.com\/wp-content\/uploads\/2025\/07\/LOGO.png\",\"width\":870,\"height\":212,\"caption\":\"TIANJIN KINGTYRE GROUP CO.,LTD\"},\"image\":{\"@id\":\"https:\/\/www.chinakingtyre.com\/#\/schema\/logo\/image\/\"},\"sameAs\":[\"https:\/\/www.facebook.com\/ChinaKingTyre\"]}]}<\/script>\n<!-- \/ Yoast SEO Premium plugin. -->","yoast_head_json":{"title":"Pneumatici Kingtyre K82 per moto da cross - I migliori pneumatici per moto fuoristrada per il trail e il deserto","description":"Scoprite i pneumatici Kingtyre K82 per moto da cross. Progettati per garantire la massima aderenza, durata e stabilit\u00e0 nei boschi, sui sentieri e nel deserto. Disponibile in pi\u00f9 misure.","robots":{"index":"index","follow":"follow","max-snippet":"max-snippet:-1","max-image-preview":"max-image-preview:large","max-video-preview":"max-video-preview:-1"},"canonical":"https:\/\/www.chinakingtyre.com\/it\/product\/pneumatici-per-moto-da-cross-kingtyre-k82\/","og_locale":"it_IT","og_type":"article","og_title":"Kingtyre K82 Dirt Bike Tires \u2013 The Best Choice for Extreme Off-Road Performance","og_description":"Discover the Kingtyre K82 dirt bike tires. Engineered for maximum grip, durability, and stability in woods, trails, and desert riding. Available in multiple sizes.","og_url":"https:\/\/www.chinakingtyre.com\/it\/product\/pneumatici-per-moto-da-cross-kingtyre-k82\/","og_site_name":"KingTyre Professional motorcycle tire manufacturer","article_publisher":"https:\/\/www.facebook.com\/ChinaKingTyre","article_modified_time":"2025-08-21T06:14:06+00:00","og_image":[{"width":800,"height":800,"url":"https:\/\/www.chinakingtyre.com\/wp-content\/uploads\/2025\/08\/Kingtyre-K82-dirt-bike-tires.jpg","type":"image\/jpeg"}],"twitter_card":"summary_large_image","twitter_misc":{"Tempo di lettura stimato":"5 minuti"},"schema":{"@context":"https:\/\/schema.org","@graph":[{"@type":"WebPage","@id":"https:\/\/www.chinakingtyre.com\/product\/dirt-bike-tires-kingtyre-k82\/","url":"https:\/\/www.chinakingtyre.com\/product\/dirt-bike-tires-kingtyre-k82\/","name":"Pneumatici Kingtyre K82 per moto da cross - I migliori pneumatici per moto fuoristrada per il trail e il deserto","isPartOf":{"@id":"https:\/\/www.chinakingtyre.com\/#website"},"primaryImageOfPage":{"@id":"https:\/\/www.chinakingtyre.com\/product\/dirt-bike-tires-kingtyre-k82\/#primaryimage"},"image":{"@id":"https:\/\/www.chinakingtyre.com\/product\/dirt-bike-tires-kingtyre-k82\/#primaryimage"},"thumbnailUrl":"https:\/\/www.chinakingtyre.com\/wp-content\/uploads\/2025\/08\/Kingtyre-K82-dirt-bike-tires.jpg","datePublished":"2025-08-21T03:11:17+00:00","dateModified":"2025-08-21T06:14:06+00:00","description":"Scoprite i pneumatici Kingtyre K82 per moto da cross. Progettati per garantire la massima aderenza, durata e stabilit\u00e0 nei boschi, sui sentieri e nel deserto. Disponibile in pi\u00f9 misure.","breadcrumb":{"@id":"https:\/\/www.chinakingtyre.com\/product\/dirt-bike-tires-kingtyre-k82\/#breadcrumb"},"inLanguage":"it-IT","potentialAction":[{"@type":"ReadAction","target":["https:\/\/www.chinakingtyre.com\/product\/dirt-bike-tires-kingtyre-k82\/"]}]},{"@type":"ImageObject","inLanguage":"it-IT","@id":"https:\/\/www.chinakingtyre.com\/product\/dirt-bike-tires-kingtyre-k82\/#primaryimage","url":"https:\/\/www.chinakingtyre.com\/wp-content\/uploads\/2025\/08\/Kingtyre-K82-dirt-bike-tires.jpg","contentUrl":"https:\/\/www.chinakingtyre.com\/wp-content\/uploads\/2025\/08\/Kingtyre-K82-dirt-bike-tires.jpg","width":800,"height":800},{"@type":"BreadcrumbList","@id":"https:\/\/www.chinakingtyre.com\/product\/dirt-bike-tires-kingtyre-k82\/#breadcrumb","itemListElement":[{"@type":"ListItem","position":1,"name":"Home","item":"https:\/\/www.chinakingtyre.com\/"},{"@type":"ListItem","position":2,"name":"Kingtyre Product List","item":"https:\/\/www.chinakingtyre.com\/kingtyre-product-list\/"},{"@type":"ListItem","position":3,"name":"Kingtyre K82 Dirt Bike Tires \u2013 The Best Choice for Extreme Off-Road Performance"}]},{"@type":"WebSite","@id":"https:\/\/www.chinakingtyre.com\/#website","url":"https:\/\/www.chinakingtyre.com\/","name":"KingTyre Produttore professionale di pneumatici per moto","description":"","publisher":{"@id":"https:\/\/www.chinakingtyre.com\/#organization"},"potentialAction":[{"@type":"SearchAction","target":{"@type":"EntryPoint","urlTemplate":"https:\/\/www.chinakingtyre.com\/?s={search_term_string}"},"query-input":{"@type":"PropertyValueSpecification","valueRequired":true,"valueName":"search_term_string"}}],"inLanguage":"it-IT"},{"@type":"Organization","@id":"https:\/\/www.chinakingtyre.com\/#organization","name":"TIANJIN KINGTYRE GROUP CO.,LTD","url":"https:\/\/www.chinakingtyre.com\/","logo":{"@type":"ImageObject","inLanguage":"it-IT","@id":"https:\/\/www.chinakingtyre.com\/#\/schema\/logo\/image\/","url":"https:\/\/www.chinakingtyre.com\/wp-content\/uploads\/2025\/07\/LOGO.png","contentUrl":"https:\/\/www.chinakingtyre.com\/wp-content\/uploads\/2025\/07\/LOGO.png","width":870,"height":212,"caption":"TIANJIN KINGTYRE GROUP CO.,LTD"},"image":{"@id":"https:\/\/www.chinakingtyre.com\/#\/schema\/logo\/image\/"},"sameAs":["https:\/\/www.facebook.com\/ChinaKingTyre"]}]}},"_links":{"self":[{"href":"https:\/\/www.chinakingtyre.com\/it\/wp-json\/wp\/v2\/product\/486","targetHints":{"allow":["GET"]}}],"collection":[{"href":"https:\/\/www.chinakingtyre.com\/it\/wp-json\/wp\/v2\/product"}],"about":[{"href":"https:\/\/www.chinakingtyre.com\/it\/wp-json\/wp\/v2\/types\/product"}],"replies":[{"embeddable":true,"href":"https:\/\/www.chinakingtyre.com\/it\/wp-json\/wp\/v2\/comments?post=486"}],"wp:featuredmedia":[{"embeddable":true,"href":"https:\/\/www.chinakingtyre.com\/it\/wp-json\/wp\/v2\/media\/490"}],"wp:attachment":[{"href":"https:\/\/www.chinakingtyre.com\/it\/wp-json\/wp\/v2\/media?parent=486"}],"curies":[{"name":"wp","href":"https:\/\/api.w.org\/{rel}","templated":true}]}}