{"id":102,"date":"2025-07-23T03:58:24","date_gmt":"2025-07-23T03:58:24","guid":{"rendered":"https:\/\/uvbjmlkq.sg-members-1.clawcloudrun.com\/?post_type=product&#038;p=102"},"modified":"2025-08-15T07:05:47","modified_gmt":"2025-08-15T07:05:47","slug":"wyscigowa-opona-deszczowa-kingtyre-k01","status":"publish","type":"product","link":"https:\/\/www.chinakingtyre.com\/pl\/product\/wyscigowa-opona-deszczowa-kingtyre-k01\/","title":{"rendered":"Kingtyre K01 Racing Rain Tire | Doskona\u0142e osi\u0105gi na mokrym torze podczas wy\u015bcig\u00f3w motocyklowych"},"content":{"rendered":"<p>Mokra pogoda to jedno z najtrudniejszych wyzwa\u0144 w wy\u015bcigach motocyklowych. The <span class=\"notion-enable-hover\" data-token-index=\"1\">Kingtyre K01 Racing Rain Tire<\/span> jest zaprojektowany przez wiod\u0105cego <span class=\"notion-enable-hover\" data-token-index=\"3\">fabryka opon motocyklowych<\/span> aby zdominowa\u0107 zalane deszczem tory dzi\u0119ki wyj\u0105tkowej przyczepno\u015bci, stabilno\u015bci i pewno\u015bci kierowcy. Zaprojektowany z my\u015bl\u0105 o wy\u015bcigach wytrzyma\u0142o\u015bciowych i szybkich zawodach, K01 wyznacza punkt odniesienia dla <span class=\"notion-enable-hover\" data-token-index=\"5\">Profesjonalne opony wy\u015bcigowe na mokr\u0105 nawierzchni\u0119<\/span>.<!-- notionvc: 29b4a94d-4e65-4f0a-8c1b-068ced6fd13f --><\/p>\n<hr \/>\n<h2><strong>Innowacyjna konstrukcja zapewniaj\u0105ca maksymalne rozproszenie wody<\/strong><\/h2>\n<p>The <strong>K01 Racing Rain Tire<\/strong> posiada precyzyjnie zaprojektowany wz\u00f3r bie\u017cnika, kt\u00f3ry szybko odprowadza wod\u0119, utrzymuj\u0105c bezpieczn\u0105 powierzchni\u0119 styku nawet podczas najci\u0119\u017cszych opad\u00f3w deszczu. Wzmocniona krzemionk\u0105 mieszanka gumy zapewnia wiod\u0105c\u0105 w swojej klasie przyczepno\u015b\u0107, co czyni j\u0105 jedn\u0105 z najbardziej zaawansowanych opon na \u015bwiecie. <strong>wy\u015bcigowe opony deszczowe<\/strong> dost\u0119pne.<\/p>\n<p><strong>Najwa\u017cniejsze wyniki:<\/strong><\/p>\n<ul>\n<li><strong>Odporno\u015b\u0107 na hydroplaning:<\/strong> G\u0142\u0119bokie rowki pod k\u0105tem poprawiaj\u0105 szybko\u015b\u0107 odprowadzania wody poprzez <strong>30%<\/strong> w por\u00f3wnaniu ze standardowymi oponami sportowymi.<\/li>\n<li><strong>Stabilny punkt styku:<\/strong> Utrzymuje do <strong>Styk powierzchniowy 85%<\/strong> dla przewidywalnej obs\u0142ugi.<\/li>\n<li><strong>Zwi\u0105zek wzbogacony krzemionk\u0105:<\/strong> Dostarcza <strong>25% lepsza trakcja na mokrej nawierzchni<\/strong>, skracaj\u0105c czas okr\u0105\u017cenia w niesprzyjaj\u0105cych warunkach pogodowych.<\/li>\n<\/ul>\n<p><img loading=\"lazy\" decoding=\"async\" class=\"aligncenter wp-image-276 size-full\" src=\"https:\/\/www.chinakingtyre.com\/wp-content\/uploads\/2025\/07\/kingtyre-k01-rain-tire-tread.jpg\" alt=\"Bie\u017cnik opony Kingtyre K01 Racing Rain z rowkami rozpraszaj\u0105cymi wod\u0119.\" width=\"800\" height=\"800\" srcset=\"https:\/\/www.chinakingtyre.com\/wp-content\/uploads\/2025\/07\/kingtyre-k01-rain-tire-tread.jpg 800w, https:\/\/www.chinakingtyre.com\/wp-content\/uploads\/2025\/07\/kingtyre-k01-rain-tire-tread-300x300.jpg 300w, https:\/\/www.chinakingtyre.com\/wp-content\/uploads\/2025\/07\/kingtyre-k01-rain-tire-tread-600x600.jpg 600w, https:\/\/www.chinakingtyre.com\/wp-content\/uploads\/2025\/07\/kingtyre-k01-rain-tire-tread-150x150.jpg 150w, https:\/\/www.chinakingtyre.com\/wp-content\/uploads\/2025\/07\/kingtyre-k01-rain-tire-tread-768x768.jpg 768w\" sizes=\"auto, (max-width: 800px) 100vw, 800px\" \/><\/p>\n<hr \/>\n<h2><strong>Dost\u0119pne rozmiary dla profesjonalnych zawodnik\u00f3w<\/strong><\/h2>\n<p>Opony Kingtyre K01 s\u0105 dost\u0119pne w wielu wersjach wy\u015bcigowych dla przednich i tylnych k\u00f3\u0142, zapewniaj\u0105c kompatybilno\u015b\u0107 z lekkimi motocyklami wy\u015bcigowymi i pot\u0119\u017cnymi superbike'ami.<\/p>\n<ul>\n<li><strong>Prz\u00f3d:<\/strong> 110\/70R17, 125\/70R17, 125\/80R17<\/li>\n<li><strong>Ty\u0142:<\/strong> 140\/70R17, 190\/55R17<\/li>\n<\/ul>\n<p><img loading=\"lazy\" decoding=\"async\" class=\"aligncenter wp-image-277 size-full\" src=\"https:\/\/www.chinakingtyre.com\/wp-content\/uploads\/2025\/07\/kingtyre-k01-in-action.jpg\" alt=\"Opona deszczowa Kingtyre K01 zamontowana na motocyklu \u015bcigaj\u0105cym si\u0119 na mokrym torze.\" width=\"800\" height=\"800\" srcset=\"https:\/\/www.chinakingtyre.com\/wp-content\/uploads\/2025\/07\/kingtyre-k01-in-action.jpg 800w, https:\/\/www.chinakingtyre.com\/wp-content\/uploads\/2025\/07\/kingtyre-k01-in-action-300x300.jpg 300w, https:\/\/www.chinakingtyre.com\/wp-content\/uploads\/2025\/07\/kingtyre-k01-in-action-600x600.jpg 600w, https:\/\/www.chinakingtyre.com\/wp-content\/uploads\/2025\/07\/kingtyre-k01-in-action-150x150.jpg 150w, https:\/\/www.chinakingtyre.com\/wp-content\/uploads\/2025\/07\/kingtyre-k01-in-action-768x768.jpg 768w\" sizes=\"auto, (max-width: 800px) 100vw, 800px\" \/><\/p>\n<hr \/>\n<h2><strong>Zaprojektowane z my\u015bl\u0105 o przyczepno\u015bci na mokrej nawierzchni i stabilno\u015bci w zakr\u0119tach<\/strong><\/h2>\n<p>Wy\u015bcigi na mokrej nawierzchni wymagaj\u0105 sta\u0142ej przyczepno\u015bci i stabilno\u015bci. Opony <strong>K01<\/strong> zosta\u0142 zaprojektowany tak, aby wyr\u00f3\u017cnia\u0107 si\u0119 w tych warunkach:<\/p>\n<ul>\n<li>\u2705 <strong>Zwi\u0119kszona przyczepno\u015b\u0107 na mokro:<\/strong> 25% ulepszona trakcja dzi\u0119ki zaawansowanym zwi\u0105zkom krzemionki.<\/li>\n<li>\u2705 <strong>Pewno\u015b\u0107 na zakr\u0119tach:<\/strong> Zoptymalizowany kszta\u0142t profilu zmniejsza ugi\u0119cie opony przy du\u017cych k\u0105tach pochylenia.<\/li>\n<li>\u2705 <strong>Szeroki zakres temperatur:<\/strong> Dzia\u0142a niezawodnie w <strong>5\u00b0C-40\u00b0C<\/strong> warunki wy\u015bcigowe.<\/li>\n<\/ul>\n<hr \/>\n<h2><strong>Testowany na torze w wy\u015bcigach wytrzyma\u0142o\u015bciowych<\/strong><\/h2>\n<p>The <strong>Kingtyre K01 Racing Rain Tire<\/strong> zosta\u0142 przetestowany w ekstremalnych warunkach, w tym <strong>24-godzinne wy\u015bcigi motocyklowe Le Mans<\/strong>.<\/p>\n<ul>\n<li><strong>Ni\u017cszy wsp\u00f3\u0142czynnik zu\u017cycia 20%<\/strong> w por\u00f3wnaniu do innych opon wy\u015bcigowych na mokr\u0105 nawierzchni\u0119.<\/li>\n<li>Przetestowane pod k\u0105tem wytrzyma\u0142o\u015bci <strong>do 5 sesji wy\u015bcigowych<\/strong> w ulewnym deszczu bez utraty wydajno\u015bci.<\/li>\n<\/ul>\n<p><img loading=\"lazy\" decoding=\"async\" class=\"aligncenter wp-image-278 size-full\" src=\"https:\/\/www.chinakingtyre.com\/wp-content\/uploads\/2025\/07\/kingtyre-k01-performance-wet-1.jpg\" alt=\"Wy\u015bcigowa opona Kingtyre K01 na mokrym torze wy\u015bcigowym.\" width=\"800\" height=\"800\" srcset=\"https:\/\/www.chinakingtyre.com\/wp-content\/uploads\/2025\/07\/kingtyre-k01-performance-wet-1.jpg 800w, https:\/\/www.chinakingtyre.com\/wp-content\/uploads\/2025\/07\/kingtyre-k01-performance-wet-1-300x300.jpg 300w, https:\/\/www.chinakingtyre.com\/wp-content\/uploads\/2025\/07\/kingtyre-k01-performance-wet-1-600x600.jpg 600w, https:\/\/www.chinakingtyre.com\/wp-content\/uploads\/2025\/07\/kingtyre-k01-performance-wet-1-150x150.jpg 150w, https:\/\/www.chinakingtyre.com\/wp-content\/uploads\/2025\/07\/kingtyre-k01-performance-wet-1-768x768.jpg 768w\" sizes=\"auto, (max-width: 800px) 100vw, 800px\" \/><\/p>\n<hr \/>\n<h2><strong>Zaanga\u017cowanie Kingtyre w innowacje wy\u015bcigowe<\/strong><\/h2>\n<p>Jako zaufany <strong>Producent opon motocyklowych<\/strong>Kingtyre integruje zaawansowane maszyny, \u015bcis\u0142e kontrole jako\u015bci i opinie zawodnik\u00f3w w ka\u017cdej oponie. The <strong>K01 Racing Rain Tire<\/strong> reprezentuje szczyt technologii wy\u015bcig\u00f3w motocyklowych na mokr\u0105 nawierzchni\u0119.<\/p>\n<p><img loading=\"lazy\" decoding=\"async\" class=\"aligncenter wp-image-279 size-full\" src=\"https:\/\/www.chinakingtyre.com\/wp-content\/uploads\/2025\/07\/kingtyre-factory-expertise.jpg\" alt=\"Fabryka opon motocyklowych Kingtyre i zesp\u00f3\u0142 in\u017cynier\u00f3w przy pracy.\" width=\"800\" height=\"800\" srcset=\"https:\/\/www.chinakingtyre.com\/wp-content\/uploads\/2025\/07\/kingtyre-factory-expertise.jpg 800w, https:\/\/www.chinakingtyre.com\/wp-content\/uploads\/2025\/07\/kingtyre-factory-expertise-300x300.jpg 300w, https:\/\/www.chinakingtyre.com\/wp-content\/uploads\/2025\/07\/kingtyre-factory-expertise-600x600.jpg 600w, https:\/\/www.chinakingtyre.com\/wp-content\/uploads\/2025\/07\/kingtyre-factory-expertise-150x150.jpg 150w, https:\/\/www.chinakingtyre.com\/wp-content\/uploads\/2025\/07\/kingtyre-factory-expertise-768x768.jpg 768w\" sizes=\"auto, (max-width: 800px) 100vw, 800px\" \/><!-- notionvc: a9839f0c-270e-4ac9-9ef8-ab1aa232c0e0 --><\/p>\n<hr \/>\n<p><a href=\"https:\/\/www.facebook.com\/ChinaKingTyre\">\u015aled\u017a nas na Facebooku<\/a><\/p>\n<p><!-- notionvc: da3d7028-5973-40b1-9fc1-99008a78214e --><\/p>","protected":false},"excerpt":{"rendered":"<p>Odkryj, jak opona Kingtyre K01 Racing Rain podbija mokre tory dzi\u0119ki doskona\u0142ej przyczepno\u015bci, stabilno\u015bci i trwa\u0142o\u015bci. Poznaj jej unikalne cechy i dane dotycz\u0105ce osi\u0105g\u00f3w ju\u017c dzi\u015b!<!-- notionvc: 04363bd3-9432-4c03-8695-e074694f2453 --><\/p>","protected":false},"featured_media":105,"comment_status":"open","ping_status":"closed","template":"","meta":[],"class_list":{"0":"post-102","1":"product","2":"type-product","3":"status-publish","4":"has-post-thumbnail","6":"product_cat-racing-slicks-motorcycle-tires","7":"product_tag-endurance-racing-tires","8":"product_tag-high-performance-motorcycle-tires","9":"product_tag-kingtyre-k01","10":"product_tag-mc-tires-factory","11":"product_tag-motorcycle-tire-manufacturers","12":"product_tag-motorcycle-tires-factory","13":"product_tag-racing-rain-tires","14":"product_tag-racing-slick-alternatives","15":"product_tag-racing-tires","16":"product_tag-rain-motorcycle-tires","17":"product_tag-wet-track-motorcycle-tires","19":"first","20":"instock","21":"shipping-taxable","22":"product-type-simple"},"yoast_head":"<!-- This site is optimized with the Yoast SEO Premium plugin v25.1 (Yoast SEO v25.1) - https:\/\/yoast.com\/wordpress\/plugins\/seo\/ -->\n<title>Kingtyre K01 Racing Rain Tire | Wet Track Motorcycle Racing Tires<\/title>\n<meta name=\"description\" content=\"The Kingtyre K01 Racing Rain Tire delivers superior grip, hydroplaning resistance, and endurance-tested performance for wet motorcycle racing. Explore sizes and features today.\" \/>\n<meta name=\"robots\" content=\"index, follow, max-snippet:-1, max-image-preview:large, max-video-preview:-1\" \/>\n<link rel=\"canonical\" href=\"https:\/\/www.chinakingtyre.com\/pl\/product\/wyscigowa-opona-deszczowa-kingtyre-k01\/\" \/>\n<meta property=\"og:locale\" content=\"pl_PL\" \/>\n<meta property=\"og:type\" content=\"article\" \/>\n<meta property=\"og:title\" content=\"Kingtyre K01 Racing Rain Tire | Superior Wet Track Motorcycle Racing Performance\" \/>\n<meta property=\"og:description\" content=\"The Kingtyre K01 Racing Rain Tire delivers superior grip, hydroplaning resistance, and endurance-tested performance for wet motorcycle racing. Explore sizes and features today.\" \/>\n<meta property=\"og:url\" content=\"https:\/\/www.chinakingtyre.com\/pl\/product\/wyscigowa-opona-deszczowa-kingtyre-k01\/\" \/>\n<meta property=\"og:site_name\" content=\"KingTyre Professional motorcycle tire manufacturer\" \/>\n<meta property=\"article:publisher\" content=\"https:\/\/www.facebook.com\/ChinaKingTyre\" \/>\n<meta property=\"article:modified_time\" content=\"2025-08-15T07:05:47+00:00\" \/>\n<meta property=\"og:image\" content=\"https:\/\/www.chinakingtyre.com\/wp-content\/uploads\/2025\/07\/Kingtyre-K01-Racing-Tire.jpg\" \/>\n\t<meta property=\"og:image:width\" content=\"800\" \/>\n\t<meta property=\"og:image:height\" content=\"800\" \/>\n\t<meta property=\"og:image:type\" content=\"image\/jpeg\" \/>\n<meta name=\"twitter:card\" content=\"summary_large_image\" \/>\n<meta name=\"twitter:label1\" content=\"Szacowany czas czytania\" \/>\n\t<meta name=\"twitter:data1\" content=\"3 minuty\" \/>\n<script type=\"application\/ld+json\" class=\"yoast-schema-graph\">{\"@context\":\"https:\/\/schema.org\",\"@graph\":[{\"@type\":\"WebPage\",\"@id\":\"https:\/\/www.chinakingtyre.com\/product\/kingtyre-k01-racing-rain-tire\/\",\"url\":\"https:\/\/www.chinakingtyre.com\/product\/kingtyre-k01-racing-rain-tire\/\",\"name\":\"Kingtyre K01 Racing Rain Tire | Wet Track Motorcycle Racing Tires\",\"isPartOf\":{\"@id\":\"https:\/\/www.chinakingtyre.com\/#website\"},\"primaryImageOfPage\":{\"@id\":\"https:\/\/www.chinakingtyre.com\/product\/kingtyre-k01-racing-rain-tire\/#primaryimage\"},\"image\":{\"@id\":\"https:\/\/www.chinakingtyre.com\/product\/kingtyre-k01-racing-rain-tire\/#primaryimage\"},\"thumbnailUrl\":\"https:\/\/www.chinakingtyre.com\/wp-content\/uploads\/2025\/07\/Kingtyre-K01-Racing-Tire.jpg\",\"datePublished\":\"2025-07-23T03:58:24+00:00\",\"dateModified\":\"2025-08-15T07:05:47+00:00\",\"description\":\"The Kingtyre K01 Racing Rain Tire delivers superior grip, hydroplaning resistance, and endurance-tested performance for wet motorcycle racing. Explore sizes and features today.\",\"breadcrumb\":{\"@id\":\"https:\/\/www.chinakingtyre.com\/product\/kingtyre-k01-racing-rain-tire\/#breadcrumb\"},\"inLanguage\":\"pl-PL\",\"potentialAction\":[{\"@type\":\"ReadAction\",\"target\":[\"https:\/\/www.chinakingtyre.com\/product\/kingtyre-k01-racing-rain-tire\/\"]}]},{\"@type\":\"ImageObject\",\"inLanguage\":\"pl-PL\",\"@id\":\"https:\/\/www.chinakingtyre.com\/product\/kingtyre-k01-racing-rain-tire\/#primaryimage\",\"url\":\"https:\/\/www.chinakingtyre.com\/wp-content\/uploads\/2025\/07\/Kingtyre-K01-Racing-Tire.jpg\",\"contentUrl\":\"https:\/\/www.chinakingtyre.com\/wp-content\/uploads\/2025\/07\/Kingtyre-K01-Racing-Tire.jpg\",\"width\":800,\"height\":800,\"caption\":\"Kingtyre K01 Racing Tire\"},{\"@type\":\"BreadcrumbList\",\"@id\":\"https:\/\/www.chinakingtyre.com\/product\/kingtyre-k01-racing-rain-tire\/#breadcrumb\",\"itemListElement\":[{\"@type\":\"ListItem\",\"position\":1,\"name\":\"Home\",\"item\":\"https:\/\/www.chinakingtyre.com\/\"},{\"@type\":\"ListItem\",\"position\":2,\"name\":\"Kingtyre Product List\",\"item\":\"https:\/\/www.chinakingtyre.com\/kingtyre-product-list\/\"},{\"@type\":\"ListItem\",\"position\":3,\"name\":\"Kingtyre K01 Racing Rain Tire | Superior Wet Track Motorcycle Racing Performance\"}]},{\"@type\":\"WebSite\",\"@id\":\"https:\/\/www.chinakingtyre.com\/#website\",\"url\":\"https:\/\/www.chinakingtyre.com\/\",\"name\":\"KingTyre Professional motorcycle tire manufacturer\",\"description\":\"\",\"publisher\":{\"@id\":\"https:\/\/www.chinakingtyre.com\/#organization\"},\"potentialAction\":[{\"@type\":\"SearchAction\",\"target\":{\"@type\":\"EntryPoint\",\"urlTemplate\":\"https:\/\/www.chinakingtyre.com\/?s={search_term_string}\"},\"query-input\":{\"@type\":\"PropertyValueSpecification\",\"valueRequired\":true,\"valueName\":\"search_term_string\"}}],\"inLanguage\":\"pl-PL\"},{\"@type\":\"Organization\",\"@id\":\"https:\/\/www.chinakingtyre.com\/#organization\",\"name\":\"TIANJIN KINGTYRE GROUP CO.,LTD\",\"url\":\"https:\/\/www.chinakingtyre.com\/\",\"logo\":{\"@type\":\"ImageObject\",\"inLanguage\":\"pl-PL\",\"@id\":\"https:\/\/www.chinakingtyre.com\/#\/schema\/logo\/image\/\",\"url\":\"https:\/\/www.chinakingtyre.com\/wp-content\/uploads\/2025\/07\/LOGO.png\",\"contentUrl\":\"https:\/\/www.chinakingtyre.com\/wp-content\/uploads\/2025\/07\/LOGO.png\",\"width\":870,\"height\":212,\"caption\":\"TIANJIN KINGTYRE GROUP CO.,LTD\"},\"image\":{\"@id\":\"https:\/\/www.chinakingtyre.com\/#\/schema\/logo\/image\/\"},\"sameAs\":[\"https:\/\/www.facebook.com\/ChinaKingTyre\"]}]}<\/script>\n<!-- \/ Yoast SEO Premium plugin. -->","yoast_head_json":{"title":"Kingtyre K01 Racing Rain Tire | Motocyklowe opony wy\u015bcigowe na mokry tor","description":"Opona Kingtyre K01 Racing Rain zapewnia doskona\u0142\u0105 przyczepno\u015b\u0107, odporno\u015b\u0107 na hydroplaning i sprawdzon\u0105 wytrzyma\u0142o\u015b\u0107 podczas wy\u015bcig\u00f3w motocyklowych na mokrej nawierzchni. Poznaj rozmiary i funkcje ju\u017c dzi\u015b.","robots":{"index":"index","follow":"follow","max-snippet":"max-snippet:-1","max-image-preview":"max-image-preview:large","max-video-preview":"max-video-preview:-1"},"canonical":"https:\/\/www.chinakingtyre.com\/pl\/product\/wyscigowa-opona-deszczowa-kingtyre-k01\/","og_locale":"pl_PL","og_type":"article","og_title":"Kingtyre K01 Racing Rain Tire | Superior Wet Track Motorcycle Racing Performance","og_description":"The Kingtyre K01 Racing Rain Tire delivers superior grip, hydroplaning resistance, and endurance-tested performance for wet motorcycle racing. Explore sizes and features today.","og_url":"https:\/\/www.chinakingtyre.com\/pl\/product\/wyscigowa-opona-deszczowa-kingtyre-k01\/","og_site_name":"KingTyre Professional motorcycle tire manufacturer","article_publisher":"https:\/\/www.facebook.com\/ChinaKingTyre","article_modified_time":"2025-08-15T07:05:47+00:00","og_image":[{"width":800,"height":800,"url":"https:\/\/www.chinakingtyre.com\/wp-content\/uploads\/2025\/07\/Kingtyre-K01-Racing-Tire.jpg","type":"image\/jpeg"}],"twitter_card":"summary_large_image","twitter_misc":{"Szacowany czas czytania":"3 minuty"},"schema":{"@context":"https:\/\/schema.org","@graph":[{"@type":"WebPage","@id":"https:\/\/www.chinakingtyre.com\/product\/kingtyre-k01-racing-rain-tire\/","url":"https:\/\/www.chinakingtyre.com\/product\/kingtyre-k01-racing-rain-tire\/","name":"Kingtyre K01 Racing Rain Tire | Motocyklowe opony wy\u015bcigowe na mokry tor","isPartOf":{"@id":"https:\/\/www.chinakingtyre.com\/#website"},"primaryImageOfPage":{"@id":"https:\/\/www.chinakingtyre.com\/product\/kingtyre-k01-racing-rain-tire\/#primaryimage"},"image":{"@id":"https:\/\/www.chinakingtyre.com\/product\/kingtyre-k01-racing-rain-tire\/#primaryimage"},"thumbnailUrl":"https:\/\/www.chinakingtyre.com\/wp-content\/uploads\/2025\/07\/Kingtyre-K01-Racing-Tire.jpg","datePublished":"2025-07-23T03:58:24+00:00","dateModified":"2025-08-15T07:05:47+00:00","description":"Opona Kingtyre K01 Racing Rain zapewnia doskona\u0142\u0105 przyczepno\u015b\u0107, odporno\u015b\u0107 na hydroplaning i sprawdzon\u0105 wytrzyma\u0142o\u015b\u0107 podczas wy\u015bcig\u00f3w motocyklowych na mokrej nawierzchni. Poznaj rozmiary i funkcje ju\u017c dzi\u015b.","breadcrumb":{"@id":"https:\/\/www.chinakingtyre.com\/product\/kingtyre-k01-racing-rain-tire\/#breadcrumb"},"inLanguage":"pl-PL","potentialAction":[{"@type":"ReadAction","target":["https:\/\/www.chinakingtyre.com\/product\/kingtyre-k01-racing-rain-tire\/"]}]},{"@type":"ImageObject","inLanguage":"pl-PL","@id":"https:\/\/www.chinakingtyre.com\/product\/kingtyre-k01-racing-rain-tire\/#primaryimage","url":"https:\/\/www.chinakingtyre.com\/wp-content\/uploads\/2025\/07\/Kingtyre-K01-Racing-Tire.jpg","contentUrl":"https:\/\/www.chinakingtyre.com\/wp-content\/uploads\/2025\/07\/Kingtyre-K01-Racing-Tire.jpg","width":800,"height":800,"caption":"Kingtyre K01 Racing Tire"},{"@type":"BreadcrumbList","@id":"https:\/\/www.chinakingtyre.com\/product\/kingtyre-k01-racing-rain-tire\/#breadcrumb","itemListElement":[{"@type":"ListItem","position":1,"name":"Home","item":"https:\/\/www.chinakingtyre.com\/"},{"@type":"ListItem","position":2,"name":"Kingtyre Product List","item":"https:\/\/www.chinakingtyre.com\/kingtyre-product-list\/"},{"@type":"ListItem","position":3,"name":"Kingtyre K01 Racing Rain Tire | Superior Wet Track Motorcycle Racing Performance"}]},{"@type":"WebSite","@id":"https:\/\/www.chinakingtyre.com\/#website","url":"https:\/\/www.chinakingtyre.com\/","name":"KingTyre Profesjonalny producent opon motocyklowych","description":"","publisher":{"@id":"https:\/\/www.chinakingtyre.com\/#organization"},"potentialAction":[{"@type":"SearchAction","target":{"@type":"EntryPoint","urlTemplate":"https:\/\/www.chinakingtyre.com\/?s={search_term_string}"},"query-input":{"@type":"PropertyValueSpecification","valueRequired":true,"valueName":"search_term_string"}}],"inLanguage":"pl-PL"},{"@type":"Organization","@id":"https:\/\/www.chinakingtyre.com\/#organization","name":"TIANJIN KINGTYRE GROUP CO., LTD","url":"https:\/\/www.chinakingtyre.com\/","logo":{"@type":"ImageObject","inLanguage":"pl-PL","@id":"https:\/\/www.chinakingtyre.com\/#\/schema\/logo\/image\/","url":"https:\/\/www.chinakingtyre.com\/wp-content\/uploads\/2025\/07\/LOGO.png","contentUrl":"https:\/\/www.chinakingtyre.com\/wp-content\/uploads\/2025\/07\/LOGO.png","width":870,"height":212,"caption":"TIANJIN KINGTYRE GROUP CO.,LTD"},"image":{"@id":"https:\/\/www.chinakingtyre.com\/#\/schema\/logo\/image\/"},"sameAs":["https:\/\/www.facebook.com\/ChinaKingTyre"]}]}},"_links":{"self":[{"href":"https:\/\/www.chinakingtyre.com\/pl\/wp-json\/wp\/v2\/product\/102","targetHints":{"allow":["GET"]}}],"collection":[{"href":"https:\/\/www.chinakingtyre.com\/pl\/wp-json\/wp\/v2\/product"}],"about":[{"href":"https:\/\/www.chinakingtyre.com\/pl\/wp-json\/wp\/v2\/types\/product"}],"replies":[{"embeddable":true,"href":"https:\/\/www.chinakingtyre.com\/pl\/wp-json\/wp\/v2\/comments?post=102"}],"wp:featuredmedia":[{"embeddable":true,"href":"https:\/\/www.chinakingtyre.com\/pl\/wp-json\/wp\/v2\/media\/105"}],"wp:attachment":[{"href":"https:\/\/www.chinakingtyre.com\/pl\/wp-json\/wp\/v2\/media?parent=102"}],"curies":[{"name":"wp","href":"https:\/\/api.w.org\/{rel}","templated":true}]}}