{"id":300,"date":"2025-08-08T01:30:18","date_gmt":"2025-08-08T01:30:18","guid":{"rendered":"https:\/\/www.chinakingtyre.com\/?post_type=product&#038;p=300"},"modified":"2025-08-21T07:53:49","modified_gmt":"2025-08-21T07:53:49","slug":"opony-kingtyre-k06-semi-slick","status":"publish","type":"product","link":"https:\/\/www.chinakingtyre.com\/pl\/product\/opony-kingtyre-k06-semi-slick\/","title":{"rendered":"Opony Kingtyre K06 Semi Slick - osi\u0105gi na poziomie toru w po\u0142\u0105czeniu z legalno\u015bci\u0105 na ulicy"},"content":{"rendered":"<h2><strong>Opony Kingtyre K06 Semi Slick<\/strong><\/h2>\n<p>The <strong>Opony semi slick Kingtyre K06<\/strong> zosta\u0142y zaprojektowane z my\u015bl\u0105 o kierowcach, kt\u00f3rzy wymagaj\u0105 wysokich osi\u0105g\u00f3w na torze i legalnej u\u017cyteczno\u015bci na ulicach. Wyposa\u017cenie <strong>Cztery r\u00f3\u017cne mieszanki bie\u017cnika<\/strong>-Twarda, \u015brednia, mi\u0119kka i ultrami\u0119kka - opona K06 zapewnia optymaln\u0105 przyczepno\u015b\u0107, stabilno\u015b\u0107 i precyzj\u0119 pokonywania zakr\u0119t\u00f3w w r\u00f3\u017cnych warunkach torowych i \u015brodowiskowych.<\/p>\n<p>Te opony przesz\u0142y <strong>Certyfikacja ECE<\/strong>czyni\u0105c je <strong>legalny na ulicy<\/strong> oferuj\u0105c jednocze\u015bnie przyczepno\u015b\u0107 i informacje zwrotne oczekiwane od prawdziwych <strong>slicki uliczne<\/strong>.<\/p>\n<p><img loading=\"lazy\" decoding=\"async\" class=\"aligncenter wp-image-301 size-full\" src=\"https:\/\/www.chinakingtyre.com\/wp-content\/uploads\/2025\/08\/kingtyre-k06-tread-compounds.jpg\" alt=\"Opony Kingtyre K06 semi slick z czterema r\u00f3\u017cnymi mieszankami bie\u017cnika (twarda, \u015brednia, mi\u0119kka, ultrami\u0119kka).\" width=\"1678\" height=\"794\" srcset=\"https:\/\/www.chinakingtyre.com\/wp-content\/uploads\/2025\/08\/kingtyre-k06-tread-compounds.jpg 1678w, https:\/\/www.chinakingtyre.com\/wp-content\/uploads\/2025\/08\/kingtyre-k06-tread-compounds-600x284.jpg 600w, https:\/\/www.chinakingtyre.com\/wp-content\/uploads\/2025\/08\/kingtyre-k06-tread-compounds-300x142.jpg 300w, https:\/\/www.chinakingtyre.com\/wp-content\/uploads\/2025\/08\/kingtyre-k06-tread-compounds-1024x485.jpg 1024w, https:\/\/www.chinakingtyre.com\/wp-content\/uploads\/2025\/08\/kingtyre-k06-tread-compounds-768x363.jpg 768w, https:\/\/www.chinakingtyre.com\/wp-content\/uploads\/2025\/08\/kingtyre-k06-tread-compounds-1536x727.jpg 1536w\" sizes=\"auto, (max-width: 1678px) 100vw, 1678px\" \/><\/p>\n<hr \/>\n<h2><strong>Zalety K06 oparte na doskona\u0142o\u015bci produkcyjnej i testach na torze<\/strong><\/h2>\n<h3><strong>Wy\u015bcigowy kunszt stoi za ka\u017cdym modelem Kingtyre K06<\/strong><\/h3>\n<p>The <strong>K06<\/strong> Korzy\u015bci z najnowocze\u015bniejszego procesu formowania opon Kingtyre i rzeczywistych danych zebranych z <strong>Testy na torze i zespo\u0142y wy\u015bcigowe<\/strong> w ca\u0142ej Azji i Europie. Kingtyre's <strong>wspomagany komputerowo system dystrybucji mieszanek<\/strong> zapewnia sta\u0142\u0105 g\u0119sto\u015b\u0107 gumy w celu odprowadzania ciep\u0142a i zr\u00f3wnowa\u017cenia zu\u017cycia.<\/p>\n<h3><strong>Kluczowe zalety wy\u015bcig\u00f3w:<\/strong><\/h3>\n<ul>\n<li><strong>4 zwi\u0105zki:<\/strong> Mo\u017cliwo\u015b\u0107 dostosowania przyczepno\u015bci w zale\u017cno\u015bci od temperatury toru, stylu jazdy i czasu trwania wy\u015bcigu.<\/li>\n<li><strong>Legalny na ulicy + certyfikat ECE:<\/strong> U\u017cywaj opon wy\u015bcigowych na drogach publicznych.<\/li>\n<li><strong>Ulepszony profil ramion:<\/strong> Wi\u0119ksze k\u0105ty pochylenia i lepsze pokonywanie zakr\u0119t\u00f3w przy du\u017cych pr\u0119dko\u015bciach.<\/li>\n<li><strong>Testowany zakres temperatur:<\/strong> Mi\u0119kka mieszanka pozostaje stabilna w temperaturze od 40\u00b0C do 85\u00b0C; twarda mieszanka utrzymuje temperatur\u0119 do 120\u00b0C.<\/li>\n<\/ul>\n<p><img loading=\"lazy\" decoding=\"async\" class=\"aligncenter wp-image-302 size-full\" src=\"https:\/\/www.chinakingtyre.com\/wp-content\/uploads\/2025\/08\/kingtyre-k06-on-race-track.jpg\" alt=\"Opona Kingtyre K06 semi slick na motocyklu przy pe\u0142nym pochyleniu podczas wy\u015bcigu na torze.\" width=\"1678\" height=\"794\" srcset=\"https:\/\/www.chinakingtyre.com\/wp-content\/uploads\/2025\/08\/kingtyre-k06-on-race-track.jpg 1678w, https:\/\/www.chinakingtyre.com\/wp-content\/uploads\/2025\/08\/kingtyre-k06-on-race-track-600x284.jpg 600w, https:\/\/www.chinakingtyre.com\/wp-content\/uploads\/2025\/08\/kingtyre-k06-on-race-track-300x142.jpg 300w, https:\/\/www.chinakingtyre.com\/wp-content\/uploads\/2025\/08\/kingtyre-k06-on-race-track-1024x485.jpg 1024w, https:\/\/www.chinakingtyre.com\/wp-content\/uploads\/2025\/08\/kingtyre-k06-on-race-track-768x363.jpg 768w, https:\/\/www.chinakingtyre.com\/wp-content\/uploads\/2025\/08\/kingtyre-k06-on-race-track-1536x727.jpg 1536w\" sizes=\"auto, (max-width: 1678px) 100vw, 1678px\" \/><\/p>\n<hr \/>\n<h2><strong>Dost\u0119pne rozmiary opon Kingtyre K06 Semi Slick<\/strong><\/h2>\n<h3><strong>Prz\u00f3d:<\/strong><\/h3>\n<ul>\n<li>110\/70ZR17<\/li>\n<li>120\/70ZR17<\/li>\n<\/ul>\n<h3><strong>Ty\u0142:<\/strong><\/h3>\n<ul>\n<li>120\/70ZR17<\/li>\n<li>140\/70ZR17<\/li>\n<li>150\/60ZR17<\/li>\n<li>160\/60ZR17<\/li>\n<li>180\/55ZR17<\/li>\n<li>180\/60ZR17<\/li>\n<li>190\/55ZR17<\/li>\n<li>200\/55ZR17<\/li>\n<li>200\/60ZR17<\/li>\n<\/ul>\n<p><img loading=\"lazy\" decoding=\"async\" class=\"aligncenter wp-image-303 size-full\" src=\"https:\/\/www.chinakingtyre.com\/wp-content\/uploads\/2025\/08\/kingtyre-k06-available-sizes.jpg\" alt=\"Opony semi slick Kingtyre K06 w r\u00f3\u017cnych rozmiarach do monta\u017cu z przodu i z ty\u0142u motocykla\" width=\"1678\" height=\"794\" srcset=\"https:\/\/www.chinakingtyre.com\/wp-content\/uploads\/2025\/08\/kingtyre-k06-available-sizes.jpg 1678w, https:\/\/www.chinakingtyre.com\/wp-content\/uploads\/2025\/08\/kingtyre-k06-available-sizes-600x284.jpg 600w, https:\/\/www.chinakingtyre.com\/wp-content\/uploads\/2025\/08\/kingtyre-k06-available-sizes-300x142.jpg 300w, https:\/\/www.chinakingtyre.com\/wp-content\/uploads\/2025\/08\/kingtyre-k06-available-sizes-1024x485.jpg 1024w, https:\/\/www.chinakingtyre.com\/wp-content\/uploads\/2025\/08\/kingtyre-k06-available-sizes-768x363.jpg 768w, https:\/\/www.chinakingtyre.com\/wp-content\/uploads\/2025\/08\/kingtyre-k06-available-sizes-1536x727.jpg 1536w\" sizes=\"auto, (max-width: 1678px) 100vw, 1678px\" \/><\/p>\n<hr \/>\n<h2><strong>O Kingtyre Factory - wiod\u0105cym producencie opon semi slick<\/strong><\/h2>\n<p>Jako zaufany <strong>fabryka opon semi slick<\/strong>, <a href=\"https:\/\/www.chinakingtyre.com\/pl\/\"><strong>Kingtyre<\/strong><\/a> integruje <strong>zautomatyzowane systemy utwardzania<\/strong>, <strong>Precyzyjna in\u017cynieria form CNC<\/strong>oraz <strong>Procesy z certyfikatem ISO9001<\/strong>. Jeste\u015bmy uznan\u0105 na ca\u0142ym \u015bwiecie <strong>Producent opon motocyklowych<\/strong>szczeg\u00f3lnie znany z wy\u015bcig\u00f3w i <strong>slicki uliczne<\/strong> produkcja.<\/p>\n<p>Wspieramy elitarnych i amatorskich kolarzy, zapewniaj\u0105c im sta\u0142\u0105, wysok\u0105 wydajno\u015b\u0107, oferuj\u0105c jednocze\u015bnie <strong>Personalizacja OEM i ODM<\/strong> dla zespo\u0142\u00f3w i sprzedawc\u00f3w na ca\u0142ym \u015bwiecie.<\/p>\n<hr \/>\n<h2><strong>Prawdziwe wyzwania dla kierowc\u00f3w Street Slick<\/strong><\/h2>\n<p>Kierowcy cz\u0119sto spotykaj\u0105 si\u0119 z nast\u0119puj\u0105cymi problemami w przypadku zwyk\u0142ych slick\u00f3w lub wyczynowych opon szosowych:<\/p>\n<ul>\n<li>Brak ECE\/legalno\u015bci na drodze<\/li>\n<li>Przegrzanie w \u015brednich temperaturach<\/li>\n<li>S\u0142aba obs\u0142uga na mokro<\/li>\n<li>Niesp\u00f3jne reakcje na zakr\u0119tach na zr\u00f3\u017cnicowanym asfalcie<\/li>\n<li>Wysokie zu\u017cycie opon przy d\u0142u\u017cszej je\u017adzie<\/li>\n<\/ul>\n<hr \/>\n<h2><strong>Rozwi\u0105zanie Kingtyre K06<\/strong><\/h2>\n<ul>\n<li><strong>Certyfikat ECE<\/strong>: Jeden z niewielu <strong>opony semi slick<\/strong> Nadaje si\u0119 do legalnego u\u017cytku zar\u00f3wno na torze, jak i na ulicy.<\/li>\n<li><strong>Linia produkt\u00f3w wielosk\u0142adnikowych<\/strong>: Dostosuj opon\u0119 do wymaga\u0144 ka\u017cdej sesji.<\/li>\n<li><strong>Odporne na deszcz bie\u017cniki na ramionach<\/strong>: Zapewnia wi\u0119ksze bezpiecze\u0144stwo w wilgotnych warunkach w por\u00f3wnaniu z czystym materia\u0142em <strong>slicki wy\u015bcigowe<\/strong>.<\/li>\n<li><strong>Konsystencja opon<\/strong>: Zmniejszone zu\u017cycie dzi\u0119ki wzmocnionym w\u0119glem \u015bcianom bocznym i zoptymalizowanym k\u0105tom paska.<\/li>\n<\/ul>\n<hr \/>\n<h2><strong>Wykres ci\u015bnienia technicznego do u\u017cytku na torze (ci\u015bnienie zimne i gor\u0105ce)<\/strong><\/h2>\n<table style=\"height: 386px;\" width=\"674\">\n<thead>\n<tr>\n<th><strong>Rozmiar opony<\/strong><\/th>\n<th><strong>Zwi\u0105zek<\/strong><\/th>\n<th><strong>Ci\u015bnienie zimna (psi)<\/strong><\/th>\n<th><strong>Ci\u015bnienie gor\u0105ca (psi)<\/strong><\/th>\n<\/tr>\n<\/thead>\n<tbody>\n<tr>\n<td>110\/70ZR17<\/td>\n<td>Mi\u0119kki<\/td>\n<td>28<\/td>\n<td>30-32<\/td>\n<\/tr>\n<tr>\n<td>120\/70ZR17<\/td>\n<td>\u015aredni<\/td>\n<td>30<\/td>\n<td>32-34<\/td>\n<\/tr>\n<tr>\n<td>140\/70ZR17<\/td>\n<td>Ultra Soft<\/td>\n<td>26<\/td>\n<td>29-30<\/td>\n<\/tr>\n<tr>\n<td>150\/60ZR17<\/td>\n<td>\u015aredni<\/td>\n<td>29<\/td>\n<td>31-33<\/td>\n<\/tr>\n<tr>\n<td>160\/60ZR17<\/td>\n<td>Twardy<\/td>\n<td>32<\/td>\n<td>34-36<\/td>\n<\/tr>\n<tr>\n<td>180\/55ZR17<\/td>\n<td>\u015aredni<\/td>\n<td>30<\/td>\n<td>32-34<\/td>\n<\/tr>\n<tr>\n<td>180\/60ZR17<\/td>\n<td>Mi\u0119kki<\/td>\n<td>28<\/td>\n<td>31-33<\/td>\n<\/tr>\n<tr>\n<td>190\/55ZR17<\/td>\n<td>\u015aredni<\/td>\n<td>30<\/td>\n<td>32-34<\/td>\n<\/tr>\n<tr>\n<td>200\/55ZR17<\/td>\n<td>Mi\u0119kki<\/td>\n<td>28<\/td>\n<td>31-32<\/td>\n<\/tr>\n<tr>\n<td>200\/60ZR17<\/td>\n<td>Ultra Soft<\/td>\n<td>26<\/td>\n<td>29-31<\/td>\n<\/tr>\n<\/tbody>\n<\/table>\n<hr \/>\n<h2><strong>FAQ - Opony semi slick - u\u017cytkowanie, piel\u0119gnacja i rozwi\u0105zywanie problem\u00f3w<\/strong><\/h2>\n<p><strong>1. Czy opony semi slick s\u0105 bezpieczne na mokrych drogach?<\/strong><\/p>\n<p>Opona Kingtyre K06 ma bie\u017cnik, kt\u00f3ry poprawia przyczepno\u015b\u0107 na mokrej nawierzchni w por\u00f3wnaniu do opon typu full slick, ale najlepiej sprawdza si\u0119 na suchej lub lekko wilgotnej nawierzchni.<\/p>\n<p><strong>2. Jak wybra\u0107 odpowiedni zwi\u0105zek?<\/strong><\/p>\n<p>Wyb\u00f3r nale\u017cy uzale\u017cni\u0107 od temperatury toru, czasu trwania wy\u015bcigu i stylu jazdy. Mi\u0119kkie do wy\u015bcig\u00f3w w niskich temperaturach\/sprint\u00f3w; twarde do wy\u015bcig\u00f3w wytrzyma\u0142o\u015bciowych\/wysokich temperaturach.<\/p>\n<p><strong>3. Czy potrzebuj\u0119 ocieplaczy do opon?<\/strong><\/p>\n<p>Tak. Zw\u0142aszcza w przypadku mi\u0119kkich i ultrami\u0119kkich mieszanek - osi\u0105gaj\u0105 maksymaln\u0105 przyczepno\u015b\u0107 w temperaturze 60-85\u00b0C.<\/p>\n<p><strong>4. Jaki jest okres trwa\u0142o\u015bci?<\/strong><\/p>\n<p>3 lata przy prawid\u0142owym przechowywaniu. Po pierwszym u\u017cyciu sprawdza\u0107 co 4-6 miesi\u0119cy.<\/p>\n<p><strong>5. Czy mog\u0119 ich u\u017cywa\u0107 codziennie na ulicy?<\/strong><\/p>\n<p>Tak, ale s\u0105 one zoptymalizowane pod k\u0105tem toru - spodziewaj si\u0119 szybszego zu\u017cycia na nier\u00f3wnym asfalcie lub d\u0142ugich dojazdach do pracy.<\/p>\n<p><strong>6. Jakiego PSI powinienem u\u017cywa\u0107 do jazdy po ulicy?<\/strong><\/p>\n<p>Zacznij od 32 psi z przodu \/ 34 psi z ty\u0142u; dostosuj w zale\u017cno\u015bci od obci\u0105\u017cenia i wagi rowerzysty.<\/p>\n<p><strong>7. Czy mog\u0119 je zamontowa\u0107 na standardowych ko\u0142ach sportowych?<\/strong><\/p>\n<p>Tak - wszystkie rozmiary pasuj\u0105 do 17-calowych obr\u0119czy OEM wi\u0119kszo\u015bci superbike'\u00f3w.<\/p>\n<p><strong>8. Czy potrzebuj\u0119 specjalnego wywa\u017cenia?<\/strong><\/p>\n<p>Standardowe ci\u0119\u017carki k\u00f3\u0142 s\u0105 w porz\u0105dku. Nie jest wymagane wywa\u017cenie tylko do wy\u015bcig\u00f3w.<\/p>\n<p><strong>9. Czy przegrzej\u0105 si\u0119 w ruchu ulicznym?<\/strong><\/p>\n<p>Nie, mieszanki s\u0105 stabilne podczas normalnego u\u017cytkowania na drodze, ale d\u0142ugotrwa\u0142a praca na biegu ja\u0142owym mo\u017ce przyspieszy\u0107 zu\u017cycie powierzchni.<\/p>\n<p><strong>10. Czy s\u0105 wyposa\u017cone we wska\u017aniki zu\u017cycia?<\/strong><\/p>\n<p>Tak, ka\u017cda opona ma dwa paski zu\u017cycia do bezpiecznego monitorowania zu\u017cycia.<\/p>\n<hr \/>\n<h2><strong>Kompatybilne modele motocykli i wydarzenia wy\u015bcigowe<\/strong><\/h2>\n<h3><strong>Motocykle:<\/strong><\/h3>\n<ul>\n<li><strong>Yamaha R6 \/ R7 \/ R1<\/strong><\/li>\n<li><strong>Kawasaki ZX6R \/ ZX10R<\/strong><\/li>\n<li><strong>Ducati Panigale V2 \/ V4<\/strong><\/li>\n<li><strong>Suzuki GSX-R600 \/ 750 \/ 1000<\/strong><\/li>\n<li><strong>Honda CBR600RR \/ CBR1000RR<\/strong><\/li>\n<li><strong>BMW S1000RR<\/strong><\/li>\n<li><strong>Aprilia RSV4 \/ RS660<\/strong><\/li>\n<\/ul>\n<h3><strong>Mi\u0119dzynarodowe wydarzenia wy\u015bcigowe:<\/strong><\/h3>\n<ul>\n<li>FIM Asia Road Racing Championship<\/li>\n<li>Puchar Europy Supersport<\/li>\n<li>Seria MotoAmerica Superstock<\/li>\n<li>Lokalne\/regionalne wydarzenia Track Day<\/li>\n<\/ul>\n<hr \/>\n<p><a href=\"https:\/\/www.facebook.com\/ChinaKingTyre\">\u015aled\u017a nas na Facebooku<\/a><\/p>\n<p><!-- notionvc: b9ed777e-a77d-4767-a352-11fc8e590d52 --><\/p>","protected":false},"excerpt":{"rendered":"<p>Poznaj opony semi slick Kingtyre K06 - certyfikowane przez EKG, legalne opony wy\u015bcigowe typu slick z 4 mieszankami. Odkryj rozmiary, tabele ci\u015bnie\u0144, osi\u0105gi na torze i FAQ.<!-- notionvc: d3990afc-1b79-4f97-9bc7-a0d1c9f87fa9 --><\/p>","protected":false},"featured_media":304,"comment_status":"open","ping_status":"closed","template":"","meta":[],"class_list":{"0":"post-300","1":"product","2":"type-product","3":"status-publish","4":"has-post-thumbnail","6":"product_cat-racing-slicks-motorcycle-tires","7":"product_cat-super-sport-motorcycle-tires","8":"product_tag-110-70zr17","9":"product_tag-120-70-17-motorcycle-tire","10":"product_tag-120-70-17-tire","11":"product_tag-120-70r17-2","12":"product_tag-120-70r17-motorcycle-tire","13":"product_tag-120-70x17-dual-sport-tire","14":"product_tag-120-70x17-motorcycle-tire","15":"product_tag-120-70x17-tire","16":"product_tag-120-70-zr17-motorcycle-tire","17":"product_tag-120-70-zr17","18":"product_tag-120-70zr17-front-tire","19":"product_tag-120-70zr17-tire","20":"product_tag-120-70zr17","21":"product_tag-140-70zr17","22":"product_tag-150-60zr17","23":"product_tag-160-60zr17","24":"product_tag-180-55zr17","25":"product_tag-180-60zr17","26":"product_tag-190-55zr17","27":"product_tag-200-55zr17","28":"product_tag-200-60zr17","29":"product_tag-dual-compound-tires","30":"product_tag-high-performance-motorcycle-tires","31":"product_tag-kingtyre-k06","32":"product_tag-kingtyre-motorcycle-tires","33":"product_tag-mc-tires-manufacturers","34":"product_tag-motorcycle-racing-tires","35":"product_tag-motorcycle-tires-factory","36":"product_tag-motorcycle-track-tires","37":"product_tag-motorcycle-tyres-120-70-zr17","38":"product_tag-race-compound-tires","39":"product_tag-racing-slicks","40":"product_tag-racing-tires","41":"product_tag-semi-slick-tires","42":"product_tag-semi-slick-tires-factory","43":"product_tag-semi-slick-tyres","44":"product_tag-smooth-tires","45":"product_tag-street-racing-slicks","46":"product_tag-street-slicks","47":"product_tag-street-slicks-for-sale","48":"product_tag-street-slicks-tires","49":"product_tag-track-day-tires-motorcycle","50":"product_tag-ultra-soft-slicks","52":"first","53":"instock","54":"shipping-taxable","55":"product-type-simple"},"yoast_head":"<!-- This site is optimized with the Yoast SEO Premium plugin v25.1 (Yoast SEO v25.1) - https:\/\/yoast.com\/wordpress\/plugins\/seo\/ -->\n<title>Kingtyre K06 Semi Slick Tires \u2013 Street-Legal Track Day Performance | Kingtyre<\/title>\n<meta name=\"description\" content=\"Explore Kingtyre K06 semi slick tires\u2014ECE certified, street-legal racing slicks with 4 compound options. Discover sizes, pressure charts, track performance &amp; FAQ.\" \/>\n<meta name=\"robots\" content=\"index, follow, max-snippet:-1, max-image-preview:large, max-video-preview:-1\" \/>\n<link rel=\"canonical\" href=\"https:\/\/www.chinakingtyre.com\/pl\/product\/opony-kingtyre-k06-semi-slick\/\" \/>\n<meta property=\"og:locale\" content=\"pl_PL\" \/>\n<meta property=\"og:type\" content=\"article\" \/>\n<meta property=\"og:title\" content=\"Kingtyre K06 Semi Slick Tires \u2013 Track-Level Performance Meets Street Legality\" \/>\n<meta property=\"og:description\" content=\"Explore Kingtyre K06 semi slick tires\u2014ECE certified, street-legal racing slicks with 4 compound options. Discover sizes, pressure charts, track performance &amp; FAQ.\" \/>\n<meta property=\"og:url\" content=\"https:\/\/www.chinakingtyre.com\/pl\/product\/opony-kingtyre-k06-semi-slick\/\" \/>\n<meta property=\"og:site_name\" content=\"KingTyre Professional motorcycle tire manufacturer\" \/>\n<meta property=\"article:publisher\" content=\"https:\/\/www.facebook.com\/ChinaKingTyre\" \/>\n<meta property=\"article:modified_time\" content=\"2025-08-21T07:53:49+00:00\" \/>\n<meta property=\"og:image\" content=\"https:\/\/www.chinakingtyre.com\/wp-content\/uploads\/2025\/08\/Kingtyre-K06.jpg\" \/>\n\t<meta property=\"og:image:width\" content=\"800\" \/>\n\t<meta property=\"og:image:height\" content=\"800\" \/>\n\t<meta property=\"og:image:type\" content=\"image\/jpeg\" \/>\n<meta name=\"twitter:card\" content=\"summary_large_image\" \/>\n<meta name=\"twitter:label1\" content=\"Szacowany czas czytania\" \/>\n\t<meta name=\"twitter:data1\" content=\"4 minuty\" \/>\n<script type=\"application\/ld+json\" class=\"yoast-schema-graph\">{\"@context\":\"https:\/\/schema.org\",\"@graph\":[{\"@type\":\"WebPage\",\"@id\":\"https:\/\/www.chinakingtyre.com\/product\/kingtyre-k06-semi-slick-tires\/\",\"url\":\"https:\/\/www.chinakingtyre.com\/product\/kingtyre-k06-semi-slick-tires\/\",\"name\":\"Kingtyre K06 Semi Slick Tires \u2013 Street-Legal Track Day Performance | Kingtyre\",\"isPartOf\":{\"@id\":\"https:\/\/www.chinakingtyre.com\/#website\"},\"primaryImageOfPage\":{\"@id\":\"https:\/\/www.chinakingtyre.com\/product\/kingtyre-k06-semi-slick-tires\/#primaryimage\"},\"image\":{\"@id\":\"https:\/\/www.chinakingtyre.com\/product\/kingtyre-k06-semi-slick-tires\/#primaryimage\"},\"thumbnailUrl\":\"https:\/\/www.chinakingtyre.com\/wp-content\/uploads\/2025\/08\/Kingtyre-K06.jpg\",\"datePublished\":\"2025-08-08T01:30:18+00:00\",\"dateModified\":\"2025-08-21T07:53:49+00:00\",\"description\":\"Explore Kingtyre K06 semi slick tires\u2014ECE certified, street-legal racing slicks with 4 compound options. Discover sizes, pressure charts, track performance & FAQ.\",\"breadcrumb\":{\"@id\":\"https:\/\/www.chinakingtyre.com\/product\/kingtyre-k06-semi-slick-tires\/#breadcrumb\"},\"inLanguage\":\"pl-PL\",\"potentialAction\":[{\"@type\":\"ReadAction\",\"target\":[\"https:\/\/www.chinakingtyre.com\/product\/kingtyre-k06-semi-slick-tires\/\"]}]},{\"@type\":\"ImageObject\",\"inLanguage\":\"pl-PL\",\"@id\":\"https:\/\/www.chinakingtyre.com\/product\/kingtyre-k06-semi-slick-tires\/#primaryimage\",\"url\":\"https:\/\/www.chinakingtyre.com\/wp-content\/uploads\/2025\/08\/Kingtyre-K06.jpg\",\"contentUrl\":\"https:\/\/www.chinakingtyre.com\/wp-content\/uploads\/2025\/08\/Kingtyre-K06.jpg\",\"width\":800,\"height\":800,\"caption\":\"Kingtyre K06 High-Speed Motorcycle Tires\"},{\"@type\":\"BreadcrumbList\",\"@id\":\"https:\/\/www.chinakingtyre.com\/product\/kingtyre-k06-semi-slick-tires\/#breadcrumb\",\"itemListElement\":[{\"@type\":\"ListItem\",\"position\":1,\"name\":\"Home\",\"item\":\"https:\/\/www.chinakingtyre.com\/\"},{\"@type\":\"ListItem\",\"position\":2,\"name\":\"Kingtyre Product List\",\"item\":\"https:\/\/www.chinakingtyre.com\/kingtyre-product-list\/\"},{\"@type\":\"ListItem\",\"position\":3,\"name\":\"Kingtyre K06 Semi Slick Tires \u2013 Track-Level Performance Meets Street Legality\"}]},{\"@type\":\"WebSite\",\"@id\":\"https:\/\/www.chinakingtyre.com\/#website\",\"url\":\"https:\/\/www.chinakingtyre.com\/\",\"name\":\"KingTyre Professional motorcycle tire manufacturer\",\"description\":\"\",\"publisher\":{\"@id\":\"https:\/\/www.chinakingtyre.com\/#organization\"},\"potentialAction\":[{\"@type\":\"SearchAction\",\"target\":{\"@type\":\"EntryPoint\",\"urlTemplate\":\"https:\/\/www.chinakingtyre.com\/?s={search_term_string}\"},\"query-input\":{\"@type\":\"PropertyValueSpecification\",\"valueRequired\":true,\"valueName\":\"search_term_string\"}}],\"inLanguage\":\"pl-PL\"},{\"@type\":\"Organization\",\"@id\":\"https:\/\/www.chinakingtyre.com\/#organization\",\"name\":\"TIANJIN KINGTYRE GROUP CO.,LTD\",\"url\":\"https:\/\/www.chinakingtyre.com\/\",\"logo\":{\"@type\":\"ImageObject\",\"inLanguage\":\"pl-PL\",\"@id\":\"https:\/\/www.chinakingtyre.com\/#\/schema\/logo\/image\/\",\"url\":\"https:\/\/www.chinakingtyre.com\/wp-content\/uploads\/2025\/07\/LOGO.png\",\"contentUrl\":\"https:\/\/www.chinakingtyre.com\/wp-content\/uploads\/2025\/07\/LOGO.png\",\"width\":870,\"height\":212,\"caption\":\"TIANJIN KINGTYRE GROUP CO.,LTD\"},\"image\":{\"@id\":\"https:\/\/www.chinakingtyre.com\/#\/schema\/logo\/image\/\"},\"sameAs\":[\"https:\/\/www.facebook.com\/ChinaKingTyre\"]}]}<\/script>\n<!-- \/ Yoast SEO Premium plugin. -->","yoast_head_json":{"title":"Opony Kingtyre K06 Semi Slick - osi\u0105gi na torach ulicznych | Kingtyre","description":"Poznaj opony semi slick Kingtyre K06 - certyfikowane przez EKG, legalne opony wy\u015bcigowe typu slick z 4 mieszankami. Odkryj rozmiary, tabele ci\u015bnie\u0144, osi\u0105gi na torze i FAQ.","robots":{"index":"index","follow":"follow","max-snippet":"max-snippet:-1","max-image-preview":"max-image-preview:large","max-video-preview":"max-video-preview:-1"},"canonical":"https:\/\/www.chinakingtyre.com\/pl\/product\/opony-kingtyre-k06-semi-slick\/","og_locale":"pl_PL","og_type":"article","og_title":"Kingtyre K06 Semi Slick Tires \u2013 Track-Level Performance Meets Street Legality","og_description":"Explore Kingtyre K06 semi slick tires\u2014ECE certified, street-legal racing slicks with 4 compound options. Discover sizes, pressure charts, track performance & FAQ.","og_url":"https:\/\/www.chinakingtyre.com\/pl\/product\/opony-kingtyre-k06-semi-slick\/","og_site_name":"KingTyre Professional motorcycle tire manufacturer","article_publisher":"https:\/\/www.facebook.com\/ChinaKingTyre","article_modified_time":"2025-08-21T07:53:49+00:00","og_image":[{"width":800,"height":800,"url":"https:\/\/www.chinakingtyre.com\/wp-content\/uploads\/2025\/08\/Kingtyre-K06.jpg","type":"image\/jpeg"}],"twitter_card":"summary_large_image","twitter_misc":{"Szacowany czas czytania":"4 minuty"},"schema":{"@context":"https:\/\/schema.org","@graph":[{"@type":"WebPage","@id":"https:\/\/www.chinakingtyre.com\/product\/kingtyre-k06-semi-slick-tires\/","url":"https:\/\/www.chinakingtyre.com\/product\/kingtyre-k06-semi-slick-tires\/","name":"Opony Kingtyre K06 Semi Slick - osi\u0105gi na torach ulicznych | Kingtyre","isPartOf":{"@id":"https:\/\/www.chinakingtyre.com\/#website"},"primaryImageOfPage":{"@id":"https:\/\/www.chinakingtyre.com\/product\/kingtyre-k06-semi-slick-tires\/#primaryimage"},"image":{"@id":"https:\/\/www.chinakingtyre.com\/product\/kingtyre-k06-semi-slick-tires\/#primaryimage"},"thumbnailUrl":"https:\/\/www.chinakingtyre.com\/wp-content\/uploads\/2025\/08\/Kingtyre-K06.jpg","datePublished":"2025-08-08T01:30:18+00:00","dateModified":"2025-08-21T07:53:49+00:00","description":"Poznaj opony semi slick Kingtyre K06 - certyfikowane przez EKG, legalne opony wy\u015bcigowe typu slick z 4 mieszankami. Odkryj rozmiary, tabele ci\u015bnie\u0144, osi\u0105gi na torze i FAQ.","breadcrumb":{"@id":"https:\/\/www.chinakingtyre.com\/product\/kingtyre-k06-semi-slick-tires\/#breadcrumb"},"inLanguage":"pl-PL","potentialAction":[{"@type":"ReadAction","target":["https:\/\/www.chinakingtyre.com\/product\/kingtyre-k06-semi-slick-tires\/"]}]},{"@type":"ImageObject","inLanguage":"pl-PL","@id":"https:\/\/www.chinakingtyre.com\/product\/kingtyre-k06-semi-slick-tires\/#primaryimage","url":"https:\/\/www.chinakingtyre.com\/wp-content\/uploads\/2025\/08\/Kingtyre-K06.jpg","contentUrl":"https:\/\/www.chinakingtyre.com\/wp-content\/uploads\/2025\/08\/Kingtyre-K06.jpg","width":800,"height":800,"caption":"Kingtyre K06 High-Speed Motorcycle Tires"},{"@type":"BreadcrumbList","@id":"https:\/\/www.chinakingtyre.com\/product\/kingtyre-k06-semi-slick-tires\/#breadcrumb","itemListElement":[{"@type":"ListItem","position":1,"name":"Home","item":"https:\/\/www.chinakingtyre.com\/"},{"@type":"ListItem","position":2,"name":"Kingtyre Product List","item":"https:\/\/www.chinakingtyre.com\/kingtyre-product-list\/"},{"@type":"ListItem","position":3,"name":"Kingtyre K06 Semi Slick Tires \u2013 Track-Level Performance Meets Street Legality"}]},{"@type":"WebSite","@id":"https:\/\/www.chinakingtyre.com\/#website","url":"https:\/\/www.chinakingtyre.com\/","name":"KingTyre Profesjonalny producent opon motocyklowych","description":"","publisher":{"@id":"https:\/\/www.chinakingtyre.com\/#organization"},"potentialAction":[{"@type":"SearchAction","target":{"@type":"EntryPoint","urlTemplate":"https:\/\/www.chinakingtyre.com\/?s={search_term_string}"},"query-input":{"@type":"PropertyValueSpecification","valueRequired":true,"valueName":"search_term_string"}}],"inLanguage":"pl-PL"},{"@type":"Organization","@id":"https:\/\/www.chinakingtyre.com\/#organization","name":"TIANJIN KINGTYRE GROUP CO., LTD","url":"https:\/\/www.chinakingtyre.com\/","logo":{"@type":"ImageObject","inLanguage":"pl-PL","@id":"https:\/\/www.chinakingtyre.com\/#\/schema\/logo\/image\/","url":"https:\/\/www.chinakingtyre.com\/wp-content\/uploads\/2025\/07\/LOGO.png","contentUrl":"https:\/\/www.chinakingtyre.com\/wp-content\/uploads\/2025\/07\/LOGO.png","width":870,"height":212,"caption":"TIANJIN KINGTYRE GROUP CO.,LTD"},"image":{"@id":"https:\/\/www.chinakingtyre.com\/#\/schema\/logo\/image\/"},"sameAs":["https:\/\/www.facebook.com\/ChinaKingTyre"]}]}},"_links":{"self":[{"href":"https:\/\/www.chinakingtyre.com\/pl\/wp-json\/wp\/v2\/product\/300","targetHints":{"allow":["GET"]}}],"collection":[{"href":"https:\/\/www.chinakingtyre.com\/pl\/wp-json\/wp\/v2\/product"}],"about":[{"href":"https:\/\/www.chinakingtyre.com\/pl\/wp-json\/wp\/v2\/types\/product"}],"replies":[{"embeddable":true,"href":"https:\/\/www.chinakingtyre.com\/pl\/wp-json\/wp\/v2\/comments?post=300"}],"wp:featuredmedia":[{"embeddable":true,"href":"https:\/\/www.chinakingtyre.com\/pl\/wp-json\/wp\/v2\/media\/304"}],"wp:attachment":[{"href":"https:\/\/www.chinakingtyre.com\/pl\/wp-json\/wp\/v2\/media?parent=300"}],"curies":[{"name":"wp","href":"https:\/\/api.w.org\/{rel}","templated":true}]}}