{"id":425,"date":"2025-08-15T02:37:45","date_gmt":"2025-08-15T02:37:45","guid":{"rendered":"https:\/\/www.chinakingtyre.com\/?post_type=product&#038;p=425"},"modified":"2025-08-18T03:31:07","modified_gmt":"2025-08-18T03:31:07","slug":"opony-kingtyre-k905-semi-slick","status":"publish","type":"product","link":"https:\/\/www.chinakingtyre.com\/pl\/product\/opony-kingtyre-k905-semi-slick\/","title":{"rendered":"Opony Kingtyre K905 Semi Slick - legalne osi\u0105gi na tor i ulic\u0119"},"content":{"rendered":"<p>The <strong>Kingtyre K905<\/strong> jest urz\u0105dzeniem nowej generacji <strong>opona semi slick<\/strong> zaprojektowane dla kierowc\u00f3w, kt\u00f3rzy wymagaj\u0105 zar\u00f3wno przyczepno\u015bci na poziomie toru, jak i legalnej u\u017cyteczno\u015bci na ulicy. Zaprojektowany z precyzyjn\u0105 in\u017cynieri\u0105 bie\u017cnika i <strong>cztery r\u00f3\u017cne opcje mieszanki<\/strong>-Twardy, \u015bredni, mi\u0119kki i ultra mi\u0119kki - K905 oferuje wydajno\u015b\u0107 dostosowan\u0105 do <strong>wy\u015bcigi motocyklowe, dni na torze, codzienne dojazdy do pracy i jazda kaskaderska<\/strong>.<\/p>\n<p>Z <strong>Certyfikacja ECE i DOT<\/strong>, K905 <strong>opony semi slick<\/strong> zapewniaj\u0105 ostateczn\u0105 r\u00f3wnowag\u0119 mi\u0119dzy <strong>stabilno\u015b\u0107 na zakr\u0119tach, skuteczno\u015b\u0107 hamowania i bezpiecze\u0144stwo na mokrej nawierzchni<\/strong>co czyni je jednymi z najbardziej wszechstronnych <strong>Opony wy\u015bcigowe semi slick<\/strong> na rynku.<\/p>\n<hr \/>\n<h2><strong>Zalety opon Kingtyre K905 Semi Slick<\/strong><\/h2>\n<p>Wz\u00f3r bie\u017cnika opony K905 i zaawansowany proces produkcji sprawiaj\u0105, \u017ce jest to wyr\u00f3\u017cniaj\u0105cy si\u0119 wyb\u00f3r w\u015br\u00f3d innych opon. <strong>semi slicki<\/strong> oraz <strong>slicki motocyklowe<\/strong>.<\/p>\n<h3><strong>Precyzyjna konstrukcja bie\u017cnika<\/strong><\/h3>\n<p>Opona K905 posiada unikalny profil bie\u017cnika typu semi slick, kt\u00f3ry maksymalizuje powierzchni\u0119 styku, oferuj\u0105c jednocze\u015bnie minimalne rowki dla optymalnego rozpraszania wody. Zapewnia to <strong>Doskona\u0142a przyczepno\u015b\u0107 na sucho<\/strong> przy jednoczesnym zachowaniu bezpiecze\u0144stwa na mokrej nawierzchni.<\/p>\n<hr \/>\n<p><img loading=\"lazy\" decoding=\"async\" class=\"aligncenter wp-image-427 size-full\" src=\"https:\/\/www.chinakingtyre.com\/wp-content\/uploads\/2025\/08\/kingtyre-k905-semi-slick-tire-performance.jpg\" alt=\"Opona typu semi slick Kingtyre K905 o wysokiej wydajno\u015bci bie\u017cnika na tor i ulic\u0119.\" width=\"1678\" height=\"794\" srcset=\"https:\/\/www.chinakingtyre.com\/wp-content\/uploads\/2025\/08\/kingtyre-k905-semi-slick-tire-performance.jpg 1678w, https:\/\/www.chinakingtyre.com\/wp-content\/uploads\/2025\/08\/kingtyre-k905-semi-slick-tire-performance-300x142.jpg 300w, https:\/\/www.chinakingtyre.com\/wp-content\/uploads\/2025\/08\/kingtyre-k905-semi-slick-tire-performance-1024x485.jpg 1024w, https:\/\/www.chinakingtyre.com\/wp-content\/uploads\/2025\/08\/kingtyre-k905-semi-slick-tire-performance-768x363.jpg 768w, https:\/\/www.chinakingtyre.com\/wp-content\/uploads\/2025\/08\/kingtyre-k905-semi-slick-tire-performance-1536x727.jpg 1536w, https:\/\/www.chinakingtyre.com\/wp-content\/uploads\/2025\/08\/kingtyre-k905-semi-slick-tire-performance-18x9.jpg 18w, https:\/\/www.chinakingtyre.com\/wp-content\/uploads\/2025\/08\/kingtyre-k905-semi-slick-tire-performance-600x284.jpg 600w\" sizes=\"auto, (max-width: 1678px) 100vw, 1678px\" \/><\/p>\n<hr \/>\n<h3><strong>Cztery z\u0142o\u017cone opcje dla ka\u017cdego rowerzysty<\/strong><\/h3>\n<ul>\n<li><strong>Twardy zwi\u0105zek<\/strong>: D\u0142ugotrwa\u0142a wytrzyma\u0142o\u015b\u0107 i mo\u017cliwo\u015b\u0107 pracy w wysokich temperaturach.<\/li>\n<li><strong>\u015aredni zwi\u0105zek<\/strong>: Zr\u00f3wnowa\u017cona przyczepno\u015b\u0107 i trwa\u0142o\u015b\u0107 do zastosowa\u0144 mieszanych.<\/li>\n<li><strong>Mi\u0119kka mieszanka<\/strong>: Maksymalna przyczepno\u015b\u0107 podczas wy\u015bcig\u00f3w.<\/li>\n<li><strong>Ultra Soft Compound<\/strong>: Ekstremalna wydajno\u015b\u0107 dla kr\u00f3tkich sprint\u00f3w i pracy kaskaderskiej.<\/li>\n<\/ul>\n<p>Ta r\u00f3\u017cnorodno\u015b\u0107 pozwala zawodnikom na <strong>dopasowuj\u0105 swoje opony semi slick do warunk\u00f3w jazdy<\/strong>dzi\u0119ki czemu K905 idealnie nadaje si\u0119 do <strong>wy\u015bcigowe opony motocyklowe<\/strong> oraz <strong>opony motocyklowe na tor<\/strong> u\u017cycie.<\/p>\n<hr \/>\n<h3><strong>Certyfikacja ECE i DOT<\/strong><\/h3>\n<p>W przeciwie\u0144stwie do opcji motocyklowych z oponami typu slick, K905 jest w pe\u0142ni legalny na ulicach. <strong>ECE i DOT<\/strong> przepisy, dzi\u0119ki czemu jest idealny dla rowerzyst\u00f3w, kt\u00f3rzy przechodz\u0105 mi\u0119dzy <strong>drogi publiczne i tory wy\u015bcigowe<\/strong> bez konieczno\u015bci wymiany opon.<\/p>\n<hr \/>\n<h2><strong>Dost\u0119pne rozmiary dla opon Kingtyre K905 Semi Slick<\/strong><\/h2>\n<p><strong>Opony przednie<\/strong>:<\/p>\n<p>100\/80R17 | 110\/70ZR17 | 120\/70ZR17<\/p>\n<p><strong>Opony tylne<\/strong>:<\/p>\n<p>130\/70R17 | 140\/60ZR17 | 140\/70ZR17 | 180\/55ZR17 | 190\/50ZR17<\/p>\n<hr \/>\n<p><img loading=\"lazy\" decoding=\"async\" class=\"aligncenter wp-image-428 size-full\" src=\"https:\/\/www.chinakingtyre.com\/wp-content\/uploads\/2025\/08\/kingtyre-k905-semi-slick-tyre-size-chart.jpg\" alt=\"Tabela rozmiar\u00f3w opon semi slick Kingtyre K905 do zastosowa\u0144 wy\u015bcigowych i ulicznych\" width=\"1678\" height=\"794\" srcset=\"https:\/\/www.chinakingtyre.com\/wp-content\/uploads\/2025\/08\/kingtyre-k905-semi-slick-tyre-size-chart.jpg 1678w, https:\/\/www.chinakingtyre.com\/wp-content\/uploads\/2025\/08\/kingtyre-k905-semi-slick-tyre-size-chart-300x142.jpg 300w, https:\/\/www.chinakingtyre.com\/wp-content\/uploads\/2025\/08\/kingtyre-k905-semi-slick-tyre-size-chart-1024x485.jpg 1024w, https:\/\/www.chinakingtyre.com\/wp-content\/uploads\/2025\/08\/kingtyre-k905-semi-slick-tyre-size-chart-768x363.jpg 768w, https:\/\/www.chinakingtyre.com\/wp-content\/uploads\/2025\/08\/kingtyre-k905-semi-slick-tyre-size-chart-1536x727.jpg 1536w, https:\/\/www.chinakingtyre.com\/wp-content\/uploads\/2025\/08\/kingtyre-k905-semi-slick-tyre-size-chart-18x9.jpg 18w, https:\/\/www.chinakingtyre.com\/wp-content\/uploads\/2025\/08\/kingtyre-k905-semi-slick-tyre-size-chart-600x284.jpg 600w\" sizes=\"auto, (max-width: 1678px) 100vw, 1678px\" \/><\/p>\n<hr \/>\n<h2><strong>Kingtyre - Zaawansowana fabryka opon semi slick<\/strong><\/h2>\n<p>Jako jeden z najlepszych <strong>Producenci opon motocyklowych<\/strong> oraz <strong>Producenci opon MC<\/strong>Kingtyre posiada najnowocze\u015bniejszy zak\u0142ad produkcyjny wyposa\u017cony w <strong>zautomatyzowane hydrauliczne maszyny wulkanizacyjne, precyzyjne formowanie bie\u017cnik\u00f3w i zaawansowane systemy testowania trwa\u0142o\u015bci<\/strong>. Nasz <strong>fabryka opon semi slick<\/strong> integruje zarz\u0105dzanie magazynem oparte na kodach kreskowych, zapewniaj\u0105c identyfikowalno\u015b\u0107 produkt\u00f3w i kontrol\u0119 jako\u015bci dla ka\u017cdego produktu. <strong>opona semi slick<\/strong> produkujemy.<\/p>\n<hr \/>\n<h2><strong>Problemy z legalnymi oponami semi slick<\/strong><\/h2>\n<p>Wielu motocyklist\u00f3w staje przed tymi typowymi wyzwaniami przy wyborze <strong>legalne opony wy\u015bcigowe typu semi slick<\/strong>:<\/p>\n<ul>\n<li>Gorsza przyczepno\u015b\u0107 w por\u00f3wnaniu do czystych slick\u00f3w<\/li>\n<li>Ograniczone opcje mieszanek<\/li>\n<li>S\u0142aba wydajno\u015b\u0107 na mokro<\/li>\n<li>Szybkie zu\u017cycie bie\u017cnika<\/li>\n<li>Ograniczona dost\u0119pno\u015b\u0107 w okre\u015blonych rozmiarach<\/li>\n<\/ul>\n<hr \/>\n<h2><strong>Rozwi\u0105zanie Kingtyre<\/strong><\/h2>\n<p>The <strong>Opony wy\u015bcigowe semi slick K905<\/strong> rozwi\u0105zanie tych problem\u00f3w poprzez po\u0142\u0105czenie:<\/p>\n<ul>\n<li><strong>Cztery z\u0142o\u017cone opcje<\/strong> dopasowanie do potrzeb w zakresie wydajno\u015bci<\/li>\n<li>Zoptymalizowana konstrukcja bie\u017cnika dla <strong>Przyczepno\u015b\u0107 na mokrej i suchej nawierzchni<\/strong><\/li>\n<li>Certyfikaty ECE i DOT potwierdzaj\u0105ce legalno\u015b\u0107 na ulicach<\/li>\n<li>Rozmiary dostosowane do najpopularniejszych motocykli sportowych i wy\u015bcigowych<\/li>\n<li>Konkurencyjne ceny w por\u00f3wnaniu z innymi <strong>wysokowydajne opony motocyklowe<\/strong><\/li>\n<\/ul>\n<hr \/>\n<p><img loading=\"lazy\" decoding=\"async\" class=\"aligncenter wp-image-429 size-full\" src=\"https:\/\/www.chinakingtyre.com\/wp-content\/uploads\/2025\/08\/\u56fe\u7247\u540d\u79f0\uff1a-kingtyre-k905-semi-slick-racing-tyres-track.jpg\" alt=\"Opony wy\u015bcigowe typu semi slick Kingtyre K905 sprawdzaj\u0105 si\u0119 na torze\" width=\"1678\" height=\"794\" srcset=\"https:\/\/www.chinakingtyre.com\/wp-content\/uploads\/2025\/08\/\u56fe\u7247\u540d\u79f0\uff1a-kingtyre-k905-semi-slick-racing-tyres-track.jpg 1678w, https:\/\/www.chinakingtyre.com\/wp-content\/uploads\/2025\/08\/\u56fe\u7247\u540d\u79f0\uff1a-kingtyre-k905-semi-slick-racing-tyres-track-300x142.jpg 300w, https:\/\/www.chinakingtyre.com\/wp-content\/uploads\/2025\/08\/\u56fe\u7247\u540d\u79f0\uff1a-kingtyre-k905-semi-slick-racing-tyres-track-1024x485.jpg 1024w, https:\/\/www.chinakingtyre.com\/wp-content\/uploads\/2025\/08\/\u56fe\u7247\u540d\u79f0\uff1a-kingtyre-k905-semi-slick-racing-tyres-track-768x363.jpg 768w, https:\/\/www.chinakingtyre.com\/wp-content\/uploads\/2025\/08\/\u56fe\u7247\u540d\u79f0\uff1a-kingtyre-k905-semi-slick-racing-tyres-track-1536x727.jpg 1536w, https:\/\/www.chinakingtyre.com\/wp-content\/uploads\/2025\/08\/\u56fe\u7247\u540d\u79f0\uff1a-kingtyre-k905-semi-slick-racing-tyres-track-18x9.jpg 18w, https:\/\/www.chinakingtyre.com\/wp-content\/uploads\/2025\/08\/\u56fe\u7247\u540d\u79f0\uff1a-kingtyre-k905-semi-slick-racing-tyres-track-600x284.jpg 600w\" sizes=\"auto, (max-width: 1678px) 100vw, 1678px\" \/><\/p>\n<hr \/>\n<h2><strong>Specyfikacja techniczna - opona Kingtyre K905 Semi Slick<\/strong><\/h2>\n<table style=\"height: 283px;\" width=\"1130\">\n<thead>\n<tr>\n<th><strong>Cecha<\/strong><\/th>\n<th><strong>Specyfikacja<\/strong><\/th>\n<\/tr>\n<\/thead>\n<tbody>\n<tr>\n<td>Opcje z\u0142o\u017cone:<\/td>\n<td>Twardy \/ \u015aredni \/ Mi\u0119kki \/ Ultra Mi\u0119kki<\/td>\n<\/tr>\n<tr>\n<td>Certyfikacja:<\/td>\n<td>ECE, DOT<\/td>\n<\/tr>\n<tr>\n<td>Zastosowanie:<\/td>\n<td>Track Days, Street, Stunt, Racing<\/td>\n<\/tr>\n<tr>\n<td>Budowa:<\/td>\n<td>Radialna ze wzmocnionym karkasem<\/td>\n<\/tr>\n<tr>\n<td>Dost\u0119pne rozmiary:<\/td>\n<td>Prz\u00f3d: 100\/80R17, 110\/70ZR17, 120\/70ZR17 Ty\u0142: 130\/70R17, 140\/60ZR17, 140\/70ZR17, 180\/55ZR17, 190\/50ZR17<\/td>\n<\/tr>\n<tr>\n<td>Maksymalna pr\u0119dko\u015b\u0107 znamionowa:<\/td>\n<td>ZR (240+ km\/h)<\/td>\n<\/tr>\n<tr>\n<td>Indeks obci\u0105\u017cenia:<\/td>\n<td>54-75<\/td>\n<\/tr>\n<\/tbody>\n<\/table>\n<hr \/>\n<h2><strong>FAQ - Najcz\u0119stsze pytania dotycz\u0105ce motocyklowych opon typu slick i semi slick<\/strong><\/h2>\n<h3><strong>1. Czy mog\u0119 u\u017cywa\u0107 opon semi slick na drogach publicznych?<\/strong><\/h3>\n<p>Tak, K905 to <strong>Zatwierdzone przez ECE i DOT<\/strong>, dzi\u0119ki czemu jest legalny do u\u017cytku ulicznego.<\/p>\n<h3><strong>2. Jaka jest r\u00f3\u017cnica mi\u0119dzy oponami typu slick i semi slick?<\/strong><\/h3>\n<p>Semi slicki maj\u0105 minimalne rowki do rozpraszania wody, dzi\u0119ki czemu s\u0105 bezpieczniejsze na mokrych drogach w por\u00f3wnaniu do pe\u0142nych slick\u00f3w.<\/p>\n<h3><strong>3. Jak wybra\u0107 odpowiedni zwi\u0105zek?<\/strong><\/h3>\n<p>Wyb\u00f3r w oparciu o temperatur\u0119 toru, styl jazdy i po\u017c\u0105dan\u0105 \u017cywotno\u015b\u0107 opony - twarda dla wytrzyma\u0142o\u015bci, ultra mi\u0119kka dla maksymalnej przyczepno\u015bci.<\/p>\n<h3><strong>4. Czy opony semi slick s\u0105 dobre na deszcz?<\/strong><\/h3>\n<p>Cho\u0107 nie s\u0105 tak dobre jak opony wy\u015bcigowe na mokr\u0105 nawierzchni\u0119, konstrukcja K905 pozwala na kontrolowane prowadzenie w lekkim i umiarkowanym deszczu.<\/p>\n<h3><strong>5. Jakie ci\u015bnienie w oponach powinienem stosowa\u0107 podczas jazdy na torze?<\/strong><\/h3>\n<p>Zazwyczaj 28-32 PSI (na gor\u0105co), ale nale\u017cy przestrzega\u0107 zalece\u0144 producenta motocykla i toru.<\/p>\n<h3><strong>6. Jak d\u0142ugo utrzymuje si\u0119 semi slick?<\/strong><\/h3>\n<p>W zale\u017cno\u015bci od mieszanki i zastosowania, od 1000 do 3500 km w przypadku mieszanego u\u017cytkowania na torze i ulicy.<\/p>\n<h3><strong>7. Czy mog\u0119 miesza\u0107 mieszanki przednie i tylne?<\/strong><\/h3>\n<p>Tak. Wielu kierowc\u00f3w u\u017cywa bardziej mi\u0119kkiego przodu dla przyczepno\u015bci w zakr\u0119tach i twardszego ty\u0142u dla d\u0142ugowieczno\u015bci.<\/p>\n<h3><strong>8. Jak nale\u017cy dociera\u0107 nowe opony semi slick?<\/strong><\/h3>\n<p>Jed\u017a ostro\u017cnie przez pierwsze 50-100 km, aby zmy\u0107 \u015brodek antyadhezyjny.<\/p>\n<h3><strong>9. Czy nadaj\u0105 si\u0119 do jazdy kaskaderskiej?<\/strong><\/h3>\n<p>Tak, mieszanka Ultra Soft zapewnia doskona\u0142\u0105 przyczepno\u015b\u0107 podczas wyczyn\u00f3w kaskaderskich.<\/p>\n<h3><strong>10. Czy potrzebuj\u0119 podgrzewaczy do opon K905?<\/strong><\/h3>\n<p>Zalecane dla maksymalnej wydajno\u015bci na torze, szczeg\u00f3lnie w przypadku bardziej mi\u0119kkich mieszanek.<\/p>\n<p><!-- notionvc: 004f0f83-ee7b-438f-a988-ee50354b5c2b --><\/p>","protected":false},"excerpt":{"rendered":"<p>Opony semi slick Kingtyre K905 zapewniaj\u0105 osi\u0105gi zgodne z normami ECE i DOT na torze i ulicy. Wyb\u00f3r spo\u015br\u00f3d wielu mieszanek zapewnia doskona\u0142\u0105 przyczepno\u015b\u0107 i kontrol\u0119.<!-- notionvc: 2a81e1f4-2bcf-4a03-8a76-c001d925c43b --><\/p>","protected":false},"featured_media":430,"comment_status":"open","ping_status":"closed","template":"","meta":[],"class_list":{"0":"post-425","1":"product","2":"type-product","3":"status-publish","4":"has-post-thumbnail","6":"product_cat-racing-slicks-motorcycle-tires","7":"product_tag-100-80r17","8":"product_tag-110-70zr17","9":"product_tag-120-70zr17","10":"product_tag-130-70r17","11":"product_tag-140-60zr17","12":"product_tag-140-70zr17","13":"product_tag-180-55zr17","14":"product_tag-190-50zr17","15":"product_tag-high-performance-motorcycle-tires","16":"product_tag-kingtyre-k905","17":"product_tag-kingtyre-motorcycle-tires","18":"product_tag-legal-semi-slick-tires","19":"product_tag-motorcycle-racing-tires","20":"product_tag-motorcycle-slicks","21":"product_tag-motorcycle-track-tires","22":"product_tag-racing-motorcycle-tires","23":"product_tag-racing-tires","24":"product_tag-semi-slick","25":"product_tag-semi-slick-racing-tyres","26":"product_tag-semi-slick-tire","27":"product_tag-semi-slick-tires","28":"product_tag-semi-slick-tyres","29":"product_tag-semi-slicks","30":"product_tag-slick-tires-motorcycle","31":"product_tag-slick-tyres-motorcycle","32":"product_tag-sportbike-semi-slick","33":"product_tag-track-day-tires-motorcycle","34":"product_tag-tyre-semi-slick","36":"first","37":"instock","38":"shipping-taxable","39":"product-type-simple"},"yoast_head":"<!-- This site is optimized with the Yoast SEO Premium plugin v25.1 (Yoast SEO v25.1) - https:\/\/yoast.com\/wordpress\/plugins\/seo\/ -->\n<title>Kingtyre K905 Semi Slick Tires | Legal Racing Tyres<\/title>\n<meta name=\"description\" content=\"Kingtyre K905 semi slick tires deliver ECE &amp; DOT-certified performance for track and street. Choose from multiple compounds for ultimate grip and control.\" \/>\n<meta name=\"robots\" content=\"index, follow, max-snippet:-1, max-image-preview:large, max-video-preview:-1\" \/>\n<link rel=\"canonical\" href=\"https:\/\/www.chinakingtyre.com\/pl\/product\/opony-kingtyre-k905-semi-slick\/\" \/>\n<meta property=\"og:locale\" content=\"pl_PL\" \/>\n<meta property=\"og:type\" content=\"article\" \/>\n<meta property=\"og:title\" content=\"Kingtyre K905 Semi Slick Tires \u2013 Legal Performance for Track and Street\" \/>\n<meta property=\"og:description\" content=\"Kingtyre K905 semi slick tires deliver ECE &amp; DOT-certified performance for track and street. Choose from multiple compounds for ultimate grip and control.\" \/>\n<meta property=\"og:url\" content=\"https:\/\/www.chinakingtyre.com\/pl\/product\/opony-kingtyre-k905-semi-slick\/\" \/>\n<meta property=\"og:site_name\" content=\"KingTyre Professional motorcycle tire manufacturer\" \/>\n<meta property=\"article:publisher\" content=\"https:\/\/www.facebook.com\/ChinaKingTyre\" \/>\n<meta property=\"article:modified_time\" content=\"2025-08-18T03:31:07+00:00\" \/>\n<meta property=\"og:image\" content=\"https:\/\/www.chinakingtyre.com\/wp-content\/uploads\/2025\/08\/Kingtyre-K905-sport.jpg\" \/>\n\t<meta property=\"og:image:width\" content=\"800\" \/>\n\t<meta property=\"og:image:height\" content=\"800\" \/>\n\t<meta property=\"og:image:type\" content=\"image\/jpeg\" \/>\n<meta name=\"twitter:card\" content=\"summary_large_image\" \/>\n<meta name=\"twitter:label1\" content=\"Szacowany czas czytania\" \/>\n\t<meta name=\"twitter:data1\" content=\"5 minut\" \/>\n<script type=\"application\/ld+json\" class=\"yoast-schema-graph\">{\"@context\":\"https:\/\/schema.org\",\"@graph\":[{\"@type\":\"WebPage\",\"@id\":\"https:\/\/www.chinakingtyre.com\/product\/kingtyre-k905-semi-slick-tires\/\",\"url\":\"https:\/\/www.chinakingtyre.com\/product\/kingtyre-k905-semi-slick-tires\/\",\"name\":\"Kingtyre K905 Semi Slick Tires | Legal Racing Tyres\",\"isPartOf\":{\"@id\":\"https:\/\/www.chinakingtyre.com\/#website\"},\"primaryImageOfPage\":{\"@id\":\"https:\/\/www.chinakingtyre.com\/product\/kingtyre-k905-semi-slick-tires\/#primaryimage\"},\"image\":{\"@id\":\"https:\/\/www.chinakingtyre.com\/product\/kingtyre-k905-semi-slick-tires\/#primaryimage\"},\"thumbnailUrl\":\"https:\/\/www.chinakingtyre.com\/wp-content\/uploads\/2025\/08\/Kingtyre-K905-sport.jpg\",\"datePublished\":\"2025-08-15T02:37:45+00:00\",\"dateModified\":\"2025-08-18T03:31:07+00:00\",\"description\":\"Kingtyre K905 semi slick tires deliver ECE & DOT-certified performance for track and street. Choose from multiple compounds for ultimate grip and control.\",\"breadcrumb\":{\"@id\":\"https:\/\/www.chinakingtyre.com\/product\/kingtyre-k905-semi-slick-tires\/#breadcrumb\"},\"inLanguage\":\"pl-PL\",\"potentialAction\":[{\"@type\":\"ReadAction\",\"target\":[\"https:\/\/www.chinakingtyre.com\/product\/kingtyre-k905-semi-slick-tires\/\"]}]},{\"@type\":\"ImageObject\",\"inLanguage\":\"pl-PL\",\"@id\":\"https:\/\/www.chinakingtyre.com\/product\/kingtyre-k905-semi-slick-tires\/#primaryimage\",\"url\":\"https:\/\/www.chinakingtyre.com\/wp-content\/uploads\/2025\/08\/Kingtyre-K905-sport.jpg\",\"contentUrl\":\"https:\/\/www.chinakingtyre.com\/wp-content\/uploads\/2025\/08\/Kingtyre-K905-sport.jpg\",\"width\":800,\"height\":800},{\"@type\":\"BreadcrumbList\",\"@id\":\"https:\/\/www.chinakingtyre.com\/product\/kingtyre-k905-semi-slick-tires\/#breadcrumb\",\"itemListElement\":[{\"@type\":\"ListItem\",\"position\":1,\"name\":\"Home\",\"item\":\"https:\/\/www.chinakingtyre.com\/\"},{\"@type\":\"ListItem\",\"position\":2,\"name\":\"Kingtyre Product List\",\"item\":\"https:\/\/www.chinakingtyre.com\/kingtyre-product-list\/\"},{\"@type\":\"ListItem\",\"position\":3,\"name\":\"Kingtyre K905 Semi Slick Tires \u2013 Legal Performance for Track and Street\"}]},{\"@type\":\"WebSite\",\"@id\":\"https:\/\/www.chinakingtyre.com\/#website\",\"url\":\"https:\/\/www.chinakingtyre.com\/\",\"name\":\"KingTyre Professional motorcycle tire manufacturer\",\"description\":\"\",\"publisher\":{\"@id\":\"https:\/\/www.chinakingtyre.com\/#organization\"},\"potentialAction\":[{\"@type\":\"SearchAction\",\"target\":{\"@type\":\"EntryPoint\",\"urlTemplate\":\"https:\/\/www.chinakingtyre.com\/?s={search_term_string}\"},\"query-input\":{\"@type\":\"PropertyValueSpecification\",\"valueRequired\":true,\"valueName\":\"search_term_string\"}}],\"inLanguage\":\"pl-PL\"},{\"@type\":\"Organization\",\"@id\":\"https:\/\/www.chinakingtyre.com\/#organization\",\"name\":\"TIANJIN KINGTYRE GROUP CO.,LTD\",\"url\":\"https:\/\/www.chinakingtyre.com\/\",\"logo\":{\"@type\":\"ImageObject\",\"inLanguage\":\"pl-PL\",\"@id\":\"https:\/\/www.chinakingtyre.com\/#\/schema\/logo\/image\/\",\"url\":\"https:\/\/www.chinakingtyre.com\/wp-content\/uploads\/2025\/07\/LOGO.png\",\"contentUrl\":\"https:\/\/www.chinakingtyre.com\/wp-content\/uploads\/2025\/07\/LOGO.png\",\"width\":870,\"height\":212,\"caption\":\"TIANJIN KINGTYRE GROUP CO.,LTD\"},\"image\":{\"@id\":\"https:\/\/www.chinakingtyre.com\/#\/schema\/logo\/image\/\"},\"sameAs\":[\"https:\/\/www.facebook.com\/ChinaKingTyre\"]}]}<\/script>\n<!-- \/ Yoast SEO Premium plugin. -->","yoast_head_json":{"title":"Opony Kingtyre K905 Semi Slick | Legalne opony wy\u015bcigowe","description":"Opony semi slick Kingtyre K905 zapewniaj\u0105 osi\u0105gi zgodne z normami ECE i DOT na torze i ulicy. Wyb\u00f3r spo\u015br\u00f3d wielu mieszanek zapewnia doskona\u0142\u0105 przyczepno\u015b\u0107 i kontrol\u0119.","robots":{"index":"index","follow":"follow","max-snippet":"max-snippet:-1","max-image-preview":"max-image-preview:large","max-video-preview":"max-video-preview:-1"},"canonical":"https:\/\/www.chinakingtyre.com\/pl\/product\/opony-kingtyre-k905-semi-slick\/","og_locale":"pl_PL","og_type":"article","og_title":"Kingtyre K905 Semi Slick Tires \u2013 Legal Performance for Track and Street","og_description":"Kingtyre K905 semi slick tires deliver ECE & DOT-certified performance for track and street. Choose from multiple compounds for ultimate grip and control.","og_url":"https:\/\/www.chinakingtyre.com\/pl\/product\/opony-kingtyre-k905-semi-slick\/","og_site_name":"KingTyre Professional motorcycle tire manufacturer","article_publisher":"https:\/\/www.facebook.com\/ChinaKingTyre","article_modified_time":"2025-08-18T03:31:07+00:00","og_image":[{"width":800,"height":800,"url":"https:\/\/www.chinakingtyre.com\/wp-content\/uploads\/2025\/08\/Kingtyre-K905-sport.jpg","type":"image\/jpeg"}],"twitter_card":"summary_large_image","twitter_misc":{"Szacowany czas czytania":"5 minut"},"schema":{"@context":"https:\/\/schema.org","@graph":[{"@type":"WebPage","@id":"https:\/\/www.chinakingtyre.com\/product\/kingtyre-k905-semi-slick-tires\/","url":"https:\/\/www.chinakingtyre.com\/product\/kingtyre-k905-semi-slick-tires\/","name":"Opony Kingtyre K905 Semi Slick | Legalne opony wy\u015bcigowe","isPartOf":{"@id":"https:\/\/www.chinakingtyre.com\/#website"},"primaryImageOfPage":{"@id":"https:\/\/www.chinakingtyre.com\/product\/kingtyre-k905-semi-slick-tires\/#primaryimage"},"image":{"@id":"https:\/\/www.chinakingtyre.com\/product\/kingtyre-k905-semi-slick-tires\/#primaryimage"},"thumbnailUrl":"https:\/\/www.chinakingtyre.com\/wp-content\/uploads\/2025\/08\/Kingtyre-K905-sport.jpg","datePublished":"2025-08-15T02:37:45+00:00","dateModified":"2025-08-18T03:31:07+00:00","description":"Opony semi slick Kingtyre K905 zapewniaj\u0105 osi\u0105gi zgodne z normami ECE i DOT na torze i ulicy. Wyb\u00f3r spo\u015br\u00f3d wielu mieszanek zapewnia doskona\u0142\u0105 przyczepno\u015b\u0107 i kontrol\u0119.","breadcrumb":{"@id":"https:\/\/www.chinakingtyre.com\/product\/kingtyre-k905-semi-slick-tires\/#breadcrumb"},"inLanguage":"pl-PL","potentialAction":[{"@type":"ReadAction","target":["https:\/\/www.chinakingtyre.com\/product\/kingtyre-k905-semi-slick-tires\/"]}]},{"@type":"ImageObject","inLanguage":"pl-PL","@id":"https:\/\/www.chinakingtyre.com\/product\/kingtyre-k905-semi-slick-tires\/#primaryimage","url":"https:\/\/www.chinakingtyre.com\/wp-content\/uploads\/2025\/08\/Kingtyre-K905-sport.jpg","contentUrl":"https:\/\/www.chinakingtyre.com\/wp-content\/uploads\/2025\/08\/Kingtyre-K905-sport.jpg","width":800,"height":800},{"@type":"BreadcrumbList","@id":"https:\/\/www.chinakingtyre.com\/product\/kingtyre-k905-semi-slick-tires\/#breadcrumb","itemListElement":[{"@type":"ListItem","position":1,"name":"Home","item":"https:\/\/www.chinakingtyre.com\/"},{"@type":"ListItem","position":2,"name":"Kingtyre Product List","item":"https:\/\/www.chinakingtyre.com\/kingtyre-product-list\/"},{"@type":"ListItem","position":3,"name":"Kingtyre K905 Semi Slick Tires \u2013 Legal Performance for Track and Street"}]},{"@type":"WebSite","@id":"https:\/\/www.chinakingtyre.com\/#website","url":"https:\/\/www.chinakingtyre.com\/","name":"KingTyre Profesjonalny producent opon motocyklowych","description":"","publisher":{"@id":"https:\/\/www.chinakingtyre.com\/#organization"},"potentialAction":[{"@type":"SearchAction","target":{"@type":"EntryPoint","urlTemplate":"https:\/\/www.chinakingtyre.com\/?s={search_term_string}"},"query-input":{"@type":"PropertyValueSpecification","valueRequired":true,"valueName":"search_term_string"}}],"inLanguage":"pl-PL"},{"@type":"Organization","@id":"https:\/\/www.chinakingtyre.com\/#organization","name":"TIANJIN KINGTYRE GROUP CO., LTD","url":"https:\/\/www.chinakingtyre.com\/","logo":{"@type":"ImageObject","inLanguage":"pl-PL","@id":"https:\/\/www.chinakingtyre.com\/#\/schema\/logo\/image\/","url":"https:\/\/www.chinakingtyre.com\/wp-content\/uploads\/2025\/07\/LOGO.png","contentUrl":"https:\/\/www.chinakingtyre.com\/wp-content\/uploads\/2025\/07\/LOGO.png","width":870,"height":212,"caption":"TIANJIN KINGTYRE GROUP CO.,LTD"},"image":{"@id":"https:\/\/www.chinakingtyre.com\/#\/schema\/logo\/image\/"},"sameAs":["https:\/\/www.facebook.com\/ChinaKingTyre"]}]}},"_links":{"self":[{"href":"https:\/\/www.chinakingtyre.com\/pl\/wp-json\/wp\/v2\/product\/425","targetHints":{"allow":["GET"]}}],"collection":[{"href":"https:\/\/www.chinakingtyre.com\/pl\/wp-json\/wp\/v2\/product"}],"about":[{"href":"https:\/\/www.chinakingtyre.com\/pl\/wp-json\/wp\/v2\/types\/product"}],"replies":[{"embeddable":true,"href":"https:\/\/www.chinakingtyre.com\/pl\/wp-json\/wp\/v2\/comments?post=425"}],"wp:featuredmedia":[{"embeddable":true,"href":"https:\/\/www.chinakingtyre.com\/pl\/wp-json\/wp\/v2\/media\/430"}],"wp:attachment":[{"href":"https:\/\/www.chinakingtyre.com\/pl\/wp-json\/wp\/v2\/media?parent=425"}],"curies":[{"name":"wp","href":"https:\/\/api.w.org\/{rel}","templated":true}]}}