{"id":452,"date":"2025-08-18T02:38:19","date_gmt":"2025-08-18T02:38:19","guid":{"rendered":"https:\/\/www.chinakingtyre.com\/?post_type=product&#038;p=452"},"modified":"2025-08-27T00:54:53","modified_gmt":"2025-08-27T00:54:53","slug":"kingtyre-k97-sport-on-road","status":"publish","type":"product","link":"https:\/\/www.chinakingtyre.com\/pl\/product\/kingtyre-k97-sport-on-road\/","title":{"rendered":"Sportowa opona szosowa Kingtyre K97: Zaawansowana in\u017cynieria zapewniaj\u0105ca precyzj\u0119, przyczepno\u015b\u0107 i trwa\u0142o\u015b\u0107"},"content":{"rendered":"<h2><strong>Redefiniuj\u0105c osi\u0105gi na drodze<\/strong><\/h2>\n<p>Opony motocyklowe to co\u015b wi\u0119cej ni\u017c komponenty - to <strong>krytyczne po\u0142\u0105czenie mi\u0119dzy maszyn\u0105 a drog\u0105<\/strong>. Wed\u0142ug badania przeprowadzonego w 2023 r. przez <em>Rada Przemys\u0142u Motocyklowego<\/em>, <strong>72% kierowc\u00f3w uwa\u017ca przyczepno\u015b\u0107 opon za najwa\u017cniejszy czynnik.<\/strong> wp\u0142ywaj\u0105c na ich pewno\u015b\u0107 jazdy.<\/p>\n<p>The <strong><a href=\"https:\/\/www.chinakingtyre.com\/pl\/\">Kingtyre<\/a> Sportowa opona drogowa K97<\/strong> zosta\u0142 skrupulatnie zaprojektowany, aby zaspokoi\u0107 to zapotrzebowanie, \u0142\u0105cz\u0105c <strong>Precyzyjna obs\u0142uga<\/strong>, <strong>Zwi\u0119kszona przyczepno\u015b\u0107<\/strong>oraz <strong>Wyj\u0105tkowa trwa\u0142o\u015b\u0107<\/strong>. Niezale\u017cnie od tego, czy je\u017adzisz po zat\u0142oczonych ulicach miasta, pochylasz si\u0119 na rozleg\u0142ych g\u00f3rskich zakr\u0119tach, czy przekraczasz granice podczas weekendowych dni na torze, K97 zosta\u0142 zaprojektowany tak, aby osi\u0105ga\u0107 lepsze wyniki.<\/p>\n<hr \/>\n<h3><img loading=\"lazy\" decoding=\"async\" class=\"aligncenter wp-image-453 size-full\" src=\"https:\/\/www.chinakingtyre.com\/wp-content\/uploads\/2025\/08\/kingtyre-k97-sport-performance.jpg\" alt=\"Opona Kingtyre K97 Sport On-Road prezentuje agresywny wz\u00f3r bie\u017cnika dla motocykli sportowych.\" width=\"1678\" height=\"794\" srcset=\"https:\/\/www.chinakingtyre.com\/wp-content\/uploads\/2025\/08\/kingtyre-k97-sport-performance.jpg 1678w, https:\/\/www.chinakingtyre.com\/wp-content\/uploads\/2025\/08\/kingtyre-k97-sport-performance-300x142.jpg 300w, https:\/\/www.chinakingtyre.com\/wp-content\/uploads\/2025\/08\/kingtyre-k97-sport-performance-1024x485.jpg 1024w, https:\/\/www.chinakingtyre.com\/wp-content\/uploads\/2025\/08\/kingtyre-k97-sport-performance-768x363.jpg 768w, https:\/\/www.chinakingtyre.com\/wp-content\/uploads\/2025\/08\/kingtyre-k97-sport-performance-1536x727.jpg 1536w, https:\/\/www.chinakingtyre.com\/wp-content\/uploads\/2025\/08\/kingtyre-k97-sport-performance-18x9.jpg 18w, https:\/\/www.chinakingtyre.com\/wp-content\/uploads\/2025\/08\/kingtyre-k97-sport-performance-600x284.jpg 600w\" sizes=\"auto, (max-width: 1678px) 100vw, 1678px\" \/><\/h3>\n<hr \/>\n<h2><strong>In\u017cynieria wydajno\u015bci poparta danymi<\/strong><\/h2>\n<p>The <strong>Wz\u00f3r bie\u017cnika K97<\/strong> jest zoptymalizowana pod k\u0105tem maksymalnej przyczepno\u015bci. Niezale\u017cne testy torowe przeprowadzone w <strong>Jiangsu Proving Grounds (2024)<\/strong> pokazano:<\/p>\n<ul>\n<li><strong>+18% poprawa drogi hamowania na mokrej nawierzchni<\/strong> w por\u00f3wnaniu do konwencjonalnych opon sportowych.<\/li>\n<li><strong>15% wi\u0119ksza stabilno\u015b\u0107 na zakr\u0119tach<\/strong> przy k\u0105tach pochylenia powy\u017cej 40\u00b0.<\/li>\n<li><strong>Wyd\u0142u\u017cona \u017cywotno\u015b\u0107 bie\u017cnika o 20%<\/strong> w mieszanych warunkach jazdy (miasto + autostrada).<\/li>\n<\/ul>\n<p>The <strong>zwi\u0105zek wzbogacony krzemionk\u0105<\/strong> zwi\u0119ksza przyczepno\u015b\u0107 na mokrej nawierzchni, podczas gdy <strong>Wielowarstwowa konstrukcja osnowy<\/strong> poprawia stabilno\u015b\u0107 przy du\u017cych pr\u0119dko\u015bciach do <strong>270 km\/h<\/strong>.<\/p>\n<hr \/>\n<h3><img loading=\"lazy\" decoding=\"async\" class=\"aligncenter wp-image-454 size-full\" src=\"https:\/\/www.chinakingtyre.com\/wp-content\/uploads\/2025\/08\/kingtyre-k97-tread-closeup.jpg\" alt=\"Zbli\u017cenie na wz\u00f3r bie\u017cnika Kingtyre K97 zoptymalizowany pod k\u0105tem przyczepno\u015bci na mokrej i suchej nawierzchni\" width=\"1678\" height=\"794\" srcset=\"https:\/\/www.chinakingtyre.com\/wp-content\/uploads\/2025\/08\/kingtyre-k97-tread-closeup.jpg 1678w, https:\/\/www.chinakingtyre.com\/wp-content\/uploads\/2025\/08\/kingtyre-k97-tread-closeup-300x142.jpg 300w, https:\/\/www.chinakingtyre.com\/wp-content\/uploads\/2025\/08\/kingtyre-k97-tread-closeup-1024x485.jpg 1024w, https:\/\/www.chinakingtyre.com\/wp-content\/uploads\/2025\/08\/kingtyre-k97-tread-closeup-768x363.jpg 768w, https:\/\/www.chinakingtyre.com\/wp-content\/uploads\/2025\/08\/kingtyre-k97-tread-closeup-1536x727.jpg 1536w, https:\/\/www.chinakingtyre.com\/wp-content\/uploads\/2025\/08\/kingtyre-k97-tread-closeup-18x9.jpg 18w, https:\/\/www.chinakingtyre.com\/wp-content\/uploads\/2025\/08\/kingtyre-k97-tread-closeup-600x284.jpg 600w\" sizes=\"auto, (max-width: 1678px) 100vw, 1678px\" \/><\/h3>\n<hr \/>\n<h2><strong>Kompleksowy zakres rozmiar\u00f3w<\/strong><\/h2>\n<p>W przeciwie\u0144stwie do wielu opon szosowych ograniczonych do motocykli sportowych, opony <strong>Kingtyre<\/strong> <strong>Sk\u0142ad K97<\/strong> obejmuje szerokie spektrum - od <strong>lekkie motocykle uliczne<\/strong> do <strong>litrowe motocykle klasy superbike<\/strong>.<\/p>\n<p><strong>Rozmiary przednie (8 opcji):<\/strong><\/p>\n<p>90\/80R17, 100\/90ZR21, 110\/70ZR17, 120\/60ZR17, 120\/70ZR17, 120\/70ZR18, 120\/70ZR19, 130\/70R18<\/p>\n<p><strong>Rozmiary tylne (14 opcji):<\/strong><\/p>\n<p>130\/70R17, 140\/70ZR17, 150\/60ZR17, 160\/60ZR17, 170\/60ZR17, 180\/55ZR17, 180\/60ZR17, 190\/50ZR17, 190\/55ZR17, 200\/50ZR17, 200\/55ZR17, 240\/45ZR17, 240\/40R18, 260\/40R18<\/p>\n<p><em>To sprawia, \u017ce K97 jest jednym z <strong>najbardziej wszechstronne sportowe opony szosowe<\/strong>, obejmuj\u0105cy ponad 85% globalnego wyposa\u017cenia motocykli sportowych.<\/em><\/p>\n<hr \/>\n<h3><img loading=\"lazy\" decoding=\"async\" class=\"aligncenter wp-image-455 size-full\" src=\"https:\/\/www.chinakingtyre.com\/wp-content\/uploads\/2025\/08\/kingtyre-k97-size-chart.jpg\" alt=\"Wykres przedstawiaj\u0105cy dost\u0119pne rozmiary opon motocyklowych Kingtyre K97 dla k\u00f3\u0142 przednich i tylnych\" width=\"1678\" height=\"794\" srcset=\"https:\/\/www.chinakingtyre.com\/wp-content\/uploads\/2025\/08\/kingtyre-k97-size-chart.jpg 1678w, https:\/\/www.chinakingtyre.com\/wp-content\/uploads\/2025\/08\/kingtyre-k97-size-chart-300x142.jpg 300w, https:\/\/www.chinakingtyre.com\/wp-content\/uploads\/2025\/08\/kingtyre-k97-size-chart-1024x485.jpg 1024w, https:\/\/www.chinakingtyre.com\/wp-content\/uploads\/2025\/08\/kingtyre-k97-size-chart-768x363.jpg 768w, https:\/\/www.chinakingtyre.com\/wp-content\/uploads\/2025\/08\/kingtyre-k97-size-chart-1536x727.jpg 1536w, https:\/\/www.chinakingtyre.com\/wp-content\/uploads\/2025\/08\/kingtyre-k97-size-chart-18x9.jpg 18w, https:\/\/www.chinakingtyre.com\/wp-content\/uploads\/2025\/08\/kingtyre-k97-size-chart-600x284.jpg 600w\" sizes=\"auto, (max-width: 1678px) 100vw, 1678px\" \/><\/h3>\n<hr \/>\n<h2><strong>Przetestowane i sprawdzone w rzeczywistych scenariuszach<\/strong><\/h2>\n<p>Kingtyre przeprowadzi\u0142 <strong>ponad 500 000 km \u0142\u0105cznych test\u00f3w drogowych<\/strong> w Azji, Europie i Ameryce P\u00f3\u0142nocnej. Przedstawione wyniki:<\/p>\n<ul>\n<li><strong>Sta\u0142a przyczepno\u015b\u0107 w temperaturach od 10\u00b0C do 45\u00b0C<\/strong>.<\/li>\n<li><strong>Zmniejszony poziom wibracji dzi\u0119ki 12%<\/strong>zwi\u0119kszaj\u0105c komfort kierowcy podczas d\u0142ugodystansowych wycieczek.<\/li>\n<li><strong>Stabilno\u015b\u0107 na zakr\u0119tach 9,3\/10<\/strong> w\u015br\u00f3d profesjonalnych kierowc\u00f3w testowych.<\/li>\n<\/ul>\n<p>Informacje zwrotne podkre\u015bli\u0142y p\u0142ynniejsze przej\u015bcia pod k\u0105tem pochylenia i przewidywalne odzyskiwanie przyczepno\u015bci podczas agresywnych wyj\u015b\u0107 z przepustnicy.<\/p>\n<hr \/>\n<h2><strong>Kluczowe zalety Kingtyre K97<\/strong><\/h2>\n<p>\u2714 Agresywny wz\u00f3r bie\u017cnika dla <strong>Doskona\u0142a przyczepno\u015b\u0107 na suchej i mokrej nawierzchni<\/strong><\/p>\n<p>Stabilno\u015b\u0107 przy wysokich pr\u0119dko\u015bciach sprawdzona do <strong>270 km\/h<\/strong><\/p>\n<p>Wyd\u0142u\u017cony przebieg: <strong>\u017bywotno\u015b\u0107 do 18 000 km<\/strong> w ramach u\u017cytku mieszanego<\/p>\n<p>Szeroka kompatybilno\u015b\u0107: <strong>22 opcje rozmiaru<\/strong> dla r\u00f3\u017cnorodnych motocykli<\/p>\n<p>Sprawdzone w <strong>Niezale\u017cne testy torowe i drogowe<\/strong><\/p>\n<hr \/>\n<h2><strong>Wnioski<\/strong><\/h2>\n<p>The <strong>Opona Kingtyre K97 Sport On-Road<\/strong> to nie tylko kolejna opona motocyklowa - to <strong>Rozwi\u0105zanie oparte na danych i sprawdzone przez kierowc\u00f3w<\/strong> dla entuzjast\u00f3w wydajno\u015bci. Z jego <strong>Wz\u00f3r bie\u017cnika inspirowany wy\u015bcigami<\/strong>, <strong>Szeroka dost\u0119pno\u015b\u0107 rozmiar\u00f3w<\/strong>oraz <strong>wyj\u0105tkowa r\u00f3wnowaga przyczepno\u015bci i trwa\u0142o\u015bci<\/strong>K97 zapewnia pewno\u015b\u0107 i kontrol\u0119, kt\u00f3rych wymagaj\u0105 wsp\u00f3\u0142cze\u015bni kierowcy.<\/p>\n<p>Niezale\u017cnie od tego, czy doje\u017cd\u017casz do pracy, pokonujesz g\u00f3rskie drogi, czy osi\u0105gasz czasy okr\u0105\u017ce\u0144, K97 zapewni Ci przewag\u0119 nad konkurencj\u0105.<\/p>\n<hr \/>\n<p><a href=\"https:\/\/www.facebook.com\/ChinaKingTyre\">\u015aled\u017a nas na Facebooku<\/a><\/p>\n<p><!-- notionvc: 1924e58b-8c6e-4f05-b047-dc6296c181b4 --><\/p>","protected":false},"excerpt":{"rendered":"<p>Opona Kingtyre K97 Sport On-Road zapewnia elitarne prowadzenie, doskona\u0142\u0105 przyczepno\u015b\u0107 i wyd\u0142u\u017cony przebieg. Dost\u0119pna w wielu rozmiarach dla motocykli sportowych i turystycznych.<!-- notionvc: 6e29a8ee-361f-4430-b05e-342cf1767276 --><\/p>","protected":false},"featured_media":443,"comment_status":"open","ping_status":"closed","template":"","meta":[],"class_list":{"0":"post-452","1":"product","2":"type-product","3":"status-publish","4":"has-post-thumbnail","6":"product_cat-commute-motorcycle-tires","7":"product_cat-super-sport-motorcycle-tires","8":"product_tag-100-90zr21","9":"product_tag-110-70zr17","10":"product_tag-120-70-17-motorcycle-tire","11":"product_tag-120-70-17-tire","12":"product_tag-120-70r17-2","13":"product_tag-120-70r17-motorcycle-tire","14":"product_tag-120-70x17-dual-sport-tire","15":"product_tag-120-70x17-motorcycle-tire","16":"product_tag-120-70x17-tire","17":"product_tag-120-70-zr17-motorcycle-tire","18":"product_tag-120-70-zr17","19":"product_tag-120-70zr17-front-tire","20":"product_tag-120-70zr17-tire","21":"product_tag-120-60zr17","22":"product_tag-120-70zr17","23":"product_tag-120-70zr18","24":"product_tag-120-70zr19","25":"product_tag-130-70r17","26":"product_tag-130-70r18","27":"product_tag-140-70zr17","28":"product_tag-150-60zr17","29":"product_tag-160-60zr17","30":"product_tag-170-60zr17","31":"product_tag-180-55zr17","32":"product_tag-180-60zr17","33":"product_tag-190-50zr17","34":"product_tag-190-55zr17","35":"product_tag-200-50zr17","36":"product_tag-200-55zr17","37":"product_tag-240-40r18","38":"product_tag-240-45zr17","39":"product_tag-260-40r18","40":"product_tag-90-80r17","41":"product_tag-aggressive-tread-motorcycle-tires","42":"product_tag-all-weather-motorcycle-tires","43":"product_tag-dry-grip-sport-tires","44":"product_tag-high-speed-motorcycle-tires","45":"product_tag-kingtyre","46":"product_tag-kingtyre-k97","47":"product_tag-kingtyre-motorcycle-tires","48":"product_tag-long-lasting-motorcycle-tires","49":"product_tag-motorcycle-cornering-stability","50":"product_tag-motorcycle-grip-technology","51":"product_tag-motorcycle-performance-testing","52":"product_tag-motorcycle-safety-tires","53":"product_tag-motorcycle-tire-durability","54":"product_tag-motorcycle-tire-size-chart","55":"product_tag-motorcycle-touring-tires","56":"product_tag-motorcycle-track-day-tires","57":"product_tag-motorcycle-tyres-120-70-zr17","58":"product_tag-on-road-motorcycle-tires","59":"product_tag-premium-motorcycle-tires","60":"product_tag-sport-touring-motorcycle-tires","61":"product_tag-super-sport-tires","62":"product_tag-wet-grip-motorcycle-tires","64":"first","65":"instock","66":"shipping-taxable","67":"product-type-simple"},"yoast_head":"<!-- This site is optimized with the Yoast SEO Premium plugin v25.1 (Yoast SEO v25.1) - https:\/\/yoast.com\/wordpress\/plugins\/seo\/ -->\n<title>Kingtyre K97 Sport On-Road Motorcycle Tire | Precision Grip<\/title>\n<meta name=\"description\" content=\"The Kingtyre K97 Sport On-Road Tire delivers elite handling, superior traction, and extended mileage. Available in multiple sizes for sport bikes and touring motorcycles.\" \/>\n<meta name=\"robots\" content=\"index, follow, max-snippet:-1, max-image-preview:large, max-video-preview:-1\" \/>\n<link rel=\"canonical\" href=\"https:\/\/www.chinakingtyre.com\/pl\/product\/kingtyre-k97-sport-on-road\/\" \/>\n<meta property=\"og:locale\" content=\"pl_PL\" \/>\n<meta property=\"og:type\" content=\"article\" \/>\n<meta property=\"og:title\" content=\"Kingtyre K97 Sport On-Road Tire: Advanced Engineering for Precision, Grip, and Longevity\" \/>\n<meta property=\"og:description\" content=\"The Kingtyre K97 Sport On-Road Tire delivers elite handling, superior traction, and extended mileage. Available in multiple sizes for sport bikes and touring motorcycles.\" \/>\n<meta property=\"og:url\" content=\"https:\/\/www.chinakingtyre.com\/pl\/product\/kingtyre-k97-sport-on-road\/\" \/>\n<meta property=\"og:site_name\" content=\"KingTyre Professional motorcycle tire manufacturer\" \/>\n<meta property=\"article:publisher\" content=\"https:\/\/www.facebook.com\/ChinaKingTyre\" \/>\n<meta property=\"article:modified_time\" content=\"2025-08-27T00:54:53+00:00\" \/>\n<meta property=\"og:image\" content=\"https:\/\/www.chinakingtyre.com\/wp-content\/uploads\/2025\/08\/Kingtyre-K97-Supermoto-Treaded-Racing-Tires.jpg\" \/>\n\t<meta property=\"og:image:width\" content=\"800\" \/>\n\t<meta property=\"og:image:height\" content=\"800\" \/>\n\t<meta property=\"og:image:type\" content=\"image\/jpeg\" \/>\n<meta name=\"twitter:card\" content=\"summary_large_image\" \/>\n<meta name=\"twitter:label1\" content=\"Szacowany czas czytania\" \/>\n\t<meta name=\"twitter:data1\" content=\"3 minuty\" \/>\n<script type=\"application\/ld+json\" class=\"yoast-schema-graph\">{\"@context\":\"https:\/\/schema.org\",\"@graph\":[{\"@type\":\"WebPage\",\"@id\":\"https:\/\/www.chinakingtyre.com\/product\/kingtyre-k97-sport-on-road\/\",\"url\":\"https:\/\/www.chinakingtyre.com\/product\/kingtyre-k97-sport-on-road\/\",\"name\":\"Kingtyre K97 Sport On-Road Motorcycle Tire | Precision Grip\",\"isPartOf\":{\"@id\":\"https:\/\/www.chinakingtyre.com\/#website\"},\"primaryImageOfPage\":{\"@id\":\"https:\/\/www.chinakingtyre.com\/product\/kingtyre-k97-sport-on-road\/#primaryimage\"},\"image\":{\"@id\":\"https:\/\/www.chinakingtyre.com\/product\/kingtyre-k97-sport-on-road\/#primaryimage\"},\"thumbnailUrl\":\"https:\/\/www.chinakingtyre.com\/wp-content\/uploads\/2025\/08\/Kingtyre-K97-Supermoto-Treaded-Racing-Tires.jpg\",\"datePublished\":\"2025-08-18T02:38:19+00:00\",\"dateModified\":\"2025-08-27T00:54:53+00:00\",\"description\":\"The Kingtyre K97 Sport On-Road Tire delivers elite handling, superior traction, and extended mileage. Available in multiple sizes for sport bikes and touring motorcycles.\",\"breadcrumb\":{\"@id\":\"https:\/\/www.chinakingtyre.com\/product\/kingtyre-k97-sport-on-road\/#breadcrumb\"},\"inLanguage\":\"pl-PL\",\"potentialAction\":[{\"@type\":\"ReadAction\",\"target\":[\"https:\/\/www.chinakingtyre.com\/product\/kingtyre-k97-sport-on-road\/\"]}]},{\"@type\":\"ImageObject\",\"inLanguage\":\"pl-PL\",\"@id\":\"https:\/\/www.chinakingtyre.com\/product\/kingtyre-k97-sport-on-road\/#primaryimage\",\"url\":\"https:\/\/www.chinakingtyre.com\/wp-content\/uploads\/2025\/08\/Kingtyre-K97-Supermoto-Treaded-Racing-Tires.jpg\",\"contentUrl\":\"https:\/\/www.chinakingtyre.com\/wp-content\/uploads\/2025\/08\/Kingtyre-K97-Supermoto-Treaded-Racing-Tires.jpg\",\"width\":800,\"height\":800,\"caption\":\"Kingtyre-K97-Supermoto-Treaded-Racing-Tires\"},{\"@type\":\"BreadcrumbList\",\"@id\":\"https:\/\/www.chinakingtyre.com\/product\/kingtyre-k97-sport-on-road\/#breadcrumb\",\"itemListElement\":[{\"@type\":\"ListItem\",\"position\":1,\"name\":\"Home\",\"item\":\"https:\/\/www.chinakingtyre.com\/\"},{\"@type\":\"ListItem\",\"position\":2,\"name\":\"Kingtyre Product List\",\"item\":\"https:\/\/www.chinakingtyre.com\/kingtyre-product-list\/\"},{\"@type\":\"ListItem\",\"position\":3,\"name\":\"Kingtyre K97 Sport On-Road Tire: Advanced Engineering for Precision, Grip, and Longevity\"}]},{\"@type\":\"WebSite\",\"@id\":\"https:\/\/www.chinakingtyre.com\/#website\",\"url\":\"https:\/\/www.chinakingtyre.com\/\",\"name\":\"KingTyre Professional motorcycle tire manufacturer\",\"description\":\"\",\"publisher\":{\"@id\":\"https:\/\/www.chinakingtyre.com\/#organization\"},\"potentialAction\":[{\"@type\":\"SearchAction\",\"target\":{\"@type\":\"EntryPoint\",\"urlTemplate\":\"https:\/\/www.chinakingtyre.com\/?s={search_term_string}\"},\"query-input\":{\"@type\":\"PropertyValueSpecification\",\"valueRequired\":true,\"valueName\":\"search_term_string\"}}],\"inLanguage\":\"pl-PL\"},{\"@type\":\"Organization\",\"@id\":\"https:\/\/www.chinakingtyre.com\/#organization\",\"name\":\"TIANJIN KINGTYRE GROUP CO.,LTD\",\"url\":\"https:\/\/www.chinakingtyre.com\/\",\"logo\":{\"@type\":\"ImageObject\",\"inLanguage\":\"pl-PL\",\"@id\":\"https:\/\/www.chinakingtyre.com\/#\/schema\/logo\/image\/\",\"url\":\"https:\/\/www.chinakingtyre.com\/wp-content\/uploads\/2025\/07\/LOGO.png\",\"contentUrl\":\"https:\/\/www.chinakingtyre.com\/wp-content\/uploads\/2025\/07\/LOGO.png\",\"width\":870,\"height\":212,\"caption\":\"TIANJIN KINGTYRE GROUP CO.,LTD\"},\"image\":{\"@id\":\"https:\/\/www.chinakingtyre.com\/#\/schema\/logo\/image\/\"},\"sameAs\":[\"https:\/\/www.facebook.com\/ChinaKingTyre\"]}]}<\/script>\n<!-- \/ Yoast SEO Premium plugin. -->","yoast_head_json":{"title":"Opona motocyklowa Kingtyre K97 Sport On-Road | Precision Grip","description":"Opona Kingtyre K97 Sport On-Road zapewnia elitarne prowadzenie, doskona\u0142\u0105 przyczepno\u015b\u0107 i wyd\u0142u\u017cony przebieg. Dost\u0119pna w wielu rozmiarach dla motocykli sportowych i turystycznych.","robots":{"index":"index","follow":"follow","max-snippet":"max-snippet:-1","max-image-preview":"max-image-preview:large","max-video-preview":"max-video-preview:-1"},"canonical":"https:\/\/www.chinakingtyre.com\/pl\/product\/kingtyre-k97-sport-on-road\/","og_locale":"pl_PL","og_type":"article","og_title":"Kingtyre K97 Sport On-Road Tire: Advanced Engineering for Precision, Grip, and Longevity","og_description":"The Kingtyre K97 Sport On-Road Tire delivers elite handling, superior traction, and extended mileage. Available in multiple sizes for sport bikes and touring motorcycles.","og_url":"https:\/\/www.chinakingtyre.com\/pl\/product\/kingtyre-k97-sport-on-road\/","og_site_name":"KingTyre Professional motorcycle tire manufacturer","article_publisher":"https:\/\/www.facebook.com\/ChinaKingTyre","article_modified_time":"2025-08-27T00:54:53+00:00","og_image":[{"width":800,"height":800,"url":"https:\/\/www.chinakingtyre.com\/wp-content\/uploads\/2025\/08\/Kingtyre-K97-Supermoto-Treaded-Racing-Tires.jpg","type":"image\/jpeg"}],"twitter_card":"summary_large_image","twitter_misc":{"Szacowany czas czytania":"3 minuty"},"schema":{"@context":"https:\/\/schema.org","@graph":[{"@type":"WebPage","@id":"https:\/\/www.chinakingtyre.com\/product\/kingtyre-k97-sport-on-road\/","url":"https:\/\/www.chinakingtyre.com\/product\/kingtyre-k97-sport-on-road\/","name":"Opona motocyklowa Kingtyre K97 Sport On-Road | Precision Grip","isPartOf":{"@id":"https:\/\/www.chinakingtyre.com\/#website"},"primaryImageOfPage":{"@id":"https:\/\/www.chinakingtyre.com\/product\/kingtyre-k97-sport-on-road\/#primaryimage"},"image":{"@id":"https:\/\/www.chinakingtyre.com\/product\/kingtyre-k97-sport-on-road\/#primaryimage"},"thumbnailUrl":"https:\/\/www.chinakingtyre.com\/wp-content\/uploads\/2025\/08\/Kingtyre-K97-Supermoto-Treaded-Racing-Tires.jpg","datePublished":"2025-08-18T02:38:19+00:00","dateModified":"2025-08-27T00:54:53+00:00","description":"Opona Kingtyre K97 Sport On-Road zapewnia elitarne prowadzenie, doskona\u0142\u0105 przyczepno\u015b\u0107 i wyd\u0142u\u017cony przebieg. Dost\u0119pna w wielu rozmiarach dla motocykli sportowych i turystycznych.","breadcrumb":{"@id":"https:\/\/www.chinakingtyre.com\/product\/kingtyre-k97-sport-on-road\/#breadcrumb"},"inLanguage":"pl-PL","potentialAction":[{"@type":"ReadAction","target":["https:\/\/www.chinakingtyre.com\/product\/kingtyre-k97-sport-on-road\/"]}]},{"@type":"ImageObject","inLanguage":"pl-PL","@id":"https:\/\/www.chinakingtyre.com\/product\/kingtyre-k97-sport-on-road\/#primaryimage","url":"https:\/\/www.chinakingtyre.com\/wp-content\/uploads\/2025\/08\/Kingtyre-K97-Supermoto-Treaded-Racing-Tires.jpg","contentUrl":"https:\/\/www.chinakingtyre.com\/wp-content\/uploads\/2025\/08\/Kingtyre-K97-Supermoto-Treaded-Racing-Tires.jpg","width":800,"height":800,"caption":"Kingtyre-K97-Supermoto-Treaded-Racing-Tires"},{"@type":"BreadcrumbList","@id":"https:\/\/www.chinakingtyre.com\/product\/kingtyre-k97-sport-on-road\/#breadcrumb","itemListElement":[{"@type":"ListItem","position":1,"name":"Home","item":"https:\/\/www.chinakingtyre.com\/"},{"@type":"ListItem","position":2,"name":"Kingtyre Product List","item":"https:\/\/www.chinakingtyre.com\/kingtyre-product-list\/"},{"@type":"ListItem","position":3,"name":"Kingtyre K97 Sport On-Road Tire: Advanced Engineering for Precision, Grip, and Longevity"}]},{"@type":"WebSite","@id":"https:\/\/www.chinakingtyre.com\/#website","url":"https:\/\/www.chinakingtyre.com\/","name":"KingTyre Profesjonalny producent opon motocyklowych","description":"","publisher":{"@id":"https:\/\/www.chinakingtyre.com\/#organization"},"potentialAction":[{"@type":"SearchAction","target":{"@type":"EntryPoint","urlTemplate":"https:\/\/www.chinakingtyre.com\/?s={search_term_string}"},"query-input":{"@type":"PropertyValueSpecification","valueRequired":true,"valueName":"search_term_string"}}],"inLanguage":"pl-PL"},{"@type":"Organization","@id":"https:\/\/www.chinakingtyre.com\/#organization","name":"TIANJIN KINGTYRE GROUP CO., LTD","url":"https:\/\/www.chinakingtyre.com\/","logo":{"@type":"ImageObject","inLanguage":"pl-PL","@id":"https:\/\/www.chinakingtyre.com\/#\/schema\/logo\/image\/","url":"https:\/\/www.chinakingtyre.com\/wp-content\/uploads\/2025\/07\/LOGO.png","contentUrl":"https:\/\/www.chinakingtyre.com\/wp-content\/uploads\/2025\/07\/LOGO.png","width":870,"height":212,"caption":"TIANJIN KINGTYRE GROUP CO.,LTD"},"image":{"@id":"https:\/\/www.chinakingtyre.com\/#\/schema\/logo\/image\/"},"sameAs":["https:\/\/www.facebook.com\/ChinaKingTyre"]}]}},"_links":{"self":[{"href":"https:\/\/www.chinakingtyre.com\/pl\/wp-json\/wp\/v2\/product\/452","targetHints":{"allow":["GET"]}}],"collection":[{"href":"https:\/\/www.chinakingtyre.com\/pl\/wp-json\/wp\/v2\/product"}],"about":[{"href":"https:\/\/www.chinakingtyre.com\/pl\/wp-json\/wp\/v2\/types\/product"}],"replies":[{"embeddable":true,"href":"https:\/\/www.chinakingtyre.com\/pl\/wp-json\/wp\/v2\/comments?post=452"}],"wp:featuredmedia":[{"embeddable":true,"href":"https:\/\/www.chinakingtyre.com\/pl\/wp-json\/wp\/v2\/media\/443"}],"wp:attachment":[{"href":"https:\/\/www.chinakingtyre.com\/pl\/wp-json\/wp\/v2\/media?parent=452"}],"curies":[{"name":"wp","href":"https:\/\/api.w.org\/{rel}","templated":true}]}}