{"id":463,"date":"2025-08-19T01:20:30","date_gmt":"2025-08-19T01:20:30","guid":{"rendered":"https:\/\/www.chinakingtyre.com\/?post_type=product&#038;p=463"},"modified":"2025-08-21T07:52:24","modified_gmt":"2025-08-21T07:52:24","slug":"opony-adv-kingtyre-k66","status":"publish","type":"product","link":"https:\/\/www.chinakingtyre.com\/pl\/product\/opony-adv-kingtyre-k66\/","title":{"rendered":"Opony Kingtyre K66 ADV - najlepsze podw\u00f3jne opony sportowe 80\/20 dla motocyklist\u00f3w przygodowych"},"content":{"rendered":"<h2><strong>Zaawansowana konstrukcja bie\u017cnika opon Kingtyre K66 Dual Sport<\/strong><\/h2>\n<p>The <strong><a href=\"https:\/\/www.chinakingtyre.com\/pl\/\">Kingtyre<\/a> Opony K66 adv<\/strong> S\u0105 specjalnie zaprojektowane dla rowerzyst\u00f3w, kt\u00f3rzy wymagaj\u0105 zar\u00f3wno stabilno\u015bci na drodze, jak i pewno\u015bci w terenie. <strong>Podw\u00f3jne opony sportowe 80\/20<\/strong>Wz\u00f3r bie\u017cnika k\u0142adzie nacisk na przyczepno\u015b\u0107 przy du\u017cych pr\u0119dko\u015bciach na nawierzchni (80%), zachowuj\u0105c jednocze\u015bnie niezawodn\u0105 trakcj\u0119 na szutrze, b\u0142ocie i lekkich szlakach (20%).<\/p>\n<p>Kluczowe zalety bie\u017cnika <strong>Opony Kingtyre K66 do motocykli typu dual sport<\/strong> obejmuj\u0105:<\/p>\n<ul>\n<li><strong>Zoptymalizowane bloki bie\u017cnika<\/strong>: Wi\u0119ksze bloki centralne zapewniaj\u0105 stabilno\u015b\u0107 przy du\u017cych pr\u0119dko\u015bciach, redukuj\u0105c wibracje i zu\u017cycie.<\/li>\n<li><strong>Agresywne wyst\u0119py boczne<\/strong>: Zapewniaj\u0105 lepsz\u0105 przyczepno\u015b\u0107 w zakr\u0119tach na nieutwardzonym terenie, idealne dla rowerzyst\u00f3w eksploruj\u0105cych poza asfaltem.<\/li>\n<li><strong>Zwi\u0105zek bogaty w krzemionk\u0119<\/strong>: Poprawia skuteczno\u015b\u0107 hamowania na mokrej nawierzchni nawet o 15% w por\u00f3wnaniu z konwencjonalnymi oponami sportowymi.<\/li>\n<li><strong>Rowki odprowadzaj\u0105ce ciep\u0142o<\/strong>: Wyd\u0142u\u017cona \u017cywotno\u015b\u0107 bie\u017cnika, z danymi testowymi pokazuj\u0105cymi <strong>8% d\u0142u\u017cszy przebieg<\/strong> w por\u00f3wnaniu do \u015bredniej <strong>najlepsze opony motocyklowe dual sport<\/strong>.<\/li>\n<\/ul>\n<p><img loading=\"lazy\" decoding=\"async\" class=\"aligncenter wp-image-465 size-full\" src=\"https:\/\/www.chinakingtyre.com\/wp-content\/uploads\/2025\/08\/kingtyre-k66-front-tread.jpg\" alt=\"Opony Kingtyre K66 adv z przednim bie\u017cnikiem zapewniaj\u0105cym osi\u0105gi 80 20 w sportach dwuosobowych.\" width=\"1678\" height=\"794\" srcset=\"https:\/\/www.chinakingtyre.com\/wp-content\/uploads\/2025\/08\/kingtyre-k66-front-tread.jpg 1678w, https:\/\/www.chinakingtyre.com\/wp-content\/uploads\/2025\/08\/kingtyre-k66-front-tread-300x142.jpg 300w, https:\/\/www.chinakingtyre.com\/wp-content\/uploads\/2025\/08\/kingtyre-k66-front-tread-1024x485.jpg 1024w, https:\/\/www.chinakingtyre.com\/wp-content\/uploads\/2025\/08\/kingtyre-k66-front-tread-768x363.jpg 768w, https:\/\/www.chinakingtyre.com\/wp-content\/uploads\/2025\/08\/kingtyre-k66-front-tread-1536x727.jpg 1536w, https:\/\/www.chinakingtyre.com\/wp-content\/uploads\/2025\/08\/kingtyre-k66-front-tread-18x9.jpg 18w, https:\/\/www.chinakingtyre.com\/wp-content\/uploads\/2025\/08\/kingtyre-k66-front-tread-600x284.jpg 600w\" sizes=\"auto, (max-width: 1678px) 100vw, 1678px\" \/><\/p>\n<hr \/>\n<h2><strong>Dost\u0119pne rozmiary opon Kingtyre K66 Dual Sport<\/strong><\/h2>\n<h3><strong>Rozmiary opon przednich<\/strong><\/h3>\n<ul>\n<li>90\/90R21<\/li>\n<li>100\/90R21<\/li>\n<li>100\/80R17<\/li>\n<li>110\/80R19<\/li>\n<li>120\/70R17<\/li>\n<li>120\/70R19<\/li>\n<\/ul>\n<h3><strong>Rozmiary opon tylnych<\/strong><\/h3>\n<ul>\n<li>130\/70R17<\/li>\n<li>130\/80R17<\/li>\n<li>140\/70R18<\/li>\n<li>150\/70R17<\/li>\n<li>150\/70R18<\/li>\n<li>160\/60R17<\/li>\n<li>170\/60R17<\/li>\n<\/ul>\n<p><img loading=\"lazy\" decoding=\"async\" class=\"aligncenter wp-image-466 size-full\" src=\"https:\/\/www.chinakingtyre.com\/wp-content\/uploads\/2025\/08\/kingtyre-k66-dual-sport-tire-sizes.jpg\" alt=\"Opony Kingtyre K66 adv s\u0105 dost\u0119pne w rozmiarach przednich i tylnych opon sportowych.\" width=\"1678\" height=\"794\" srcset=\"https:\/\/www.chinakingtyre.com\/wp-content\/uploads\/2025\/08\/kingtyre-k66-dual-sport-tire-sizes.jpg 1678w, https:\/\/www.chinakingtyre.com\/wp-content\/uploads\/2025\/08\/kingtyre-k66-dual-sport-tire-sizes-300x142.jpg 300w, https:\/\/www.chinakingtyre.com\/wp-content\/uploads\/2025\/08\/kingtyre-k66-dual-sport-tire-sizes-1024x485.jpg 1024w, https:\/\/www.chinakingtyre.com\/wp-content\/uploads\/2025\/08\/kingtyre-k66-dual-sport-tire-sizes-768x363.jpg 768w, https:\/\/www.chinakingtyre.com\/wp-content\/uploads\/2025\/08\/kingtyre-k66-dual-sport-tire-sizes-1536x727.jpg 1536w, https:\/\/www.chinakingtyre.com\/wp-content\/uploads\/2025\/08\/kingtyre-k66-dual-sport-tire-sizes-18x9.jpg 18w, https:\/\/www.chinakingtyre.com\/wp-content\/uploads\/2025\/08\/kingtyre-k66-dual-sport-tire-sizes-600x284.jpg 600w\" sizes=\"auto, (max-width: 1678px) 100vw, 1678px\" \/><\/p>\n<hr \/>\n<h2><strong>Kingtyre - Fabryka profesjonalnych opon do sport\u00f3w dwuosobowych<\/strong><\/h2>\n<p>Jako jeden z wiod\u0105cych <strong>producenci opon motocyklowych<\/strong> oraz <strong>Producenci opon MC<\/strong>Kingtyre specjalizuje si\u0119 w produkcji zaawansowanych opon motocyklowych dla kierowc\u00f3w na ca\u0142ym \u015bwiecie. <strong>Obiekty z certyfikatem ISO9001<\/strong> i rocznej wydajno\u015bci przekraczaj\u0105cej <strong>2,5 miliona opon<\/strong>Fabryka integruje niemieckie prasy do utwardzania i japo\u0144skie mieszalniki gumy, aby zapewni\u0107 \u015bwiatowej klasy jako\u015b\u0107.<\/p>\n<p>Kingtyre jest uznawane za <strong>fabryczne opony dual sport<\/strong> zaufa\u0142y marki OEM i profesjonalni kolarze na ca\u0142ym \u015bwiecie. Ka\u017cdy <strong>opona motocyklowa dual sport<\/strong> przechodzi <strong>Kontrola rentgenowska, testy jednorodno\u015bci i walidacja wytrzyma\u0142o\u015bci<\/strong> przed opuszczeniem hali produkcyjnej.<\/p>\n<p><img loading=\"lazy\" decoding=\"async\" class=\"aligncenter wp-image-467 size-full\" src=\"https:\/\/www.chinakingtyre.com\/wp-content\/uploads\/2025\/08\/kingtyre-dual-sport-tires-factory.jpg\" alt=\"Fabryczna linia produkcyjna opon sportowych Kingtyre do opon adv i motard\" width=\"1678\" height=\"794\" srcset=\"https:\/\/www.chinakingtyre.com\/wp-content\/uploads\/2025\/08\/kingtyre-dual-sport-tires-factory.jpg 1678w, https:\/\/www.chinakingtyre.com\/wp-content\/uploads\/2025\/08\/kingtyre-dual-sport-tires-factory-300x142.jpg 300w, https:\/\/www.chinakingtyre.com\/wp-content\/uploads\/2025\/08\/kingtyre-dual-sport-tires-factory-1024x485.jpg 1024w, https:\/\/www.chinakingtyre.com\/wp-content\/uploads\/2025\/08\/kingtyre-dual-sport-tires-factory-768x363.jpg 768w, https:\/\/www.chinakingtyre.com\/wp-content\/uploads\/2025\/08\/kingtyre-dual-sport-tires-factory-1536x727.jpg 1536w, https:\/\/www.chinakingtyre.com\/wp-content\/uploads\/2025\/08\/kingtyre-dual-sport-tires-factory-18x9.jpg 18w, https:\/\/www.chinakingtyre.com\/wp-content\/uploads\/2025\/08\/kingtyre-dual-sport-tires-factory-600x284.jpg 600w\" sizes=\"auto, (max-width: 1678px) 100vw, 1678px\" \/><\/p>\n<hr \/>\n<h2><strong>Bol\u0105czki jazdy na oponach do sport\u00f3w dwuosobowych<\/strong><\/h2>\n<p>Je\u017ad\u017acy przygodowi korzystaj\u0105cy z <strong>podw\u00f3jne sportowe opony motocyklowe<\/strong> cz\u0119sto napotykaj\u0105:<\/p>\n<ul>\n<li>Szybkie zu\u017cycie bie\u017cnika na autostradach (szczeg\u00f3lnie w przypadku <strong>17-calowe sportowe opony motocyklowe<\/strong>).<\/li>\n<li>S\u0142aba przyczepno\u015b\u0107 na mokrej nawierzchni podczas przechodzenia z asfaltu na nawierzchni\u0119 gruntow\u0105.<\/li>\n<li>Ograniczona stabilno\u015b\u0107 na zakr\u0119tach z tradycyjnymi <strong>opony motard<\/strong>.<\/li>\n<li>Trudno\u015bci ze znalezieniem trwa\u0142ego produktu <strong>tylne podw\u00f3jne opony sportowe 110\/80-19<\/strong> ze zr\u00f3wnowa\u017con\u0105 wydajno\u015bci\u0105.<\/li>\n<\/ul>\n<hr \/>\n<h2><strong>Kingtyre K66 - rozwi\u0105zanie 80\/20 dla podw\u00f3jnych opon sportowych<\/strong><\/h2>\n<p>The <strong>Opony Kingtyre K66 adv<\/strong> rozwi\u0105za\u0107 te kwestie:<\/p>\n<ul>\n<li><strong>Hybrydowy bie\u017cnik szosowo-terenowy<\/strong> Zapewnia stabilno\u015b\u0107 na asfalcie na poziomie 80% i kontrol\u0119 na szlaku na poziomie 20%.<\/li>\n<li><strong>Osnowa o wysokiej wytrzyma\u0142o\u015bci<\/strong> zmniejszenie ryzyka przebicia opony w trudnym terenie.<\/li>\n<li><strong>Zoptymalizowane zwi\u0105zki<\/strong> wyd\u0142u\u017cenie przebiegu o 10-12% w por\u00f3wnaniu z wi\u0119kszo\u015bci\u0105 <strong>najlepsze podw\u00f3jne opony sportowe<\/strong>.<\/li>\n<li><strong>Precyzyjnie wywa\u017cona konstrukcja<\/strong> zapewniaj\u0105c p\u0142ynne dzia\u0142anie zar\u00f3wno w motocyklach sportowych, jak i przygodowych.<\/li>\n<\/ul>\n<hr \/>\n<h2><strong>Specyfikacja techniczna opon Kingtyre K66 ADV<\/strong><\/h2>\n<table style=\"height: 331px;\" width=\"732\">\n<thead>\n<tr>\n<th><strong>Parametr<\/strong><\/th>\n<th><strong>Specyfikacja<\/strong><\/th>\n<\/tr>\n<\/thead>\n<tbody>\n<tr>\n<td>Typ opony<\/td>\n<td>Opony motocyklowe ADV \/ Dual Sport (80\/20)<\/td>\n<\/tr>\n<tr>\n<td>Dost\u0119pne rozmiary<\/td>\n<td>17\" - 21\" prz\u00f3d \/ 17\" - 18\" ty\u0142<\/td>\n<\/tr>\n<tr>\n<td>Zwi\u0105zek<\/td>\n<td>Dwusportowa guma o wysokiej zawarto\u015bci krzemionki, odporna na zu\u017cycie<\/td>\n<\/tr>\n<tr>\n<td>G\u0142\u0119boko\u015b\u0107 bie\u017cnika<\/td>\n<td>7,2 - 8,5 mm (w zale\u017cno\u015bci od rozmiaru)<\/td>\n<\/tr>\n<tr>\n<td>Indeks obci\u0105\u017cenia<\/td>\n<td>58-75 (maksymalne obci\u0105\u017cenie 190-387 kg na opon\u0119)<\/td>\n<\/tr>\n<tr>\n<td>Ocena pr\u0119dko\u015bci<\/td>\n<td>H, V (do 240 km\/h w zale\u017cno\u015bci od rozmiaru)<\/td>\n<\/tr>\n<tr>\n<td>Kompatybilno\u015b\u0107 obr\u0119czy<\/td>\n<td>17\", 18\", 19\", 21\"<\/td>\n<\/tr>\n<tr>\n<td>Aplikacja docelowa<\/td>\n<td>Adventure, Touring, Dual Sport, Light Off-road<\/td>\n<\/tr>\n<\/tbody>\n<\/table>\n<hr \/>\n<h2><strong>Cz\u0119sto zadawane pytania - najcz\u0119\u015bciej zadawane pytania dotycz\u0105ce opon ADV i Dual Sport<\/strong><\/h2>\n<p><strong>1. Do czego najlepiej u\u017cywa\u0107 opon adv?<\/strong><\/p>\n<p>Opony ADV, takie jak Kingtyre K66, s\u0105 przeznaczone do d\u0142ugodystansowej jazdy turystycznej z okazjonalnym u\u017cytkowaniem w terenie (80% szosa, 20% teren).<\/p>\n<p><strong>2. Czy opony sportowe 80\/20 s\u0105 dobre do codziennych dojazd\u00f3w do pracy?<\/strong><\/p>\n<p>Tak, zapewniaj\u0105 doskona\u0142y komfort na autostradzie, jednocze\u015bnie pozwalaj\u0105c na okazjonaln\u0105 jazd\u0119 po szutrze i w terenie.<\/p>\n<p><strong>3. Jak cz\u0119sto nale\u017cy sprawdza\u0107 ci\u015bnienie w oponach motocykli typu dual sport?<\/strong><\/p>\n<p>Sprawdza\u0107 co 500 km lub przed d\u0142u\u017cszymi podr\u00f3\u017cami. Zalecane ci\u015bnienie: <strong>Prz\u00f3d 30-32 psi, ty\u0142 32-36 psi<\/strong>.<\/p>\n<p><strong>4. Czy opony Kingtyre K66 mog\u0105 by\u0107 u\u017cywane w ci\u0119\u017ckich motocyklach typu adventure?<\/strong><\/p>\n<p>Tak, rozmiary do <strong>170\/60R17<\/strong> obs\u0142uguje wi\u0119ksze motocykle ADV.<\/p>\n<p><strong>5. Jak opona Kingtyre K66 zachowuje si\u0119 na mokrej nawierzchni?<\/strong><\/p>\n<p>Mieszanka krzemionkowa poprawia hamowanie na mokrej nawierzchni o 12-15% w por\u00f3wnaniu z konwencjonalnymi oponami.<\/p>\n<p><strong>6. Jaka jest \u017cywotno\u015b\u0107 opon Kingtyre K66 dual sport?<\/strong><\/p>\n<p>\u015arednio 15 000-18 000 km w zale\u017cno\u015bci od stylu jazdy.<\/p>\n<p><strong>7. Czy opony dual sport s\u0105 g\u0142o\u015bne na autostradach?<\/strong><\/p>\n<p>Opona Kingtyre K66 posiada ciche klocki bie\u017cnika, redukuj\u0105ce ha\u0142as drogowy o 8%.<\/p>\n<p><strong>8. Czy potrzebuj\u0119 innych opon do jazdy w terenie?<\/strong><\/p>\n<p>Nie, chyba \u017ce je\u017adzisz w ekstremalnym b\u0142ocie lub piasku. Kingtyre K66 skutecznie r\u00f3wnowa\u017cy oba warunki.<\/p>\n<p><strong>9. Czy opony Kingtyre K66 nadaj\u0105 si\u0119 do motocykli motardowych?<\/strong><\/p>\n<p>Tak, szczeg\u00f3lnie <strong>17-calowe sportowe opony motocyklowe<\/strong> wersje, oferuj\u0105ce przyczepno\u015b\u0107 i prowadzenie dla miejskich rowerzyst\u00f3w.<\/p>\n<p><strong>10. Gdzie produkowane s\u0105 opony Kingtyre dual sport?<\/strong><\/p>\n<p>S\u0105 one produkowane w najnowocze\u015bniejszej fabryce Kingtyre <strong>fabryczne opony dual sport<\/strong> z zaawansowan\u0105 automatyzacj\u0105.<\/p>\n<p><!-- notionvc: eca5f14c-6748-461e-81ad-63ce7dfb8c52 --><\/p>","protected":false},"excerpt":{"rendered":"<p>Odkryj opony Kingtyre K66 ADV - najwy\u017cszej jako\u015bci opony sportowe 80\/20 zaprojektowane z my\u015bl\u0105 o stabilno\u015bci, przebiegu i kontroli w terenie. Poznaj rozmiary 17-21 cali od zaufanej fabryki opon dual sport.<!-- notionvc: f257af7a-5087-45ff-9951-33f2f916b192 --><\/p>","protected":false},"featured_media":468,"comment_status":"open","ping_status":"closed","template":"","meta":[],"class_list":{"0":"post-463","1":"product","2":"type-product","3":"status-publish","4":"has-post-thumbnail","6":"product_cat-adventure-motorcycle-tires","7":"product_tag-100-80r-17-motorcycle-tires","8":"product_tag-100-90r-21-motorcycle-tires","9":"product_tag-110-80r-19-motorcycle-tires","10":"product_tag-120-70-17-motorcycle-tire","11":"product_tag-120-70-17-tire","12":"product_tag-120-70r17-2","13":"product_tag-120-70r17-motorcycle-tire","14":"product_tag-120-70x17-dual-sport-tire","15":"product_tag-120-70x17-motorcycle-tire","16":"product_tag-120-70x17-tire","17":"product_tag-120-70-zr17-motorcycle-tire","18":"product_tag-120-70-zr17","19":"product_tag-120-70zr17-front-tire","20":"product_tag-120-70zr17-tire","21":"product_tag-120-70r-17-motorcycle-tires","22":"product_tag-120-70r-19-motorcycle-tires","23":"product_tag-130-70r-17-motorcycle-tires","24":"product_tag-130-80r-17-motorcycle-tires","25":"product_tag-140-70r-18-motorcycle-tires","26":"product_tag-150-70r-17-motorcycle-tires","27":"product_tag-150-70r-18-motorcycle-tires","28":"product_tag-160-60r-17-motorcycle-tires","29":"product_tag-17-inch-dual-sport-motorcycle-tyres","30":"product_tag-170-60r-17-motorcycle-tires","31":"product_tag-80-20-dual-sport-tires","32":"product_tag-90-90r-21-motorcycle-tires","33":"product_tag-adv-tires","34":"product_tag-adventure-motorcycle-tires","35":"product_tag-adventure-tires","36":"product_tag-best-dual-sport-motorcycle-tyres","37":"product_tag-best-dual-sport-tires","38":"product_tag-dual-sport-adventure-tires","39":"product_tag-dual-sport-moto-tires","40":"product_tag-dual-sport-motorcycle-tyres","41":"product_tag-dual-sport-tires","42":"product_tag-dual-sport-tires-factory","43":"product_tag-dual-sport-tyres","44":"product_tag-kingtyre-dual-sport-tyres","45":"product_tag-kingtyre-k66","46":"product_tag-mc-tires-manufacturers","47":"product_tag-motard-tyres","48":"product_tag-motorcycle-tire-manufacturers","49":"product_tag-motorcycle-tyres-120-70-zr17","50":"product_tag-off-road-adv-tires","51":"product_tag-rear-110-80-19-dual-sport-tires","52":"product_tag-sport-touring-dual-sport-tires","54":"first","55":"instock","56":"shipping-taxable","57":"product-type-simple"},"yoast_head":"<!-- This site is optimized with the Yoast SEO Premium plugin v25.1 (Yoast SEO v25.1) - https:\/\/yoast.com\/wordpress\/plugins\/seo\/ -->\n<title>Kingtyre K66 ADV Tires \u2013 80\/20 Dual Sport Motorcycle Tyres for Adventure Riding<\/title>\n<meta name=\"description\" content=\"Discover Kingtyre K66 ADV tires \u2013 premium 80\/20 dual sport tyres engineered for stability, mileage, and off-road control. Explore sizes 17\u201321 inches from a trusted dual sport tires factory.\" \/>\n<meta name=\"robots\" content=\"index, follow, max-snippet:-1, max-image-preview:large, max-video-preview:-1\" \/>\n<link rel=\"canonical\" href=\"https:\/\/www.chinakingtyre.com\/pl\/product\/opony-adv-kingtyre-k66\/\" \/>\n<meta property=\"og:locale\" content=\"pl_PL\" \/>\n<meta property=\"og:type\" content=\"article\" \/>\n<meta property=\"og:title\" content=\"Kingtyre K66 ADV Tires \u2013 The Ultimate 80\/20 Dual Sport Tires for Adventure Riders\" \/>\n<meta property=\"og:description\" content=\"Discover Kingtyre K66 ADV tires \u2013 premium 80\/20 dual sport tyres engineered for stability, mileage, and off-road control. Explore sizes 17\u201321 inches from a trusted dual sport tires factory.\" \/>\n<meta property=\"og:url\" content=\"https:\/\/www.chinakingtyre.com\/pl\/product\/opony-adv-kingtyre-k66\/\" \/>\n<meta property=\"og:site_name\" content=\"KingTyre Professional motorcycle tire manufacturer\" \/>\n<meta property=\"article:publisher\" content=\"https:\/\/www.facebook.com\/ChinaKingTyre\" \/>\n<meta property=\"article:modified_time\" content=\"2025-08-21T07:52:24+00:00\" \/>\n<meta property=\"og:image\" content=\"https:\/\/www.chinakingtyre.com\/wp-content\/uploads\/2025\/08\/Kingtyre-K66-ADV-Tires.png\" \/>\n\t<meta property=\"og:image:width\" content=\"800\" \/>\n\t<meta property=\"og:image:height\" content=\"800\" \/>\n\t<meta property=\"og:image:type\" content=\"image\/png\" \/>\n<meta name=\"twitter:card\" content=\"summary_large_image\" \/>\n<meta name=\"twitter:label1\" content=\"Szacowany czas czytania\" \/>\n\t<meta name=\"twitter:data1\" content=\"4 minuty\" \/>\n<script type=\"application\/ld+json\" class=\"yoast-schema-graph\">{\"@context\":\"https:\/\/schema.org\",\"@graph\":[{\"@type\":\"WebPage\",\"@id\":\"https:\/\/www.chinakingtyre.com\/product\/adv-tires-kingtyre-k66\/\",\"url\":\"https:\/\/www.chinakingtyre.com\/product\/adv-tires-kingtyre-k66\/\",\"name\":\"Kingtyre K66 ADV Tires \u2013 80\/20 Dual Sport Motorcycle Tyres for Adventure Riding\",\"isPartOf\":{\"@id\":\"https:\/\/www.chinakingtyre.com\/#website\"},\"primaryImageOfPage\":{\"@id\":\"https:\/\/www.chinakingtyre.com\/product\/adv-tires-kingtyre-k66\/#primaryimage\"},\"image\":{\"@id\":\"https:\/\/www.chinakingtyre.com\/product\/adv-tires-kingtyre-k66\/#primaryimage\"},\"thumbnailUrl\":\"https:\/\/www.chinakingtyre.com\/wp-content\/uploads\/2025\/08\/Kingtyre-K66-ADV-Tires.png\",\"datePublished\":\"2025-08-19T01:20:30+00:00\",\"dateModified\":\"2025-08-21T07:52:24+00:00\",\"description\":\"Discover Kingtyre K66 ADV tires \u2013 premium 80\/20 dual sport tyres engineered for stability, mileage, and off-road control. Explore sizes 17\u201321 inches from a trusted dual sport tires factory.\",\"breadcrumb\":{\"@id\":\"https:\/\/www.chinakingtyre.com\/product\/adv-tires-kingtyre-k66\/#breadcrumb\"},\"inLanguage\":\"pl-PL\",\"potentialAction\":[{\"@type\":\"ReadAction\",\"target\":[\"https:\/\/www.chinakingtyre.com\/product\/adv-tires-kingtyre-k66\/\"]}]},{\"@type\":\"ImageObject\",\"inLanguage\":\"pl-PL\",\"@id\":\"https:\/\/www.chinakingtyre.com\/product\/adv-tires-kingtyre-k66\/#primaryimage\",\"url\":\"https:\/\/www.chinakingtyre.com\/wp-content\/uploads\/2025\/08\/Kingtyre-K66-ADV-Tires.png\",\"contentUrl\":\"https:\/\/www.chinakingtyre.com\/wp-content\/uploads\/2025\/08\/Kingtyre-K66-ADV-Tires.png\",\"width\":800,\"height\":800,\"caption\":\"Kingtyre-K66-ADV-Tires\"},{\"@type\":\"BreadcrumbList\",\"@id\":\"https:\/\/www.chinakingtyre.com\/product\/adv-tires-kingtyre-k66\/#breadcrumb\",\"itemListElement\":[{\"@type\":\"ListItem\",\"position\":1,\"name\":\"Home\",\"item\":\"https:\/\/www.chinakingtyre.com\/\"},{\"@type\":\"ListItem\",\"position\":2,\"name\":\"Kingtyre Product List\",\"item\":\"https:\/\/www.chinakingtyre.com\/kingtyre-product-list\/\"},{\"@type\":\"ListItem\",\"position\":3,\"name\":\"Kingtyre K66 ADV Tires \u2013 The Ultimate 80\/20 Dual Sport Tires for Adventure Riders\"}]},{\"@type\":\"WebSite\",\"@id\":\"https:\/\/www.chinakingtyre.com\/#website\",\"url\":\"https:\/\/www.chinakingtyre.com\/\",\"name\":\"KingTyre Professional motorcycle tire manufacturer\",\"description\":\"\",\"publisher\":{\"@id\":\"https:\/\/www.chinakingtyre.com\/#organization\"},\"potentialAction\":[{\"@type\":\"SearchAction\",\"target\":{\"@type\":\"EntryPoint\",\"urlTemplate\":\"https:\/\/www.chinakingtyre.com\/?s={search_term_string}\"},\"query-input\":{\"@type\":\"PropertyValueSpecification\",\"valueRequired\":true,\"valueName\":\"search_term_string\"}}],\"inLanguage\":\"pl-PL\"},{\"@type\":\"Organization\",\"@id\":\"https:\/\/www.chinakingtyre.com\/#organization\",\"name\":\"TIANJIN KINGTYRE GROUP CO.,LTD\",\"url\":\"https:\/\/www.chinakingtyre.com\/\",\"logo\":{\"@type\":\"ImageObject\",\"inLanguage\":\"pl-PL\",\"@id\":\"https:\/\/www.chinakingtyre.com\/#\/schema\/logo\/image\/\",\"url\":\"https:\/\/www.chinakingtyre.com\/wp-content\/uploads\/2025\/07\/LOGO.png\",\"contentUrl\":\"https:\/\/www.chinakingtyre.com\/wp-content\/uploads\/2025\/07\/LOGO.png\",\"width\":870,\"height\":212,\"caption\":\"TIANJIN KINGTYRE GROUP CO.,LTD\"},\"image\":{\"@id\":\"https:\/\/www.chinakingtyre.com\/#\/schema\/logo\/image\/\"},\"sameAs\":[\"https:\/\/www.facebook.com\/ChinaKingTyre\"]}]}<\/script>\n<!-- \/ Yoast SEO Premium plugin. -->","yoast_head_json":{"title":"Opony Kingtyre K66 ADV - 80\/20 Dual Sportowe opony motocyklowe do jazdy przygodowej","description":"Odkryj opony Kingtyre K66 ADV - najwy\u017cszej jako\u015bci opony sportowe 80\/20 zaprojektowane z my\u015bl\u0105 o stabilno\u015bci, przebiegu i kontroli w terenie. Poznaj rozmiary 17-21 cali od zaufanej fabryki opon dual sport.","robots":{"index":"index","follow":"follow","max-snippet":"max-snippet:-1","max-image-preview":"max-image-preview:large","max-video-preview":"max-video-preview:-1"},"canonical":"https:\/\/www.chinakingtyre.com\/pl\/product\/opony-adv-kingtyre-k66\/","og_locale":"pl_PL","og_type":"article","og_title":"Kingtyre K66 ADV Tires \u2013 The Ultimate 80\/20 Dual Sport Tires for Adventure Riders","og_description":"Discover Kingtyre K66 ADV tires \u2013 premium 80\/20 dual sport tyres engineered for stability, mileage, and off-road control. Explore sizes 17\u201321 inches from a trusted dual sport tires factory.","og_url":"https:\/\/www.chinakingtyre.com\/pl\/product\/opony-adv-kingtyre-k66\/","og_site_name":"KingTyre Professional motorcycle tire manufacturer","article_publisher":"https:\/\/www.facebook.com\/ChinaKingTyre","article_modified_time":"2025-08-21T07:52:24+00:00","og_image":[{"width":800,"height":800,"url":"https:\/\/www.chinakingtyre.com\/wp-content\/uploads\/2025\/08\/Kingtyre-K66-ADV-Tires.png","type":"image\/png"}],"twitter_card":"summary_large_image","twitter_misc":{"Szacowany czas czytania":"4 minuty"},"schema":{"@context":"https:\/\/schema.org","@graph":[{"@type":"WebPage","@id":"https:\/\/www.chinakingtyre.com\/product\/adv-tires-kingtyre-k66\/","url":"https:\/\/www.chinakingtyre.com\/product\/adv-tires-kingtyre-k66\/","name":"Opony Kingtyre K66 ADV - 80\/20 Dual Sportowe opony motocyklowe do jazdy przygodowej","isPartOf":{"@id":"https:\/\/www.chinakingtyre.com\/#website"},"primaryImageOfPage":{"@id":"https:\/\/www.chinakingtyre.com\/product\/adv-tires-kingtyre-k66\/#primaryimage"},"image":{"@id":"https:\/\/www.chinakingtyre.com\/product\/adv-tires-kingtyre-k66\/#primaryimage"},"thumbnailUrl":"https:\/\/www.chinakingtyre.com\/wp-content\/uploads\/2025\/08\/Kingtyre-K66-ADV-Tires.png","datePublished":"2025-08-19T01:20:30+00:00","dateModified":"2025-08-21T07:52:24+00:00","description":"Odkryj opony Kingtyre K66 ADV - najwy\u017cszej jako\u015bci opony sportowe 80\/20 zaprojektowane z my\u015bl\u0105 o stabilno\u015bci, przebiegu i kontroli w terenie. Poznaj rozmiary 17-21 cali od zaufanej fabryki opon dual sport.","breadcrumb":{"@id":"https:\/\/www.chinakingtyre.com\/product\/adv-tires-kingtyre-k66\/#breadcrumb"},"inLanguage":"pl-PL","potentialAction":[{"@type":"ReadAction","target":["https:\/\/www.chinakingtyre.com\/product\/adv-tires-kingtyre-k66\/"]}]},{"@type":"ImageObject","inLanguage":"pl-PL","@id":"https:\/\/www.chinakingtyre.com\/product\/adv-tires-kingtyre-k66\/#primaryimage","url":"https:\/\/www.chinakingtyre.com\/wp-content\/uploads\/2025\/08\/Kingtyre-K66-ADV-Tires.png","contentUrl":"https:\/\/www.chinakingtyre.com\/wp-content\/uploads\/2025\/08\/Kingtyre-K66-ADV-Tires.png","width":800,"height":800,"caption":"Kingtyre-K66-ADV-Tires"},{"@type":"BreadcrumbList","@id":"https:\/\/www.chinakingtyre.com\/product\/adv-tires-kingtyre-k66\/#breadcrumb","itemListElement":[{"@type":"ListItem","position":1,"name":"Home","item":"https:\/\/www.chinakingtyre.com\/"},{"@type":"ListItem","position":2,"name":"Kingtyre Product List","item":"https:\/\/www.chinakingtyre.com\/kingtyre-product-list\/"},{"@type":"ListItem","position":3,"name":"Kingtyre K66 ADV Tires \u2013 The Ultimate 80\/20 Dual Sport Tires for Adventure Riders"}]},{"@type":"WebSite","@id":"https:\/\/www.chinakingtyre.com\/#website","url":"https:\/\/www.chinakingtyre.com\/","name":"KingTyre Profesjonalny producent opon motocyklowych","description":"","publisher":{"@id":"https:\/\/www.chinakingtyre.com\/#organization"},"potentialAction":[{"@type":"SearchAction","target":{"@type":"EntryPoint","urlTemplate":"https:\/\/www.chinakingtyre.com\/?s={search_term_string}"},"query-input":{"@type":"PropertyValueSpecification","valueRequired":true,"valueName":"search_term_string"}}],"inLanguage":"pl-PL"},{"@type":"Organization","@id":"https:\/\/www.chinakingtyre.com\/#organization","name":"TIANJIN KINGTYRE GROUP CO., LTD","url":"https:\/\/www.chinakingtyre.com\/","logo":{"@type":"ImageObject","inLanguage":"pl-PL","@id":"https:\/\/www.chinakingtyre.com\/#\/schema\/logo\/image\/","url":"https:\/\/www.chinakingtyre.com\/wp-content\/uploads\/2025\/07\/LOGO.png","contentUrl":"https:\/\/www.chinakingtyre.com\/wp-content\/uploads\/2025\/07\/LOGO.png","width":870,"height":212,"caption":"TIANJIN KINGTYRE GROUP CO.,LTD"},"image":{"@id":"https:\/\/www.chinakingtyre.com\/#\/schema\/logo\/image\/"},"sameAs":["https:\/\/www.facebook.com\/ChinaKingTyre"]}]}},"_links":{"self":[{"href":"https:\/\/www.chinakingtyre.com\/pl\/wp-json\/wp\/v2\/product\/463","targetHints":{"allow":["GET"]}}],"collection":[{"href":"https:\/\/www.chinakingtyre.com\/pl\/wp-json\/wp\/v2\/product"}],"about":[{"href":"https:\/\/www.chinakingtyre.com\/pl\/wp-json\/wp\/v2\/types\/product"}],"replies":[{"embeddable":true,"href":"https:\/\/www.chinakingtyre.com\/pl\/wp-json\/wp\/v2\/comments?post=463"}],"wp:featuredmedia":[{"embeddable":true,"href":"https:\/\/www.chinakingtyre.com\/pl\/wp-json\/wp\/v2\/media\/468"}],"wp:attachment":[{"href":"https:\/\/www.chinakingtyre.com\/pl\/wp-json\/wp\/v2\/media?parent=463"}],"curies":[{"name":"wp","href":"https:\/\/api.w.org\/{rel}","templated":true}]}}