{"id":470,"date":"2025-08-19T05:47:46","date_gmt":"2025-08-19T05:47:46","guid":{"rendered":"https:\/\/www.chinakingtyre.com\/?post_type=product&#038;p=470"},"modified":"2025-08-19T05:47:48","modified_gmt":"2025-08-19T05:47:48","slug":"opony-kingtyre-k60-50-50-dual-sport","status":"publish","type":"product","link":"https:\/\/www.chinakingtyre.com\/pl\/product\/opony-kingtyre-k60-50-50-dual-sport\/","title":{"rendered":"Opony Kingtyre K60 50\/50 Dual Sport dla mi\u0142o\u015bnik\u00f3w przyg\u00f3d"},"content":{"rendered":"<p><em>\u00a0<img loading=\"lazy\" decoding=\"async\" class=\"aligncenter wp-image-472 size-full\" src=\"https:\/\/www.chinakingtyre.com\/wp-content\/uploads\/2025\/08\/Kingtyre-K60-50-50-dual-sport-tires-4.jpg\" alt=\"Podw\u00f3jne opony sportowe Kingtyre K60 50\/50 do motocykli typu adventure, zoptymalizowane pod k\u0105tem osi\u0105g\u00f3w na szosie i w terenie.\" width=\"1678\" height=\"794\" srcset=\"https:\/\/www.chinakingtyre.com\/wp-content\/uploads\/2025\/08\/Kingtyre-K60-50-50-dual-sport-tires-4.jpg 1678w, https:\/\/www.chinakingtyre.com\/wp-content\/uploads\/2025\/08\/Kingtyre-K60-50-50-dual-sport-tires-4-300x142.jpg 300w, https:\/\/www.chinakingtyre.com\/wp-content\/uploads\/2025\/08\/Kingtyre-K60-50-50-dual-sport-tires-4-1024x485.jpg 1024w, https:\/\/www.chinakingtyre.com\/wp-content\/uploads\/2025\/08\/Kingtyre-K60-50-50-dual-sport-tires-4-768x363.jpg 768w, https:\/\/www.chinakingtyre.com\/wp-content\/uploads\/2025\/08\/Kingtyre-K60-50-50-dual-sport-tires-4-1536x727.jpg 1536w, https:\/\/www.chinakingtyre.com\/wp-content\/uploads\/2025\/08\/Kingtyre-K60-50-50-dual-sport-tires-4-18x9.jpg 18w, https:\/\/www.chinakingtyre.com\/wp-content\/uploads\/2025\/08\/Kingtyre-K60-50-50-dual-sport-tires-4-600x284.jpg 600w\" sizes=\"auto, (max-width: 1678px) 100vw, 1678px\" \/><\/em><\/p>\n<hr \/>\n<h2><strong>Zalety wzoru Kingtyre K60 w oponach 50\/50 Dual Sport<\/strong><\/h2>\n<p>The <strong><a href=\"https:\/\/www.chinakingtyre.com\/pl\/\">Kingtyre<\/a> Podw\u00f3jne opony sportowe K60<\/strong> zosta\u0142y zaprojektowane z my\u015bl\u0105 o rowerzystach wymagaj\u0105cych wszechstronno\u015bci. Zaprojektowany jako <strong>Podw\u00f3jne opony sportowe 50\/50<\/strong>r\u00f3wnowa\u017c\u0105 r\u00f3wn\u0105 wydajno\u015b\u0107 dla obu <strong>Jazda w terenie<\/strong> oraz <strong>terenowa jazda przygodowa<\/strong>.<\/p>\n<p>Najwa\u017cniejsze wyniki <strong>Opony Kingtyre K60 do motocykli typu dual sport<\/strong> obejmuj\u0105:<\/p>\n<ul>\n<li><strong>Optymalizacja blok\u00f3w bie\u017cnika<\/strong>: Blokowy wz\u00f3r opony K60 zapewnia stabilne pokonywanie zakr\u0119t\u00f3w i mniejsze wibracje na utwardzonych drogach, zachowuj\u0105c przyczepno\u015b\u0107 na szutrze, b\u0142ocie i lekkim b\u0142ocie.<\/li>\n<li><strong>Zwi\u0105zek wzbogacony krzemionk\u0105<\/strong>: Zwi\u0119ksza trwa\u0142o\u015b\u0107 i zapewnia wyj\u0105tkow\u0105 przyczepno\u015b\u0107 w r\u00f3\u017cnych temperaturach. Niezale\u017cne testy wykaza\u0142y do <strong>12% d\u0142u\u017cszy przebieg<\/strong> w por\u00f3wnaniu do standardowych opon ADV.<\/li>\n<li><strong>Samoczyszcz\u0105ce si\u0119 rowki<\/strong>: Specjalna konstrukcja kana\u0142u szybko usuwa b\u0142oto i kamienie, zwi\u0119kszaj\u0105c bezpiecze\u0144stwo w terenie.<\/li>\n<li><strong>Technologia Dual Compound<\/strong>: Twardsza mieszanka \u015brodkowa dla wyd\u0142u\u017cenia \u017cywotno\u015bci i bardziej mi\u0119kka mieszanka na barkach dla lepszej przyczepno\u015bci podczas pochylania.<\/li>\n<\/ul>\n<p>Dzi\u0119ki tej konstrukcji <strong>Podw\u00f3jne opony sportowe Kingtyre K60<\/strong> zapewniaj\u0105 stabilno\u015b\u0107 przy pr\u0119dko\u015bciach autostradowych, jednocze\u015bnie daj\u0105c pewno\u015b\u0107 na lu\u017anych nawierzchniach - prawdziwy punkt odniesienia w zakresie <strong>Podw\u00f3jne opony sportowe 50\/50<\/strong>.<\/p>\n<hr \/>\n<h2><strong>Dost\u0119pne rozmiary opon Kingtyre K60 Dual Sport<\/strong><\/h2>\n<ul>\n<li><strong>Prz\u00f3d:<\/strong> 90\/90R21, 110\/80R19<\/li>\n<li><strong>Ty\u0142:<\/strong> 150\/70R17, 150\/70R18<\/li>\n<\/ul>\n<p>Obejmuj\u0105 one najpopularniejsze konfiguracje dla <strong>19-calowe sportowe opony motocyklowe<\/strong> i motocykli ADV, dzi\u0119ki czemu K60 jest idealnym wyborem dla mi\u0142o\u015bnik\u00f3w przyg\u00f3d.<\/p>\n<hr \/>\n<p><em><img loading=\"lazy\" decoding=\"async\" class=\"aligncenter wp-image-473 size-full\" src=\"https:\/\/www.chinakingtyre.com\/wp-content\/uploads\/2025\/08\/Kingtyre-K60-50-50-dual-sport-tires-2.jpg\" alt=\"Zbli\u017cenie wzoru bie\u017cnika podw\u00f3jnych opon sportowych Kingtyre K60 50\/50 z r\u00f3wnowag\u0105 na drodze i w terenie\" width=\"1678\" height=\"794\" srcset=\"https:\/\/www.chinakingtyre.com\/wp-content\/uploads\/2025\/08\/Kingtyre-K60-50-50-dual-sport-tires-2.jpg 1678w, https:\/\/www.chinakingtyre.com\/wp-content\/uploads\/2025\/08\/Kingtyre-K60-50-50-dual-sport-tires-2-300x142.jpg 300w, https:\/\/www.chinakingtyre.com\/wp-content\/uploads\/2025\/08\/Kingtyre-K60-50-50-dual-sport-tires-2-1024x485.jpg 1024w, https:\/\/www.chinakingtyre.com\/wp-content\/uploads\/2025\/08\/Kingtyre-K60-50-50-dual-sport-tires-2-768x363.jpg 768w, https:\/\/www.chinakingtyre.com\/wp-content\/uploads\/2025\/08\/Kingtyre-K60-50-50-dual-sport-tires-2-1536x727.jpg 1536w, https:\/\/www.chinakingtyre.com\/wp-content\/uploads\/2025\/08\/Kingtyre-K60-50-50-dual-sport-tires-2-18x9.jpg 18w, https:\/\/www.chinakingtyre.com\/wp-content\/uploads\/2025\/08\/Kingtyre-K60-50-50-dual-sport-tires-2-600x284.jpg 600w\" sizes=\"auto, (max-width: 1678px) 100vw, 1678px\" \/><\/em><\/p>\n<hr \/>\n<h2><strong>Fabryczne wprowadzenie do opon Kingtyre Dual Sport<\/strong><\/h2>\n<p>Jako wiod\u0105cy <strong>Fabryczne podw\u00f3jne opony sportowe 50\/50<\/strong>Kingtyre zbudowa\u0142o swoj\u0105 reputacj\u0119 na zaawansowanej technologii i precyzyjnej produkcji. Z ponad <strong>15 lat do\u015bwiadczenia<\/strong>Kingtyre plasuje si\u0119 w\u015br\u00f3d najbardziej zaufanych firm. <a href=\"https:\/\/www.chinakingtyre.com\/pl\/\"><strong>Producenci opon motocyklowych<\/strong><\/a> globalnie.<\/p>\n<p>Kluczowe zalety fabryki Kingtyre:<\/p>\n<ul>\n<li>W pe\u0142ni zautomatyzowany <strong>systemy utwardzania i formowania<\/strong> dla sta\u0142ej jako\u015bci.<\/li>\n<li>Roczna zdolno\u015b\u0107 produkcyjna przekraczaj\u0105ca <strong>3 miliony opon MC<\/strong>w tym <strong>podw\u00f3jne sportowe opony motocyklowe<\/strong>.<\/li>\n<li>Certyfikat ISO9001 i DOT, zapewniaj\u0105cy \u015bcis\u0142\u0105 zgodno\u015b\u0107 z normami jako\u015bci.<\/li>\n<li>Wyspecjalizowany dzia\u0142 badawczo-rozwojowy skoncentrowany na <strong>podw\u00f3jne opony sportowe<\/strong> i opony ADV dla globalnych rowerzyst\u00f3w.<\/li>\n<\/ul>\n<p>To sprawia, \u017ce Kingtyre jest jednym z najbardziej niezawodnych graczy. <strong>Producenci opon MC<\/strong> na mi\u0119dzynarodowym rynku motocyklowym.<\/p>\n<hr \/>\n<h2><strong>Najcz\u0119stsze bol\u0105czki w je\u017adzie 50\/50 Dual Sport<\/strong><\/h2>\n<p>Je\u017ad\u017acy przygodowi cz\u0119sto napotykaj\u0105 problemy przy wyborze <strong>podw\u00f3jne opony sportowe<\/strong>:<\/p>\n<ol>\n<li><strong>S\u0142aby przebieg<\/strong>: Opony ADV zu\u017cywaj\u0105 si\u0119 zbyt szybko na autostradach.<\/li>\n<li><strong>Poziomy ha\u0142asu<\/strong>: Agresywne wzory bie\u017cnika powoduj\u0105 nadmierny ha\u0142as na drodze.<\/li>\n<li><strong>Obawy zwi\u0105zane z chwytem na mokro<\/strong>: Brak zwi\u0105zk\u00f3w krzemionki zmniejsza bezpiecze\u0144stwo na mokrej nawierzchni.<\/li>\n<li><strong>Zatrzymywanie kamieni<\/strong>: Standardowe opony terenowe cz\u0119sto zatrzymuj\u0105 kamienie, wp\u0142ywaj\u0105c na r\u00f3wnowag\u0119.<\/li>\n<li><strong>Kompromisowy komfort<\/strong>: Niekt\u00f3re opony sportowe 50\/50 po\u015bwi\u0119caj\u0105 komfort na drodze na rzecz przyczepno\u015bci w terenie.<\/li>\n<\/ol>\n<hr \/>\n<h2><strong>Rozwi\u0105zanie Kingtyre z K60<\/strong><\/h2>\n<p>The <strong>Podw\u00f3jne opony sportowe Kingtyre K60<\/strong> bezpo\u015brednio odnosz\u0105 si\u0119 do tych bol\u0105czek kierowc\u00f3w:<\/p>\n<ul>\n<li>Do <strong>Przebieg 20 000 km<\/strong> zweryfikowane w testach wytrzyma\u0142o\u015bciowych.<\/li>\n<li>Zmniejszony ha\u0142as drogowy o <strong>15%<\/strong> w por\u00f3wnaniu ze standardowymi oponami sportowymi.<\/li>\n<li>Zaawansowana mieszanka krzemionki i sadzy zapewnia doskona\u0142\u0105 przyczepno\u015b\u0107 na mokrej nawierzchni.<\/li>\n<li>Szerokie rowki bie\u017cnika zaprojektowane z my\u015bl\u0105 o skutecznym wyrzucaniu kamieni.<\/li>\n<li>Wywa\u017cona konstrukcja osnowy zapewnia komfort zar\u00f3wno na autostradach, jak i na trudnych szlakach.<\/li>\n<\/ul>\n<p>Rezultatem jest <strong>Podw\u00f3jna opona sportowa Kingtyre K60 50\/50<\/strong> kt\u00f3ra wyr\u00f3\u017cnia si\u0119 trwa\u0142o\u015bci\u0105, bezpiecze\u0144stwem i wszechstronno\u015bci\u0105 w ka\u017cdych warunkach.<\/p>\n<hr \/>\n<p><em><img loading=\"lazy\" decoding=\"async\" class=\"aligncenter wp-image-474 size-full\" src=\"https:\/\/www.chinakingtyre.com\/wp-content\/uploads\/2025\/08\/Kingtyre-K60-50-50-dual-sport-tires-3.jpg\" alt=\"Fabryka opon Kingtyre produkuj\u0105ca sportowe opony motocyklowe 50\/50 z zaawansowanym wyposa\u017ceniem\" width=\"1678\" height=\"794\" srcset=\"https:\/\/www.chinakingtyre.com\/wp-content\/uploads\/2025\/08\/Kingtyre-K60-50-50-dual-sport-tires-3.jpg 1678w, https:\/\/www.chinakingtyre.com\/wp-content\/uploads\/2025\/08\/Kingtyre-K60-50-50-dual-sport-tires-3-300x142.jpg 300w, https:\/\/www.chinakingtyre.com\/wp-content\/uploads\/2025\/08\/Kingtyre-K60-50-50-dual-sport-tires-3-1024x485.jpg 1024w, https:\/\/www.chinakingtyre.com\/wp-content\/uploads\/2025\/08\/Kingtyre-K60-50-50-dual-sport-tires-3-768x363.jpg 768w, https:\/\/www.chinakingtyre.com\/wp-content\/uploads\/2025\/08\/Kingtyre-K60-50-50-dual-sport-tires-3-1536x727.jpg 1536w, https:\/\/www.chinakingtyre.com\/wp-content\/uploads\/2025\/08\/Kingtyre-K60-50-50-dual-sport-tires-3-18x9.jpg 18w, https:\/\/www.chinakingtyre.com\/wp-content\/uploads\/2025\/08\/Kingtyre-K60-50-50-dual-sport-tires-3-600x284.jpg 600w\" sizes=\"auto, (max-width: 1678px) 100vw, 1678px\" \/><\/em><\/p>\n<hr \/>\n<h2><strong>Specyfikacja techniczna opon Kingtyre K60 Dual Sport<\/strong><\/h2>\n<table style=\"height: 351px;\" width=\"668\">\n<thead>\n<tr>\n<th><strong>Parametr<\/strong><\/th>\n<th><strong>Specyfikacja<\/strong><\/th>\n<\/tr>\n<\/thead>\n<tbody>\n<tr>\n<td>Typ opony<\/td>\n<td>Podw\u00f3jne opony sportowe 50\/50 (ADV)<\/td>\n<\/tr>\n<tr>\n<td>Dost\u0119pne rozmiary front\u00f3w<\/td>\n<td>90\/90R21, 110\/80R19<\/td>\n<\/tr>\n<tr>\n<td>Dost\u0119pne rozmiary ty\u0142u<\/td>\n<td>150\/70R17, 150\/70R18<\/td>\n<\/tr>\n<tr>\n<td>Budowa<\/td>\n<td>Radialne, dwusk\u0142adnikowe<\/td>\n<\/tr>\n<tr>\n<td>Wz\u00f3r<\/td>\n<td>K60<\/td>\n<\/tr>\n<tr>\n<td>Indeks obci\u0105\u017cenia<\/td>\n<td>54 - 70 w zale\u017cno\u015bci od rozmiaru<\/td>\n<\/tr>\n<tr>\n<td>Ocena pr\u0119dko\u015bci<\/td>\n<td>H (do 210 km\/h)<\/td>\n<\/tr>\n<tr>\n<td>Zalecane ci\u015bnienie<\/td>\n<td>Prz\u00f3d 32 PSI (na zimno), ty\u0142 36 PSI (na zimno)<\/td>\n<\/tr>\n<tr>\n<td>Tread Life<\/td>\n<td>Do 20 000 km<\/td>\n<\/tr>\n<\/tbody>\n<\/table>\n<hr \/>\n<h2><strong>Najcz\u0119\u015bciej zadawane pytania: Podw\u00f3jne opony sportowe 50\/50 do jazdy przygodowej<\/strong><\/h2>\n<p><strong>1. Co to s\u0105 podw\u00f3jne opony sportowe 50\/50?<\/strong><\/p>\n<p>Zosta\u0142y zaprojektowane z my\u015bl\u0105 o r\u00f3wnych osi\u0105gach zar\u00f3wno na szosie, jak i w terenie.<\/p>\n<p><strong>2. Jak d\u0142ugo dzia\u0142a Kingtyre K60?<\/strong><\/p>\n<p>Przy prawid\u0142owej konserwacji do 20 000 km.<\/p>\n<p><strong>3. Czy mog\u0119 u\u017cywa\u0107 Kingtyre K60 w ci\u0119\u017ckim b\u0142ocie?<\/strong><\/p>\n<p>Tak, ale s\u0105 one zoptymalizowane pod k\u0105tem mieszanych warunk\u00f3w, a nie g\u0142\u0119bokiego b\u0142ota.<\/p>\n<p><strong>4. Czy opony Kingtyre K60 dual sport s\u0105 bezd\u0119tkowe?<\/strong><\/p>\n<p>Tak, dost\u0119pne w wersji radialnej bezd\u0119tkowej.<\/p>\n<p><strong>5. Czy dobrze sprawdzaj\u0105 si\u0119 w deszczu?<\/strong><\/p>\n<p>Tak, mieszanka krzemionkowa znacznie poprawia przyczepno\u015b\u0107 na mokrej nawierzchni.<\/p>\n<p><strong>6. Kt\u00f3re motocykle mog\u0105 u\u017cywa\u0107 K60?<\/strong><\/p>\n<p>Nadaje si\u0119 do motocykli typu ADV i dual sport, takich jak BMW GS, Honda Africa Twin, KTM Adventure.<\/p>\n<p><strong>7. Jaka jest pr\u0119dko\u015b\u0107 znamionowa?<\/strong><\/p>\n<p>Klasa H, bezpiecze\u0144stwo do 210 km\/h.<\/p>\n<p><strong>8. Czy mog\u0119 miesza\u0107 rozmiary z innymi oponami?<\/strong><\/p>\n<p>Niezalecane; najlepsze wyniki z dopasowanymi zestawami.<\/p>\n<p><strong>9. Czy opona Kingtyre K60 nadaje si\u0119 do d\u0142ugich tras?<\/strong><\/p>\n<p>Tak, zapewnia przebieg i komfort podczas jazdy w terenie.<\/p>\n<p><strong>10. Gdzie produkowane s\u0105 opony Kingtyre dual sport?<\/strong><\/p>\n<p>W Kingtyre's <strong>fabryka opon do motocykli typu dual sport<\/strong>certyfikowany zgodnie z globalnymi standardami.<\/p>\n<p><!-- notionvc: 1bb26155-ee98-457a-8908-dde11ac2cfb6 --><\/p>","protected":false},"excerpt":{"rendered":"<p>Podw\u00f3jne opony sportowe Kingtyre K60 zapewniaj\u0105 osi\u0105gi 50\/50 na drodze i w terenie. Poznaj rozmiary, specyfikacje i kup od zaufanego producenta opon motocyklowych.<!-- notionvc: 76dd39fc-0dcf-4949-b5b4-af2f1421d3ae --><\/p>","protected":false},"featured_media":475,"comment_status":"open","ping_status":"closed","template":"","meta":[],"class_list":{"0":"post-470","1":"product","2":"type-product","3":"status-publish","4":"has-post-thumbnail","6":"product_cat-adventure-motorcycle-tires","7":"product_tag-110-80r19","8":"product_tag-150-70r17","9":"product_tag-150-70r18","10":"product_tag-19-inch-dual-sport-motorcycle-tyres","11":"product_tag-50-50-dual-sport-tires","12":"product_tag-50-50-dual-sport-tires-factory","13":"product_tag-90-90r21","14":"product_tag-adv-tires","15":"product_tag-adventure-motorcycle-tires","16":"product_tag-adventure-tires","17":"product_tag-adventure-touring-tires","18":"product_tag-all-terrain-motorcycle-tires","19":"product_tag-best-dual-sport-tyres-2025","20":"product_tag-dual-compound-tires","21":"product_tag-dual-sport-motorcycle-tyres","22":"product_tag-dual-sport-tires","23":"product_tag-dual-sport-tyres","24":"product_tag-kingtyre-k60","25":"product_tag-long-mileage-dual-sport-tires","26":"product_tag-mc-tires-manufacturers","27":"product_tag-motorcycle-radial-dual-sport-tires","28":"product_tag-motorcycle-tire-manufacturers","29":"product_tag-stone-ejecting-dual-sport-tires","30":"product_tag-tubeless-dual-sport-tires","31":"product_tag-wet-grip-motorcycle-tires","33":"first","34":"instock","35":"shipping-taxable","36":"product-type-simple"},"yoast_head":"<!-- This site is optimized with the Yoast SEO Premium plugin v25.1 (Yoast SEO v25.1) - https:\/\/yoast.com\/wordpress\/plugins\/seo\/ -->\n<title>Kingtyre K60 50\/50 Dual Sport Tires for Adventure Motorcycles<\/title>\n<meta name=\"description\" content=\"Kingtyre K60 dual sport tires deliver 50\/50 on-road &amp; off-road performance. Explore sizes, specs &amp; buy from a trusted motorcycle tire manufacturer.\" \/>\n<meta name=\"robots\" content=\"index, follow, max-snippet:-1, max-image-preview:large, max-video-preview:-1\" \/>\n<link rel=\"canonical\" href=\"https:\/\/www.chinakingtyre.com\/pl\/product\/opony-kingtyre-k60-50-50-dual-sport\/\" \/>\n<meta property=\"og:locale\" content=\"pl_PL\" \/>\n<meta property=\"og:type\" content=\"article\" \/>\n<meta property=\"og:title\" content=\"Kingtyre K60 50\/50 Dual Sport Tires for Adventure Riders\" \/>\n<meta property=\"og:description\" content=\"Kingtyre K60 dual sport tires deliver 50\/50 on-road &amp; off-road performance. Explore sizes, specs &amp; buy from a trusted motorcycle tire manufacturer.\" \/>\n<meta property=\"og:url\" content=\"https:\/\/www.chinakingtyre.com\/pl\/product\/opony-kingtyre-k60-50-50-dual-sport\/\" \/>\n<meta property=\"og:site_name\" content=\"KingTyre Professional motorcycle tire manufacturer\" \/>\n<meta property=\"article:publisher\" content=\"https:\/\/www.facebook.com\/ChinaKingTyre\" \/>\n<meta property=\"article:modified_time\" content=\"2025-08-19T05:47:48+00:00\" \/>\n<meta property=\"og:image\" content=\"https:\/\/www.chinakingtyre.com\/wp-content\/uploads\/2025\/08\/Kingtyre-K60-50-50-dual-sport-tires.jpg\" \/>\n\t<meta property=\"og:image:width\" content=\"800\" \/>\n\t<meta property=\"og:image:height\" content=\"800\" \/>\n\t<meta property=\"og:image:type\" content=\"image\/jpeg\" \/>\n<meta name=\"twitter:card\" content=\"summary_large_image\" \/>\n<meta name=\"twitter:label1\" content=\"Szacowany czas czytania\" \/>\n\t<meta name=\"twitter:data1\" content=\"4 minuty\" \/>\n<script type=\"application\/ld+json\" class=\"yoast-schema-graph\">{\"@context\":\"https:\/\/schema.org\",\"@graph\":[{\"@type\":\"WebPage\",\"@id\":\"https:\/\/www.chinakingtyre.com\/product\/kingtyre-k60-50-50-dual-sport-tires\/\",\"url\":\"https:\/\/www.chinakingtyre.com\/product\/kingtyre-k60-50-50-dual-sport-tires\/\",\"name\":\"Kingtyre K60 50\/50 Dual Sport Tires for Adventure Motorcycles\",\"isPartOf\":{\"@id\":\"https:\/\/www.chinakingtyre.com\/#website\"},\"primaryImageOfPage\":{\"@id\":\"https:\/\/www.chinakingtyre.com\/product\/kingtyre-k60-50-50-dual-sport-tires\/#primaryimage\"},\"image\":{\"@id\":\"https:\/\/www.chinakingtyre.com\/product\/kingtyre-k60-50-50-dual-sport-tires\/#primaryimage\"},\"thumbnailUrl\":\"https:\/\/www.chinakingtyre.com\/wp-content\/uploads\/2025\/08\/Kingtyre-K60-50-50-dual-sport-tires.jpg\",\"datePublished\":\"2025-08-19T05:47:46+00:00\",\"dateModified\":\"2025-08-19T05:47:48+00:00\",\"description\":\"Kingtyre K60 dual sport tires deliver 50\/50 on-road & off-road performance. Explore sizes, specs & buy from a trusted motorcycle tire manufacturer.\",\"breadcrumb\":{\"@id\":\"https:\/\/www.chinakingtyre.com\/product\/kingtyre-k60-50-50-dual-sport-tires\/#breadcrumb\"},\"inLanguage\":\"pl-PL\",\"potentialAction\":[{\"@type\":\"ReadAction\",\"target\":[\"https:\/\/www.chinakingtyre.com\/product\/kingtyre-k60-50-50-dual-sport-tires\/\"]}]},{\"@type\":\"ImageObject\",\"inLanguage\":\"pl-PL\",\"@id\":\"https:\/\/www.chinakingtyre.com\/product\/kingtyre-k60-50-50-dual-sport-tires\/#primaryimage\",\"url\":\"https:\/\/www.chinakingtyre.com\/wp-content\/uploads\/2025\/08\/Kingtyre-K60-50-50-dual-sport-tires.jpg\",\"contentUrl\":\"https:\/\/www.chinakingtyre.com\/wp-content\/uploads\/2025\/08\/Kingtyre-K60-50-50-dual-sport-tires.jpg\",\"width\":800,\"height\":800,\"caption\":\"Kingtyre-K60-50-50-dual-sport-tires\"},{\"@type\":\"BreadcrumbList\",\"@id\":\"https:\/\/www.chinakingtyre.com\/product\/kingtyre-k60-50-50-dual-sport-tires\/#breadcrumb\",\"itemListElement\":[{\"@type\":\"ListItem\",\"position\":1,\"name\":\"Home\",\"item\":\"https:\/\/www.chinakingtyre.com\/\"},{\"@type\":\"ListItem\",\"position\":2,\"name\":\"Kingtyre Product List\",\"item\":\"https:\/\/www.chinakingtyre.com\/kingtyre-product-list\/\"},{\"@type\":\"ListItem\",\"position\":3,\"name\":\"Kingtyre K60 50\/50 Dual Sport Tires for Adventure Riders\"}]},{\"@type\":\"WebSite\",\"@id\":\"https:\/\/www.chinakingtyre.com\/#website\",\"url\":\"https:\/\/www.chinakingtyre.com\/\",\"name\":\"KingTyre Professional motorcycle tire manufacturer\",\"description\":\"\",\"publisher\":{\"@id\":\"https:\/\/www.chinakingtyre.com\/#organization\"},\"potentialAction\":[{\"@type\":\"SearchAction\",\"target\":{\"@type\":\"EntryPoint\",\"urlTemplate\":\"https:\/\/www.chinakingtyre.com\/?s={search_term_string}\"},\"query-input\":{\"@type\":\"PropertyValueSpecification\",\"valueRequired\":true,\"valueName\":\"search_term_string\"}}],\"inLanguage\":\"pl-PL\"},{\"@type\":\"Organization\",\"@id\":\"https:\/\/www.chinakingtyre.com\/#organization\",\"name\":\"TIANJIN KINGTYRE GROUP CO.,LTD\",\"url\":\"https:\/\/www.chinakingtyre.com\/\",\"logo\":{\"@type\":\"ImageObject\",\"inLanguage\":\"pl-PL\",\"@id\":\"https:\/\/www.chinakingtyre.com\/#\/schema\/logo\/image\/\",\"url\":\"https:\/\/www.chinakingtyre.com\/wp-content\/uploads\/2025\/07\/LOGO.png\",\"contentUrl\":\"https:\/\/www.chinakingtyre.com\/wp-content\/uploads\/2025\/07\/LOGO.png\",\"width\":870,\"height\":212,\"caption\":\"TIANJIN KINGTYRE GROUP CO.,LTD\"},\"image\":{\"@id\":\"https:\/\/www.chinakingtyre.com\/#\/schema\/logo\/image\/\"},\"sameAs\":[\"https:\/\/www.facebook.com\/ChinaKingTyre\"]}]}<\/script>\n<!-- \/ Yoast SEO Premium plugin. -->","yoast_head_json":{"title":"Opony Kingtyre K60 50\/50 Dual Sport do motocykli typu adventure","description":"Podw\u00f3jne opony sportowe Kingtyre K60 zapewniaj\u0105 osi\u0105gi 50\/50 na drodze i w terenie. Poznaj rozmiary, specyfikacje i kup od zaufanego producenta opon motocyklowych.","robots":{"index":"index","follow":"follow","max-snippet":"max-snippet:-1","max-image-preview":"max-image-preview:large","max-video-preview":"max-video-preview:-1"},"canonical":"https:\/\/www.chinakingtyre.com\/pl\/product\/opony-kingtyre-k60-50-50-dual-sport\/","og_locale":"pl_PL","og_type":"article","og_title":"Kingtyre K60 50\/50 Dual Sport Tires for Adventure Riders","og_description":"Kingtyre K60 dual sport tires deliver 50\/50 on-road & off-road performance. Explore sizes, specs & buy from a trusted motorcycle tire manufacturer.","og_url":"https:\/\/www.chinakingtyre.com\/pl\/product\/opony-kingtyre-k60-50-50-dual-sport\/","og_site_name":"KingTyre Professional motorcycle tire manufacturer","article_publisher":"https:\/\/www.facebook.com\/ChinaKingTyre","article_modified_time":"2025-08-19T05:47:48+00:00","og_image":[{"width":800,"height":800,"url":"https:\/\/www.chinakingtyre.com\/wp-content\/uploads\/2025\/08\/Kingtyre-K60-50-50-dual-sport-tires.jpg","type":"image\/jpeg"}],"twitter_card":"summary_large_image","twitter_misc":{"Szacowany czas czytania":"4 minuty"},"schema":{"@context":"https:\/\/schema.org","@graph":[{"@type":"WebPage","@id":"https:\/\/www.chinakingtyre.com\/product\/kingtyre-k60-50-50-dual-sport-tires\/","url":"https:\/\/www.chinakingtyre.com\/product\/kingtyre-k60-50-50-dual-sport-tires\/","name":"Opony Kingtyre K60 50\/50 Dual Sport do motocykli typu adventure","isPartOf":{"@id":"https:\/\/www.chinakingtyre.com\/#website"},"primaryImageOfPage":{"@id":"https:\/\/www.chinakingtyre.com\/product\/kingtyre-k60-50-50-dual-sport-tires\/#primaryimage"},"image":{"@id":"https:\/\/www.chinakingtyre.com\/product\/kingtyre-k60-50-50-dual-sport-tires\/#primaryimage"},"thumbnailUrl":"https:\/\/www.chinakingtyre.com\/wp-content\/uploads\/2025\/08\/Kingtyre-K60-50-50-dual-sport-tires.jpg","datePublished":"2025-08-19T05:47:46+00:00","dateModified":"2025-08-19T05:47:48+00:00","description":"Podw\u00f3jne opony sportowe Kingtyre K60 zapewniaj\u0105 osi\u0105gi 50\/50 na drodze i w terenie. Poznaj rozmiary, specyfikacje i kup od zaufanego producenta opon motocyklowych.","breadcrumb":{"@id":"https:\/\/www.chinakingtyre.com\/product\/kingtyre-k60-50-50-dual-sport-tires\/#breadcrumb"},"inLanguage":"pl-PL","potentialAction":[{"@type":"ReadAction","target":["https:\/\/www.chinakingtyre.com\/product\/kingtyre-k60-50-50-dual-sport-tires\/"]}]},{"@type":"ImageObject","inLanguage":"pl-PL","@id":"https:\/\/www.chinakingtyre.com\/product\/kingtyre-k60-50-50-dual-sport-tires\/#primaryimage","url":"https:\/\/www.chinakingtyre.com\/wp-content\/uploads\/2025\/08\/Kingtyre-K60-50-50-dual-sport-tires.jpg","contentUrl":"https:\/\/www.chinakingtyre.com\/wp-content\/uploads\/2025\/08\/Kingtyre-K60-50-50-dual-sport-tires.jpg","width":800,"height":800,"caption":"Kingtyre-K60-50-50-dual-sport-tires"},{"@type":"BreadcrumbList","@id":"https:\/\/www.chinakingtyre.com\/product\/kingtyre-k60-50-50-dual-sport-tires\/#breadcrumb","itemListElement":[{"@type":"ListItem","position":1,"name":"Home","item":"https:\/\/www.chinakingtyre.com\/"},{"@type":"ListItem","position":2,"name":"Kingtyre Product List","item":"https:\/\/www.chinakingtyre.com\/kingtyre-product-list\/"},{"@type":"ListItem","position":3,"name":"Kingtyre K60 50\/50 Dual Sport Tires for Adventure Riders"}]},{"@type":"WebSite","@id":"https:\/\/www.chinakingtyre.com\/#website","url":"https:\/\/www.chinakingtyre.com\/","name":"KingTyre Profesjonalny producent opon motocyklowych","description":"","publisher":{"@id":"https:\/\/www.chinakingtyre.com\/#organization"},"potentialAction":[{"@type":"SearchAction","target":{"@type":"EntryPoint","urlTemplate":"https:\/\/www.chinakingtyre.com\/?s={search_term_string}"},"query-input":{"@type":"PropertyValueSpecification","valueRequired":true,"valueName":"search_term_string"}}],"inLanguage":"pl-PL"},{"@type":"Organization","@id":"https:\/\/www.chinakingtyre.com\/#organization","name":"TIANJIN KINGTYRE GROUP CO., LTD","url":"https:\/\/www.chinakingtyre.com\/","logo":{"@type":"ImageObject","inLanguage":"pl-PL","@id":"https:\/\/www.chinakingtyre.com\/#\/schema\/logo\/image\/","url":"https:\/\/www.chinakingtyre.com\/wp-content\/uploads\/2025\/07\/LOGO.png","contentUrl":"https:\/\/www.chinakingtyre.com\/wp-content\/uploads\/2025\/07\/LOGO.png","width":870,"height":212,"caption":"TIANJIN KINGTYRE GROUP CO.,LTD"},"image":{"@id":"https:\/\/www.chinakingtyre.com\/#\/schema\/logo\/image\/"},"sameAs":["https:\/\/www.facebook.com\/ChinaKingTyre"]}]}},"_links":{"self":[{"href":"https:\/\/www.chinakingtyre.com\/pl\/wp-json\/wp\/v2\/product\/470","targetHints":{"allow":["GET"]}}],"collection":[{"href":"https:\/\/www.chinakingtyre.com\/pl\/wp-json\/wp\/v2\/product"}],"about":[{"href":"https:\/\/www.chinakingtyre.com\/pl\/wp-json\/wp\/v2\/types\/product"}],"replies":[{"embeddable":true,"href":"https:\/\/www.chinakingtyre.com\/pl\/wp-json\/wp\/v2\/comments?post=470"}],"wp:featuredmedia":[{"embeddable":true,"href":"https:\/\/www.chinakingtyre.com\/pl\/wp-json\/wp\/v2\/media\/475"}],"wp:attachment":[{"href":"https:\/\/www.chinakingtyre.com\/pl\/wp-json\/wp\/v2\/media?parent=470"}],"curies":[{"name":"wp","href":"https:\/\/api.w.org\/{rel}","templated":true}]}}