{"id":486,"date":"2025-08-21T03:11:17","date_gmt":"2025-08-21T03:11:17","guid":{"rendered":"https:\/\/www.chinakingtyre.com\/?post_type=product&#038;p=486"},"modified":"2025-08-21T06:14:06","modified_gmt":"2025-08-21T06:14:06","slug":"opony-rowerowe-kingtyre-k82","status":"publish","type":"product","link":"https:\/\/www.chinakingtyre.com\/pl\/product\/opony-rowerowe-kingtyre-k82\/","title":{"rendered":"Opony Kingtyre K82 Dirt Bike - najlepszy wyb\u00f3r dla ekstremalnych osi\u0105g\u00f3w w terenie"},"content":{"rendered":"<h2><strong>Zalety terenowych opon motocyklowych Kingtyre K82<\/strong><\/h2>\n<p>The <strong><a href=\"https:\/\/www.chinakingtyre.com\/pl\/\">Kingtyre<\/a> Opony rowerowe K82<\/strong> zosta\u0142y zaprojektowane dla rowerzyst\u00f3w, kt\u00f3rzy wymagaj\u0105 maksymalnej przyczepno\u015bci, trwa\u0142o\u015bci i stabilno\u015bci w najtrudniejszym terenie. Z jego <strong>Wz\u00f3r bie\u017cnika K82 z g\u0142\u0119bokimi blokami<\/strong>Opona ta zapewnia doskona\u0142\u0105 trakcj\u0119 na lu\u017anej glebie, b\u0142ocie, ska\u0142ach i piasku, co czyni j\u0105 jedn\u0105 z najlepszych na \u015bwiecie. <strong>Najlepsze opony rowerowe do jazdy po lesie<\/strong> i trasy techniczne.<\/p>\n<p>W przeciwie\u0144stwie do konwencjonalnych <strong>terenowe opony motocyklowe<\/strong>Wz\u00f3r K82 posiada wzmocnione boczne wyst\u0119py zwi\u0119kszaj\u0105ce stabilno\u015b\u0107 na zakr\u0119tach i technologi\u0119 antypo\u015blizgow\u0105, kt\u00f3ra poprawia przyczepno\u015b\u0107 poprzez <strong>12% w por\u00f3wnaniu do standardowych opon do rower\u00f3w terenowych<\/strong>. Ponadto samoczyszcz\u0105ce rowki bie\u017cnika zapobiegaj\u0105 gromadzeniu si\u0119 b\u0142ota, zapewniaj\u0105c sta\u0142\u0105 przyczepno\u015b\u0107 nawet w mokrych lub gliniastych warunkach.<\/p>\n<p>Zoptymalizowana mieszanka gumy zwi\u0119ksza trwa\u0142o\u015b\u0107, zapewniaj\u0105c rowerzystom <strong>D\u0142u\u017csza \u017cywotno\u015b\u0107 20%<\/strong> ni\u017c wielu konkurent\u00f3w <strong>Opony rowerowe o wi\u0119kszej przyczepno\u015bci<\/strong>zachowuj\u0105c jednocze\u015bnie doskona\u0142\u0105 elastyczno\u015b\u0107 podczas ostrych zakr\u0119t\u00f3w. To po\u0142\u0105czenie sprawia, \u017ce K82 jest jednym z <strong>Najlepsze opony rowerowe do jazdy w terenie<\/strong> i mieszane wy\u015bcigi terenowe.<\/p>\n<p><img loading=\"lazy\" decoding=\"async\" class=\"aligncenter wp-image-487 size-full\" src=\"https:\/\/www.chinakingtyre.com\/wp-content\/uploads\/2025\/08\/kingtyre-k82-dirt-bike-tires-tread.jpg\" alt=\"Opony rowerowe Kingtyre K82 z agresywnym wzorem bie\u017cnika do jazdy w terenie\" width=\"1678\" height=\"794\" srcset=\"https:\/\/www.chinakingtyre.com\/wp-content\/uploads\/2025\/08\/kingtyre-k82-dirt-bike-tires-tread.jpg 1678w, https:\/\/www.chinakingtyre.com\/wp-content\/uploads\/2025\/08\/kingtyre-k82-dirt-bike-tires-tread-300x142.jpg 300w, https:\/\/www.chinakingtyre.com\/wp-content\/uploads\/2025\/08\/kingtyre-k82-dirt-bike-tires-tread-1024x485.jpg 1024w, https:\/\/www.chinakingtyre.com\/wp-content\/uploads\/2025\/08\/kingtyre-k82-dirt-bike-tires-tread-768x363.jpg 768w, https:\/\/www.chinakingtyre.com\/wp-content\/uploads\/2025\/08\/kingtyre-k82-dirt-bike-tires-tread-1536x727.jpg 1536w, https:\/\/www.chinakingtyre.com\/wp-content\/uploads\/2025\/08\/kingtyre-k82-dirt-bike-tires-tread-18x9.jpg 18w, https:\/\/www.chinakingtyre.com\/wp-content\/uploads\/2025\/08\/kingtyre-k82-dirt-bike-tires-tread-600x284.jpg 600w\" sizes=\"auto, (max-width: 1678px) 100vw, 1678px\" \/><\/p>\n<hr class=\"yoast-text-mark\" \/>\n<h2><strong>Dost\u0119pne rozmiary opon Kingtyre K82 Dirt Bike<\/strong><\/h2>\n<p>Seria K82 jest dost\u0119pna w wielu konfiguracjach pasuj\u0105cych zar\u00f3wno do przednich, jak i tylnych k\u00f3\u0142, oferuj\u0105c szerok\u0105 kompatybilno\u015b\u0107 z nowoczesnymi motocyklami dirtowymi i enduro:<\/p>\n<ul>\n<li><strong>Prz\u00f3d:<\/strong> 90\/90R21 | 120\/70R19<\/li>\n<li><strong>Ty\u0142:<\/strong> 140\/80R18 | 150\/70R17 | 150\/70R18 | 170\/60R17<\/li>\n<\/ul>\n<p>Ten szeroki wyb\u00f3r gwarantuje, \u017ce rowerzy\u015bci znajd\u0105 <strong>Najlepsza motocyklowa opona terenowa do jazdy w terenie<\/strong> kt\u00f3re pasuj\u0105 do ich konfiguracji roweru, od lekkich modeli enduro po ci\u0119\u017ckie maszyny do wy\u015bcig\u00f3w pustynnych.<\/p>\n<p><img loading=\"lazy\" decoding=\"async\" class=\"aligncenter wp-image-488 size-full\" src=\"https:\/\/www.chinakingtyre.com\/wp-content\/uploads\/2025\/08\/kingtyre-k82-off-road-motorcycle-tires-mounted.jpg\" alt=\"Opony motocyklowe Kingtyre K82 zamontowane na motocyklu terenowym\" width=\"1678\" height=\"794\" srcset=\"https:\/\/www.chinakingtyre.com\/wp-content\/uploads\/2025\/08\/kingtyre-k82-off-road-motorcycle-tires-mounted.jpg 1678w, https:\/\/www.chinakingtyre.com\/wp-content\/uploads\/2025\/08\/kingtyre-k82-off-road-motorcycle-tires-mounted-300x142.jpg 300w, https:\/\/www.chinakingtyre.com\/wp-content\/uploads\/2025\/08\/kingtyre-k82-off-road-motorcycle-tires-mounted-1024x485.jpg 1024w, https:\/\/www.chinakingtyre.com\/wp-content\/uploads\/2025\/08\/kingtyre-k82-off-road-motorcycle-tires-mounted-768x363.jpg 768w, https:\/\/www.chinakingtyre.com\/wp-content\/uploads\/2025\/08\/kingtyre-k82-off-road-motorcycle-tires-mounted-1536x727.jpg 1536w, https:\/\/www.chinakingtyre.com\/wp-content\/uploads\/2025\/08\/kingtyre-k82-off-road-motorcycle-tires-mounted-18x9.jpg 18w, https:\/\/www.chinakingtyre.com\/wp-content\/uploads\/2025\/08\/kingtyre-k82-off-road-motorcycle-tires-mounted-600x284.jpg 600w\" sizes=\"auto, (max-width: 1678px) 100vw, 1678px\" \/><\/p>\n<hr \/>\n<h2>Fabryczne opony do motocykli terenowych Kingtyre<\/h2>\n<p>Kingtyre jest wiod\u0105cym <strong>terenowe opony motocyklowe<\/strong> fabryka i jeden z najbardziej zaawansowanych <strong>producenci opon rowerowych<\/strong> w Azji. Nasza fabryka integruje najnowocze\u015bniejsze europejskie maszyny z liniami produkcyjnymi z certyfikatem ISO, aby zapewni\u0107 \u015bwiatowej klasy jako\u015b\u0107.<\/p>\n<p>Jako zaufany <strong>Producenci opon MC<\/strong>Kingtyre zainwestowa\u0142 w najnowocze\u015bniejsze centrum badawczo-rozwojowe, w kt\u00f3rym in\u017cynierowie testuj\u0105 mieszanki w ekstremalnych warunkach. K82 jest produktem tej innowacji, zaprojektowanym specjalnie w celu zaspokojenia potrzeb profesjonalnych motocyklist\u00f3w motocrossowych, trailowych i enduro na ca\u0142ym \u015bwiecie.<\/p>\n<hr \/>\n<h2><strong>10 bol\u0105czek opon do rower\u00f3w dirtowych i ich rozwi\u0105zanie przez Kingtyre<\/strong><\/h2>\n<ol>\n<li><strong>Szybkie zu\u017cycie na kamienistych szlakach<\/strong> \u2192 Wzmocniona mieszanka K82 wyd\u0142u\u017ca \u017cywotno\u015b\u0107 opony o 20%.<\/li>\n<li><strong>S\u0142aba przyczepno\u015b\u0107 w b\u0142ocie<\/strong> \u2192 G\u0142\u0119bokie, samoczyszcz\u0105ce si\u0119 kana\u0142y bie\u017cnika maksymalizuj\u0105 odprowadzanie b\u0142ota.<\/li>\n<li><strong>Utrata przyczepno\u015bci na piasku<\/strong> \u2192 Szerszy \u015blad zapewnia doskona\u0142\u0105 flotacj\u0119.<\/li>\n<li><strong>Przebicia \u015bciany bocznej<\/strong> \u2192 Dodatkowe wzmocnienie chroni przed przeci\u0119ciami.<\/li>\n<li><strong>Przegrzanie podczas jazdy po pustyni<\/strong> \u2192 Odporna na ciep\u0142o mieszanka zapewnia stabilno\u015b\u0107.<\/li>\n<li><strong>Trudno\u015bci w pokonywaniu zakr\u0119t\u00f3w<\/strong> \u2192 Agresywne wyst\u0119py boczne poprawiaj\u0105 przyczepno\u015b\u0107 na zakr\u0119tach 15%.<\/li>\n<li><strong>Niestabilne hamowanie na mokrych nawierzchniach<\/strong> \u2192 Zoptymalizowane odst\u0119py mi\u0119dzy klockami poprawiaj\u0105 hamowanie na mokrej nawierzchni.<\/li>\n<li><strong>Ci\u0119\u017cka obs\u0142uga w lesie<\/strong> \u2192 Lekki korpus poprawia zwrotno\u015b\u0107.<\/li>\n<li><strong>Nieprzewidywalna przyczepno\u015b\u0107 w zr\u00f3\u017cnicowanym terenie<\/strong> \u2192 K82 zosta\u0142 zaprojektowany jako <strong>Najlepsze opony motocyklowe do jazdy w terenie<\/strong>.<\/li>\n<li><strong>Ograniczona dost\u0119pno\u015b\u0107 rozmiar\u00f3w<\/strong> \u2192 Opony Kingtyre K82 oferuj\u0105 szeroki wyb\u00f3r rozmiar\u00f3w przednich i tylnych.<\/li>\n<\/ol>\n<p><img loading=\"lazy\" decoding=\"async\" class=\"aligncenter wp-image-489 size-full\" src=\"https:\/\/www.chinakingtyre.com\/wp-content\/uploads\/2025\/08\/kingtyre-dirt-bike-tires-factory.jpg\" alt=\"Proces kontroli fabrycznej terenowych opon motocyklowych Kingtyre\" width=\"1678\" height=\"794\" srcset=\"https:\/\/www.chinakingtyre.com\/wp-content\/uploads\/2025\/08\/kingtyre-dirt-bike-tires-factory.jpg 1678w, https:\/\/www.chinakingtyre.com\/wp-content\/uploads\/2025\/08\/kingtyre-dirt-bike-tires-factory-300x142.jpg 300w, https:\/\/www.chinakingtyre.com\/wp-content\/uploads\/2025\/08\/kingtyre-dirt-bike-tires-factory-1024x485.jpg 1024w, https:\/\/www.chinakingtyre.com\/wp-content\/uploads\/2025\/08\/kingtyre-dirt-bike-tires-factory-768x363.jpg 768w, https:\/\/www.chinakingtyre.com\/wp-content\/uploads\/2025\/08\/kingtyre-dirt-bike-tires-factory-1536x727.jpg 1536w, https:\/\/www.chinakingtyre.com\/wp-content\/uploads\/2025\/08\/kingtyre-dirt-bike-tires-factory-18x9.jpg 18w, https:\/\/www.chinakingtyre.com\/wp-content\/uploads\/2025\/08\/kingtyre-dirt-bike-tires-factory-600x284.jpg 600w\" sizes=\"auto, (max-width: 1678px) 100vw, 1678px\" \/><\/p>\n<hr \/>\n<h2><strong>Rozwi\u0105zanie Kingtyre dla rowerzyst\u00f3w terenowych<\/strong><\/h2>\n<p>\u0141\u0105cz\u0105c innowacyjn\u0105 in\u017cynieri\u0119 bie\u017cnika, zaawansowane mieszanki gumowe i precyzyjn\u0105 produkcj\u0119, Kingtyre K82 jest jedn\u0105 z najlepszych opon na \u015bwiecie. <strong>Najlepsze opony rowerowe do jazdy w terenie<\/strong> i wy\u015bcig\u00f3w pustynnych. Niezale\u017cnie od tego, czy je\u017ad\u017acy pokonuj\u0105 b\u0142otniste lasy, kamieniste szlaki czy piaszczyste wydmy, K82 zapewnia niezr\u00f3wnan\u0105 trwa\u0142o\u015b\u0107, przyczepno\u015b\u0107 i stabilno\u015b\u0107.<\/p>\n<h2><!-- notionvc: be0e3a35-5cae-400f-9467-f878ca50bb75 --><\/h2>\n<hr \/>\n<h2><\/h2>\n<h2><strong>Specyfikacja techniczna opon Kingtyre K82 Dirt Bike<\/strong><\/h2>\n<table style=\"height: 256px;\" width=\"841\">\n<thead>\n<tr>\n<th><strong>Cecha<\/strong><\/th>\n<th><strong>Specyfikacja<\/strong><\/th>\n<\/tr>\n<\/thead>\n<tbody>\n<tr>\n<td>Wz\u00f3r bie\u017cnika<\/td>\n<td>K82 Off-road g\u0142\u0119boki blok<\/td>\n<\/tr>\n<tr>\n<td>Dost\u0119pne rozmiary<\/td>\n<td>Prz\u00f3d: 90\/90R21, 120\/70R19 \/ Ty\u0142: 140\/80R18, 150\/70R17, 150\/70R18, 170\/60R17<\/td>\n<\/tr>\n<tr>\n<td>Zwi\u0105zek<\/td>\n<td>Mieszanka gumy o wysokiej odporno\u015bci na warunki terenowe<\/td>\n<\/tr>\n<tr>\n<td>Budowa<\/td>\n<td>Wielowarstwowy wzmocniony korpus<\/td>\n<\/tr>\n<tr>\n<td>Wydajno\u015b\u0107<\/td>\n<td>Zwi\u0119kszona przyczepno\u015b\u0107, wyd\u0142u\u017cona trwa\u0142o\u015b\u0107, antypo\u015blizgowe zakr\u0119ty<\/td>\n<\/tr>\n<tr>\n<td>Najlepsze zastosowanie<\/td>\n<td>Jazda po lesie, wy\u015bcigi pustynne, jazda w terenie, zawody enduro<\/td>\n<\/tr>\n<\/tbody>\n<\/table>\n<hr \/>\n<h2><strong>Cz\u0119sto zadawane pytania - najcz\u0119stsze pytania dotycz\u0105ce opon do motocykli terenowych<\/strong><\/h2>\n<p><strong>P1: Jaka jest najlepsza opona rowerowa do jazdy po lesie?<\/strong><\/p>\n<p>A1: Opona Kingtyre K82 jest zoptymalizowana pod k\u0105tem jazdy w lesie i na szlakach, zapewniaj\u0105c doskona\u0142y prze\u015bwit i przyczepno\u015b\u0107.<\/p>\n<p><strong>P2: Jak cz\u0119sto nale\u017cy zmienia\u0107 opon\u0119 rowerow\u0105?<\/strong><\/p>\n<p>A2: W zale\u017cno\u015bci od terenu, K82 trwa do <strong>3 500-5 000 km<\/strong>o 20% d\u0142u\u017cej ni\u017c przeci\u0119tnie.<\/p>\n<p><strong>P3: Czy opony do motocykli terenowych r\u00f3\u017cni\u0105 si\u0119 od opon ulicznych?<\/strong><\/p>\n<p>A3: Tak, opony do rower\u00f3w terenowych, takie jak K82, maj\u0105 g\u0142\u0119bszy bie\u017cnik i bardziej mi\u0119kkie mieszanki zapewniaj\u0105ce przyczepno\u015b\u0107 w terenie.<\/p>\n<p><strong>P4: Kt\u00f3re opony rowerowe najlepiej sprawdzaj\u0105 si\u0119 w b\u0142ocie?<\/strong><\/p>\n<p>A4: Szeroki rozstaw blok\u00f3w K82 zapobiega gromadzeniu si\u0119 b\u0142ota, co czyni go idealnym rozwi\u0105zaniem.<\/p>\n<p><strong>P5: Czy opony do rower\u00f3w terenowych mog\u0105 by\u0107 u\u017cywane na autostradach?<\/strong><\/p>\n<p>A5: S\u0105 to g\u0142\u00f3wnie trasy terenowe, ale kr\u00f3tkie odcinki drogowe s\u0105 mo\u017cliwe do pokonania.<\/p>\n<p><strong>P6: Jaki rozmiar opony pasuje do roweru terenowego o pojemno\u015bci 250 cm3?<\/strong><\/p>\n<p>A6: Zwykle 90\/90R21 z przodu i 140\/80R18 z ty\u0142u w gamie K82.<\/p>\n<p><strong>P7: Czy opony rowerowe o wi\u0119kszej przyczepno\u015bci zu\u017cywaj\u0105 si\u0119 szybciej?<\/strong><\/p>\n<p>A7: Zwykle tak, ale K82 r\u00f3wnowa\u017cy przyczepno\u015b\u0107 i zu\u017cycie dzi\u0119ki wzmocnionej mieszance.<\/p>\n<p><strong>P8: Jaka jest najlepsza opcja opon do pit bike'\u00f3w?<\/strong><\/p>\n<p>A8: Kingtyre oferuje wiele modeli opon do pit bike'\u00f3w, a K82 pasuje do niekt\u00f3rych ma\u0142ych ram.<\/p>\n<p><strong>P9: Czy opony K82 nadaj\u0105 si\u0119 do wy\u015bcig\u00f3w pustynnych?<\/strong><\/p>\n<p>A9: Tak, s\u0105 jednym z <strong>Najlepsze opony motocyklowe do jazdy terenowej po pustyni<\/strong>.<\/p>\n<p><strong>P10: Jak wybra\u0107 najlepsz\u0105 opon\u0119 rowerow\u0105 do jazdy w terenie?<\/strong><\/p>\n<p>A10: Koncentracja na konstrukcji bie\u017cnika, mieszance i trwa\u0142o\u015bci. Opona K82 spe\u0142nia wszystkie te wymagania.<\/p>\n<p><!-- notionvc: aa10aae8-eecf-4170-908a-6122a4d0eb59 --><\/p>\n<hr \/>\n<p><a href=\"https:\/\/www.facebook.com\/ChinaKingTyre\">\u015aled\u017a nas na Facebooku<\/a><\/p>\n<p><!-- notionvc: 8b30d33d-c5a2-407d-b1b9-6e138ecbee72 --><\/p>","protected":false},"excerpt":{"rendered":"<p>Odkryj opony rowerowe Kingtyre K82. Zaprojektowane z my\u015bl\u0105 o maksymalnej przyczepno\u015bci, trwa\u0142o\u015bci i stabilno\u015bci w lesie, na szlakach i na pustyni. Dost\u0119pne w wielu rozmiarach.<!-- notionvc: fdcfd373-0e58-4c3b-8075-7a6c6f0d04d9 --><\/p>","protected":false},"featured_media":490,"comment_status":"open","ping_status":"closed","template":"","meta":[],"class_list":{"0":"post-486","1":"product","2":"type-product","3":"status-publish","4":"has-post-thumbnail","6":"product_cat-off-road-motorcycle-tires","7":"product_tag-120-70r19-motorcycle-tires","8":"product_tag-140-80r18-motorcycle-tires","9":"product_tag-150-70r17-motorcycle-tires","10":"product_tag-150-70r18-motorcycle-tires","11":"product_tag-170-60r17-motorcycle-tires","12":"product_tag-90-90r21-motorcycle-tires","13":"product_tag-all-terrain-dirt-bike-tires","14":"product_tag-best-all-terrain-motorcycle-off-road-tire","15":"product_tag-best-all-terrain-motorcycle-tires-for-off-road-desert-riding","16":"product_tag-best-dirt-bike-tire-for-trail-riding","17":"product_tag-best-dirt-bike-tire-for-woods-riding","18":"product_tag-best-pit-bike-tires","19":"product_tag-desert-racing-motorcycle-tires","20":"product_tag-dirt-bike-tires","21":"product_tag-dirt-bike-tires-manufacturers","22":"product_tag-dirt-bike-tires-with-more-grip","23":"product_tag-dirt-bike-trail-tires","24":"product_tag-dual-sport-dirt-bike-tires","25":"product_tag-enduro-dirt-bike-tires","26":"product_tag-kingtyre-k82","27":"product_tag-mc-tires-manufacturers","28":"product_tag-motocross-dirt-bike-tires","29":"product_tag-mud-terrain-motorcycle-tires","30":"product_tag-off-road-motorcycle-tires","31":"product_tag-off-road-motorcycle-tires-factory","32":"product_tag-off-road-tires","33":"product_tag-woods-riding-dirt-bike-tires","35":"first","36":"instock","37":"shipping-taxable","38":"product-type-simple"},"yoast_head":"<!-- This site is optimized with the Yoast SEO Premium plugin v25.1 (Yoast SEO v25.1) - https:\/\/yoast.com\/wordpress\/plugins\/seo\/ -->\n<title>Kingtyre K82 Dirt Bike Tires \u2013 Best Off-road Motorcycle Tires for Trail &amp; Desert Riding<\/title>\n<meta name=\"description\" content=\"Discover the Kingtyre K82 dirt bike tires. Engineered for maximum grip, durability, and stability in woods, trails, and desert riding. Available in multiple sizes.\" \/>\n<meta name=\"robots\" content=\"index, follow, max-snippet:-1, max-image-preview:large, max-video-preview:-1\" \/>\n<link rel=\"canonical\" href=\"https:\/\/www.chinakingtyre.com\/pl\/product\/opony-rowerowe-kingtyre-k82\/\" \/>\n<meta property=\"og:locale\" content=\"pl_PL\" \/>\n<meta property=\"og:type\" content=\"article\" \/>\n<meta property=\"og:title\" content=\"Kingtyre K82 Dirt Bike Tires \u2013 The Best Choice for Extreme Off-Road Performance\" \/>\n<meta property=\"og:description\" content=\"Discover the Kingtyre K82 dirt bike tires. Engineered for maximum grip, durability, and stability in woods, trails, and desert riding. Available in multiple sizes.\" \/>\n<meta property=\"og:url\" content=\"https:\/\/www.chinakingtyre.com\/pl\/product\/opony-rowerowe-kingtyre-k82\/\" \/>\n<meta property=\"og:site_name\" content=\"KingTyre Professional motorcycle tire manufacturer\" \/>\n<meta property=\"article:publisher\" content=\"https:\/\/www.facebook.com\/ChinaKingTyre\" \/>\n<meta property=\"article:modified_time\" content=\"2025-08-21T06:14:06+00:00\" \/>\n<meta property=\"og:image\" content=\"https:\/\/www.chinakingtyre.com\/wp-content\/uploads\/2025\/08\/Kingtyre-K82-dirt-bike-tires.jpg\" \/>\n\t<meta property=\"og:image:width\" content=\"800\" \/>\n\t<meta property=\"og:image:height\" content=\"800\" \/>\n\t<meta property=\"og:image:type\" content=\"image\/jpeg\" \/>\n<meta name=\"twitter:card\" content=\"summary_large_image\" \/>\n<meta name=\"twitter:label1\" content=\"Szacowany czas czytania\" \/>\n\t<meta name=\"twitter:data1\" content=\"5 minut\" \/>\n<script type=\"application\/ld+json\" class=\"yoast-schema-graph\">{\"@context\":\"https:\/\/schema.org\",\"@graph\":[{\"@type\":\"WebPage\",\"@id\":\"https:\/\/www.chinakingtyre.com\/product\/dirt-bike-tires-kingtyre-k82\/\",\"url\":\"https:\/\/www.chinakingtyre.com\/product\/dirt-bike-tires-kingtyre-k82\/\",\"name\":\"Kingtyre K82 Dirt Bike Tires \u2013 Best Off-road Motorcycle Tires for Trail & Desert Riding\",\"isPartOf\":{\"@id\":\"https:\/\/www.chinakingtyre.com\/#website\"},\"primaryImageOfPage\":{\"@id\":\"https:\/\/www.chinakingtyre.com\/product\/dirt-bike-tires-kingtyre-k82\/#primaryimage\"},\"image\":{\"@id\":\"https:\/\/www.chinakingtyre.com\/product\/dirt-bike-tires-kingtyre-k82\/#primaryimage\"},\"thumbnailUrl\":\"https:\/\/www.chinakingtyre.com\/wp-content\/uploads\/2025\/08\/Kingtyre-K82-dirt-bike-tires.jpg\",\"datePublished\":\"2025-08-21T03:11:17+00:00\",\"dateModified\":\"2025-08-21T06:14:06+00:00\",\"description\":\"Discover the Kingtyre K82 dirt bike tires. Engineered for maximum grip, durability, and stability in woods, trails, and desert riding. Available in multiple sizes.\",\"breadcrumb\":{\"@id\":\"https:\/\/www.chinakingtyre.com\/product\/dirt-bike-tires-kingtyre-k82\/#breadcrumb\"},\"inLanguage\":\"pl-PL\",\"potentialAction\":[{\"@type\":\"ReadAction\",\"target\":[\"https:\/\/www.chinakingtyre.com\/product\/dirt-bike-tires-kingtyre-k82\/\"]}]},{\"@type\":\"ImageObject\",\"inLanguage\":\"pl-PL\",\"@id\":\"https:\/\/www.chinakingtyre.com\/product\/dirt-bike-tires-kingtyre-k82\/#primaryimage\",\"url\":\"https:\/\/www.chinakingtyre.com\/wp-content\/uploads\/2025\/08\/Kingtyre-K82-dirt-bike-tires.jpg\",\"contentUrl\":\"https:\/\/www.chinakingtyre.com\/wp-content\/uploads\/2025\/08\/Kingtyre-K82-dirt-bike-tires.jpg\",\"width\":800,\"height\":800},{\"@type\":\"BreadcrumbList\",\"@id\":\"https:\/\/www.chinakingtyre.com\/product\/dirt-bike-tires-kingtyre-k82\/#breadcrumb\",\"itemListElement\":[{\"@type\":\"ListItem\",\"position\":1,\"name\":\"Home\",\"item\":\"https:\/\/www.chinakingtyre.com\/\"},{\"@type\":\"ListItem\",\"position\":2,\"name\":\"Kingtyre Product List\",\"item\":\"https:\/\/www.chinakingtyre.com\/kingtyre-product-list\/\"},{\"@type\":\"ListItem\",\"position\":3,\"name\":\"Kingtyre K82 Dirt Bike Tires \u2013 The Best Choice for Extreme Off-Road Performance\"}]},{\"@type\":\"WebSite\",\"@id\":\"https:\/\/www.chinakingtyre.com\/#website\",\"url\":\"https:\/\/www.chinakingtyre.com\/\",\"name\":\"KingTyre Professional motorcycle tire manufacturer\",\"description\":\"\",\"publisher\":{\"@id\":\"https:\/\/www.chinakingtyre.com\/#organization\"},\"potentialAction\":[{\"@type\":\"SearchAction\",\"target\":{\"@type\":\"EntryPoint\",\"urlTemplate\":\"https:\/\/www.chinakingtyre.com\/?s={search_term_string}\"},\"query-input\":{\"@type\":\"PropertyValueSpecification\",\"valueRequired\":true,\"valueName\":\"search_term_string\"}}],\"inLanguage\":\"pl-PL\"},{\"@type\":\"Organization\",\"@id\":\"https:\/\/www.chinakingtyre.com\/#organization\",\"name\":\"TIANJIN KINGTYRE GROUP CO.,LTD\",\"url\":\"https:\/\/www.chinakingtyre.com\/\",\"logo\":{\"@type\":\"ImageObject\",\"inLanguage\":\"pl-PL\",\"@id\":\"https:\/\/www.chinakingtyre.com\/#\/schema\/logo\/image\/\",\"url\":\"https:\/\/www.chinakingtyre.com\/wp-content\/uploads\/2025\/07\/LOGO.png\",\"contentUrl\":\"https:\/\/www.chinakingtyre.com\/wp-content\/uploads\/2025\/07\/LOGO.png\",\"width\":870,\"height\":212,\"caption\":\"TIANJIN KINGTYRE GROUP CO.,LTD\"},\"image\":{\"@id\":\"https:\/\/www.chinakingtyre.com\/#\/schema\/logo\/image\/\"},\"sameAs\":[\"https:\/\/www.facebook.com\/ChinaKingTyre\"]}]}<\/script>\n<!-- \/ Yoast SEO Premium plugin. -->","yoast_head_json":{"title":"Opony Kingtyre K82 Dirt Bike - najlepsze opony do motocykli terenowych do jazdy po szlakach i pustyni","description":"Odkryj opony rowerowe Kingtyre K82. Zaprojektowane z my\u015bl\u0105 o maksymalnej przyczepno\u015bci, trwa\u0142o\u015bci i stabilno\u015bci w lesie, na szlakach i na pustyni. Dost\u0119pne w wielu rozmiarach.","robots":{"index":"index","follow":"follow","max-snippet":"max-snippet:-1","max-image-preview":"max-image-preview:large","max-video-preview":"max-video-preview:-1"},"canonical":"https:\/\/www.chinakingtyre.com\/pl\/product\/opony-rowerowe-kingtyre-k82\/","og_locale":"pl_PL","og_type":"article","og_title":"Kingtyre K82 Dirt Bike Tires \u2013 The Best Choice for Extreme Off-Road Performance","og_description":"Discover the Kingtyre K82 dirt bike tires. Engineered for maximum grip, durability, and stability in woods, trails, and desert riding. Available in multiple sizes.","og_url":"https:\/\/www.chinakingtyre.com\/pl\/product\/opony-rowerowe-kingtyre-k82\/","og_site_name":"KingTyre Professional motorcycle tire manufacturer","article_publisher":"https:\/\/www.facebook.com\/ChinaKingTyre","article_modified_time":"2025-08-21T06:14:06+00:00","og_image":[{"width":800,"height":800,"url":"https:\/\/www.chinakingtyre.com\/wp-content\/uploads\/2025\/08\/Kingtyre-K82-dirt-bike-tires.jpg","type":"image\/jpeg"}],"twitter_card":"summary_large_image","twitter_misc":{"Szacowany czas czytania":"5 minut"},"schema":{"@context":"https:\/\/schema.org","@graph":[{"@type":"WebPage","@id":"https:\/\/www.chinakingtyre.com\/product\/dirt-bike-tires-kingtyre-k82\/","url":"https:\/\/www.chinakingtyre.com\/product\/dirt-bike-tires-kingtyre-k82\/","name":"Opony Kingtyre K82 Dirt Bike - najlepsze opony do motocykli terenowych do jazdy po szlakach i pustyni","isPartOf":{"@id":"https:\/\/www.chinakingtyre.com\/#website"},"primaryImageOfPage":{"@id":"https:\/\/www.chinakingtyre.com\/product\/dirt-bike-tires-kingtyre-k82\/#primaryimage"},"image":{"@id":"https:\/\/www.chinakingtyre.com\/product\/dirt-bike-tires-kingtyre-k82\/#primaryimage"},"thumbnailUrl":"https:\/\/www.chinakingtyre.com\/wp-content\/uploads\/2025\/08\/Kingtyre-K82-dirt-bike-tires.jpg","datePublished":"2025-08-21T03:11:17+00:00","dateModified":"2025-08-21T06:14:06+00:00","description":"Odkryj opony rowerowe Kingtyre K82. Zaprojektowane z my\u015bl\u0105 o maksymalnej przyczepno\u015bci, trwa\u0142o\u015bci i stabilno\u015bci w lesie, na szlakach i na pustyni. Dost\u0119pne w wielu rozmiarach.","breadcrumb":{"@id":"https:\/\/www.chinakingtyre.com\/product\/dirt-bike-tires-kingtyre-k82\/#breadcrumb"},"inLanguage":"pl-PL","potentialAction":[{"@type":"ReadAction","target":["https:\/\/www.chinakingtyre.com\/product\/dirt-bike-tires-kingtyre-k82\/"]}]},{"@type":"ImageObject","inLanguage":"pl-PL","@id":"https:\/\/www.chinakingtyre.com\/product\/dirt-bike-tires-kingtyre-k82\/#primaryimage","url":"https:\/\/www.chinakingtyre.com\/wp-content\/uploads\/2025\/08\/Kingtyre-K82-dirt-bike-tires.jpg","contentUrl":"https:\/\/www.chinakingtyre.com\/wp-content\/uploads\/2025\/08\/Kingtyre-K82-dirt-bike-tires.jpg","width":800,"height":800},{"@type":"BreadcrumbList","@id":"https:\/\/www.chinakingtyre.com\/product\/dirt-bike-tires-kingtyre-k82\/#breadcrumb","itemListElement":[{"@type":"ListItem","position":1,"name":"Home","item":"https:\/\/www.chinakingtyre.com\/"},{"@type":"ListItem","position":2,"name":"Kingtyre Product List","item":"https:\/\/www.chinakingtyre.com\/kingtyre-product-list\/"},{"@type":"ListItem","position":3,"name":"Kingtyre K82 Dirt Bike Tires \u2013 The Best Choice for Extreme Off-Road Performance"}]},{"@type":"WebSite","@id":"https:\/\/www.chinakingtyre.com\/#website","url":"https:\/\/www.chinakingtyre.com\/","name":"KingTyre Profesjonalny producent opon motocyklowych","description":"","publisher":{"@id":"https:\/\/www.chinakingtyre.com\/#organization"},"potentialAction":[{"@type":"SearchAction","target":{"@type":"EntryPoint","urlTemplate":"https:\/\/www.chinakingtyre.com\/?s={search_term_string}"},"query-input":{"@type":"PropertyValueSpecification","valueRequired":true,"valueName":"search_term_string"}}],"inLanguage":"pl-PL"},{"@type":"Organization","@id":"https:\/\/www.chinakingtyre.com\/#organization","name":"TIANJIN KINGTYRE GROUP CO., LTD","url":"https:\/\/www.chinakingtyre.com\/","logo":{"@type":"ImageObject","inLanguage":"pl-PL","@id":"https:\/\/www.chinakingtyre.com\/#\/schema\/logo\/image\/","url":"https:\/\/www.chinakingtyre.com\/wp-content\/uploads\/2025\/07\/LOGO.png","contentUrl":"https:\/\/www.chinakingtyre.com\/wp-content\/uploads\/2025\/07\/LOGO.png","width":870,"height":212,"caption":"TIANJIN KINGTYRE GROUP CO.,LTD"},"image":{"@id":"https:\/\/www.chinakingtyre.com\/#\/schema\/logo\/image\/"},"sameAs":["https:\/\/www.facebook.com\/ChinaKingTyre"]}]}},"_links":{"self":[{"href":"https:\/\/www.chinakingtyre.com\/pl\/wp-json\/wp\/v2\/product\/486","targetHints":{"allow":["GET"]}}],"collection":[{"href":"https:\/\/www.chinakingtyre.com\/pl\/wp-json\/wp\/v2\/product"}],"about":[{"href":"https:\/\/www.chinakingtyre.com\/pl\/wp-json\/wp\/v2\/types\/product"}],"replies":[{"embeddable":true,"href":"https:\/\/www.chinakingtyre.com\/pl\/wp-json\/wp\/v2\/comments?post=486"}],"wp:featuredmedia":[{"embeddable":true,"href":"https:\/\/www.chinakingtyre.com\/pl\/wp-json\/wp\/v2\/media\/490"}],"wp:attachment":[{"href":"https:\/\/www.chinakingtyre.com\/pl\/wp-json\/wp\/v2\/media?parent=486"}],"curies":[{"name":"wp","href":"https:\/\/api.w.org\/{rel}","templated":true}]}}