{"id":491,"date":"2025-08-21T08:58:44","date_gmt":"2025-08-21T08:58:44","guid":{"rendered":"https:\/\/www.chinakingtyre.com\/?post_type=product&#038;p=491"},"modified":"2025-08-21T08:58:47","modified_gmt":"2025-08-21T08:58:47","slug":"opony-motocyklowe-off-road-k81-k83-kingtyre","status":"publish","type":"product","link":"https:\/\/www.chinakingtyre.com\/pl\/product\/opony-motocyklowe-off-road-k81-k83-kingtyre\/","title":{"rendered":"Opony do motocykli terenowych Kingtyre K81 i K83: Stworzone do ekstremalnych przyg\u00f3d"},"content":{"rendered":"<p><strong>\u00a0<img loading=\"lazy\" decoding=\"async\" class=\"aligncenter wp-image-493 size-full\" src=\"https:\/\/www.chinakingtyre.com\/wp-content\/uploads\/2025\/08\/kingtyre-k81-k83-offroad-motorcycle-tires.jpg\" alt=\"Opony terenowe Kingtyre K81 i K83 do motocykli typu adventure\" width=\"1678\" height=\"794\" srcset=\"https:\/\/www.chinakingtyre.com\/wp-content\/uploads\/2025\/08\/kingtyre-k81-k83-offroad-motorcycle-tires.jpg 1678w, https:\/\/www.chinakingtyre.com\/wp-content\/uploads\/2025\/08\/kingtyre-k81-k83-offroad-motorcycle-tires-300x142.jpg 300w, https:\/\/www.chinakingtyre.com\/wp-content\/uploads\/2025\/08\/kingtyre-k81-k83-offroad-motorcycle-tires-1024x485.jpg 1024w, https:\/\/www.chinakingtyre.com\/wp-content\/uploads\/2025\/08\/kingtyre-k81-k83-offroad-motorcycle-tires-768x363.jpg 768w, https:\/\/www.chinakingtyre.com\/wp-content\/uploads\/2025\/08\/kingtyre-k81-k83-offroad-motorcycle-tires-1536x727.jpg 1536w, https:\/\/www.chinakingtyre.com\/wp-content\/uploads\/2025\/08\/kingtyre-k81-k83-offroad-motorcycle-tires-18x9.jpg 18w, https:\/\/www.chinakingtyre.com\/wp-content\/uploads\/2025\/08\/kingtyre-k81-k83-offroad-motorcycle-tires-600x284.jpg 600w\" sizes=\"auto, (max-width: 1678px) 100vw, 1678px\" \/>]<\/strong><\/p>\n<hr \/>\n<h2><strong>Opony K81 i K83 do motocykli terenowych - Innovative Tread Engineering<\/strong><\/h2>\n<p>The <strong><a href=\"https:\/\/www.chinakingtyre.com\/pl\/\">Kingtyre<\/a> Opony do motocykli terenowych K81 i K83<\/strong> zosta\u0142y stworzone z my\u015bl\u0105 o rowerzystach, kt\u00f3rzy wymagaj\u0105 doskona\u0142ych osi\u0105g\u00f3w w ekstremalnych warunkach. Wyposa\u017cenie <strong>G\u0142\u0119bokie klocki bie\u017cnika<\/strong>Opony te oferuj\u0105 <strong>Wyj\u0105tkowa przyczepno\u015b\u0107<\/strong> na b\u0142ocie, \u017cwirze, lu\u017anej ziemi, kamienistych szlakach i w terenie le\u015bnym. Unikalna geometria bie\u017cnika wspiera <strong>wydajne samooczyszczanie<\/strong>zapobiegaj\u0105c zatykaniu rowk\u00f3w przez b\u0142oto lub kamienie, zapewniaj\u0105c nieprzerwan\u0105 przyczepno\u015b\u0107 nawet w najtrudniejszych warunkach jazdy.<\/p>\n<hr \/>\n<h2><strong>Wzmocniona struktura opony<\/strong><\/h2>\n<p>Wykonane z <strong>Wielowarstwowa konstrukcja osnowy<\/strong>Opony te zapewniaj\u0105 <strong>Zwi\u0119kszona stabilno\u015b\u0107 i odporno\u015b\u0107<\/strong>. The <strong>wzmocnione \u015bciany boczne<\/strong> zapewniaj\u0105 doskona\u0142\u0105 ochron\u0119 przed przebiciami, rozdarciami i przeci\u0119ciami - jest to niezb\u0119dna cecha dla agresywnych kolarzy i zawodnik\u00f3w enduro. Wzmocniona obudowa przyczynia si\u0119 r\u00f3wnie\u017c do <strong>poch\u0142anianie uderze\u0144<\/strong>, zmniejszaj\u0105c zm\u0119czenie kierowcy podczas jazdy po kamienistym lub nier\u00f3wnym terenie.<\/p>\n<hr \/>\n<h2><strong>Zaawansowana technologia mieszanek gumowych<\/strong><\/h2>\n<p>Na <strong>Fabryka opon motocyklowych Kingtyre<\/strong>Ekskluzywna formu\u0142a gumy jest u\u017cywana do \u0142\u0105czenia <strong>odporno\u015b\u0107 na \u015bcieranie<\/strong> z <strong>elastyczno\u015b\u0107 pod presj\u0105<\/strong>. Zwi\u0105zki K81 i K83 s\u0105 wzbogacone o <strong>polimery odporne na wysok\u0105 temperatur\u0119<\/strong>umo\u017cliwiaj\u0105c sta\u0142\u0105 przyczepno\u015b\u0107 i <strong>Wyd\u0142u\u017cona \u017cywotno\u015b\u0107 bie\u017cnika<\/strong> podczas d\u0142ugodystansowych lub intensywnych przeja\u017cd\u017cek. Dzi\u0119ki temu rowerzy\u015bci mog\u0105 czerpa\u0107 korzy\u015bci zar\u00f3wno z <strong>D\u0142ugowieczno\u015b\u0107 i wysoka zdolno\u015b\u0107 adaptacji<\/strong> w zmiennych warunkach terenowych.<\/p>\n<hr \/>\n<h2><strong>Dost\u0119pne rozmiary opon do motocykli terenowych K81 i K83<\/strong><\/h2>\n<ul>\n<li><strong>Prz\u00f3d:<\/strong> 90\/90R21<\/li>\n<li><strong>Ty\u0142:<\/strong> 100\/90R18, 110\/90R19<\/li>\n<\/ul>\n<hr \/>\n<h2><strong>Fabryka Kingtyre: Precyzja w produkcji<\/strong><\/h2>\n<p>Ka\u017cdy <strong>Opona do motocykli terenowych Kingtyre<\/strong> jest produkowany w <strong>zaawansowany technologicznie obiekt<\/strong> wyposa\u017cony w <strong>skomputeryzowane systemy utwardzania, precyzyjne formy i zautomatyzowany sprz\u0119t testuj\u0105cy<\/strong>. Ka\u017cda opona jest poddawana <strong>\u015bcis\u0142a kontrola jako\u015bci<\/strong>dzi\u0119ki czemu spe\u0142nia wymagania zar\u00f3wno profesjonalnych je\u017ad\u017ac\u00f3w, jak i codziennych entuzjast\u00f3w jazdy terenowej. Ten skrupulatny proces produkcji gwarantuje, \u017ce <strong>tylko najwy\u017cszej jako\u015bci opony przygodowe<\/strong> dotrze\u0107 na rynek.<\/p>\n<hr \/>\n<h2><strong>Wyzwania zwi\u0105zane z jazd\u0105 terenow\u0105<\/strong><\/h2>\n<p>Rowerzy\u015bci je\u017cd\u017c\u0105cy w terenie cz\u0119sto napotykaj\u0105 nieprzewidywalne warunki: poszarpane ska\u0142y, \u015bliskie b\u0142otniste \u015bcie\u017cki, nag\u0142e przeprawy przez wod\u0119 lub piaszczyste podjazdy. Bez odpowiednich opon przeszkody te mog\u0105 powodowa\u0107 niestabilno\u015b\u0107, zm\u0119czenie rowerzysty, a nawet powa\u017cne wypadki.<\/p>\n<hr \/>\n<h2><strong>Dlaczego Kingtyre jest odpowiedzi\u0105<\/strong><\/h2>\n<p>The <strong>Opony do motocykli terenowych K81 i K83<\/strong> zapewniaj\u0105 pewno\u015b\u0107, kt\u00f3rej potrzebuj\u0105 kolarze. Z ich <strong>Stabilne pokonywanie zakr\u0119t\u00f3w<\/strong>, <strong>Mocna przyczepno\u015b\u0107 na lu\u017anym terenie<\/strong>oraz <strong>Odporne na przeci\u0119cia \u015bciany boczne<\/strong>przekszta\u0142caj\u0105 ekstremalny teren w <strong>\u0142atwe do opanowania wra\u017cenia z jazdy<\/strong>. Niezale\u017cnie od tego, czy odkrywasz <strong>le\u015bne szlaki, pustynne wydmy lub g\u00f3rskie prze\u0142\u0119cze<\/strong>Te opony zosta\u0142y zaprojektowane tak, aby poradzi\u0107 sobie ze wszystkim.<\/p>\n<hr \/>\n<h2><strong>Specyfikacja techniczna<\/strong><\/h2>\n<ul>\n<li><strong>G\u0142\u0119boko\u015b\u0107 bie\u017cnika:<\/strong> G\u0142\u0119bokie wypustki dla samooczyszczania i maksymalnej przyczepno\u015bci<\/li>\n<li><strong>Tusza:<\/strong> Wielowarstwowe wzmocnienie zapewniaj\u0105ce trwa\u0142o\u015b\u0107<\/li>\n<li><strong>Mieszanka gumowa:<\/strong> Mieszanka odporna na ciep\u0142o i \u015bcieranie<\/li>\n<li><strong>Zakres zastosowania:<\/strong> 100% off-road, motocross i enduro<\/li>\n<\/ul>\n<p><img loading=\"lazy\" decoding=\"async\" class=\"aligncenter wp-image-494 size-full\" src=\"https:\/\/www.chinakingtyre.com\/wp-content\/uploads\/2025\/08\/kingtyre-offroad-technical-deta.jpg\" alt=\"Specyfikacja techniczna opon terenowych Kingtyre K81 K83\" width=\"1678\" height=\"794\" srcset=\"https:\/\/www.chinakingtyre.com\/wp-content\/uploads\/2025\/08\/kingtyre-offroad-technical-deta.jpg 1678w, https:\/\/www.chinakingtyre.com\/wp-content\/uploads\/2025\/08\/kingtyre-offroad-technical-deta-300x142.jpg 300w, https:\/\/www.chinakingtyre.com\/wp-content\/uploads\/2025\/08\/kingtyre-offroad-technical-deta-1024x485.jpg 1024w, https:\/\/www.chinakingtyre.com\/wp-content\/uploads\/2025\/08\/kingtyre-offroad-technical-deta-768x363.jpg 768w, https:\/\/www.chinakingtyre.com\/wp-content\/uploads\/2025\/08\/kingtyre-offroad-technical-deta-1536x727.jpg 1536w, https:\/\/www.chinakingtyre.com\/wp-content\/uploads\/2025\/08\/kingtyre-offroad-technical-deta-18x9.jpg 18w, https:\/\/www.chinakingtyre.com\/wp-content\/uploads\/2025\/08\/kingtyre-offroad-technical-deta-600x284.jpg 600w\" sizes=\"auto, (max-width: 1678px) 100vw, 1678px\" \/><\/p>\n<hr \/>\n<h2><strong>FAQ - Opony do motocykli terenowych<\/strong><\/h2>\n<p><strong>P1: Jakie s\u0105 najlepsze terenowe opony motocyklowe do jazdy po b\u0142ocie i bezdro\u017cach?<\/strong><\/p>\n<p>The <strong>Kingtyre K81 &amp; K83<\/strong> zosta\u0142y zaprojektowane z agresywnym bie\u017cnikiem typu knobby, dzi\u0119ki czemu idealnie sprawdzaj\u0105 si\u0119 w b\u0142otnistych i brudnych warunkach.<\/p>\n<p><strong>P2: Jak d\u0142ugo wytrzymuj\u0105 opony do motocykli terenowych?<\/strong><\/p>\n<p>\u017bywotno\u015b\u0107 zale\u017cy od stylu jazdy i terenu, ale opony Kingtyre oferuj\u0105 <strong>wyd\u0142u\u017cony przebieg<\/strong> dzi\u0119ki zaawansowanym mieszankom gumowym.<\/p>\n<p><strong>P3: Czy terenowe opony motocyklowe s\u0105 dobre na nawierzchni\u0119?<\/strong><\/p>\n<p>Mog\u0105 by\u0107 u\u017cywane przez kr\u00f3tki czas na drogach, ale s\u0105 <strong>Zoptymalizowany do u\u017cytku w terenie 100%<\/strong>. Do u\u017cytku mieszanego zalecane s\u0105 opony dual-sport.<\/p>\n<p><strong>P4: Czy potrzebuj\u0119 r\u00f3\u017cnych opon do motocrossu i enduro?<\/strong><\/p>\n<p>The <strong>Modele K81 i K83<\/strong> s\u0105 wystarczaj\u0105co wszechstronne do obu zastosowa\u0144, ale zawodnicy motocrossowi mog\u0105 preferowa\u0107 l\u017cejsze wzory bie\u017cnika, podczas gdy zawodnicy enduro ceni\u0105 sobie trwa\u0142o\u015b\u0107.<\/p>\n<p><strong>P5: Jak wybra\u0107 odpowiedni rozmiar opon do motocykli terenowych?<\/strong><\/p>\n<p>Zawsze nale\u017cy odnosi\u0107 si\u0119 do <strong>specyfikacje producenta motocykla<\/strong>Kingtyre oferuje rozmiary 90\/90R21 (prz\u00f3d) i 100\/90R18, 110\/90R19 (ty\u0142).<\/p>\n<p><strong>P6: Czy bezd\u0119tkowe opony do motocykli terenowych s\u0105 lepsze od opon d\u0119tkowych?<\/strong><\/p>\n<p>Oba rozwi\u0105zania maj\u0105 swoje wady i zalety. Bezd\u0119tkowe pozwalaj\u0105 na \u0142atwiejsze naprawy i lepsze zarz\u0105dzanie ciep\u0142em, podczas gdy d\u0119tkowe zapewniaj\u0105 <strong>Dodatkowa wytrzyma\u0142o\u015b\u0107<\/strong> na trudny teren.<\/p>\n<p><strong>P7: Jakie ci\u015bnienie powinienem stosowa\u0107 w oponach do motocykli terenowych?<\/strong><\/p>\n<p>Wi\u0119kszo\u015b\u0107 zawodnik\u00f3w je\u017adzi <strong>12-15 PSI<\/strong> do jazdy po bezdro\u017cach, ale skaliste warunki mog\u0105 wymaga\u0107 nieco wy\u017cszego ci\u015bnienia w celu ochrony \u015bcian bocznych.<\/p>\n<p><strong>P8: Czy terenowe opony motocyklowe mog\u0105 by\u0107 u\u017cywane do jazdy po piasku?<\/strong><\/p>\n<p>Tak, szerokie opony typu knobby, takie jak K83, s\u0105 skuteczne w piasku, oferuj\u0105c doskona\u0142\u0105 flotacj\u0119 i przyczepno\u015b\u0107.<\/p>\n<p><strong>P9: Sk\u0105d mam wiedzie\u0107, kiedy nale\u017cy wymieni\u0107 opony do motocykli terenowych?<\/strong><\/p>\n<p>Sprawd\u017a <strong>Zaokr\u0105glone wypustki, widoczne p\u0119kni\u0119cia lub zmniejszona przyczepno\u015b\u0107<\/strong>. W przypadku uszkodzenia \u015bcian bocznych nale\u017cy je natychmiast wymieni\u0107.<\/p>\n<p><strong>Q10: Czy opony Kingtyre K81 i K83 nadaj\u0105 si\u0119 do wyczynowych wy\u015bcig\u00f3w terenowych?<\/strong><\/p>\n<p>Absolutnie. S\u0105 one zaprojektowane z <strong>Sprawdzone w wy\u015bcigach mieszanki i wytrzyma\u0142o\u015b\u0107 tuszy<\/strong>co czyni je doskona\u0142ym wyborem do wy\u015bcig\u00f3w motocrossowych i enduro.<\/p>\n<hr \/>\n<p><a href=\"https:\/\/www.facebook.com\/ChinaKingTyre\">\u015aled\u017a nas na Facebooku<\/a><\/p>\n<p><!-- notionvc: 4531e53c-bd45-4dfd-a5a5-d3ddc618db60 --><\/p>","protected":false},"excerpt":{"rendered":"<p>Odkryj terenowe opony motocyklowe Kingtyre K81 i K83 zaprojektowane do jazdy w b\u0142ocie, b\u0142ocie i skalistym terenie. Zbudowane z agresywnego bie\u017cnika, wzmocnionego karkasu i najwy\u017cszej jako\u015bci mieszanek, te opony do motocykli terenowych zapewniaj\u0105 niezr\u00f3wnan\u0105 przyczepno\u015b\u0107, trwa\u0142o\u015b\u0107 i wydajno\u015b\u0107 gotow\u0105 na przygod\u0119.<!-- notionvc: 63e69242-bf7b-411f-b4bd-6246dcee3ec8 --><\/p>","protected":false},"featured_media":495,"comment_status":"open","ping_status":"closed","template":"","meta":[],"class_list":{"0":"post-491","1":"product","2":"type-product","3":"status-publish","4":"has-post-thumbnail","6":"product_cat-off-road-motorcycle-tires","7":"product_tag-adventure-motorcycle-off-road-tires-factory","8":"product_tag-adventure-riding-motorcycle-knobby-tires","9":"product_tag-aggressive-tread-motorcycle-off-road-tires","10":"product_tag-best-dirt-bike-tires-for-mud-and-rocks","11":"product_tag-best-motorcycle-tires-for-rocky-terrain","12":"product_tag-dirt-bike-tires-with-reinforced-sidewalls","13":"product_tag-durable-knobby-tires-for-motorcycles","14":"product_tag-high-performance-enduro-bike-tires","15":"product_tag-kingtyre-enduro-and-motocross-off-road-tires","16":"product_tag-kingtyre-k81-off-road-motorcycle-tires","17":"product_tag-kingtyre-k83-dirt-bike-tires","18":"product_tag-kingtyre-motorcycle-tires-factory-off-road-series","19":"product_tag-kingtyre-off-road-motorcycle-tire-sizes","20":"product_tag-long-lasting-dirt-bike-racing-tires","21":"product_tag-motocross-and-enduro-motorcycle-tires","22":"product_tag-motorcycle-tires-for-extreme-terrain","23":"product_tag-multi-ply-carcass-motorcycle-off-road-tires","24":"product_tag-off-road-motorcycle-tires-for-enduro-racing","25":"product_tag-off-road-tires","26":"product_tag-off-road-tires-with-self-cleaning-tread","27":"product_tag-premium-rubber-compound-off-road-tires","29":"first","30":"instock","31":"shipping-taxable","32":"product-type-simple"},"yoast_head":"<!-- This site is optimized with the Yoast SEO Premium plugin v25.1 (Yoast SEO v25.1) - https:\/\/yoast.com\/wordpress\/plugins\/seo\/ -->\n<title>Kingtyre K81 &amp; K83 Off-road Motorcycle Tires | Extreme Enduro Performance<\/title>\n<meta name=\"description\" content=\"Discover the Kingtyre K81 &amp; K83 off-road motorcycle tires engineered for dirt, mud, and rocky terrains. Built with aggressive tread, reinforced carcass, and premium compounds, these dirt bike tires deliver unmatched traction, durability, and adventure-ready performance.\" \/>\n<meta name=\"robots\" content=\"index, follow, max-snippet:-1, max-image-preview:large, max-video-preview:-1\" \/>\n<link rel=\"canonical\" href=\"https:\/\/www.chinakingtyre.com\/pl\/product\/opony-motocyklowe-off-road-k81-k83-kingtyre\/\" \/>\n<meta property=\"og:locale\" content=\"pl_PL\" \/>\n<meta property=\"og:type\" content=\"article\" \/>\n<meta property=\"og:title\" content=\"Kingtyre K81 &amp; K83 Off-road Motorcycle Tires: Built for Extreme Adventure\" \/>\n<meta property=\"og:description\" content=\"Discover the Kingtyre K81 &amp; K83 off-road motorcycle tires engineered for dirt, mud, and rocky terrains. Built with aggressive tread, reinforced carcass, and premium compounds, these dirt bike tires deliver unmatched traction, durability, and adventure-ready performance.\" \/>\n<meta property=\"og:url\" content=\"https:\/\/www.chinakingtyre.com\/pl\/product\/opony-motocyklowe-off-road-k81-k83-kingtyre\/\" \/>\n<meta property=\"og:site_name\" content=\"KingTyre Professional motorcycle tire manufacturer\" \/>\n<meta property=\"article:publisher\" content=\"https:\/\/www.facebook.com\/ChinaKingTyre\" \/>\n<meta property=\"article:modified_time\" content=\"2025-08-21T08:58:47+00:00\" \/>\n<meta property=\"og:image\" content=\"https:\/\/www.chinakingtyre.com\/wp-content\/uploads\/2025\/08\/kingtyre-k81-k83-dirt-bike-tires.jpg\" \/>\n\t<meta property=\"og:image:width\" content=\"800\" \/>\n\t<meta property=\"og:image:height\" content=\"800\" \/>\n\t<meta property=\"og:image:type\" content=\"image\/jpeg\" \/>\n<meta name=\"twitter:card\" content=\"summary_large_image\" \/>\n<meta name=\"twitter:label1\" content=\"Szacowany czas czytania\" \/>\n\t<meta name=\"twitter:data1\" content=\"4 minuty\" \/>\n<script type=\"application\/ld+json\" class=\"yoast-schema-graph\">{\"@context\":\"https:\/\/schema.org\",\"@graph\":[{\"@type\":\"WebPage\",\"@id\":\"https:\/\/www.chinakingtyre.com\/product\/off-road-motorcycle-tires-k81-k83-kingtyre\/\",\"url\":\"https:\/\/www.chinakingtyre.com\/product\/off-road-motorcycle-tires-k81-k83-kingtyre\/\",\"name\":\"Kingtyre K81 & K83 Off-road Motorcycle Tires | Extreme Enduro Performance\",\"isPartOf\":{\"@id\":\"https:\/\/www.chinakingtyre.com\/#website\"},\"primaryImageOfPage\":{\"@id\":\"https:\/\/www.chinakingtyre.com\/product\/off-road-motorcycle-tires-k81-k83-kingtyre\/#primaryimage\"},\"image\":{\"@id\":\"https:\/\/www.chinakingtyre.com\/product\/off-road-motorcycle-tires-k81-k83-kingtyre\/#primaryimage\"},\"thumbnailUrl\":\"https:\/\/www.chinakingtyre.com\/wp-content\/uploads\/2025\/08\/kingtyre-k81-k83-dirt-bike-tires.jpg\",\"datePublished\":\"2025-08-21T08:58:44+00:00\",\"dateModified\":\"2025-08-21T08:58:47+00:00\",\"description\":\"Discover the Kingtyre K81 & K83 off-road motorcycle tires engineered for dirt, mud, and rocky terrains. Built with aggressive tread, reinforced carcass, and premium compounds, these dirt bike tires deliver unmatched traction, durability, and adventure-ready performance.\",\"breadcrumb\":{\"@id\":\"https:\/\/www.chinakingtyre.com\/product\/off-road-motorcycle-tires-k81-k83-kingtyre\/#breadcrumb\"},\"inLanguage\":\"pl-PL\",\"potentialAction\":[{\"@type\":\"ReadAction\",\"target\":[\"https:\/\/www.chinakingtyre.com\/product\/off-road-motorcycle-tires-k81-k83-kingtyre\/\"]}]},{\"@type\":\"ImageObject\",\"inLanguage\":\"pl-PL\",\"@id\":\"https:\/\/www.chinakingtyre.com\/product\/off-road-motorcycle-tires-k81-k83-kingtyre\/#primaryimage\",\"url\":\"https:\/\/www.chinakingtyre.com\/wp-content\/uploads\/2025\/08\/kingtyre-k81-k83-dirt-bike-tires.jpg\",\"contentUrl\":\"https:\/\/www.chinakingtyre.com\/wp-content\/uploads\/2025\/08\/kingtyre-k81-k83-dirt-bike-tires.jpg\",\"width\":800,\"height\":800,\"caption\":\"kingtyre-k81-k83-dirt-bike-tires\"},{\"@type\":\"BreadcrumbList\",\"@id\":\"https:\/\/www.chinakingtyre.com\/product\/off-road-motorcycle-tires-k81-k83-kingtyre\/#breadcrumb\",\"itemListElement\":[{\"@type\":\"ListItem\",\"position\":1,\"name\":\"Home\",\"item\":\"https:\/\/www.chinakingtyre.com\/\"},{\"@type\":\"ListItem\",\"position\":2,\"name\":\"Kingtyre Product List\",\"item\":\"https:\/\/www.chinakingtyre.com\/kingtyre-product-list\/\"},{\"@type\":\"ListItem\",\"position\":3,\"name\":\"Kingtyre K81 &#038; K83 Off-road Motorcycle Tires: Built for Extreme Adventure\"}]},{\"@type\":\"WebSite\",\"@id\":\"https:\/\/www.chinakingtyre.com\/#website\",\"url\":\"https:\/\/www.chinakingtyre.com\/\",\"name\":\"KingTyre Professional motorcycle tire manufacturer\",\"description\":\"\",\"publisher\":{\"@id\":\"https:\/\/www.chinakingtyre.com\/#organization\"},\"potentialAction\":[{\"@type\":\"SearchAction\",\"target\":{\"@type\":\"EntryPoint\",\"urlTemplate\":\"https:\/\/www.chinakingtyre.com\/?s={search_term_string}\"},\"query-input\":{\"@type\":\"PropertyValueSpecification\",\"valueRequired\":true,\"valueName\":\"search_term_string\"}}],\"inLanguage\":\"pl-PL\"},{\"@type\":\"Organization\",\"@id\":\"https:\/\/www.chinakingtyre.com\/#organization\",\"name\":\"TIANJIN KINGTYRE GROUP CO.,LTD\",\"url\":\"https:\/\/www.chinakingtyre.com\/\",\"logo\":{\"@type\":\"ImageObject\",\"inLanguage\":\"pl-PL\",\"@id\":\"https:\/\/www.chinakingtyre.com\/#\/schema\/logo\/image\/\",\"url\":\"https:\/\/www.chinakingtyre.com\/wp-content\/uploads\/2025\/07\/LOGO.png\",\"contentUrl\":\"https:\/\/www.chinakingtyre.com\/wp-content\/uploads\/2025\/07\/LOGO.png\",\"width\":870,\"height\":212,\"caption\":\"TIANJIN KINGTYRE GROUP CO.,LTD\"},\"image\":{\"@id\":\"https:\/\/www.chinakingtyre.com\/#\/schema\/logo\/image\/\"},\"sameAs\":[\"https:\/\/www.facebook.com\/ChinaKingTyre\"]}]}<\/script>\n<!-- \/ Yoast SEO Premium plugin. -->","yoast_head_json":{"title":"Opony do motocykli terenowych Kingtyre K81 i K83 | Osi\u0105gi w ekstremalnym enduro","description":"Odkryj terenowe opony motocyklowe Kingtyre K81 i K83 zaprojektowane do jazdy w b\u0142ocie, b\u0142ocie i skalistym terenie. Zbudowane z agresywnego bie\u017cnika, wzmocnionego karkasu i najwy\u017cszej jako\u015bci mieszanek, te opony do motocykli terenowych zapewniaj\u0105 niezr\u00f3wnan\u0105 przyczepno\u015b\u0107, trwa\u0142o\u015b\u0107 i wydajno\u015b\u0107 gotow\u0105 na przygod\u0119.","robots":{"index":"index","follow":"follow","max-snippet":"max-snippet:-1","max-image-preview":"max-image-preview:large","max-video-preview":"max-video-preview:-1"},"canonical":"https:\/\/www.chinakingtyre.com\/pl\/product\/opony-motocyklowe-off-road-k81-k83-kingtyre\/","og_locale":"pl_PL","og_type":"article","og_title":"Kingtyre K81 & K83 Off-road Motorcycle Tires: Built for Extreme Adventure","og_description":"Discover the Kingtyre K81 & K83 off-road motorcycle tires engineered for dirt, mud, and rocky terrains. Built with aggressive tread, reinforced carcass, and premium compounds, these dirt bike tires deliver unmatched traction, durability, and adventure-ready performance.","og_url":"https:\/\/www.chinakingtyre.com\/pl\/product\/opony-motocyklowe-off-road-k81-k83-kingtyre\/","og_site_name":"KingTyre Professional motorcycle tire manufacturer","article_publisher":"https:\/\/www.facebook.com\/ChinaKingTyre","article_modified_time":"2025-08-21T08:58:47+00:00","og_image":[{"width":800,"height":800,"url":"https:\/\/www.chinakingtyre.com\/wp-content\/uploads\/2025\/08\/kingtyre-k81-k83-dirt-bike-tires.jpg","type":"image\/jpeg"}],"twitter_card":"summary_large_image","twitter_misc":{"Szacowany czas czytania":"4 minuty"},"schema":{"@context":"https:\/\/schema.org","@graph":[{"@type":"WebPage","@id":"https:\/\/www.chinakingtyre.com\/product\/off-road-motorcycle-tires-k81-k83-kingtyre\/","url":"https:\/\/www.chinakingtyre.com\/product\/off-road-motorcycle-tires-k81-k83-kingtyre\/","name":"Opony do motocykli terenowych Kingtyre K81 i K83 | Osi\u0105gi w ekstremalnym enduro","isPartOf":{"@id":"https:\/\/www.chinakingtyre.com\/#website"},"primaryImageOfPage":{"@id":"https:\/\/www.chinakingtyre.com\/product\/off-road-motorcycle-tires-k81-k83-kingtyre\/#primaryimage"},"image":{"@id":"https:\/\/www.chinakingtyre.com\/product\/off-road-motorcycle-tires-k81-k83-kingtyre\/#primaryimage"},"thumbnailUrl":"https:\/\/www.chinakingtyre.com\/wp-content\/uploads\/2025\/08\/kingtyre-k81-k83-dirt-bike-tires.jpg","datePublished":"2025-08-21T08:58:44+00:00","dateModified":"2025-08-21T08:58:47+00:00","description":"Odkryj terenowe opony motocyklowe Kingtyre K81 i K83 zaprojektowane do jazdy w b\u0142ocie, b\u0142ocie i skalistym terenie. Zbudowane z agresywnego bie\u017cnika, wzmocnionego karkasu i najwy\u017cszej jako\u015bci mieszanek, te opony do motocykli terenowych zapewniaj\u0105 niezr\u00f3wnan\u0105 przyczepno\u015b\u0107, trwa\u0142o\u015b\u0107 i wydajno\u015b\u0107 gotow\u0105 na przygod\u0119.","breadcrumb":{"@id":"https:\/\/www.chinakingtyre.com\/product\/off-road-motorcycle-tires-k81-k83-kingtyre\/#breadcrumb"},"inLanguage":"pl-PL","potentialAction":[{"@type":"ReadAction","target":["https:\/\/www.chinakingtyre.com\/product\/off-road-motorcycle-tires-k81-k83-kingtyre\/"]}]},{"@type":"ImageObject","inLanguage":"pl-PL","@id":"https:\/\/www.chinakingtyre.com\/product\/off-road-motorcycle-tires-k81-k83-kingtyre\/#primaryimage","url":"https:\/\/www.chinakingtyre.com\/wp-content\/uploads\/2025\/08\/kingtyre-k81-k83-dirt-bike-tires.jpg","contentUrl":"https:\/\/www.chinakingtyre.com\/wp-content\/uploads\/2025\/08\/kingtyre-k81-k83-dirt-bike-tires.jpg","width":800,"height":800,"caption":"kingtyre-k81-k83-dirt-bike-tires"},{"@type":"BreadcrumbList","@id":"https:\/\/www.chinakingtyre.com\/product\/off-road-motorcycle-tires-k81-k83-kingtyre\/#breadcrumb","itemListElement":[{"@type":"ListItem","position":1,"name":"Home","item":"https:\/\/www.chinakingtyre.com\/"},{"@type":"ListItem","position":2,"name":"Kingtyre Product List","item":"https:\/\/www.chinakingtyre.com\/kingtyre-product-list\/"},{"@type":"ListItem","position":3,"name":"Kingtyre K81 &#038; K83 Off-road Motorcycle Tires: Built for Extreme Adventure"}]},{"@type":"WebSite","@id":"https:\/\/www.chinakingtyre.com\/#website","url":"https:\/\/www.chinakingtyre.com\/","name":"KingTyre Profesjonalny producent opon motocyklowych","description":"","publisher":{"@id":"https:\/\/www.chinakingtyre.com\/#organization"},"potentialAction":[{"@type":"SearchAction","target":{"@type":"EntryPoint","urlTemplate":"https:\/\/www.chinakingtyre.com\/?s={search_term_string}"},"query-input":{"@type":"PropertyValueSpecification","valueRequired":true,"valueName":"search_term_string"}}],"inLanguage":"pl-PL"},{"@type":"Organization","@id":"https:\/\/www.chinakingtyre.com\/#organization","name":"TIANJIN KINGTYRE GROUP CO., LTD","url":"https:\/\/www.chinakingtyre.com\/","logo":{"@type":"ImageObject","inLanguage":"pl-PL","@id":"https:\/\/www.chinakingtyre.com\/#\/schema\/logo\/image\/","url":"https:\/\/www.chinakingtyre.com\/wp-content\/uploads\/2025\/07\/LOGO.png","contentUrl":"https:\/\/www.chinakingtyre.com\/wp-content\/uploads\/2025\/07\/LOGO.png","width":870,"height":212,"caption":"TIANJIN KINGTYRE GROUP CO.,LTD"},"image":{"@id":"https:\/\/www.chinakingtyre.com\/#\/schema\/logo\/image\/"},"sameAs":["https:\/\/www.facebook.com\/ChinaKingTyre"]}]}},"_links":{"self":[{"href":"https:\/\/www.chinakingtyre.com\/pl\/wp-json\/wp\/v2\/product\/491","targetHints":{"allow":["GET"]}}],"collection":[{"href":"https:\/\/www.chinakingtyre.com\/pl\/wp-json\/wp\/v2\/product"}],"about":[{"href":"https:\/\/www.chinakingtyre.com\/pl\/wp-json\/wp\/v2\/types\/product"}],"replies":[{"embeddable":true,"href":"https:\/\/www.chinakingtyre.com\/pl\/wp-json\/wp\/v2\/comments?post=491"}],"wp:featuredmedia":[{"embeddable":true,"href":"https:\/\/www.chinakingtyre.com\/pl\/wp-json\/wp\/v2\/media\/495"}],"wp:attachment":[{"href":"https:\/\/www.chinakingtyre.com\/pl\/wp-json\/wp\/v2\/media?parent=491"}],"curies":[{"name":"wp","href":"https:\/\/api.w.org\/{rel}","templated":true}]}}