{"id":508,"date":"2025-08-25T02:34:16","date_gmt":"2025-08-25T02:34:16","guid":{"rendered":"https:\/\/www.chinakingtyre.com\/?post_type=product&#038;p=508"},"modified":"2025-08-25T02:34:18","modified_gmt":"2025-08-25T02:34:18","slug":"opony-k67-90-10-dual-sport","status":"publish","type":"product","link":"https:\/\/www.chinakingtyre.com\/pl\/product\/opony-k67-90-10-dual-sport\/","title":{"rendered":"Opony Kingtyre K67 90\/10 Dual Sport - precyzja dla mi\u0142o\u015bnik\u00f3w przyg\u00f3d"},"content":{"rendered":"<h2><strong>Zalety opon Kingtyre K67 90\/10 Dual Sport<\/strong><\/h2>\n<p>The <strong>Podw\u00f3jne opony sportowe Kingtyre K67 90\/10<\/strong> zosta\u0142y zaprojektowane z unikalnym wzorem bie\u017cnika inspirowanym wzorem K60, zoptymalizowanym pod k\u0105tem <strong>Stabilno\u015b\u0107 na drodze 90% i zdolno\u015b\u0107 do jazdy w terenie 10%<\/strong>. To czyni je jednymi z najbardziej wszechstronnych <strong>podw\u00f3jne sportowe opony motocyklowe<\/strong> dla rowerzyst\u00f3w, kt\u00f3rzy wymagaj\u0105 doskona\u0142ej przyczepno\u015bci na asfalcie, zachowuj\u0105c jednocze\u015bnie zdolno\u015b\u0107 do pokonywania lekkich szutr\u00f3w, polnych \u015bcie\u017cek lub le\u015bnych szlak\u00f3w.<\/p>\n<p>Kluczowe zalety wydajno\u015bci obejmuj\u0105:<\/p>\n<ul>\n<li><strong>Ulepszona geometria bie\u017cnika<\/strong> - Blokowy wz\u00f3r bie\u017cnika poprawia odprowadzanie wody, zapewniaj\u0105c niezawodn\u0105 przyczepno\u015b\u0107 na mokrej nawierzchni i zmniejszaj\u0105c ryzyko hydroplaningu nawet o <strong>18%<\/strong> w por\u00f3wnaniu do konwencjonalnych wzorc\u00f3w.<\/li>\n<li><strong>Zoptymalizowana mieszanka gumowa<\/strong> - Formu\u0142a wzmocniona krzemionk\u0105 zwi\u0119ksza przyczepno\u015b\u0107 przy jednoczesnym zachowaniu odporno\u015bci na zu\u017cycie, zapewniaj\u0105c do <strong>\u015arednia \u017cywotno\u015b\u0107 15 000 km<\/strong> w warunkach mieszanych.<\/li>\n<li><strong>Stabilno\u015b\u0107 przy du\u017cych pr\u0119dko\u015bciach<\/strong> - Promieniowa konstrukcja korpusu zmniejsza gromadzenie si\u0119 ciep\u0142a, zapewniaj\u0105c sta\u0142\u0105 wydajno\u015b\u0107 przy pr\u0119dko\u015bciach powy\u017cej <strong>180 km\/h<\/strong>.<\/li>\n<li><strong>Pewno\u015b\u0107 w terenie<\/strong> - Opona terenowa 10% ma wzmocnione \u015bciany boczne i przesuni\u0119te wzgl\u0119dem siebie wyst\u0119py na barkach dla lepszej przyczepno\u015bci w lu\u017anym terenie.<\/li>\n<\/ul>\n<p><img loading=\"lazy\" decoding=\"async\" class=\"aligncenter wp-image-510 size-full\" src=\"https:\/\/www.chinakingtyre.com\/wp-content\/uploads\/2025\/08\/Kingtyre-K67-90-10-dual-sport-tires.jpg\" alt=\"Wz\u00f3r bie\u017cnika podw\u00f3jnej opony sportowej Kingtyre K67 90\/10 zoptymalizowany pod k\u0105tem jazdy szosowej i lekkiej jazdy terenowej.\" width=\"800\" height=\"800\" srcset=\"https:\/\/www.chinakingtyre.com\/wp-content\/uploads\/2025\/08\/Kingtyre-K67-90-10-dual-sport-tires.jpg 800w, https:\/\/www.chinakingtyre.com\/wp-content\/uploads\/2025\/08\/Kingtyre-K67-90-10-dual-sport-tires-300x300.jpg 300w, https:\/\/www.chinakingtyre.com\/wp-content\/uploads\/2025\/08\/Kingtyre-K67-90-10-dual-sport-tires-150x150.jpg 150w, https:\/\/www.chinakingtyre.com\/wp-content\/uploads\/2025\/08\/Kingtyre-K67-90-10-dual-sport-tires-768x768.jpg 768w, https:\/\/www.chinakingtyre.com\/wp-content\/uploads\/2025\/08\/Kingtyre-K67-90-10-dual-sport-tires-12x12.jpg 12w, https:\/\/www.chinakingtyre.com\/wp-content\/uploads\/2025\/08\/Kingtyre-K67-90-10-dual-sport-tires-600x600.jpg 600w\" sizes=\"auto, (max-width: 800px) 100vw, 800px\" \/><\/p>\n<hr \/>\n<h2><strong>Dost\u0119pne rozmiary opon<\/strong><\/h2>\n<ul>\n<li><strong>Prz\u00f3d:<\/strong> 90\/90R21 - idealna do motocykli ADV wymagaj\u0105cych <strong>21-calowe sportowe opony motocyklowe<\/strong>.<\/li>\n<li><strong>Ty\u0142:<\/strong> 150\/70R18 - Idealne dopasowanie dla <strong>18-calowe sportowe opony motocyklowe<\/strong> zapewnia r\u00f3wnowag\u0119 mi\u0119dzy wytrzyma\u0142o\u015bci\u0105 turystyczn\u0105 a przyczepno\u015bci\u0105 w terenie.<\/li>\n<\/ul>\n<p><img loading=\"lazy\" decoding=\"async\" class=\"aligncenter wp-image-511 size-full\" src=\"https:\/\/www.chinakingtyre.com\/wp-content\/uploads\/2025\/08\/kingtyre-k67-adv-tires-motorcycle.jpg\" alt=\"Podw\u00f3jne opony sportowe Kingtyre K67 90\/10 zamontowane na motocyklu turystycznym typu adventure\" width=\"1678\" height=\"794\" srcset=\"https:\/\/www.chinakingtyre.com\/wp-content\/uploads\/2025\/08\/kingtyre-k67-adv-tires-motorcycle.jpg 1678w, https:\/\/www.chinakingtyre.com\/wp-content\/uploads\/2025\/08\/kingtyre-k67-adv-tires-motorcycle-300x142.jpg 300w, https:\/\/www.chinakingtyre.com\/wp-content\/uploads\/2025\/08\/kingtyre-k67-adv-tires-motorcycle-1024x485.jpg 1024w, https:\/\/www.chinakingtyre.com\/wp-content\/uploads\/2025\/08\/kingtyre-k67-adv-tires-motorcycle-768x363.jpg 768w, https:\/\/www.chinakingtyre.com\/wp-content\/uploads\/2025\/08\/kingtyre-k67-adv-tires-motorcycle-1536x727.jpg 1536w, https:\/\/www.chinakingtyre.com\/wp-content\/uploads\/2025\/08\/kingtyre-k67-adv-tires-motorcycle-18x9.jpg 18w, https:\/\/www.chinakingtyre.com\/wp-content\/uploads\/2025\/08\/kingtyre-k67-adv-tires-motorcycle-600x284.jpg 600w\" sizes=\"auto, (max-width: 1678px) 100vw, 1678px\" \/><\/p>\n<hr \/>\n<h2><strong>Kingtyre - profesjonalny producent opon do sport\u00f3w dwuosobowych<\/strong><\/h2>\n<p>Jako jeden z wiod\u0105cych <strong>producenci opon motocyklowych<\/strong>Kingtyre specjalizuje si\u0119 w produkcji najwy\u017cszej jako\u015bci <strong>Podw\u00f3jne opony sportowe 90\/10<\/strong> ze \u015bwiatowymi standardami. Nasze zak\u0142ady produkcyjne s\u0105 wyposa\u017cone w:<\/p>\n<ul>\n<li><strong>W pe\u0142ni zautomatyzowane systemy mieszania<\/strong> - Zapewnienie sta\u0142ej jako\u015bci gumy.<\/li>\n<li><strong>Zrobotyzowane prasy do utwardzania<\/strong> - Precyzyjne formowanie zapewnia jednolit\u0105 geometri\u0119 bie\u017cnika.<\/li>\n<li><strong>Wywa\u017canie dynamiczne i kontrola rentgenowska<\/strong> - Gwarantujemy, \u017ce ka\u017cda opona spe\u0142nia surowe \u015bwiatowe normy bezpiecze\u0144stwa.<\/li>\n<\/ul>\n<p>Kingtyre jest uznawane za <strong>producent opon dual sport<\/strong> zaufany przez zawodnik\u00f3w w <strong>Europa, Ameryka P\u00f3\u0142nocna i Azja<\/strong> za zaanga\u017cowanie w jako\u015b\u0107 i innowacyjno\u015b\u0107.<\/p>\n<hr \/>\n<h2><strong>10 typowych bol\u0105czek jazdy na oponach 90\/10 Dual Sport<\/strong><\/h2>\n<ol>\n<li>Zmniejszona przyczepno\u015b\u0107 na mokrym asfalcie.<\/li>\n<li>S\u0142aba przyczepno\u015b\u0107 na lu\u017anych drogach szutrowych.<\/li>\n<li>Wysoki wsp\u00f3\u0142czynnik zu\u017cycia podczas jazdy na d\u0142ugich dystansach.<\/li>\n<li>Niestabilno\u015b\u0107 przy du\u017cych pr\u0119dko\u015bciach.<\/li>\n<li>Ograniczony przebieg w mieszanym terenie.<\/li>\n<li>Nagrzewanie si\u0119 autostrad.<\/li>\n<li>Wibracje na nieutwardzonych szlakach.<\/li>\n<li>Trudno\u015b\u0107 w zr\u00f3wnowa\u017ceniu komfortu jazdy na drodze z wytrzyma\u0142o\u015bci\u0105 w terenie.<\/li>\n<li>Niesp\u00f3jna przyczepno\u015b\u0107 na zakr\u0119tach.<\/li>\n<li>Szybkie zu\u017cycie bie\u017cnika w obci\u0105\u017conych motocyklach ADV.<\/li>\n<\/ol>\n<hr \/>\n<h2><strong>Rozwi\u0105zania Kingtyre z wzorem K67<\/strong><\/h2>\n<ul>\n<li><strong>Ulepszenie chwytu na mokro:<\/strong> Zaawansowane kana\u0142y bie\u017cnika poprawiaj\u0105 odprowadzanie wody, zwi\u0119kszaj\u0105c przyczepno\u015b\u0107 na mokrej nawierzchni o <strong>20%<\/strong>.<\/li>\n<li><strong>Wydajno\u015b\u0107 na \u017cwirze:<\/strong> Wzmocnione uchwyty boczne zapewniaj\u0105 stabilno\u015b\u0107 na nier\u00f3wnym pod\u0142o\u017cu.<\/li>\n<li><strong>D\u0142ugowieczno\u015b\u0107:<\/strong> Zwi\u0105zki krzemionki zmniejszaj\u0105 \u015bcieranie, wyd\u0142u\u017caj\u0105c cykl \u017cycia o <strong>15-20%<\/strong>.<\/li>\n<li><strong>Odporno\u015b\u0107 na ciep\u0142o:<\/strong> Radialny korpus rozprasza ciep\u0142o, utrzymuj\u0105c temperatur\u0119 <strong>12\u00b0C ch\u0142odniej<\/strong> ni\u017c konkurencyjne opony diagonalne.<\/li>\n<li><strong>Komfort + wytrzyma\u0142o\u015b\u0107:<\/strong> Konstrukcja z podw\u00f3jnej mieszanki r\u00f3wnowa\u017cy komfort na autostradach i wytrzyma\u0142o\u015b\u0107 w terenie.<\/li>\n<\/ul>\n<hr \/>\n<h2><strong>Specyfikacja techniczna - Kingtyre K67<\/strong><\/h2>\n<table style=\"height: 346px;\" width=\"911\">\n<thead>\n<tr>\n<th><strong>Specyfikacja<\/strong><\/th>\n<th><strong>Prz\u00f3d<\/strong><\/th>\n<th><strong>Ty\u0142<\/strong><\/th>\n<\/tr>\n<\/thead>\n<tbody>\n<tr>\n<td>Rozmiar<\/td>\n<td>90\/90R21<\/td>\n<td>150\/70R18<\/td>\n<\/tr>\n<tr>\n<td>Budowa<\/td>\n<td>Promieniowy<\/td>\n<td>Promieniowy<\/td>\n<\/tr>\n<tr>\n<td>Wz\u00f3r bie\u017cnika<\/td>\n<td>K67 (90\/10 Dual Sport)<\/td>\n<td>K67 (90\/10 Dual Sport)<\/td>\n<\/tr>\n<tr>\n<td>Indeks obci\u0105\u017cenia<\/td>\n<td>54<\/td>\n<td>70<\/td>\n<\/tr>\n<tr>\n<td>Ocena pr\u0119dko\u015bci<\/td>\n<td>H (210 km\/h)<\/td>\n<td>H (210 km\/h)<\/td>\n<\/tr>\n<tr>\n<td>Zalecane ci\u015bnienie zimna<\/td>\n<td>2,3 bara (33 psi)<\/td>\n<td>2,8 bar (41 psi)<\/td>\n<\/tr>\n<tr>\n<td>Zalecane ci\u015bnienie gor\u0105ca<\/td>\n<td>2,5 bara (36 psi)<\/td>\n<td>3,0 bar (44 psi)<\/td>\n<\/tr>\n<tr>\n<td>\u015aredni przebieg. Przebieg<\/td>\n<td>15 000 km<\/td>\n<td>15 000 km<\/td>\n<\/tr>\n<\/tbody>\n<\/table>\n<hr \/>\n<h2><strong>Najcz\u0119\u015bciej zadawane pytania - opony 90\/10 Dual Sport<\/strong><\/h2>\n<p><strong>P1: Czy opony dual sport 90\/10 nadaj\u0105 si\u0119 do jazdy po autostradzie?<\/strong><\/p>\n<p>A1: Tak, zapewniaj\u0105 doskona\u0142\u0105 stabilno\u015b\u0107 a\u017c do <strong>210 km\/h<\/strong>dzi\u0119ki czemu nadaj\u0105 si\u0119 do d\u0142ugodystansowej jazdy po drogach.<\/p>\n<p><strong>P2: Czy mog\u0119 u\u017cywa\u0107 Kingtyre K67 na drogach szutrowych?<\/strong><\/p>\n<p>A2: Tak, z <strong>Konstrukcja terenowa 10%<\/strong>radz\u0105 sobie ze \u017cwirem i brudem dzi\u0119ki wzmocnionemu uchwytowi na ramieniu.<\/p>\n<p><strong>P3: Jaka jest \u015brednia d\u0142ugo\u015b\u0107 \u017cycia?<\/strong><\/p>\n<p>A3: Wok\u00f3\u0142 <strong>15 000 km<\/strong> w zale\u017cno\u015bci od obci\u0105\u017cenia, pr\u0119dko\u015bci i terenu.<\/p>\n<p><strong>P4: Czy dobrze sprawdzaj\u0105 si\u0119 w mokrych warunkach?<\/strong><\/p>\n<p>A4: Kana\u0142y bie\u017cnika poprawiaj\u0105 odprowadzanie wody, zwi\u0119kszaj\u0105c przyczepno\u015b\u0107 na mokrej nawierzchni o <strong>20%<\/strong>.<\/p>\n<p><strong>P5: Czy s\u0105 bezd\u0119tkowe?<\/strong><\/p>\n<p>A5: Tak, Kingtyre K67 jest w zestawie <strong>Konstrukcja radialna bezd\u0119tkowa<\/strong>.<\/p>\n<p><strong>P6: Jakie motocykle pasuj\u0105 do opon 90\/90R21 i 150\/70R18?<\/strong><\/p>\n<p>A6: Idealny do modeli ADV, takich jak BMW serii GS, Honda Africa Twin i KTM Adventure.<\/p>\n<p><strong>P7: Czy mog\u0119 ich u\u017cywa\u0107 w rajdach d\u0142ugodystansowych?<\/strong><\/p>\n<p>A7: Tak, ich odporna na ciep\u0142o konstrukcja zosta\u0142a zaprojektowana z my\u015bl\u0105 o wy\u015bcigach wytrzyma\u0142o\u015bciowych.<\/p>\n<p><strong>P8: Jaka jest r\u00f3\u017cnica mi\u0119dzy oponami 90\/10 i 50\/50?<\/strong><\/p>\n<p>A8: 90\/10 faworyzuje jazd\u0119 szosow\u0105, podczas gdy 50\/50 r\u00f3wnowa\u017cy jazd\u0119 szosow\u0105 i terenow\u0105.<\/p>\n<p><strong>P9: Czy musz\u0119 dostosowywa\u0107 ci\u015bnienie w oponach do jazdy w terenie?<\/strong><\/p>\n<p>A9: W przypadku \u017cwiru\/ziemi nale\u017cy zmniejszy\u0107 o <strong>0,2 bara (3 psi)<\/strong> dla lepszej przyczepno\u015bci.<\/p>\n<p><strong>Q10: Czy s\u0105 kompatybilne z ci\u0119\u017ckimi motocyklami ADV?<\/strong><\/p>\n<p>O10: Tak, wysoki wska\u017anik obci\u0105\u017cenia sprawia, \u017ce nadaj\u0105 si\u0119 one do w pe\u0142ni obci\u0105\u017conych konfiguracji turystycznych.<\/p>\n<p><!-- notionvc: 977c6285-b572-434e-949e-84b97497a84a --><\/p>","protected":false},"excerpt":{"rendered":"<p>Odkryj podw\u00f3jne opony sportowe Kingtyre K67 90\/10 zaprojektowane z my\u015bl\u0105 o osi\u0105gach drogowych 90% i terenowych 10%. Dost\u0119pne w rozmiarach 21 i 18 cali dla motocykli ADV.<!-- notionvc: f6ffee0c-500b-4c88-8943-a332fa9f5ad5 --><\/p>","protected":false},"featured_media":510,"comment_status":"open","ping_status":"closed","template":"","meta":[],"class_list":{"0":"post-508","1":"product","2":"type-product","3":"status-publish","4":"has-post-thumbnail","6":"product_cat-adventure-motorcycle-tires","7":"product_tag-18-inch-dual-sport-motorcycle-tyres","8":"product_tag-21-inch-dual-sport-motorcycle-tyres","9":"product_tag-90-10-dual-sport-tires","10":"product_tag-adv-tires","11":"product_tag-adventure-tires","12":"product_tag-all-weather-dual-sport-tyres","13":"product_tag-best-dual-sport-tires-for-adv-bikes","14":"product_tag-dual-sport-motorcycle-tyres","15":"product_tag-dual-sport-radial-tires","16":"product_tag-dual-sport-tires-for-gravel-and-dirt","17":"product_tag-dual-sport-tires-manufacturers","18":"product_tag-dual-sport-touring-tires","19":"product_tag-dual-sport-tyres","20":"product_tag-heavy-load-dual-sport-motorcycle-tyres","21":"product_tag-high-speed-dual-sport-motorcycle-tires","22":"product_tag-kingtyre-k67","23":"product_tag-kingtyre-motorcycle-tires","24":"product_tag-long-lasting-dual-sport-motorcycle-tyres","25":"product_tag-mc-tires-factory","26":"product_tag-motorcycle-tires-factory","27":"product_tag-tubeless-dual-sport-motorcycle-tyres","29":"first","30":"instock","31":"shipping-taxable","32":"product-type-simple"},"yoast_head":"<!-- This site is optimized with the Yoast SEO Premium plugin v25.1 (Yoast SEO v25.1) - https:\/\/yoast.com\/wordpress\/plugins\/seo\/ -->\n<title>Kingtyre K67 90\/10 Dual Sport Tires | 21 &amp; 18 Inch Dual Sport Motorcycle Tyres<\/title>\n<meta name=\"description\" content=\"Discover the Kingtyre K67 90\/10 dual sport tires engineered for 90% road and 10% off-road performance. Available in 21 inch and 18 inch sizes for ADV motorcycles.\" \/>\n<meta name=\"robots\" content=\"index, follow, max-snippet:-1, max-image-preview:large, max-video-preview:-1\" \/>\n<link rel=\"canonical\" href=\"https:\/\/www.chinakingtyre.com\/pl\/product\/opony-k67-90-10-dual-sport\/\" \/>\n<meta property=\"og:locale\" content=\"pl_PL\" \/>\n<meta property=\"og:type\" content=\"article\" \/>\n<meta property=\"og:title\" content=\"Kingtyre K67 90\/10 Dual Sport Tires \u2013 Precision for Adventure Riders\" \/>\n<meta property=\"og:description\" content=\"Discover the Kingtyre K67 90\/10 dual sport tires engineered for 90% road and 10% off-road performance. Available in 21 inch and 18 inch sizes for ADV motorcycles.\" \/>\n<meta property=\"og:url\" content=\"https:\/\/www.chinakingtyre.com\/pl\/product\/opony-k67-90-10-dual-sport\/\" \/>\n<meta property=\"og:site_name\" content=\"KingTyre Professional motorcycle tire manufacturer\" \/>\n<meta property=\"article:publisher\" content=\"https:\/\/www.facebook.com\/ChinaKingTyre\" \/>\n<meta property=\"article:modified_time\" content=\"2025-08-25T02:34:18+00:00\" \/>\n<meta property=\"og:image\" content=\"https:\/\/www.chinakingtyre.com\/wp-content\/uploads\/2025\/08\/Kingtyre-K67-90-10-dual-sport-tires.jpg\" \/>\n\t<meta property=\"og:image:width\" content=\"800\" \/>\n\t<meta property=\"og:image:height\" content=\"800\" \/>\n\t<meta property=\"og:image:type\" content=\"image\/jpeg\" \/>\n<meta name=\"twitter:card\" content=\"summary_large_image\" \/>\n<meta name=\"twitter:label1\" content=\"Szacowany czas czytania\" \/>\n\t<meta name=\"twitter:data1\" content=\"4 minuty\" \/>\n<script type=\"application\/ld+json\" class=\"yoast-schema-graph\">{\"@context\":\"https:\/\/schema.org\",\"@graph\":[{\"@type\":\"WebPage\",\"@id\":\"https:\/\/www.chinakingtyre.com\/product\/k67-90-10-dual-sport-tires\/\",\"url\":\"https:\/\/www.chinakingtyre.com\/product\/k67-90-10-dual-sport-tires\/\",\"name\":\"Kingtyre K67 90\/10 Dual Sport Tires | 21 & 18 Inch Dual Sport Motorcycle Tyres\",\"isPartOf\":{\"@id\":\"https:\/\/www.chinakingtyre.com\/#website\"},\"primaryImageOfPage\":{\"@id\":\"https:\/\/www.chinakingtyre.com\/product\/k67-90-10-dual-sport-tires\/#primaryimage\"},\"image\":{\"@id\":\"https:\/\/www.chinakingtyre.com\/product\/k67-90-10-dual-sport-tires\/#primaryimage\"},\"thumbnailUrl\":\"https:\/\/www.chinakingtyre.com\/wp-content\/uploads\/2025\/08\/Kingtyre-K67-90-10-dual-sport-tires.jpg\",\"datePublished\":\"2025-08-25T02:34:16+00:00\",\"dateModified\":\"2025-08-25T02:34:18+00:00\",\"description\":\"Discover the Kingtyre K67 90\/10 dual sport tires engineered for 90% road and 10% off-road performance. Available in 21 inch and 18 inch sizes for ADV motorcycles.\",\"breadcrumb\":{\"@id\":\"https:\/\/www.chinakingtyre.com\/product\/k67-90-10-dual-sport-tires\/#breadcrumb\"},\"inLanguage\":\"pl-PL\",\"potentialAction\":[{\"@type\":\"ReadAction\",\"target\":[\"https:\/\/www.chinakingtyre.com\/product\/k67-90-10-dual-sport-tires\/\"]}]},{\"@type\":\"ImageObject\",\"inLanguage\":\"pl-PL\",\"@id\":\"https:\/\/www.chinakingtyre.com\/product\/k67-90-10-dual-sport-tires\/#primaryimage\",\"url\":\"https:\/\/www.chinakingtyre.com\/wp-content\/uploads\/2025\/08\/Kingtyre-K67-90-10-dual-sport-tires.jpg\",\"contentUrl\":\"https:\/\/www.chinakingtyre.com\/wp-content\/uploads\/2025\/08\/Kingtyre-K67-90-10-dual-sport-tires.jpg\",\"width\":800,\"height\":800,\"caption\":\"Kingtyre K67 90\/10 dual sport tire tread pattern optimized for road and light off-road riding\"},{\"@type\":\"BreadcrumbList\",\"@id\":\"https:\/\/www.chinakingtyre.com\/product\/k67-90-10-dual-sport-tires\/#breadcrumb\",\"itemListElement\":[{\"@type\":\"ListItem\",\"position\":1,\"name\":\"Home\",\"item\":\"https:\/\/www.chinakingtyre.com\/\"},{\"@type\":\"ListItem\",\"position\":2,\"name\":\"Kingtyre Product List\",\"item\":\"https:\/\/www.chinakingtyre.com\/kingtyre-product-list\/\"},{\"@type\":\"ListItem\",\"position\":3,\"name\":\"Kingtyre K67 90\/10 Dual Sport Tires \u2013 Precision for Adventure Riders\"}]},{\"@type\":\"WebSite\",\"@id\":\"https:\/\/www.chinakingtyre.com\/#website\",\"url\":\"https:\/\/www.chinakingtyre.com\/\",\"name\":\"KingTyre Professional motorcycle tire manufacturer\",\"description\":\"\",\"publisher\":{\"@id\":\"https:\/\/www.chinakingtyre.com\/#organization\"},\"potentialAction\":[{\"@type\":\"SearchAction\",\"target\":{\"@type\":\"EntryPoint\",\"urlTemplate\":\"https:\/\/www.chinakingtyre.com\/?s={search_term_string}\"},\"query-input\":{\"@type\":\"PropertyValueSpecification\",\"valueRequired\":true,\"valueName\":\"search_term_string\"}}],\"inLanguage\":\"pl-PL\"},{\"@type\":\"Organization\",\"@id\":\"https:\/\/www.chinakingtyre.com\/#organization\",\"name\":\"TIANJIN KINGTYRE GROUP CO.,LTD\",\"url\":\"https:\/\/www.chinakingtyre.com\/\",\"logo\":{\"@type\":\"ImageObject\",\"inLanguage\":\"pl-PL\",\"@id\":\"https:\/\/www.chinakingtyre.com\/#\/schema\/logo\/image\/\",\"url\":\"https:\/\/www.chinakingtyre.com\/wp-content\/uploads\/2025\/07\/LOGO.png\",\"contentUrl\":\"https:\/\/www.chinakingtyre.com\/wp-content\/uploads\/2025\/07\/LOGO.png\",\"width\":870,\"height\":212,\"caption\":\"TIANJIN KINGTYRE GROUP CO.,LTD\"},\"image\":{\"@id\":\"https:\/\/www.chinakingtyre.com\/#\/schema\/logo\/image\/\"},\"sameAs\":[\"https:\/\/www.facebook.com\/ChinaKingTyre\"]}]}<\/script>\n<!-- \/ Yoast SEO Premium plugin. -->","yoast_head_json":{"title":"Opony Kingtyre K67 90\/10 Dual Sport | 21 i 18-calowe opony motocyklowe Dual Sport","description":"Odkryj podw\u00f3jne opony sportowe Kingtyre K67 90\/10 zaprojektowane z my\u015bl\u0105 o osi\u0105gach drogowych 90% i terenowych 10%. Dost\u0119pne w rozmiarach 21 i 18 cali dla motocykli ADV.","robots":{"index":"index","follow":"follow","max-snippet":"max-snippet:-1","max-image-preview":"max-image-preview:large","max-video-preview":"max-video-preview:-1"},"canonical":"https:\/\/www.chinakingtyre.com\/pl\/product\/opony-k67-90-10-dual-sport\/","og_locale":"pl_PL","og_type":"article","og_title":"Kingtyre K67 90\/10 Dual Sport Tires \u2013 Precision for Adventure Riders","og_description":"Discover the Kingtyre K67 90\/10 dual sport tires engineered for 90% road and 10% off-road performance. Available in 21 inch and 18 inch sizes for ADV motorcycles.","og_url":"https:\/\/www.chinakingtyre.com\/pl\/product\/opony-k67-90-10-dual-sport\/","og_site_name":"KingTyre Professional motorcycle tire manufacturer","article_publisher":"https:\/\/www.facebook.com\/ChinaKingTyre","article_modified_time":"2025-08-25T02:34:18+00:00","og_image":[{"width":800,"height":800,"url":"https:\/\/www.chinakingtyre.com\/wp-content\/uploads\/2025\/08\/Kingtyre-K67-90-10-dual-sport-tires.jpg","type":"image\/jpeg"}],"twitter_card":"summary_large_image","twitter_misc":{"Szacowany czas czytania":"4 minuty"},"schema":{"@context":"https:\/\/schema.org","@graph":[{"@type":"WebPage","@id":"https:\/\/www.chinakingtyre.com\/product\/k67-90-10-dual-sport-tires\/","url":"https:\/\/www.chinakingtyre.com\/product\/k67-90-10-dual-sport-tires\/","name":"Opony Kingtyre K67 90\/10 Dual Sport | 21 i 18-calowe opony motocyklowe Dual Sport","isPartOf":{"@id":"https:\/\/www.chinakingtyre.com\/#website"},"primaryImageOfPage":{"@id":"https:\/\/www.chinakingtyre.com\/product\/k67-90-10-dual-sport-tires\/#primaryimage"},"image":{"@id":"https:\/\/www.chinakingtyre.com\/product\/k67-90-10-dual-sport-tires\/#primaryimage"},"thumbnailUrl":"https:\/\/www.chinakingtyre.com\/wp-content\/uploads\/2025\/08\/Kingtyre-K67-90-10-dual-sport-tires.jpg","datePublished":"2025-08-25T02:34:16+00:00","dateModified":"2025-08-25T02:34:18+00:00","description":"Odkryj podw\u00f3jne opony sportowe Kingtyre K67 90\/10 zaprojektowane z my\u015bl\u0105 o osi\u0105gach drogowych 90% i terenowych 10%. Dost\u0119pne w rozmiarach 21 i 18 cali dla motocykli ADV.","breadcrumb":{"@id":"https:\/\/www.chinakingtyre.com\/product\/k67-90-10-dual-sport-tires\/#breadcrumb"},"inLanguage":"pl-PL","potentialAction":[{"@type":"ReadAction","target":["https:\/\/www.chinakingtyre.com\/product\/k67-90-10-dual-sport-tires\/"]}]},{"@type":"ImageObject","inLanguage":"pl-PL","@id":"https:\/\/www.chinakingtyre.com\/product\/k67-90-10-dual-sport-tires\/#primaryimage","url":"https:\/\/www.chinakingtyre.com\/wp-content\/uploads\/2025\/08\/Kingtyre-K67-90-10-dual-sport-tires.jpg","contentUrl":"https:\/\/www.chinakingtyre.com\/wp-content\/uploads\/2025\/08\/Kingtyre-K67-90-10-dual-sport-tires.jpg","width":800,"height":800,"caption":"Kingtyre K67 90\/10 dual sport tire tread pattern optimized for road and light off-road riding"},{"@type":"BreadcrumbList","@id":"https:\/\/www.chinakingtyre.com\/product\/k67-90-10-dual-sport-tires\/#breadcrumb","itemListElement":[{"@type":"ListItem","position":1,"name":"Home","item":"https:\/\/www.chinakingtyre.com\/"},{"@type":"ListItem","position":2,"name":"Kingtyre Product List","item":"https:\/\/www.chinakingtyre.com\/kingtyre-product-list\/"},{"@type":"ListItem","position":3,"name":"Kingtyre K67 90\/10 Dual Sport Tires \u2013 Precision for Adventure Riders"}]},{"@type":"WebSite","@id":"https:\/\/www.chinakingtyre.com\/#website","url":"https:\/\/www.chinakingtyre.com\/","name":"KingTyre Profesjonalny producent opon motocyklowych","description":"","publisher":{"@id":"https:\/\/www.chinakingtyre.com\/#organization"},"potentialAction":[{"@type":"SearchAction","target":{"@type":"EntryPoint","urlTemplate":"https:\/\/www.chinakingtyre.com\/?s={search_term_string}"},"query-input":{"@type":"PropertyValueSpecification","valueRequired":true,"valueName":"search_term_string"}}],"inLanguage":"pl-PL"},{"@type":"Organization","@id":"https:\/\/www.chinakingtyre.com\/#organization","name":"TIANJIN KINGTYRE GROUP CO., LTD","url":"https:\/\/www.chinakingtyre.com\/","logo":{"@type":"ImageObject","inLanguage":"pl-PL","@id":"https:\/\/www.chinakingtyre.com\/#\/schema\/logo\/image\/","url":"https:\/\/www.chinakingtyre.com\/wp-content\/uploads\/2025\/07\/LOGO.png","contentUrl":"https:\/\/www.chinakingtyre.com\/wp-content\/uploads\/2025\/07\/LOGO.png","width":870,"height":212,"caption":"TIANJIN KINGTYRE GROUP CO.,LTD"},"image":{"@id":"https:\/\/www.chinakingtyre.com\/#\/schema\/logo\/image\/"},"sameAs":["https:\/\/www.facebook.com\/ChinaKingTyre"]}]}},"_links":{"self":[{"href":"https:\/\/www.chinakingtyre.com\/pl\/wp-json\/wp\/v2\/product\/508","targetHints":{"allow":["GET"]}}],"collection":[{"href":"https:\/\/www.chinakingtyre.com\/pl\/wp-json\/wp\/v2\/product"}],"about":[{"href":"https:\/\/www.chinakingtyre.com\/pl\/wp-json\/wp\/v2\/types\/product"}],"replies":[{"embeddable":true,"href":"https:\/\/www.chinakingtyre.com\/pl\/wp-json\/wp\/v2\/comments?post=508"}],"wp:featuredmedia":[{"embeddable":true,"href":"https:\/\/www.chinakingtyre.com\/pl\/wp-json\/wp\/v2\/media\/510"}],"wp:attachment":[{"href":"https:\/\/www.chinakingtyre.com\/pl\/wp-json\/wp\/v2\/media?parent=508"}],"curies":[{"name":"wp","href":"https:\/\/api.w.org\/{rel}","templated":true}]}}