{"id":425,"date":"2025-08-15T02:37:45","date_gmt":"2025-08-15T02:37:45","guid":{"rendered":"https:\/\/www.chinakingtyre.com\/?post_type=product&#038;p=425"},"modified":"2025-08-18T03:31:07","modified_gmt":"2025-08-18T03:31:07","slug":"pneus-kingtyre-k905-semi-slick","status":"publish","type":"product","link":"https:\/\/www.chinakingtyre.com\/pt\/product\/pneus-kingtyre-k905-semi-slick\/","title":{"rendered":"Pneus Kingtyre K905 Semi Slick - Desempenho legal para pista e rua"},"content":{"rendered":"<p>O <strong>Kingtyre K905<\/strong> \u00e9 uma nova gera\u00e7\u00e3o de <strong>pneu semi-slick<\/strong> Concebido para os condutores que exigem ader\u00eancia ao n\u00edvel da pista e utiliza\u00e7\u00e3o legal na rua. Concebidas com uma engenharia de precis\u00e3o do piso e <strong>quatro op\u00e7\u00f5es compostas distintas<\/strong>-Duro, M\u00e9dio, Suave e Ultra Suave - o K905 oferece um desempenho \u00e0 medida para <strong>corridas de motociclos, dias de pista, desloca\u00e7\u00f5es di\u00e1rias e acrobacias<\/strong>.<\/p>\n<p>Com <strong>Certifica\u00e7\u00e3o ECE e DOT<\/strong>, o K905 <strong>pneus semi-slick<\/strong> proporcionar o melhor equil\u00edbrio entre <strong>estabilidade em curva, desempenho de travagem e seguran\u00e7a em tempo de chuva<\/strong>, o que os torna um dos mais vers\u00e1teis <strong>pneus de corrida semi-slick<\/strong> no mercado.<\/p>\n<hr \/>\n<h2><strong>Vantagens dos pneus Kingtyre K905 Semi Slick<\/strong><\/h2>\n<p>O padr\u00e3o do piso e o processo de fabrico avan\u00e7ado do K905 fazem dele uma escolha de destaque entre os <strong>semi-slipes<\/strong> e <strong>slicks para motociclos<\/strong>.<\/p>\n<h3><strong>Desenho de precis\u00e3o da banda de rodagem<\/strong><\/h3>\n<p>O K905 apresenta um perfil de piso semi-slick \u00fanico que maximiza a \u00e1rea de contacto, oferecendo ranhuras m\u00ednimas para uma dispers\u00e3o \u00f3ptima da \u00e1gua. Isto assegura <strong>ader\u00eancia superior em seco<\/strong> mantendo ao mesmo tempo a seguran\u00e7a em estrada molhada.<\/p>\n<hr \/>\n<p><img loading=\"lazy\" decoding=\"async\" class=\"aligncenter wp-image-427 size-full\" src=\"https:\/\/www.chinakingtyre.com\/wp-content\/uploads\/2025\/08\/kingtyre-k905-semi-slick-tire-performance.jpg\" alt=\"Pneu semi-slick Kingtyre K905 com desenho do piso de alto desempenho para pista e rua\" width=\"1678\" height=\"794\" srcset=\"https:\/\/www.chinakingtyre.com\/wp-content\/uploads\/2025\/08\/kingtyre-k905-semi-slick-tire-performance.jpg 1678w, https:\/\/www.chinakingtyre.com\/wp-content\/uploads\/2025\/08\/kingtyre-k905-semi-slick-tire-performance-300x142.jpg 300w, https:\/\/www.chinakingtyre.com\/wp-content\/uploads\/2025\/08\/kingtyre-k905-semi-slick-tire-performance-1024x485.jpg 1024w, https:\/\/www.chinakingtyre.com\/wp-content\/uploads\/2025\/08\/kingtyre-k905-semi-slick-tire-performance-768x363.jpg 768w, https:\/\/www.chinakingtyre.com\/wp-content\/uploads\/2025\/08\/kingtyre-k905-semi-slick-tire-performance-1536x727.jpg 1536w, https:\/\/www.chinakingtyre.com\/wp-content\/uploads\/2025\/08\/kingtyre-k905-semi-slick-tire-performance-18x9.jpg 18w, https:\/\/www.chinakingtyre.com\/wp-content\/uploads\/2025\/08\/kingtyre-k905-semi-slick-tire-performance-600x284.jpg 600w\" sizes=\"auto, (max-width: 1678px) 100vw, 1678px\" \/><\/p>\n<hr \/>\n<h3><strong>Quatro op\u00e7\u00f5es de compostos para cada cavaleiro<\/strong><\/h3>\n<ul>\n<li><strong>Composto duro<\/strong>: Para uma durabilidade duradoura e para pistas de alta temperatura.<\/li>\n<li><strong>Composto m\u00e9dio<\/strong>: Ader\u00eancia e longevidade equilibradas para uma utiliza\u00e7\u00e3o mista.<\/li>\n<li><strong>Composto suave<\/strong>: M\u00e1xima ader\u00eancia para as corridas de competi\u00e7\u00e3o.<\/li>\n<li><strong>Composto ultra macio<\/strong>: Desempenho extremo para sprints curtos e trabalhos de acrobacia.<\/li>\n<\/ul>\n<p>Esta variedade permite aos cavaleiros <strong>adaptam os seus pneus semi-slick \u00e0s condi\u00e7\u00f5es de condu\u00e7\u00e3o<\/strong>, tornando o K905 ideal para <strong>pneus de corrida para motociclos<\/strong> e <strong>pneus track day moto<\/strong> utiliza\u00e7\u00e3o.<\/p>\n<hr \/>\n<h3><strong>Certifica\u00e7\u00e3o ECE e DOT<\/strong><\/h3>\n<p>Ao contr\u00e1rio das op\u00e7\u00f5es de motociclos com pneus slick puros, o K905 \u00e9 totalmente legal nas ruas <strong>ECE e DOT<\/strong> regulamentos, tornando-o perfeito para os ciclistas que transitam entre <strong>estradas p\u00fablicas e circuitos de corrida<\/strong> sem necessidade de troca de pneus.<\/p>\n<hr \/>\n<h2><strong>Tamanhos dispon\u00edveis para o pneu Kingtyre K905 Semi Slick<\/strong><\/h2>\n<p><strong>Pneus dianteiros<\/strong>:<\/p>\n<p>100\/80R17 | 110\/70ZR17 | 120\/70ZR17<\/p>\n<p><strong>Pneus traseiros<\/strong>:<\/p>\n<p>130\/70R17 | 140\/60ZR17 | 140\/70ZR17 | 180\/55ZR17 | 190\/50ZR17<\/p>\n<hr \/>\n<p><img loading=\"lazy\" decoding=\"async\" class=\"aligncenter wp-image-428 size-full\" src=\"https:\/\/www.chinakingtyre.com\/wp-content\/uploads\/2025\/08\/kingtyre-k905-semi-slick-tyre-size-chart.jpg\" alt=\"Tabela de op\u00e7\u00f5es de tamanhos dos pneus semi-slick Kingtyre K905 para corridas e utiliza\u00e7\u00e3o na rua\" width=\"1678\" height=\"794\" srcset=\"https:\/\/www.chinakingtyre.com\/wp-content\/uploads\/2025\/08\/kingtyre-k905-semi-slick-tyre-size-chart.jpg 1678w, https:\/\/www.chinakingtyre.com\/wp-content\/uploads\/2025\/08\/kingtyre-k905-semi-slick-tyre-size-chart-300x142.jpg 300w, https:\/\/www.chinakingtyre.com\/wp-content\/uploads\/2025\/08\/kingtyre-k905-semi-slick-tyre-size-chart-1024x485.jpg 1024w, https:\/\/www.chinakingtyre.com\/wp-content\/uploads\/2025\/08\/kingtyre-k905-semi-slick-tyre-size-chart-768x363.jpg 768w, https:\/\/www.chinakingtyre.com\/wp-content\/uploads\/2025\/08\/kingtyre-k905-semi-slick-tyre-size-chart-1536x727.jpg 1536w, https:\/\/www.chinakingtyre.com\/wp-content\/uploads\/2025\/08\/kingtyre-k905-semi-slick-tyre-size-chart-18x9.jpg 18w, https:\/\/www.chinakingtyre.com\/wp-content\/uploads\/2025\/08\/kingtyre-k905-semi-slick-tyre-size-chart-600x284.jpg 600w\" sizes=\"auto, (max-width: 1678px) 100vw, 1678px\" \/><\/p>\n<hr \/>\n<h2><strong>Kingtyre - F\u00e1brica de Pneus Semi Slick Avan\u00e7ados<\/strong><\/h2>\n<p>Como um dos principais <strong>Fabricantes de pneus para motociclos<\/strong> e <strong>Fabricantes de pneus MC<\/strong>A Kingtyre opera uma unidade de produ\u00e7\u00e3o de \u00faltima gera\u00e7\u00e3o com <strong>m\u00e1quinas de vulcaniza\u00e7\u00e3o hidr\u00e1ulica automatizadas, moldagem de alta precis\u00e3o de bandas de rodagem e sistemas avan\u00e7ados de teste de durabilidade<\/strong>. O nosso <strong>f\u00e1brica de pneus semi-slick<\/strong> integra a gest\u00e3o de armaz\u00e9m baseada em c\u00f3digos de barras, garantindo a rastreabilidade dos produtos e o controlo de qualidade para cada <strong>pneu semi-slick<\/strong> produzimos.<\/p>\n<hr \/>\n<h2><strong>Pontos problem\u00e1ticos dos pneus semi-slick legais<\/strong><\/h2>\n<p>Muitos motociclistas enfrentam estes desafios comuns quando escolhem <strong>pneus de corrida semi-slick legais<\/strong>:<\/p>\n<ul>\n<li>Ader\u00eancia comprometida em compara\u00e7\u00e3o com os slicks puros<\/li>\n<li>Op\u00e7\u00f5es limitadas de compostos<\/li>\n<li>Fraco desempenho em piso molhado<\/li>\n<li>Desgaste r\u00e1pido do piso<\/li>\n<li>Disponibilidade limitada em tamanhos espec\u00edficos<\/li>\n<\/ul>\n<hr \/>\n<h2><strong>A solu\u00e7\u00e3o da Kingtyre<\/strong><\/h2>\n<p>O <strong>Pneus de corrida semi-slick K905<\/strong> resolver estes problemas atrav\u00e9s de uma combina\u00e7\u00e3o:<\/p>\n<ul>\n<li><strong>Quatro selec\u00e7\u00f5es de compostos<\/strong> para corresponder \u00e0s necessidades de desempenho<\/li>\n<li>Desenho optimizado do piso para <strong>ader\u00eancia em piso seco e molhado<\/strong><\/li>\n<li>Certifica\u00e7\u00e3o ECE e DOT para legalidade nas ruas<\/li>\n<li>Tamanhos adaptados \u00e0s motos desportivas e de competi\u00e7\u00e3o mais populares<\/li>\n<li>Pre\u00e7os competitivos em compara\u00e7\u00e3o com outros <strong>pneus de motociclos de alto desempenho<\/strong><\/li>\n<\/ul>\n<hr \/>\n<p><img loading=\"lazy\" decoding=\"async\" class=\"aligncenter wp-image-429 size-full\" src=\"https:\/\/www.chinakingtyre.com\/wp-content\/uploads\/2025\/08\/\u56fe\u7247\u540d\u79f0\uff1a-kingtyre-k905-semi-slick-racing-tyres-track.jpg\" alt=\"Pneus de corrida semi-slick Kingtyre K905 com bom desempenho em pista\" width=\"1678\" height=\"794\" srcset=\"https:\/\/www.chinakingtyre.com\/wp-content\/uploads\/2025\/08\/\u56fe\u7247\u540d\u79f0\uff1a-kingtyre-k905-semi-slick-racing-tyres-track.jpg 1678w, https:\/\/www.chinakingtyre.com\/wp-content\/uploads\/2025\/08\/\u56fe\u7247\u540d\u79f0\uff1a-kingtyre-k905-semi-slick-racing-tyres-track-300x142.jpg 300w, https:\/\/www.chinakingtyre.com\/wp-content\/uploads\/2025\/08\/\u56fe\u7247\u540d\u79f0\uff1a-kingtyre-k905-semi-slick-racing-tyres-track-1024x485.jpg 1024w, https:\/\/www.chinakingtyre.com\/wp-content\/uploads\/2025\/08\/\u56fe\u7247\u540d\u79f0\uff1a-kingtyre-k905-semi-slick-racing-tyres-track-768x363.jpg 768w, https:\/\/www.chinakingtyre.com\/wp-content\/uploads\/2025\/08\/\u56fe\u7247\u540d\u79f0\uff1a-kingtyre-k905-semi-slick-racing-tyres-track-1536x727.jpg 1536w, https:\/\/www.chinakingtyre.com\/wp-content\/uploads\/2025\/08\/\u56fe\u7247\u540d\u79f0\uff1a-kingtyre-k905-semi-slick-racing-tyres-track-18x9.jpg 18w, https:\/\/www.chinakingtyre.com\/wp-content\/uploads\/2025\/08\/\u56fe\u7247\u540d\u79f0\uff1a-kingtyre-k905-semi-slick-racing-tyres-track-600x284.jpg 600w\" sizes=\"auto, (max-width: 1678px) 100vw, 1678px\" \/><\/p>\n<hr \/>\n<h2><strong>Especifica\u00e7\u00f5es t\u00e9cnicas - Kingtyre K905 Semi Slick Tire<\/strong><\/h2>\n<table style=\"height: 283px;\" width=\"1130\">\n<thead>\n<tr>\n<th><strong>Carater\u00edstica<\/strong><\/th>\n<th><strong>Especifica\u00e7\u00e3o<\/strong><\/th>\n<\/tr>\n<\/thead>\n<tbody>\n<tr>\n<td>Op\u00e7\u00f5es de compostos:<\/td>\n<td>Duro \/ M\u00e9dio \/ Suave \/ Ultra Suave<\/td>\n<\/tr>\n<tr>\n<td>Certifica\u00e7\u00e3o:<\/td>\n<td>ECE, DOT<\/td>\n<\/tr>\n<tr>\n<td>Aplica\u00e7\u00e3o:<\/td>\n<td>Track Days, Rua, Acrobacias, Corridas<\/td>\n<\/tr>\n<tr>\n<td>Constru\u00e7\u00e3o:<\/td>\n<td>Radial com carca\u00e7a refor\u00e7ada<\/td>\n<\/tr>\n<tr>\n<td>Tamanhos dispon\u00edveis:<\/td>\n<td>Dianteira: 100\/80R17, 110\/70ZR17, 120\/70ZR17 Traseira: 130\/70R17, 140\/60ZR17, 140\/70ZR17, 180\/55ZR17, 190\/50ZR17<\/td>\n<\/tr>\n<tr>\n<td>Classifica\u00e7\u00e3o de velocidade m\u00e1xima:<\/td>\n<td>ZR (240+ km\/h)<\/td>\n<\/tr>\n<tr>\n<td>\u00cdndice de carga:<\/td>\n<td>54-75<\/td>\n<\/tr>\n<\/tbody>\n<\/table>\n<hr \/>\n<h2><strong>FAQ - Perguntas comuns sobre pneus Slick e Semi Slick para motociclos<\/strong><\/h2>\n<h3><strong>1. Posso utilizar pneus semi-slick em estradas p\u00fablicas?<\/strong><\/h3>\n<p>Sim. O K905 \u00e9 <strong>Aprovado pela ECE e pelo DOT<\/strong>, tornando-o legal para utiliza\u00e7\u00e3o na rua.<\/p>\n<h3><strong>2. Qual \u00e9 a diferen\u00e7a entre pneus slick e semi slick?<\/strong><\/h3>\n<p>Os semi-slip t\u00eam ranhuras m\u00ednimas para dispers\u00e3o da \u00e1gua, o que os torna mais seguros em estradas molhadas do que os full-slip.<\/p>\n<h3><strong>3. Como \u00e9 que escolho o composto certo?<\/strong><\/h3>\n<p>Selecione com base na temperatura da pista, estilo de condu\u00e7\u00e3o e vida \u00fatil pretendida do pneu - Duro para resist\u00eancia, Ultra Suave para m\u00e1xima ader\u00eancia.<\/p>\n<h3><strong>4. Os pneus semi-slick s\u00e3o bons para a chuva?<\/strong><\/h3>\n<p>Embora n\u00e3o seja t\u00e3o bom como os pneus de corrida totalmente molhados, o design do K905 permite um manuseamento controlado com chuva ligeira a moderada.<\/p>\n<h3><strong>5. Qual a press\u00e3o dos pneus que devo utilizar nos dias de pista?<\/strong><\/h3>\n<p>Normalmente, 28-32 PSI (quente), mas siga as recomenda\u00e7\u00f5es do fabricante do motociclo e da via.<\/p>\n<h3><strong>6. Quanto tempo dura um semi-slick?<\/strong><\/h3>\n<p>Dependendo do composto e da utiliza\u00e7\u00e3o, entre 1.000 e 3.500 km para utiliza\u00e7\u00e3o mista em pista e na rua.<\/p>\n<h3><strong>7. Posso misturar compostos \u00e0 frente e atr\u00e1s?<\/strong><\/h3>\n<p>Sim. Muitos pilotos utilizam uma frente mais macia para ader\u00eancia nas curvas e uma traseira mais dura para maior longevidade.<\/p>\n<h3><strong>8. Como devo amaciar os pneus semi-slick novos?<\/strong><\/h3>\n<p>Conduzir com cuidado durante os primeiros 50-100 km para eliminar o agente de liberta\u00e7\u00e3o.<\/p>\n<h3><strong>9. S\u00e3o adequados para a pr\u00e1tica de acrobacias?<\/strong><\/h3>\n<p>Sim. O composto Ultra Soft oferece uma excelente ader\u00eancia para o desempenho de acrobacias.<\/p>\n<h3><strong>10. Preciso de aquecedores de pneus para a K905?<\/strong><\/h3>\n<p>Recomendado para um desempenho m\u00e1ximo em pista, especialmente com compostos mais macios.<\/p>\n<p><!-- notionvc: 004f0f83-ee7b-438f-a988-ee50354b5c2b --><\/p>","protected":false},"excerpt":{"rendered":"<p>Os pneus semi-slick Kingtyre K905 oferecem desempenho certificado pela ECE e DOT para pista e rua. Escolha entre v\u00e1rios compostos para a m\u00e1xima ader\u00eancia e controlo.<!-- notionvc: 2a81e1f4-2bcf-4a03-8a76-c001d925c43b --><\/p>","protected":false},"featured_media":430,"comment_status":"open","ping_status":"closed","template":"","meta":[],"class_list":{"0":"post-425","1":"product","2":"type-product","3":"status-publish","4":"has-post-thumbnail","6":"product_cat-racing-slicks-motorcycle-tires","7":"product_tag-100-80r17","8":"product_tag-110-70zr17","9":"product_tag-120-70zr17","10":"product_tag-130-70r17","11":"product_tag-140-60zr17","12":"product_tag-140-70zr17","13":"product_tag-180-55zr17","14":"product_tag-190-50zr17","15":"product_tag-high-performance-motorcycle-tires","16":"product_tag-kingtyre-k905","17":"product_tag-kingtyre-motorcycle-tires","18":"product_tag-legal-semi-slick-tires","19":"product_tag-motorcycle-racing-tires","20":"product_tag-motorcycle-slicks","21":"product_tag-motorcycle-track-tires","22":"product_tag-racing-motorcycle-tires","23":"product_tag-racing-tires","24":"product_tag-semi-slick","25":"product_tag-semi-slick-racing-tyres","26":"product_tag-semi-slick-tire","27":"product_tag-semi-slick-tires","28":"product_tag-semi-slick-tyres","29":"product_tag-semi-slicks","30":"product_tag-slick-tires-motorcycle","31":"product_tag-slick-tyres-motorcycle","32":"product_tag-sportbike-semi-slick","33":"product_tag-track-day-tires-motorcycle","34":"product_tag-tyre-semi-slick","36":"first","37":"instock","38":"shipping-taxable","39":"product-type-simple"},"yoast_head":"<!-- This site is optimized with the Yoast SEO Premium plugin v25.1 (Yoast SEO v25.1) - https:\/\/yoast.com\/wordpress\/plugins\/seo\/ -->\n<title>Kingtyre K905 Semi Slick Tires | Legal Racing Tyres<\/title>\n<meta name=\"description\" content=\"Kingtyre K905 semi slick tires deliver ECE &amp; DOT-certified performance for track and street. Choose from multiple compounds for ultimate grip and control.\" \/>\n<meta name=\"robots\" content=\"index, follow, max-snippet:-1, max-image-preview:large, max-video-preview:-1\" \/>\n<link rel=\"canonical\" href=\"https:\/\/www.chinakingtyre.com\/pt\/product\/pneus-kingtyre-k905-semi-slick\/\" \/>\n<meta property=\"og:locale\" content=\"pt_PT\" \/>\n<meta property=\"og:type\" content=\"article\" \/>\n<meta property=\"og:title\" content=\"Kingtyre K905 Semi Slick Tires \u2013 Legal Performance for Track and Street\" \/>\n<meta property=\"og:description\" content=\"Kingtyre K905 semi slick tires deliver ECE &amp; DOT-certified performance for track and street. Choose from multiple compounds for ultimate grip and control.\" \/>\n<meta property=\"og:url\" content=\"https:\/\/www.chinakingtyre.com\/pt\/product\/pneus-kingtyre-k905-semi-slick\/\" \/>\n<meta property=\"og:site_name\" content=\"KingTyre Professional motorcycle tire manufacturer\" \/>\n<meta property=\"article:publisher\" content=\"https:\/\/www.facebook.com\/ChinaKingTyre\" \/>\n<meta property=\"article:modified_time\" content=\"2025-08-18T03:31:07+00:00\" \/>\n<meta property=\"og:image\" content=\"https:\/\/www.chinakingtyre.com\/wp-content\/uploads\/2025\/08\/Kingtyre-K905-sport.jpg\" \/>\n\t<meta property=\"og:image:width\" content=\"800\" \/>\n\t<meta property=\"og:image:height\" content=\"800\" \/>\n\t<meta property=\"og:image:type\" content=\"image\/jpeg\" \/>\n<meta name=\"twitter:card\" content=\"summary_large_image\" \/>\n<meta name=\"twitter:label1\" content=\"Tempo estimado de leitura\" \/>\n\t<meta name=\"twitter:data1\" content=\"5 minutos\" \/>\n<script type=\"application\/ld+json\" class=\"yoast-schema-graph\">{\"@context\":\"https:\/\/schema.org\",\"@graph\":[{\"@type\":\"WebPage\",\"@id\":\"https:\/\/www.chinakingtyre.com\/product\/kingtyre-k905-semi-slick-tires\/\",\"url\":\"https:\/\/www.chinakingtyre.com\/product\/kingtyre-k905-semi-slick-tires\/\",\"name\":\"Kingtyre K905 Semi Slick Tires | Legal Racing Tyres\",\"isPartOf\":{\"@id\":\"https:\/\/www.chinakingtyre.com\/#website\"},\"primaryImageOfPage\":{\"@id\":\"https:\/\/www.chinakingtyre.com\/product\/kingtyre-k905-semi-slick-tires\/#primaryimage\"},\"image\":{\"@id\":\"https:\/\/www.chinakingtyre.com\/product\/kingtyre-k905-semi-slick-tires\/#primaryimage\"},\"thumbnailUrl\":\"https:\/\/www.chinakingtyre.com\/wp-content\/uploads\/2025\/08\/Kingtyre-K905-sport.jpg\",\"datePublished\":\"2025-08-15T02:37:45+00:00\",\"dateModified\":\"2025-08-18T03:31:07+00:00\",\"description\":\"Kingtyre K905 semi slick tires deliver ECE & DOT-certified performance for track and street. Choose from multiple compounds for ultimate grip and control.\",\"breadcrumb\":{\"@id\":\"https:\/\/www.chinakingtyre.com\/product\/kingtyre-k905-semi-slick-tires\/#breadcrumb\"},\"inLanguage\":\"pt-PT\",\"potentialAction\":[{\"@type\":\"ReadAction\",\"target\":[\"https:\/\/www.chinakingtyre.com\/product\/kingtyre-k905-semi-slick-tires\/\"]}]},{\"@type\":\"ImageObject\",\"inLanguage\":\"pt-PT\",\"@id\":\"https:\/\/www.chinakingtyre.com\/product\/kingtyre-k905-semi-slick-tires\/#primaryimage\",\"url\":\"https:\/\/www.chinakingtyre.com\/wp-content\/uploads\/2025\/08\/Kingtyre-K905-sport.jpg\",\"contentUrl\":\"https:\/\/www.chinakingtyre.com\/wp-content\/uploads\/2025\/08\/Kingtyre-K905-sport.jpg\",\"width\":800,\"height\":800},{\"@type\":\"BreadcrumbList\",\"@id\":\"https:\/\/www.chinakingtyre.com\/product\/kingtyre-k905-semi-slick-tires\/#breadcrumb\",\"itemListElement\":[{\"@type\":\"ListItem\",\"position\":1,\"name\":\"Home\",\"item\":\"https:\/\/www.chinakingtyre.com\/\"},{\"@type\":\"ListItem\",\"position\":2,\"name\":\"Kingtyre Product List\",\"item\":\"https:\/\/www.chinakingtyre.com\/kingtyre-product-list\/\"},{\"@type\":\"ListItem\",\"position\":3,\"name\":\"Kingtyre K905 Semi Slick Tires \u2013 Legal Performance for Track and Street\"}]},{\"@type\":\"WebSite\",\"@id\":\"https:\/\/www.chinakingtyre.com\/#website\",\"url\":\"https:\/\/www.chinakingtyre.com\/\",\"name\":\"KingTyre Professional motorcycle tire manufacturer\",\"description\":\"\",\"publisher\":{\"@id\":\"https:\/\/www.chinakingtyre.com\/#organization\"},\"potentialAction\":[{\"@type\":\"SearchAction\",\"target\":{\"@type\":\"EntryPoint\",\"urlTemplate\":\"https:\/\/www.chinakingtyre.com\/?s={search_term_string}\"},\"query-input\":{\"@type\":\"PropertyValueSpecification\",\"valueRequired\":true,\"valueName\":\"search_term_string\"}}],\"inLanguage\":\"pt-PT\"},{\"@type\":\"Organization\",\"@id\":\"https:\/\/www.chinakingtyre.com\/#organization\",\"name\":\"TIANJIN KINGTYRE GROUP CO.,LTD\",\"url\":\"https:\/\/www.chinakingtyre.com\/\",\"logo\":{\"@type\":\"ImageObject\",\"inLanguage\":\"pt-PT\",\"@id\":\"https:\/\/www.chinakingtyre.com\/#\/schema\/logo\/image\/\",\"url\":\"https:\/\/www.chinakingtyre.com\/wp-content\/uploads\/2025\/07\/LOGO.png\",\"contentUrl\":\"https:\/\/www.chinakingtyre.com\/wp-content\/uploads\/2025\/07\/LOGO.png\",\"width\":870,\"height\":212,\"caption\":\"TIANJIN KINGTYRE GROUP CO.,LTD\"},\"image\":{\"@id\":\"https:\/\/www.chinakingtyre.com\/#\/schema\/logo\/image\/\"},\"sameAs\":[\"https:\/\/www.facebook.com\/ChinaKingTyre\"]}]}<\/script>\n<!-- \/ Yoast SEO Premium plugin. -->","yoast_head_json":{"title":"Pneus Kingtyre K905 Semi Slick | Legal Racing Tyres","description":"Os pneus semi-slick Kingtyre K905 oferecem desempenho certificado pela ECE e DOT para pista e rua. Escolha entre v\u00e1rios compostos para a m\u00e1xima ader\u00eancia e controlo.","robots":{"index":"index","follow":"follow","max-snippet":"max-snippet:-1","max-image-preview":"max-image-preview:large","max-video-preview":"max-video-preview:-1"},"canonical":"https:\/\/www.chinakingtyre.com\/pt\/product\/pneus-kingtyre-k905-semi-slick\/","og_locale":"pt_PT","og_type":"article","og_title":"Kingtyre K905 Semi Slick Tires \u2013 Legal Performance for Track and Street","og_description":"Kingtyre K905 semi slick tires deliver ECE & DOT-certified performance for track and street. Choose from multiple compounds for ultimate grip and control.","og_url":"https:\/\/www.chinakingtyre.com\/pt\/product\/pneus-kingtyre-k905-semi-slick\/","og_site_name":"KingTyre Professional motorcycle tire manufacturer","article_publisher":"https:\/\/www.facebook.com\/ChinaKingTyre","article_modified_time":"2025-08-18T03:31:07+00:00","og_image":[{"width":800,"height":800,"url":"https:\/\/www.chinakingtyre.com\/wp-content\/uploads\/2025\/08\/Kingtyre-K905-sport.jpg","type":"image\/jpeg"}],"twitter_card":"summary_large_image","twitter_misc":{"Tempo estimado de leitura":"5 minutos"},"schema":{"@context":"https:\/\/schema.org","@graph":[{"@type":"WebPage","@id":"https:\/\/www.chinakingtyre.com\/product\/kingtyre-k905-semi-slick-tires\/","url":"https:\/\/www.chinakingtyre.com\/product\/kingtyre-k905-semi-slick-tires\/","name":"Pneus Kingtyre K905 Semi Slick | Legal Racing Tyres","isPartOf":{"@id":"https:\/\/www.chinakingtyre.com\/#website"},"primaryImageOfPage":{"@id":"https:\/\/www.chinakingtyre.com\/product\/kingtyre-k905-semi-slick-tires\/#primaryimage"},"image":{"@id":"https:\/\/www.chinakingtyre.com\/product\/kingtyre-k905-semi-slick-tires\/#primaryimage"},"thumbnailUrl":"https:\/\/www.chinakingtyre.com\/wp-content\/uploads\/2025\/08\/Kingtyre-K905-sport.jpg","datePublished":"2025-08-15T02:37:45+00:00","dateModified":"2025-08-18T03:31:07+00:00","description":"Os pneus semi-slick Kingtyre K905 oferecem desempenho certificado pela ECE e DOT para pista e rua. Escolha entre v\u00e1rios compostos para a m\u00e1xima ader\u00eancia e controlo.","breadcrumb":{"@id":"https:\/\/www.chinakingtyre.com\/product\/kingtyre-k905-semi-slick-tires\/#breadcrumb"},"inLanguage":"pt-PT","potentialAction":[{"@type":"ReadAction","target":["https:\/\/www.chinakingtyre.com\/product\/kingtyre-k905-semi-slick-tires\/"]}]},{"@type":"ImageObject","inLanguage":"pt-PT","@id":"https:\/\/www.chinakingtyre.com\/product\/kingtyre-k905-semi-slick-tires\/#primaryimage","url":"https:\/\/www.chinakingtyre.com\/wp-content\/uploads\/2025\/08\/Kingtyre-K905-sport.jpg","contentUrl":"https:\/\/www.chinakingtyre.com\/wp-content\/uploads\/2025\/08\/Kingtyre-K905-sport.jpg","width":800,"height":800},{"@type":"BreadcrumbList","@id":"https:\/\/www.chinakingtyre.com\/product\/kingtyre-k905-semi-slick-tires\/#breadcrumb","itemListElement":[{"@type":"ListItem","position":1,"name":"Home","item":"https:\/\/www.chinakingtyre.com\/"},{"@type":"ListItem","position":2,"name":"Kingtyre Product List","item":"https:\/\/www.chinakingtyre.com\/kingtyre-product-list\/"},{"@type":"ListItem","position":3,"name":"Kingtyre K905 Semi Slick Tires \u2013 Legal Performance for Track and Street"}]},{"@type":"WebSite","@id":"https:\/\/www.chinakingtyre.com\/#website","url":"https:\/\/www.chinakingtyre.com\/","name":"KingTyre Fabricante profissional de pneus para motociclos","description":"","publisher":{"@id":"https:\/\/www.chinakingtyre.com\/#organization"},"potentialAction":[{"@type":"SearchAction","target":{"@type":"EntryPoint","urlTemplate":"https:\/\/www.chinakingtyre.com\/?s={search_term_string}"},"query-input":{"@type":"PropertyValueSpecification","valueRequired":true,"valueName":"search_term_string"}}],"inLanguage":"pt-PT"},{"@type":"Organization","@id":"https:\/\/www.chinakingtyre.com\/#organization","name":"TIANJIN KINGTYRE GROUP CO.,LTD","url":"https:\/\/www.chinakingtyre.com\/","logo":{"@type":"ImageObject","inLanguage":"pt-PT","@id":"https:\/\/www.chinakingtyre.com\/#\/schema\/logo\/image\/","url":"https:\/\/www.chinakingtyre.com\/wp-content\/uploads\/2025\/07\/LOGO.png","contentUrl":"https:\/\/www.chinakingtyre.com\/wp-content\/uploads\/2025\/07\/LOGO.png","width":870,"height":212,"caption":"TIANJIN KINGTYRE GROUP CO.,LTD"},"image":{"@id":"https:\/\/www.chinakingtyre.com\/#\/schema\/logo\/image\/"},"sameAs":["https:\/\/www.facebook.com\/ChinaKingTyre"]}]}},"_links":{"self":[{"href":"https:\/\/www.chinakingtyre.com\/pt\/wp-json\/wp\/v2\/product\/425","targetHints":{"allow":["GET"]}}],"collection":[{"href":"https:\/\/www.chinakingtyre.com\/pt\/wp-json\/wp\/v2\/product"}],"about":[{"href":"https:\/\/www.chinakingtyre.com\/pt\/wp-json\/wp\/v2\/types\/product"}],"replies":[{"embeddable":true,"href":"https:\/\/www.chinakingtyre.com\/pt\/wp-json\/wp\/v2\/comments?post=425"}],"wp:featuredmedia":[{"embeddable":true,"href":"https:\/\/www.chinakingtyre.com\/pt\/wp-json\/wp\/v2\/media\/430"}],"wp:attachment":[{"href":"https:\/\/www.chinakingtyre.com\/pt\/wp-json\/wp\/v2\/media?parent=425"}],"curies":[{"name":"wp","href":"https:\/\/api.w.org\/{rel}","templated":true}]}}