{"id":439,"date":"2025-08-15T06:28:55","date_gmt":"2025-08-15T06:28:55","guid":{"rendered":"https:\/\/www.chinakingtyre.com\/?post_type=product&#038;p=439"},"modified":"2025-08-15T07:03:31","modified_gmt":"2025-08-15T07:03:31","slug":"pneus-kingtyre-k97-super-motard-estrada-legal-trackday","status":"publish","type":"product","link":"https:\/\/www.chinakingtyre.com\/pt\/product\/pneus-kingtyre-k97-super-motard-estrada-legal-trackday\/","title":{"rendered":"Kingtyre K97 Super Motard Tires - Desempenho com piso de precis\u00e3o para Trackday e uso na rua"},"content":{"rendered":"<p>O <strong>Pneus super motard Kingtyre K97<\/strong> foram concebidas para os condutores que exigem um manuseamento preciso, m\u00e1xima ader\u00eancia e desempenho vers\u00e1til em condi\u00e7\u00f5es de pista e de estrada p\u00fablica. Com um avan\u00e7ado <strong>pisado<\/strong> com quatro op\u00e7\u00f5es de compostos diferentes, a K97 combina <strong>pneus supermoto<\/strong> agilidade com durabilidade, tornando-o uma escolha l\u00edder para <strong>Pneus Trackday<\/strong> entusiastas, pilotos de competi\u00e7\u00e3o e motociclistas do dia a dia.<\/p>\n<hr \/>\n<h2><strong>Tecnologia de produ\u00e7\u00e3o avan\u00e7ada por detr\u00e1s dos pneus Kingtyre K97 Super Motard<\/strong><\/h2>\n<p>O <strong>K97<\/strong> \u00e9 produzido na f\u00e1brica de Kingtyre, com tecnologia de ponta <a href=\"https:\/\/www.chinakingtyre.com\/pt\/\"><strong>f\u00e1brica de pneus super motard<\/strong><\/a>utilizando prensas de cura controladas por CNC, corte de banda de rodagem a laser e constru\u00e7\u00e3o de correias de a\u00e7o de alta precis\u00e3o. Isto resulta em:<\/p>\n<ul>\n<li><strong>Geometria optimizada do piso:<\/strong> O direcional <strong>Pisado<\/strong> O padr\u00e3o garante uma evacua\u00e7\u00e3o excecional da \u00e1gua para uma melhor ader\u00eancia em piso molhado, mantendo uma grande \u00e1rea de contacto para um desempenho em piso seco.<\/li>\n<li><strong>Quatro op\u00e7\u00f5es de compostos:<\/strong> Duro, M\u00e9dio, Suave e Ultra Suave - permitindo aos cavaleiros combinarem <strong>pneus supermoto<\/strong> desempenho em fun\u00e7\u00e3o das condi\u00e7\u00f5es da pista, da temperatura e do estilo de condu\u00e7\u00e3o.<\/li>\n<li><strong>Certifica\u00e7\u00e3o ECE, DOT e CCC:<\/strong> Totalmente legal para utiliza\u00e7\u00e3o em estrada na Europa, Am\u00e9rica do Norte e \u00c1sia.<\/li>\n<li><strong>Conce\u00e7\u00e3o da carca\u00e7a refor\u00e7ada:<\/strong> Proporciona uma estabilidade superior durante \u00e2ngulos de inclina\u00e7\u00e3o elevados e curvas agressivas.<\/li>\n<\/ul>\n<p><img loading=\"lazy\" decoding=\"async\" class=\"aligncenter wp-image-440 size-full\" src=\"https:\/\/www.chinakingtyre.com\/wp-content\/uploads\/2025\/08\/kingtyre-k97-super-motard-tires-factory.jpg\" alt=\"Processo de fabrico dos pneus Kingtyre K97 super motard na f\u00e1brica de pneus para motociclos\" width=\"1678\" height=\"794\" srcset=\"https:\/\/www.chinakingtyre.com\/wp-content\/uploads\/2025\/08\/kingtyre-k97-super-motard-tires-factory.jpg 1678w, https:\/\/www.chinakingtyre.com\/wp-content\/uploads\/2025\/08\/kingtyre-k97-super-motard-tires-factory-300x142.jpg 300w, https:\/\/www.chinakingtyre.com\/wp-content\/uploads\/2025\/08\/kingtyre-k97-super-motard-tires-factory-1024x485.jpg 1024w, https:\/\/www.chinakingtyre.com\/wp-content\/uploads\/2025\/08\/kingtyre-k97-super-motard-tires-factory-768x363.jpg 768w, https:\/\/www.chinakingtyre.com\/wp-content\/uploads\/2025\/08\/kingtyre-k97-super-motard-tires-factory-1536x727.jpg 1536w, https:\/\/www.chinakingtyre.com\/wp-content\/uploads\/2025\/08\/kingtyre-k97-super-motard-tires-factory-18x9.jpg 18w, https:\/\/www.chinakingtyre.com\/wp-content\/uploads\/2025\/08\/kingtyre-k97-super-motard-tires-factory-600x284.jpg 600w\" sizes=\"auto, (max-width: 1678px) 100vw, 1678px\" \/><\/p>\n<hr \/>\n<h2><strong>Vantagens do piso na pista<\/strong><\/h2>\n<p><strong>Estabilidade superior em curva<\/strong><\/p>\n<p>O <strong>Kingtyre K97<\/strong> proporciona uma sensa\u00e7\u00e3o de inclina\u00e7\u00e3o progressiva, assegurando que os condutores podem manter velocidades de curva mais elevadas sem perderem tra\u00e7\u00e3o. O <strong>Pisado<\/strong> As ranhuras est\u00e3o estrategicamente posicionadas para manter uma press\u00e3o de contacto consistente.<\/p>\n<p><strong>Excecional ader\u00eancia a seco e a molhado<\/strong><\/p>\n<p>Nos circuitos h\u00famidos, o <strong>pneus de corrida com piso para supermoto<\/strong> evacuam a \u00e1gua de forma eficaz, enquanto que em superf\u00edcies secas, a borracha cont\u00ednua do ombro melhora a ader\u00eancia para <strong>pneus de pista para motociclos<\/strong>.<\/p>\n<p><strong>Aumento da vida \u00fatil dos pneus<\/strong><\/p>\n<p>Comparado com o convencional <strong>pneus semi-slick<\/strong>O K97 oferece uma vida \u00fatil do piso at\u00e9 12% mais longa devido aos seus compostos de borracha refor\u00e7ados, tornando-o ideal para os condutores que combinam <strong>Pneus Trackday<\/strong> com utiliza\u00e7\u00e3o ocasional na rua.<\/p>\n<p><img loading=\"lazy\" decoding=\"async\" class=\"aligncenter wp-image-441 size-full\" src=\"https:\/\/www.chinakingtyre.com\/wp-content\/uploads\/2025\/08\/kingtyre-k97-supermoto-treaded-racing-tires-2.jpg\" alt=\"Pneus de corrida Kingtyre K97 para supermoto numa bicicleta de corrida\" width=\"1678\" height=\"794\" srcset=\"https:\/\/www.chinakingtyre.com\/wp-content\/uploads\/2025\/08\/kingtyre-k97-supermoto-treaded-racing-tires-2.jpg 1678w, https:\/\/www.chinakingtyre.com\/wp-content\/uploads\/2025\/08\/kingtyre-k97-supermoto-treaded-racing-tires-2-300x142.jpg 300w, https:\/\/www.chinakingtyre.com\/wp-content\/uploads\/2025\/08\/kingtyre-k97-supermoto-treaded-racing-tires-2-1024x485.jpg 1024w, https:\/\/www.chinakingtyre.com\/wp-content\/uploads\/2025\/08\/kingtyre-k97-supermoto-treaded-racing-tires-2-768x363.jpg 768w, https:\/\/www.chinakingtyre.com\/wp-content\/uploads\/2025\/08\/kingtyre-k97-supermoto-treaded-racing-tires-2-1536x727.jpg 1536w, https:\/\/www.chinakingtyre.com\/wp-content\/uploads\/2025\/08\/kingtyre-k97-supermoto-treaded-racing-tires-2-18x9.jpg 18w, https:\/\/www.chinakingtyre.com\/wp-content\/uploads\/2025\/08\/kingtyre-k97-supermoto-treaded-racing-tires-2-600x284.jpg 600w\" sizes=\"auto, (max-width: 1678px) 100vw, 1678px\" \/><\/p>\n<hr \/>\n<h2><strong>Tamanhos dispon\u00edveis para os pneus Kingtyre K97 Super Motard<\/strong><\/h2>\n<p><strong>Pneus dianteiros:<\/strong><\/p>\n<ul>\n<li>100\/50R10<\/li>\n<li>100\/60R10<\/li>\n<li>100\/90ZR18<\/li>\n<li>110\/80ZR18<\/li>\n<\/ul>\n<p><strong>Pneus traseiros:<\/strong><\/p>\n<ul>\n<li>130\/60R10<\/li>\n<li>110\/80ZR18<\/li>\n<li>120\/70ZR18<\/li>\n<li>130\/70ZR18<\/li>\n<\/ul>\n<hr \/>\n<h2><strong>Kingtyre - L\u00edder no fabrico de pneus para motociclos<\/strong><\/h2>\n<p>A Kingtyre \u00e9 um l\u00edder mundial entre <strong>fabricantes de pneus para motociclos<\/strong> e <strong>Fabricantes de pneus MC<\/strong>, produzindo produtos de alto desempenho <strong>pneus motard<\/strong> para pilotos profissionais e entusiastas. Com d\u00e9cadas de investimento em I&amp;D, a empresa centra-se na combina\u00e7\u00e3o de um desempenho de n\u00edvel de competi\u00e7\u00e3o com normas de seguran\u00e7a legais para a estrada.<\/p>\n<p><img loading=\"lazy\" decoding=\"async\" class=\"aligncenter wp-image-442 size-full\" src=\"https:\/\/www.chinakingtyre.com\/wp-content\/uploads\/2025\/08\/kingtyre-super-motard-tires-manufacturers.jpg\" alt=\"F\u00e1brica de pneus Kingtyre super motard que produz pneus de motociclos de alto desempenho\" width=\"1678\" height=\"794\" srcset=\"https:\/\/www.chinakingtyre.com\/wp-content\/uploads\/2025\/08\/kingtyre-super-motard-tires-manufacturers.jpg 1678w, https:\/\/www.chinakingtyre.com\/wp-content\/uploads\/2025\/08\/kingtyre-super-motard-tires-manufacturers-300x142.jpg 300w, https:\/\/www.chinakingtyre.com\/wp-content\/uploads\/2025\/08\/kingtyre-super-motard-tires-manufacturers-1024x485.jpg 1024w, https:\/\/www.chinakingtyre.com\/wp-content\/uploads\/2025\/08\/kingtyre-super-motard-tires-manufacturers-768x363.jpg 768w, https:\/\/www.chinakingtyre.com\/wp-content\/uploads\/2025\/08\/kingtyre-super-motard-tires-manufacturers-1536x727.jpg 1536w, https:\/\/www.chinakingtyre.com\/wp-content\/uploads\/2025\/08\/kingtyre-super-motard-tires-manufacturers-18x9.jpg 18w, https:\/\/www.chinakingtyre.com\/wp-content\/uploads\/2025\/08\/kingtyre-super-motard-tires-manufacturers-600x284.jpg 600w\" sizes=\"auto, (max-width: 1678px) 100vw, 1678px\" \/><\/p>\n<hr \/>\n<h2><strong>Pontos de dor comuns com pneus de corrida com piso Supermoto<\/strong><\/h2>\n<p>Muitos cavaleiros enfrentam os seguintes problemas:<\/p>\n<ol>\n<li><strong>Op\u00e7\u00f5es limitadas de compostos<\/strong> - A maioria das marcas oferece apenas um ou dois n\u00edveis de dureza.<\/li>\n<li><strong>Fraco desempenho em piso molhado<\/strong> - Alguns <strong>pneus track day moto<\/strong> perdem a ader\u00eancia em condi\u00e7\u00f5es de chuva.<\/li>\n<li><strong>Tempo de vida curto<\/strong> - Os pneus de alto desempenho desgastam-se demasiado depressa para uma utiliza\u00e7\u00e3o mista.<\/li>\n<li><strong>Feedback inconsistente<\/strong> - Falta de estabilidade em curva em \u00e2ngulos de inclina\u00e7\u00e3o extremos.<\/li>\n<li><strong>Restri\u00e7\u00f5es de certifica\u00e7\u00e3o<\/strong> - Nem todos <strong>pneus trackday legais para estrada<\/strong> cumprir a conformidade global.<\/li>\n<\/ol>\n<hr \/>\n<h2><strong>A solu\u00e7\u00e3o de Kingtyre para os pilotos de Trackday<\/strong><\/h2>\n<p>O <strong>Kingtyre K97<\/strong> resolve estes problemas atrav\u00e9s de:<\/p>\n<ul>\n<li>Oferta <strong>quatro compostos distintos<\/strong> para diferentes necessidades de condu\u00e7\u00e3o.<\/li>\n<li>Fornecimento <strong>ader\u00eancia equilibrada em piso seco e molhado<\/strong> atrav\u00e9s de canais de transmiss\u00e3o optimizados.<\/li>\n<li>Fornecimento <strong>vida \u00fatil at\u00e9 12% mais longa<\/strong> atrav\u00e9s de misturas de borracha refor\u00e7ada.<\/li>\n<li>Reuni\u00e3o <strong>Normas ECE, DOT e CCC<\/strong> para a legalidade rodovi\u00e1ria a n\u00edvel mundial.<\/li>\n<li>Garantir <strong>desempenho consistente<\/strong> mesmo com \u00e2ngulos de inclina\u00e7\u00e3o elevados.<\/li>\n<\/ul>\n<hr \/>\n<h2><strong>Especifica\u00e7\u00f5es t\u00e9cnicas - Pneus Kingtyre K97 Super Motard<\/strong><\/h2>\n<table style=\"height: 331px;\" width=\"574\">\n<thead>\n<tr>\n<th><strong>Especifica\u00e7\u00e3o<\/strong><\/th>\n<th><strong>Detalhes<\/strong><\/th>\n<\/tr>\n<\/thead>\n<tbody>\n<tr>\n<td>C\u00f3digo do Padr\u00e3o\uff1a<\/td>\n<td>K97<\/td>\n<\/tr>\n<tr>\n<td>Tipo\uff1a<\/td>\n<td>Pneus de corrida com banda de rodagem Supermoto<\/td>\n<\/tr>\n<tr>\n<td>Op\u00e7\u00f5es compostas\uff1a<\/td>\n<td>Duro \/ M\u00e9dio \/ Suave \/ Ultra Suave<\/td>\n<\/tr>\n<tr>\n<td>Certifica\u00e7\u00e3o\uff1a<\/td>\n<td>ECE \/ DOT \/ CCC<\/td>\n<\/tr>\n<tr>\n<td>Aplica\u00e7\u00e3o\uff1a<\/td>\n<td>Corridas, Trackdays, Uso da estrada, Acrobacias<\/td>\n<\/tr>\n<tr>\n<td>Tamanhos\uff1a<\/td>\n<td>Ver sec\u00e7\u00e3o Tamanhos dispon\u00edveis<\/td>\n<\/tr>\n<tr>\n<td>Classifica\u00e7\u00e3o de velocidade m\u00e1xima\uff1a<\/td>\n<td>Classifica\u00e7\u00e3o ZR<\/td>\n<\/tr>\n<tr>\n<td>Constru\u00e7\u00e3o da carca\u00e7a\uff1a<\/td>\n<td>Correia de a\u00e7o Radial<\/td>\n<\/tr>\n<tr>\n<td>Pa\u00eds de fabrico\uff1a<\/td>\n<td>China<\/td>\n<\/tr>\n<\/tbody>\n<\/table>\n<hr \/>\n<h2><strong>FAQ - Perguntas comuns sobre os pneus de pista Slick &amp; Treaded para motociclos<\/strong><\/h2>\n<p><strong>Q1:<\/strong> S\u00e3o <strong>pneus semi-slick<\/strong> melhor do que os slicks para condi\u00e7\u00f5es de pista molhada?<\/p>\n<p><strong>A1:<\/strong> Sim, os semi-slides com padr\u00f5es de piso, como o K97, oferecem uma melhor evacua\u00e7\u00e3o da \u00e1gua e ader\u00eancia em superf\u00edcies molhadas.<\/p>\n<p><strong>Q2:<\/strong> Posso utilizar <strong>pneus super motard<\/strong> nas estradas p\u00fablicas?<\/p>\n<p><strong>A2:<\/strong> A K97 \u00e9 certificada pela ECE, DOT e CCC, o que a torna totalmente legal para a estrada.<\/p>\n<p><strong>Q3:<\/strong> Como \u00e9 que escolho entre os compostos Duro, M\u00e9dio, Suave e Ultra Suave?<\/p>\n<p><strong>A3:<\/strong> Duro para resist\u00eancia, M\u00e9dio para condi\u00e7\u00f5es mistas, Suave para corridas de sprint, Ultra Suave para voltas de qualifica\u00e7\u00e3o curtas.<\/p>\n<p><strong>Q4:<\/strong> Qual \u00e9 a press\u00e3o ideal dos pneus para <strong>pneus track day moto<\/strong>?<\/p>\n<p><strong>A4:<\/strong> Normalmente 26-30 PSI a quente, dependendo da pista e do clima.<\/p>\n<p><strong>Q5:<\/strong> Quanto tempo \u00e9 que <strong>pneus de corrida para motociclos<\/strong> \u00faltimo?<\/p>\n<p><strong>A5:<\/strong> O K97 dura cerca de 15% mais do que os pneus normais de supermoto em condi\u00e7\u00f5es semelhantes.<\/p>\n<p><strong>Q6:<\/strong> Preciso de aquecedores de pneus para a K97?<\/p>\n<p><strong>A6:<\/strong> Recomendado para compostos macios e ultra macios para um desempenho \u00f3timo.<\/p>\n<p><strong>Q7:<\/strong> As K97 <strong>pneus trackday legais para estrada<\/strong> barulhento na rua?<\/p>\n<p><strong>A7:<\/strong> Ru\u00eddo m\u00ednimo da estrada devido \u00e0 otimiza\u00e7\u00e3o da inclina\u00e7\u00e3o do piso.<\/p>\n<p><strong>Q8:<\/strong> Posso misturar compostos diferentes \u00e0 frente e atr\u00e1s?<\/p>\n<p><strong>A8:<\/strong> Sim, muitos pilotos utilizam compostos mais macios na frente para uma melhor ader\u00eancia em curva.<\/p>\n<p><strong>Q9:<\/strong> Qual \u00e9 o tempo de aquecimento dos pneus K97?<\/p>\n<p><strong>A9:<\/strong> Cerca de 1 volta a um ritmo moderado.<\/p>\n<p><strong>Q10:<\/strong> A K97 \u00e9 adequada para a pr\u00e1tica de acrobacias?<\/p>\n<p><strong>A10:<\/strong> Sim, a sua carca\u00e7a refor\u00e7ada e os seus n\u00edveis de ader\u00eancia tornam-no ideal para as acrobacias.<\/p>\n<p><!-- notionvc: 84c00012-c94b-4cb9-a4bd-d0f6fadc6ff8 --><\/p>","protected":false},"excerpt":{"rendered":"<p>Descubra os pneus Kingtyre K97 super motard com desenho avan\u00e7ado do piso, quatro op\u00e7\u00f5es de compostos e certifica\u00e7\u00e3o ECE\/DOT\/CCC. Perfeitos para trackdays, corridas e utiliza\u00e7\u00e3o em estrada.<!-- notionvc: c28e99c2-d58d-49f8-b2f1-d5109d2cc9dd --><\/p>","protected":false},"featured_media":443,"comment_status":"open","ping_status":"closed","template":"","meta":[],"class_list":{"0":"post-439","1":"product","2":"type-product","3":"status-publish","4":"has-post-thumbnail","6":"product_cat-racing-slicks-motorcycle-tires","7":"product_tag-100-50r10","8":"product_tag-100-60r10","9":"product_tag-100-90zr18","10":"product_tag-110-80zr18","11":"product_tag-120-70zr18","12":"product_tag-130-60r10","13":"product_tag-130-70zr18","14":"product_tag-ccc-motorcycle-tires","15":"product_tag-dot-approved-motorcycle-tires","16":"product_tag-ece-certified-motorcycle-tires","17":"product_tag-high-performance-motorcycle-tires","18":"product_tag-kingtyre-k97","19":"product_tag-kingtyre-motorcycle-tires","20":"product_tag-motard-tyres","21":"product_tag-motorcycle-racing-tires","22":"product_tag-motorcycle-tire-manufacturers","23":"product_tag-motorcycle-track-tires","24":"product_tag-racing-tires","25":"product_tag-road-legal-trackday-tires","26":"product_tag-semi-slick-tires","27":"product_tag-stunt-motorcycle-tires","28":"product_tag-super-motard-tires","29":"product_tag-supermoto-tires","30":"product_tag-supermoto-treaded-racing-tires","31":"product_tag-track-day-tires-motorcycle","32":"product_tag-trackday-tires","33":"product_tag-treaded","34":"product_tag-wet-grip-motorcycle-tires","36":"first","37":"instock","38":"shipping-taxable","39":"product-type-simple"},"yoast_head":"<!-- This site is optimized with the Yoast SEO Premium plugin v25.1 (Yoast SEO v25.1) - https:\/\/yoast.com\/wordpress\/plugins\/seo\/ -->\n<title>Kingtyre K97 Super Motard Tires \u2013 Road Legal Trackday &amp; Racing Performance<\/title>\n<meta name=\"description\" content=\"Discover Kingtyre K97 super motard tires with advanced tread design, four compound options, and ECE\/DOT\/CCC certification. Perfect for trackdays, racing, and road use.\" \/>\n<meta name=\"robots\" content=\"index, follow, max-snippet:-1, max-image-preview:large, max-video-preview:-1\" \/>\n<link rel=\"canonical\" href=\"https:\/\/www.chinakingtyre.com\/pt\/product\/pneus-kingtyre-k97-super-motard-estrada-legal-trackday\/\" \/>\n<meta property=\"og:locale\" content=\"pt_PT\" \/>\n<meta property=\"og:type\" content=\"article\" \/>\n<meta property=\"og:title\" content=\"Kingtyre K97 Super Motard Tires \u2013 Precision Treaded Performance for Trackday &amp; Street Use\" \/>\n<meta property=\"og:description\" content=\"Discover Kingtyre K97 super motard tires with advanced tread design, four compound options, and ECE\/DOT\/CCC certification. Perfect for trackdays, racing, and road use.\" \/>\n<meta property=\"og:url\" content=\"https:\/\/www.chinakingtyre.com\/pt\/product\/pneus-kingtyre-k97-super-motard-estrada-legal-trackday\/\" \/>\n<meta property=\"og:site_name\" content=\"KingTyre Professional motorcycle tire manufacturer\" \/>\n<meta property=\"article:publisher\" content=\"https:\/\/www.facebook.com\/ChinaKingTyre\" \/>\n<meta property=\"article:modified_time\" content=\"2025-08-15T07:03:31+00:00\" \/>\n<meta property=\"og:image\" content=\"https:\/\/www.chinakingtyre.com\/wp-content\/uploads\/2025\/08\/Kingtyre-K97-Supermoto-Treaded-Racing-Tires.jpg\" \/>\n\t<meta property=\"og:image:width\" content=\"800\" \/>\n\t<meta property=\"og:image:height\" content=\"800\" \/>\n\t<meta property=\"og:image:type\" content=\"image\/jpeg\" \/>\n<meta name=\"twitter:card\" content=\"summary_large_image\" \/>\n<meta name=\"twitter:label1\" content=\"Tempo estimado de leitura\" \/>\n\t<meta name=\"twitter:data1\" content=\"5 minutos\" \/>\n<script type=\"application\/ld+json\" class=\"yoast-schema-graph\">{\"@context\":\"https:\/\/schema.org\",\"@graph\":[{\"@type\":\"WebPage\",\"@id\":\"https:\/\/www.chinakingtyre.com\/product\/kingtyre-k97-super-motard-tires-road-legal-trackday\/\",\"url\":\"https:\/\/www.chinakingtyre.com\/product\/kingtyre-k97-super-motard-tires-road-legal-trackday\/\",\"name\":\"Kingtyre K97 Super Motard Tires \u2013 Road Legal Trackday & Racing Performance\",\"isPartOf\":{\"@id\":\"https:\/\/www.chinakingtyre.com\/#website\"},\"primaryImageOfPage\":{\"@id\":\"https:\/\/www.chinakingtyre.com\/product\/kingtyre-k97-super-motard-tires-road-legal-trackday\/#primaryimage\"},\"image\":{\"@id\":\"https:\/\/www.chinakingtyre.com\/product\/kingtyre-k97-super-motard-tires-road-legal-trackday\/#primaryimage\"},\"thumbnailUrl\":\"https:\/\/www.chinakingtyre.com\/wp-content\/uploads\/2025\/08\/Kingtyre-K97-Supermoto-Treaded-Racing-Tires.jpg\",\"datePublished\":\"2025-08-15T06:28:55+00:00\",\"dateModified\":\"2025-08-15T07:03:31+00:00\",\"description\":\"Discover Kingtyre K97 super motard tires with advanced tread design, four compound options, and ECE\/DOT\/CCC certification. Perfect for trackdays, racing, and road use.\",\"breadcrumb\":{\"@id\":\"https:\/\/www.chinakingtyre.com\/product\/kingtyre-k97-super-motard-tires-road-legal-trackday\/#breadcrumb\"},\"inLanguage\":\"pt-PT\",\"potentialAction\":[{\"@type\":\"ReadAction\",\"target\":[\"https:\/\/www.chinakingtyre.com\/product\/kingtyre-k97-super-motard-tires-road-legal-trackday\/\"]}]},{\"@type\":\"ImageObject\",\"inLanguage\":\"pt-PT\",\"@id\":\"https:\/\/www.chinakingtyre.com\/product\/kingtyre-k97-super-motard-tires-road-legal-trackday\/#primaryimage\",\"url\":\"https:\/\/www.chinakingtyre.com\/wp-content\/uploads\/2025\/08\/Kingtyre-K97-Supermoto-Treaded-Racing-Tires.jpg\",\"contentUrl\":\"https:\/\/www.chinakingtyre.com\/wp-content\/uploads\/2025\/08\/Kingtyre-K97-Supermoto-Treaded-Racing-Tires.jpg\",\"width\":800,\"height\":800,\"caption\":\"Kingtyre-K97-Supermoto-Treaded-Racing-Tires\"},{\"@type\":\"BreadcrumbList\",\"@id\":\"https:\/\/www.chinakingtyre.com\/product\/kingtyre-k97-super-motard-tires-road-legal-trackday\/#breadcrumb\",\"itemListElement\":[{\"@type\":\"ListItem\",\"position\":1,\"name\":\"Home\",\"item\":\"https:\/\/www.chinakingtyre.com\/\"},{\"@type\":\"ListItem\",\"position\":2,\"name\":\"Kingtyre Product List\",\"item\":\"https:\/\/www.chinakingtyre.com\/kingtyre-product-list\/\"},{\"@type\":\"ListItem\",\"position\":3,\"name\":\"Kingtyre K97 Super Motard Tires \u2013 Precision Treaded Performance for Trackday &#038; Street Use\"}]},{\"@type\":\"WebSite\",\"@id\":\"https:\/\/www.chinakingtyre.com\/#website\",\"url\":\"https:\/\/www.chinakingtyre.com\/\",\"name\":\"KingTyre Professional motorcycle tire manufacturer\",\"description\":\"\",\"publisher\":{\"@id\":\"https:\/\/www.chinakingtyre.com\/#organization\"},\"potentialAction\":[{\"@type\":\"SearchAction\",\"target\":{\"@type\":\"EntryPoint\",\"urlTemplate\":\"https:\/\/www.chinakingtyre.com\/?s={search_term_string}\"},\"query-input\":{\"@type\":\"PropertyValueSpecification\",\"valueRequired\":true,\"valueName\":\"search_term_string\"}}],\"inLanguage\":\"pt-PT\"},{\"@type\":\"Organization\",\"@id\":\"https:\/\/www.chinakingtyre.com\/#organization\",\"name\":\"TIANJIN KINGTYRE GROUP CO.,LTD\",\"url\":\"https:\/\/www.chinakingtyre.com\/\",\"logo\":{\"@type\":\"ImageObject\",\"inLanguage\":\"pt-PT\",\"@id\":\"https:\/\/www.chinakingtyre.com\/#\/schema\/logo\/image\/\",\"url\":\"https:\/\/www.chinakingtyre.com\/wp-content\/uploads\/2025\/07\/LOGO.png\",\"contentUrl\":\"https:\/\/www.chinakingtyre.com\/wp-content\/uploads\/2025\/07\/LOGO.png\",\"width\":870,\"height\":212,\"caption\":\"TIANJIN KINGTYRE GROUP CO.,LTD\"},\"image\":{\"@id\":\"https:\/\/www.chinakingtyre.com\/#\/schema\/logo\/image\/\"},\"sameAs\":[\"https:\/\/www.facebook.com\/ChinaKingTyre\"]}]}<\/script>\n<!-- \/ Yoast SEO Premium plugin. -->","yoast_head_json":{"title":"Kingtyre K97 Super Motard Tires - Road Legal Trackday &amp; Racing Performance","description":"Descubra os pneus Kingtyre K97 super motard com desenho avan\u00e7ado do piso, quatro op\u00e7\u00f5es de compostos e certifica\u00e7\u00e3o ECE\/DOT\/CCC. Perfeitos para trackdays, corridas e utiliza\u00e7\u00e3o em estrada.","robots":{"index":"index","follow":"follow","max-snippet":"max-snippet:-1","max-image-preview":"max-image-preview:large","max-video-preview":"max-video-preview:-1"},"canonical":"https:\/\/www.chinakingtyre.com\/pt\/product\/pneus-kingtyre-k97-super-motard-estrada-legal-trackday\/","og_locale":"pt_PT","og_type":"article","og_title":"Kingtyre K97 Super Motard Tires \u2013 Precision Treaded Performance for Trackday & Street Use","og_description":"Discover Kingtyre K97 super motard tires with advanced tread design, four compound options, and ECE\/DOT\/CCC certification. Perfect for trackdays, racing, and road use.","og_url":"https:\/\/www.chinakingtyre.com\/pt\/product\/pneus-kingtyre-k97-super-motard-estrada-legal-trackday\/","og_site_name":"KingTyre Professional motorcycle tire manufacturer","article_publisher":"https:\/\/www.facebook.com\/ChinaKingTyre","article_modified_time":"2025-08-15T07:03:31+00:00","og_image":[{"width":800,"height":800,"url":"https:\/\/www.chinakingtyre.com\/wp-content\/uploads\/2025\/08\/Kingtyre-K97-Supermoto-Treaded-Racing-Tires.jpg","type":"image\/jpeg"}],"twitter_card":"summary_large_image","twitter_misc":{"Tempo estimado de leitura":"5 minutos"},"schema":{"@context":"https:\/\/schema.org","@graph":[{"@type":"WebPage","@id":"https:\/\/www.chinakingtyre.com\/product\/kingtyre-k97-super-motard-tires-road-legal-trackday\/","url":"https:\/\/www.chinakingtyre.com\/product\/kingtyre-k97-super-motard-tires-road-legal-trackday\/","name":"Kingtyre K97 Super Motard Tires - Road Legal Trackday &amp; Racing Performance","isPartOf":{"@id":"https:\/\/www.chinakingtyre.com\/#website"},"primaryImageOfPage":{"@id":"https:\/\/www.chinakingtyre.com\/product\/kingtyre-k97-super-motard-tires-road-legal-trackday\/#primaryimage"},"image":{"@id":"https:\/\/www.chinakingtyre.com\/product\/kingtyre-k97-super-motard-tires-road-legal-trackday\/#primaryimage"},"thumbnailUrl":"https:\/\/www.chinakingtyre.com\/wp-content\/uploads\/2025\/08\/Kingtyre-K97-Supermoto-Treaded-Racing-Tires.jpg","datePublished":"2025-08-15T06:28:55+00:00","dateModified":"2025-08-15T07:03:31+00:00","description":"Descubra os pneus Kingtyre K97 super motard com desenho avan\u00e7ado do piso, quatro op\u00e7\u00f5es de compostos e certifica\u00e7\u00e3o ECE\/DOT\/CCC. Perfeitos para trackdays, corridas e utiliza\u00e7\u00e3o em estrada.","breadcrumb":{"@id":"https:\/\/www.chinakingtyre.com\/product\/kingtyre-k97-super-motard-tires-road-legal-trackday\/#breadcrumb"},"inLanguage":"pt-PT","potentialAction":[{"@type":"ReadAction","target":["https:\/\/www.chinakingtyre.com\/product\/kingtyre-k97-super-motard-tires-road-legal-trackday\/"]}]},{"@type":"ImageObject","inLanguage":"pt-PT","@id":"https:\/\/www.chinakingtyre.com\/product\/kingtyre-k97-super-motard-tires-road-legal-trackday\/#primaryimage","url":"https:\/\/www.chinakingtyre.com\/wp-content\/uploads\/2025\/08\/Kingtyre-K97-Supermoto-Treaded-Racing-Tires.jpg","contentUrl":"https:\/\/www.chinakingtyre.com\/wp-content\/uploads\/2025\/08\/Kingtyre-K97-Supermoto-Treaded-Racing-Tires.jpg","width":800,"height":800,"caption":"Kingtyre-K97-Supermoto-Treaded-Racing-Tires"},{"@type":"BreadcrumbList","@id":"https:\/\/www.chinakingtyre.com\/product\/kingtyre-k97-super-motard-tires-road-legal-trackday\/#breadcrumb","itemListElement":[{"@type":"ListItem","position":1,"name":"Home","item":"https:\/\/www.chinakingtyre.com\/"},{"@type":"ListItem","position":2,"name":"Kingtyre Product List","item":"https:\/\/www.chinakingtyre.com\/kingtyre-product-list\/"},{"@type":"ListItem","position":3,"name":"Kingtyre K97 Super Motard Tires \u2013 Precision Treaded Performance for Trackday &#038; Street Use"}]},{"@type":"WebSite","@id":"https:\/\/www.chinakingtyre.com\/#website","url":"https:\/\/www.chinakingtyre.com\/","name":"KingTyre Fabricante profissional de pneus para motociclos","description":"","publisher":{"@id":"https:\/\/www.chinakingtyre.com\/#organization"},"potentialAction":[{"@type":"SearchAction","target":{"@type":"EntryPoint","urlTemplate":"https:\/\/www.chinakingtyre.com\/?s={search_term_string}"},"query-input":{"@type":"PropertyValueSpecification","valueRequired":true,"valueName":"search_term_string"}}],"inLanguage":"pt-PT"},{"@type":"Organization","@id":"https:\/\/www.chinakingtyre.com\/#organization","name":"TIANJIN KINGTYRE GROUP CO.,LTD","url":"https:\/\/www.chinakingtyre.com\/","logo":{"@type":"ImageObject","inLanguage":"pt-PT","@id":"https:\/\/www.chinakingtyre.com\/#\/schema\/logo\/image\/","url":"https:\/\/www.chinakingtyre.com\/wp-content\/uploads\/2025\/07\/LOGO.png","contentUrl":"https:\/\/www.chinakingtyre.com\/wp-content\/uploads\/2025\/07\/LOGO.png","width":870,"height":212,"caption":"TIANJIN KINGTYRE GROUP CO.,LTD"},"image":{"@id":"https:\/\/www.chinakingtyre.com\/#\/schema\/logo\/image\/"},"sameAs":["https:\/\/www.facebook.com\/ChinaKingTyre"]}]}},"_links":{"self":[{"href":"https:\/\/www.chinakingtyre.com\/pt\/wp-json\/wp\/v2\/product\/439","targetHints":{"allow":["GET"]}}],"collection":[{"href":"https:\/\/www.chinakingtyre.com\/pt\/wp-json\/wp\/v2\/product"}],"about":[{"href":"https:\/\/www.chinakingtyre.com\/pt\/wp-json\/wp\/v2\/types\/product"}],"replies":[{"embeddable":true,"href":"https:\/\/www.chinakingtyre.com\/pt\/wp-json\/wp\/v2\/comments?post=439"}],"wp:featuredmedia":[{"embeddable":true,"href":"https:\/\/www.chinakingtyre.com\/pt\/wp-json\/wp\/v2\/media\/443"}],"wp:attachment":[{"href":"https:\/\/www.chinakingtyre.com\/pt\/wp-json\/wp\/v2\/media?parent=439"}],"curies":[{"name":"wp","href":"https:\/\/api.w.org\/{rel}","templated":true}]}}