{"id":452,"date":"2025-08-18T02:38:19","date_gmt":"2025-08-18T02:38:19","guid":{"rendered":"https:\/\/www.chinakingtyre.com\/?post_type=product&#038;p=452"},"modified":"2025-08-27T00:54:53","modified_gmt":"2025-08-27T00:54:53","slug":"kingtyre-k97-sport-on-road","status":"publish","type":"product","link":"https:\/\/www.chinakingtyre.com\/pt\/product\/kingtyre-k97-sport-on-road\/","title":{"rendered":"Pneu Kingtyre K97 Sport On-Road: Engenharia avan\u00e7ada para precis\u00e3o, ader\u00eancia e longevidade"},"content":{"rendered":"<h2><strong>Redefinindo o desempenho em estrada<\/strong><\/h2>\n<p>Os pneus de motociclos s\u00e3o mais do que componentes - s\u00e3o o <strong>liga\u00e7\u00e3o cr\u00edtica entre a m\u00e1quina e a estrada<\/strong>. De acordo com um inqu\u00e9rito realizado em 2023 por <em>Conselho da Ind\u00fastria dos Motociclos<\/em>, <strong>72% dos condutores classificam a ader\u00eancia dos pneus como o fator mais importante<\/strong> influenciando a sua confian\u00e7a na condu\u00e7\u00e3o.<\/p>\n<p>O <strong><a href=\"https:\/\/www.chinakingtyre.com\/pt\/\">Kingtyre<\/a> Pneu K97 Sport On-Road<\/strong> foi meticulosamente concebido para satisfazer esta procura, combinando <strong>manuseamento de precis\u00e3o<\/strong>, <strong>maior ader\u00eancia<\/strong>e <strong>longevidade excecional<\/strong>. Quer circule pelas ruas congestionadas da cidade, se incline para as curvas de montanha ou ultrapasse os limites nos dias de pista ao fim de semana, a K97 foi concebida para ter um desempenho superior.<\/p>\n<hr \/>\n<h3><img loading=\"lazy\" decoding=\"async\" class=\"aligncenter wp-image-453 size-full\" src=\"https:\/\/www.chinakingtyre.com\/wp-content\/uploads\/2025\/08\/kingtyre-k97-sport-performance.jpg\" alt=\"O pneu Kingtyre K97 Sport On-Road apresenta um desenho agressivo do piso para motos desportivas\" width=\"1678\" height=\"794\" srcset=\"https:\/\/www.chinakingtyre.com\/wp-content\/uploads\/2025\/08\/kingtyre-k97-sport-performance.jpg 1678w, https:\/\/www.chinakingtyre.com\/wp-content\/uploads\/2025\/08\/kingtyre-k97-sport-performance-300x142.jpg 300w, https:\/\/www.chinakingtyre.com\/wp-content\/uploads\/2025\/08\/kingtyre-k97-sport-performance-1024x485.jpg 1024w, https:\/\/www.chinakingtyre.com\/wp-content\/uploads\/2025\/08\/kingtyre-k97-sport-performance-768x363.jpg 768w, https:\/\/www.chinakingtyre.com\/wp-content\/uploads\/2025\/08\/kingtyre-k97-sport-performance-1536x727.jpg 1536w, https:\/\/www.chinakingtyre.com\/wp-content\/uploads\/2025\/08\/kingtyre-k97-sport-performance-18x9.jpg 18w, https:\/\/www.chinakingtyre.com\/wp-content\/uploads\/2025\/08\/kingtyre-k97-sport-performance-600x284.jpg 600w\" sizes=\"auto, (max-width: 1678px) 100vw, 1678px\" \/><\/h3>\n<hr \/>\n<h2><strong>Engenharia de desempenho apoiada por dados<\/strong><\/h2>\n<p>O <strong>Padr\u00e3o do piso do K97<\/strong> \u00e9 optimizado para uma tra\u00e7\u00e3o m\u00e1xima. Testes de pista independentes efectuados em <strong>Campo de Provas de Jiangsu (2024)<\/strong> mostrado:<\/p>\n<ul>\n<li><strong>Melhoria de +18% na dist\u00e2ncia de travagem em piso molhado<\/strong> em compara\u00e7\u00e3o com os pneus desportivos convencionais.<\/li>\n<li><strong>15% maior estabilidade em curva<\/strong> em \u00e2ngulos de inclina\u00e7\u00e3o superiores a 40\u00b0.<\/li>\n<li><strong>Aumento da vida \u00fatil do piso em 20%<\/strong> em condi\u00e7\u00f5es de condu\u00e7\u00e3o mistas (cidade + autoestrada).<\/li>\n<\/ul>\n<p>O <strong>composto enriquecido com s\u00edlica<\/strong> aumenta a ader\u00eancia em piso molhado, enquanto o <strong>constru\u00e7\u00e3o da carca\u00e7a com v\u00e1rias camadas<\/strong> melhora a estabilidade a alta velocidade at\u00e9 <strong>270 km\/h<\/strong>.<\/p>\n<hr \/>\n<h3><img loading=\"lazy\" decoding=\"async\" class=\"aligncenter wp-image-454 size-full\" src=\"https:\/\/www.chinakingtyre.com\/wp-content\/uploads\/2025\/08\/kingtyre-k97-tread-closeup.jpg\" alt=\"Grande plano do padr\u00e3o de piso Kingtyre K97 optimizado para ader\u00eancia em estrada seca e molhada\" width=\"1678\" height=\"794\" srcset=\"https:\/\/www.chinakingtyre.com\/wp-content\/uploads\/2025\/08\/kingtyre-k97-tread-closeup.jpg 1678w, https:\/\/www.chinakingtyre.com\/wp-content\/uploads\/2025\/08\/kingtyre-k97-tread-closeup-300x142.jpg 300w, https:\/\/www.chinakingtyre.com\/wp-content\/uploads\/2025\/08\/kingtyre-k97-tread-closeup-1024x485.jpg 1024w, https:\/\/www.chinakingtyre.com\/wp-content\/uploads\/2025\/08\/kingtyre-k97-tread-closeup-768x363.jpg 768w, https:\/\/www.chinakingtyre.com\/wp-content\/uploads\/2025\/08\/kingtyre-k97-tread-closeup-1536x727.jpg 1536w, https:\/\/www.chinakingtyre.com\/wp-content\/uploads\/2025\/08\/kingtyre-k97-tread-closeup-18x9.jpg 18w, https:\/\/www.chinakingtyre.com\/wp-content\/uploads\/2025\/08\/kingtyre-k97-tread-closeup-600x284.jpg 600w\" sizes=\"auto, (max-width: 1678px) 100vw, 1678px\" \/><\/h3>\n<hr \/>\n<h2><strong>Gama de tamanhos abrangente<\/strong><\/h2>\n<p>Ao contr\u00e1rio de muitos pneus de estrada limitados a motos desportivas, o <strong>Kingtyre<\/strong> <strong>Alinhamento K97<\/strong> abrange um vasto espetro - desde <strong>motociclos de rua ligeiros<\/strong> para <strong>superbikes de classe litro<\/strong>.<\/p>\n<p><strong>Tamanhos da frente (8 op\u00e7\u00f5es):<\/strong><\/p>\n<p>90\/80R17, 100\/90ZR21, 110\/70ZR17, 120\/60ZR17, 120\/70ZR17, 120\/70ZR18, 120\/70ZR19, 130\/70R18<\/p>\n<p><strong>Tamanhos traseiros (14 op\u00e7\u00f5es):<\/strong><\/p>\n<p>130\/70R17, 140\/70ZR17, 150\/60ZR17, 160\/60ZR17, 170\/60ZR17, 180\/55ZR17, 180\/60ZR17, 190\/50ZR17, 190\/55ZR17, 200\/50ZR17, 200\/55ZR17, 240\/45ZR17, 240\/40R18, 260\/40R18<\/p>\n<p><em>Isto faz com que o K97 seja um dos <strong>pneus desportivos de estrada mais vers\u00e1teis<\/strong>que abrange mais de 85% de instala\u00e7\u00f5es de motos desportivas a n\u00edvel mundial.<\/em><\/p>\n<hr \/>\n<h3><img loading=\"lazy\" decoding=\"async\" class=\"aligncenter wp-image-455 size-full\" src=\"https:\/\/www.chinakingtyre.com\/wp-content\/uploads\/2025\/08\/kingtyre-k97-size-chart.jpg\" alt=\"Tabela com os tamanhos de pneus de motociclos Kingtyre K97 dispon\u00edveis para as rodas dianteiras e traseiras\" width=\"1678\" height=\"794\" srcset=\"https:\/\/www.chinakingtyre.com\/wp-content\/uploads\/2025\/08\/kingtyre-k97-size-chart.jpg 1678w, https:\/\/www.chinakingtyre.com\/wp-content\/uploads\/2025\/08\/kingtyre-k97-size-chart-300x142.jpg 300w, https:\/\/www.chinakingtyre.com\/wp-content\/uploads\/2025\/08\/kingtyre-k97-size-chart-1024x485.jpg 1024w, https:\/\/www.chinakingtyre.com\/wp-content\/uploads\/2025\/08\/kingtyre-k97-size-chart-768x363.jpg 768w, https:\/\/www.chinakingtyre.com\/wp-content\/uploads\/2025\/08\/kingtyre-k97-size-chart-1536x727.jpg 1536w, https:\/\/www.chinakingtyre.com\/wp-content\/uploads\/2025\/08\/kingtyre-k97-size-chart-18x9.jpg 18w, https:\/\/www.chinakingtyre.com\/wp-content\/uploads\/2025\/08\/kingtyre-k97-size-chart-600x284.jpg 600w\" sizes=\"auto, (max-width: 1678px) 100vw, 1678px\" \/><\/h3>\n<hr \/>\n<h2><strong>Testado e comprovado em cen\u00e1rios do mundo real<\/strong><\/h2>\n<p>Kingtyre conduzido <strong>mais de 500.000 km de testes de estrada combinados<\/strong> na \u00c1sia, Europa e Am\u00e9rica do Norte. Resultados demonstrados:<\/p>\n<ul>\n<li><strong>Ader\u00eancia consistente em temperaturas que variam entre 10\u00b0C e 45\u00b0C<\/strong>.<\/li>\n<li><strong>Redu\u00e7\u00e3o dos n\u00edveis de vibra\u00e7\u00e3o por 12%<\/strong>A sua estrutura de prote\u00e7\u00e3o permite uma maior comodidade ao condutor em viagens de longa dist\u00e2ncia.<\/li>\n<li><strong>Estabilidade em curva classificada em 9,3\/10<\/strong> entre os pilotos de teste profissionais.<\/li>\n<\/ul>\n<p>O feedback destacou transi\u00e7\u00f5es mais suaves em \u00e2ngulos de inclina\u00e7\u00e3o e recupera\u00e7\u00e3o previs\u00edvel da tra\u00e7\u00e3o durante sa\u00eddas agressivas do acelerador.<\/p>\n<hr \/>\n<h2><strong>Principais vantagens da Kingtyre K97<\/strong><\/h2>\n<p>Desenho agressivo do piso para <strong>ader\u00eancia superior em piso seco e molhado<\/strong><\/p>\n<p>Estabilidade a alta velocidade comprovada at\u00e9 <strong>270 km\/h<\/strong><\/p>\n<p>Quilometragem alargada: <strong>at\u00e9 18.000 km de vida \u00fatil<\/strong> em utiliza\u00e7\u00e3o mista<\/p>\n<p>Ampla compatibilidade: <strong>22 op\u00e7\u00f5es de tamanho<\/strong> para diversos motociclos<\/p>\n<p>\u2714 Comprovado em <strong>testes independentes em pista e em estrada<\/strong><\/p>\n<hr \/>\n<h2><strong>Conclus\u00e3o<\/strong><\/h2>\n<p>O <strong>Pneu Kingtyre K97 Sport On-Road<\/strong> n\u00e3o \u00e9 apenas mais um pneu de mota - \u00e9 um <strong>solu\u00e7\u00e3o baseada em dados e testada pelos utilizadores<\/strong> para os entusiastas do desempenho. Com o seu <strong>padr\u00e3o do piso inspirado nas corridas<\/strong>, <strong>disponibilidade de tamanhos alargados<\/strong>e <strong>equil\u00edbrio excecional entre ader\u00eancia e durabilidade<\/strong>A K97 proporciona a confian\u00e7a e o controlo que os ciclistas modernos exigem.<\/p>\n<p>Quer esteja a deslocar-se para o trabalho, a percorrer estradas de montanha ou a registar tempos de volta, a K97 garante que se mant\u00e9m \u00e0 frente da curva.<\/p>\n<hr \/>\n<p><a href=\"https:\/\/www.facebook.com\/ChinaKingTyre\">Siga-nos no Facebook<\/a><\/p>\n<p><!-- notionvc: 1924e58b-8c6e-4f05-b047-dc6296c181b4 --><\/p>","protected":false},"excerpt":{"rendered":"<p>O pneu Kingtyre K97 Sport On-Road proporciona um comportamento de elite, tra\u00e7\u00e3o superior e quilometragem prolongada. Dispon\u00edvel em v\u00e1rios tamanhos para motos desportivas e motos de turismo.<!-- notionvc: 6e29a8ee-361f-4430-b05e-342cf1767276 --><\/p>","protected":false},"featured_media":443,"comment_status":"open","ping_status":"closed","template":"","meta":[],"class_list":{"0":"post-452","1":"product","2":"type-product","3":"status-publish","4":"has-post-thumbnail","6":"product_cat-commute-motorcycle-tires","7":"product_cat-super-sport-motorcycle-tires","8":"product_tag-100-90zr21","9":"product_tag-110-70zr17","10":"product_tag-120-70-17-motorcycle-tire","11":"product_tag-120-70-17-tire","12":"product_tag-120-70r17-2","13":"product_tag-120-70r17-motorcycle-tire","14":"product_tag-120-70x17-dual-sport-tire","15":"product_tag-120-70x17-motorcycle-tire","16":"product_tag-120-70x17-tire","17":"product_tag-120-70-zr17-motorcycle-tire","18":"product_tag-120-70-zr17","19":"product_tag-120-70zr17-front-tire","20":"product_tag-120-70zr17-tire","21":"product_tag-120-60zr17","22":"product_tag-120-70zr17","23":"product_tag-120-70zr18","24":"product_tag-120-70zr19","25":"product_tag-130-70r17","26":"product_tag-130-70r18","27":"product_tag-140-70zr17","28":"product_tag-150-60zr17","29":"product_tag-160-60zr17","30":"product_tag-170-60zr17","31":"product_tag-180-55zr17","32":"product_tag-180-60zr17","33":"product_tag-190-50zr17","34":"product_tag-190-55zr17","35":"product_tag-200-50zr17","36":"product_tag-200-55zr17","37":"product_tag-240-40r18","38":"product_tag-240-45zr17","39":"product_tag-260-40r18","40":"product_tag-90-80r17","41":"product_tag-aggressive-tread-motorcycle-tires","42":"product_tag-all-weather-motorcycle-tires","43":"product_tag-dry-grip-sport-tires","44":"product_tag-high-speed-motorcycle-tires","45":"product_tag-kingtyre","46":"product_tag-kingtyre-k97","47":"product_tag-kingtyre-motorcycle-tires","48":"product_tag-long-lasting-motorcycle-tires","49":"product_tag-motorcycle-cornering-stability","50":"product_tag-motorcycle-grip-technology","51":"product_tag-motorcycle-performance-testing","52":"product_tag-motorcycle-safety-tires","53":"product_tag-motorcycle-tire-durability","54":"product_tag-motorcycle-tire-size-chart","55":"product_tag-motorcycle-touring-tires","56":"product_tag-motorcycle-track-day-tires","57":"product_tag-motorcycle-tyres-120-70-zr17","58":"product_tag-on-road-motorcycle-tires","59":"product_tag-premium-motorcycle-tires","60":"product_tag-sport-touring-motorcycle-tires","61":"product_tag-super-sport-tires","62":"product_tag-wet-grip-motorcycle-tires","64":"first","65":"instock","66":"shipping-taxable","67":"product-type-simple"},"yoast_head":"<!-- This site is optimized with the Yoast SEO Premium plugin v25.1 (Yoast SEO v25.1) - https:\/\/yoast.com\/wordpress\/plugins\/seo\/ -->\n<title>Kingtyre K97 Sport On-Road Motorcycle Tire | Precision Grip<\/title>\n<meta name=\"description\" content=\"The Kingtyre K97 Sport On-Road Tire delivers elite handling, superior traction, and extended mileage. Available in multiple sizes for sport bikes and touring motorcycles.\" \/>\n<meta name=\"robots\" content=\"index, follow, max-snippet:-1, max-image-preview:large, max-video-preview:-1\" \/>\n<link rel=\"canonical\" href=\"https:\/\/www.chinakingtyre.com\/pt\/product\/kingtyre-k97-sport-on-road\/\" \/>\n<meta property=\"og:locale\" content=\"pt_PT\" \/>\n<meta property=\"og:type\" content=\"article\" \/>\n<meta property=\"og:title\" content=\"Kingtyre K97 Sport On-Road Tire: Advanced Engineering for Precision, Grip, and Longevity\" \/>\n<meta property=\"og:description\" content=\"The Kingtyre K97 Sport On-Road Tire delivers elite handling, superior traction, and extended mileage. Available in multiple sizes for sport bikes and touring motorcycles.\" \/>\n<meta property=\"og:url\" content=\"https:\/\/www.chinakingtyre.com\/pt\/product\/kingtyre-k97-sport-on-road\/\" \/>\n<meta property=\"og:site_name\" content=\"KingTyre Professional motorcycle tire manufacturer\" \/>\n<meta property=\"article:publisher\" content=\"https:\/\/www.facebook.com\/ChinaKingTyre\" \/>\n<meta property=\"article:modified_time\" content=\"2025-08-27T00:54:53+00:00\" \/>\n<meta property=\"og:image\" content=\"https:\/\/www.chinakingtyre.com\/wp-content\/uploads\/2025\/08\/Kingtyre-K97-Supermoto-Treaded-Racing-Tires.jpg\" \/>\n\t<meta property=\"og:image:width\" content=\"800\" \/>\n\t<meta property=\"og:image:height\" content=\"800\" \/>\n\t<meta property=\"og:image:type\" content=\"image\/jpeg\" \/>\n<meta name=\"twitter:card\" content=\"summary_large_image\" \/>\n<meta name=\"twitter:label1\" content=\"Tempo estimado de leitura\" \/>\n\t<meta name=\"twitter:data1\" content=\"3 minutos\" \/>\n<script type=\"application\/ld+json\" class=\"yoast-schema-graph\">{\"@context\":\"https:\/\/schema.org\",\"@graph\":[{\"@type\":\"WebPage\",\"@id\":\"https:\/\/www.chinakingtyre.com\/product\/kingtyre-k97-sport-on-road\/\",\"url\":\"https:\/\/www.chinakingtyre.com\/product\/kingtyre-k97-sport-on-road\/\",\"name\":\"Kingtyre K97 Sport On-Road Motorcycle Tire | Precision Grip\",\"isPartOf\":{\"@id\":\"https:\/\/www.chinakingtyre.com\/#website\"},\"primaryImageOfPage\":{\"@id\":\"https:\/\/www.chinakingtyre.com\/product\/kingtyre-k97-sport-on-road\/#primaryimage\"},\"image\":{\"@id\":\"https:\/\/www.chinakingtyre.com\/product\/kingtyre-k97-sport-on-road\/#primaryimage\"},\"thumbnailUrl\":\"https:\/\/www.chinakingtyre.com\/wp-content\/uploads\/2025\/08\/Kingtyre-K97-Supermoto-Treaded-Racing-Tires.jpg\",\"datePublished\":\"2025-08-18T02:38:19+00:00\",\"dateModified\":\"2025-08-27T00:54:53+00:00\",\"description\":\"The Kingtyre K97 Sport On-Road Tire delivers elite handling, superior traction, and extended mileage. Available in multiple sizes for sport bikes and touring motorcycles.\",\"breadcrumb\":{\"@id\":\"https:\/\/www.chinakingtyre.com\/product\/kingtyre-k97-sport-on-road\/#breadcrumb\"},\"inLanguage\":\"pt-PT\",\"potentialAction\":[{\"@type\":\"ReadAction\",\"target\":[\"https:\/\/www.chinakingtyre.com\/product\/kingtyre-k97-sport-on-road\/\"]}]},{\"@type\":\"ImageObject\",\"inLanguage\":\"pt-PT\",\"@id\":\"https:\/\/www.chinakingtyre.com\/product\/kingtyre-k97-sport-on-road\/#primaryimage\",\"url\":\"https:\/\/www.chinakingtyre.com\/wp-content\/uploads\/2025\/08\/Kingtyre-K97-Supermoto-Treaded-Racing-Tires.jpg\",\"contentUrl\":\"https:\/\/www.chinakingtyre.com\/wp-content\/uploads\/2025\/08\/Kingtyre-K97-Supermoto-Treaded-Racing-Tires.jpg\",\"width\":800,\"height\":800,\"caption\":\"Kingtyre-K97-Supermoto-Treaded-Racing-Tires\"},{\"@type\":\"BreadcrumbList\",\"@id\":\"https:\/\/www.chinakingtyre.com\/product\/kingtyre-k97-sport-on-road\/#breadcrumb\",\"itemListElement\":[{\"@type\":\"ListItem\",\"position\":1,\"name\":\"Home\",\"item\":\"https:\/\/www.chinakingtyre.com\/\"},{\"@type\":\"ListItem\",\"position\":2,\"name\":\"Kingtyre Product List\",\"item\":\"https:\/\/www.chinakingtyre.com\/kingtyre-product-list\/\"},{\"@type\":\"ListItem\",\"position\":3,\"name\":\"Kingtyre K97 Sport On-Road Tire: Advanced Engineering for Precision, Grip, and Longevity\"}]},{\"@type\":\"WebSite\",\"@id\":\"https:\/\/www.chinakingtyre.com\/#website\",\"url\":\"https:\/\/www.chinakingtyre.com\/\",\"name\":\"KingTyre Professional motorcycle tire manufacturer\",\"description\":\"\",\"publisher\":{\"@id\":\"https:\/\/www.chinakingtyre.com\/#organization\"},\"potentialAction\":[{\"@type\":\"SearchAction\",\"target\":{\"@type\":\"EntryPoint\",\"urlTemplate\":\"https:\/\/www.chinakingtyre.com\/?s={search_term_string}\"},\"query-input\":{\"@type\":\"PropertyValueSpecification\",\"valueRequired\":true,\"valueName\":\"search_term_string\"}}],\"inLanguage\":\"pt-PT\"},{\"@type\":\"Organization\",\"@id\":\"https:\/\/www.chinakingtyre.com\/#organization\",\"name\":\"TIANJIN KINGTYRE GROUP CO.,LTD\",\"url\":\"https:\/\/www.chinakingtyre.com\/\",\"logo\":{\"@type\":\"ImageObject\",\"inLanguage\":\"pt-PT\",\"@id\":\"https:\/\/www.chinakingtyre.com\/#\/schema\/logo\/image\/\",\"url\":\"https:\/\/www.chinakingtyre.com\/wp-content\/uploads\/2025\/07\/LOGO.png\",\"contentUrl\":\"https:\/\/www.chinakingtyre.com\/wp-content\/uploads\/2025\/07\/LOGO.png\",\"width\":870,\"height\":212,\"caption\":\"TIANJIN KINGTYRE GROUP CO.,LTD\"},\"image\":{\"@id\":\"https:\/\/www.chinakingtyre.com\/#\/schema\/logo\/image\/\"},\"sameAs\":[\"https:\/\/www.facebook.com\/ChinaKingTyre\"]}]}<\/script>\n<!-- \/ Yoast SEO Premium plugin. -->","yoast_head_json":{"title":"Kingtyre K97 Sport On-Road Motorcycle Tire | Precision Grip","description":"O pneu Kingtyre K97 Sport On-Road proporciona um comportamento de elite, tra\u00e7\u00e3o superior e quilometragem prolongada. Dispon\u00edvel em v\u00e1rios tamanhos para motos desportivas e motos de turismo.","robots":{"index":"index","follow":"follow","max-snippet":"max-snippet:-1","max-image-preview":"max-image-preview:large","max-video-preview":"max-video-preview:-1"},"canonical":"https:\/\/www.chinakingtyre.com\/pt\/product\/kingtyre-k97-sport-on-road\/","og_locale":"pt_PT","og_type":"article","og_title":"Kingtyre K97 Sport On-Road Tire: Advanced Engineering for Precision, Grip, and Longevity","og_description":"The Kingtyre K97 Sport On-Road Tire delivers elite handling, superior traction, and extended mileage. Available in multiple sizes for sport bikes and touring motorcycles.","og_url":"https:\/\/www.chinakingtyre.com\/pt\/product\/kingtyre-k97-sport-on-road\/","og_site_name":"KingTyre Professional motorcycle tire manufacturer","article_publisher":"https:\/\/www.facebook.com\/ChinaKingTyre","article_modified_time":"2025-08-27T00:54:53+00:00","og_image":[{"width":800,"height":800,"url":"https:\/\/www.chinakingtyre.com\/wp-content\/uploads\/2025\/08\/Kingtyre-K97-Supermoto-Treaded-Racing-Tires.jpg","type":"image\/jpeg"}],"twitter_card":"summary_large_image","twitter_misc":{"Tempo estimado de leitura":"3 minutos"},"schema":{"@context":"https:\/\/schema.org","@graph":[{"@type":"WebPage","@id":"https:\/\/www.chinakingtyre.com\/product\/kingtyre-k97-sport-on-road\/","url":"https:\/\/www.chinakingtyre.com\/product\/kingtyre-k97-sport-on-road\/","name":"Kingtyre K97 Sport On-Road Motorcycle Tire | Precision Grip","isPartOf":{"@id":"https:\/\/www.chinakingtyre.com\/#website"},"primaryImageOfPage":{"@id":"https:\/\/www.chinakingtyre.com\/product\/kingtyre-k97-sport-on-road\/#primaryimage"},"image":{"@id":"https:\/\/www.chinakingtyre.com\/product\/kingtyre-k97-sport-on-road\/#primaryimage"},"thumbnailUrl":"https:\/\/www.chinakingtyre.com\/wp-content\/uploads\/2025\/08\/Kingtyre-K97-Supermoto-Treaded-Racing-Tires.jpg","datePublished":"2025-08-18T02:38:19+00:00","dateModified":"2025-08-27T00:54:53+00:00","description":"O pneu Kingtyre K97 Sport On-Road proporciona um comportamento de elite, tra\u00e7\u00e3o superior e quilometragem prolongada. Dispon\u00edvel em v\u00e1rios tamanhos para motos desportivas e motos de turismo.","breadcrumb":{"@id":"https:\/\/www.chinakingtyre.com\/product\/kingtyre-k97-sport-on-road\/#breadcrumb"},"inLanguage":"pt-PT","potentialAction":[{"@type":"ReadAction","target":["https:\/\/www.chinakingtyre.com\/product\/kingtyre-k97-sport-on-road\/"]}]},{"@type":"ImageObject","inLanguage":"pt-PT","@id":"https:\/\/www.chinakingtyre.com\/product\/kingtyre-k97-sport-on-road\/#primaryimage","url":"https:\/\/www.chinakingtyre.com\/wp-content\/uploads\/2025\/08\/Kingtyre-K97-Supermoto-Treaded-Racing-Tires.jpg","contentUrl":"https:\/\/www.chinakingtyre.com\/wp-content\/uploads\/2025\/08\/Kingtyre-K97-Supermoto-Treaded-Racing-Tires.jpg","width":800,"height":800,"caption":"Kingtyre-K97-Supermoto-Treaded-Racing-Tires"},{"@type":"BreadcrumbList","@id":"https:\/\/www.chinakingtyre.com\/product\/kingtyre-k97-sport-on-road\/#breadcrumb","itemListElement":[{"@type":"ListItem","position":1,"name":"Home","item":"https:\/\/www.chinakingtyre.com\/"},{"@type":"ListItem","position":2,"name":"Kingtyre Product List","item":"https:\/\/www.chinakingtyre.com\/kingtyre-product-list\/"},{"@type":"ListItem","position":3,"name":"Kingtyre K97 Sport On-Road Tire: Advanced Engineering for Precision, Grip, and Longevity"}]},{"@type":"WebSite","@id":"https:\/\/www.chinakingtyre.com\/#website","url":"https:\/\/www.chinakingtyre.com\/","name":"KingTyre Fabricante profissional de pneus para motociclos","description":"","publisher":{"@id":"https:\/\/www.chinakingtyre.com\/#organization"},"potentialAction":[{"@type":"SearchAction","target":{"@type":"EntryPoint","urlTemplate":"https:\/\/www.chinakingtyre.com\/?s={search_term_string}"},"query-input":{"@type":"PropertyValueSpecification","valueRequired":true,"valueName":"search_term_string"}}],"inLanguage":"pt-PT"},{"@type":"Organization","@id":"https:\/\/www.chinakingtyre.com\/#organization","name":"TIANJIN KINGTYRE GROUP CO.,LTD","url":"https:\/\/www.chinakingtyre.com\/","logo":{"@type":"ImageObject","inLanguage":"pt-PT","@id":"https:\/\/www.chinakingtyre.com\/#\/schema\/logo\/image\/","url":"https:\/\/www.chinakingtyre.com\/wp-content\/uploads\/2025\/07\/LOGO.png","contentUrl":"https:\/\/www.chinakingtyre.com\/wp-content\/uploads\/2025\/07\/LOGO.png","width":870,"height":212,"caption":"TIANJIN KINGTYRE GROUP CO.,LTD"},"image":{"@id":"https:\/\/www.chinakingtyre.com\/#\/schema\/logo\/image\/"},"sameAs":["https:\/\/www.facebook.com\/ChinaKingTyre"]}]}},"_links":{"self":[{"href":"https:\/\/www.chinakingtyre.com\/pt\/wp-json\/wp\/v2\/product\/452","targetHints":{"allow":["GET"]}}],"collection":[{"href":"https:\/\/www.chinakingtyre.com\/pt\/wp-json\/wp\/v2\/product"}],"about":[{"href":"https:\/\/www.chinakingtyre.com\/pt\/wp-json\/wp\/v2\/types\/product"}],"replies":[{"embeddable":true,"href":"https:\/\/www.chinakingtyre.com\/pt\/wp-json\/wp\/v2\/comments?post=452"}],"wp:featuredmedia":[{"embeddable":true,"href":"https:\/\/www.chinakingtyre.com\/pt\/wp-json\/wp\/v2\/media\/443"}],"wp:attachment":[{"href":"https:\/\/www.chinakingtyre.com\/pt\/wp-json\/wp\/v2\/media?parent=452"}],"curies":[{"name":"wp","href":"https:\/\/api.w.org\/{rel}","templated":true}]}}