{"id":102,"date":"2025-07-23T03:58:24","date_gmt":"2025-07-23T03:58:24","guid":{"rendered":"https:\/\/uvbjmlkq.sg-members-1.clawcloudrun.com\/?post_type=product&#038;p=102"},"modified":"2025-08-15T07:05:47","modified_gmt":"2025-08-15T07:05:47","slug":"kingtyre-k01-yaris-yagmur-lasti%cc%87gi%cc%87","status":"publish","type":"product","link":"https:\/\/www.chinakingtyre.com\/tr\/product\/kingtyre-k01-yaris-yagmur-lasti%cc%87gi%cc%87\/","title":{"rendered":"Kingtyre K01 Yar\u0131\u015f Ya\u011fmur Lasti\u011fi | \u00dcst\u00fcn Islak Pist Motosiklet Yar\u0131\u015f Performans\u0131"},"content":{"rendered":"<p>Islak hava, motosiklet yar\u0131\u015flar\u0131ndaki en zorlu m\u00fccadelelerden biridir. Bu y\u00fczden <span class=\"notion-enable-hover\" data-token-index=\"1\">Kingtyre K01 Yar\u0131\u015f Ya\u011fmur Lasti\u011fi<\/span> lider bir \u015firket taraf\u0131ndan <span class=\"notion-enable-hover\" data-token-index=\"3\">motosi\u0307klet lasti\u0307kleri\u0307 fabri\u0307kasi<\/span> ola\u011fan\u00fcst\u00fc kavrama, denge ve s\u00fcr\u00fcc\u00fc g\u00fcveni ile ya\u011fmurla \u0131slanm\u0131\u015f pistlere h\u00fckmetmek i\u00e7in. Dayan\u0131kl\u0131l\u0131k yar\u0131\u015flar\u0131 ve y\u00fcksek h\u0131zl\u0131 rekabetler i\u00e7in tasarlanan K01, a\u015fa\u011f\u0131dakiler i\u00e7in \u00f6l\u00e7\u00fct\u00fc belirler <span class=\"notion-enable-hover\" data-token-index=\"5\">profesyonel \u0131slak hava yar\u0131\u015f lastikleri<\/span>.<!-- notionvc: 29b4a94d-4e65-4f0a-8c1b-068ced6fd13f --><\/p>\n<hr \/>\n<h2><strong>Maksimum Su Da\u011f\u0131l\u0131m\u0131 i\u00e7in Yenilik\u00e7i Tasar\u0131m<\/strong><\/h2>\n<p>Bu <strong>K01 Yar\u0131\u015f Ya\u011fmur Lasti\u011fi<\/strong> Suyu h\u0131zla tahliye eden ve en \u015fiddetli ya\u011f\u0131\u015flarda bile g\u00fcvenli bir temas alan\u0131 sa\u011flayan hassas m\u00fchendislik \u00fcr\u00fcn\u00fc bir s\u0131rt desenine sahiptir. Silika ile g\u00fc\u00e7lendirilmi\u015f kau\u00e7uk bile\u015fimi, s\u0131n\u0131f\u0131nda lider kavrama sa\u011flayarak onu en geli\u015fmi\u015f lastiklerden biri haline getirir. <strong>yar\u0131\u015f ya\u011fmur lastikleri<\/strong> mevcut.<\/p>\n<p><strong>Performans \u00d6zetleri:<\/strong><\/p>\n<ul>\n<li><strong>Hidroplaning Direnci:<\/strong> Derin a\u00e7\u0131l\u0131 oluklar su tahliye h\u0131z\u0131n\u0131 \u015fu \u015fekilde art\u0131r\u0131r <strong>30%<\/strong> standart spor lastiklere k\u0131yasla.<\/li>\n<li><strong>Kararl\u0131 Temas Yamas\u0131:<\/strong> A\u015fa\u011f\u0131dakilere kadar korur <strong>85% y\u00fczey temas\u0131<\/strong> \u00f6ng\u00f6r\u00fclebilir kullan\u0131m i\u00e7in.<\/li>\n<li><strong>Silika ile Zenginle\u015ftirilmi\u015f Bile\u015fik:<\/strong> Teslimatlar <strong>25% daha fazla \u0131slak zeminde \u00e7eki\u015f g\u00fcc\u00fc<\/strong>olumsuz hava ko\u015fullar\u0131nda tur s\u00fcrelerini k\u0131salt\u0131r.<\/li>\n<\/ul>\n<p><img loading=\"lazy\" decoding=\"async\" class=\"aligncenter wp-image-276 size-full\" src=\"https:\/\/www.chinakingtyre.com\/wp-content\/uploads\/2025\/07\/kingtyre-k01-rain-tire-tread.jpg\" alt=\"Kingtyre K01 Yar\u0131\u015f Ya\u011fmur Lasti\u011fi, su da\u011f\u0131tma oluklar\u0131na sahip s\u0131rt tasar\u0131m\u0131.\" width=\"800\" height=\"800\" srcset=\"https:\/\/www.chinakingtyre.com\/wp-content\/uploads\/2025\/07\/kingtyre-k01-rain-tire-tread.jpg 800w, https:\/\/www.chinakingtyre.com\/wp-content\/uploads\/2025\/07\/kingtyre-k01-rain-tire-tread-300x300.jpg 300w, https:\/\/www.chinakingtyre.com\/wp-content\/uploads\/2025\/07\/kingtyre-k01-rain-tire-tread-600x600.jpg 600w, https:\/\/www.chinakingtyre.com\/wp-content\/uploads\/2025\/07\/kingtyre-k01-rain-tire-tread-150x150.jpg 150w, https:\/\/www.chinakingtyre.com\/wp-content\/uploads\/2025\/07\/kingtyre-k01-rain-tire-tread-768x768.jpg 768w\" sizes=\"auto, (max-width: 800px) 100vw, 800px\" \/><\/p>\n<hr \/>\n<h2><strong>Profesyonel Yar\u0131\u015f\u00e7\u0131lar i\u00e7in Mevcut Bedenler<\/strong><\/h2>\n<p>Kingtyre K01, hafif yar\u0131\u015f motosikletleri ve g\u00fc\u00e7l\u00fc superbike'larla uyumluluk sa\u011flamak \u00fczere \u00f6n ve arka tekerlekler i\u00e7in birden fazla yar\u0131\u015f donan\u0131m\u0131nda mevcuttur.<\/p>\n<ul>\n<li><strong>\u00d6n tarafa:<\/strong> 110\/70R17, 125\/70R17, 125\/80R17<\/li>\n<li><strong>Arka tarafa:<\/strong> 140\/70R17, 190\/55R17<\/li>\n<\/ul>\n<p><img loading=\"lazy\" decoding=\"async\" class=\"aligncenter wp-image-277 size-full\" src=\"https:\/\/www.chinakingtyre.com\/wp-content\/uploads\/2025\/07\/kingtyre-k01-in-action.jpg\" alt=\"Kingtyre K01 ya\u011fmur lasti\u011fi \u0131slak pistte yar\u0131\u015fan bir motosiklete tak\u0131lm\u0131\u015ft\u0131r.\" width=\"800\" height=\"800\" srcset=\"https:\/\/www.chinakingtyre.com\/wp-content\/uploads\/2025\/07\/kingtyre-k01-in-action.jpg 800w, https:\/\/www.chinakingtyre.com\/wp-content\/uploads\/2025\/07\/kingtyre-k01-in-action-300x300.jpg 300w, https:\/\/www.chinakingtyre.com\/wp-content\/uploads\/2025\/07\/kingtyre-k01-in-action-600x600.jpg 600w, https:\/\/www.chinakingtyre.com\/wp-content\/uploads\/2025\/07\/kingtyre-k01-in-action-150x150.jpg 150w, https:\/\/www.chinakingtyre.com\/wp-content\/uploads\/2025\/07\/kingtyre-k01-in-action-768x768.jpg 768w\" sizes=\"auto, (max-width: 800px) 100vw, 800px\" \/><\/p>\n<hr \/>\n<h2><strong>Islak Tutu\u015f ve Viraj Dengesi i\u00e7in Tasarland\u0131<\/strong><\/h2>\n<p>Islak ko\u015fullarda yar\u0131\u015fmak tutarl\u0131 \u00e7eki\u015f ve denge gerektirir. Bu nedenle <strong>K01<\/strong> bu ko\u015fullar alt\u0131nda \u00fcst\u00fcn performans g\u00f6sterecek \u015fekilde tasarlanm\u0131\u015ft\u0131r:<\/p>\n<ul>\n<li>\u2705 <strong>Geli\u015ftirilmi\u015f Islak Tutu\u015f:<\/strong> 25% geli\u015fmi\u015f silika bile\u015fikleri sayesinde daha iyi \u00e7eki\u015f g\u00fcc\u00fc.<\/li>\n<li>\u2705 <strong>Virajlarda g\u00fcven:<\/strong> Optimize edilmi\u015f profil \u015fekli, y\u00fcksek yat\u0131\u015f a\u00e7\u0131lar\u0131nda lastik esnemesini azalt\u0131r.<\/li>\n<li>\u2705 <strong>Geni\u015f S\u0131cakl\u0131k Aral\u0131\u011f\u0131:<\/strong> G\u00fcvenilir performans g\u00f6sterir <strong>5\u00b0C-40\u00b0C<\/strong> yar\u0131\u015f ko\u015fullar\u0131.<\/li>\n<\/ul>\n<hr \/>\n<h2><strong>Dayan\u0131kl\u0131l\u0131k Yar\u0131\u015flar\u0131nda Pistte Test Edildi<\/strong><\/h2>\n<p>Bu <strong>Kingtyre K01 Yar\u0131\u015f Ya\u011fmur Lasti\u011fi<\/strong> a\u015fa\u011f\u0131dakiler de dahil olmak \u00fczere a\u015f\u0131r\u0131 ko\u015fullarda test edilmi\u015ftir <strong>Le Mans 24 Saat Motosiklet Dayan\u0131kl\u0131l\u0131k Yar\u0131\u015f\u0131<\/strong>.<\/p>\n<ul>\n<li><strong>20% daha d\u00fc\u015f\u00fck a\u015f\u0131nma oran\u0131<\/strong> di\u011fer \u0131slak yar\u0131\u015f lastiklerine k\u0131yasla.<\/li>\n<li>Dayan\u0131kl\u0131l\u0131\u011f\u0131 test edilmi\u015ftir <strong>5 yar\u0131\u015f seans\u0131na kadar<\/strong> \u015fiddetli ya\u011fmur alt\u0131nda performans kayb\u0131 olmadan.<\/li>\n<\/ul>\n<p><img loading=\"lazy\" decoding=\"async\" class=\"aligncenter wp-image-278 size-full\" src=\"https:\/\/www.chinakingtyre.com\/wp-content\/uploads\/2025\/07\/kingtyre-k01-performance-wet-1.jpg\" alt=\"Kingtyre K01 yar\u0131\u015f motosikleti lasti\u011fi \u0131slak yar\u0131\u015f pistinde.\" width=\"800\" height=\"800\" srcset=\"https:\/\/www.chinakingtyre.com\/wp-content\/uploads\/2025\/07\/kingtyre-k01-performance-wet-1.jpg 800w, https:\/\/www.chinakingtyre.com\/wp-content\/uploads\/2025\/07\/kingtyre-k01-performance-wet-1-300x300.jpg 300w, https:\/\/www.chinakingtyre.com\/wp-content\/uploads\/2025\/07\/kingtyre-k01-performance-wet-1-600x600.jpg 600w, https:\/\/www.chinakingtyre.com\/wp-content\/uploads\/2025\/07\/kingtyre-k01-performance-wet-1-150x150.jpg 150w, https:\/\/www.chinakingtyre.com\/wp-content\/uploads\/2025\/07\/kingtyre-k01-performance-wet-1-768x768.jpg 768w\" sizes=\"auto, (max-width: 800px) 100vw, 800px\" \/><\/p>\n<hr \/>\n<h2><strong>Kingtyre'\u0131n Yar\u0131\u015f Yeniliklerine Ba\u011fl\u0131l\u0131\u011f\u0131<\/strong><\/h2>\n<p>G\u00fcvenilir bir <strong>Motosiklet Lasti\u011fi \u00dcreticisi<\/strong>Kingtyre, geli\u015fmi\u015f makineleri, s\u0131k\u0131 kalite kontrollerini ve yar\u0131\u015f\u00e7\u0131 geri bildirimlerini her lasti\u011fe entegre ediyor. Kingtyre <strong>K01 Yar\u0131\u015f Ya\u011fmur Lasti\u011fi<\/strong> \u0131slak hava motosiklet yar\u0131\u015f teknolojisinin zirvesini temsil eder.<\/p>\n<p><img loading=\"lazy\" decoding=\"async\" class=\"aligncenter wp-image-279 size-full\" src=\"https:\/\/www.chinakingtyre.com\/wp-content\/uploads\/2025\/07\/kingtyre-factory-expertise.jpg\" alt=\"Kingtyre motosiklet lastikleri fabrikas\u0131 ve m\u00fchendislik ekibi i\u015f ba\u015f\u0131nda.\" width=\"800\" height=\"800\" srcset=\"https:\/\/www.chinakingtyre.com\/wp-content\/uploads\/2025\/07\/kingtyre-factory-expertise.jpg 800w, https:\/\/www.chinakingtyre.com\/wp-content\/uploads\/2025\/07\/kingtyre-factory-expertise-300x300.jpg 300w, https:\/\/www.chinakingtyre.com\/wp-content\/uploads\/2025\/07\/kingtyre-factory-expertise-600x600.jpg 600w, https:\/\/www.chinakingtyre.com\/wp-content\/uploads\/2025\/07\/kingtyre-factory-expertise-150x150.jpg 150w, https:\/\/www.chinakingtyre.com\/wp-content\/uploads\/2025\/07\/kingtyre-factory-expertise-768x768.jpg 768w\" sizes=\"auto, (max-width: 800px) 100vw, 800px\" \/><!-- notionvc: a9839f0c-270e-4ac9-9ef8-ab1aa232c0e0 --><\/p>\n<hr \/>\n<p><a href=\"https:\/\/www.facebook.com\/ChinaKingTyre\">Bizi Facebook'ta takip edin<\/a><\/p>\n<p><!-- notionvc: da3d7028-5973-40b1-9fc1-99008a78214e --><\/p>","protected":false},"excerpt":{"rendered":"<p>Kingtyre K01 Yar\u0131\u015f Ya\u011fmur Lasti\u011finin \u00fcst\u00fcn kavrama, denge ve dayan\u0131kl\u0131l\u0131k ile \u0131slak pist ko\u015fullar\u0131n\u0131 nas\u0131l fethetti\u011fini ke\u015ffedin. Benzersiz \u00f6zelliklerini ve performans verilerini bug\u00fcn ke\u015ffedin!<!-- notionvc: 04363bd3-9432-4c03-8695-e074694f2453 --><\/p>","protected":false},"featured_media":105,"comment_status":"open","ping_status":"closed","template":"","meta":[],"class_list":{"0":"post-102","1":"product","2":"type-product","3":"status-publish","4":"has-post-thumbnail","6":"product_cat-racing-slicks-motorcycle-tires","7":"product_tag-endurance-racing-tires","8":"product_tag-high-performance-motorcycle-tires","9":"product_tag-kingtyre-k01","10":"product_tag-mc-tires-factory","11":"product_tag-motorcycle-tire-manufacturers","12":"product_tag-motorcycle-tires-factory","13":"product_tag-racing-rain-tires","14":"product_tag-racing-slick-alternatives","15":"product_tag-racing-tires","16":"product_tag-rain-motorcycle-tires","17":"product_tag-wet-track-motorcycle-tires","19":"first","20":"instock","21":"shipping-taxable","22":"product-type-simple"},"yoast_head":"<!-- This site is optimized with the Yoast SEO Premium plugin v25.1 (Yoast SEO v25.1) - https:\/\/yoast.com\/wordpress\/plugins\/seo\/ -->\n<title>Kingtyre K01 Racing Rain Tire | Wet Track Motorcycle Racing Tires<\/title>\n<meta name=\"description\" content=\"The Kingtyre K01 Racing Rain Tire delivers superior grip, hydroplaning resistance, and endurance-tested performance for wet motorcycle racing. Explore sizes and features today.\" \/>\n<meta name=\"robots\" content=\"index, follow, max-snippet:-1, max-image-preview:large, max-video-preview:-1\" \/>\n<link rel=\"canonical\" href=\"https:\/\/www.chinakingtyre.com\/tr\/product\/kingtyre-k01-yaris-yagmur-lasti\u0307gi\u0307\/\" \/>\n<meta property=\"og:locale\" content=\"tr_TR\" \/>\n<meta property=\"og:type\" content=\"article\" \/>\n<meta property=\"og:title\" content=\"Kingtyre K01 Racing Rain Tire | Superior Wet Track Motorcycle Racing Performance\" \/>\n<meta property=\"og:description\" content=\"The Kingtyre K01 Racing Rain Tire delivers superior grip, hydroplaning resistance, and endurance-tested performance for wet motorcycle racing. Explore sizes and features today.\" \/>\n<meta property=\"og:url\" content=\"https:\/\/www.chinakingtyre.com\/tr\/product\/kingtyre-k01-yaris-yagmur-lasti\u0307gi\u0307\/\" \/>\n<meta property=\"og:site_name\" content=\"KingTyre Professional motorcycle tire manufacturer\" \/>\n<meta property=\"article:publisher\" content=\"https:\/\/www.facebook.com\/ChinaKingTyre\" \/>\n<meta property=\"article:modified_time\" content=\"2025-08-15T07:05:47+00:00\" \/>\n<meta property=\"og:image\" content=\"https:\/\/www.chinakingtyre.com\/wp-content\/uploads\/2025\/07\/Kingtyre-K01-Racing-Tire.jpg\" \/>\n\t<meta property=\"og:image:width\" content=\"800\" \/>\n\t<meta property=\"og:image:height\" content=\"800\" \/>\n\t<meta property=\"og:image:type\" content=\"image\/jpeg\" \/>\n<meta name=\"twitter:card\" content=\"summary_large_image\" \/>\n<meta name=\"twitter:label1\" content=\"Tahmini okuma s\u00fcresi\" \/>\n\t<meta name=\"twitter:data1\" content=\"3 dakika\" \/>\n<script type=\"application\/ld+json\" class=\"yoast-schema-graph\">{\"@context\":\"https:\/\/schema.org\",\"@graph\":[{\"@type\":\"WebPage\",\"@id\":\"https:\/\/www.chinakingtyre.com\/product\/kingtyre-k01-racing-rain-tire\/\",\"url\":\"https:\/\/www.chinakingtyre.com\/product\/kingtyre-k01-racing-rain-tire\/\",\"name\":\"Kingtyre K01 Racing Rain Tire | Wet Track Motorcycle Racing Tires\",\"isPartOf\":{\"@id\":\"https:\/\/www.chinakingtyre.com\/#website\"},\"primaryImageOfPage\":{\"@id\":\"https:\/\/www.chinakingtyre.com\/product\/kingtyre-k01-racing-rain-tire\/#primaryimage\"},\"image\":{\"@id\":\"https:\/\/www.chinakingtyre.com\/product\/kingtyre-k01-racing-rain-tire\/#primaryimage\"},\"thumbnailUrl\":\"https:\/\/www.chinakingtyre.com\/wp-content\/uploads\/2025\/07\/Kingtyre-K01-Racing-Tire.jpg\",\"datePublished\":\"2025-07-23T03:58:24+00:00\",\"dateModified\":\"2025-08-15T07:05:47+00:00\",\"description\":\"The Kingtyre K01 Racing Rain Tire delivers superior grip, hydroplaning resistance, and endurance-tested performance for wet motorcycle racing. Explore sizes and features today.\",\"breadcrumb\":{\"@id\":\"https:\/\/www.chinakingtyre.com\/product\/kingtyre-k01-racing-rain-tire\/#breadcrumb\"},\"inLanguage\":\"tr\",\"potentialAction\":[{\"@type\":\"ReadAction\",\"target\":[\"https:\/\/www.chinakingtyre.com\/product\/kingtyre-k01-racing-rain-tire\/\"]}]},{\"@type\":\"ImageObject\",\"inLanguage\":\"tr\",\"@id\":\"https:\/\/www.chinakingtyre.com\/product\/kingtyre-k01-racing-rain-tire\/#primaryimage\",\"url\":\"https:\/\/www.chinakingtyre.com\/wp-content\/uploads\/2025\/07\/Kingtyre-K01-Racing-Tire.jpg\",\"contentUrl\":\"https:\/\/www.chinakingtyre.com\/wp-content\/uploads\/2025\/07\/Kingtyre-K01-Racing-Tire.jpg\",\"width\":800,\"height\":800,\"caption\":\"Kingtyre K01 Racing Tire\"},{\"@type\":\"BreadcrumbList\",\"@id\":\"https:\/\/www.chinakingtyre.com\/product\/kingtyre-k01-racing-rain-tire\/#breadcrumb\",\"itemListElement\":[{\"@type\":\"ListItem\",\"position\":1,\"name\":\"Home\",\"item\":\"https:\/\/www.chinakingtyre.com\/\"},{\"@type\":\"ListItem\",\"position\":2,\"name\":\"Kingtyre Product List\",\"item\":\"https:\/\/www.chinakingtyre.com\/kingtyre-product-list\/\"},{\"@type\":\"ListItem\",\"position\":3,\"name\":\"Kingtyre K01 Racing Rain Tire | Superior Wet Track Motorcycle Racing Performance\"}]},{\"@type\":\"WebSite\",\"@id\":\"https:\/\/www.chinakingtyre.com\/#website\",\"url\":\"https:\/\/www.chinakingtyre.com\/\",\"name\":\"KingTyre Professional motorcycle tire manufacturer\",\"description\":\"\",\"publisher\":{\"@id\":\"https:\/\/www.chinakingtyre.com\/#organization\"},\"potentialAction\":[{\"@type\":\"SearchAction\",\"target\":{\"@type\":\"EntryPoint\",\"urlTemplate\":\"https:\/\/www.chinakingtyre.com\/?s={search_term_string}\"},\"query-input\":{\"@type\":\"PropertyValueSpecification\",\"valueRequired\":true,\"valueName\":\"search_term_string\"}}],\"inLanguage\":\"tr\"},{\"@type\":\"Organization\",\"@id\":\"https:\/\/www.chinakingtyre.com\/#organization\",\"name\":\"TIANJIN KINGTYRE GROUP CO.,LTD\",\"url\":\"https:\/\/www.chinakingtyre.com\/\",\"logo\":{\"@type\":\"ImageObject\",\"inLanguage\":\"tr\",\"@id\":\"https:\/\/www.chinakingtyre.com\/#\/schema\/logo\/image\/\",\"url\":\"https:\/\/www.chinakingtyre.com\/wp-content\/uploads\/2025\/07\/LOGO.png\",\"contentUrl\":\"https:\/\/www.chinakingtyre.com\/wp-content\/uploads\/2025\/07\/LOGO.png\",\"width\":870,\"height\":212,\"caption\":\"TIANJIN KINGTYRE GROUP CO.,LTD\"},\"image\":{\"@id\":\"https:\/\/www.chinakingtyre.com\/#\/schema\/logo\/image\/\"},\"sameAs\":[\"https:\/\/www.facebook.com\/ChinaKingTyre\"]}]}<\/script>\n<!-- \/ Yoast SEO Premium plugin. -->","yoast_head_json":{"title":"Kingtyre K01 Yar\u0131\u015f Ya\u011fmur Lasti\u011fi | Islak Pist Motosiklet Yar\u0131\u015f Lastikleri","description":"Kingtyre K01 Yar\u0131\u015f Ya\u011fmur Lasti\u011fi, \u0131slak motosiklet yar\u0131\u015flar\u0131 i\u00e7in \u00fcst\u00fcn kavrama, suda k\u0131zaklama direnci ve dayan\u0131kl\u0131l\u0131\u011f\u0131 test edilmi\u015f performans sunar. Boyutlar\u0131 ve \u00f6zellikleri bug\u00fcn ke\u015ffedin.","robots":{"index":"index","follow":"follow","max-snippet":"max-snippet:-1","max-image-preview":"max-image-preview:large","max-video-preview":"max-video-preview:-1"},"canonical":"https:\/\/www.chinakingtyre.com\/tr\/product\/kingtyre-k01-yaris-yagmur-lasti\u0307gi\u0307\/","og_locale":"tr_TR","og_type":"article","og_title":"Kingtyre K01 Racing Rain Tire | Superior Wet Track Motorcycle Racing Performance","og_description":"The Kingtyre K01 Racing Rain Tire delivers superior grip, hydroplaning resistance, and endurance-tested performance for wet motorcycle racing. Explore sizes and features today.","og_url":"https:\/\/www.chinakingtyre.com\/tr\/product\/kingtyre-k01-yaris-yagmur-lasti\u0307gi\u0307\/","og_site_name":"KingTyre Professional motorcycle tire manufacturer","article_publisher":"https:\/\/www.facebook.com\/ChinaKingTyre","article_modified_time":"2025-08-15T07:05:47+00:00","og_image":[{"width":800,"height":800,"url":"https:\/\/www.chinakingtyre.com\/wp-content\/uploads\/2025\/07\/Kingtyre-K01-Racing-Tire.jpg","type":"image\/jpeg"}],"twitter_card":"summary_large_image","twitter_misc":{"Tahmini okuma s\u00fcresi":"3 dakika"},"schema":{"@context":"https:\/\/schema.org","@graph":[{"@type":"WebPage","@id":"https:\/\/www.chinakingtyre.com\/product\/kingtyre-k01-racing-rain-tire\/","url":"https:\/\/www.chinakingtyre.com\/product\/kingtyre-k01-racing-rain-tire\/","name":"Kingtyre K01 Yar\u0131\u015f Ya\u011fmur Lasti\u011fi | Islak Pist Motosiklet Yar\u0131\u015f Lastikleri","isPartOf":{"@id":"https:\/\/www.chinakingtyre.com\/#website"},"primaryImageOfPage":{"@id":"https:\/\/www.chinakingtyre.com\/product\/kingtyre-k01-racing-rain-tire\/#primaryimage"},"image":{"@id":"https:\/\/www.chinakingtyre.com\/product\/kingtyre-k01-racing-rain-tire\/#primaryimage"},"thumbnailUrl":"https:\/\/www.chinakingtyre.com\/wp-content\/uploads\/2025\/07\/Kingtyre-K01-Racing-Tire.jpg","datePublished":"2025-07-23T03:58:24+00:00","dateModified":"2025-08-15T07:05:47+00:00","description":"Kingtyre K01 Yar\u0131\u015f Ya\u011fmur Lasti\u011fi, \u0131slak motosiklet yar\u0131\u015flar\u0131 i\u00e7in \u00fcst\u00fcn kavrama, suda k\u0131zaklama direnci ve dayan\u0131kl\u0131l\u0131\u011f\u0131 test edilmi\u015f performans sunar. Boyutlar\u0131 ve \u00f6zellikleri bug\u00fcn ke\u015ffedin.","breadcrumb":{"@id":"https:\/\/www.chinakingtyre.com\/product\/kingtyre-k01-racing-rain-tire\/#breadcrumb"},"inLanguage":"tr","potentialAction":[{"@type":"ReadAction","target":["https:\/\/www.chinakingtyre.com\/product\/kingtyre-k01-racing-rain-tire\/"]}]},{"@type":"ImageObject","inLanguage":"tr","@id":"https:\/\/www.chinakingtyre.com\/product\/kingtyre-k01-racing-rain-tire\/#primaryimage","url":"https:\/\/www.chinakingtyre.com\/wp-content\/uploads\/2025\/07\/Kingtyre-K01-Racing-Tire.jpg","contentUrl":"https:\/\/www.chinakingtyre.com\/wp-content\/uploads\/2025\/07\/Kingtyre-K01-Racing-Tire.jpg","width":800,"height":800,"caption":"Kingtyre K01 Racing Tire"},{"@type":"BreadcrumbList","@id":"https:\/\/www.chinakingtyre.com\/product\/kingtyre-k01-racing-rain-tire\/#breadcrumb","itemListElement":[{"@type":"ListItem","position":1,"name":"Home","item":"https:\/\/www.chinakingtyre.com\/"},{"@type":"ListItem","position":2,"name":"Kingtyre Product List","item":"https:\/\/www.chinakingtyre.com\/kingtyre-product-list\/"},{"@type":"ListItem","position":3,"name":"Kingtyre K01 Racing Rain Tire | Superior Wet Track Motorcycle Racing Performance"}]},{"@type":"WebSite","@id":"https:\/\/www.chinakingtyre.com\/#website","url":"https:\/\/www.chinakingtyre.com\/","name":"KingTyre Profesyonel motosiklet lasti\u011fi \u00fcreticisi","description":"","publisher":{"@id":"https:\/\/www.chinakingtyre.com\/#organization"},"potentialAction":[{"@type":"SearchAction","target":{"@type":"EntryPoint","urlTemplate":"https:\/\/www.chinakingtyre.com\/?s={search_term_string}"},"query-input":{"@type":"PropertyValueSpecification","valueRequired":true,"valueName":"search_term_string"}}],"inLanguage":"tr"},{"@type":"Organization","@id":"https:\/\/www.chinakingtyre.com\/#organization","name":"TIANJIN KINGTYRE GROUP CO, LTD","url":"https:\/\/www.chinakingtyre.com\/","logo":{"@type":"ImageObject","inLanguage":"tr","@id":"https:\/\/www.chinakingtyre.com\/#\/schema\/logo\/image\/","url":"https:\/\/www.chinakingtyre.com\/wp-content\/uploads\/2025\/07\/LOGO.png","contentUrl":"https:\/\/www.chinakingtyre.com\/wp-content\/uploads\/2025\/07\/LOGO.png","width":870,"height":212,"caption":"TIANJIN KINGTYRE GROUP CO.,LTD"},"image":{"@id":"https:\/\/www.chinakingtyre.com\/#\/schema\/logo\/image\/"},"sameAs":["https:\/\/www.facebook.com\/ChinaKingTyre"]}]}},"_links":{"self":[{"href":"https:\/\/www.chinakingtyre.com\/tr\/wp-json\/wp\/v2\/product\/102","targetHints":{"allow":["GET"]}}],"collection":[{"href":"https:\/\/www.chinakingtyre.com\/tr\/wp-json\/wp\/v2\/product"}],"about":[{"href":"https:\/\/www.chinakingtyre.com\/tr\/wp-json\/wp\/v2\/types\/product"}],"replies":[{"embeddable":true,"href":"https:\/\/www.chinakingtyre.com\/tr\/wp-json\/wp\/v2\/comments?post=102"}],"wp:featuredmedia":[{"embeddable":true,"href":"https:\/\/www.chinakingtyre.com\/tr\/wp-json\/wp\/v2\/media\/105"}],"wp:attachment":[{"href":"https:\/\/www.chinakingtyre.com\/tr\/wp-json\/wp\/v2\/media?parent=102"}],"curies":[{"name":"wp","href":"https:\/\/api.w.org\/{rel}","templated":true}]}}