{"id":285,"date":"2025-08-06T06:28:08","date_gmt":"2025-08-06T06:28:08","guid":{"rendered":"https:\/\/www.chinakingtyre.com\/?post_type=product&#038;p=285"},"modified":"2025-08-15T07:05:28","modified_gmt":"2025-08-15T07:05:28","slug":"kingtyre-k00-motosi%cc%87klet-kaygan-lasti%cc%87kleri%cc%87","status":"publish","type":"product","link":"https:\/\/www.chinakingtyre.com\/tr\/product\/kingtyre-k00-motosi%cc%87klet-kaygan-lasti%cc%87kleri%cc%87\/","title":{"rendered":"Kingtyre K00 Motosiklet Kaygan Lastikleri: Pistte Hassasiyeti Ortaya \u00c7\u0131kar\u0131yor"},"content":{"rendered":"<h2>Kingtyre K00 - Motosiklet Kaygan Lastiklerinde Bir Devrim<\/h2>\n<p>Motosiklet yar\u0131\u015flar\u0131 a\u015f\u0131r\u0131 kavrama, tutarl\u0131 performans ve bile\u015fik uyarlanabilirli\u011fi gerektirir.\u00a0<strong>Kingtyre K00 motosiklet kaygan lastikleri<\/strong>\u00a0yar\u0131\u015f kazand\u0131ran teknoloji ve hassas ayarlanm\u0131\u015f kau\u00e7uk bile\u015fimleriyle tasarlanm\u0131\u015ft\u0131r. Profesyonel yar\u0131\u015f tak\u0131mlar\u0131 ve rekabet\u00e7i s\u00fcr\u00fcc\u00fcler i\u00e7in \u00f6zel olarak tasarlanan Kingtyre K00 kaygan lastikler, pist ko\u015fullar\u0131nda optimum tutu\u015f, denge ve dayan\u0131kl\u0131l\u0131k kar\u0131\u015f\u0131m\u0131 sunar.<\/p>\n<p><img loading=\"lazy\" decoding=\"async\" class=\"aligncenter wp-image-287 size-full\" src=\"https:\/\/www.chinakingtyre.com\/wp-content\/uploads\/2025\/08\/kingtyre-k00-slick-tire-track.jpg\" alt=\"Kingtyre K00 slick lasti\u011fi asfalt pistte bir motosiklet yar\u0131\u015f\u0131 s\u0131ras\u0131nda kullan\u0131l\u0131yor\" width=\"1678\" height=\"794\" srcset=\"https:\/\/www.chinakingtyre.com\/wp-content\/uploads\/2025\/08\/kingtyre-k00-slick-tire-track.jpg 1678w, https:\/\/www.chinakingtyre.com\/wp-content\/uploads\/2025\/08\/kingtyre-k00-slick-tire-track-600x284.jpg 600w\" sizes=\"auto, (max-width: 1678px) 100vw, 1678px\" \/><\/p>\n<hr \/>\n<h2>Yar\u0131\u015f Tak\u0131mlar\u0131 Kingtyre K00 Slick'lere Neden G\u00fcveniyor?<\/h2>\n<h3>\u00c7ok Bile\u015fenli Kau\u00e7uk Se\u00e7enekleri<\/h3>\n<p>Bu\u00a0<strong>K00 kayganla\u015ft\u0131r\u0131c\u0131lar\u0131<\/strong>\u00a0d\u00f6rt kau\u00e7uk bile\u015fiminde mevcuttur:<\/p>\n<ul>\n<li>S\u00fcper Yumu\u015fak (SS)<\/li>\n<li>Yumu\u015fak (S)<\/li>\n<li>Orta (M)<\/li>\n<li>Sert (H)<\/li>\n<\/ul>\n<p>Bu, ekiplerin ortam s\u0131cakl\u0131\u011f\u0131na, pist dokusuna ve yar\u0131\u015f s\u00fcresine g\u00f6re lastik se\u00e7mesine olanak tan\u0131r. 2024 Asya Pist Serisinde, yar\u0131\u015f\u00e7\u0131lar\u0131n 78%'si s\u0131ralama i\u00e7in Yumu\u015fak veya S\u00fcper Yumu\u015fak K00'leri tercih ederken, dayan\u0131kl\u0131l\u0131k yar\u0131\u015flar\u0131nda Orta lastikler hakim oldu.<\/p>\n<h3>Geli\u015fmi\u015f Yap\u0131 ve Temas Yamas\u0131 Optimizasyonu<\/h3>\n<p>Optimize edilmi\u015f karkas tasar\u0131m\u0131, a\u015f\u0131r\u0131 yatma a\u00e7\u0131lar\u0131nda yanal sertli\u011fi korur ve dahili Kingtyre testlerinde \u00f6nde gelen rakiplere k\u0131yasla tur s\u00fcrelerini tur ba\u015f\u0131na 1,2 saniyeye kadar azalt\u0131r.<\/p>\n<h3>Termal Y\u00f6netim<\/h3>\n<p>Geli\u015ftirilmi\u015f di\u015fsiz y\u00fczey verimli \u0131s\u0131 da\u011f\u0131l\u0131m\u0131 sa\u011flar. So\u011fuk a\u015famalardan s\u0131cak a\u015famalara kadar tutarl\u0131 kavrama, daha az \u0131s\u0131nma turu sa\u011flar - sprint yar\u0131\u015flar\u0131 i\u00e7in \u00e7ok \u00f6nemlidir.<\/p>\n<p><img loading=\"lazy\" decoding=\"async\" class=\"aligncenter wp-image-288 size-full\" src=\"https:\/\/www.chinakingtyre.com\/wp-content\/uploads\/2025\/08\/kingtyre-k00-compound-closeup.jpg\" alt=\"Kingtyre K00 lastik bile\u015fimi yumu\u015fak, orta, sert kavrama ayarlar\u0131 i\u00e7in kau\u00e7uk katmanlar\u0131 g\u00f6sterir\" width=\"960\" height=\"960\" srcset=\"https:\/\/www.chinakingtyre.com\/wp-content\/uploads\/2025\/08\/kingtyre-k00-compound-closeup.jpg 960w, https:\/\/www.chinakingtyre.com\/wp-content\/uploads\/2025\/08\/kingtyre-k00-compound-closeup-300x300.jpg 300w, https:\/\/www.chinakingtyre.com\/wp-content\/uploads\/2025\/08\/kingtyre-k00-compound-closeup-600x600.jpg 600w, https:\/\/www.chinakingtyre.com\/wp-content\/uploads\/2025\/08\/kingtyre-k00-compound-closeup-150x150.jpg 150w, https:\/\/www.chinakingtyre.com\/wp-content\/uploads\/2025\/08\/kingtyre-k00-compound-closeup-768x768.jpg 768w\" sizes=\"auto, (max-width: 960px) 100vw, 960px\" \/><\/p>\n<hr \/>\n<h2>Kingtyre K00 Slicklerin Mevcut Boyutlar\u0131<\/h2>\n<h3>\u00d6n Boyutlar:<\/h3>\n<p>90\/65R6.5, 90\/90R10, 100\/85R10, 100\/90R12, 125\/75R16.5, 95\/75R17, 110\/70R17, 120\/70R17, 125\/70R17<\/p>\n<h3>Arka Boyutlar:<\/h3>\n<p>110\/55R6.5, 100\/90R10, 120\/80R10, 115\/75R17, 120\/80R12, 120\/70R17, 140\/70R17, 160\/60R17, 180\/60R17, 190\/60R17, 200\/60R17, 200\/65R17<\/p>\n<hr \/>\n<h2>Factory Insight - Kingtyre: \u00d6nde Gelen Slicks Lastik Fabrikas\u0131<\/h2>\n<p>D\u00fcnya \u00e7ap\u0131nda tan\u0131nan bir\u00a0<a href=\"https:\/\/www.chinakingtyre.com\/tr\/\"><strong>motosi\u0307klet lasti\u0307\u011fi\u0307 \u00fcreti\u0307ci\u0307si\u0307<\/strong><\/a>, <a href=\"https:\/\/www.chinakingtyre.com\/tr\/\">Kingtyre<\/a> Di\u015fsiz yar\u0131\u015f lastikleri i\u00e7in \u015firket i\u00e7i geli\u015ftirme ile bile\u015fik inovasyonunda liderdir. \u00dcretim hatt\u0131m\u0131z entegre edilmi\u015ftir:<\/p>\n<ul>\n<li>\u00c7elik bantl\u0131 k\u00fcrleme presleri<\/li>\n<li>Japon lazer terazi denetimi<\/li>\n<li>Yerinde yar\u0131\u015f pisti sim\u00fclasyonu<\/li>\n<\/ul>\n<p>\u015eirket Asya, Avrupa ve G\u00fcney Amerika'da 15'ten fazla yar\u0131\u015f tak\u0131m\u0131na hizmet vermektedir.<\/p>\n<p><img loading=\"lazy\" decoding=\"async\" class=\"aligncenter wp-image-289 size-full\" src=\"https:\/\/www.chinakingtyre.com\/wp-content\/uploads\/2025\/08\/kingtyre-slicks-tire-factory.jpg\" alt=\"Test ekipmanlar\u0131 dahil motosiklet kaygan lastik \u00fcretimi i\u00e7in Kingtyre fabrikas\u0131\" width=\"1678\" height=\"794\" srcset=\"https:\/\/www.chinakingtyre.com\/wp-content\/uploads\/2025\/08\/kingtyre-slicks-tire-factory.jpg 1678w, https:\/\/www.chinakingtyre.com\/wp-content\/uploads\/2025\/08\/kingtyre-slicks-tire-factory-600x284.jpg 600w, https:\/\/www.chinakingtyre.com\/wp-content\/uploads\/2025\/08\/kingtyre-slicks-tire-factory-300x142.jpg 300w, https:\/\/www.chinakingtyre.com\/wp-content\/uploads\/2025\/08\/kingtyre-slicks-tire-factory-1024x485.jpg 1024w, https:\/\/www.chinakingtyre.com\/wp-content\/uploads\/2025\/08\/kingtyre-slicks-tire-factory-768x363.jpg 768w, https:\/\/www.chinakingtyre.com\/wp-content\/uploads\/2025\/08\/kingtyre-slicks-tire-factory-1536x727.jpg 1536w\" sizes=\"auto, (max-width: 1678px) 100vw, 1678px\" \/><\/p>\n<hr \/>\n<h2>Motosiklet Kaygan Lastiklerinin S\u0131k\u0131nt\u0131lar\u0131 K00 Taraf\u0131ndan \u00c7\u00f6z\u00fcld\u00fc<\/h2>\n<h3>So\u011fuk Kavrama G\u00fcveni<\/h3>\n<p>D\u00fc\u015f\u00fck ortam s\u0131cakl\u0131\u011f\u0131 genellikle \u00e7eki\u015ften \u00f6d\u00fcn verir. K00 Super Soft bile\u015fi\u011fi, daha h\u0131zl\u0131 \u0131s\u0131nma s\u00fcresiyle bunu azalt\u0131r.<\/p>\n<h3>Y\u00fcksek E\u011fim A\u00e7\u0131lar\u0131nda D\u00fczensiz A\u015f\u0131nma<\/h3>\n<p>Yar\u0131\u015f\u00e7\u0131lar bir\u00e7ok lastikte kenar a\u015f\u0131nmas\u0131na maruz kal\u0131r. K00'\u00fcn \u00e7ift katmanl\u0131 bile\u015fimi \u00e7evre a\u015f\u0131nmas\u0131n\u0131 azalt\u0131r.<\/p>\n<h3>Uzun Yollarda A\u015f\u0131r\u0131 Is\u0131nma<\/h3>\n<p>Kingtyre K00 Orta ve Sert bile\u015fikler, Malezya GP sim\u00fclasyonlar\u0131nda kan\u0131tland\u0131\u011f\u0131 \u00fczere 3,5 km'nin \u00fczerindeki pistlerde termal bozulmaya kar\u015f\u0131 diren\u00e7 g\u00f6sterir.<\/p>\n<hr \/>\n<h2>Kingtyre'\u0131n \u00c7\u00f6z\u00fcm\u00fc: Kavrama, Kontrol, Dayan\u0131kl\u0131l\u0131k<\/h2>\n<ul>\n<li>T\u00fcm ko\u015fullar i\u00e7in kau\u00e7uk \u00e7e\u015fitlili\u011fi<\/li>\n<li>Yal\u0131n optimize edilmi\u015f profil geometrisi<\/li>\n<li>Agresif virajlar i\u00e7in duyarl\u0131 geri bildirim<\/li>\n<li>Daha az a\u015f\u0131nma ve daha istikrarl\u0131 tur s\u00fcreleri<\/li>\n<\/ul>\n<hr \/>\n<h2>Teknik Bas\u0131n\u00e7 Tablosu: So\u011fuk ve S\u0131cak PSI \u00d6nerileri<\/h2>\n<table style=\"height: 249px;\" width=\"705\">\n<thead>\n<tr>\n<th>Boyut<\/th>\n<th>So\u011fuk Bas\u0131n\u00e7 (PSI)<\/th>\n<th>S\u0131cak Bas\u0131n\u00e7 (PSI)<\/th>\n<\/tr>\n<\/thead>\n<tbody>\n<tr>\n<td>140\/70R17<\/td>\n<td>26<\/td>\n<td>30<\/td>\n<\/tr>\n<tr>\n<td>160\/60R17<\/td>\n<td>26<\/td>\n<td>31<\/td>\n<\/tr>\n<tr>\n<td>180\/60R17<\/td>\n<td>25<\/td>\n<td>30.5<\/td>\n<\/tr>\n<tr>\n<td>200\/60R17<\/td>\n<td>24.5<\/td>\n<td>30<\/td>\n<\/tr>\n<tr>\n<td>T\u00fcm Cepheler<\/td>\n<td>28<\/td>\n<td>32<\/td>\n<\/tr>\n<\/tbody>\n<\/table>\n<hr \/>\n<h2>SSS - Motosiklet Kaygan Lastikleri Hakk\u0131nda S\u0131k Sorulan Sorular<\/h2>\n<h3>S1: K00'\u00fc halka a\u00e7\u0131k yollarda kullanabilir miyim?<\/h3>\n<p>C: Hay\u0131r. K00 sadece piste \u00f6zel bir yar\u0131\u015f kayganl\u0131\u011f\u0131d\u0131r.<\/p>\n<h3>S2: S\u0131ralama i\u00e7in en iyi bile\u015fik hangisidir?<\/h3>\n<p>C: S\u0131cakl\u0131\u011fa ba\u011fl\u0131 olarak S\u00fcper Yumu\u015fak veya Yumu\u015fak.<\/p>\n<h3>S3: Ne kadar s\u00fcre dayan\u0131rlar?<\/h3>\n<p>C: Bile\u015fime g\u00f6re de\u011fi\u015fir. Medium, yar\u0131\u015f y\u00fck\u00fc alt\u0131nda ~90-120km dayan\u0131r.<\/p>\n<h3>S4: Lastik \u0131s\u0131t\u0131c\u0131lar\u0131 gerekli mi?<\/h3>\n<p>C: Optimum kavrama i\u00e7in \u015fiddetle tavsiye edilir.<\/p>\n<h3>S5: \u00d6n\/arka farkl\u0131 bile\u015fenler kullanabilir miyim?<\/h3>\n<p>C: Evet, Yumu\u015fak \u00f6n k\u0131sm\u0131 Orta arka k\u0131s\u0131mla e\u015fle\u015ftirmek yayg\u0131nd\u0131r.<\/p>\n<h3>S6: Pist g\u00fcn\u00fc i\u00e7in en iyi PSI nedir?<\/h3>\n<p>C: Yukar\u0131daki tabloya bak\u0131n.<\/p>\n<h3>S7: Kullan\u0131lmayan slickleri nas\u0131l saklayabilirim?<\/h3>\n<p>C: 25\u00b0C'nin alt\u0131nda serin ve karanl\u0131k bir yerde saklay\u0131n.<\/p>\n<h3>S8: K00 lastikleri ters \u00e7evrilebilir mi?<\/h3>\n<p>C: Hay\u0131r, her lasti\u011fin y\u00f6nl\u00fc tasar\u0131m\u0131 vard\u0131r.<\/p>\n<h3>S9: Standart jantlara uyuyorlar m\u0131?<\/h3>\n<p>C: Evet, ETRTO boyutlar\u0131na g\u00f6re.<\/p>\n<h3>S10: Bir yar\u0131\u015f hafta sonunda lastikleri ne s\u0131kl\u0131kta de\u011fi\u015ftirmeliyim?<\/h3>\n<p>C: Sprint yar\u0131\u015flar\u0131 i\u00e7in: 1-2 set. Dayan\u0131kl\u0131l\u0131k i\u00e7in: 2-3 set.<\/p>\n<hr \/>\n<h2>Motosiklet Donan\u0131mlar\u0131 ve Yar\u0131\u015f Sertifikalar\u0131<\/h2>\n<h3>Uyumlar:<\/h3>\n<ul>\n<li>Yamaha R6, R7<\/li>\n<li>Kawasaki ZX-6R, ZX-10R<\/li>\n<li>Honda CBR600RR, CBR1000RR<\/li>\n<li>Suzuki GSX-R600, GSX-R1000<\/li>\n<li>Ducati Panigale V2\/V4<\/li>\n<\/ul>\n<h3>Onayl\u0131 Yar\u0131\u015f Serileri:<\/h3>\n<ul>\n<li>Asya Yol Yar\u0131\u015flar\u0131 \u015eampiyonas\u0131 (ARRC)<\/li>\n<li>FIM MiniGP Serisi<\/li>\n<li>Avrupa Superbike Amat\u00f6r Kupas\u0131<\/li>\n<li>\u00c7in Superbike \u015eampiyonas\u0131<\/li>\n<li>Malezya S\u00fcper Serisi<\/li>\n<\/ul>\n<p><!-- notionvc: 0882ac0b-593e-4880-b634-e1c7ede0d874 --><\/p>","protected":false},"excerpt":{"rendered":"<p>En y\u00fcksek yar\u0131\u015f performans\u0131 i\u00e7in tasarlanan Kingtyre K00 motosiklet kaygan lastiklerini ke\u015ffedin. Ebatlar\u0131, kau\u00e7uk bile\u015fimlerini, teknik \u00f6zellikleri ve uzman SSS'lerini ke\u015ffedin.<!-- notionvc: 53084318-0787-405b-93cc-fbfaa91e86b2 --><\/p>","protected":false},"featured_media":290,"comment_status":"open","ping_status":"closed","template":"","meta":[],"class_list":{"0":"post-285","1":"product","2":"type-product","3":"status-publish","4":"has-post-thumbnail","6":"product_cat-racing-slicks-motorcycle-tires","7":"product_tag-100-85r10","8":"product_tag-100-90r10","9":"product_tag-100-90r12","10":"product_tag-110-55r6-5","11":"product_tag-110-70r17","12":"product_tag-115-75r17","13":"product_tag-120-70r17","14":"product_tag-120-80r10","15":"product_tag-120-80r12","16":"product_tag-125-70r17","17":"product_tag-125-75r16-5","18":"product_tag-140-70r17","19":"product_tag-160-60r17","20":"product_tag-180-60r17","21":"product_tag-190-60r17","22":"product_tag-200-60r17","23":"product_tag-200-65r17","24":"product_tag-90-65r6-5","25":"product_tag-90-90r10","26":"product_tag-95-75r17","27":"product_tag-best-slicks-for-motorcycles","28":"product_tag-high-performance-motorcycle-tires","29":"product_tag-kingtyre-k00","30":"product_tag-kingtyre-motorcycle-tires","31":"product_tag-kingtyre-racing-tires","32":"product_tag-mc-tires-manufacturers","33":"product_tag-mini-gp-racing-tires","34":"product_tag-motorcycle-race-tire-pressure","35":"product_tag-motorcycle-racing-tires","36":"product_tag-motorcycle-slick-tires","37":"product_tag-motorcycle-slick-tires-factory","38":"product_tag-motorcycle-slicks","39":"product_tag-motorcycle-tire-manufacturers","40":"product_tag-motorcycle-track-tires","41":"product_tag-race-proven-motorcycle-tires","42":"product_tag-racing-slicks","43":"product_tag-racing-tires","44":"product_tag-slick-tires-motorcycle","45":"product_tag-slick-tyres-motorcycle","46":"product_tag-slicks","47":"product_tag-track-day-tires-motorcycle","49":"first","50":"instock","51":"shipping-taxable","52":"product-type-simple"},"yoast_head":"<!-- This site is optimized with the Yoast SEO Premium plugin v25.1 (Yoast SEO v25.1) - https:\/\/yoast.com\/wordpress\/plugins\/seo\/ -->\n<title>Kingtyre K00 Motorcycle Slick Tires | High Performance Racing Slicks<\/title>\n<meta name=\"description\" content=\"Discover Kingtyre K00 motorcycle slick tires\u2014engineered for peak racing performance. Explore sizes, rubber compounds, technical specs, and expert FAQs.\" \/>\n<meta name=\"robots\" content=\"index, follow, max-snippet:-1, max-image-preview:large, max-video-preview:-1\" \/>\n<link rel=\"canonical\" href=\"https:\/\/www.chinakingtyre.com\/tr\/product\/kingtyre-k00-motosi\u0307klet-kaygan-lasti\u0307kleri\u0307\/\" \/>\n<meta property=\"og:locale\" content=\"tr_TR\" \/>\n<meta property=\"og:type\" content=\"article\" \/>\n<meta property=\"og:title\" content=\"Kingtyre K00 Motorcycle Slick Tires: Unleashing Precision on the Track\" \/>\n<meta property=\"og:description\" content=\"Discover Kingtyre K00 motorcycle slick tires\u2014engineered for peak racing performance. Explore sizes, rubber compounds, technical specs, and expert FAQs.\" \/>\n<meta property=\"og:url\" content=\"https:\/\/www.chinakingtyre.com\/tr\/product\/kingtyre-k00-motosi\u0307klet-kaygan-lasti\u0307kleri\u0307\/\" \/>\n<meta property=\"og:site_name\" content=\"KingTyre Professional motorcycle tire manufacturer\" \/>\n<meta property=\"article:publisher\" content=\"https:\/\/www.facebook.com\/ChinaKingTyre\" \/>\n<meta property=\"article:modified_time\" content=\"2025-08-15T07:05:28+00:00\" \/>\n<meta property=\"og:image\" content=\"https:\/\/www.chinakingtyre.com\/wp-content\/uploads\/2025\/08\/Kingtyre-K00.png\" \/>\n\t<meta property=\"og:image:width\" content=\"800\" \/>\n\t<meta property=\"og:image:height\" content=\"800\" \/>\n\t<meta property=\"og:image:type\" content=\"image\/png\" \/>\n<meta name=\"twitter:card\" content=\"summary_large_image\" \/>\n<meta name=\"twitter:label1\" content=\"Tahmini okuma s\u00fcresi\" \/>\n\t<meta name=\"twitter:data1\" content=\"4 dakika\" \/>\n<script type=\"application\/ld+json\" class=\"yoast-schema-graph\">{\"@context\":\"https:\/\/schema.org\",\"@graph\":[{\"@type\":\"WebPage\",\"@id\":\"https:\/\/www.chinakingtyre.com\/product\/kingtyre-k00-motorcycle-slick-tires\/\",\"url\":\"https:\/\/www.chinakingtyre.com\/product\/kingtyre-k00-motorcycle-slick-tires\/\",\"name\":\"Kingtyre K00 Motorcycle Slick Tires | High Performance Racing Slicks\",\"isPartOf\":{\"@id\":\"https:\/\/www.chinakingtyre.com\/#website\"},\"primaryImageOfPage\":{\"@id\":\"https:\/\/www.chinakingtyre.com\/product\/kingtyre-k00-motorcycle-slick-tires\/#primaryimage\"},\"image\":{\"@id\":\"https:\/\/www.chinakingtyre.com\/product\/kingtyre-k00-motorcycle-slick-tires\/#primaryimage\"},\"thumbnailUrl\":\"https:\/\/www.chinakingtyre.com\/wp-content\/uploads\/2025\/08\/Kingtyre-K00.png\",\"datePublished\":\"2025-08-06T06:28:08+00:00\",\"dateModified\":\"2025-08-15T07:05:28+00:00\",\"description\":\"Discover Kingtyre K00 motorcycle slick tires\u2014engineered for peak racing performance. Explore sizes, rubber compounds, technical specs, and expert FAQs.\",\"breadcrumb\":{\"@id\":\"https:\/\/www.chinakingtyre.com\/product\/kingtyre-k00-motorcycle-slick-tires\/#breadcrumb\"},\"inLanguage\":\"tr\",\"potentialAction\":[{\"@type\":\"ReadAction\",\"target\":[\"https:\/\/www.chinakingtyre.com\/product\/kingtyre-k00-motorcycle-slick-tires\/\"]}]},{\"@type\":\"ImageObject\",\"inLanguage\":\"tr\",\"@id\":\"https:\/\/www.chinakingtyre.com\/product\/kingtyre-k00-motorcycle-slick-tires\/#primaryimage\",\"url\":\"https:\/\/www.chinakingtyre.com\/wp-content\/uploads\/2025\/08\/Kingtyre-K00.png\",\"contentUrl\":\"https:\/\/www.chinakingtyre.com\/wp-content\/uploads\/2025\/08\/Kingtyre-K00.png\",\"width\":800,\"height\":800,\"caption\":\"Kingtyre K00 slicks tires\"},{\"@type\":\"BreadcrumbList\",\"@id\":\"https:\/\/www.chinakingtyre.com\/product\/kingtyre-k00-motorcycle-slick-tires\/#breadcrumb\",\"itemListElement\":[{\"@type\":\"ListItem\",\"position\":1,\"name\":\"Home\",\"item\":\"https:\/\/www.chinakingtyre.com\/\"},{\"@type\":\"ListItem\",\"position\":2,\"name\":\"Kingtyre Product List\",\"item\":\"https:\/\/www.chinakingtyre.com\/kingtyre-product-list\/\"},{\"@type\":\"ListItem\",\"position\":3,\"name\":\"Kingtyre K00 Motorcycle Slick Tires: Unleashing Precision on the Track\"}]},{\"@type\":\"WebSite\",\"@id\":\"https:\/\/www.chinakingtyre.com\/#website\",\"url\":\"https:\/\/www.chinakingtyre.com\/\",\"name\":\"KingTyre Professional motorcycle tire manufacturer\",\"description\":\"\",\"publisher\":{\"@id\":\"https:\/\/www.chinakingtyre.com\/#organization\"},\"potentialAction\":[{\"@type\":\"SearchAction\",\"target\":{\"@type\":\"EntryPoint\",\"urlTemplate\":\"https:\/\/www.chinakingtyre.com\/?s={search_term_string}\"},\"query-input\":{\"@type\":\"PropertyValueSpecification\",\"valueRequired\":true,\"valueName\":\"search_term_string\"}}],\"inLanguage\":\"tr\"},{\"@type\":\"Organization\",\"@id\":\"https:\/\/www.chinakingtyre.com\/#organization\",\"name\":\"TIANJIN KINGTYRE GROUP CO.,LTD\",\"url\":\"https:\/\/www.chinakingtyre.com\/\",\"logo\":{\"@type\":\"ImageObject\",\"inLanguage\":\"tr\",\"@id\":\"https:\/\/www.chinakingtyre.com\/#\/schema\/logo\/image\/\",\"url\":\"https:\/\/www.chinakingtyre.com\/wp-content\/uploads\/2025\/07\/LOGO.png\",\"contentUrl\":\"https:\/\/www.chinakingtyre.com\/wp-content\/uploads\/2025\/07\/LOGO.png\",\"width\":870,\"height\":212,\"caption\":\"TIANJIN KINGTYRE GROUP CO.,LTD\"},\"image\":{\"@id\":\"https:\/\/www.chinakingtyre.com\/#\/schema\/logo\/image\/\"},\"sameAs\":[\"https:\/\/www.facebook.com\/ChinaKingTyre\"]}]}<\/script>\n<!-- \/ Yoast SEO Premium plugin. -->","yoast_head_json":{"title":"Kingtyre K00 Motosiklet Kaygan Lastikleri | Y\u00fcksek Performansl\u0131 Yar\u0131\u015f Kaygan Lastikleri","description":"En y\u00fcksek yar\u0131\u015f performans\u0131 i\u00e7in tasarlanan Kingtyre K00 motosiklet kaygan lastiklerini ke\u015ffedin. Ebatlar\u0131, kau\u00e7uk bile\u015fimlerini, teknik \u00f6zellikleri ve uzman SSS'lerini ke\u015ffedin.","robots":{"index":"index","follow":"follow","max-snippet":"max-snippet:-1","max-image-preview":"max-image-preview:large","max-video-preview":"max-video-preview:-1"},"canonical":"https:\/\/www.chinakingtyre.com\/tr\/product\/kingtyre-k00-motosi\u0307klet-kaygan-lasti\u0307kleri\u0307\/","og_locale":"tr_TR","og_type":"article","og_title":"Kingtyre K00 Motorcycle Slick Tires: Unleashing Precision on the Track","og_description":"Discover Kingtyre K00 motorcycle slick tires\u2014engineered for peak racing performance. Explore sizes, rubber compounds, technical specs, and expert FAQs.","og_url":"https:\/\/www.chinakingtyre.com\/tr\/product\/kingtyre-k00-motosi\u0307klet-kaygan-lasti\u0307kleri\u0307\/","og_site_name":"KingTyre Professional motorcycle tire manufacturer","article_publisher":"https:\/\/www.facebook.com\/ChinaKingTyre","article_modified_time":"2025-08-15T07:05:28+00:00","og_image":[{"width":800,"height":800,"url":"https:\/\/www.chinakingtyre.com\/wp-content\/uploads\/2025\/08\/Kingtyre-K00.png","type":"image\/png"}],"twitter_card":"summary_large_image","twitter_misc":{"Tahmini okuma s\u00fcresi":"4 dakika"},"schema":{"@context":"https:\/\/schema.org","@graph":[{"@type":"WebPage","@id":"https:\/\/www.chinakingtyre.com\/product\/kingtyre-k00-motorcycle-slick-tires\/","url":"https:\/\/www.chinakingtyre.com\/product\/kingtyre-k00-motorcycle-slick-tires\/","name":"Kingtyre K00 Motosiklet Kaygan Lastikleri | Y\u00fcksek Performansl\u0131 Yar\u0131\u015f Kaygan Lastikleri","isPartOf":{"@id":"https:\/\/www.chinakingtyre.com\/#website"},"primaryImageOfPage":{"@id":"https:\/\/www.chinakingtyre.com\/product\/kingtyre-k00-motorcycle-slick-tires\/#primaryimage"},"image":{"@id":"https:\/\/www.chinakingtyre.com\/product\/kingtyre-k00-motorcycle-slick-tires\/#primaryimage"},"thumbnailUrl":"https:\/\/www.chinakingtyre.com\/wp-content\/uploads\/2025\/08\/Kingtyre-K00.png","datePublished":"2025-08-06T06:28:08+00:00","dateModified":"2025-08-15T07:05:28+00:00","description":"En y\u00fcksek yar\u0131\u015f performans\u0131 i\u00e7in tasarlanan Kingtyre K00 motosiklet kaygan lastiklerini ke\u015ffedin. Ebatlar\u0131, kau\u00e7uk bile\u015fimlerini, teknik \u00f6zellikleri ve uzman SSS'lerini ke\u015ffedin.","breadcrumb":{"@id":"https:\/\/www.chinakingtyre.com\/product\/kingtyre-k00-motorcycle-slick-tires\/#breadcrumb"},"inLanguage":"tr","potentialAction":[{"@type":"ReadAction","target":["https:\/\/www.chinakingtyre.com\/product\/kingtyre-k00-motorcycle-slick-tires\/"]}]},{"@type":"ImageObject","inLanguage":"tr","@id":"https:\/\/www.chinakingtyre.com\/product\/kingtyre-k00-motorcycle-slick-tires\/#primaryimage","url":"https:\/\/www.chinakingtyre.com\/wp-content\/uploads\/2025\/08\/Kingtyre-K00.png","contentUrl":"https:\/\/www.chinakingtyre.com\/wp-content\/uploads\/2025\/08\/Kingtyre-K00.png","width":800,"height":800,"caption":"Kingtyre K00 slicks tires"},{"@type":"BreadcrumbList","@id":"https:\/\/www.chinakingtyre.com\/product\/kingtyre-k00-motorcycle-slick-tires\/#breadcrumb","itemListElement":[{"@type":"ListItem","position":1,"name":"Home","item":"https:\/\/www.chinakingtyre.com\/"},{"@type":"ListItem","position":2,"name":"Kingtyre Product List","item":"https:\/\/www.chinakingtyre.com\/kingtyre-product-list\/"},{"@type":"ListItem","position":3,"name":"Kingtyre K00 Motorcycle Slick Tires: Unleashing Precision on the Track"}]},{"@type":"WebSite","@id":"https:\/\/www.chinakingtyre.com\/#website","url":"https:\/\/www.chinakingtyre.com\/","name":"KingTyre Profesyonel motosiklet lasti\u011fi \u00fcreticisi","description":"","publisher":{"@id":"https:\/\/www.chinakingtyre.com\/#organization"},"potentialAction":[{"@type":"SearchAction","target":{"@type":"EntryPoint","urlTemplate":"https:\/\/www.chinakingtyre.com\/?s={search_term_string}"},"query-input":{"@type":"PropertyValueSpecification","valueRequired":true,"valueName":"search_term_string"}}],"inLanguage":"tr"},{"@type":"Organization","@id":"https:\/\/www.chinakingtyre.com\/#organization","name":"TIANJIN KINGTYRE GROUP CO, LTD","url":"https:\/\/www.chinakingtyre.com\/","logo":{"@type":"ImageObject","inLanguage":"tr","@id":"https:\/\/www.chinakingtyre.com\/#\/schema\/logo\/image\/","url":"https:\/\/www.chinakingtyre.com\/wp-content\/uploads\/2025\/07\/LOGO.png","contentUrl":"https:\/\/www.chinakingtyre.com\/wp-content\/uploads\/2025\/07\/LOGO.png","width":870,"height":212,"caption":"TIANJIN KINGTYRE GROUP CO.,LTD"},"image":{"@id":"https:\/\/www.chinakingtyre.com\/#\/schema\/logo\/image\/"},"sameAs":["https:\/\/www.facebook.com\/ChinaKingTyre"]}]}},"_links":{"self":[{"href":"https:\/\/www.chinakingtyre.com\/tr\/wp-json\/wp\/v2\/product\/285","targetHints":{"allow":["GET"]}}],"collection":[{"href":"https:\/\/www.chinakingtyre.com\/tr\/wp-json\/wp\/v2\/product"}],"about":[{"href":"https:\/\/www.chinakingtyre.com\/tr\/wp-json\/wp\/v2\/types\/product"}],"replies":[{"embeddable":true,"href":"https:\/\/www.chinakingtyre.com\/tr\/wp-json\/wp\/v2\/comments?post=285"}],"wp:featuredmedia":[{"embeddable":true,"href":"https:\/\/www.chinakingtyre.com\/tr\/wp-json\/wp\/v2\/media\/290"}],"wp:attachment":[{"href":"https:\/\/www.chinakingtyre.com\/tr\/wp-json\/wp\/v2\/media?parent=285"}],"curies":[{"name":"wp","href":"https:\/\/api.w.org\/{rel}","templated":true}]}}