{"id":452,"date":"2025-08-18T02:38:19","date_gmt":"2025-08-18T02:38:19","guid":{"rendered":"https:\/\/www.chinakingtyre.com\/?post_type=product&#038;p=452"},"modified":"2025-08-27T00:54:53","modified_gmt":"2025-08-27T00:54:53","slug":"kingtyre-k97-sport-on-road","status":"publish","type":"product","link":"https:\/\/www.chinakingtyre.com\/tr\/product\/kingtyre-k97-sport-on-road\/","title":{"rendered":"Kingtyre K97 Spor Yol Lasti\u011fi: Hassasiyet, Kavrama ve Uzun \u00d6m\u00fcr i\u00e7in Geli\u015fmi\u015f M\u00fchendislik"},"content":{"rendered":"<h2><strong>Yol Performans\u0131n\u0131n Yeniden Tan\u0131mlanmas\u0131<\/strong><\/h2>\n<p>Motosiklet lastikleri bile\u015fenlerden daha fazlas\u0131d\u0131r - onlar <strong>makine ve yol aras\u0131ndaki kritik ba\u011flant\u0131<\/strong>. 2023 y\u0131l\u0131nda yap\u0131lan bir ara\u015ft\u0131rmaya g\u00f6re <em>Motosiklet End\u00fcstrisi Konseyi<\/em>, <strong>S\u00fcr\u00fcc\u00fclerin 72%'si lastik tutu\u015funu en \u00f6nemli fakt\u00f6r olarak s\u0131ral\u0131yor<\/strong> s\u00fcr\u00fc\u015f g\u00fcvenlerini etkiliyor.<\/p>\n<p>Bu <strong><a href=\"https:\/\/www.chinakingtyre.com\/tr\/\">Kingtyre<\/a> K97 Sport Yol Lasti\u011fi<\/strong> bu talebi kar\u015f\u0131lamak i\u00e7in titizlikle tasarlanm\u0131\u015f olup <strong>hassas kullan\u0131m<\/strong>, <strong>geli\u015fmi\u015f kavrama<\/strong>ve <strong>ola\u011fan\u00fcst\u00fc uzun \u00f6m\u00fcrl\u00fcl\u00fck<\/strong>. \u0130ster \u015fehrin s\u0131k\u0131\u015f\u0131k caddelerinde s\u00fcr\u00fcn, ister da\u011f virajlar\u0131nda e\u011filin veya hafta sonu pist g\u00fcnlerinde s\u0131n\u0131rlar\u0131 zorlay\u0131n, K97 daha iyi performans g\u00f6stermek i\u00e7in tasarlanm\u0131\u015ft\u0131r.<\/p>\n<hr \/>\n<h3><img loading=\"lazy\" decoding=\"async\" class=\"aligncenter wp-image-453 size-full\" src=\"https:\/\/www.chinakingtyre.com\/wp-content\/uploads\/2025\/08\/kingtyre-k97-sport-performance.jpg\" alt=\"Kingtyre K97 Spor Yol Lasti\u011fi, spor motosikletler i\u00e7in agresif s\u0131rt tasar\u0131m\u0131n\u0131 sergiliyor\" width=\"1678\" height=\"794\" srcset=\"https:\/\/www.chinakingtyre.com\/wp-content\/uploads\/2025\/08\/kingtyre-k97-sport-performance.jpg 1678w, https:\/\/www.chinakingtyre.com\/wp-content\/uploads\/2025\/08\/kingtyre-k97-sport-performance-300x142.jpg 300w, https:\/\/www.chinakingtyre.com\/wp-content\/uploads\/2025\/08\/kingtyre-k97-sport-performance-1024x485.jpg 1024w, https:\/\/www.chinakingtyre.com\/wp-content\/uploads\/2025\/08\/kingtyre-k97-sport-performance-768x363.jpg 768w, https:\/\/www.chinakingtyre.com\/wp-content\/uploads\/2025\/08\/kingtyre-k97-sport-performance-1536x727.jpg 1536w, https:\/\/www.chinakingtyre.com\/wp-content\/uploads\/2025\/08\/kingtyre-k97-sport-performance-18x9.jpg 18w, https:\/\/www.chinakingtyre.com\/wp-content\/uploads\/2025\/08\/kingtyre-k97-sport-performance-600x284.jpg 600w\" sizes=\"auto, (max-width: 1678px) 100vw, 1678px\" \/><\/h3>\n<hr \/>\n<h2><strong>Verilerle Desteklenen Performans M\u00fchendisli\u011fi<\/strong><\/h2>\n<p>Bu <strong>K97'nin s\u0131rt deseni<\/strong> maksimum \u00e7eki\u015f i\u00e7in optimize edilmi\u015ftir. Ba\u011f\u0131ms\u0131z pist testleri <strong>Jiangsu Proving Grounds (2024)<\/strong> g\u00f6sterdi:<\/p>\n<ul>\n<li><strong>Islak zeminde fren mesafesinde +18% iyile\u015fme<\/strong> geleneksel spor lastiklere k\u0131yasla.<\/li>\n<li><strong>15% daha y\u00fcksek viraj dengesi<\/strong> 40\u00b0'nin \u00fczerindeki e\u011fim a\u00e7\u0131lar\u0131nda.<\/li>\n<li><strong>20% ile uzat\u0131lm\u0131\u015f s\u0131rt \u00f6mr\u00fc<\/strong> karma s\u00fcr\u00fc\u015f ko\u015fullar\u0131 alt\u0131nda (\u015fehir i\u00e7i + otoyol).<\/li>\n<\/ul>\n<p>Bu <strong>silika ile zenginle\u015ftirilmi\u015f bile\u015fik<\/strong> \u0131slak zeminde yol tutu\u015funu art\u0131r\u0131rken <strong>\u00e7ok katl\u0131 karkas yap\u0131s\u0131<\/strong> kadar y\u00fcksek h\u0131z kararl\u0131l\u0131\u011f\u0131n\u0131 art\u0131r\u0131r <strong>270 km\/saat<\/strong>.<\/p>\n<hr \/>\n<h3><img loading=\"lazy\" decoding=\"async\" class=\"aligncenter wp-image-454 size-full\" src=\"https:\/\/www.chinakingtyre.com\/wp-content\/uploads\/2025\/08\/kingtyre-k97-tread-closeup.jpg\" alt=\"Islak ve kuru yol tutu\u015fu i\u00e7in optimize edilmi\u015f Kingtyre K97 s\u0131rt deseninin yak\u0131n \u00e7ekimi\" width=\"1678\" height=\"794\" srcset=\"https:\/\/www.chinakingtyre.com\/wp-content\/uploads\/2025\/08\/kingtyre-k97-tread-closeup.jpg 1678w, https:\/\/www.chinakingtyre.com\/wp-content\/uploads\/2025\/08\/kingtyre-k97-tread-closeup-300x142.jpg 300w, https:\/\/www.chinakingtyre.com\/wp-content\/uploads\/2025\/08\/kingtyre-k97-tread-closeup-1024x485.jpg 1024w, https:\/\/www.chinakingtyre.com\/wp-content\/uploads\/2025\/08\/kingtyre-k97-tread-closeup-768x363.jpg 768w, https:\/\/www.chinakingtyre.com\/wp-content\/uploads\/2025\/08\/kingtyre-k97-tread-closeup-1536x727.jpg 1536w, https:\/\/www.chinakingtyre.com\/wp-content\/uploads\/2025\/08\/kingtyre-k97-tread-closeup-18x9.jpg 18w, https:\/\/www.chinakingtyre.com\/wp-content\/uploads\/2025\/08\/kingtyre-k97-tread-closeup-600x284.jpg 600w\" sizes=\"auto, (max-width: 1678px) 100vw, 1678px\" \/><\/h3>\n<hr \/>\n<h2><strong>Kapsaml\u0131 Boyut Aral\u0131\u011f\u0131<\/strong><\/h2>\n<p>Spor motosikletlerle s\u0131n\u0131rl\u0131 bir\u00e7ok yol lasti\u011finin aksine <strong>Kingtyre<\/strong> <strong>K97 dizili\u015fi<\/strong> geni\u015f bir spektrumu kapsar-dan <strong>hafi\u0307f sokak motosi\u0307kletleri\u0307<\/strong> i\u00e7in <strong>litre s\u0131n\u0131f\u0131 s\u00fcper motosikletler<\/strong>.<\/p>\n<p><strong>\u00d6n Boyutlar (8 se\u00e7enek):<\/strong><\/p>\n<p>90\/80R17, 100\/90ZR21, 110\/70ZR17, 120\/60ZR17, 120\/70ZR17, 120\/70ZR18, 120\/70ZR19, 130\/70R18<\/p>\n<p><strong>Arka Boyutlar (14 se\u00e7enek):<\/strong><\/p>\n<p>130\/70R17, 140\/70ZR17, 150\/60ZR17, 160\/60ZR17, 170\/60ZR17, 180\/55ZR17, 180\/60ZR17, 190\/50ZR17, 190\/55ZR17, 200\/50ZR17, 200\/55ZR17, 240\/45ZR17, 240\/40R18, 260\/40R18<\/p>\n<p><em>Bu da K97'yi en iyi \u00fcr\u00fcnlerden biri yap\u0131yor. <strong>en \u00e7ok y\u00f6nl\u00fc spor yol lastikleri<\/strong>85%'den fazla k\u00fcresel spor motosiklet donan\u0131m\u0131n\u0131 kapsamaktad\u0131r.<\/em><\/p>\n<hr \/>\n<h3><img loading=\"lazy\" decoding=\"async\" class=\"aligncenter wp-image-455 size-full\" src=\"https:\/\/www.chinakingtyre.com\/wp-content\/uploads\/2025\/08\/kingtyre-k97-size-chart.jpg\" alt=\"\u00d6n ve arka tekerlekler i\u00e7in mevcut Kingtyre K97 motosiklet lasti\u011fi ebatlar\u0131n\u0131 g\u00f6steren grafik\" width=\"1678\" height=\"794\" srcset=\"https:\/\/www.chinakingtyre.com\/wp-content\/uploads\/2025\/08\/kingtyre-k97-size-chart.jpg 1678w, https:\/\/www.chinakingtyre.com\/wp-content\/uploads\/2025\/08\/kingtyre-k97-size-chart-300x142.jpg 300w, https:\/\/www.chinakingtyre.com\/wp-content\/uploads\/2025\/08\/kingtyre-k97-size-chart-1024x485.jpg 1024w, https:\/\/www.chinakingtyre.com\/wp-content\/uploads\/2025\/08\/kingtyre-k97-size-chart-768x363.jpg 768w, https:\/\/www.chinakingtyre.com\/wp-content\/uploads\/2025\/08\/kingtyre-k97-size-chart-1536x727.jpg 1536w, https:\/\/www.chinakingtyre.com\/wp-content\/uploads\/2025\/08\/kingtyre-k97-size-chart-18x9.jpg 18w, https:\/\/www.chinakingtyre.com\/wp-content\/uploads\/2025\/08\/kingtyre-k97-size-chart-600x284.jpg 600w\" sizes=\"auto, (max-width: 1678px) 100vw, 1678px\" \/><\/h3>\n<hr \/>\n<h2><strong>Ger\u00e7ek D\u00fcnya Senaryolar\u0131nda Test Edilmi\u015f ve Kan\u0131tlanm\u0131\u015ft\u0131r<\/strong><\/h2>\n<p>Kingtyre y\u00fcr\u00fctt\u00fc <strong>500.000 km'nin \u00fczerinde kombine yol testi<\/strong> Asya, Avrupa ve Kuzey Amerika'da. Sonu\u00e7lar g\u00f6stermi\u015ftir:<\/p>\n<ul>\n<li><strong>10\u00b0C ila 45\u00b0C aras\u0131nda de\u011fi\u015fen s\u0131cakl\u0131klarda tutarl\u0131 kavrama<\/strong>.<\/li>\n<li><strong>12% ile azalt\u0131lm\u0131\u015f titre\u015fim seviyeleri<\/strong>Uzun mesafeli turlarda s\u00fcr\u00fcc\u00fcn\u00fcn konforunu art\u0131r\u0131r.<\/li>\n<li><strong>Viraj dengesi 9,3\/10 olarak derecelendirilmi\u015ftir<\/strong> profesyonel test s\u00fcr\u00fcc\u00fcleri aras\u0131nda.<\/li>\n<\/ul>\n<p>Geri bildirim, e\u011fim a\u00e7\u0131lar\u0131nda daha yumu\u015fak ge\u00e7i\u015flerin ve agresif gaz \u00e7\u0131k\u0131\u015flar\u0131 s\u0131ras\u0131nda \u00f6ng\u00f6r\u00fclebilir \u00e7eki\u015f toparlanmas\u0131n\u0131n alt\u0131n\u0131 \u00e7izdi.<\/p>\n<hr \/>\n<h2><strong>Kingtyre K97'nin Temel Faydalar\u0131<\/strong><\/h2>\n<p>i\u00e7in agresif s\u0131rt tasar\u0131m\u0131 <strong>\u00fcst\u00fcn kuru ve \u0131slak yol tutu\u015fu<\/strong><\/p>\n<p>\u2714 Kan\u0131tlanm\u0131\u015f y\u00fcksek h\u0131z kararl\u0131l\u0131\u011f\u0131 <strong>270 km\/saat<\/strong><\/p>\n<p>\u2714 Uzat\u0131lm\u0131\u015f kilometre: <strong>18.000 km'ye kadar kullan\u0131m \u00f6mr\u00fc<\/strong> karma kullan\u0131m alt\u0131nda<\/p>\n<p>\u2714 Geni\u015f uyumluluk: <strong>22 boyut se\u00e7ene\u011fi<\/strong> \u00e7e\u015fitli motosikletler i\u00e7in<\/p>\n<p>Kan\u0131tlanm\u0131\u015f <strong>ba\u011f\u0131ms\u0131z pist ve yol testleri<\/strong><\/p>\n<hr \/>\n<h2><strong>Sonu\u00e7<\/strong><\/h2>\n<p>Bu <strong>Kingtyre K97 Sport Yol Lasti\u011fi<\/strong> sadece ba\u015fka bir motosiklet lasti\u011fi de\u011fildir - bu bir <strong>veriye dayal\u0131, s\u00fcr\u00fcc\u00fcler taraf\u0131ndan test edilmi\u015f \u00e7\u00f6z\u00fcm<\/strong> performans merakl\u0131lar\u0131 i\u00e7in. Onunla <strong>yar\u0131\u015ftan ilham alan s\u0131rt deseni<\/strong>, <strong>geni\u015f boyutta kullan\u0131labilirlik<\/strong>ve <strong>ola\u011fan\u00fcst\u00fc kavrama ve dayan\u0131kl\u0131l\u0131k dengesi<\/strong>K97, modern s\u00fcr\u00fcc\u00fclerin talep etti\u011fi g\u00fcven ve kontrol\u00fc sa\u011flar.<\/p>\n<p>\u0130ster i\u015fe gidip geliyor olun, ister da\u011f yollar\u0131n\u0131 ar\u015f\u0131nl\u0131yor ya da tur zamanlar\u0131n\u0131 tutturuyor olun, K97 bir ad\u0131m \u00f6nde olman\u0131z\u0131 sa\u011flar.<\/p>\n<hr \/>\n<p><a href=\"https:\/\/www.facebook.com\/ChinaKingTyre\">Bizi Facebook'ta takip edin<\/a><\/p>\n<p><!-- notionvc: 1924e58b-8c6e-4f05-b047-dc6296c181b4 --><\/p>","protected":false},"excerpt":{"rendered":"<p>Kingtyre K97 Sport Yol Lasti\u011fi, elit yol tutu\u015fu, \u00fcst\u00fcn \u00e7eki\u015f g\u00fcc\u00fc ve uzun kilometre performans\u0131 sunar. Spor motosikletler ve tur motosikletleri i\u00e7in \u00e7e\u015fitli ebatlarda mevcuttur.<!-- notionvc: 6e29a8ee-361f-4430-b05e-342cf1767276 --><\/p>","protected":false},"featured_media":443,"comment_status":"open","ping_status":"closed","template":"","meta":[],"class_list":{"0":"post-452","1":"product","2":"type-product","3":"status-publish","4":"has-post-thumbnail","6":"product_cat-commute-motorcycle-tires","7":"product_cat-super-sport-motorcycle-tires","8":"product_tag-100-90zr21","9":"product_tag-110-70zr17","10":"product_tag-120-70-17-motorcycle-tire","11":"product_tag-120-70-17-tire","12":"product_tag-120-70r17-2","13":"product_tag-120-70r17-motorcycle-tire","14":"product_tag-120-70x17-dual-sport-tire","15":"product_tag-120-70x17-motorcycle-tire","16":"product_tag-120-70x17-tire","17":"product_tag-120-70-zr17-motorcycle-tire","18":"product_tag-120-70-zr17","19":"product_tag-120-70zr17-front-tire","20":"product_tag-120-70zr17-tire","21":"product_tag-120-60zr17","22":"product_tag-120-70zr17","23":"product_tag-120-70zr18","24":"product_tag-120-70zr19","25":"product_tag-130-70r17","26":"product_tag-130-70r18","27":"product_tag-140-70zr17","28":"product_tag-150-60zr17","29":"product_tag-160-60zr17","30":"product_tag-170-60zr17","31":"product_tag-180-55zr17","32":"product_tag-180-60zr17","33":"product_tag-190-50zr17","34":"product_tag-190-55zr17","35":"product_tag-200-50zr17","36":"product_tag-200-55zr17","37":"product_tag-240-40r18","38":"product_tag-240-45zr17","39":"product_tag-260-40r18","40":"product_tag-90-80r17","41":"product_tag-aggressive-tread-motorcycle-tires","42":"product_tag-all-weather-motorcycle-tires","43":"product_tag-dry-grip-sport-tires","44":"product_tag-high-speed-motorcycle-tires","45":"product_tag-kingtyre","46":"product_tag-kingtyre-k97","47":"product_tag-kingtyre-motorcycle-tires","48":"product_tag-long-lasting-motorcycle-tires","49":"product_tag-motorcycle-cornering-stability","50":"product_tag-motorcycle-grip-technology","51":"product_tag-motorcycle-performance-testing","52":"product_tag-motorcycle-safety-tires","53":"product_tag-motorcycle-tire-durability","54":"product_tag-motorcycle-tire-size-chart","55":"product_tag-motorcycle-touring-tires","56":"product_tag-motorcycle-track-day-tires","57":"product_tag-motorcycle-tyres-120-70-zr17","58":"product_tag-on-road-motorcycle-tires","59":"product_tag-premium-motorcycle-tires","60":"product_tag-sport-touring-motorcycle-tires","61":"product_tag-super-sport-tires","62":"product_tag-wet-grip-motorcycle-tires","64":"first","65":"instock","66":"shipping-taxable","67":"product-type-simple"},"yoast_head":"<!-- This site is optimized with the Yoast SEO Premium plugin v25.1 (Yoast SEO v25.1) - https:\/\/yoast.com\/wordpress\/plugins\/seo\/ -->\n<title>Kingtyre K97 Sport On-Road Motorcycle Tire | Precision Grip<\/title>\n<meta name=\"description\" content=\"The Kingtyre K97 Sport On-Road Tire delivers elite handling, superior traction, and extended mileage. Available in multiple sizes for sport bikes and touring motorcycles.\" \/>\n<meta name=\"robots\" content=\"index, follow, max-snippet:-1, max-image-preview:large, max-video-preview:-1\" \/>\n<link rel=\"canonical\" href=\"https:\/\/www.chinakingtyre.com\/tr\/product\/kingtyre-k97-sport-on-road\/\" \/>\n<meta property=\"og:locale\" content=\"tr_TR\" \/>\n<meta property=\"og:type\" content=\"article\" \/>\n<meta property=\"og:title\" content=\"Kingtyre K97 Sport On-Road Tire: Advanced Engineering for Precision, Grip, and Longevity\" \/>\n<meta property=\"og:description\" content=\"The Kingtyre K97 Sport On-Road Tire delivers elite handling, superior traction, and extended mileage. Available in multiple sizes for sport bikes and touring motorcycles.\" \/>\n<meta property=\"og:url\" content=\"https:\/\/www.chinakingtyre.com\/tr\/product\/kingtyre-k97-sport-on-road\/\" \/>\n<meta property=\"og:site_name\" content=\"KingTyre Professional motorcycle tire manufacturer\" \/>\n<meta property=\"article:publisher\" content=\"https:\/\/www.facebook.com\/ChinaKingTyre\" \/>\n<meta property=\"article:modified_time\" content=\"2025-08-27T00:54:53+00:00\" \/>\n<meta property=\"og:image\" content=\"https:\/\/www.chinakingtyre.com\/wp-content\/uploads\/2025\/08\/Kingtyre-K97-Supermoto-Treaded-Racing-Tires.jpg\" \/>\n\t<meta property=\"og:image:width\" content=\"800\" \/>\n\t<meta property=\"og:image:height\" content=\"800\" \/>\n\t<meta property=\"og:image:type\" content=\"image\/jpeg\" \/>\n<meta name=\"twitter:card\" content=\"summary_large_image\" \/>\n<meta name=\"twitter:label1\" content=\"Tahmini okuma s\u00fcresi\" \/>\n\t<meta name=\"twitter:data1\" content=\"3 dakika\" \/>\n<script type=\"application\/ld+json\" class=\"yoast-schema-graph\">{\"@context\":\"https:\/\/schema.org\",\"@graph\":[{\"@type\":\"WebPage\",\"@id\":\"https:\/\/www.chinakingtyre.com\/product\/kingtyre-k97-sport-on-road\/\",\"url\":\"https:\/\/www.chinakingtyre.com\/product\/kingtyre-k97-sport-on-road\/\",\"name\":\"Kingtyre K97 Sport On-Road Motorcycle Tire | Precision Grip\",\"isPartOf\":{\"@id\":\"https:\/\/www.chinakingtyre.com\/#website\"},\"primaryImageOfPage\":{\"@id\":\"https:\/\/www.chinakingtyre.com\/product\/kingtyre-k97-sport-on-road\/#primaryimage\"},\"image\":{\"@id\":\"https:\/\/www.chinakingtyre.com\/product\/kingtyre-k97-sport-on-road\/#primaryimage\"},\"thumbnailUrl\":\"https:\/\/www.chinakingtyre.com\/wp-content\/uploads\/2025\/08\/Kingtyre-K97-Supermoto-Treaded-Racing-Tires.jpg\",\"datePublished\":\"2025-08-18T02:38:19+00:00\",\"dateModified\":\"2025-08-27T00:54:53+00:00\",\"description\":\"The Kingtyre K97 Sport On-Road Tire delivers elite handling, superior traction, and extended mileage. Available in multiple sizes for sport bikes and touring motorcycles.\",\"breadcrumb\":{\"@id\":\"https:\/\/www.chinakingtyre.com\/product\/kingtyre-k97-sport-on-road\/#breadcrumb\"},\"inLanguage\":\"tr\",\"potentialAction\":[{\"@type\":\"ReadAction\",\"target\":[\"https:\/\/www.chinakingtyre.com\/product\/kingtyre-k97-sport-on-road\/\"]}]},{\"@type\":\"ImageObject\",\"inLanguage\":\"tr\",\"@id\":\"https:\/\/www.chinakingtyre.com\/product\/kingtyre-k97-sport-on-road\/#primaryimage\",\"url\":\"https:\/\/www.chinakingtyre.com\/wp-content\/uploads\/2025\/08\/Kingtyre-K97-Supermoto-Treaded-Racing-Tires.jpg\",\"contentUrl\":\"https:\/\/www.chinakingtyre.com\/wp-content\/uploads\/2025\/08\/Kingtyre-K97-Supermoto-Treaded-Racing-Tires.jpg\",\"width\":800,\"height\":800,\"caption\":\"Kingtyre-K97-Supermoto-Treaded-Racing-Tires\"},{\"@type\":\"BreadcrumbList\",\"@id\":\"https:\/\/www.chinakingtyre.com\/product\/kingtyre-k97-sport-on-road\/#breadcrumb\",\"itemListElement\":[{\"@type\":\"ListItem\",\"position\":1,\"name\":\"Home\",\"item\":\"https:\/\/www.chinakingtyre.com\/\"},{\"@type\":\"ListItem\",\"position\":2,\"name\":\"Kingtyre Product List\",\"item\":\"https:\/\/www.chinakingtyre.com\/kingtyre-product-list\/\"},{\"@type\":\"ListItem\",\"position\":3,\"name\":\"Kingtyre K97 Sport On-Road Tire: Advanced Engineering for Precision, Grip, and Longevity\"}]},{\"@type\":\"WebSite\",\"@id\":\"https:\/\/www.chinakingtyre.com\/#website\",\"url\":\"https:\/\/www.chinakingtyre.com\/\",\"name\":\"KingTyre Professional motorcycle tire manufacturer\",\"description\":\"\",\"publisher\":{\"@id\":\"https:\/\/www.chinakingtyre.com\/#organization\"},\"potentialAction\":[{\"@type\":\"SearchAction\",\"target\":{\"@type\":\"EntryPoint\",\"urlTemplate\":\"https:\/\/www.chinakingtyre.com\/?s={search_term_string}\"},\"query-input\":{\"@type\":\"PropertyValueSpecification\",\"valueRequired\":true,\"valueName\":\"search_term_string\"}}],\"inLanguage\":\"tr\"},{\"@type\":\"Organization\",\"@id\":\"https:\/\/www.chinakingtyre.com\/#organization\",\"name\":\"TIANJIN KINGTYRE GROUP CO.,LTD\",\"url\":\"https:\/\/www.chinakingtyre.com\/\",\"logo\":{\"@type\":\"ImageObject\",\"inLanguage\":\"tr\",\"@id\":\"https:\/\/www.chinakingtyre.com\/#\/schema\/logo\/image\/\",\"url\":\"https:\/\/www.chinakingtyre.com\/wp-content\/uploads\/2025\/07\/LOGO.png\",\"contentUrl\":\"https:\/\/www.chinakingtyre.com\/wp-content\/uploads\/2025\/07\/LOGO.png\",\"width\":870,\"height\":212,\"caption\":\"TIANJIN KINGTYRE GROUP CO.,LTD\"},\"image\":{\"@id\":\"https:\/\/www.chinakingtyre.com\/#\/schema\/logo\/image\/\"},\"sameAs\":[\"https:\/\/www.facebook.com\/ChinaKingTyre\"]}]}<\/script>\n<!-- \/ Yoast SEO Premium plugin. -->","yoast_head_json":{"title":"Kingtyre K97 Sport Yol \u00dcst\u00fc Motosiklet Lasti\u011fi | Precision Grip","description":"Kingtyre K97 Sport Yol Lasti\u011fi, elit yol tutu\u015fu, \u00fcst\u00fcn \u00e7eki\u015f g\u00fcc\u00fc ve uzun kilometre performans\u0131 sunar. Spor motosikletler ve tur motosikletleri i\u00e7in \u00e7e\u015fitli ebatlarda mevcuttur.","robots":{"index":"index","follow":"follow","max-snippet":"max-snippet:-1","max-image-preview":"max-image-preview:large","max-video-preview":"max-video-preview:-1"},"canonical":"https:\/\/www.chinakingtyre.com\/tr\/product\/kingtyre-k97-sport-on-road\/","og_locale":"tr_TR","og_type":"article","og_title":"Kingtyre K97 Sport On-Road Tire: Advanced Engineering for Precision, Grip, and Longevity","og_description":"The Kingtyre K97 Sport On-Road Tire delivers elite handling, superior traction, and extended mileage. Available in multiple sizes for sport bikes and touring motorcycles.","og_url":"https:\/\/www.chinakingtyre.com\/tr\/product\/kingtyre-k97-sport-on-road\/","og_site_name":"KingTyre Professional motorcycle tire manufacturer","article_publisher":"https:\/\/www.facebook.com\/ChinaKingTyre","article_modified_time":"2025-08-27T00:54:53+00:00","og_image":[{"width":800,"height":800,"url":"https:\/\/www.chinakingtyre.com\/wp-content\/uploads\/2025\/08\/Kingtyre-K97-Supermoto-Treaded-Racing-Tires.jpg","type":"image\/jpeg"}],"twitter_card":"summary_large_image","twitter_misc":{"Tahmini okuma s\u00fcresi":"3 dakika"},"schema":{"@context":"https:\/\/schema.org","@graph":[{"@type":"WebPage","@id":"https:\/\/www.chinakingtyre.com\/product\/kingtyre-k97-sport-on-road\/","url":"https:\/\/www.chinakingtyre.com\/product\/kingtyre-k97-sport-on-road\/","name":"Kingtyre K97 Sport Yol \u00dcst\u00fc Motosiklet Lasti\u011fi | Precision Grip","isPartOf":{"@id":"https:\/\/www.chinakingtyre.com\/#website"},"primaryImageOfPage":{"@id":"https:\/\/www.chinakingtyre.com\/product\/kingtyre-k97-sport-on-road\/#primaryimage"},"image":{"@id":"https:\/\/www.chinakingtyre.com\/product\/kingtyre-k97-sport-on-road\/#primaryimage"},"thumbnailUrl":"https:\/\/www.chinakingtyre.com\/wp-content\/uploads\/2025\/08\/Kingtyre-K97-Supermoto-Treaded-Racing-Tires.jpg","datePublished":"2025-08-18T02:38:19+00:00","dateModified":"2025-08-27T00:54:53+00:00","description":"Kingtyre K97 Sport Yol Lasti\u011fi, elit yol tutu\u015fu, \u00fcst\u00fcn \u00e7eki\u015f g\u00fcc\u00fc ve uzun kilometre performans\u0131 sunar. Spor motosikletler ve tur motosikletleri i\u00e7in \u00e7e\u015fitli ebatlarda mevcuttur.","breadcrumb":{"@id":"https:\/\/www.chinakingtyre.com\/product\/kingtyre-k97-sport-on-road\/#breadcrumb"},"inLanguage":"tr","potentialAction":[{"@type":"ReadAction","target":["https:\/\/www.chinakingtyre.com\/product\/kingtyre-k97-sport-on-road\/"]}]},{"@type":"ImageObject","inLanguage":"tr","@id":"https:\/\/www.chinakingtyre.com\/product\/kingtyre-k97-sport-on-road\/#primaryimage","url":"https:\/\/www.chinakingtyre.com\/wp-content\/uploads\/2025\/08\/Kingtyre-K97-Supermoto-Treaded-Racing-Tires.jpg","contentUrl":"https:\/\/www.chinakingtyre.com\/wp-content\/uploads\/2025\/08\/Kingtyre-K97-Supermoto-Treaded-Racing-Tires.jpg","width":800,"height":800,"caption":"Kingtyre-K97-Supermoto-Treaded-Racing-Tires"},{"@type":"BreadcrumbList","@id":"https:\/\/www.chinakingtyre.com\/product\/kingtyre-k97-sport-on-road\/#breadcrumb","itemListElement":[{"@type":"ListItem","position":1,"name":"Home","item":"https:\/\/www.chinakingtyre.com\/"},{"@type":"ListItem","position":2,"name":"Kingtyre Product List","item":"https:\/\/www.chinakingtyre.com\/kingtyre-product-list\/"},{"@type":"ListItem","position":3,"name":"Kingtyre K97 Sport On-Road Tire: Advanced Engineering for Precision, Grip, and Longevity"}]},{"@type":"WebSite","@id":"https:\/\/www.chinakingtyre.com\/#website","url":"https:\/\/www.chinakingtyre.com\/","name":"KingTyre Profesyonel motosiklet lasti\u011fi \u00fcreticisi","description":"","publisher":{"@id":"https:\/\/www.chinakingtyre.com\/#organization"},"potentialAction":[{"@type":"SearchAction","target":{"@type":"EntryPoint","urlTemplate":"https:\/\/www.chinakingtyre.com\/?s={search_term_string}"},"query-input":{"@type":"PropertyValueSpecification","valueRequired":true,"valueName":"search_term_string"}}],"inLanguage":"tr"},{"@type":"Organization","@id":"https:\/\/www.chinakingtyre.com\/#organization","name":"TIANJIN KINGTYRE GROUP CO, LTD","url":"https:\/\/www.chinakingtyre.com\/","logo":{"@type":"ImageObject","inLanguage":"tr","@id":"https:\/\/www.chinakingtyre.com\/#\/schema\/logo\/image\/","url":"https:\/\/www.chinakingtyre.com\/wp-content\/uploads\/2025\/07\/LOGO.png","contentUrl":"https:\/\/www.chinakingtyre.com\/wp-content\/uploads\/2025\/07\/LOGO.png","width":870,"height":212,"caption":"TIANJIN KINGTYRE GROUP CO.,LTD"},"image":{"@id":"https:\/\/www.chinakingtyre.com\/#\/schema\/logo\/image\/"},"sameAs":["https:\/\/www.facebook.com\/ChinaKingTyre"]}]}},"_links":{"self":[{"href":"https:\/\/www.chinakingtyre.com\/tr\/wp-json\/wp\/v2\/product\/452","targetHints":{"allow":["GET"]}}],"collection":[{"href":"https:\/\/www.chinakingtyre.com\/tr\/wp-json\/wp\/v2\/product"}],"about":[{"href":"https:\/\/www.chinakingtyre.com\/tr\/wp-json\/wp\/v2\/types\/product"}],"replies":[{"embeddable":true,"href":"https:\/\/www.chinakingtyre.com\/tr\/wp-json\/wp\/v2\/comments?post=452"}],"wp:featuredmedia":[{"embeddable":true,"href":"https:\/\/www.chinakingtyre.com\/tr\/wp-json\/wp\/v2\/media\/443"}],"wp:attachment":[{"href":"https:\/\/www.chinakingtyre.com\/tr\/wp-json\/wp\/v2\/media?parent=452"}],"curies":[{"name":"wp","href":"https:\/\/api.w.org\/{rel}","templated":true}]}}