{"id":457,"date":"2025-08-18T07:33:25","date_gmt":"2025-08-18T07:33:25","guid":{"rendered":"https:\/\/www.chinakingtyre.com\/?post_type=product&#038;p=457"},"modified":"2025-08-27T00:54:37","modified_gmt":"2025-08-27T00:54:37","slug":"kingtyre-k905-spor-motard-lasti%cc%87kleri%cc%87","status":"publish","type":"product","link":"https:\/\/www.chinakingtyre.com\/tr\/product\/kingtyre-k905-spor-motard-lasti%cc%87kleri%cc%87\/","title":{"rendered":"Kingtyre K905 Sport Motard Lastikleri - Sokak ve Performans i\u00e7in Premium S\u00fcper Spor Lastikler"},"content":{"rendered":"<h2><strong>Kingtyre K905'in Geli\u015fmi\u015f \u00dcretim ve S\u0131rt Tasar\u0131m\u0131 Avantajlar\u0131<\/strong><\/h2>\n<p>Bu <strong><a href=\"https:\/\/www.chinakingtyre.com\/tr\/\">Kingtyre<\/a> K905 spor motard lastikleri<\/strong> her iki alanda da performans\u0131 optimize etmek i\u00e7in son teknoloji s\u0131rt m\u00fchendisli\u011fi ile tasarlanm\u0131\u015ft\u0131r. <strong>s\u00fcper spor lasti\u0307kler<\/strong> ve <strong>s\u00fcpermoto lasti\u0307kleri\u0307<\/strong> kategoriler. Yar\u0131\u015f slicklerinin aksine, K905 <strong>termal olmayan kau\u00e7uk bile\u015fik<\/strong> Bu da lasti\u011fin kullan\u0131m \u00f6mr\u00fcn\u00fc uzat\u0131rken ilk s\u00fcr\u00fc\u015f a\u015famas\u0131nda tutarl\u0131 kavrama sa\u011flar.<\/p>\n<ul>\n<li><strong>Benzersiz s\u0131rt deseni<\/strong> \u0131slak yollarda drenaj verimlili\u011fini art\u0131r\u0131r ve geleneksel yollara k\u0131yasla 25%'lik hidroplaning riskini azalt\u0131r <strong>yol lasti\u0307kleri\u0307<\/strong>.<\/li>\n<li>Bu <strong>omuz blo\u011fu tasar\u0131m\u0131<\/strong> 15%'ye sahip s\u00fcr\u00fcc\u00fclere standarttan daha fazla yanal kavrama sa\u011flayarak viraj dengesini art\u0131r\u0131r <strong>s\u00fcpermoto yol lasti\u0307kleri\u0307<\/strong>.<\/li>\n<li>Optimize edilmi\u015f kau\u00e7uk esnekli\u011fi yuvarlanma direncini azaltarak g\u00fcnl\u00fck i\u015fe gidip gelme senaryolar\u0131nda yak\u0131t verimlili\u011fini 6% oran\u0131nda art\u0131r\u0131r.<\/li>\n<li>K905 deseni \u00f6zellikle a\u015fa\u011f\u0131dakiler i\u00e7in uygundur <strong>yol lasti\u0307kleri\u0307<\/strong> \u015fehir i\u00e7i s\u00fcr\u00fc\u015f, sokak g\u00f6sterileri ve dayan\u0131kl\u0131l\u0131k motard yar\u0131\u015fmalar\u0131 gibi uygulamalar.<\/li>\n<\/ul>\n<p><img loading=\"lazy\" decoding=\"async\" class=\"aligncenter wp-image-459 size-full\" src=\"https:\/\/www.chinakingtyre.com\/wp-content\/uploads\/2025\/08\/kingtyre-k905-sport-motard-tread.jpg\" alt=\"Kingtyre K905 spor motard lastikleri yol ve s\u00fcpermoto kullan\u0131m\u0131 i\u00e7in optimize edilmi\u015f s\u0131rt deseni\" width=\"800\" height=\"800\" srcset=\"https:\/\/www.chinakingtyre.com\/wp-content\/uploads\/2025\/08\/kingtyre-k905-sport-motard-tread.jpg 800w, https:\/\/www.chinakingtyre.com\/wp-content\/uploads\/2025\/08\/kingtyre-k905-sport-motard-tread-300x300.jpg 300w, https:\/\/www.chinakingtyre.com\/wp-content\/uploads\/2025\/08\/kingtyre-k905-sport-motard-tread-150x150.jpg 150w, https:\/\/www.chinakingtyre.com\/wp-content\/uploads\/2025\/08\/kingtyre-k905-sport-motard-tread-768x768.jpg 768w, https:\/\/www.chinakingtyre.com\/wp-content\/uploads\/2025\/08\/kingtyre-k905-sport-motard-tread-12x12.jpg 12w, https:\/\/www.chinakingtyre.com\/wp-content\/uploads\/2025\/08\/kingtyre-k905-sport-motard-tread-600x600.jpg 600w\" sizes=\"auto, (max-width: 800px) 100vw, 800px\" \/><\/p>\n<hr \/>\n<h2><strong>Kingtyre K905 Spor Lastiklerinin Mevcut Ebatlar\u0131<\/strong><\/h2>\n<p>Bu <strong>Kingtyre motosiklet lastikleri<\/strong> \u00fcretim hatt\u0131, a\u015fa\u011f\u0131dakiler i\u00e7in en \u00e7ok talep edilen boyutlar\u0131 kapsar <strong>spor lasti\u0307kler<\/strong> d\u00fcnya \u00e7ap\u0131nda biniciler.<\/p>\n<ul>\n<li><strong>\u00d6n Lastikler<\/strong>: 100\/80R17 | 110\/70ZR17 | 120\/70ZR17<\/li>\n<li><strong>Arka Lastikler<\/strong>: 130\/70R17 | 140\/60ZR17 | 140\/70ZR17 | 180\/55ZR17 | 190\/50ZR17<\/li>\n<\/ul>\n<p><img loading=\"lazy\" decoding=\"async\" class=\"aligncenter wp-image-460 size-full\" src=\"https:\/\/www.chinakingtyre.com\/wp-content\/uploads\/2025\/08\/kingtyre-k905-sport-tire-sizes.jpg\" alt=\"Kingtyre K905 s\u00fcper spor lastikler \u00e7e\u015fitli \u00f6n ve arka ebatlarda mevcuttur\" width=\"2211\" height=\"884\" srcset=\"https:\/\/www.chinakingtyre.com\/wp-content\/uploads\/2025\/08\/kingtyre-k905-sport-tire-sizes.jpg 2211w, https:\/\/www.chinakingtyre.com\/wp-content\/uploads\/2025\/08\/kingtyre-k905-sport-tire-sizes-300x120.jpg 300w, https:\/\/www.chinakingtyre.com\/wp-content\/uploads\/2025\/08\/kingtyre-k905-sport-tire-sizes-1024x409.jpg 1024w, https:\/\/www.chinakingtyre.com\/wp-content\/uploads\/2025\/08\/kingtyre-k905-sport-tire-sizes-768x307.jpg 768w, https:\/\/www.chinakingtyre.com\/wp-content\/uploads\/2025\/08\/kingtyre-k905-sport-tire-sizes-1536x614.jpg 1536w, https:\/\/www.chinakingtyre.com\/wp-content\/uploads\/2025\/08\/kingtyre-k905-sport-tire-sizes-2048x819.jpg 2048w, https:\/\/www.chinakingtyre.com\/wp-content\/uploads\/2025\/08\/kingtyre-k905-sport-tire-sizes-18x7.jpg 18w, https:\/\/www.chinakingtyre.com\/wp-content\/uploads\/2025\/08\/kingtyre-k905-sport-tire-sizes-600x240.jpg 600w\" sizes=\"auto, (max-width: 2211px) 100vw, 2211px\" \/><\/p>\n<hr \/>\n<h2><strong>Kingtyre Motosiklet Spor Lastikleri Fabrikas\u0131 ve \u00dcretim G\u00fcc\u00fc<\/strong><\/h2>\n<p>\u00d6nde gelen \u015firketlerden biri olarak <strong>motosi\u0307klet lasti\u0307\u011fi\u0307 \u00fcreti\u0307ci\u0307leri\u0307<\/strong>Kingtyre'da modern bir <strong>MC lastik fabrikas\u0131<\/strong> ile donat\u0131lm\u0131\u015f:<\/p>\n<ul>\n<li><strong>Otomatik kar\u0131\u015ft\u0131rma ve k\u00fcrleme ekipman\u0131<\/strong> bile\u015fik tutarl\u0131l\u0131\u011f\u0131n\u0131n sa\u011flanmas\u0131.<\/li>\n<li><strong>ISO sertifikal\u0131 \u00fcretim hatlar\u0131<\/strong> Avrupa ve DOT standartlar\u0131n\u0131 kar\u015f\u0131lar.<\/li>\n<li><strong>G\u00fc\u00e7l\u00fc Ar-Ge ekibi<\/strong> uzmanl\u0131k alan\u0131 <strong>motard lasti\u0307kleri\u0307<\/strong> ve <strong>s\u00fcper spor lasti\u0307kler<\/strong> geli\u015fme.<\/li>\n<\/ul>\n<p>\u00dczerinde ile <strong>1,2 milyon motosiklet spor lasti\u011fi<\/strong> Her y\u0131l \u00fcretilen Kingtyre, k\u00fcresel distrib\u00fct\u00f6rler i\u00e7in g\u00fcvenilir bir tedarik\u00e7i haline gelmi\u015ftir.<\/p>\n<p><img loading=\"lazy\" decoding=\"async\" class=\"aligncenter wp-image-461 size-full\" src=\"https:\/\/www.chinakingtyre.com\/wp-content\/uploads\/2025\/08\/kingtyre-motorcycle-sport-tires-factory.jpg\" alt=\"Geli\u015fmi\u015f lastik \u00fcretim teknolojisine sahip Kingtyre motosiklet spor lastikleri fabrikas\u0131\" width=\"800\" height=\"800\" srcset=\"https:\/\/www.chinakingtyre.com\/wp-content\/uploads\/2025\/08\/kingtyre-motorcycle-sport-tires-factory.jpg 800w, https:\/\/www.chinakingtyre.com\/wp-content\/uploads\/2025\/08\/kingtyre-motorcycle-sport-tires-factory-300x300.jpg 300w, https:\/\/www.chinakingtyre.com\/wp-content\/uploads\/2025\/08\/kingtyre-motorcycle-sport-tires-factory-150x150.jpg 150w, https:\/\/www.chinakingtyre.com\/wp-content\/uploads\/2025\/08\/kingtyre-motorcycle-sport-tires-factory-768x768.jpg 768w, https:\/\/www.chinakingtyre.com\/wp-content\/uploads\/2025\/08\/kingtyre-motorcycle-sport-tires-factory-12x12.jpg 12w, https:\/\/www.chinakingtyre.com\/wp-content\/uploads\/2025\/08\/kingtyre-motorcycle-sport-tires-factory-600x600.jpg 600w\" sizes=\"auto, (max-width: 800px) 100vw, 800px\" \/><\/p>\n<hr \/>\n<h2><strong>Motosiklet Spor Lastiklerinde S\u0131k Kar\u015f\u0131la\u015f\u0131lan Sorunlar<\/strong><\/h2>\n<p>Motosiklet s\u00fcr\u00fcc\u00fcleri genellikle geleneksel <strong>spor lasti\u0307kler<\/strong>:<\/p>\n<ul>\n<li>\u015eehir asfalt\u0131nda h\u0131zl\u0131 a\u015f\u0131nma, kilometre performans\u0131n\u0131 d\u00fc\u015f\u00fcr\u00fcr.<\/li>\n<li>Islak ko\u015fullarda dengesizli\u011fe yol a\u00e7an zay\u0131f su tahliyesi.<\/li>\n<li>\u00d6n ve arka lastikler aras\u0131nda tutu\u015f dengesi eksikli\u011fi.<\/li>\n<li>Yak\u0131t ekonomisini etkileyen y\u00fcksek yuvarlanma direnci.<\/li>\n<\/ul>\n<hr \/>\n<h2><strong>Kingtyre'\u0131n K905 S\u00fcpermoto Lastikleri ile \u00c7\u00f6z\u00fcm\u00fc<\/strong><\/h2>\n<p>Bu <strong>Kingtyre K905 s\u00fcpermoto lastikleri<\/strong> bu konular\u0131 do\u011frudan ele almaktad\u0131r:<\/p>\n<ul>\n<li><strong>Dayan\u0131kl\u0131l\u0131k<\/strong>: 20% ortalamaya k\u0131yasla daha uzun s\u0131rt \u00f6mr\u00fc <strong>yol lasti\u0307kleri\u0307<\/strong>.<\/li>\n<li><strong>Kavrama dengesi<\/strong>: Optimize edilmi\u015f bile\u015fik e\u015fit \u00f6n ve arka \u00e7eki\u015f sa\u011flar.<\/li>\n<li><strong>Islak yol g\u00fcvenli\u011fi<\/strong>: Geli\u015ftirilmi\u015f oluklar \u0131slak zeminlerde fren mesafesini 12% kadar azalt\u0131r.<\/li>\n<li><strong>Performans \u00e7ok y\u00f6nl\u00fcl\u00fc\u011f\u00fc<\/strong>: \u015eunlar i\u00e7in uygundur <strong>i\u015fe gidip gelme, akrobasi s\u00fcr\u00fc\u015f\u00fc ve y\u00fcksek h\u0131zl\u0131 motard yar\u0131\u015flar\u0131<\/strong>.<\/li>\n<\/ul>\n<hr \/>\n<h2><strong>Kingtyre K905 Teknik \u00d6zellikleri<\/strong><\/h2>\n<table style=\"height: 313px;\" width=\"733\">\n<thead>\n<tr>\n<th><strong>\u015eartname<\/strong><\/th>\n<th><strong>Detaylar<\/strong><\/th>\n<\/tr>\n<\/thead>\n<tbody>\n<tr>\n<td>S\u0131rt Deseni:<\/td>\n<td>Kingtyre K905 Sport Motard Desen<\/td>\n<\/tr>\n<tr>\n<td>Bile\u015fik:<\/td>\n<td>Is\u0131l olmayan kau\u00e7uk (uzun kilometre)<\/td>\n<\/tr>\n<tr>\n<td>H\u0131z Derecesi:<\/td>\n<td>W (270 km\/s maks.)<\/td>\n<\/tr>\n<tr>\n<td>Y\u00fck Endeksi:<\/td>\n<td>54-75 (boyuta ba\u011fl\u0131 olarak)<\/td>\n<\/tr>\n<tr>\n<td>Mevcut Boyutlar:<\/td>\n<td>\u00d6n: 100\/80R17, 110\/70ZR17, 120\/70ZR17<\/td>\n<\/tr>\n<tr>\n<td><\/td>\n<td>Arka: 130\/70R17, 140\/60ZR17, 140\/70ZR17, 180\/55ZR17, 190\/50ZR17<\/td>\n<\/tr>\n<tr>\n<td>Uygulama:<\/td>\n<td>S\u00fcpermoto, \u015fehir i\u00e7i ula\u015f\u0131m, sokak g\u00f6sterileri<\/td>\n<\/tr>\n<tr>\n<td>Sertifika:<\/td>\n<td>DOT, ECE, ISO sertifikal\u0131<\/td>\n<\/tr>\n<\/tbody>\n<\/table>\n<hr \/>\n<h2><strong>SSS - Motosiklet Spor Lastikleri (K905)<\/strong><\/h2>\n<p><strong>S1: Kingtyre K905 ortalama ne kadar dayan\u0131yor?<\/strong><\/p>\n<p>A1: S\u00fcr\u00fc\u015f tarz\u0131na ba\u011fl\u0131 olarak yakla\u015f\u0131k 8.000-10.000 km.<\/p>\n<p><strong>S2: K905 \u0131slak ko\u015fullar i\u00e7in uygun mu?<\/strong><\/p>\n<p>A2: Evet, s\u0131rt oluklar\u0131 su tahliyesini 25% kadar iyile\u015ftirir.<\/p>\n<p><strong>S3: Kingtyre K905'i pist yar\u0131\u015flar\u0131 i\u00e7in kullanabilir miyim?<\/strong><\/p>\n<p>A3: \u015eunlar i\u00e7in optimize edilmi\u015ftir <strong>yol lasti\u0307kleri\u0307<\/strong> ve s\u00fcpermoto kullan\u0131m\u0131 i\u00e7indir, profesyonel yar\u0131\u015f lastikleri i\u00e7in de\u011fil.<\/p>\n<p><strong>S4: K905 ile kaygan lastikler aras\u0131ndaki temel fark nedir?<\/strong><\/p>\n<p>A4: K905 dayan\u0131kl\u0131l\u0131k i\u00e7in s\u0131rt tasar\u0131m\u0131 ve termal olmayan bile\u015fikler kullan\u0131rken, slickler saf performans yar\u0131\u015f lastikleridir.<\/p>\n<p><strong>S5: Kingtyre K905 yak\u0131t t\u00fcketimini azalt\u0131r m\u0131?<\/strong><\/p>\n<p>A5: Evet, yuvarlanma direnci 6% kadar azal\u0131r.<\/p>\n<p><strong>S6: D\u00fcnya \u00e7ap\u0131nda mevcut mu?<\/strong><\/p>\n<p>A6: Evet, Kingtyre 40'tan fazla \u00fclkeye ihracat yap\u0131yor.<\/p>\n<p><strong>S7: Y\u00fcksek h\u0131zl\u0131 s\u00fcr\u00fc\u015fleri kald\u0131rabilir mi?<\/strong><\/p>\n<p>A7: Kesinlikle, W h\u0131z derecesine (270 km\/s) sahiptir.<\/p>\n<p><strong>S8: Kingtyre K905 \u00f6zel bak\u0131m gerektiriyor mu?<\/strong><\/p>\n<p>A8: Standart lastik bak\u0131m\u0131-uygun \u015fi\u015firme ve rotasyon.<\/p>\n<p><strong>S9: Bu lastik g\u00fcnl\u00fck i\u015fe gidip gelmek i\u00e7in iyi mi?<\/strong><\/p>\n<p>A9: Evet, hem performans hem de kentsel kullan\u0131m i\u00e7in tasarlanm\u0131\u015ft\u0131r.<\/p>\n<ul>\n<li>*S10: Kingtyre di\u011fer \u015fehirlerle kar\u015f\u0131la\u015ft\u0131r\u0131ld\u0131\u011f\u0131nda nas\u0131ld\u0131r? <strong>motosi\u0307klet lasti\u0307\u011fi\u0307 \u00fcreti\u0307ci\u0307leri\u0307<\/strong>?<\/li>\n<\/ul>\n<p>A10: Kingtyre, ISO sertifikal\u0131 \u00fcretimi geli\u015fmi\u015f bile\u015fik ara\u015ft\u0131rmalar\u0131yla birle\u015ftirerek \u00fcst\u00fcn de\u011fer sunar.<\/p>\n<hr \/>\n<p><a href=\"https:\/\/www.facebook.com\/ChinaKingTyre\">Bizi Facebook'ta takip edin<\/a><\/p>\n<p><!-- notionvc: a3c59145-b65d-4707-a730-cd62d54caedc --><\/p>","protected":false},"excerpt":{"rendered":"<p>Performans, dayan\u0131kl\u0131l\u0131k ve g\u00fcvenlik i\u00e7in tasarlanm\u0131\u015f Kingtyre K905 spor motard lastiklerini ke\u015ffedin. S\u00fcpermoto, sokak g\u00f6sterileri ve \u015fehir i\u00e7i ula\u015f\u0131m i\u00e7in idealdir. \u00c7e\u015fitli ebatlarda mevcuttur.<!-- notionvc: 5fd9d26c-c68f-4a1d-8670-40f8c12ae4a7 --><\/p>","protected":false},"featured_media":462,"comment_status":"open","ping_status":"closed","template":"","meta":[],"class_list":{"0":"post-457","1":"product","2":"type-product","3":"status-publish","4":"has-post-thumbnail","6":"product_cat-commute-motorcycle-tires","7":"product_cat-super-sport-motorcycle-tires","8":"product_tag-100-80r17","9":"product_tag-110-70zr17","10":"product_tag-120-70-17-motorcycle-tire","11":"product_tag-120-70-17-tire","12":"product_tag-120-70r17-2","13":"product_tag-120-70r17-motorcycle-tire","14":"product_tag-120-70x17-dual-sport-tire","15":"product_tag-120-70x17-motorcycle-tire","16":"product_tag-120-70x17-tire","17":"product_tag-120-70-zr17-motorcycle-tire","18":"product_tag-120-70-zr17","19":"product_tag-120-70zr17-front-tire","20":"product_tag-120-70zr17-tire","21":"product_tag-120-70zr17","22":"product_tag-130-70r17","23":"product_tag-140-60zr17","24":"product_tag-140-70zr17","25":"product_tag-180-55zr17","26":"product_tag-190-50zr17","27":"product_tag-durable-sport-tires","28":"product_tag-kingtyre-k905","29":"product_tag-kingtyre-motorcycle-tires","30":"product_tag-mc-tires-manufacturers","31":"product_tag-motard-tyres","32":"product_tag-motorcycle-commuting-tires","33":"product_tag-motorcycle-motard-tires","34":"product_tag-motorcycle-performance-tires","35":"product_tag-motorcycle-sport-tires-factory","36":"product_tag-motorcycle-tire-manufacturers","37":"product_tag-motorcycle-tyres-120-70-zr17","38":"product_tag-on-road-tires","39":"product_tag-premium-motorcycle-tires","40":"product_tag-road-tires","41":"product_tag-sport-tires","42":"product_tag-street-motorcycle-tires","43":"product_tag-super-sport-motorcycle-tires","44":"product_tag-super-sport-tires","45":"product_tag-supermoto-on-road-tires","46":"product_tag-supermoto-tires","47":"product_tag-urban-motorcycle-tires","49":"first","50":"instock","51":"shipping-taxable","52":"product-type-simple"},"yoast_head":"<!-- This site is optimized with the Yoast SEO Premium plugin v25.1 (Yoast SEO v25.1) - https:\/\/yoast.com\/wordpress\/plugins\/seo\/ -->\n<title>Kingtyre K905 Sport Motard Tires | Premium Super Sport &amp; Road Tires<\/title>\n<meta name=\"description\" content=\"Discover Kingtyre K905 sport motard tires engineered for performance, durability, and safety. Ideal for supermoto, street stunts, and urban commuting. Available in multiple sizes.\" \/>\n<meta name=\"robots\" content=\"index, follow, max-snippet:-1, max-image-preview:large, max-video-preview:-1\" \/>\n<link rel=\"canonical\" href=\"https:\/\/www.chinakingtyre.com\/tr\/product\/kingtyre-k905-spor-motard-lasti\u0307kleri\u0307\/\" \/>\n<meta property=\"og:locale\" content=\"tr_TR\" \/>\n<meta property=\"og:type\" content=\"article\" \/>\n<meta property=\"og:title\" content=\"Kingtyre K905 Sport Motard Tires \u2013 Premium Super Sport Tires for Street and Performance\" \/>\n<meta property=\"og:description\" content=\"Discover Kingtyre K905 sport motard tires engineered for performance, durability, and safety. Ideal for supermoto, street stunts, and urban commuting. Available in multiple sizes.\" \/>\n<meta property=\"og:url\" content=\"https:\/\/www.chinakingtyre.com\/tr\/product\/kingtyre-k905-spor-motard-lasti\u0307kleri\u0307\/\" \/>\n<meta property=\"og:site_name\" content=\"KingTyre Professional motorcycle tire manufacturer\" \/>\n<meta property=\"article:publisher\" content=\"https:\/\/www.facebook.com\/ChinaKingTyre\" \/>\n<meta property=\"article:modified_time\" content=\"2025-08-27T00:54:37+00:00\" \/>\n<meta property=\"og:image\" content=\"https:\/\/www.chinakingtyre.com\/wp-content\/uploads\/2025\/08\/Kingtyre-K905-Sport-Motard-Tires.jpg\" \/>\n\t<meta property=\"og:image:width\" content=\"800\" \/>\n\t<meta property=\"og:image:height\" content=\"800\" \/>\n\t<meta property=\"og:image:type\" content=\"image\/jpeg\" \/>\n<meta name=\"twitter:card\" content=\"summary_large_image\" \/>\n<meta name=\"twitter:label1\" content=\"Tahmini okuma s\u00fcresi\" \/>\n\t<meta name=\"twitter:data1\" content=\"4 dakika\" \/>\n<script type=\"application\/ld+json\" class=\"yoast-schema-graph\">{\"@context\":\"https:\/\/schema.org\",\"@graph\":[{\"@type\":\"WebPage\",\"@id\":\"https:\/\/www.chinakingtyre.com\/product\/kingtyre-k905-sport-motard-tires\/\",\"url\":\"https:\/\/www.chinakingtyre.com\/product\/kingtyre-k905-sport-motard-tires\/\",\"name\":\"Kingtyre K905 Sport Motard Tires | Premium Super Sport & Road Tires\",\"isPartOf\":{\"@id\":\"https:\/\/www.chinakingtyre.com\/#website\"},\"primaryImageOfPage\":{\"@id\":\"https:\/\/www.chinakingtyre.com\/product\/kingtyre-k905-sport-motard-tires\/#primaryimage\"},\"image\":{\"@id\":\"https:\/\/www.chinakingtyre.com\/product\/kingtyre-k905-sport-motard-tires\/#primaryimage\"},\"thumbnailUrl\":\"https:\/\/www.chinakingtyre.com\/wp-content\/uploads\/2025\/08\/Kingtyre-K905-Sport-Motard-Tires.jpg\",\"datePublished\":\"2025-08-18T07:33:25+00:00\",\"dateModified\":\"2025-08-27T00:54:37+00:00\",\"description\":\"Discover Kingtyre K905 sport motard tires engineered for performance, durability, and safety. Ideal for supermoto, street stunts, and urban commuting. Available in multiple sizes.\",\"breadcrumb\":{\"@id\":\"https:\/\/www.chinakingtyre.com\/product\/kingtyre-k905-sport-motard-tires\/#breadcrumb\"},\"inLanguage\":\"tr\",\"potentialAction\":[{\"@type\":\"ReadAction\",\"target\":[\"https:\/\/www.chinakingtyre.com\/product\/kingtyre-k905-sport-motard-tires\/\"]}]},{\"@type\":\"ImageObject\",\"inLanguage\":\"tr\",\"@id\":\"https:\/\/www.chinakingtyre.com\/product\/kingtyre-k905-sport-motard-tires\/#primaryimage\",\"url\":\"https:\/\/www.chinakingtyre.com\/wp-content\/uploads\/2025\/08\/Kingtyre-K905-Sport-Motard-Tires.jpg\",\"contentUrl\":\"https:\/\/www.chinakingtyre.com\/wp-content\/uploads\/2025\/08\/Kingtyre-K905-Sport-Motard-Tires.jpg\",\"width\":800,\"height\":800,\"caption\":\"Kingtyre K905 Sport Motard Tires\"},{\"@type\":\"BreadcrumbList\",\"@id\":\"https:\/\/www.chinakingtyre.com\/product\/kingtyre-k905-sport-motard-tires\/#breadcrumb\",\"itemListElement\":[{\"@type\":\"ListItem\",\"position\":1,\"name\":\"Home\",\"item\":\"https:\/\/www.chinakingtyre.com\/\"},{\"@type\":\"ListItem\",\"position\":2,\"name\":\"Kingtyre Product List\",\"item\":\"https:\/\/www.chinakingtyre.com\/kingtyre-product-list\/\"},{\"@type\":\"ListItem\",\"position\":3,\"name\":\"Kingtyre K905 Sport Motard Tires \u2013 Premium Super Sport Tires for Street and Performance\"}]},{\"@type\":\"WebSite\",\"@id\":\"https:\/\/www.chinakingtyre.com\/#website\",\"url\":\"https:\/\/www.chinakingtyre.com\/\",\"name\":\"KingTyre Professional motorcycle tire manufacturer\",\"description\":\"\",\"publisher\":{\"@id\":\"https:\/\/www.chinakingtyre.com\/#organization\"},\"potentialAction\":[{\"@type\":\"SearchAction\",\"target\":{\"@type\":\"EntryPoint\",\"urlTemplate\":\"https:\/\/www.chinakingtyre.com\/?s={search_term_string}\"},\"query-input\":{\"@type\":\"PropertyValueSpecification\",\"valueRequired\":true,\"valueName\":\"search_term_string\"}}],\"inLanguage\":\"tr\"},{\"@type\":\"Organization\",\"@id\":\"https:\/\/www.chinakingtyre.com\/#organization\",\"name\":\"TIANJIN KINGTYRE GROUP CO.,LTD\",\"url\":\"https:\/\/www.chinakingtyre.com\/\",\"logo\":{\"@type\":\"ImageObject\",\"inLanguage\":\"tr\",\"@id\":\"https:\/\/www.chinakingtyre.com\/#\/schema\/logo\/image\/\",\"url\":\"https:\/\/www.chinakingtyre.com\/wp-content\/uploads\/2025\/07\/LOGO.png\",\"contentUrl\":\"https:\/\/www.chinakingtyre.com\/wp-content\/uploads\/2025\/07\/LOGO.png\",\"width\":870,\"height\":212,\"caption\":\"TIANJIN KINGTYRE GROUP CO.,LTD\"},\"image\":{\"@id\":\"https:\/\/www.chinakingtyre.com\/#\/schema\/logo\/image\/\"},\"sameAs\":[\"https:\/\/www.facebook.com\/ChinaKingTyre\"]}]}<\/script>\n<!-- \/ Yoast SEO Premium plugin. -->","yoast_head_json":{"title":"Kingtyre K905 Sport Motard Lastikleri | Premium S\u00fcper Spor ve Yol Lastikleri","description":"Performans, dayan\u0131kl\u0131l\u0131k ve g\u00fcvenlik i\u00e7in tasarlanm\u0131\u015f Kingtyre K905 spor motard lastiklerini ke\u015ffedin. S\u00fcpermoto, sokak g\u00f6sterileri ve \u015fehir i\u00e7i ula\u015f\u0131m i\u00e7in idealdir. \u00c7e\u015fitli ebatlarda mevcuttur.","robots":{"index":"index","follow":"follow","max-snippet":"max-snippet:-1","max-image-preview":"max-image-preview:large","max-video-preview":"max-video-preview:-1"},"canonical":"https:\/\/www.chinakingtyre.com\/tr\/product\/kingtyre-k905-spor-motard-lasti\u0307kleri\u0307\/","og_locale":"tr_TR","og_type":"article","og_title":"Kingtyre K905 Sport Motard Tires \u2013 Premium Super Sport Tires for Street and Performance","og_description":"Discover Kingtyre K905 sport motard tires engineered for performance, durability, and safety. Ideal for supermoto, street stunts, and urban commuting. Available in multiple sizes.","og_url":"https:\/\/www.chinakingtyre.com\/tr\/product\/kingtyre-k905-spor-motard-lasti\u0307kleri\u0307\/","og_site_name":"KingTyre Professional motorcycle tire manufacturer","article_publisher":"https:\/\/www.facebook.com\/ChinaKingTyre","article_modified_time":"2025-08-27T00:54:37+00:00","og_image":[{"width":800,"height":800,"url":"https:\/\/www.chinakingtyre.com\/wp-content\/uploads\/2025\/08\/Kingtyre-K905-Sport-Motard-Tires.jpg","type":"image\/jpeg"}],"twitter_card":"summary_large_image","twitter_misc":{"Tahmini okuma s\u00fcresi":"4 dakika"},"schema":{"@context":"https:\/\/schema.org","@graph":[{"@type":"WebPage","@id":"https:\/\/www.chinakingtyre.com\/product\/kingtyre-k905-sport-motard-tires\/","url":"https:\/\/www.chinakingtyre.com\/product\/kingtyre-k905-sport-motard-tires\/","name":"Kingtyre K905 Sport Motard Lastikleri | Premium S\u00fcper Spor ve Yol Lastikleri","isPartOf":{"@id":"https:\/\/www.chinakingtyre.com\/#website"},"primaryImageOfPage":{"@id":"https:\/\/www.chinakingtyre.com\/product\/kingtyre-k905-sport-motard-tires\/#primaryimage"},"image":{"@id":"https:\/\/www.chinakingtyre.com\/product\/kingtyre-k905-sport-motard-tires\/#primaryimage"},"thumbnailUrl":"https:\/\/www.chinakingtyre.com\/wp-content\/uploads\/2025\/08\/Kingtyre-K905-Sport-Motard-Tires.jpg","datePublished":"2025-08-18T07:33:25+00:00","dateModified":"2025-08-27T00:54:37+00:00","description":"Performans, dayan\u0131kl\u0131l\u0131k ve g\u00fcvenlik i\u00e7in tasarlanm\u0131\u015f Kingtyre K905 spor motard lastiklerini ke\u015ffedin. S\u00fcpermoto, sokak g\u00f6sterileri ve \u015fehir i\u00e7i ula\u015f\u0131m i\u00e7in idealdir. \u00c7e\u015fitli ebatlarda mevcuttur.","breadcrumb":{"@id":"https:\/\/www.chinakingtyre.com\/product\/kingtyre-k905-sport-motard-tires\/#breadcrumb"},"inLanguage":"tr","potentialAction":[{"@type":"ReadAction","target":["https:\/\/www.chinakingtyre.com\/product\/kingtyre-k905-sport-motard-tires\/"]}]},{"@type":"ImageObject","inLanguage":"tr","@id":"https:\/\/www.chinakingtyre.com\/product\/kingtyre-k905-sport-motard-tires\/#primaryimage","url":"https:\/\/www.chinakingtyre.com\/wp-content\/uploads\/2025\/08\/Kingtyre-K905-Sport-Motard-Tires.jpg","contentUrl":"https:\/\/www.chinakingtyre.com\/wp-content\/uploads\/2025\/08\/Kingtyre-K905-Sport-Motard-Tires.jpg","width":800,"height":800,"caption":"Kingtyre K905 Sport Motard Tires"},{"@type":"BreadcrumbList","@id":"https:\/\/www.chinakingtyre.com\/product\/kingtyre-k905-sport-motard-tires\/#breadcrumb","itemListElement":[{"@type":"ListItem","position":1,"name":"Home","item":"https:\/\/www.chinakingtyre.com\/"},{"@type":"ListItem","position":2,"name":"Kingtyre Product List","item":"https:\/\/www.chinakingtyre.com\/kingtyre-product-list\/"},{"@type":"ListItem","position":3,"name":"Kingtyre K905 Sport Motard Tires \u2013 Premium Super Sport Tires for Street and Performance"}]},{"@type":"WebSite","@id":"https:\/\/www.chinakingtyre.com\/#website","url":"https:\/\/www.chinakingtyre.com\/","name":"KingTyre Profesyonel motosiklet lasti\u011fi \u00fcreticisi","description":"","publisher":{"@id":"https:\/\/www.chinakingtyre.com\/#organization"},"potentialAction":[{"@type":"SearchAction","target":{"@type":"EntryPoint","urlTemplate":"https:\/\/www.chinakingtyre.com\/?s={search_term_string}"},"query-input":{"@type":"PropertyValueSpecification","valueRequired":true,"valueName":"search_term_string"}}],"inLanguage":"tr"},{"@type":"Organization","@id":"https:\/\/www.chinakingtyre.com\/#organization","name":"TIANJIN KINGTYRE GROUP CO, LTD","url":"https:\/\/www.chinakingtyre.com\/","logo":{"@type":"ImageObject","inLanguage":"tr","@id":"https:\/\/www.chinakingtyre.com\/#\/schema\/logo\/image\/","url":"https:\/\/www.chinakingtyre.com\/wp-content\/uploads\/2025\/07\/LOGO.png","contentUrl":"https:\/\/www.chinakingtyre.com\/wp-content\/uploads\/2025\/07\/LOGO.png","width":870,"height":212,"caption":"TIANJIN KINGTYRE GROUP CO.,LTD"},"image":{"@id":"https:\/\/www.chinakingtyre.com\/#\/schema\/logo\/image\/"},"sameAs":["https:\/\/www.facebook.com\/ChinaKingTyre"]}]}},"_links":{"self":[{"href":"https:\/\/www.chinakingtyre.com\/tr\/wp-json\/wp\/v2\/product\/457","targetHints":{"allow":["GET"]}}],"collection":[{"href":"https:\/\/www.chinakingtyre.com\/tr\/wp-json\/wp\/v2\/product"}],"about":[{"href":"https:\/\/www.chinakingtyre.com\/tr\/wp-json\/wp\/v2\/types\/product"}],"replies":[{"embeddable":true,"href":"https:\/\/www.chinakingtyre.com\/tr\/wp-json\/wp\/v2\/comments?post=457"}],"wp:featuredmedia":[{"embeddable":true,"href":"https:\/\/www.chinakingtyre.com\/tr\/wp-json\/wp\/v2\/media\/462"}],"wp:attachment":[{"href":"https:\/\/www.chinakingtyre.com\/tr\/wp-json\/wp\/v2\/media?parent=457"}],"curies":[{"name":"wp","href":"https:\/\/api.w.org\/{rel}","templated":true}]}}