{"id":498,"date":"2025-08-22T02:27:29","date_gmt":"2025-08-22T02:27:29","guid":{"rendered":"https:\/\/www.chinakingtyre.com\/?post_type=product&#038;p=498"},"modified":"2025-08-22T02:27:31","modified_gmt":"2025-08-22T02:27:31","slug":"kingtyre-motokros-bi%cc%87si%cc%87klet-lasti%cc%87kleri%cc%87-x85-x86","status":"publish","type":"product","link":"https:\/\/www.chinakingtyre.com\/tr\/product\/kingtyre-motokros-bi%cc%87si%cc%87klet-lasti%cc%87kleri%cc%87-x85-x86\/","title":{"rendered":"Kingtyre X85 ve X86 Motokros Bisiklet Lastikleri - Ekstrem Off-Road S\u00fcr\u00fc\u015f\u00fc i\u00e7in Geli\u015fmi\u015f Dirt Bike Lastikleri"},"content":{"rendered":"<h2><strong>Kingtyre X85 &amp; X86 Dirt Bike Lastiklerinin \u00dcretim S\u00fcreci ve S\u0131rt Avantajlar\u0131<\/strong><\/h2>\n<p>Kingtyre, en son teknolojiye yat\u0131r\u0131m yaparak <strong>X85 ve X86 motokros bisiklet lastikleri<\/strong>en zorlu arazilerde dayan\u0131kl\u0131l\u0131k, \u00e7eki\u015f g\u00fcc\u00fc ve denge isteyen s\u00fcr\u00fcc\u00fcler i\u00e7in tasarlanm\u0131\u015ft\u0131r.<\/p>\n<p>Her iki desen de a\u015fa\u011f\u0131daki malzemeler kullan\u0131larak \u00fcretilmi\u015ftir <strong>\u00e7ok katl\u0131 karkas yap\u0131s\u0131<\/strong>, <strong>premium kau\u00e7uk bile\u015fikleri<\/strong>ve <strong>geli\u0307\u015fmi\u0307\u015f vulkani\u0307zasyon s\u00fcre\u00e7leri\u0307<\/strong> performans tutarl\u0131l\u0131\u011f\u0131 ve daha uzun lastik \u00f6mr\u00fc sa\u011flamak i\u00e7in.<\/p>\n<ul>\n<li><strong>Kingtyre X85 arazi motosiklet lastikleri<\/strong> bir \u00f6zellik <strong>agresif topuzlu s\u0131rt tasar\u0131m\u0131<\/strong>i\u00e7in optimize edilmi\u015ftir. <strong>orman s\u00fcr\u00fc\u015f\u00fc, \u00e7amurlu yollar ve gev\u015fek arazi<\/strong>. Geni\u015f bo\u015fluk oran\u0131, \u00e7amur birikimini \u00f6nleyerek kendi kendini temizlemeyi geli\u015ftirir.<\/li>\n<li><strong>Kingtyre X86 arazi bisikleti lastikleri<\/strong> ile tasarlanm\u0131\u015ft\u0131r <strong>yak\u0131n aral\u0131kl\u0131, g\u00fc\u00e7lendirilmi\u015f s\u0131rt bloklar\u0131<\/strong>\u00fczerinde m\u00fckemmel tutu\u015f sa\u011flar. <strong>kayal\u0131k arazi ve sert dolgulu toprak<\/strong>. Bu da X86'y\u0131 en geli\u015fmi\u015f <strong>en i\u0307yi\u0307 arazi\u0307 motosi\u0307klet off road lasti\u0307kleri\u0307<\/strong> rekabet\u00e7i enduro ve motokros yar\u0131\u015flar\u0131 i\u00e7in kullan\u0131labilir.<\/li>\n<\/ul>\n<p>Her iki model de <strong>g\u00fc\u00e7lendirilmi\u015f yan duvarlar<\/strong>, <strong>geli\u015ftirilmi\u015f delinme direnci<\/strong>ve <strong>\u0131s\u0131ya dayan\u0131kl\u0131 bile\u015fikler<\/strong>zorlu ko\u015fullarda uzun \u00f6m\u00fcrl\u00fc g\u00fcvenilirlik sa\u011flar.<\/p>\n<p><img loading=\"lazy\" decoding=\"async\" class=\"aligncenter wp-image-499 size-full\" src=\"https:\/\/www.chinakingtyre.com\/wp-content\/uploads\/2025\/08\/Kingtyre-X85-dirt-bike-tires-2.jpg\" alt=\"Kingtyre X85 arazi bisikleti lasti\u011fi agresif s\u0131rt tasar\u0131m\u0131\" width=\"800\" height=\"800\" srcset=\"https:\/\/www.chinakingtyre.com\/wp-content\/uploads\/2025\/08\/Kingtyre-X85-dirt-bike-tires-2.jpg 800w, https:\/\/www.chinakingtyre.com\/wp-content\/uploads\/2025\/08\/Kingtyre-X85-dirt-bike-tires-2-300x300.jpg 300w, https:\/\/www.chinakingtyre.com\/wp-content\/uploads\/2025\/08\/Kingtyre-X85-dirt-bike-tires-2-150x150.jpg 150w, https:\/\/www.chinakingtyre.com\/wp-content\/uploads\/2025\/08\/Kingtyre-X85-dirt-bike-tires-2-768x768.jpg 768w, https:\/\/www.chinakingtyre.com\/wp-content\/uploads\/2025\/08\/Kingtyre-X85-dirt-bike-tires-2-12x12.jpg 12w, https:\/\/www.chinakingtyre.com\/wp-content\/uploads\/2025\/08\/Kingtyre-X85-dirt-bike-tires-2-600x600.jpg 600w\" sizes=\"auto, (max-width: 800px) 100vw, 800px\" \/><\/p>\n<p><img loading=\"lazy\" decoding=\"async\" class=\"aligncenter wp-image-500 size-full\" src=\"https:\/\/www.chinakingtyre.com\/wp-content\/uploads\/2025\/08\/Kingtyre-X86-dirt-bike-tires-2.jpg\" alt=\"Kingtyre X86 enduro ve kayal\u0131k araziler i\u00e7in motokros bisiklet lasti\u011fi\" width=\"800\" height=\"800\" srcset=\"https:\/\/www.chinakingtyre.com\/wp-content\/uploads\/2025\/08\/Kingtyre-X86-dirt-bike-tires-2.jpg 800w, https:\/\/www.chinakingtyre.com\/wp-content\/uploads\/2025\/08\/Kingtyre-X86-dirt-bike-tires-2-300x300.jpg 300w, https:\/\/www.chinakingtyre.com\/wp-content\/uploads\/2025\/08\/Kingtyre-X86-dirt-bike-tires-2-150x150.jpg 150w, https:\/\/www.chinakingtyre.com\/wp-content\/uploads\/2025\/08\/Kingtyre-X86-dirt-bike-tires-2-768x768.jpg 768w, https:\/\/www.chinakingtyre.com\/wp-content\/uploads\/2025\/08\/Kingtyre-X86-dirt-bike-tires-2-12x12.jpg 12w, https:\/\/www.chinakingtyre.com\/wp-content\/uploads\/2025\/08\/Kingtyre-X86-dirt-bike-tires-2-600x600.jpg 600w\" sizes=\"auto, (max-width: 800px) 100vw, 800px\" \/><\/p>\n<hr \/>\n<h2><strong>Kingtyre X85 &amp; X86 Dirt Bike Lastiklerinin Mevcut Ebatlar\u0131<\/strong><\/h2>\n<ul>\n<li><strong>\u00d6n tarafa:<\/strong> 80\/100-21<\/li>\n<li><strong>Arka tarafa:<\/strong> 110\/90-18, 110\/90-19<\/li>\n<\/ul>\n<p>Bunlar <strong>Kingtyre off-road motosiklet lastik ebatlar\u0131<\/strong> motokros ve enduro yar\u0131\u015fmalar\u0131nda kapsaml\u0131 bir \u015fekilde test edilerek \u00e7eki\u015f, dayan\u0131kl\u0131l\u0131k ve yol tutu\u015fu aras\u0131nda ideal bir denge sa\u011flanm\u0131\u015ft\u0131r.<\/p>\n<hr \/>\n<h2><strong>Kingtyre Motokros Bisikletleri Lastik Fabrikas\u0131<\/strong><\/h2>\n<p>Lider bir \u015firket olarak <a href=\"https:\/\/www.chinakingtyre.com\/tr\/\"><strong>motokros bi\u0307si\u0307kletleri\u0307 lasti\u0307k fabri\u0307kasi<\/strong><\/a>Kingtyre, geli\u015fmi\u015f \u00fcretim hatlar\u0131, otomatik kau\u00e7uk kar\u0131\u015ft\u0131rma ve CNC kontroll\u00fc lastik kal\u0131plama teknolojisi ile faaliyet g\u00f6stermektedir. Fabrikam\u0131zda kat\u0131 kurallar uygulanmaktad\u0131r. <strong>ISO\/TS 16949 kalite standartlar\u0131<\/strong>\u00fczerinde \u00fcretim yapan <strong>Y\u0131lda 2 milyon MC lasti\u011fi<\/strong> uluslararas\u0131 yar\u0131\u015f ve t\u00fcketici pazarlar\u0131 i\u00e7in.<\/p>\n<p>Kingtyre'\u0131n temel avantajlar\u0131 <a href=\"https:\/\/www.chinakingtyre.com\/tr\/\"><strong>arazi bisikleti lastikleri \u00fcreticisi<\/strong><\/a>:<\/p>\n<ul>\n<li><strong>Y\u00fcksek kapasiteli \u00fcretim<\/strong> hassas m\u00fchendislik ile.<\/li>\n<li><strong>Birinci s\u0131n\u0131f kau\u00e7uk bile\u015fikleri<\/strong> i\u00e7in tasarlanm\u0131\u015ft\u0131r <strong>\u00e7oklu arazi\u0307 performansi<\/strong>.<\/li>\n<li><strong>Kurum i\u00e7i Ar-Ge merkezi<\/strong> motokros ve enduro uygulamalar\u0131na odaklan\u0131yor.<\/li>\n<li>En g\u00fcvenilir \u015firketlerden biri olarak tan\u0131nan <strong>MC lastik \u00fcreticileri<\/strong> rekabet\u00e7i yar\u0131\u015f pistlerinde.<\/li>\n<\/ul>\n<hr \/>\n<h2><strong>Motokros ve Dirt Bike S\u00fcr\u00fc\u015f\u00fcnde En \u0130yi 10 Ac\u0131 Noktas\u0131<\/strong><\/h2>\n<ol>\n<li>Kayal\u0131k arazide h\u0131zl\u0131 s\u0131rt a\u015f\u0131nmas\u0131.<\/li>\n<li>Derin \u00e7amurda ve yumu\u015fak toprakta zay\u0131f \u00e7eki\u015f g\u00fcc\u00fc.<\/li>\n<li>Keskin kayalardan kaynaklanan yan duvar delinmeleri.<\/li>\n<li>Islak y\u00fczeylerde kavrama kayb\u0131.<\/li>\n<li>\u00c7amurlu pistlerde kendi kendini temizleyen s\u0131rtta zorluk.<\/li>\n<li>Y\u00fcksek h\u0131zl\u0131 virajlarda d\u00fc\u015f\u00fck performans.<\/li>\n<li>Ekstrem arazi yar\u0131\u015flar\u0131 i\u00e7in s\u0131n\u0131rl\u0131 dayan\u0131kl\u0131l\u0131k.<\/li>\n<li>Uzun enduro s\u00fcr\u00fc\u015fleri s\u0131ras\u0131nda a\u015f\u0131r\u0131 \u0131s\u0131nma.<\/li>\n<li>Yumu\u015fak ve sert arazi aras\u0131nda \u00e7ok y\u00f6nl\u00fcl\u00fck eksikli\u011fi.<\/li>\n<li>Bulma zorlu\u011fu <strong>Orman s\u00fcr\u00fc\u015f\u00fc i\u00e7in en iyi arazi bisikleti lastikleri<\/strong> ve kar\u0131\u015f\u0131k ko\u015fullar.<\/li>\n<\/ol>\n<hr \/>\n<h2><strong>X85 &amp; X86 Motokros Bisikleti Lastikleri ile Kingtyre \u00c7\u00f6z\u00fcmleri<\/strong><\/h2>\n<p>Kingtyre, geli\u015fmi\u015f tasar\u0131m ve malzemelerle bu zorluklar\u0131n \u00fcstesinden gelmektedir:<\/p>\n<ul>\n<li><strong>\u00c7ok katl\u0131 karkas yap\u0131s\u0131<\/strong> \u00dcst\u00fcn darbe direnci i\u00e7in.<\/li>\n<li><strong>Agresif s\u0131rtl\u0131 motosiklet arazi lastikleri<\/strong> kendi kendini temizleme \u00f6zelli\u011fine sahiptir.<\/li>\n<li><strong>Birinci s\u0131n\u0131f kau\u00e7uk bile\u015fimi<\/strong> \u0131s\u0131 direnci ve daha uzun s\u0131rt \u00f6mr\u00fc i\u00e7in.<\/li>\n<li><strong>G\u00fc\u00e7lendirilmi\u015f yan duvarlar<\/strong> delinmeleri azaltmak ve dengeyi art\u0131rmak i\u00e7in.<\/li>\n<li><strong>Optimize edilmi\u015f s\u0131rt geometrisi<\/strong> Hem yumu\u015fak hem de sert arazide kavrama i\u00e7in.<\/li>\n<li>Bu \u015fekilde tasarland\u0131 <strong>kayalik arazi\u0307, \u00e7amur ve orman s\u00fcr\u00fc\u015f\u00fc i\u0307\u00e7i\u0307n en i\u0307yi\u0307 motosi\u0307klet lasti\u0307kleri\u0307<\/strong>.<\/li>\n<\/ul>\n<hr \/>\n<h2><strong>Teknik \u00d6zellikler - Kingtyre X85 &amp; X86 Dirt Bike Lastikleri<\/strong><\/h2>\n<table style=\"height: 168px;\" width=\"1106\">\n<thead>\n<tr>\n<th><strong>Model<\/strong><\/th>\n<th><strong>Desen<\/strong><\/th>\n<th><strong>\u00d6n Boyut<\/strong><\/th>\n<th><strong>Arka Boyutlar<\/strong><\/th>\n<th><strong>\u0130n\u015faat<\/strong><\/th>\n<th><strong>Bile\u015fik Tipi<\/strong><\/th>\n<th><strong>Anahtar Avantaj<\/strong><\/th>\n<\/tr>\n<\/thead>\n<tbody>\n<tr>\n<td>Kingtyre X85<\/td>\n<td>Knobby<\/td>\n<td>80\/100-21<\/td>\n<td>110\/90-18, 110\/90-19<\/td>\n<td>\u00c7ok katl\u0131<\/td>\n<td>Premium Kau\u00e7uk<\/td>\n<td>\u00c7amur ve yumu\u015fak arazi i\u00e7in en iyi arazi motosikleti lastikleri<\/td>\n<\/tr>\n<tr>\n<td>Kingtyre X86<\/td>\n<td>Hibrit<\/td>\n<td>80\/100-21<\/td>\n<td>110\/90-18, 110\/90-19<\/td>\n<td>G\u00fc\u00e7lendirilmi\u015f<\/td>\n<td>Is\u0131ya Dayan\u0131kl\u0131<\/td>\n<td>En iyi arazi motosikleti off road lasti\u011fi<\/td>\n<\/tr>\n<\/tbody>\n<\/table>\n<hr \/>\n<h2><strong>SSS - Motokros Bisikletleri Lastikleri S\u0131k Sorulan Sorular<\/strong><\/h2>\n<p><strong>1. Kingtyre X85'i orman s\u00fcr\u00fc\u015f\u00fc i\u00e7in en iyi arazi motosikleti lasti\u011fi yapan nedir?<\/strong><\/p>\n<p>Geni\u015f t\u0131rt\u0131kl\u0131 s\u0131rt deseni maksimum kavrama ve \u00e7amur tahliyesi sa\u011flar.<\/p>\n<p><strong>2. X85 ve X86 lastikleri enduro yar\u0131\u015flar\u0131 i\u00e7in uygun mu?<\/strong><\/p>\n<p>Evet, \u015fu \u015fekilde tasarland\u0131lar <strong>enduro yar\u0131\u015flar\u0131 i\u00e7in off-road motosiklet lastikleri<\/strong> geli\u015fmi\u015f dayan\u0131kl\u0131l\u0131k ile.<\/p>\n<p><strong>3. Kingtyre motokros ve enduro motosiklet lastikleri ne kadar dayan\u0131r?<\/strong><\/p>\n<p>Araziye ba\u011fl\u0131 olarak, s\u00fcr\u00fcc\u00fcler tipik olarak 50-80 saatlik rekabet\u00e7i kullan\u0131m elde ederler.<\/p>\n<p><strong>4. Bu lastiklerin g\u00fc\u00e7lendirilmi\u015f yanaklar\u0131 var m\u0131?<\/strong><\/p>\n<p>Evet, onlar <strong>g\u00fc\u00e7lendirilmi\u015f yanaklara sahip arazi motosikleti lastikleri<\/strong> kayal\u0131k yollarla ba\u015fa \u00e7\u0131kmak i\u00e7in.<\/p>\n<p><strong>5. Motokros yar\u0131\u015fmas\u0131 i\u00e7in hangi lastik boyutu \u00f6nerilir?<\/strong><\/p>\n<p>En yayg\u0131n donan\u0131m \u015fudur <strong>80\/100-21 (\u00f6n)<\/strong> ile <strong>110\/90-19 (arka)<\/strong>.<\/p>\n<p><strong>6. Kingtyre X86 sert zeminli yollarda iyi performans g\u00f6sterebilir mi?<\/strong><\/p>\n<p>Evet, di\u015f aral\u0131\u011f\u0131 ve bile\u015fimi onu kayal\u0131k ve kompakt y\u00fczeyler i\u00e7in ideal hale getirir.<\/p>\n<p><strong>7. Bu lastikler macera motosikletleri i\u00e7in uygun mu?<\/strong><\/p>\n<p>Evet, onlar Kingtyre'\u0131n bir par\u00e7as\u0131. <strong>macera s\u00fcr\u00fc\u015f\u00fc motosiklet knobby lastikleri serisi<\/strong>.<\/p>\n<p><strong>8. Kingtyre lastiklerinin kendi kendini temizleyen di\u015fleri var m\u0131?<\/strong><\/p>\n<p>Evet, hem X85 hem de X86 dahil <strong>kendi kendini temizleyen s\u0131rtl\u0131 arazi lastikleri<\/strong>.<\/p>\n<p><strong>9. Kingtyre motokros lastikleri uzun \u00f6m\u00fcrl\u00fc m\u00fcd\u00fcr?<\/strong><\/p>\n<p>Evet, \u015fu \u015fekilde tasarland\u0131lar <strong>uzun \u00f6m\u00fcrl\u00fc arazi motosikleti yar\u0131\u015f lastikleri<\/strong> birinci s\u0131n\u0131f bile\u015fiklerle.<\/p>\n<p><strong>10. Kingtyre arazi motosiklet lastikleri nerede \u00fcretilmektedir?<\/strong><\/p>\n<p>Kingtyre'\u0131n geli\u015fmi\u015f tesislerinde \u00fcretilirler. <strong>motosi\u0307klet lasti\u0307kleri\u0307 fabri\u0307ka off-road seri\u0307si\u0307<\/strong> tesis.<\/p>\n<p><!-- notionvc: 765ec662-4d04-459d-b2ee-fdcefabd8fe5 --><\/p>","protected":false},"excerpt":{"rendered":"<p>\u00c7amur, kaya ve orman s\u00fcr\u00fc\u015f\u00fc i\u00e7in agresif s\u0131rt ile tasarlanm\u0131\u015f Kingtyre X85 &amp; X86 motokros bisiklet lastiklerini ke\u015ffedin. Boyutlar 80\/100-21, 110\/90-18, 110\/90-19. Enduro ve motokros yar\u0131\u015flar\u0131 i\u00e7in birinci s\u0131n\u0131f off-road motosiklet lastikleri.<!-- notionvc: c41089e6-be89-4fa8-b323-e147344afaf1 --><\/p>","protected":false},"featured_media":501,"comment_status":"open","ping_status":"closed","template":"","meta":[],"class_list":{"0":"post-498","1":"product","2":"type-product","3":"status-publish","4":"has-post-thumbnail","6":"product_cat-off-road-motorcycle-tires","7":"product_tag-110-90-18","8":"product_tag-110-90-19","9":"product_tag-80-100-21","10":"product_tag-adventure-motorcycle-off-road-tires-factory","11":"product_tag-aggressive-tread-motorcycle-off-road-tires","12":"product_tag-best-all-terrain-motorcycle-off-road-tire","13":"product_tag-best-dirt-bike-tire-for-woods-riding","14":"product_tag-best-dirt-bike-tires-for-mud-and-rocks","15":"product_tag-dirt-bike-tires","16":"product_tag-durable-knobby-tires-for-motorcycles","17":"product_tag-kingtyre-enduro-and-motocross-off-road-tires","18":"product_tag-kingtyre-x85","19":"product_tag-kingtyre-x85-off-road-motorcycle-tires","20":"product_tag-kingtyre-x86","21":"product_tag-kingtyre-x86-dirt-bike-tires","22":"product_tag-motocross-and-enduro-motorcycle-tires","23":"product_tag-motocross-bikes-tires","24":"product_tag-motorcycle-tires-for-extreme-terrain","25":"product_tag-off-road-motorcycle-tires-for-enduro-racing","26":"product_tag-off-road-tires","27":"product_tag-premium-rubber-compound-off-road-tires","29":"first","30":"instock","31":"shipping-taxable","32":"product-type-simple"},"yoast_head":"<!-- This site is optimized with the Yoast SEO Premium plugin v25.1 (Yoast SEO v25.1) - https:\/\/yoast.com\/wordpress\/plugins\/seo\/ -->\n<title>Kingtyre X85 &amp; X86 Dirt Bike Tires | Motocross Bikes Tires for Extreme Off-Road Performance<\/title>\n<meta name=\"description\" content=\"Discover Kingtyre X85 &amp; X86 motocross bikes tires, engineered with aggressive tread for mud, rocks, and woods riding. Sizes 80\/100-21, 110\/90-18, 110\/90-19. Premium off-road motorcycle tires for enduro and motocross racing.\" \/>\n<meta name=\"robots\" content=\"index, follow, max-snippet:-1, max-image-preview:large, max-video-preview:-1\" \/>\n<link rel=\"canonical\" href=\"https:\/\/www.chinakingtyre.com\/tr\/product\/kingtyre-motokros-bi\u0307si\u0307klet-lasti\u0307kleri\u0307-x85-x86\/\" \/>\n<meta property=\"og:locale\" content=\"tr_TR\" \/>\n<meta property=\"og:type\" content=\"article\" \/>\n<meta property=\"og:title\" content=\"Kingtyre X85 and X86 Motocross Bikes Tires \u2013 Advanced Dirt Bike Tires for Extreme Off-Road Riding\" \/>\n<meta property=\"og:description\" content=\"Discover Kingtyre X85 &amp; X86 motocross bikes tires, engineered with aggressive tread for mud, rocks, and woods riding. Sizes 80\/100-21, 110\/90-18, 110\/90-19. Premium off-road motorcycle tires for enduro and motocross racing.\" \/>\n<meta property=\"og:url\" content=\"https:\/\/www.chinakingtyre.com\/tr\/product\/kingtyre-motokros-bi\u0307si\u0307klet-lasti\u0307kleri\u0307-x85-x86\/\" \/>\n<meta property=\"og:site_name\" content=\"KingTyre Professional motorcycle tire manufacturer\" \/>\n<meta property=\"article:publisher\" content=\"https:\/\/www.facebook.com\/ChinaKingTyre\" \/>\n<meta property=\"article:modified_time\" content=\"2025-08-22T02:27:31+00:00\" \/>\n<meta property=\"og:image\" content=\"https:\/\/www.chinakingtyre.com\/wp-content\/uploads\/2025\/08\/Kingtyre-X85-X86-off-road-tires.jpg\" \/>\n\t<meta property=\"og:image:width\" content=\"800\" \/>\n\t<meta property=\"og:image:height\" content=\"800\" \/>\n\t<meta property=\"og:image:type\" content=\"image\/jpeg\" \/>\n<meta name=\"twitter:card\" content=\"summary_large_image\" \/>\n<meta name=\"twitter:label1\" content=\"Tahmini okuma s\u00fcresi\" \/>\n\t<meta name=\"twitter:data1\" content=\"4 dakika\" \/>\n<script type=\"application\/ld+json\" class=\"yoast-schema-graph\">{\"@context\":\"https:\/\/schema.org\",\"@graph\":[{\"@type\":\"WebPage\",\"@id\":\"https:\/\/www.chinakingtyre.com\/product\/kingtyre-motocross-bikes-tires-x85-x86\/\",\"url\":\"https:\/\/www.chinakingtyre.com\/product\/kingtyre-motocross-bikes-tires-x85-x86\/\",\"name\":\"Kingtyre X85 & X86 Dirt Bike Tires | Motocross Bikes Tires for Extreme Off-Road Performance\",\"isPartOf\":{\"@id\":\"https:\/\/www.chinakingtyre.com\/#website\"},\"primaryImageOfPage\":{\"@id\":\"https:\/\/www.chinakingtyre.com\/product\/kingtyre-motocross-bikes-tires-x85-x86\/#primaryimage\"},\"image\":{\"@id\":\"https:\/\/www.chinakingtyre.com\/product\/kingtyre-motocross-bikes-tires-x85-x86\/#primaryimage\"},\"thumbnailUrl\":\"https:\/\/www.chinakingtyre.com\/wp-content\/uploads\/2025\/08\/Kingtyre-X85-X86-off-road-tires.jpg\",\"datePublished\":\"2025-08-22T02:27:29+00:00\",\"dateModified\":\"2025-08-22T02:27:31+00:00\",\"description\":\"Discover Kingtyre X85 & X86 motocross bikes tires, engineered with aggressive tread for mud, rocks, and woods riding. Sizes 80\/100-21, 110\/90-18, 110\/90-19. Premium off-road motorcycle tires for enduro and motocross racing.\",\"breadcrumb\":{\"@id\":\"https:\/\/www.chinakingtyre.com\/product\/kingtyre-motocross-bikes-tires-x85-x86\/#breadcrumb\"},\"inLanguage\":\"tr\",\"potentialAction\":[{\"@type\":\"ReadAction\",\"target\":[\"https:\/\/www.chinakingtyre.com\/product\/kingtyre-motocross-bikes-tires-x85-x86\/\"]}]},{\"@type\":\"ImageObject\",\"inLanguage\":\"tr\",\"@id\":\"https:\/\/www.chinakingtyre.com\/product\/kingtyre-motocross-bikes-tires-x85-x86\/#primaryimage\",\"url\":\"https:\/\/www.chinakingtyre.com\/wp-content\/uploads\/2025\/08\/Kingtyre-X85-X86-off-road-tires.jpg\",\"contentUrl\":\"https:\/\/www.chinakingtyre.com\/wp-content\/uploads\/2025\/08\/Kingtyre-X85-X86-off-road-tires.jpg\",\"width\":800,\"height\":800,\"caption\":\"Kingtyre-X85-X86-off-road-tires\"},{\"@type\":\"BreadcrumbList\",\"@id\":\"https:\/\/www.chinakingtyre.com\/product\/kingtyre-motocross-bikes-tires-x85-x86\/#breadcrumb\",\"itemListElement\":[{\"@type\":\"ListItem\",\"position\":1,\"name\":\"Home\",\"item\":\"https:\/\/www.chinakingtyre.com\/\"},{\"@type\":\"ListItem\",\"position\":2,\"name\":\"Kingtyre Product List\",\"item\":\"https:\/\/www.chinakingtyre.com\/kingtyre-product-list\/\"},{\"@type\":\"ListItem\",\"position\":3,\"name\":\"Kingtyre X85 and X86 Motocross Bikes Tires \u2013 Advanced Dirt Bike Tires for Extreme Off-Road Riding\"}]},{\"@type\":\"WebSite\",\"@id\":\"https:\/\/www.chinakingtyre.com\/#website\",\"url\":\"https:\/\/www.chinakingtyre.com\/\",\"name\":\"KingTyre Professional motorcycle tire manufacturer\",\"description\":\"\",\"publisher\":{\"@id\":\"https:\/\/www.chinakingtyre.com\/#organization\"},\"potentialAction\":[{\"@type\":\"SearchAction\",\"target\":{\"@type\":\"EntryPoint\",\"urlTemplate\":\"https:\/\/www.chinakingtyre.com\/?s={search_term_string}\"},\"query-input\":{\"@type\":\"PropertyValueSpecification\",\"valueRequired\":true,\"valueName\":\"search_term_string\"}}],\"inLanguage\":\"tr\"},{\"@type\":\"Organization\",\"@id\":\"https:\/\/www.chinakingtyre.com\/#organization\",\"name\":\"TIANJIN KINGTYRE GROUP CO.,LTD\",\"url\":\"https:\/\/www.chinakingtyre.com\/\",\"logo\":{\"@type\":\"ImageObject\",\"inLanguage\":\"tr\",\"@id\":\"https:\/\/www.chinakingtyre.com\/#\/schema\/logo\/image\/\",\"url\":\"https:\/\/www.chinakingtyre.com\/wp-content\/uploads\/2025\/07\/LOGO.png\",\"contentUrl\":\"https:\/\/www.chinakingtyre.com\/wp-content\/uploads\/2025\/07\/LOGO.png\",\"width\":870,\"height\":212,\"caption\":\"TIANJIN KINGTYRE GROUP CO.,LTD\"},\"image\":{\"@id\":\"https:\/\/www.chinakingtyre.com\/#\/schema\/logo\/image\/\"},\"sameAs\":[\"https:\/\/www.facebook.com\/ChinaKingTyre\"]}]}<\/script>\n<!-- \/ Yoast SEO Premium plugin. -->","yoast_head_json":{"title":"Kingtyre X85 &amp; X86 Dirt Bike Lastikleri | Ekstrem Off-Road Performans\u0131 i\u00e7in Motokros Bisiklet Lastikleri","description":"\u00c7amur, kaya ve orman s\u00fcr\u00fc\u015f\u00fc i\u00e7in agresif s\u0131rt ile tasarlanm\u0131\u015f Kingtyre X85 &amp; X86 motokros bisiklet lastiklerini ke\u015ffedin. Boyutlar 80\/100-21, 110\/90-18, 110\/90-19. Enduro ve motokros yar\u0131\u015flar\u0131 i\u00e7in birinci s\u0131n\u0131f off-road motosiklet lastikleri.","robots":{"index":"index","follow":"follow","max-snippet":"max-snippet:-1","max-image-preview":"max-image-preview:large","max-video-preview":"max-video-preview:-1"},"canonical":"https:\/\/www.chinakingtyre.com\/tr\/product\/kingtyre-motokros-bi\u0307si\u0307klet-lasti\u0307kleri\u0307-x85-x86\/","og_locale":"tr_TR","og_type":"article","og_title":"Kingtyre X85 and X86 Motocross Bikes Tires \u2013 Advanced Dirt Bike Tires for Extreme Off-Road Riding","og_description":"Discover Kingtyre X85 & X86 motocross bikes tires, engineered with aggressive tread for mud, rocks, and woods riding. Sizes 80\/100-21, 110\/90-18, 110\/90-19. Premium off-road motorcycle tires for enduro and motocross racing.","og_url":"https:\/\/www.chinakingtyre.com\/tr\/product\/kingtyre-motokros-bi\u0307si\u0307klet-lasti\u0307kleri\u0307-x85-x86\/","og_site_name":"KingTyre Professional motorcycle tire manufacturer","article_publisher":"https:\/\/www.facebook.com\/ChinaKingTyre","article_modified_time":"2025-08-22T02:27:31+00:00","og_image":[{"width":800,"height":800,"url":"https:\/\/www.chinakingtyre.com\/wp-content\/uploads\/2025\/08\/Kingtyre-X85-X86-off-road-tires.jpg","type":"image\/jpeg"}],"twitter_card":"summary_large_image","twitter_misc":{"Tahmini okuma s\u00fcresi":"4 dakika"},"schema":{"@context":"https:\/\/schema.org","@graph":[{"@type":"WebPage","@id":"https:\/\/www.chinakingtyre.com\/product\/kingtyre-motocross-bikes-tires-x85-x86\/","url":"https:\/\/www.chinakingtyre.com\/product\/kingtyre-motocross-bikes-tires-x85-x86\/","name":"Kingtyre X85 &amp; X86 Dirt Bike Lastikleri | Ekstrem Off-Road Performans\u0131 i\u00e7in Motokros Bisiklet Lastikleri","isPartOf":{"@id":"https:\/\/www.chinakingtyre.com\/#website"},"primaryImageOfPage":{"@id":"https:\/\/www.chinakingtyre.com\/product\/kingtyre-motocross-bikes-tires-x85-x86\/#primaryimage"},"image":{"@id":"https:\/\/www.chinakingtyre.com\/product\/kingtyre-motocross-bikes-tires-x85-x86\/#primaryimage"},"thumbnailUrl":"https:\/\/www.chinakingtyre.com\/wp-content\/uploads\/2025\/08\/Kingtyre-X85-X86-off-road-tires.jpg","datePublished":"2025-08-22T02:27:29+00:00","dateModified":"2025-08-22T02:27:31+00:00","description":"\u00c7amur, kaya ve orman s\u00fcr\u00fc\u015f\u00fc i\u00e7in agresif s\u0131rt ile tasarlanm\u0131\u015f Kingtyre X85 &amp; X86 motokros bisiklet lastiklerini ke\u015ffedin. Boyutlar 80\/100-21, 110\/90-18, 110\/90-19. Enduro ve motokros yar\u0131\u015flar\u0131 i\u00e7in birinci s\u0131n\u0131f off-road motosiklet lastikleri.","breadcrumb":{"@id":"https:\/\/www.chinakingtyre.com\/product\/kingtyre-motocross-bikes-tires-x85-x86\/#breadcrumb"},"inLanguage":"tr","potentialAction":[{"@type":"ReadAction","target":["https:\/\/www.chinakingtyre.com\/product\/kingtyre-motocross-bikes-tires-x85-x86\/"]}]},{"@type":"ImageObject","inLanguage":"tr","@id":"https:\/\/www.chinakingtyre.com\/product\/kingtyre-motocross-bikes-tires-x85-x86\/#primaryimage","url":"https:\/\/www.chinakingtyre.com\/wp-content\/uploads\/2025\/08\/Kingtyre-X85-X86-off-road-tires.jpg","contentUrl":"https:\/\/www.chinakingtyre.com\/wp-content\/uploads\/2025\/08\/Kingtyre-X85-X86-off-road-tires.jpg","width":800,"height":800,"caption":"Kingtyre-X85-X86-off-road-tires"},{"@type":"BreadcrumbList","@id":"https:\/\/www.chinakingtyre.com\/product\/kingtyre-motocross-bikes-tires-x85-x86\/#breadcrumb","itemListElement":[{"@type":"ListItem","position":1,"name":"Home","item":"https:\/\/www.chinakingtyre.com\/"},{"@type":"ListItem","position":2,"name":"Kingtyre Product List","item":"https:\/\/www.chinakingtyre.com\/kingtyre-product-list\/"},{"@type":"ListItem","position":3,"name":"Kingtyre X85 and X86 Motocross Bikes Tires \u2013 Advanced Dirt Bike Tires for Extreme Off-Road Riding"}]},{"@type":"WebSite","@id":"https:\/\/www.chinakingtyre.com\/#website","url":"https:\/\/www.chinakingtyre.com\/","name":"KingTyre Profesyonel motosiklet lasti\u011fi \u00fcreticisi","description":"","publisher":{"@id":"https:\/\/www.chinakingtyre.com\/#organization"},"potentialAction":[{"@type":"SearchAction","target":{"@type":"EntryPoint","urlTemplate":"https:\/\/www.chinakingtyre.com\/?s={search_term_string}"},"query-input":{"@type":"PropertyValueSpecification","valueRequired":true,"valueName":"search_term_string"}}],"inLanguage":"tr"},{"@type":"Organization","@id":"https:\/\/www.chinakingtyre.com\/#organization","name":"TIANJIN KINGTYRE GROUP CO, LTD","url":"https:\/\/www.chinakingtyre.com\/","logo":{"@type":"ImageObject","inLanguage":"tr","@id":"https:\/\/www.chinakingtyre.com\/#\/schema\/logo\/image\/","url":"https:\/\/www.chinakingtyre.com\/wp-content\/uploads\/2025\/07\/LOGO.png","contentUrl":"https:\/\/www.chinakingtyre.com\/wp-content\/uploads\/2025\/07\/LOGO.png","width":870,"height":212,"caption":"TIANJIN KINGTYRE GROUP CO.,LTD"},"image":{"@id":"https:\/\/www.chinakingtyre.com\/#\/schema\/logo\/image\/"},"sameAs":["https:\/\/www.facebook.com\/ChinaKingTyre"]}]}},"_links":{"self":[{"href":"https:\/\/www.chinakingtyre.com\/tr\/wp-json\/wp\/v2\/product\/498","targetHints":{"allow":["GET"]}}],"collection":[{"href":"https:\/\/www.chinakingtyre.com\/tr\/wp-json\/wp\/v2\/product"}],"about":[{"href":"https:\/\/www.chinakingtyre.com\/tr\/wp-json\/wp\/v2\/types\/product"}],"replies":[{"embeddable":true,"href":"https:\/\/www.chinakingtyre.com\/tr\/wp-json\/wp\/v2\/comments?post=498"}],"wp:featuredmedia":[{"embeddable":true,"href":"https:\/\/www.chinakingtyre.com\/tr\/wp-json\/wp\/v2\/media\/501"}],"wp:attachment":[{"href":"https:\/\/www.chinakingtyre.com\/tr\/wp-json\/wp\/v2\/media?parent=498"}],"curies":[{"name":"wp","href":"https:\/\/api.w.org\/{rel}","templated":true}]}}